{"id":10552,"date":"2024-05-04T18:21:27","date_gmt":"2024-05-04T18:21:27","guid":{"rendered":"https:\/\/skaitytaknyga.lt\/?post_type=product&#038;p=10552"},"modified":"2025-05-02T19:17:00","modified_gmt":"2025-05-02T16:17:00","slug":"john-irving-vidutinio-svorio-santuoka","status":"publish","type":"product","link":"https:\/\/skaitytaknyga.lt\/en\/produktas\/john-irving-vidutinio-svorio-santuoka\/","title":{"rendered":"Vidutinio svorio santuoka"},"content":{"rendered":"<p>Tre\u010diojo Johno Irvingo romano pasakotojas ir pagrindinis persona\u017eas &#8211; universiteto d\u0117stytojas, nuobod\u017ei\u0173 istorini\u0173 roman\u0173 ra\u0161ytojas. Rinkdamas med\u017eiag\u0105 naujai knygai, Vienoje jis sutinka na\u0161lait\u0119 U\u010d\u0119, i\u0161gyvenusi\u0105 vokie\u010di\u0173 ir rus\u0173 okupacijas. Juodu susituokia ir gyvena ram\u0173 \u0161eimin\u012f gyvenim\u0105, kol susipa\u017e\u012fsta su Severinu Vinteriu, i\u0161 Vienos kilusiu vokie\u010di\u0173 kalbos d\u0117stytoju, universiteto imtyni\u0173 komandos treneriu, ir jo \u017emona Edita, nepriklausoma moterimi i\u0161 turtingos \u0161eimos, kuri, beje, yra aistringa pradedan\u010dioji ra\u0161ytoja. Pasakotojas u\u017emezga su Edita mokytojo-glob\u0117jo santykius ir netrukus abi \u0161eimos ima viena pas kit\u0105 vakarieniauti bei pramogauti su vaikais. Pagrindin\u012f romano persona\u017e\u0105 vis labiau traukia Edita, o U\u010d\u0117 \u012fsimyli Severin\u0105. Netrukus po bendr\u0173 vakarieni\u0173 poros ima keistis partneriais nak\u010diai. I\u0161 prad\u017ei\u0173 viskas vyksta skland\u017eiai, ta\u010diau gana greitai pradeda ai\u0161k\u0117ti, kad Vinteriai, pasinerdami \u012f \u0161\u012f nuotyk\u012f, turi ir slapt\u0173 ketinim\u0173&#8230;<\/p>\n","protected":false},"excerpt":{"rendered":"<p>Tre\u010diojo Johno Irvingo romano pasakotojas ir pagrindinis persona\u017eas &#8211; universiteto d\u0117stytojas, nuobod\u017ei\u0173 istorini\u0173 roman\u0173 ra\u0161ytojas. Rinkdamas med\u017eiag\u0105 naujai knygai, Vienoje jis sutinka na\u0161lait\u0119 U\u010d\u0119, i\u0161gyvenusi\u0105 vokie\u010di\u0173 ir rus\u0173 okupacijas. Juodu susituokia ir gyvena ram\u0173 \u0161eimin\u012f gyvenim\u0105, kol susipa\u017e\u012fsta su Severinu Vinteriu, i\u0161 Vienos kilusiu vokie\u010di\u0173 kalbos d\u0117stytoju, universiteto imtyni\u0173 komandos treneriu, ir jo \u017emona Edita, nepriklausoma moterimi i\u0161 turtingos \u0161eimos, kuri, beje, yra aistringa pradedan\u010dioji ra\u0161ytoja. Pasakotojas u\u017emezga su Edita mokytojo-glob\u0117jo santykius ir netrukus abi \u0161eimos ima viena pas kit\u0105 vakarieniauti bei pramogauti su vaikais. Pagrindin\u012f romano persona\u017e\u0105 vis labiau traukia Edita, o U\u010d\u0117 \u012fsimyli Severin\u0105. Netrukus po bendr\u0173 vakarieni\u0173 poros ima keistis partneriais nak\u010diai. I\u0161 prad\u017ei\u0173 viskas vyksta skland\u017eiai, ta\u010diau gana greitai pradeda ai\u0161k\u0117ti, kad Vinteriai, pasinerdami \u012f \u0161\u012f nuotyk\u012f, turi ir slapt\u0173 ketinim\u0173&#8230;<\/p>\n","protected":false},"featured_media":10600,"comment_status":"closed","ping_status":"closed","template":"","meta":{"_acf_changed":false,"site-sidebar-layout":"default","site-content-layout":"","ast-site-content-layout":"default","site-content-style":"default","site-sidebar-style":"default","ast-global-header-display":"","ast-banner-title-visibility":"","ast-main-header-display":"","ast-hfb-above-header-display":"","ast-hfb-below-header-display":"","ast-hfb-mobile-header-display":"","site-post-title":"","ast-breadcrumbs-content":"","ast-featured-img":"","footer-sml-layout":"","ast-disable-related-posts":"","theme-transparent-header-meta":"","adv-header-id-meta":"","stick-header-meta":"","header-above-stick-meta":"","header-main-stick-meta":"","header-below-stick-meta":"","astra-migrate-meta-layouts":"default","ast-page-background-enabled":"default","ast-page-background-meta":{"desktop":{"background-color":"","background-image":"","background-repeat":"repeat","background-position":"center center","background-size":"auto","background-attachment":"scroll","background-type":"","background-media":"","overlay-type":"","overlay-color":"","overlay-opacity":"","overlay-gradient":""},"tablet":{"background-color":"","background-image":"","background-repeat":"repeat","background-position":"center center","background-size":"auto","background-attachment":"scroll","background-type":"","background-media":"","overlay-type":"","overlay-color":"","overlay-opacity":"","overlay-gradient":""},"mobile":{"background-color":"","background-image":"","background-repeat":"repeat","background-position":"center center","background-size":"auto","background-attachment":"scroll","background-type":"","background-media":"","overlay-type":"","overlay-color":"","overlay-opacity":"","overlay-gradient":""}},"ast-content-background-meta":{"desktop":{"background-color":"var(--ast-global-color-4)","background-image":"","background-repeat":"repeat","background-position":"center center","background-size":"auto","background-attachment":"scroll","background-type":"","background-media":"","overlay-type":"","overlay-color":"","overlay-opacity":"","overlay-gradient":""},"tablet":{"background-color":"var(--ast-global-color-4)","background-image":"","background-repeat":"repeat","background-position":"center center","background-size":"auto","background-attachment":"scroll","background-type":"","background-media":"","overlay-type":"","overlay-color":"","overlay-opacity":"","overlay-gradient":""},"mobile":{"background-color":"var(--ast-global-color-4)","background-image":"","background-repeat":"repeat","background-position":"center center","background-size":"auto","background-attachment":"scroll","background-type":"","background-media":"","overlay-type":"","overlay-color":"","overlay-opacity":"","overlay-gradient":""}}},"product_brand":[],"product_cat":[31],"product_tag":[1363],"class_list":{"0":"post-10552","1":"product","2":"type-product","3":"status-publish","4":"has-post-thumbnail","6":"product_cat-grozine-literatura","7":"product_tag-john-irving","8":"desktop-align-left","9":"tablet-align-left","10":"mobile-align-left","12":"first","13":"outofstock","14":"shipping-taxable","15":"purchasable","16":"product-type-simple"},"acf":[],"yoast_head":"<!-- This site is optimized with the Yoast SEO plugin v27.0 - https:\/\/yoast.com\/product\/yoast-seo-wordpress\/ -->\n<title>Vidutinio svorio santuoka<\/title>\n<meta name=\"description\" content=\"Tre\u010diojo Johno Irvingo romano pasakotojas ir pagrindinis persona\u017eas - universiteto d\u0117stytojas, nuobod\u017ei\u0173 istorini\u0173 roman\u0173 ra\u0161ytojas. Rinkdamas med\u017eiag\u0105 naujai knygai, Vienoje jis sutinka na\u0161lait\u0119 U\u010d\u0119, i\u0161gyvenusi\u0105 vokie\u010di\u0173 ir rus\u0173 okupacijas. Juodu susituokia ir gyvena ram\u0173 \u0161eimin\u012f gyvenim\u0105, kol susipa\u017e\u012fsta su Severinu Vinteriu, i\u0161 Vienos kilusiu vokie\u010di\u0173 kalbos d\u0117stytoju, universiteto imtyni\u0173 komandos treneriu, ir jo \u017emona Edita, nepriklausoma moterimi i\u0161 turtingos \u0161eimos, kuri, beje, yra aistringa pradedan\u010dioji ra\u0161ytoja. Pasakotojas u\u017emezga su Edita mokytojo-glob\u0117jo santykius ir netrukus abi \u0161eimos ima viena pas kit\u0105 vakarieniauti bei pramogauti su vaikais. Pagrindin\u012f romano persona\u017e\u0105 vis labiau traukia Edita, o U\u010d\u0117 \u012fsimyli Severin\u0105. Netrukus po bendr\u0173 vakarieni\u0173 poros ima keistis partneriais nak\u010diai. I\u0161 prad\u017ei\u0173 viskas vyksta skland\u017eiai, ta\u010diau gana greitai pradeda ai\u0161k\u0117ti, kad Vinteriai, pasinerdami \u012f \u0161\u012f nuotyk\u012f, turi ir slapt\u0173 ketinim\u0173...\" \/>\n<meta name=\"robots\" content=\"index, follow, max-snippet:-1, max-image-preview:large, max-video-preview:-1\" \/>\n<link rel=\"canonical\" href=\"https:\/\/skaitytaknyga.lt\/en\/produktas\/john-irving-vidutinio-svorio-santuoka\/\" \/>\n<meta property=\"og:locale\" content=\"en_GB\" \/>\n<meta property=\"og:locale:alternate\" content=\"lt_LT\" \/>\n<meta property=\"og:type\" content=\"article\" \/>\n<meta property=\"og:title\" content=\"Vidutinio svorio santuoka\" \/>\n<meta property=\"og:description\" content=\"Tre\u010diojo Johno Irvingo romano pasakotojas ir pagrindinis persona\u017eas - universiteto d\u0117stytojas, nuobod\u017ei\u0173 istorini\u0173 roman\u0173 ra\u0161ytojas. Rinkdamas med\u017eiag\u0105 naujai knygai, Vienoje jis sutinka na\u0161lait\u0119 U\u010d\u0119, i\u0161gyvenusi\u0105 vokie\u010di\u0173 ir rus\u0173 okupacijas. Juodu susituokia ir gyvena ram\u0173 \u0161eimin\u012f gyvenim\u0105, kol susipa\u017e\u012fsta su Severinu Vinteriu, i\u0161 Vienos kilusiu vokie\u010di\u0173 kalbos d\u0117stytoju, universiteto imtyni\u0173 komandos treneriu, ir jo \u017emona Edita, nepriklausoma moterimi i\u0161 turtingos \u0161eimos, kuri, beje, yra aistringa pradedan\u010dioji ra\u0161ytoja. Pasakotojas u\u017emezga su Edita mokytojo-glob\u0117jo santykius ir netrukus abi \u0161eimos ima viena pas kit\u0105 vakarieniauti bei pramogauti su vaikais. Pagrindin\u012f romano persona\u017e\u0105 vis labiau traukia Edita, o U\u010d\u0117 \u012fsimyli Severin\u0105. Netrukus po bendr\u0173 vakarieni\u0173 poros ima keistis partneriais nak\u010diai. I\u0161 prad\u017ei\u0173 viskas vyksta skland\u017eiai, ta\u010diau gana greitai pradeda ai\u0161k\u0117ti, kad Vinteriai, pasinerdami \u012f \u0161\u012f nuotyk\u012f, turi ir slapt\u0173 ketinim\u0173...\" \/>\n<meta property=\"og:url\" content=\"https:\/\/skaitytaknyga.lt\/en\/produktas\/john-irving-vidutinio-svorio-santuoka\/\" \/>\n<meta property=\"og:site_name\" content=\"Skaitytaknyga\" \/>\n<meta property=\"article:publisher\" content=\"https:\/\/www.facebook.com\/skaitytaknyga\/\" \/>\n<meta property=\"article:modified_time\" content=\"2025-05-02T16:17:00+00:00\" \/>\n<meta property=\"og:image\" content=\"https:\/\/skaitytaknyga.lt\/wp-content\/uploads\/2024\/05\/448d9d02792a4a075bfc293c663b2061e7034433_cdb_Vidutinio_svorio_santuoka_p1.jpg\" \/>\n\t<meta property=\"og:image:width\" content=\"213\" \/>\n\t<meta property=\"og:image:height\" content=\"345\" \/>\n\t<meta property=\"og:image:type\" content=\"image\/jpeg\" \/>\n<meta name=\"twitter:card\" content=\"summary_large_image\" \/>\n<meta name=\"twitter:label1\" content=\"Estimated reading time\" \/>\n\t<meta name=\"twitter:data1\" content=\"1 minute\" \/>\n<script type=\"application\/ld+json\" class=\"yoast-schema-graph\">{\"@context\":\"https:\/\/schema.org\",\"@graph\":[{\"@type\":\"WebPage\",\"@id\":\"https:\/\/skaitytaknyga.lt\/produktas\/john-irving-vidutinio-svorio-santuoka\/\",\"url\":\"https:\/\/skaitytaknyga.lt\/produktas\/john-irving-vidutinio-svorio-santuoka\/\",\"name\":\"Vidutinio svorio santuoka\",\"isPartOf\":{\"@id\":\"https:\/\/skaitytaknyga.lt\/#website\"},\"primaryImageOfPage\":{\"@id\":\"https:\/\/skaitytaknyga.lt\/produktas\/john-irving-vidutinio-svorio-santuoka\/#primaryimage\"},\"image\":{\"@id\":\"https:\/\/skaitytaknyga.lt\/produktas\/john-irving-vidutinio-svorio-santuoka\/#primaryimage\"},\"thumbnailUrl\":\"https:\/\/skaitytaknyga.lt\/wp-content\/uploads\/2024\/05\/448d9d02792a4a075bfc293c663b2061e7034433_cdb_Vidutinio_svorio_santuoka_p1.jpg\",\"datePublished\":\"2024-05-04T18:21:27+00:00\",\"dateModified\":\"2025-05-02T16:17:00+00:00\",\"description\":\"Tre\u010diojo Johno Irvingo romano pasakotojas ir pagrindinis persona\u017eas - universiteto d\u0117stytojas, nuobod\u017ei\u0173 istorini\u0173 roman\u0173 ra\u0161ytojas. Rinkdamas med\u017eiag\u0105 naujai knygai, Vienoje jis sutinka na\u0161lait\u0119 U\u010d\u0119, i\u0161gyvenusi\u0105 vokie\u010di\u0173 ir rus\u0173 okupacijas. Juodu susituokia ir gyvena ram\u0173 \u0161eimin\u012f gyvenim\u0105, kol susipa\u017e\u012fsta su Severinu Vinteriu, i\u0161 Vienos kilusiu vokie\u010di\u0173 kalbos d\u0117stytoju, universiteto imtyni\u0173 komandos treneriu, ir jo \u017emona Edita, nepriklausoma moterimi i\u0161 turtingos \u0161eimos, kuri, beje, yra aistringa pradedan\u010dioji ra\u0161ytoja. Pasakotojas u\u017emezga su Edita mokytojo-glob\u0117jo santykius ir netrukus abi \u0161eimos ima viena pas kit\u0105 vakarieniauti bei pramogauti su vaikais. Pagrindin\u012f romano persona\u017e\u0105 vis labiau traukia Edita, o U\u010d\u0117 \u012fsimyli Severin\u0105. Netrukus po bendr\u0173 vakarieni\u0173 poros ima keistis partneriais nak\u010diai. I\u0161 prad\u017ei\u0173 viskas vyksta skland\u017eiai, ta\u010diau gana greitai pradeda ai\u0161k\u0117ti, kad Vinteriai, pasinerdami \u012f \u0161\u012f nuotyk\u012f, turi ir slapt\u0173 ketinim\u0173...\",\"breadcrumb\":{\"@id\":\"https:\/\/skaitytaknyga.lt\/produktas\/john-irving-vidutinio-svorio-santuoka\/#breadcrumb\"},\"inLanguage\":\"en-GB\",\"potentialAction\":[{\"@type\":\"ReadAction\",\"target\":[\"https:\/\/skaitytaknyga.lt\/produktas\/john-irving-vidutinio-svorio-santuoka\/\"]}]},{\"@type\":\"ImageObject\",\"inLanguage\":\"en-GB\",\"@id\":\"https:\/\/skaitytaknyga.lt\/produktas\/john-irving-vidutinio-svorio-santuoka\/#primaryimage\",\"url\":\"https:\/\/skaitytaknyga.lt\/wp-content\/uploads\/2024\/05\/448d9d02792a4a075bfc293c663b2061e7034433_cdb_Vidutinio_svorio_santuoka_p1.jpg\",\"contentUrl\":\"https:\/\/skaitytaknyga.lt\/wp-content\/uploads\/2024\/05\/448d9d02792a4a075bfc293c663b2061e7034433_cdb_Vidutinio_svorio_santuoka_p1.jpg\",\"width\":213,\"height\":345},{\"@type\":\"BreadcrumbList\",\"@id\":\"https:\/\/skaitytaknyga.lt\/produktas\/john-irving-vidutinio-svorio-santuoka\/#breadcrumb\",\"itemListElement\":[{\"@type\":\"ListItem\",\"position\":1,\"name\":\"Home\",\"item\":\"https:\/\/skaitytaknyga.lt\/\"},{\"@type\":\"ListItem\",\"position\":2,\"name\":\"Parduotuv\u0117\",\"item\":\"https:\/\/skaitytaknyga.lt\/knygu-parduotuve\/\"},{\"@type\":\"ListItem\",\"position\":3,\"name\":\"Vidutinio svorio santuoka\"}]},{\"@type\":\"WebSite\",\"@id\":\"https:\/\/skaitytaknyga.lt\/#website\",\"url\":\"https:\/\/skaitytaknyga.lt\/\",\"name\":\"skaitytaknyga.lt\",\"description\":\"Skaitytaknyga.lt \u2013 tai ma\u017eas \u0161eimos verslas, kuris prasid\u0117jo nuo meil\u0117s knygoms ir siekio i\u0161gelb\u0117ti knygas nuo likimo prie konteinerio. Kas vienam nereikalingas daiktas \u2013 kitam lobis, o mes esame tarpininkai, kurie padeda abiems tapti laimingesniems ???? \u017dinome kaip nelengva i\u0161gyventi ma\u017eiems verslams, tad nuo \u0161iol, \u010dia rasite ir kit\u0173, ma\u017e\u0173 \u0161eim\u0173 versl\u0173, rank\u0173 darbo, dovan\u0173 sau ir artimiesiems.\",\"publisher\":{\"@id\":\"https:\/\/skaitytaknyga.lt\/#organization\"},\"potentialAction\":[{\"@type\":\"SearchAction\",\"target\":{\"@type\":\"EntryPoint\",\"urlTemplate\":\"https:\/\/skaitytaknyga.lt\/?s={search_term_string}\"},\"query-input\":{\"@type\":\"PropertyValueSpecification\",\"valueRequired\":true,\"valueName\":\"search_term_string\"}}],\"inLanguage\":\"en-GB\"},{\"@type\":\"Organization\",\"@id\":\"https:\/\/skaitytaknyga.lt\/#organization\",\"name\":\"skaitytaknyga.lt\",\"url\":\"https:\/\/skaitytaknyga.lt\/\",\"logo\":{\"@type\":\"ImageObject\",\"inLanguage\":\"en-GB\",\"@id\":\"https:\/\/skaitytaknyga.lt\/#\/schema\/logo\/image\/\",\"url\":\"https:\/\/skaitytaknyga.lt\/wp-content\/uploads\/2024\/05\/cropped-cropped-cropped-02_00843_jt3bggkj1j3HLc7SyY6rEUpg.jpeg\",\"contentUrl\":\"https:\/\/skaitytaknyga.lt\/wp-content\/uploads\/2024\/05\/cropped-cropped-cropped-02_00843_jt3bggkj1j3HLc7SyY6rEUpg.jpeg\",\"width\":1600,\"height\":1600,\"caption\":\"skaitytaknyga.lt\"},\"image\":{\"@id\":\"https:\/\/skaitytaknyga.lt\/#\/schema\/logo\/image\/\"},\"sameAs\":[\"https:\/\/www.facebook.com\/skaitytaknyga\/\"]}]}<\/script>\n<!-- \/ Yoast SEO plugin. -->","yoast_head_json":{"title":"Vidutinio svorio santuoka","description":"Tre\u010diojo Johno Irvingo romano pasakotojas ir pagrindinis persona\u017eas - universiteto d\u0117stytojas, nuobod\u017ei\u0173 istorini\u0173 roman\u0173 ra\u0161ytojas. Rinkdamas med\u017eiag\u0105 naujai knygai, Vienoje jis sutinka na\u0161lait\u0119 U\u010d\u0119, i\u0161gyvenusi\u0105 vokie\u010di\u0173 ir rus\u0173 okupacijas. Juodu susituokia ir gyvena ram\u0173 \u0161eimin\u012f gyvenim\u0105, kol susipa\u017e\u012fsta su Severinu Vinteriu, i\u0161 Vienos kilusiu vokie\u010di\u0173 kalbos d\u0117stytoju, universiteto imtyni\u0173 komandos treneriu, ir jo \u017emona Edita, nepriklausoma moterimi i\u0161 turtingos \u0161eimos, kuri, beje, yra aistringa pradedan\u010dioji ra\u0161ytoja. Pasakotojas u\u017emezga su Edita mokytojo-glob\u0117jo santykius ir netrukus abi \u0161eimos ima viena pas kit\u0105 vakarieniauti bei pramogauti su vaikais. Pagrindin\u012f romano persona\u017e\u0105 vis labiau traukia Edita, o U\u010d\u0117 \u012fsimyli Severin\u0105. Netrukus po bendr\u0173 vakarieni\u0173 poros ima keistis partneriais nak\u010diai. I\u0161 prad\u017ei\u0173 viskas vyksta skland\u017eiai, ta\u010diau gana greitai pradeda ai\u0161k\u0117ti, kad Vinteriai, pasinerdami \u012f \u0161\u012f nuotyk\u012f, turi ir slapt\u0173 ketinim\u0173...","robots":{"index":"index","follow":"follow","max-snippet":"max-snippet:-1","max-image-preview":"max-image-preview:large","max-video-preview":"max-video-preview:-1"},"canonical":"https:\/\/skaitytaknyga.lt\/en\/produktas\/john-irving-vidutinio-svorio-santuoka\/","og_locale":"en_GB","og_type":"article","og_title":"[:lt]Vidutinio svorio santuoka[:] - Skaitytaknyga","og_description":"Tre\u010diojo Johno Irvingo romano pasakotojas ir pagrindinis persona\u017eas - universiteto d\u0117stytojas, nuobod\u017ei\u0173 istorini\u0173 roman\u0173 ra\u0161ytojas. Rinkdamas med\u017eiag\u0105 naujai knygai, Vienoje jis sutinka na\u0161lait\u0119 U\u010d\u0119, i\u0161gyvenusi\u0105 vokie\u010di\u0173 ir rus\u0173 okupacijas. Juodu susituokia ir gyvena ram\u0173 \u0161eimin\u012f gyvenim\u0105, kol susipa\u017e\u012fsta su Severinu Vinteriu, i\u0161 Vienos kilusiu vokie\u010di\u0173 kalbos d\u0117stytoju, universiteto imtyni\u0173 komandos treneriu, ir jo \u017emona Edita, nepriklausoma moterimi i\u0161 turtingos \u0161eimos, kuri, beje, yra aistringa pradedan\u010dioji ra\u0161ytoja. Pasakotojas u\u017emezga su Edita mokytojo-glob\u0117jo santykius ir netrukus abi \u0161eimos ima viena pas kit\u0105 vakarieniauti bei pramogauti su vaikais. Pagrindin\u012f romano persona\u017e\u0105 vis labiau traukia Edita, o U\u010d\u0117 \u012fsimyli Severin\u0105. Netrukus po bendr\u0173 vakarieni\u0173 poros ima keistis partneriais nak\u010diai. I\u0161 prad\u017ei\u0173 viskas vyksta skland\u017eiai, ta\u010diau gana greitai pradeda ai\u0161k\u0117ti, kad Vinteriai, pasinerdami \u012f \u0161\u012f nuotyk\u012f, turi ir slapt\u0173 ketinim\u0173...","og_url":"https:\/\/skaitytaknyga.lt\/en\/produktas\/john-irving-vidutinio-svorio-santuoka\/","og_site_name":"Skaitytaknyga","article_publisher":"https:\/\/www.facebook.com\/skaitytaknyga\/","article_modified_time":"2025-05-02T16:17:00+00:00","og_image":[{"width":213,"height":345,"url":"https:\/\/skaitytaknyga.lt\/wp-content\/uploads\/2024\/05\/448d9d02792a4a075bfc293c663b2061e7034433_cdb_Vidutinio_svorio_santuoka_p1.jpg","type":"image\/jpeg"}],"twitter_card":"summary_large_image","twitter_misc":{"Estimated reading time":"1 minute"},"schema":{"@context":"https:\/\/schema.org","@graph":[{"@type":"WebPage","@id":"https:\/\/skaitytaknyga.lt\/produktas\/john-irving-vidutinio-svorio-santuoka\/","url":"https:\/\/skaitytaknyga.lt\/produktas\/john-irving-vidutinio-svorio-santuoka\/","name":"Vidutinio svorio santuoka","isPartOf":{"@id":"https:\/\/skaitytaknyga.lt\/#website"},"primaryImageOfPage":{"@id":"https:\/\/skaitytaknyga.lt\/produktas\/john-irving-vidutinio-svorio-santuoka\/#primaryimage"},"image":{"@id":"https:\/\/skaitytaknyga.lt\/produktas\/john-irving-vidutinio-svorio-santuoka\/#primaryimage"},"thumbnailUrl":"https:\/\/skaitytaknyga.lt\/wp-content\/uploads\/2024\/05\/448d9d02792a4a075bfc293c663b2061e7034433_cdb_Vidutinio_svorio_santuoka_p1.jpg","datePublished":"2024-05-04T18:21:27+00:00","dateModified":"2025-05-02T16:17:00+00:00","description":"Tre\u010diojo Johno Irvingo romano pasakotojas ir pagrindinis persona\u017eas - universiteto d\u0117stytojas, nuobod\u017ei\u0173 istorini\u0173 roman\u0173 ra\u0161ytojas. Rinkdamas med\u017eiag\u0105 naujai knygai, Vienoje jis sutinka na\u0161lait\u0119 U\u010d\u0119, i\u0161gyvenusi\u0105 vokie\u010di\u0173 ir rus\u0173 okupacijas. Juodu susituokia ir gyvena ram\u0173 \u0161eimin\u012f gyvenim\u0105, kol susipa\u017e\u012fsta su Severinu Vinteriu, i\u0161 Vienos kilusiu vokie\u010di\u0173 kalbos d\u0117stytoju, universiteto imtyni\u0173 komandos treneriu, ir jo \u017emona Edita, nepriklausoma moterimi i\u0161 turtingos \u0161eimos, kuri, beje, yra aistringa pradedan\u010dioji ra\u0161ytoja. Pasakotojas u\u017emezga su Edita mokytojo-glob\u0117jo santykius ir netrukus abi \u0161eimos ima viena pas kit\u0105 vakarieniauti bei pramogauti su vaikais. Pagrindin\u012f romano persona\u017e\u0105 vis labiau traukia Edita, o U\u010d\u0117 \u012fsimyli Severin\u0105. Netrukus po bendr\u0173 vakarieni\u0173 poros ima keistis partneriais nak\u010diai. I\u0161 prad\u017ei\u0173 viskas vyksta skland\u017eiai, ta\u010diau gana greitai pradeda ai\u0161k\u0117ti, kad Vinteriai, pasinerdami \u012f \u0161\u012f nuotyk\u012f, turi ir slapt\u0173 ketinim\u0173...","breadcrumb":{"@id":"https:\/\/skaitytaknyga.lt\/produktas\/john-irving-vidutinio-svorio-santuoka\/#breadcrumb"},"inLanguage":"en-GB","potentialAction":[{"@type":"ReadAction","target":["https:\/\/skaitytaknyga.lt\/produktas\/john-irving-vidutinio-svorio-santuoka\/"]}]},{"@type":"ImageObject","inLanguage":"en-GB","@id":"https:\/\/skaitytaknyga.lt\/produktas\/john-irving-vidutinio-svorio-santuoka\/#primaryimage","url":"https:\/\/skaitytaknyga.lt\/wp-content\/uploads\/2024\/05\/448d9d02792a4a075bfc293c663b2061e7034433_cdb_Vidutinio_svorio_santuoka_p1.jpg","contentUrl":"https:\/\/skaitytaknyga.lt\/wp-content\/uploads\/2024\/05\/448d9d02792a4a075bfc293c663b2061e7034433_cdb_Vidutinio_svorio_santuoka_p1.jpg","width":213,"height":345},{"@type":"BreadcrumbList","@id":"https:\/\/skaitytaknyga.lt\/produktas\/john-irving-vidutinio-svorio-santuoka\/#breadcrumb","itemListElement":[{"@type":"ListItem","position":1,"name":"Home","item":"https:\/\/skaitytaknyga.lt\/"},{"@type":"ListItem","position":2,"name":"Parduotuv\u0117","item":"https:\/\/skaitytaknyga.lt\/knygu-parduotuve\/"},{"@type":"ListItem","position":3,"name":"Vidutinio svorio santuoka"}]},{"@type":"WebSite","@id":"https:\/\/skaitytaknyga.lt\/#website","url":"https:\/\/skaitytaknyga.lt\/","name":"skaitytaknyga.lt","description":"Skaitytaknyga.lt \u2013 tai ma\u017eas \u0161eimos verslas, kuris prasid\u0117jo nuo meil\u0117s knygoms ir siekio i\u0161gelb\u0117ti knygas nuo likimo prie konteinerio. Kas vienam nereikalingas daiktas \u2013 kitam lobis, o mes esame tarpininkai, kurie padeda abiems tapti laimingesniems ???? \u017dinome kaip nelengva i\u0161gyventi ma\u017eiems verslams, tad nuo \u0161iol, \u010dia rasite ir kit\u0173, ma\u017e\u0173 \u0161eim\u0173 versl\u0173, rank\u0173 darbo, dovan\u0173 sau ir artimiesiems.","publisher":{"@id":"https:\/\/skaitytaknyga.lt\/#organization"},"potentialAction":[{"@type":"SearchAction","target":{"@type":"EntryPoint","urlTemplate":"https:\/\/skaitytaknyga.lt\/?s={search_term_string}"},"query-input":{"@type":"PropertyValueSpecification","valueRequired":true,"valueName":"search_term_string"}}],"inLanguage":"en-GB"},{"@type":"Organization","@id":"https:\/\/skaitytaknyga.lt\/#organization","name":"skaitytaknyga.lt","url":"https:\/\/skaitytaknyga.lt\/","logo":{"@type":"ImageObject","inLanguage":"en-GB","@id":"https:\/\/skaitytaknyga.lt\/#\/schema\/logo\/image\/","url":"https:\/\/skaitytaknyga.lt\/wp-content\/uploads\/2024\/05\/cropped-cropped-cropped-02_00843_jt3bggkj1j3HLc7SyY6rEUpg.jpeg","contentUrl":"https:\/\/skaitytaknyga.lt\/wp-content\/uploads\/2024\/05\/cropped-cropped-cropped-02_00843_jt3bggkj1j3HLc7SyY6rEUpg.jpeg","width":1600,"height":1600,"caption":"skaitytaknyga.lt"},"image":{"@id":"https:\/\/skaitytaknyga.lt\/#\/schema\/logo\/image\/"},"sameAs":["https:\/\/www.facebook.com\/skaitytaknyga\/"]}]}},"_links":{"self":[{"href":"https:\/\/skaitytaknyga.lt\/en\/wp-json\/wp\/v2\/product\/10552","targetHints":{"allow":["GET"]}}],"collection":[{"href":"https:\/\/skaitytaknyga.lt\/en\/wp-json\/wp\/v2\/product"}],"about":[{"href":"https:\/\/skaitytaknyga.lt\/en\/wp-json\/wp\/v2\/types\/product"}],"replies":[{"embeddable":true,"href":"https:\/\/skaitytaknyga.lt\/en\/wp-json\/wp\/v2\/comments?post=10552"}],"wp:featuredmedia":[{"embeddable":true,"href":"https:\/\/skaitytaknyga.lt\/en\/wp-json\/wp\/v2\/media\/10600"}],"wp:attachment":[{"href":"https:\/\/skaitytaknyga.lt\/en\/wp-json\/wp\/v2\/media?parent=10552"}],"wp:term":[{"taxonomy":"product_brand","embeddable":true,"href":"https:\/\/skaitytaknyga.lt\/en\/wp-json\/wp\/v2\/product_brand?post=10552"},{"taxonomy":"product_cat","embeddable":true,"href":"https:\/\/skaitytaknyga.lt\/en\/wp-json\/wp\/v2\/product_cat?post=10552"},{"taxonomy":"product_tag","embeddable":true,"href":"https:\/\/skaitytaknyga.lt\/en\/wp-json\/wp\/v2\/product_tag?post=10552"}],"curies":[{"name":"wp","href":"https:\/\/api.w.org\/{rel}","templated":true}]}}