{"id":10546,"date":"2024-05-04T18:20:56","date_gmt":"2024-05-04T18:20:56","guid":{"rendered":"https:\/\/skaitytaknyga.lt\/?post_type=product&#038;p=10546"},"modified":"2026-04-28T10:43:19","modified_gmt":"2026-04-28T07:43:19","slug":"e-l-james-tamsesnis","status":"publish","type":"product","link":"https:\/\/skaitytaknyga.lt\/en\/produktas\/e-l-james-tamsesnis\/","title":{"rendered":"E.L.James \u201eTamsesnis\u201c"},"content":{"rendered":"<p>E L James gr\u012f\u017eta \u012f penkiasde\u0161imties atspalvi\u0173 pasaul\u012f ir atveria gilesnius ir ni\u016bresnius klodus meil\u0117s istorijos, su\u017eav\u0117jusios milijonus skaitytoj\u0173 visame pasaulyje.<br \/>\nKar\u0161tas ir geismingas j\u0173 meil\u0117s romanas baig\u0117si nuoskaudomis ir abipusiais kaltinimais, bet Kristianas Gr\u0117jus niekaip negali pamir\u0161ti Anastazijos Stil ir jos ilgisi. Pasiry\u017e\u0119s j\u0105 susigr\u0105\u017einti, jis m\u0117gina sutramdyti tamsiausius savo geidulius, numaldyti polink\u012f visi\u0161kai kontroliuoti visus ir visk\u0105. Tad nusprend\u017eia myl\u0117ti An\u0105 taip, kaip nori ji.<br \/>\nTa\u010diau j\u012f vis dar persekioja siaubingos praeities \u0161m\u0117klos, o intrigantas Anos vir\u0161ininkas D\u017eekas Haidas akivaizd\u017eiai nori j\u0105 pasisavinti. Ar Kristiano patik\u0117tinis ir gydytojas dr. Flinas gali pad\u0117ti jam \u012fveikti savo demonus? Ar vis d\u0117lto kadaise j\u012f suviliojusi ir nepaprastai savininki\u0161ka Elena bei buvusi nuolankioji, o dabar pami\u0161usi ir bes\u0105lygi\u0161kai jam atsidavusi Leila paskandins Kristian\u0105 praeities li\u016bne?<br \/>\nO jei Kristianas susigr\u0105\u017eins An\u0105, ar tokios tamsios ir su\u017eeistos sielos vyrui pavyks j\u0105 i\u0161laikyti?<\/p>\n","protected":false},"excerpt":{"rendered":"<p>E L James gr\u012f\u017eta \u012f penkiasde\u0161imties atspalvi\u0173 pasaul\u012f ir atveria gilesnius ir ni\u016bresnius klodus meil\u0117s istorijos, su\u017eav\u0117jusios milijonus skaitytoj\u0173 visame pasaulyje.<br \/>\nKar\u0161tas ir geismingas j\u0173 meil\u0117s romanas baig\u0117si nuoskaudomis ir abipusiais kaltinimais, bet Kristianas Gr\u0117jus niekaip negali pamir\u0161ti Anastazijos Stil ir jos ilgisi. Pasiry\u017e\u0119s j\u0105 susigr\u0105\u017einti, jis m\u0117gina sutramdyti tamsiausius savo geidulius, numaldyti polink\u012f visi\u0161kai kontroliuoti visus ir visk\u0105. Tad nusprend\u017eia myl\u0117ti An\u0105 taip, kaip nori ji.<br \/>\nTa\u010diau j\u012f vis dar persekioja siaubingos praeities \u0161m\u0117klos, o intrigantas Anos vir\u0161ininkas D\u017eekas Haidas akivaizd\u017eiai nori j\u0105 pasisavinti. Ar Kristiano patik\u0117tinis ir gydytojas dr. Flinas gali pad\u0117ti jam \u012fveikti savo demonus? Ar vis d\u0117lto kadaise j\u012f suviliojusi ir nepaprastai savininki\u0161ka Elena bei buvusi nuolankioji, o dabar pami\u0161usi ir bes\u0105lygi\u0161kai jam atsidavusi Leila paskandins Kristian\u0105 praeities li\u016bne?<br \/>\nO jei Kristianas susigr\u0105\u017eins An\u0105, ar tokios tamsios ir su\u017eeistos sielos vyrui pavyks j\u0105 i\u0161laikyti?<\/p>\n","protected":false},"featured_media":10599,"comment_status":"closed","ping_status":"closed","template":"","meta":{"_acf_changed":false,"site-sidebar-layout":"default","site-content-layout":"","ast-site-content-layout":"default","site-content-style":"default","site-sidebar-style":"default","ast-global-header-display":"","ast-banner-title-visibility":"","ast-main-header-display":"","ast-hfb-above-header-display":"","ast-hfb-below-header-display":"","ast-hfb-mobile-header-display":"","site-post-title":"","ast-breadcrumbs-content":"","ast-featured-img":"","footer-sml-layout":"","ast-disable-related-posts":"","theme-transparent-header-meta":"default","adv-header-id-meta":"","stick-header-meta":"","header-above-stick-meta":"","header-main-stick-meta":"","header-below-stick-meta":"","astra-migrate-meta-layouts":"set","ast-page-background-enabled":"default","ast-page-background-meta":{"desktop":{"background-color":"","background-image":"","background-repeat":"repeat","background-position":"center center","background-size":"auto","background-attachment":"scroll","background-type":"","background-media":"","overlay-type":"","overlay-color":"","overlay-opacity":"","overlay-gradient":""},"tablet":{"background-color":"","background-image":"","background-repeat":"repeat","background-position":"center center","background-size":"auto","background-attachment":"scroll","background-type":"","background-media":"","overlay-type":"","overlay-color":"","overlay-opacity":"","overlay-gradient":""},"mobile":{"background-color":"","background-image":"","background-repeat":"repeat","background-position":"center center","background-size":"auto","background-attachment":"scroll","background-type":"","background-media":"","overlay-type":"","overlay-color":"","overlay-opacity":"","overlay-gradient":""}},"ast-content-background-meta":{"desktop":{"background-color":"var(--ast-global-color-4)","background-image":"","background-repeat":"repeat","background-position":"center center","background-size":"auto","background-attachment":"scroll","background-type":"","background-media":"","overlay-type":"","overlay-color":"","overlay-opacity":"","overlay-gradient":""},"tablet":{"background-color":"var(--ast-global-color-4)","background-image":"","background-repeat":"repeat","background-position":"center center","background-size":"auto","background-attachment":"scroll","background-type":"","background-media":"","overlay-type":"","overlay-color":"","overlay-opacity":"","overlay-gradient":""},"mobile":{"background-color":"var(--ast-global-color-4)","background-image":"","background-repeat":"repeat","background-position":"center center","background-size":"auto","background-attachment":"scroll","background-type":"","background-media":"","overlay-type":"","overlay-color":"","overlay-opacity":"","overlay-gradient":""}}},"product_brand":[],"product_cat":[9583],"product_tag":[],"class_list":{"0":"post-10546","1":"product","2":"type-product","3":"status-publish","4":"has-post-thumbnail","6":"product_cat-erotiniai-romanai","7":"desktop-align-left","8":"tablet-align-left","9":"mobile-align-left","11":"first","12":"instock","13":"shipping-taxable","14":"purchasable","15":"product-type-simple"},"acf":[],"yoast_head":"<!-- This site is optimized with the Yoast SEO plugin v27.4 - https:\/\/yoast.com\/product\/yoast-seo-wordpress\/ -->\n<title>E.L.James \u201eTamsesnis\u201c<\/title>\n<meta name=\"description\" content=\"E L James gr\u012f\u017eta \u012f penkiasde\u0161imties atspalvi\u0173 pasaul\u012f ir atveria gilesnius ir ni\u016bresnius klodus meil\u0117s istorijos, su\u017eav\u0117jusios milijonus skaitytoj\u0173 visame pasaulyje. Kar\u0161tas ir geismingas j\u0173 meil\u0117s romanas baig\u0117si nuoskaudomis ir abipusiais kaltinimais, bet Kristianas Gr\u0117jus niekaip negali pamir\u0161ti Anastazijos Stil ir jos ilgisi. Pasiry\u017e\u0119s j\u0105 susigr\u0105\u017einti, jis m\u0117gina sutramdyti tamsiausius savo geidulius, numaldyti polink\u012f visi\u0161kai kontroliuoti visus ir visk\u0105. Tad nusprend\u017eia myl\u0117ti An\u0105 taip, kaip nori ji. Ta\u010diau j\u012f vis dar persekioja siaubingos praeities \u0161m\u0117klos, o intrigantas Anos vir\u0161ininkas D\u017eekas Haidas akivaizd\u017eiai nori j\u0105 pasisavinti. Ar Kristiano patik\u0117tinis ir gydytojas dr. Flinas gali pad\u0117ti jam \u012fveikti savo demonus? Ar vis d\u0117lto kadaise j\u012f suviliojusi ir nepaprastai savininki\u0161ka Elena bei buvusi nuolankioji, o dabar pami\u0161usi ir bes\u0105lygi\u0161kai jam atsidavusi Leila paskandins Kristian\u0105 praeities li\u016bne? O jei Kristianas susigr\u0105\u017eins An\u0105, ar tokios tamsios ir su\u017eeistos sielos vyrui pavyks j\u0105 i\u0161laikyti?\" \/>\n<meta name=\"robots\" content=\"index, follow, max-snippet:-1, max-image-preview:large, max-video-preview:-1\" \/>\n<link rel=\"canonical\" href=\"https:\/\/skaitytaknyga.lt\/en\/produktas\/e-l-james-tamsesnis\/\" \/>\n<meta property=\"og:locale\" content=\"en_GB\" \/>\n<meta property=\"og:locale:alternate\" content=\"lt_LT\" \/>\n<meta property=\"og:type\" content=\"article\" \/>\n<meta property=\"og:title\" content=\"E.L.James \u201eTamsesnis\u201c\" \/>\n<meta property=\"og:description\" content=\"E L James gr\u012f\u017eta \u012f penkiasde\u0161imties atspalvi\u0173 pasaul\u012f ir atveria gilesnius ir ni\u016bresnius klodus meil\u0117s istorijos, su\u017eav\u0117jusios milijonus skaitytoj\u0173 visame pasaulyje. Kar\u0161tas ir geismingas j\u0173 meil\u0117s romanas baig\u0117si nuoskaudomis ir abipusiais kaltinimais, bet Kristianas Gr\u0117jus niekaip negali pamir\u0161ti Anastazijos Stil ir jos ilgisi. Pasiry\u017e\u0119s j\u0105 susigr\u0105\u017einti, jis m\u0117gina sutramdyti tamsiausius savo geidulius, numaldyti polink\u012f visi\u0161kai kontroliuoti visus ir visk\u0105. Tad nusprend\u017eia myl\u0117ti An\u0105 taip, kaip nori ji. Ta\u010diau j\u012f vis dar persekioja siaubingos praeities \u0161m\u0117klos, o intrigantas Anos vir\u0161ininkas D\u017eekas Haidas akivaizd\u017eiai nori j\u0105 pasisavinti. Ar Kristiano patik\u0117tinis ir gydytojas dr. Flinas gali pad\u0117ti jam \u012fveikti savo demonus? Ar vis d\u0117lto kadaise j\u012f suviliojusi ir nepaprastai savininki\u0161ka Elena bei buvusi nuolankioji, o dabar pami\u0161usi ir bes\u0105lygi\u0161kai jam atsidavusi Leila paskandins Kristian\u0105 praeities li\u016bne? O jei Kristianas susigr\u0105\u017eins An\u0105, ar tokios tamsios ir su\u017eeistos sielos vyrui pavyks j\u0105 i\u0161laikyti?\" \/>\n<meta property=\"og:url\" content=\"https:\/\/skaitytaknyga.lt\/en\/produktas\/e-l-james-tamsesnis\/\" \/>\n<meta property=\"og:site_name\" content=\"Skaitytaknyga\" \/>\n<meta property=\"article:publisher\" content=\"https:\/\/www.facebook.com\/skaitytaknyga\/\" \/>\n<meta property=\"article:modified_time\" content=\"2026-04-28T07:43:19+00:00\" \/>\n<meta property=\"og:image\" content=\"https:\/\/skaitytaknyga.lt\/wp-content\/uploads\/2024\/05\/f326053aaa7a39ee8936c0591c333cf6ad92a01a_Tamsesnis.png\" \/>\n\t<meta property=\"og:image:width\" content=\"366\" \/>\n\t<meta property=\"og:image:height\" content=\"600\" \/>\n\t<meta property=\"og:image:type\" content=\"image\/png\" \/>\n<meta name=\"twitter:card\" content=\"summary_large_image\" \/>\n<meta name=\"twitter:label1\" content=\"Estimated reading time\" \/>\n\t<meta name=\"twitter:data1\" content=\"1 minute\" \/>\n<script type=\"application\/ld+json\" class=\"yoast-schema-graph\">{\"@context\":\"https:\\\/\\\/schema.org\",\"@graph\":[{\"@type\":\"WebPage\",\"@id\":\"https:\\\/\\\/skaitytaknyga.lt\\\/produktas\\\/e-l-james-tamsesnis\\\/\",\"url\":\"https:\\\/\\\/skaitytaknyga.lt\\\/produktas\\\/e-l-james-tamsesnis\\\/\",\"name\":\"E.L.James \u201eTamsesnis\u201c\",\"isPartOf\":{\"@id\":\"https:\\\/\\\/skaitytaknyga.lt\\\/#website\"},\"primaryImageOfPage\":{\"@id\":\"https:\\\/\\\/skaitytaknyga.lt\\\/produktas\\\/e-l-james-tamsesnis\\\/#primaryimage\"},\"image\":{\"@id\":\"https:\\\/\\\/skaitytaknyga.lt\\\/produktas\\\/e-l-james-tamsesnis\\\/#primaryimage\"},\"thumbnailUrl\":\"https:\\\/\\\/skaitytaknyga.lt\\\/wp-content\\\/uploads\\\/2024\\\/05\\\/f326053aaa7a39ee8936c0591c333cf6ad92a01a_Tamsesnis.png\",\"datePublished\":\"2024-05-04T18:20:56+00:00\",\"dateModified\":\"2026-04-28T07:43:19+00:00\",\"description\":\"E L James gr\u012f\u017eta \u012f penkiasde\u0161imties atspalvi\u0173 pasaul\u012f ir atveria gilesnius ir ni\u016bresnius klodus meil\u0117s istorijos, su\u017eav\u0117jusios milijonus skaitytoj\u0173 visame pasaulyje. Kar\u0161tas ir geismingas j\u0173 meil\u0117s romanas baig\u0117si nuoskaudomis ir abipusiais kaltinimais, bet Kristianas Gr\u0117jus niekaip negali pamir\u0161ti Anastazijos Stil ir jos ilgisi. Pasiry\u017e\u0119s j\u0105 susigr\u0105\u017einti, jis m\u0117gina sutramdyti tamsiausius savo geidulius, numaldyti polink\u012f visi\u0161kai kontroliuoti visus ir visk\u0105. Tad nusprend\u017eia myl\u0117ti An\u0105 taip, kaip nori ji. Ta\u010diau j\u012f vis dar persekioja siaubingos praeities \u0161m\u0117klos, o intrigantas Anos vir\u0161ininkas D\u017eekas Haidas akivaizd\u017eiai nori j\u0105 pasisavinti. Ar Kristiano patik\u0117tinis ir gydytojas dr. Flinas gali pad\u0117ti jam \u012fveikti savo demonus? Ar vis d\u0117lto kadaise j\u012f suviliojusi ir nepaprastai savininki\u0161ka Elena bei buvusi nuolankioji, o dabar pami\u0161usi ir bes\u0105lygi\u0161kai jam atsidavusi Leila paskandins Kristian\u0105 praeities li\u016bne? O jei Kristianas susigr\u0105\u017eins An\u0105, ar tokios tamsios ir su\u017eeistos sielos vyrui pavyks j\u0105 i\u0161laikyti?\",\"breadcrumb\":{\"@id\":\"https:\\\/\\\/skaitytaknyga.lt\\\/produktas\\\/e-l-james-tamsesnis\\\/#breadcrumb\"},\"inLanguage\":\"en-GB\",\"potentialAction\":[{\"@type\":\"ReadAction\",\"target\":[\"https:\\\/\\\/skaitytaknyga.lt\\\/produktas\\\/e-l-james-tamsesnis\\\/\"]}]},{\"@type\":\"ImageObject\",\"inLanguage\":\"en-GB\",\"@id\":\"https:\\\/\\\/skaitytaknyga.lt\\\/produktas\\\/e-l-james-tamsesnis\\\/#primaryimage\",\"url\":\"https:\\\/\\\/skaitytaknyga.lt\\\/wp-content\\\/uploads\\\/2024\\\/05\\\/f326053aaa7a39ee8936c0591c333cf6ad92a01a_Tamsesnis.png\",\"contentUrl\":\"https:\\\/\\\/skaitytaknyga.lt\\\/wp-content\\\/uploads\\\/2024\\\/05\\\/f326053aaa7a39ee8936c0591c333cf6ad92a01a_Tamsesnis.png\",\"width\":366,\"height\":600,\"caption\":\"Tamsesnis: \u201ePenkiasde\u0161imt tamsesni\u0173 atspalvi\u0173\u201c Kristiano akimis\"},{\"@type\":\"BreadcrumbList\",\"@id\":\"https:\\\/\\\/skaitytaknyga.lt\\\/produktas\\\/e-l-james-tamsesnis\\\/#breadcrumb\",\"itemListElement\":[{\"@type\":\"ListItem\",\"position\":1,\"name\":\"Home\",\"item\":\"https:\\\/\\\/skaitytaknyga.lt\\\/\"},{\"@type\":\"ListItem\",\"position\":2,\"name\":\"Parduotuv\u0117\",\"item\":\"https:\\\/\\\/skaitytaknyga.lt\\\/knygu-parduotuve\\\/\"},{\"@type\":\"ListItem\",\"position\":3,\"name\":\"E.L.James \u201eTamsesnis\u201c\"}]},{\"@type\":\"WebSite\",\"@id\":\"https:\\\/\\\/skaitytaknyga.lt\\\/#website\",\"url\":\"https:\\\/\\\/skaitytaknyga.lt\\\/\",\"name\":\"skaitytaknyga.lt\",\"description\":\"Skaitytaknyga.lt \u2013 tai ma\u017eas \u0161eimos verslas, kuris prasid\u0117jo nuo meil\u0117s knygoms ir siekio i\u0161gelb\u0117ti knygas nuo likimo prie konteinerio. Kas vienam nereikalingas daiktas \u2013 kitam lobis, o mes esame tarpininkai, kurie padeda abiems tapti laimingesniems ???? \u017dinome kaip nelengva i\u0161gyventi ma\u017eiems verslams, tad nuo \u0161iol, \u010dia rasite ir kit\u0173, ma\u017e\u0173 \u0161eim\u0173 versl\u0173, rank\u0173 darbo, dovan\u0173 sau ir artimiesiems.\",\"publisher\":{\"@id\":\"https:\\\/\\\/skaitytaknyga.lt\\\/#organization\"},\"potentialAction\":[{\"@type\":\"SearchAction\",\"target\":{\"@type\":\"EntryPoint\",\"urlTemplate\":\"https:\\\/\\\/skaitytaknyga.lt\\\/?s={search_term_string}\"},\"query-input\":{\"@type\":\"PropertyValueSpecification\",\"valueRequired\":true,\"valueName\":\"search_term_string\"}}],\"inLanguage\":\"en-GB\"},{\"@type\":\"Organization\",\"@id\":\"https:\\\/\\\/skaitytaknyga.lt\\\/#organization\",\"name\":\"skaitytaknyga.lt\",\"url\":\"https:\\\/\\\/skaitytaknyga.lt\\\/\",\"logo\":{\"@type\":\"ImageObject\",\"inLanguage\":\"en-GB\",\"@id\":\"https:\\\/\\\/skaitytaknyga.lt\\\/#\\\/schema\\\/logo\\\/image\\\/\",\"url\":\"https:\\\/\\\/skaitytaknyga.lt\\\/wp-content\\\/uploads\\\/2024\\\/05\\\/cropped-cropped-cropped-02_00843_jt3bggkj1j3HLc7SyY6rEUpg.jpeg\",\"contentUrl\":\"https:\\\/\\\/skaitytaknyga.lt\\\/wp-content\\\/uploads\\\/2024\\\/05\\\/cropped-cropped-cropped-02_00843_jt3bggkj1j3HLc7SyY6rEUpg.jpeg\",\"width\":1600,\"height\":1600,\"caption\":\"skaitytaknyga.lt\"},\"image\":{\"@id\":\"https:\\\/\\\/skaitytaknyga.lt\\\/#\\\/schema\\\/logo\\\/image\\\/\"},\"sameAs\":[\"https:\\\/\\\/www.facebook.com\\\/skaitytaknyga\\\/\"]}]}<\/script>\n<!-- \/ Yoast SEO plugin. -->","yoast_head_json":{"title":"E.L.James \u201eTamsesnis\u201c","description":"E L James gr\u012f\u017eta \u012f penkiasde\u0161imties atspalvi\u0173 pasaul\u012f ir atveria gilesnius ir ni\u016bresnius klodus meil\u0117s istorijos, su\u017eav\u0117jusios milijonus skaitytoj\u0173 visame pasaulyje. Kar\u0161tas ir geismingas j\u0173 meil\u0117s romanas baig\u0117si nuoskaudomis ir abipusiais kaltinimais, bet Kristianas Gr\u0117jus niekaip negali pamir\u0161ti Anastazijos Stil ir jos ilgisi. Pasiry\u017e\u0119s j\u0105 susigr\u0105\u017einti, jis m\u0117gina sutramdyti tamsiausius savo geidulius, numaldyti polink\u012f visi\u0161kai kontroliuoti visus ir visk\u0105. Tad nusprend\u017eia myl\u0117ti An\u0105 taip, kaip nori ji. Ta\u010diau j\u012f vis dar persekioja siaubingos praeities \u0161m\u0117klos, o intrigantas Anos vir\u0161ininkas D\u017eekas Haidas akivaizd\u017eiai nori j\u0105 pasisavinti. Ar Kristiano patik\u0117tinis ir gydytojas dr. Flinas gali pad\u0117ti jam \u012fveikti savo demonus? Ar vis d\u0117lto kadaise j\u012f suviliojusi ir nepaprastai savininki\u0161ka Elena bei buvusi nuolankioji, o dabar pami\u0161usi ir bes\u0105lygi\u0161kai jam atsidavusi Leila paskandins Kristian\u0105 praeities li\u016bne? O jei Kristianas susigr\u0105\u017eins An\u0105, ar tokios tamsios ir su\u017eeistos sielos vyrui pavyks j\u0105 i\u0161laikyti?","robots":{"index":"index","follow":"follow","max-snippet":"max-snippet:-1","max-image-preview":"max-image-preview:large","max-video-preview":"max-video-preview:-1"},"canonical":"https:\/\/skaitytaknyga.lt\/en\/produktas\/e-l-james-tamsesnis\/","og_locale":"en_GB","og_type":"article","og_title":"[:lt]E.L.James \u201eTamsesnis\u201c[:] - Skaitytaknyga","og_description":"E L James gr\u012f\u017eta \u012f penkiasde\u0161imties atspalvi\u0173 pasaul\u012f ir atveria gilesnius ir ni\u016bresnius klodus meil\u0117s istorijos, su\u017eav\u0117jusios milijonus skaitytoj\u0173 visame pasaulyje. Kar\u0161tas ir geismingas j\u0173 meil\u0117s romanas baig\u0117si nuoskaudomis ir abipusiais kaltinimais, bet Kristianas Gr\u0117jus niekaip negali pamir\u0161ti Anastazijos Stil ir jos ilgisi. Pasiry\u017e\u0119s j\u0105 susigr\u0105\u017einti, jis m\u0117gina sutramdyti tamsiausius savo geidulius, numaldyti polink\u012f visi\u0161kai kontroliuoti visus ir visk\u0105. Tad nusprend\u017eia myl\u0117ti An\u0105 taip, kaip nori ji. Ta\u010diau j\u012f vis dar persekioja siaubingos praeities \u0161m\u0117klos, o intrigantas Anos vir\u0161ininkas D\u017eekas Haidas akivaizd\u017eiai nori j\u0105 pasisavinti. Ar Kristiano patik\u0117tinis ir gydytojas dr. Flinas gali pad\u0117ti jam \u012fveikti savo demonus? Ar vis d\u0117lto kadaise j\u012f suviliojusi ir nepaprastai savininki\u0161ka Elena bei buvusi nuolankioji, o dabar pami\u0161usi ir bes\u0105lygi\u0161kai jam atsidavusi Leila paskandins Kristian\u0105 praeities li\u016bne? O jei Kristianas susigr\u0105\u017eins An\u0105, ar tokios tamsios ir su\u017eeistos sielos vyrui pavyks j\u0105 i\u0161laikyti?","og_url":"https:\/\/skaitytaknyga.lt\/en\/produktas\/e-l-james-tamsesnis\/","og_site_name":"Skaitytaknyga","article_publisher":"https:\/\/www.facebook.com\/skaitytaknyga\/","article_modified_time":"2026-04-28T07:43:19+00:00","og_image":[{"width":366,"height":600,"url":"https:\/\/skaitytaknyga.lt\/wp-content\/uploads\/2024\/05\/f326053aaa7a39ee8936c0591c333cf6ad92a01a_Tamsesnis.png","type":"image\/png"}],"twitter_card":"summary_large_image","twitter_misc":{"Estimated reading time":"1 minute"},"schema":{"@context":"https:\/\/schema.org","@graph":[{"@type":"WebPage","@id":"https:\/\/skaitytaknyga.lt\/produktas\/e-l-james-tamsesnis\/","url":"https:\/\/skaitytaknyga.lt\/produktas\/e-l-james-tamsesnis\/","name":"E.L.James \u201eTamsesnis\u201c","isPartOf":{"@id":"https:\/\/skaitytaknyga.lt\/#website"},"primaryImageOfPage":{"@id":"https:\/\/skaitytaknyga.lt\/produktas\/e-l-james-tamsesnis\/#primaryimage"},"image":{"@id":"https:\/\/skaitytaknyga.lt\/produktas\/e-l-james-tamsesnis\/#primaryimage"},"thumbnailUrl":"https:\/\/skaitytaknyga.lt\/wp-content\/uploads\/2024\/05\/f326053aaa7a39ee8936c0591c333cf6ad92a01a_Tamsesnis.png","datePublished":"2024-05-04T18:20:56+00:00","dateModified":"2026-04-28T07:43:19+00:00","description":"E L James gr\u012f\u017eta \u012f penkiasde\u0161imties atspalvi\u0173 pasaul\u012f ir atveria gilesnius ir ni\u016bresnius klodus meil\u0117s istorijos, su\u017eav\u0117jusios milijonus skaitytoj\u0173 visame pasaulyje. Kar\u0161tas ir geismingas j\u0173 meil\u0117s romanas baig\u0117si nuoskaudomis ir abipusiais kaltinimais, bet Kristianas Gr\u0117jus niekaip negali pamir\u0161ti Anastazijos Stil ir jos ilgisi. Pasiry\u017e\u0119s j\u0105 susigr\u0105\u017einti, jis m\u0117gina sutramdyti tamsiausius savo geidulius, numaldyti polink\u012f visi\u0161kai kontroliuoti visus ir visk\u0105. Tad nusprend\u017eia myl\u0117ti An\u0105 taip, kaip nori ji. Ta\u010diau j\u012f vis dar persekioja siaubingos praeities \u0161m\u0117klos, o intrigantas Anos vir\u0161ininkas D\u017eekas Haidas akivaizd\u017eiai nori j\u0105 pasisavinti. Ar Kristiano patik\u0117tinis ir gydytojas dr. Flinas gali pad\u0117ti jam \u012fveikti savo demonus? Ar vis d\u0117lto kadaise j\u012f suviliojusi ir nepaprastai savininki\u0161ka Elena bei buvusi nuolankioji, o dabar pami\u0161usi ir bes\u0105lygi\u0161kai jam atsidavusi Leila paskandins Kristian\u0105 praeities li\u016bne? O jei Kristianas susigr\u0105\u017eins An\u0105, ar tokios tamsios ir su\u017eeistos sielos vyrui pavyks j\u0105 i\u0161laikyti?","breadcrumb":{"@id":"https:\/\/skaitytaknyga.lt\/produktas\/e-l-james-tamsesnis\/#breadcrumb"},"inLanguage":"en-GB","potentialAction":[{"@type":"ReadAction","target":["https:\/\/skaitytaknyga.lt\/produktas\/e-l-james-tamsesnis\/"]}]},{"@type":"ImageObject","inLanguage":"en-GB","@id":"https:\/\/skaitytaknyga.lt\/produktas\/e-l-james-tamsesnis\/#primaryimage","url":"https:\/\/skaitytaknyga.lt\/wp-content\/uploads\/2024\/05\/f326053aaa7a39ee8936c0591c333cf6ad92a01a_Tamsesnis.png","contentUrl":"https:\/\/skaitytaknyga.lt\/wp-content\/uploads\/2024\/05\/f326053aaa7a39ee8936c0591c333cf6ad92a01a_Tamsesnis.png","width":366,"height":600,"caption":"Tamsesnis: \u201ePenkiasde\u0161imt tamsesni\u0173 atspalvi\u0173\u201c Kristiano akimis"},{"@type":"BreadcrumbList","@id":"https:\/\/skaitytaknyga.lt\/produktas\/e-l-james-tamsesnis\/#breadcrumb","itemListElement":[{"@type":"ListItem","position":1,"name":"Home","item":"https:\/\/skaitytaknyga.lt\/"},{"@type":"ListItem","position":2,"name":"Parduotuv\u0117","item":"https:\/\/skaitytaknyga.lt\/knygu-parduotuve\/"},{"@type":"ListItem","position":3,"name":"E.L.James \u201eTamsesnis\u201c"}]},{"@type":"WebSite","@id":"https:\/\/skaitytaknyga.lt\/#website","url":"https:\/\/skaitytaknyga.lt\/","name":"skaitytaknyga.lt","description":"Skaitytaknyga.lt \u2013 tai ma\u017eas \u0161eimos verslas, kuris prasid\u0117jo nuo meil\u0117s knygoms ir siekio i\u0161gelb\u0117ti knygas nuo likimo prie konteinerio. Kas vienam nereikalingas daiktas \u2013 kitam lobis, o mes esame tarpininkai, kurie padeda abiems tapti laimingesniems ???? \u017dinome kaip nelengva i\u0161gyventi ma\u017eiems verslams, tad nuo \u0161iol, \u010dia rasite ir kit\u0173, ma\u017e\u0173 \u0161eim\u0173 versl\u0173, rank\u0173 darbo, dovan\u0173 sau ir artimiesiems.","publisher":{"@id":"https:\/\/skaitytaknyga.lt\/#organization"},"potentialAction":[{"@type":"SearchAction","target":{"@type":"EntryPoint","urlTemplate":"https:\/\/skaitytaknyga.lt\/?s={search_term_string}"},"query-input":{"@type":"PropertyValueSpecification","valueRequired":true,"valueName":"search_term_string"}}],"inLanguage":"en-GB"},{"@type":"Organization","@id":"https:\/\/skaitytaknyga.lt\/#organization","name":"skaitytaknyga.lt","url":"https:\/\/skaitytaknyga.lt\/","logo":{"@type":"ImageObject","inLanguage":"en-GB","@id":"https:\/\/skaitytaknyga.lt\/#\/schema\/logo\/image\/","url":"https:\/\/skaitytaknyga.lt\/wp-content\/uploads\/2024\/05\/cropped-cropped-cropped-02_00843_jt3bggkj1j3HLc7SyY6rEUpg.jpeg","contentUrl":"https:\/\/skaitytaknyga.lt\/wp-content\/uploads\/2024\/05\/cropped-cropped-cropped-02_00843_jt3bggkj1j3HLc7SyY6rEUpg.jpeg","width":1600,"height":1600,"caption":"skaitytaknyga.lt"},"image":{"@id":"https:\/\/skaitytaknyga.lt\/#\/schema\/logo\/image\/"},"sameAs":["https:\/\/www.facebook.com\/skaitytaknyga\/"]}]}},"_links":{"self":[{"href":"https:\/\/skaitytaknyga.lt\/en\/wp-json\/wp\/v2\/product\/10546","targetHints":{"allow":["GET"]}}],"collection":[{"href":"https:\/\/skaitytaknyga.lt\/en\/wp-json\/wp\/v2\/product"}],"about":[{"href":"https:\/\/skaitytaknyga.lt\/en\/wp-json\/wp\/v2\/types\/product"}],"replies":[{"embeddable":true,"href":"https:\/\/skaitytaknyga.lt\/en\/wp-json\/wp\/v2\/comments?post=10546"}],"wp:featuredmedia":[{"embeddable":true,"href":"https:\/\/skaitytaknyga.lt\/en\/wp-json\/wp\/v2\/media\/10599"}],"wp:attachment":[{"href":"https:\/\/skaitytaknyga.lt\/en\/wp-json\/wp\/v2\/media?parent=10546"}],"wp:term":[{"taxonomy":"product_brand","embeddable":true,"href":"https:\/\/skaitytaknyga.lt\/en\/wp-json\/wp\/v2\/product_brand?post=10546"},{"taxonomy":"product_cat","embeddable":true,"href":"https:\/\/skaitytaknyga.lt\/en\/wp-json\/wp\/v2\/product_cat?post=10546"},{"taxonomy":"product_tag","embeddable":true,"href":"https:\/\/skaitytaknyga.lt\/en\/wp-json\/wp\/v2\/product_tag?post=10546"}],"curies":[{"name":"wp","href":"https:\/\/api.w.org\/{rel}","templated":true}]}}