{"id":10542,"date":"2024-05-04T18:19:48","date_gmt":"2024-05-04T18:19:48","guid":{"rendered":"https:\/\/skaitytaknyga.lt\/?post_type=product&#038;p=10542"},"modified":"2024-05-04T18:27:07","modified_gmt":"2024-05-04T18:27:07","slug":"danny-wallace-jis-sako-taip","status":"publish","type":"product","link":"https:\/\/skaitytaknyga.lt\/en\/produktas\/danny-wallace-jis-sako-taip\/","title":{"rendered":"Danny Wallace \u201eJis sako Taip!\u201c"},"content":{"rendered":"<p>Kai j\u012f paliko mergina, Denis Volisas u\u017esidar\u0117. Pernelyg u\u017esiv\u0117r\u0117. Jauno laisvo vieni\u0161iaus gyvenimas neatrod\u0117 labai smagus. Vaikinas \u0117m\u0117 vengti \u017emoni\u0173. U\u017euot skambin\u0119s, ra\u0161\u0117 \u017einutes. U\u017euot susitik\u0119s, skambino. Kol vien\u0105 lemting\u0105 vakar\u0105 autobuse paslaptingas vyras patar\u0117 da\u017eniau sakyti taip. Danny pri\u0117m\u0117 \u0161\u012f pasi\u016blym\u0105 kaip Moz\u0117 de\u0161imt Dievo \u012fsakym\u0173, nusprend\u0119s viskam, k\u0105 gyvenimas jam pamet\u0117ja, tarti \u201etaip\u201c. \u0160is menkas \u017eodelis visiems laikams pakeit\u0117 vaikino gyvenim\u0105. \u201eJis sako Taip!\u201c &#8211; pasakojimas apie tai, kaip Danny nutar\u0117 pritarti viskam, kad gyvenimas tapt\u0173 \u012fdomesnis. Dieva\u017ei, ir jis toks tapo!<\/p>\n","protected":false},"excerpt":{"rendered":"<p>Kai j\u012f paliko mergina, Denis Volisas u\u017esidar\u0117. Pernelyg u\u017esiv\u0117r\u0117. Jauno laisvo vieni\u0161iaus gyvenimas neatrod\u0117 labai smagus. Vaikinas \u0117m\u0117 vengti \u017emoni\u0173. U\u017euot skambin\u0119s, ra\u0161\u0117 \u017einutes. U\u017euot susitik\u0119s, skambino. Kol vien\u0105 lemting\u0105 vakar\u0105 autobuse paslaptingas vyras patar\u0117 da\u017eniau sakyti taip. Danny pri\u0117m\u0117 \u0161\u012f pasi\u016blym\u0105 kaip Moz\u0117 de\u0161imt Dievo \u012fsakym\u0173, nusprend\u0119s viskam, k\u0105 gyvenimas jam pamet\u0117ja, tarti \u201etaip\u201c. \u0160is menkas \u017eodelis visiems laikams pakeit\u0117 vaikino gyvenim\u0105. \u201eJis sako Taip!\u201c &#8211; pasakojimas apie tai, kaip Danny nutar\u0117 pritarti viskam, kad gyvenimas tapt\u0173 \u012fdomesnis. Dieva\u017ei, ir jis toks tapo!<\/p>\n","protected":false},"featured_media":10593,"comment_status":"closed","ping_status":"closed","template":"","meta":{"_acf_changed":false,"site-sidebar-layout":"default","site-content-layout":"","ast-site-content-layout":"default","site-content-style":"default","site-sidebar-style":"default","ast-global-header-display":"","ast-banner-title-visibility":"","ast-main-header-display":"","ast-hfb-above-header-display":"","ast-hfb-below-header-display":"","ast-hfb-mobile-header-display":"","site-post-title":"","ast-breadcrumbs-content":"","ast-featured-img":"","footer-sml-layout":"","ast-disable-related-posts":"","theme-transparent-header-meta":"","adv-header-id-meta":"","stick-header-meta":"","header-above-stick-meta":"","header-main-stick-meta":"","header-below-stick-meta":"","astra-migrate-meta-layouts":"default","ast-page-background-enabled":"default","ast-page-background-meta":{"desktop":{"background-color":"","background-image":"","background-repeat":"repeat","background-position":"center center","background-size":"auto","background-attachment":"scroll","background-type":"","background-media":"","overlay-type":"","overlay-color":"","overlay-opacity":"","overlay-gradient":""},"tablet":{"background-color":"","background-image":"","background-repeat":"repeat","background-position":"center center","background-size":"auto","background-attachment":"scroll","background-type":"","background-media":"","overlay-type":"","overlay-color":"","overlay-opacity":"","overlay-gradient":""},"mobile":{"background-color":"","background-image":"","background-repeat":"repeat","background-position":"center center","background-size":"auto","background-attachment":"scroll","background-type":"","background-media":"","overlay-type":"","overlay-color":"","overlay-opacity":"","overlay-gradient":""}},"ast-content-background-meta":{"desktop":{"background-color":"var(--ast-global-color-4)","background-image":"","background-repeat":"repeat","background-position":"center center","background-size":"auto","background-attachment":"scroll","background-type":"","background-media":"","overlay-type":"","overlay-color":"","overlay-opacity":"","overlay-gradient":""},"tablet":{"background-color":"var(--ast-global-color-4)","background-image":"","background-repeat":"repeat","background-position":"center center","background-size":"auto","background-attachment":"scroll","background-type":"","background-media":"","overlay-type":"","overlay-color":"","overlay-opacity":"","overlay-gradient":""},"mobile":{"background-color":"var(--ast-global-color-4)","background-image":"","background-repeat":"repeat","background-position":"center center","background-size":"auto","background-attachment":"scroll","background-type":"","background-media":"","overlay-type":"","overlay-color":"","overlay-opacity":"","overlay-gradient":""}}},"product_brand":[],"product_cat":[31],"product_tag":[],"class_list":{"0":"post-10542","1":"product","2":"type-product","3":"status-publish","4":"has-post-thumbnail","6":"product_cat-grozine-literatura","7":"desktop-align-left","8":"tablet-align-left","9":"mobile-align-left","11":"first","12":"instock","13":"shipping-taxable","14":"purchasable","15":"product-type-simple"},"acf":[],"yoast_head":"<!-- This site is optimized with the Yoast SEO plugin v27.4 - https:\/\/yoast.com\/product\/yoast-seo-wordpress\/ -->\n<title>Danny Wallace \u201eJis sako Taip!\u201c - Skaitytaknyga<\/title>\n<meta name=\"description\" content=\"Kai j\u012f paliko mergina, Denis Volisas u\u017esidar\u0117. Pernelyg u\u017esiv\u0117r\u0117. Jauno laisvo vieni\u0161iaus gyvenimas neatrod\u0117 labai smagus. Vaikinas \u0117m\u0117 vengti \u017emoni\u0173. U\u017euot skambin\u0119s, ra\u0161\u0117 \u017einutes. U\u017euot susitik\u0119s, skambino. Kol vien\u0105 lemting\u0105 vakar\u0105 autobuse paslaptingas vyras patar\u0117 da\u017eniau sakyti taip. Danny pri\u0117m\u0117 \u0161\u012f pasi\u016blym\u0105 kaip Moz\u0117 de\u0161imt Dievo \u012fsakym\u0173, nusprend\u0119s viskam, k\u0105 gyvenimas jam pamet\u0117ja, tarti \u201etaip\u201c. \u0160is menkas \u017eodelis visiems laikams pakeit\u0117 vaikino gyvenim\u0105. \u201eJis sako Taip!\u201c - pasakojimas apie tai, kaip Danny nutar\u0117 pritarti viskam, kad gyvenimas tapt\u0173 \u012fdomesnis. Dieva\u017ei, ir jis toks tapo!\" \/>\n<meta name=\"robots\" content=\"index, follow, max-snippet:-1, max-image-preview:large, max-video-preview:-1\" \/>\n<link rel=\"canonical\" href=\"https:\/\/skaitytaknyga.lt\/en\/produktas\/danny-wallace-jis-sako-taip\/\" \/>\n<meta property=\"og:locale\" content=\"en_GB\" \/>\n<meta property=\"og:locale:alternate\" content=\"lt_LT\" \/>\n<meta property=\"og:type\" content=\"article\" \/>\n<meta property=\"og:title\" content=\"Danny Wallace \u201eJis sako Taip!\u201c - Skaitytaknyga\" \/>\n<meta property=\"og:description\" content=\"Kai j\u012f paliko mergina, Denis Volisas u\u017esidar\u0117. Pernelyg u\u017esiv\u0117r\u0117. Jauno laisvo vieni\u0161iaus gyvenimas neatrod\u0117 labai smagus. Vaikinas \u0117m\u0117 vengti \u017emoni\u0173. U\u017euot skambin\u0119s, ra\u0161\u0117 \u017einutes. U\u017euot susitik\u0119s, skambino. Kol vien\u0105 lemting\u0105 vakar\u0105 autobuse paslaptingas vyras patar\u0117 da\u017eniau sakyti taip. Danny pri\u0117m\u0117 \u0161\u012f pasi\u016blym\u0105 kaip Moz\u0117 de\u0161imt Dievo \u012fsakym\u0173, nusprend\u0119s viskam, k\u0105 gyvenimas jam pamet\u0117ja, tarti \u201etaip\u201c. \u0160is menkas \u017eodelis visiems laikams pakeit\u0117 vaikino gyvenim\u0105. \u201eJis sako Taip!\u201c - pasakojimas apie tai, kaip Danny nutar\u0117 pritarti viskam, kad gyvenimas tapt\u0173 \u012fdomesnis. Dieva\u017ei, ir jis toks tapo!\" \/>\n<meta property=\"og:url\" content=\"https:\/\/skaitytaknyga.lt\/en\/produktas\/danny-wallace-jis-sako-taip\/\" \/>\n<meta property=\"og:site_name\" content=\"Skaitytaknyga\" \/>\n<meta property=\"article:publisher\" content=\"https:\/\/www.facebook.com\/skaitytaknyga\/\" \/>\n<meta property=\"article:modified_time\" content=\"2024-05-04T18:27:07+00:00\" \/>\n<meta property=\"og:image\" content=\"https:\/\/skaitytaknyga.lt\/wp-content\/uploads\/2024\/05\/125940-image-e1663422142280.jpg\" \/>\n\t<meta property=\"og:image:width\" content=\"408\" \/>\n\t<meta property=\"og:image:height\" content=\"694\" \/>\n\t<meta property=\"og:image:type\" content=\"image\/jpeg\" \/>\n<meta name=\"twitter:card\" content=\"summary_large_image\" \/>\n<script type=\"application\/ld+json\" class=\"yoast-schema-graph\">{\"@context\":\"https:\\\/\\\/schema.org\",\"@graph\":[{\"@type\":\"WebPage\",\"@id\":\"https:\\\/\\\/skaitytaknyga.lt\\\/produktas\\\/danny-wallace-jis-sako-taip\\\/\",\"url\":\"https:\\\/\\\/skaitytaknyga.lt\\\/produktas\\\/danny-wallace-jis-sako-taip\\\/\",\"name\":\"Danny Wallace \u201eJis sako Taip!\u201c - Skaitytaknyga\",\"isPartOf\":{\"@id\":\"https:\\\/\\\/skaitytaknyga.lt\\\/#website\"},\"primaryImageOfPage\":{\"@id\":\"https:\\\/\\\/skaitytaknyga.lt\\\/produktas\\\/danny-wallace-jis-sako-taip\\\/#primaryimage\"},\"image\":{\"@id\":\"https:\\\/\\\/skaitytaknyga.lt\\\/produktas\\\/danny-wallace-jis-sako-taip\\\/#primaryimage\"},\"thumbnailUrl\":\"https:\\\/\\\/skaitytaknyga.lt\\\/wp-content\\\/uploads\\\/2024\\\/05\\\/125940-image-e1663422142280.jpg\",\"datePublished\":\"2024-05-04T18:19:48+00:00\",\"dateModified\":\"2024-05-04T18:27:07+00:00\",\"description\":\"Kai j\u012f paliko mergina, Denis Volisas u\u017esidar\u0117. Pernelyg u\u017esiv\u0117r\u0117. Jauno laisvo vieni\u0161iaus gyvenimas neatrod\u0117 labai smagus. Vaikinas \u0117m\u0117 vengti \u017emoni\u0173. U\u017euot skambin\u0119s, ra\u0161\u0117 \u017einutes. U\u017euot susitik\u0119s, skambino. Kol vien\u0105 lemting\u0105 vakar\u0105 autobuse paslaptingas vyras patar\u0117 da\u017eniau sakyti taip. Danny pri\u0117m\u0117 \u0161\u012f pasi\u016blym\u0105 kaip Moz\u0117 de\u0161imt Dievo \u012fsakym\u0173, nusprend\u0119s viskam, k\u0105 gyvenimas jam pamet\u0117ja, tarti \u201etaip\u201c. \u0160is menkas \u017eodelis visiems laikams pakeit\u0117 vaikino gyvenim\u0105. \u201eJis sako Taip!\u201c - pasakojimas apie tai, kaip Danny nutar\u0117 pritarti viskam, kad gyvenimas tapt\u0173 \u012fdomesnis. Dieva\u017ei, ir jis toks tapo!\",\"breadcrumb\":{\"@id\":\"https:\\\/\\\/skaitytaknyga.lt\\\/produktas\\\/danny-wallace-jis-sako-taip\\\/#breadcrumb\"},\"inLanguage\":\"en-GB\",\"potentialAction\":[{\"@type\":\"ReadAction\",\"target\":[\"https:\\\/\\\/skaitytaknyga.lt\\\/produktas\\\/danny-wallace-jis-sako-taip\\\/\"]}]},{\"@type\":\"ImageObject\",\"inLanguage\":\"en-GB\",\"@id\":\"https:\\\/\\\/skaitytaknyga.lt\\\/produktas\\\/danny-wallace-jis-sako-taip\\\/#primaryimage\",\"url\":\"https:\\\/\\\/skaitytaknyga.lt\\\/wp-content\\\/uploads\\\/2024\\\/05\\\/125940-image-e1663422142280.jpg\",\"contentUrl\":\"https:\\\/\\\/skaitytaknyga.lt\\\/wp-content\\\/uploads\\\/2024\\\/05\\\/125940-image-e1663422142280.jpg\",\"width\":408,\"height\":694},{\"@type\":\"BreadcrumbList\",\"@id\":\"https:\\\/\\\/skaitytaknyga.lt\\\/produktas\\\/danny-wallace-jis-sako-taip\\\/#breadcrumb\",\"itemListElement\":[{\"@type\":\"ListItem\",\"position\":1,\"name\":\"Home\",\"item\":\"https:\\\/\\\/skaitytaknyga.lt\\\/\"},{\"@type\":\"ListItem\",\"position\":2,\"name\":\"Parduotuv\u0117\",\"item\":\"https:\\\/\\\/skaitytaknyga.lt\\\/knygu-parduotuve\\\/\"},{\"@type\":\"ListItem\",\"position\":3,\"name\":\"Danny Wallace \u201eJis sako Taip!\u201c\"}]},{\"@type\":\"WebSite\",\"@id\":\"https:\\\/\\\/skaitytaknyga.lt\\\/#website\",\"url\":\"https:\\\/\\\/skaitytaknyga.lt\\\/\",\"name\":\"skaitytaknyga.lt\",\"description\":\"Skaitytaknyga.lt \u2013 tai ma\u017eas \u0161eimos verslas, kuris prasid\u0117jo nuo meil\u0117s knygoms ir siekio i\u0161gelb\u0117ti knygas nuo likimo prie konteinerio. Kas vienam nereikalingas daiktas \u2013 kitam lobis, o mes esame tarpininkai, kurie padeda abiems tapti laimingesniems ???? \u017dinome kaip nelengva i\u0161gyventi ma\u017eiems verslams, tad nuo \u0161iol, \u010dia rasite ir kit\u0173, ma\u017e\u0173 \u0161eim\u0173 versl\u0173, rank\u0173 darbo, dovan\u0173 sau ir artimiesiems.\",\"publisher\":{\"@id\":\"https:\\\/\\\/skaitytaknyga.lt\\\/#organization\"},\"potentialAction\":[{\"@type\":\"SearchAction\",\"target\":{\"@type\":\"EntryPoint\",\"urlTemplate\":\"https:\\\/\\\/skaitytaknyga.lt\\\/?s={search_term_string}\"},\"query-input\":{\"@type\":\"PropertyValueSpecification\",\"valueRequired\":true,\"valueName\":\"search_term_string\"}}],\"inLanguage\":\"en-GB\"},{\"@type\":\"Organization\",\"@id\":\"https:\\\/\\\/skaitytaknyga.lt\\\/#organization\",\"name\":\"skaitytaknyga.lt\",\"url\":\"https:\\\/\\\/skaitytaknyga.lt\\\/\",\"logo\":{\"@type\":\"ImageObject\",\"inLanguage\":\"en-GB\",\"@id\":\"https:\\\/\\\/skaitytaknyga.lt\\\/#\\\/schema\\\/logo\\\/image\\\/\",\"url\":\"https:\\\/\\\/skaitytaknyga.lt\\\/wp-content\\\/uploads\\\/2024\\\/05\\\/cropped-cropped-cropped-02_00843_jt3bggkj1j3HLc7SyY6rEUpg.jpeg\",\"contentUrl\":\"https:\\\/\\\/skaitytaknyga.lt\\\/wp-content\\\/uploads\\\/2024\\\/05\\\/cropped-cropped-cropped-02_00843_jt3bggkj1j3HLc7SyY6rEUpg.jpeg\",\"width\":1600,\"height\":1600,\"caption\":\"skaitytaknyga.lt\"},\"image\":{\"@id\":\"https:\\\/\\\/skaitytaknyga.lt\\\/#\\\/schema\\\/logo\\\/image\\\/\"},\"sameAs\":[\"https:\\\/\\\/www.facebook.com\\\/skaitytaknyga\\\/\"]}]}<\/script>\n<!-- \/ Yoast SEO plugin. -->","yoast_head_json":{"title":"Danny Wallace \u201eJis sako Taip!\u201c - Skaitytaknyga","description":"Kai j\u012f paliko mergina, Denis Volisas u\u017esidar\u0117. Pernelyg u\u017esiv\u0117r\u0117. Jauno laisvo vieni\u0161iaus gyvenimas neatrod\u0117 labai smagus. Vaikinas \u0117m\u0117 vengti \u017emoni\u0173. U\u017euot skambin\u0119s, ra\u0161\u0117 \u017einutes. U\u017euot susitik\u0119s, skambino. Kol vien\u0105 lemting\u0105 vakar\u0105 autobuse paslaptingas vyras patar\u0117 da\u017eniau sakyti taip. Danny pri\u0117m\u0117 \u0161\u012f pasi\u016blym\u0105 kaip Moz\u0117 de\u0161imt Dievo \u012fsakym\u0173, nusprend\u0119s viskam, k\u0105 gyvenimas jam pamet\u0117ja, tarti \u201etaip\u201c. \u0160is menkas \u017eodelis visiems laikams pakeit\u0117 vaikino gyvenim\u0105. \u201eJis sako Taip!\u201c - pasakojimas apie tai, kaip Danny nutar\u0117 pritarti viskam, kad gyvenimas tapt\u0173 \u012fdomesnis. Dieva\u017ei, ir jis toks tapo!","robots":{"index":"index","follow":"follow","max-snippet":"max-snippet:-1","max-image-preview":"max-image-preview:large","max-video-preview":"max-video-preview:-1"},"canonical":"https:\/\/skaitytaknyga.lt\/en\/produktas\/danny-wallace-jis-sako-taip\/","og_locale":"en_GB","og_type":"article","og_title":"Danny Wallace \u201eJis sako Taip!\u201c - Skaitytaknyga","og_description":"Kai j\u012f paliko mergina, Denis Volisas u\u017esidar\u0117. Pernelyg u\u017esiv\u0117r\u0117. Jauno laisvo vieni\u0161iaus gyvenimas neatrod\u0117 labai smagus. Vaikinas \u0117m\u0117 vengti \u017emoni\u0173. U\u017euot skambin\u0119s, ra\u0161\u0117 \u017einutes. U\u017euot susitik\u0119s, skambino. Kol vien\u0105 lemting\u0105 vakar\u0105 autobuse paslaptingas vyras patar\u0117 da\u017eniau sakyti taip. Danny pri\u0117m\u0117 \u0161\u012f pasi\u016blym\u0105 kaip Moz\u0117 de\u0161imt Dievo \u012fsakym\u0173, nusprend\u0119s viskam, k\u0105 gyvenimas jam pamet\u0117ja, tarti \u201etaip\u201c. \u0160is menkas \u017eodelis visiems laikams pakeit\u0117 vaikino gyvenim\u0105. \u201eJis sako Taip!\u201c - pasakojimas apie tai, kaip Danny nutar\u0117 pritarti viskam, kad gyvenimas tapt\u0173 \u012fdomesnis. Dieva\u017ei, ir jis toks tapo!","og_url":"https:\/\/skaitytaknyga.lt\/en\/produktas\/danny-wallace-jis-sako-taip\/","og_site_name":"Skaitytaknyga","article_publisher":"https:\/\/www.facebook.com\/skaitytaknyga\/","article_modified_time":"2024-05-04T18:27:07+00:00","og_image":[{"width":408,"height":694,"url":"https:\/\/skaitytaknyga.lt\/wp-content\/uploads\/2024\/05\/125940-image-e1663422142280.jpg","type":"image\/jpeg"}],"twitter_card":"summary_large_image","schema":{"@context":"https:\/\/schema.org","@graph":[{"@type":"WebPage","@id":"https:\/\/skaitytaknyga.lt\/produktas\/danny-wallace-jis-sako-taip\/","url":"https:\/\/skaitytaknyga.lt\/produktas\/danny-wallace-jis-sako-taip\/","name":"Danny Wallace \u201eJis sako Taip!\u201c - Skaitytaknyga","isPartOf":{"@id":"https:\/\/skaitytaknyga.lt\/#website"},"primaryImageOfPage":{"@id":"https:\/\/skaitytaknyga.lt\/produktas\/danny-wallace-jis-sako-taip\/#primaryimage"},"image":{"@id":"https:\/\/skaitytaknyga.lt\/produktas\/danny-wallace-jis-sako-taip\/#primaryimage"},"thumbnailUrl":"https:\/\/skaitytaknyga.lt\/wp-content\/uploads\/2024\/05\/125940-image-e1663422142280.jpg","datePublished":"2024-05-04T18:19:48+00:00","dateModified":"2024-05-04T18:27:07+00:00","description":"Kai j\u012f paliko mergina, Denis Volisas u\u017esidar\u0117. Pernelyg u\u017esiv\u0117r\u0117. Jauno laisvo vieni\u0161iaus gyvenimas neatrod\u0117 labai smagus. Vaikinas \u0117m\u0117 vengti \u017emoni\u0173. U\u017euot skambin\u0119s, ra\u0161\u0117 \u017einutes. U\u017euot susitik\u0119s, skambino. Kol vien\u0105 lemting\u0105 vakar\u0105 autobuse paslaptingas vyras patar\u0117 da\u017eniau sakyti taip. Danny pri\u0117m\u0117 \u0161\u012f pasi\u016blym\u0105 kaip Moz\u0117 de\u0161imt Dievo \u012fsakym\u0173, nusprend\u0119s viskam, k\u0105 gyvenimas jam pamet\u0117ja, tarti \u201etaip\u201c. \u0160is menkas \u017eodelis visiems laikams pakeit\u0117 vaikino gyvenim\u0105. \u201eJis sako Taip!\u201c - pasakojimas apie tai, kaip Danny nutar\u0117 pritarti viskam, kad gyvenimas tapt\u0173 \u012fdomesnis. Dieva\u017ei, ir jis toks tapo!","breadcrumb":{"@id":"https:\/\/skaitytaknyga.lt\/produktas\/danny-wallace-jis-sako-taip\/#breadcrumb"},"inLanguage":"en-GB","potentialAction":[{"@type":"ReadAction","target":["https:\/\/skaitytaknyga.lt\/produktas\/danny-wallace-jis-sako-taip\/"]}]},{"@type":"ImageObject","inLanguage":"en-GB","@id":"https:\/\/skaitytaknyga.lt\/produktas\/danny-wallace-jis-sako-taip\/#primaryimage","url":"https:\/\/skaitytaknyga.lt\/wp-content\/uploads\/2024\/05\/125940-image-e1663422142280.jpg","contentUrl":"https:\/\/skaitytaknyga.lt\/wp-content\/uploads\/2024\/05\/125940-image-e1663422142280.jpg","width":408,"height":694},{"@type":"BreadcrumbList","@id":"https:\/\/skaitytaknyga.lt\/produktas\/danny-wallace-jis-sako-taip\/#breadcrumb","itemListElement":[{"@type":"ListItem","position":1,"name":"Home","item":"https:\/\/skaitytaknyga.lt\/"},{"@type":"ListItem","position":2,"name":"Parduotuv\u0117","item":"https:\/\/skaitytaknyga.lt\/knygu-parduotuve\/"},{"@type":"ListItem","position":3,"name":"Danny Wallace \u201eJis sako Taip!\u201c"}]},{"@type":"WebSite","@id":"https:\/\/skaitytaknyga.lt\/#website","url":"https:\/\/skaitytaknyga.lt\/","name":"skaitytaknyga.lt","description":"Skaitytaknyga.lt \u2013 tai ma\u017eas \u0161eimos verslas, kuris prasid\u0117jo nuo meil\u0117s knygoms ir siekio i\u0161gelb\u0117ti knygas nuo likimo prie konteinerio. Kas vienam nereikalingas daiktas \u2013 kitam lobis, o mes esame tarpininkai, kurie padeda abiems tapti laimingesniems ???? \u017dinome kaip nelengva i\u0161gyventi ma\u017eiems verslams, tad nuo \u0161iol, \u010dia rasite ir kit\u0173, ma\u017e\u0173 \u0161eim\u0173 versl\u0173, rank\u0173 darbo, dovan\u0173 sau ir artimiesiems.","publisher":{"@id":"https:\/\/skaitytaknyga.lt\/#organization"},"potentialAction":[{"@type":"SearchAction","target":{"@type":"EntryPoint","urlTemplate":"https:\/\/skaitytaknyga.lt\/?s={search_term_string}"},"query-input":{"@type":"PropertyValueSpecification","valueRequired":true,"valueName":"search_term_string"}}],"inLanguage":"en-GB"},{"@type":"Organization","@id":"https:\/\/skaitytaknyga.lt\/#organization","name":"skaitytaknyga.lt","url":"https:\/\/skaitytaknyga.lt\/","logo":{"@type":"ImageObject","inLanguage":"en-GB","@id":"https:\/\/skaitytaknyga.lt\/#\/schema\/logo\/image\/","url":"https:\/\/skaitytaknyga.lt\/wp-content\/uploads\/2024\/05\/cropped-cropped-cropped-02_00843_jt3bggkj1j3HLc7SyY6rEUpg.jpeg","contentUrl":"https:\/\/skaitytaknyga.lt\/wp-content\/uploads\/2024\/05\/cropped-cropped-cropped-02_00843_jt3bggkj1j3HLc7SyY6rEUpg.jpeg","width":1600,"height":1600,"caption":"skaitytaknyga.lt"},"image":{"@id":"https:\/\/skaitytaknyga.lt\/#\/schema\/logo\/image\/"},"sameAs":["https:\/\/www.facebook.com\/skaitytaknyga\/"]}]}},"_links":{"self":[{"href":"https:\/\/skaitytaknyga.lt\/en\/wp-json\/wp\/v2\/product\/10542","targetHints":{"allow":["GET"]}}],"collection":[{"href":"https:\/\/skaitytaknyga.lt\/en\/wp-json\/wp\/v2\/product"}],"about":[{"href":"https:\/\/skaitytaknyga.lt\/en\/wp-json\/wp\/v2\/types\/product"}],"replies":[{"embeddable":true,"href":"https:\/\/skaitytaknyga.lt\/en\/wp-json\/wp\/v2\/comments?post=10542"}],"wp:featuredmedia":[{"embeddable":true,"href":"https:\/\/skaitytaknyga.lt\/en\/wp-json\/wp\/v2\/media\/10593"}],"wp:attachment":[{"href":"https:\/\/skaitytaknyga.lt\/en\/wp-json\/wp\/v2\/media?parent=10542"}],"wp:term":[{"taxonomy":"product_brand","embeddable":true,"href":"https:\/\/skaitytaknyga.lt\/en\/wp-json\/wp\/v2\/product_brand?post=10542"},{"taxonomy":"product_cat","embeddable":true,"href":"https:\/\/skaitytaknyga.lt\/en\/wp-json\/wp\/v2\/product_cat?post=10542"},{"taxonomy":"product_tag","embeddable":true,"href":"https:\/\/skaitytaknyga.lt\/en\/wp-json\/wp\/v2\/product_tag?post=10542"}],"curies":[{"name":"wp","href":"https:\/\/api.w.org\/{rel}","templated":true}]}}