{"id":10540,"date":"2024-05-04T18:19:48","date_gmt":"2024-05-04T18:19:48","guid":{"rendered":"https:\/\/skaitytaknyga.lt\/?post_type=product&#038;p=10540"},"modified":"2024-07-19T19:13:52","modified_gmt":"2024-07-19T16:13:52","slug":"iki-svytejimo-kazimiero-vasiliausko-laiskai-zitai-zemaitytei","status":"publish","type":"product","link":"https:\/\/skaitytaknyga.lt\/en\/produktas\/iki-svytejimo-kazimiero-vasiliausko-laiskai-zitai-zemaitytei\/","title":{"rendered":"Iki \u0161vyt\u0117jimo: Kazimiero Vasiliausko lai\u0161kai Zitai \u017demaitytei"},"content":{"rendered":"<p>Knygoje \u201eIki \u0161vyt\u0117jimo: monsinjoro Kazimiero Vasiliausko lai\u0161kai\u201c<strong>\u00a0\u2013<\/strong>\u00a0spausdinami pla\u010diai \u017einomo monsinjoro Kazimiero Vasiliausko (1922\u20132001) jaunyst\u0117s met\u0173 lai\u0161kai Zitai \u017demaitytei, v\u0117liau tapusiai menotyrininke.<\/p>\n<p>Vyrauja lageriuose ir tremtyje para\u0161yti lai\u0161kai. Juose atsiskleid\u017eia dviej\u0173 jaun\u0173 k\u016brybing\u0173 \u017emoni\u0173 nuostabi draugyst\u0117, tapusi post\u016bmiu lai\u0161k\u0173 ra\u0161ytojui labai daug pasakyti apie save, pasaul\u012f, tik\u0117jim\u0105, literat\u016br\u0105, kunigo paskirt\u012f. Tai meil\u0117s lai\u0161kai pa\u010dia \u0161viesiausia \u0161i\u0173 \u017eod\u017ei\u0173 prasme.<\/p>\n<ul class=\"about-product d-none d-xl-block mt-4\">\n<li><strong>Leid\u0117jas:<\/strong>\u00a0Lietuvos ra\u0161ytoj\u0173 s\u0105jungos leidykla<\/li>\n<li><strong>Metai:<\/strong>\u00a02004<\/li>\n<li><strong>Puslapiai:<\/strong>\u00a0181<\/li>\n<li><strong>ISBN:<\/strong>\u00a09789986393627<\/li>\n<li><strong>Formatas:<\/strong>\u00a014,5 x 21,3 x 2,4 cm, kieti vir\u0161eliai<\/li>\n<\/ul>\n","protected":false},"excerpt":{"rendered":"<p>Knygoje \u201eIki \u0161vyt\u0117jimo: monsinjoro Kazimiero Vasiliausko lai\u0161kai\u201c\u00a0\u2013\u00a0spausdinami pla\u010diai \u017einomo monsinjoro Kazimiero Vasiliausko (1922\u20132001) jaunyst\u0117s met\u0173 lai\u0161kai Zitai \u017demaitytei, v\u0117liau tapusiai menotyrininke. Vyrauja lageriuose ir tremtyje para\u0161yti lai\u0161kai. Juose atsiskleid\u017eia dviej\u0173 jaun\u0173 k\u016brybing\u0173 \u017emoni\u0173 nuostabi draugyst\u0117, tapusi post\u016bmiu lai\u0161k\u0173 ra\u0161ytojui labai daug pasakyti apie save, pasaul\u012f, tik\u0117jim\u0105, literat\u016br\u0105, kunigo paskirt\u012f. Tai meil\u0117s lai\u0161kai pa\u010dia \u0161viesiausia \u0161i\u0173 \u017eod\u017ei\u0173 prasme. Leid\u0117jas:\u00a0Lietuvos ra\u0161ytoj\u0173 s\u0105jungos leidykla Metai:\u00a02004 Puslapiai:\u00a0181 ISBN:\u00a09789986393627 Formatas:\u00a014,5 x 21,3 x 2,4 cm, kieti vir\u0161eliai<\/p>\n","protected":false},"featured_media":10591,"comment_status":"closed","ping_status":"closed","template":"","meta":{"_acf_changed":false,"site-sidebar-layout":"default","site-content-layout":"","ast-site-content-layout":"default","site-content-style":"default","site-sidebar-style":"default","ast-global-header-display":"","ast-banner-title-visibility":"","ast-main-header-display":"","ast-hfb-above-header-display":"","ast-hfb-below-header-display":"","ast-hfb-mobile-header-display":"","site-post-title":"","ast-breadcrumbs-content":"","ast-featured-img":"","footer-sml-layout":"","ast-disable-related-posts":"","theme-transparent-header-meta":"default","adv-header-id-meta":"","stick-header-meta":"","header-above-stick-meta":"","header-main-stick-meta":"","header-below-stick-meta":"","astra-migrate-meta-layouts":"set","ast-page-background-enabled":"default","ast-page-background-meta":{"desktop":{"background-color":"","background-image":"","background-repeat":"repeat","background-position":"center center","background-size":"auto","background-attachment":"scroll","background-type":"","background-media":"","overlay-type":"","overlay-color":"","overlay-opacity":"","overlay-gradient":""},"tablet":{"background-color":"","background-image":"","background-repeat":"repeat","background-position":"center center","background-size":"auto","background-attachment":"scroll","background-type":"","background-media":"","overlay-type":"","overlay-color":"","overlay-opacity":"","overlay-gradient":""},"mobile":{"background-color":"","background-image":"","background-repeat":"repeat","background-position":"center center","background-size":"auto","background-attachment":"scroll","background-type":"","background-media":"","overlay-type":"","overlay-color":"","overlay-opacity":"","overlay-gradient":""}},"ast-content-background-meta":{"desktop":{"background-color":"var(--ast-global-color-4)","background-image":"","background-repeat":"repeat","background-position":"center center","background-size":"auto","background-attachment":"scroll","background-type":"","background-media":"","overlay-type":"","overlay-color":"","overlay-opacity":"","overlay-gradient":""},"tablet":{"background-color":"var(--ast-global-color-4)","background-image":"","background-repeat":"repeat","background-position":"center center","background-size":"auto","background-attachment":"scroll","background-type":"","background-media":"","overlay-type":"","overlay-color":"","overlay-opacity":"","overlay-gradient":""},"mobile":{"background-color":"var(--ast-global-color-4)","background-image":"","background-repeat":"repeat","background-position":"center center","background-size":"auto","background-attachment":"scroll","background-type":"","background-media":"","overlay-type":"","overlay-color":"","overlay-opacity":"","overlay-gradient":""}}},"product_brand":[],"product_cat":[165],"product_tag":[],"class_list":{"0":"post-10540","1":"product","2":"type-product","3":"status-publish","4":"has-post-thumbnail","6":"product_cat-religija-filosofija-ir-ezoterika","7":"desktop-align-left","8":"tablet-align-left","9":"mobile-align-left","11":"first","12":"instock","13":"sold-individually","14":"shipping-taxable","15":"purchasable","16":"product-type-simple"},"acf":[],"yoast_head":"<!-- This site is optimized with the Yoast SEO plugin v27.4 - https:\/\/yoast.com\/product\/yoast-seo-wordpress\/ -->\n<title>Iki \u0161vyt\u0117jimo: Kazimiero Vasiliausko lai\u0161kai Zitai \u017demaitytei<\/title>\n<meta name=\"description\" content=\"Knygoje\u00a0spausdinami pla\u010diai \u017einomo monsinjoro Kazimiero Vasiliausko (1922\u20132001) jaunyst\u0117s met\u0173 lai\u0161kai Zitai \u017demaitytei, b\u016bsimai menotyrininkei.\" \/>\n<meta name=\"robots\" content=\"index, follow, max-snippet:-1, max-image-preview:large, max-video-preview:-1\" \/>\n<link rel=\"canonical\" href=\"https:\/\/skaitytaknyga.lt\/en\/produktas\/iki-svytejimo-kazimiero-vasiliausko-laiskai-zitai-zemaitytei\/\" \/>\n<meta property=\"og:locale\" content=\"en_GB\" \/>\n<meta property=\"og:locale:alternate\" content=\"lt_LT\" \/>\n<meta property=\"og:type\" content=\"article\" \/>\n<meta property=\"og:title\" content=\"Iki \u0161vyt\u0117jimo: Kazimiero Vasiliausko lai\u0161kai Zitai \u017demaitytei\" \/>\n<meta property=\"og:description\" content=\"Knygoje\u00a0spausdinami pla\u010diai \u017einomo monsinjoro Kazimiero Vasiliausko (1922\u20132001) jaunyst\u0117s met\u0173 lai\u0161kai Zitai \u017demaitytei, b\u016bsimai menotyrininkei.\" \/>\n<meta property=\"og:url\" content=\"https:\/\/skaitytaknyga.lt\/en\/produktas\/iki-svytejimo-kazimiero-vasiliausko-laiskai-zitai-zemaitytei\/\" \/>\n<meta property=\"og:site_name\" content=\"Skaitytaknyga\" \/>\n<meta property=\"article:publisher\" content=\"https:\/\/www.facebook.com\/skaitytaknyga\/\" \/>\n<meta property=\"article:modified_time\" content=\"2024-07-19T16:13:52+00:00\" \/>\n<meta property=\"og:image\" content=\"https:\/\/skaitytaknyga.lt\/wp-content\/uploads\/2024\/05\/144319-img-20201207-144104-e1663419438306.jpg\" \/>\n\t<meta property=\"og:image:width\" content=\"378\" \/>\n\t<meta property=\"og:image:height\" content=\"556\" \/>\n\t<meta property=\"og:image:type\" content=\"image\/jpeg\" \/>\n<meta name=\"twitter:card\" content=\"summary_large_image\" \/>\n<meta name=\"twitter:label1\" content=\"Estimated reading time\" \/>\n\t<meta name=\"twitter:data1\" content=\"1 minute\" \/>\n<script type=\"application\/ld+json\" class=\"yoast-schema-graph\">{\"@context\":\"https:\\\/\\\/schema.org\",\"@graph\":[{\"@type\":\"WebPage\",\"@id\":\"https:\\\/\\\/skaitytaknyga.lt\\\/produktas\\\/iki-svytejimo-kazimiero-vasiliausko-laiskai-zitai-zemaitytei\\\/\",\"url\":\"https:\\\/\\\/skaitytaknyga.lt\\\/produktas\\\/iki-svytejimo-kazimiero-vasiliausko-laiskai-zitai-zemaitytei\\\/\",\"name\":\"Iki \u0161vyt\u0117jimo: Kazimiero Vasiliausko lai\u0161kai Zitai \u017demaitytei\",\"isPartOf\":{\"@id\":\"https:\\\/\\\/skaitytaknyga.lt\\\/#website\"},\"primaryImageOfPage\":{\"@id\":\"https:\\\/\\\/skaitytaknyga.lt\\\/produktas\\\/iki-svytejimo-kazimiero-vasiliausko-laiskai-zitai-zemaitytei\\\/#primaryimage\"},\"image\":{\"@id\":\"https:\\\/\\\/skaitytaknyga.lt\\\/produktas\\\/iki-svytejimo-kazimiero-vasiliausko-laiskai-zitai-zemaitytei\\\/#primaryimage\"},\"thumbnailUrl\":\"https:\\\/\\\/skaitytaknyga.lt\\\/wp-content\\\/uploads\\\/2024\\\/05\\\/144319-img-20201207-144104-e1663419438306.jpg\",\"datePublished\":\"2024-05-04T18:19:48+00:00\",\"dateModified\":\"2024-07-19T16:13:52+00:00\",\"description\":\"Knygoje\u00a0spausdinami pla\u010diai \u017einomo monsinjoro Kazimiero Vasiliausko (1922\u20132001) jaunyst\u0117s met\u0173 lai\u0161kai Zitai \u017demaitytei, b\u016bsimai menotyrininkei.\",\"breadcrumb\":{\"@id\":\"https:\\\/\\\/skaitytaknyga.lt\\\/produktas\\\/iki-svytejimo-kazimiero-vasiliausko-laiskai-zitai-zemaitytei\\\/#breadcrumb\"},\"inLanguage\":\"en-GB\",\"potentialAction\":[{\"@type\":\"ReadAction\",\"target\":[\"https:\\\/\\\/skaitytaknyga.lt\\\/produktas\\\/iki-svytejimo-kazimiero-vasiliausko-laiskai-zitai-zemaitytei\\\/\"]}]},{\"@type\":\"ImageObject\",\"inLanguage\":\"en-GB\",\"@id\":\"https:\\\/\\\/skaitytaknyga.lt\\\/produktas\\\/iki-svytejimo-kazimiero-vasiliausko-laiskai-zitai-zemaitytei\\\/#primaryimage\",\"url\":\"https:\\\/\\\/skaitytaknyga.lt\\\/wp-content\\\/uploads\\\/2024\\\/05\\\/144319-img-20201207-144104-e1663419438306.jpg\",\"contentUrl\":\"https:\\\/\\\/skaitytaknyga.lt\\\/wp-content\\\/uploads\\\/2024\\\/05\\\/144319-img-20201207-144104-e1663419438306.jpg\",\"width\":378,\"height\":556,\"caption\":\"Iki \u0161vyt\u0117jimo: Kazimiero Vasiliausko lai\u0161kai Zitai \u017demaitytei\"},{\"@type\":\"BreadcrumbList\",\"@id\":\"https:\\\/\\\/skaitytaknyga.lt\\\/produktas\\\/iki-svytejimo-kazimiero-vasiliausko-laiskai-zitai-zemaitytei\\\/#breadcrumb\",\"itemListElement\":[{\"@type\":\"ListItem\",\"position\":1,\"name\":\"Home\",\"item\":\"https:\\\/\\\/skaitytaknyga.lt\\\/\"},{\"@type\":\"ListItem\",\"position\":2,\"name\":\"Parduotuv\u0117\",\"item\":\"https:\\\/\\\/skaitytaknyga.lt\\\/knygu-parduotuve\\\/\"},{\"@type\":\"ListItem\",\"position\":3,\"name\":\"Iki \u0161vyt\u0117jimo: Kazimiero Vasiliausko lai\u0161kai Zitai \u017demaitytei\"}]},{\"@type\":\"WebSite\",\"@id\":\"https:\\\/\\\/skaitytaknyga.lt\\\/#website\",\"url\":\"https:\\\/\\\/skaitytaknyga.lt\\\/\",\"name\":\"skaitytaknyga.lt\",\"description\":\"Skaitytaknyga.lt \u2013 tai ma\u017eas \u0161eimos verslas, kuris prasid\u0117jo nuo meil\u0117s knygoms ir siekio i\u0161gelb\u0117ti knygas nuo likimo prie konteinerio. Kas vienam nereikalingas daiktas \u2013 kitam lobis, o mes esame tarpininkai, kurie padeda abiems tapti laimingesniems ???? \u017dinome kaip nelengva i\u0161gyventi ma\u017eiems verslams, tad nuo \u0161iol, \u010dia rasite ir kit\u0173, ma\u017e\u0173 \u0161eim\u0173 versl\u0173, rank\u0173 darbo, dovan\u0173 sau ir artimiesiems.\",\"publisher\":{\"@id\":\"https:\\\/\\\/skaitytaknyga.lt\\\/#organization\"},\"potentialAction\":[{\"@type\":\"SearchAction\",\"target\":{\"@type\":\"EntryPoint\",\"urlTemplate\":\"https:\\\/\\\/skaitytaknyga.lt\\\/?s={search_term_string}\"},\"query-input\":{\"@type\":\"PropertyValueSpecification\",\"valueRequired\":true,\"valueName\":\"search_term_string\"}}],\"inLanguage\":\"en-GB\"},{\"@type\":\"Organization\",\"@id\":\"https:\\\/\\\/skaitytaknyga.lt\\\/#organization\",\"name\":\"skaitytaknyga.lt\",\"url\":\"https:\\\/\\\/skaitytaknyga.lt\\\/\",\"logo\":{\"@type\":\"ImageObject\",\"inLanguage\":\"en-GB\",\"@id\":\"https:\\\/\\\/skaitytaknyga.lt\\\/#\\\/schema\\\/logo\\\/image\\\/\",\"url\":\"https:\\\/\\\/skaitytaknyga.lt\\\/wp-content\\\/uploads\\\/2024\\\/05\\\/cropped-cropped-cropped-02_00843_jt3bggkj1j3HLc7SyY6rEUpg.jpeg\",\"contentUrl\":\"https:\\\/\\\/skaitytaknyga.lt\\\/wp-content\\\/uploads\\\/2024\\\/05\\\/cropped-cropped-cropped-02_00843_jt3bggkj1j3HLc7SyY6rEUpg.jpeg\",\"width\":1600,\"height\":1600,\"caption\":\"skaitytaknyga.lt\"},\"image\":{\"@id\":\"https:\\\/\\\/skaitytaknyga.lt\\\/#\\\/schema\\\/logo\\\/image\\\/\"},\"sameAs\":[\"https:\\\/\\\/www.facebook.com\\\/skaitytaknyga\\\/\"]}]}<\/script>\n<!-- \/ Yoast SEO plugin. -->","yoast_head_json":{"title":"Iki \u0161vyt\u0117jimo: Kazimiero Vasiliausko lai\u0161kai Zitai \u017demaitytei","description":"Knygoje\u00a0spausdinami pla\u010diai \u017einomo monsinjoro Kazimiero Vasiliausko (1922\u20132001) jaunyst\u0117s met\u0173 lai\u0161kai Zitai \u017demaitytei, b\u016bsimai menotyrininkei.","robots":{"index":"index","follow":"follow","max-snippet":"max-snippet:-1","max-image-preview":"max-image-preview:large","max-video-preview":"max-video-preview:-1"},"canonical":"https:\/\/skaitytaknyga.lt\/en\/produktas\/iki-svytejimo-kazimiero-vasiliausko-laiskai-zitai-zemaitytei\/","og_locale":"en_GB","og_type":"article","og_title":"[:lt]Iki \u0161vyt\u0117jimo: Kazimiero Vasiliausko lai\u0161kai Zitai \u017demaitytei[:] - Skaitytaknyga","og_description":"[:lt]Knygoje\u00a0spausdinami pla\u010diai \u017einomo monsinjoro Kazimiero Vasiliausko (1922\u20132001) jaunyst\u0117s met\u0173 lai\u0161kai Zitai \u017demaitytei, b\u016bsimai menotyrininkei.[:]","og_url":"https:\/\/skaitytaknyga.lt\/en\/produktas\/iki-svytejimo-kazimiero-vasiliausko-laiskai-zitai-zemaitytei\/","og_site_name":"Skaitytaknyga","article_publisher":"https:\/\/www.facebook.com\/skaitytaknyga\/","article_modified_time":"2024-07-19T16:13:52+00:00","og_image":[{"width":378,"height":556,"url":"https:\/\/skaitytaknyga.lt\/wp-content\/uploads\/2024\/05\/144319-img-20201207-144104-e1663419438306.jpg","type":"image\/jpeg"}],"twitter_card":"summary_large_image","twitter_misc":{"Estimated reading time":"1 minute"},"schema":{"@context":"https:\/\/schema.org","@graph":[{"@type":"WebPage","@id":"https:\/\/skaitytaknyga.lt\/produktas\/iki-svytejimo-kazimiero-vasiliausko-laiskai-zitai-zemaitytei\/","url":"https:\/\/skaitytaknyga.lt\/produktas\/iki-svytejimo-kazimiero-vasiliausko-laiskai-zitai-zemaitytei\/","name":"Iki \u0161vyt\u0117jimo: Kazimiero Vasiliausko lai\u0161kai Zitai \u017demaitytei","isPartOf":{"@id":"https:\/\/skaitytaknyga.lt\/#website"},"primaryImageOfPage":{"@id":"https:\/\/skaitytaknyga.lt\/produktas\/iki-svytejimo-kazimiero-vasiliausko-laiskai-zitai-zemaitytei\/#primaryimage"},"image":{"@id":"https:\/\/skaitytaknyga.lt\/produktas\/iki-svytejimo-kazimiero-vasiliausko-laiskai-zitai-zemaitytei\/#primaryimage"},"thumbnailUrl":"https:\/\/skaitytaknyga.lt\/wp-content\/uploads\/2024\/05\/144319-img-20201207-144104-e1663419438306.jpg","datePublished":"2024-05-04T18:19:48+00:00","dateModified":"2024-07-19T16:13:52+00:00","description":"Knygoje\u00a0spausdinami pla\u010diai \u017einomo monsinjoro Kazimiero Vasiliausko (1922\u20132001) jaunyst\u0117s met\u0173 lai\u0161kai Zitai \u017demaitytei, b\u016bsimai menotyrininkei.","breadcrumb":{"@id":"https:\/\/skaitytaknyga.lt\/produktas\/iki-svytejimo-kazimiero-vasiliausko-laiskai-zitai-zemaitytei\/#breadcrumb"},"inLanguage":"en-GB","potentialAction":[{"@type":"ReadAction","target":["https:\/\/skaitytaknyga.lt\/produktas\/iki-svytejimo-kazimiero-vasiliausko-laiskai-zitai-zemaitytei\/"]}]},{"@type":"ImageObject","inLanguage":"en-GB","@id":"https:\/\/skaitytaknyga.lt\/produktas\/iki-svytejimo-kazimiero-vasiliausko-laiskai-zitai-zemaitytei\/#primaryimage","url":"https:\/\/skaitytaknyga.lt\/wp-content\/uploads\/2024\/05\/144319-img-20201207-144104-e1663419438306.jpg","contentUrl":"https:\/\/skaitytaknyga.lt\/wp-content\/uploads\/2024\/05\/144319-img-20201207-144104-e1663419438306.jpg","width":378,"height":556,"caption":"Iki \u0161vyt\u0117jimo: Kazimiero Vasiliausko lai\u0161kai Zitai \u017demaitytei"},{"@type":"BreadcrumbList","@id":"https:\/\/skaitytaknyga.lt\/produktas\/iki-svytejimo-kazimiero-vasiliausko-laiskai-zitai-zemaitytei\/#breadcrumb","itemListElement":[{"@type":"ListItem","position":1,"name":"Home","item":"https:\/\/skaitytaknyga.lt\/"},{"@type":"ListItem","position":2,"name":"Parduotuv\u0117","item":"https:\/\/skaitytaknyga.lt\/knygu-parduotuve\/"},{"@type":"ListItem","position":3,"name":"Iki \u0161vyt\u0117jimo: Kazimiero Vasiliausko lai\u0161kai Zitai \u017demaitytei"}]},{"@type":"WebSite","@id":"https:\/\/skaitytaknyga.lt\/#website","url":"https:\/\/skaitytaknyga.lt\/","name":"skaitytaknyga.lt","description":"Skaitytaknyga.lt \u2013 tai ma\u017eas \u0161eimos verslas, kuris prasid\u0117jo nuo meil\u0117s knygoms ir siekio i\u0161gelb\u0117ti knygas nuo likimo prie konteinerio. Kas vienam nereikalingas daiktas \u2013 kitam lobis, o mes esame tarpininkai, kurie padeda abiems tapti laimingesniems ???? \u017dinome kaip nelengva i\u0161gyventi ma\u017eiems verslams, tad nuo \u0161iol, \u010dia rasite ir kit\u0173, ma\u017e\u0173 \u0161eim\u0173 versl\u0173, rank\u0173 darbo, dovan\u0173 sau ir artimiesiems.","publisher":{"@id":"https:\/\/skaitytaknyga.lt\/#organization"},"potentialAction":[{"@type":"SearchAction","target":{"@type":"EntryPoint","urlTemplate":"https:\/\/skaitytaknyga.lt\/?s={search_term_string}"},"query-input":{"@type":"PropertyValueSpecification","valueRequired":true,"valueName":"search_term_string"}}],"inLanguage":"en-GB"},{"@type":"Organization","@id":"https:\/\/skaitytaknyga.lt\/#organization","name":"skaitytaknyga.lt","url":"https:\/\/skaitytaknyga.lt\/","logo":{"@type":"ImageObject","inLanguage":"en-GB","@id":"https:\/\/skaitytaknyga.lt\/#\/schema\/logo\/image\/","url":"https:\/\/skaitytaknyga.lt\/wp-content\/uploads\/2024\/05\/cropped-cropped-cropped-02_00843_jt3bggkj1j3HLc7SyY6rEUpg.jpeg","contentUrl":"https:\/\/skaitytaknyga.lt\/wp-content\/uploads\/2024\/05\/cropped-cropped-cropped-02_00843_jt3bggkj1j3HLc7SyY6rEUpg.jpeg","width":1600,"height":1600,"caption":"skaitytaknyga.lt"},"image":{"@id":"https:\/\/skaitytaknyga.lt\/#\/schema\/logo\/image\/"},"sameAs":["https:\/\/www.facebook.com\/skaitytaknyga\/"]}]}},"_links":{"self":[{"href":"https:\/\/skaitytaknyga.lt\/en\/wp-json\/wp\/v2\/product\/10540","targetHints":{"allow":["GET"]}}],"collection":[{"href":"https:\/\/skaitytaknyga.lt\/en\/wp-json\/wp\/v2\/product"}],"about":[{"href":"https:\/\/skaitytaknyga.lt\/en\/wp-json\/wp\/v2\/types\/product"}],"replies":[{"embeddable":true,"href":"https:\/\/skaitytaknyga.lt\/en\/wp-json\/wp\/v2\/comments?post=10540"}],"wp:featuredmedia":[{"embeddable":true,"href":"https:\/\/skaitytaknyga.lt\/en\/wp-json\/wp\/v2\/media\/10591"}],"wp:attachment":[{"href":"https:\/\/skaitytaknyga.lt\/en\/wp-json\/wp\/v2\/media?parent=10540"}],"wp:term":[{"taxonomy":"product_brand","embeddable":true,"href":"https:\/\/skaitytaknyga.lt\/en\/wp-json\/wp\/v2\/product_brand?post=10540"},{"taxonomy":"product_cat","embeddable":true,"href":"https:\/\/skaitytaknyga.lt\/en\/wp-json\/wp\/v2\/product_cat?post=10540"},{"taxonomy":"product_tag","embeddable":true,"href":"https:\/\/skaitytaknyga.lt\/en\/wp-json\/wp\/v2\/product_tag?post=10540"}],"curies":[{"name":"wp","href":"https:\/\/api.w.org\/{rel}","templated":true}]}}