{"id":10530,"date":"2024-05-04T18:19:26","date_gmt":"2024-05-04T18:19:26","guid":{"rendered":"https:\/\/skaitytaknyga.lt\/?post_type=product&#038;p=10530"},"modified":"2024-05-04T18:24:47","modified_gmt":"2024-05-04T18:24:47","slug":"d-seskauskaite-erotika-tautosakoje","status":"publish","type":"product","link":"https:\/\/skaitytaknyga.lt\/en\/produktas\/d-seskauskaite-erotika-tautosakoje\/","title":{"rendered":"D. \u0160e\u0161kauskait\u0117 &#8220;Erotika tautosakoje&#8221;"},"content":{"rendered":"<p>Ant u\u017everstos knygos matosi ne\u0161varum\u0173<\/p>\n<p>&#8220;Erotika tautosakoje&#8221; &#8211; tai knyga apie meil\u0119 ir erotik\u0105 m\u016bs\u0173 prot\u0117vi\u0173 ir t\u0117v\u0173 akimis, papro\u010diuose, mitologijoje ir religijoje.<\/p>\n<p>Mitin\u0117 archajini\u0173 \u017emoni\u0173 pasaul\u0117jauta bei pasaul\u0117\u017ei\u016bra, kei\u010diantis visuomen\u0117s santvarkomis, liaudies s\u0105mon\u0117je i\u0161liko iki m\u016bs\u0173 dien\u0173. Senoji lietuvi\u0173 tauta, gyvenusi kartu su kitomis senomis tautomis ir gentinimus indoeurope\u010di\u0173 prot\u0117vyn\u0117je, tur\u0117jo daug \u012fvairi\u0173 diev\u0173. Nat\u016bralu, kad tarp daugyb\u0117s diev\u0173 buvo globojan\u010di\u0173 seksuolinius santykius, \u0161eim\u0105 ir meil\u0119: Diev\u0173 motina, Saul\u0117, Varpulis, Au\u0161rin\u0117, Milda, Lazdona, Gondu, Pizius, Laum\u0117, Laim\u0117 \u0160eimynos dievas, Matergabija, Derintojas, Lygi\u010dius, Gulbi\u0173 dievas.<\/p>\n","protected":false},"excerpt":{"rendered":"<p>Ant u\u017everstos knygos matosi ne\u0161varum\u0173 &#8220;Erotika tautosakoje&#8221; &#8211; tai knyga apie meil\u0119 ir erotik\u0105 m\u016bs\u0173 prot\u0117vi\u0173 ir t\u0117v\u0173 akimis, papro\u010diuose, mitologijoje ir religijoje. Mitin\u0117 archajini\u0173 \u017emoni\u0173 pasaul\u0117jauta bei pasaul\u0117\u017ei\u016bra, kei\u010diantis visuomen\u0117s santvarkomis, liaudies s\u0105mon\u0117je i\u0161liko iki m\u016bs\u0173 dien\u0173. Senoji lietuvi\u0173 tauta, gyvenusi kartu su kitomis senomis tautomis ir gentinimus indoeurope\u010di\u0173 prot\u0117vyn\u0117je, tur\u0117jo daug \u012fvairi\u0173 diev\u0173. Nat\u016bralu, kad tarp daugyb\u0117s diev\u0173 buvo globojan\u010di\u0173 seksuolinius santykius, \u0161eim\u0105 ir meil\u0119: Diev\u0173 motina, Saul\u0117, Varpulis, Au\u0161rin\u0117, Milda, Lazdona, Gondu, Pizius, Laum\u0117, Laim\u0117 \u0160eimynos dievas, Matergabija, Derintojas, Lygi\u010dius, Gulbi\u0173 dievas.<\/p>\n","protected":false},"featured_media":10579,"comment_status":"open","ping_status":"closed","template":"","meta":{"_acf_changed":false,"site-sidebar-layout":"default","site-content-layout":"","ast-site-content-layout":"default","site-content-style":"default","site-sidebar-style":"default","ast-global-header-display":"","ast-banner-title-visibility":"","ast-main-header-display":"","ast-hfb-above-header-display":"","ast-hfb-below-header-display":"","ast-hfb-mobile-header-display":"","site-post-title":"","ast-breadcrumbs-content":"","ast-featured-img":"","footer-sml-layout":"","ast-disable-related-posts":"","theme-transparent-header-meta":"","adv-header-id-meta":"","stick-header-meta":"","header-above-stick-meta":"","header-main-stick-meta":"","header-below-stick-meta":"","astra-migrate-meta-layouts":"default","ast-page-background-enabled":"default","ast-page-background-meta":{"desktop":{"background-color":"","background-image":"","background-repeat":"repeat","background-position":"center center","background-size":"auto","background-attachment":"scroll","background-type":"","background-media":"","overlay-type":"","overlay-color":"","overlay-opacity":"","overlay-gradient":""},"tablet":{"background-color":"","background-image":"","background-repeat":"repeat","background-position":"center center","background-size":"auto","background-attachment":"scroll","background-type":"","background-media":"","overlay-type":"","overlay-color":"","overlay-opacity":"","overlay-gradient":""},"mobile":{"background-color":"","background-image":"","background-repeat":"repeat","background-position":"center center","background-size":"auto","background-attachment":"scroll","background-type":"","background-media":"","overlay-type":"","overlay-color":"","overlay-opacity":"","overlay-gradient":""}},"ast-content-background-meta":{"desktop":{"background-color":"var(--ast-global-color-4)","background-image":"","background-repeat":"repeat","background-position":"center center","background-size":"auto","background-attachment":"scroll","background-type":"","background-media":"","overlay-type":"","overlay-color":"","overlay-opacity":"","overlay-gradient":""},"tablet":{"background-color":"var(--ast-global-color-4)","background-image":"","background-repeat":"repeat","background-position":"center center","background-size":"auto","background-attachment":"scroll","background-type":"","background-media":"","overlay-type":"","overlay-color":"","overlay-opacity":"","overlay-gradient":""},"mobile":{"background-color":"var(--ast-global-color-4)","background-image":"","background-repeat":"repeat","background-position":"center center","background-size":"auto","background-attachment":"scroll","background-type":"","background-media":"","overlay-type":"","overlay-color":"","overlay-opacity":"","overlay-gradient":""}}},"product_brand":[],"product_cat":[293],"product_tag":[],"class_list":{"0":"post-10530","1":"product","2":"type-product","3":"status-publish","4":"has-post-thumbnail","6":"product_cat-etnografija-liaudies-kuryba","7":"desktop-align-left","8":"tablet-align-left","9":"mobile-align-left","11":"first","12":"outofstock","13":"sold-individually","14":"shipping-taxable","15":"purchasable","16":"product-type-simple"},"acf":[],"yoast_head":"<!-- This site is optimized with the Yoast SEO plugin v27.4 - https:\/\/yoast.com\/product\/yoast-seo-wordpress\/ -->\n<title>D. \u0160e\u0161kauskait\u0117 &quot;Erotika tautosakoje&quot; - Skaitytaknyga<\/title>\n<meta name=\"description\" content=\"Ant u\u017everstos knygos matosi ne\u0161varum\u0173 &quot;Erotika tautosakoje&quot; - tai knyga apie meil\u0119 ir erotik\u0105 m\u016bs\u0173 prot\u0117vi\u0173 ir t\u0117v\u0173 akimis, papro\u010diuose, mitologijoje ir\" \/>\n<meta name=\"robots\" content=\"index, follow, max-snippet:-1, max-image-preview:large, max-video-preview:-1\" \/>\n<link rel=\"canonical\" href=\"https:\/\/skaitytaknyga.lt\/en\/produktas\/d-seskauskaite-erotika-tautosakoje\/\" \/>\n<meta property=\"og:locale\" content=\"en_GB\" \/>\n<meta property=\"og:locale:alternate\" content=\"lt_LT\" \/>\n<meta property=\"og:type\" content=\"article\" \/>\n<meta property=\"og:title\" content=\"D. \u0160e\u0161kauskait\u0117 &quot;Erotika tautosakoje&quot; - Skaitytaknyga\" \/>\n<meta property=\"og:description\" content=\"Ant u\u017everstos knygos matosi ne\u0161varum\u0173 &quot;Erotika tautosakoje&quot; - tai knyga apie meil\u0119 ir erotik\u0105 m\u016bs\u0173 prot\u0117vi\u0173 ir t\u0117v\u0173 akimis, papro\u010diuose, mitologijoje ir\" \/>\n<meta property=\"og:url\" content=\"https:\/\/skaitytaknyga.lt\/en\/produktas\/d-seskauskaite-erotika-tautosakoje\/\" \/>\n<meta property=\"og:site_name\" content=\"Skaitytaknyga\" \/>\n<meta property=\"article:publisher\" content=\"https:\/\/www.facebook.com\/skaitytaknyga\/\" \/>\n<meta property=\"article:modified_time\" content=\"2024-05-04T18:24:47+00:00\" \/>\n<meta property=\"og:image\" content=\"https:\/\/skaitytaknyga.lt\/wp-content\/uploads\/2024\/05\/11267-scaled-1.jpg\" \/>\n\t<meta property=\"og:image:width\" content=\"2560\" \/>\n\t<meta property=\"og:image:height\" content=\"2560\" \/>\n\t<meta property=\"og:image:type\" content=\"image\/jpeg\" \/>\n<meta name=\"twitter:card\" content=\"summary_large_image\" \/>\n<meta name=\"twitter:label1\" content=\"Estimated reading time\" \/>\n\t<meta name=\"twitter:data1\" content=\"1 minute\" \/>\n<script type=\"application\/ld+json\" class=\"yoast-schema-graph\">{\"@context\":\"https:\\\/\\\/schema.org\",\"@graph\":[{\"@type\":\"WebPage\",\"@id\":\"https:\\\/\\\/skaitytaknyga.lt\\\/produktas\\\/d-seskauskaite-erotika-tautosakoje\\\/\",\"url\":\"https:\\\/\\\/skaitytaknyga.lt\\\/produktas\\\/d-seskauskaite-erotika-tautosakoje\\\/\",\"name\":\"D. \u0160e\u0161kauskait\u0117 \\\"Erotika tautosakoje\\\" - Skaitytaknyga\",\"isPartOf\":{\"@id\":\"https:\\\/\\\/skaitytaknyga.lt\\\/#website\"},\"primaryImageOfPage\":{\"@id\":\"https:\\\/\\\/skaitytaknyga.lt\\\/produktas\\\/d-seskauskaite-erotika-tautosakoje\\\/#primaryimage\"},\"image\":{\"@id\":\"https:\\\/\\\/skaitytaknyga.lt\\\/produktas\\\/d-seskauskaite-erotika-tautosakoje\\\/#primaryimage\"},\"thumbnailUrl\":\"https:\\\/\\\/skaitytaknyga.lt\\\/wp-content\\\/uploads\\\/2024\\\/05\\\/11267-scaled-1.jpg\",\"datePublished\":\"2024-05-04T18:19:26+00:00\",\"dateModified\":\"2024-05-04T18:24:47+00:00\",\"description\":\"Ant u\u017everstos knygos matosi ne\u0161varum\u0173 \\\"Erotika tautosakoje\\\" - tai knyga apie meil\u0119 ir erotik\u0105 m\u016bs\u0173 prot\u0117vi\u0173 ir t\u0117v\u0173 akimis, papro\u010diuose, mitologijoje ir\",\"breadcrumb\":{\"@id\":\"https:\\\/\\\/skaitytaknyga.lt\\\/produktas\\\/d-seskauskaite-erotika-tautosakoje\\\/#breadcrumb\"},\"inLanguage\":\"en-GB\",\"potentialAction\":[{\"@type\":\"ReadAction\",\"target\":[\"https:\\\/\\\/skaitytaknyga.lt\\\/produktas\\\/d-seskauskaite-erotika-tautosakoje\\\/\"]}]},{\"@type\":\"ImageObject\",\"inLanguage\":\"en-GB\",\"@id\":\"https:\\\/\\\/skaitytaknyga.lt\\\/produktas\\\/d-seskauskaite-erotika-tautosakoje\\\/#primaryimage\",\"url\":\"https:\\\/\\\/skaitytaknyga.lt\\\/wp-content\\\/uploads\\\/2024\\\/05\\\/11267-scaled-1.jpg\",\"contentUrl\":\"https:\\\/\\\/skaitytaknyga.lt\\\/wp-content\\\/uploads\\\/2024\\\/05\\\/11267-scaled-1.jpg\",\"width\":2560,\"height\":2560},{\"@type\":\"BreadcrumbList\",\"@id\":\"https:\\\/\\\/skaitytaknyga.lt\\\/produktas\\\/d-seskauskaite-erotika-tautosakoje\\\/#breadcrumb\",\"itemListElement\":[{\"@type\":\"ListItem\",\"position\":1,\"name\":\"Home\",\"item\":\"https:\\\/\\\/skaitytaknyga.lt\\\/\"},{\"@type\":\"ListItem\",\"position\":2,\"name\":\"Parduotuv\u0117\",\"item\":\"https:\\\/\\\/skaitytaknyga.lt\\\/knygu-parduotuve\\\/\"},{\"@type\":\"ListItem\",\"position\":3,\"name\":\"D. \u0160e\u0161kauskait\u0117 &#8222;Erotika tautosakoje&#8221;\"}]},{\"@type\":\"WebSite\",\"@id\":\"https:\\\/\\\/skaitytaknyga.lt\\\/#website\",\"url\":\"https:\\\/\\\/skaitytaknyga.lt\\\/\",\"name\":\"skaitytaknyga.lt\",\"description\":\"Skaitytaknyga.lt \u2013 tai ma\u017eas \u0161eimos verslas, kuris prasid\u0117jo nuo meil\u0117s knygoms ir siekio i\u0161gelb\u0117ti knygas nuo likimo prie konteinerio. Kas vienam nereikalingas daiktas \u2013 kitam lobis, o mes esame tarpininkai, kurie padeda abiems tapti laimingesniems ???? \u017dinome kaip nelengva i\u0161gyventi ma\u017eiems verslams, tad nuo \u0161iol, \u010dia rasite ir kit\u0173, ma\u017e\u0173 \u0161eim\u0173 versl\u0173, rank\u0173 darbo, dovan\u0173 sau ir artimiesiems.\",\"publisher\":{\"@id\":\"https:\\\/\\\/skaitytaknyga.lt\\\/#organization\"},\"potentialAction\":[{\"@type\":\"SearchAction\",\"target\":{\"@type\":\"EntryPoint\",\"urlTemplate\":\"https:\\\/\\\/skaitytaknyga.lt\\\/?s={search_term_string}\"},\"query-input\":{\"@type\":\"PropertyValueSpecification\",\"valueRequired\":true,\"valueName\":\"search_term_string\"}}],\"inLanguage\":\"en-GB\"},{\"@type\":\"Organization\",\"@id\":\"https:\\\/\\\/skaitytaknyga.lt\\\/#organization\",\"name\":\"skaitytaknyga.lt\",\"url\":\"https:\\\/\\\/skaitytaknyga.lt\\\/\",\"logo\":{\"@type\":\"ImageObject\",\"inLanguage\":\"en-GB\",\"@id\":\"https:\\\/\\\/skaitytaknyga.lt\\\/#\\\/schema\\\/logo\\\/image\\\/\",\"url\":\"https:\\\/\\\/skaitytaknyga.lt\\\/wp-content\\\/uploads\\\/2024\\\/05\\\/cropped-cropped-cropped-02_00843_jt3bggkj1j3HLc7SyY6rEUpg.jpeg\",\"contentUrl\":\"https:\\\/\\\/skaitytaknyga.lt\\\/wp-content\\\/uploads\\\/2024\\\/05\\\/cropped-cropped-cropped-02_00843_jt3bggkj1j3HLc7SyY6rEUpg.jpeg\",\"width\":1600,\"height\":1600,\"caption\":\"skaitytaknyga.lt\"},\"image\":{\"@id\":\"https:\\\/\\\/skaitytaknyga.lt\\\/#\\\/schema\\\/logo\\\/image\\\/\"},\"sameAs\":[\"https:\\\/\\\/www.facebook.com\\\/skaitytaknyga\\\/\"]}]}<\/script>\n<!-- \/ Yoast SEO plugin. -->","yoast_head_json":{"title":"D. \u0160e\u0161kauskait\u0117 \"Erotika tautosakoje\" - Skaitytaknyga","description":"Ant u\u017everstos knygos matosi ne\u0161varum\u0173 \"Erotika tautosakoje\" - tai knyga apie meil\u0119 ir erotik\u0105 m\u016bs\u0173 prot\u0117vi\u0173 ir t\u0117v\u0173 akimis, papro\u010diuose, mitologijoje ir","robots":{"index":"index","follow":"follow","max-snippet":"max-snippet:-1","max-image-preview":"max-image-preview:large","max-video-preview":"max-video-preview:-1"},"canonical":"https:\/\/skaitytaknyga.lt\/en\/produktas\/d-seskauskaite-erotika-tautosakoje\/","og_locale":"en_GB","og_type":"article","og_title":"D. \u0160e\u0161kauskait\u0117 \"Erotika tautosakoje\" - Skaitytaknyga","og_description":"Ant u\u017everstos knygos matosi ne\u0161varum\u0173 \"Erotika tautosakoje\" - tai knyga apie meil\u0119 ir erotik\u0105 m\u016bs\u0173 prot\u0117vi\u0173 ir t\u0117v\u0173 akimis, papro\u010diuose, mitologijoje ir","og_url":"https:\/\/skaitytaknyga.lt\/en\/produktas\/d-seskauskaite-erotika-tautosakoje\/","og_site_name":"Skaitytaknyga","article_publisher":"https:\/\/www.facebook.com\/skaitytaknyga\/","article_modified_time":"2024-05-04T18:24:47+00:00","og_image":[{"width":2560,"height":2560,"url":"https:\/\/skaitytaknyga.lt\/wp-content\/uploads\/2024\/05\/11267-scaled-1.jpg","type":"image\/jpeg"}],"twitter_card":"summary_large_image","twitter_misc":{"Estimated reading time":"1 minute"},"schema":{"@context":"https:\/\/schema.org","@graph":[{"@type":"WebPage","@id":"https:\/\/skaitytaknyga.lt\/produktas\/d-seskauskaite-erotika-tautosakoje\/","url":"https:\/\/skaitytaknyga.lt\/produktas\/d-seskauskaite-erotika-tautosakoje\/","name":"D. \u0160e\u0161kauskait\u0117 \"Erotika tautosakoje\" - Skaitytaknyga","isPartOf":{"@id":"https:\/\/skaitytaknyga.lt\/#website"},"primaryImageOfPage":{"@id":"https:\/\/skaitytaknyga.lt\/produktas\/d-seskauskaite-erotika-tautosakoje\/#primaryimage"},"image":{"@id":"https:\/\/skaitytaknyga.lt\/produktas\/d-seskauskaite-erotika-tautosakoje\/#primaryimage"},"thumbnailUrl":"https:\/\/skaitytaknyga.lt\/wp-content\/uploads\/2024\/05\/11267-scaled-1.jpg","datePublished":"2024-05-04T18:19:26+00:00","dateModified":"2024-05-04T18:24:47+00:00","description":"Ant u\u017everstos knygos matosi ne\u0161varum\u0173 \"Erotika tautosakoje\" - tai knyga apie meil\u0119 ir erotik\u0105 m\u016bs\u0173 prot\u0117vi\u0173 ir t\u0117v\u0173 akimis, papro\u010diuose, mitologijoje ir","breadcrumb":{"@id":"https:\/\/skaitytaknyga.lt\/produktas\/d-seskauskaite-erotika-tautosakoje\/#breadcrumb"},"inLanguage":"en-GB","potentialAction":[{"@type":"ReadAction","target":["https:\/\/skaitytaknyga.lt\/produktas\/d-seskauskaite-erotika-tautosakoje\/"]}]},{"@type":"ImageObject","inLanguage":"en-GB","@id":"https:\/\/skaitytaknyga.lt\/produktas\/d-seskauskaite-erotika-tautosakoje\/#primaryimage","url":"https:\/\/skaitytaknyga.lt\/wp-content\/uploads\/2024\/05\/11267-scaled-1.jpg","contentUrl":"https:\/\/skaitytaknyga.lt\/wp-content\/uploads\/2024\/05\/11267-scaled-1.jpg","width":2560,"height":2560},{"@type":"BreadcrumbList","@id":"https:\/\/skaitytaknyga.lt\/produktas\/d-seskauskaite-erotika-tautosakoje\/#breadcrumb","itemListElement":[{"@type":"ListItem","position":1,"name":"Home","item":"https:\/\/skaitytaknyga.lt\/"},{"@type":"ListItem","position":2,"name":"Parduotuv\u0117","item":"https:\/\/skaitytaknyga.lt\/knygu-parduotuve\/"},{"@type":"ListItem","position":3,"name":"D. \u0160e\u0161kauskait\u0117 &#8222;Erotika tautosakoje&#8221;"}]},{"@type":"WebSite","@id":"https:\/\/skaitytaknyga.lt\/#website","url":"https:\/\/skaitytaknyga.lt\/","name":"skaitytaknyga.lt","description":"Skaitytaknyga.lt \u2013 tai ma\u017eas \u0161eimos verslas, kuris prasid\u0117jo nuo meil\u0117s knygoms ir siekio i\u0161gelb\u0117ti knygas nuo likimo prie konteinerio. Kas vienam nereikalingas daiktas \u2013 kitam lobis, o mes esame tarpininkai, kurie padeda abiems tapti laimingesniems ???? \u017dinome kaip nelengva i\u0161gyventi ma\u017eiems verslams, tad nuo \u0161iol, \u010dia rasite ir kit\u0173, ma\u017e\u0173 \u0161eim\u0173 versl\u0173, rank\u0173 darbo, dovan\u0173 sau ir artimiesiems.","publisher":{"@id":"https:\/\/skaitytaknyga.lt\/#organization"},"potentialAction":[{"@type":"SearchAction","target":{"@type":"EntryPoint","urlTemplate":"https:\/\/skaitytaknyga.lt\/?s={search_term_string}"},"query-input":{"@type":"PropertyValueSpecification","valueRequired":true,"valueName":"search_term_string"}}],"inLanguage":"en-GB"},{"@type":"Organization","@id":"https:\/\/skaitytaknyga.lt\/#organization","name":"skaitytaknyga.lt","url":"https:\/\/skaitytaknyga.lt\/","logo":{"@type":"ImageObject","inLanguage":"en-GB","@id":"https:\/\/skaitytaknyga.lt\/#\/schema\/logo\/image\/","url":"https:\/\/skaitytaknyga.lt\/wp-content\/uploads\/2024\/05\/cropped-cropped-cropped-02_00843_jt3bggkj1j3HLc7SyY6rEUpg.jpeg","contentUrl":"https:\/\/skaitytaknyga.lt\/wp-content\/uploads\/2024\/05\/cropped-cropped-cropped-02_00843_jt3bggkj1j3HLc7SyY6rEUpg.jpeg","width":1600,"height":1600,"caption":"skaitytaknyga.lt"},"image":{"@id":"https:\/\/skaitytaknyga.lt\/#\/schema\/logo\/image\/"},"sameAs":["https:\/\/www.facebook.com\/skaitytaknyga\/"]}]}},"_links":{"self":[{"href":"https:\/\/skaitytaknyga.lt\/en\/wp-json\/wp\/v2\/product\/10530","targetHints":{"allow":["GET"]}}],"collection":[{"href":"https:\/\/skaitytaknyga.lt\/en\/wp-json\/wp\/v2\/product"}],"about":[{"href":"https:\/\/skaitytaknyga.lt\/en\/wp-json\/wp\/v2\/types\/product"}],"replies":[{"embeddable":true,"href":"https:\/\/skaitytaknyga.lt\/en\/wp-json\/wp\/v2\/comments?post=10530"}],"wp:featuredmedia":[{"embeddable":true,"href":"https:\/\/skaitytaknyga.lt\/en\/wp-json\/wp\/v2\/media\/10579"}],"wp:attachment":[{"href":"https:\/\/skaitytaknyga.lt\/en\/wp-json\/wp\/v2\/media?parent=10530"}],"wp:term":[{"taxonomy":"product_brand","embeddable":true,"href":"https:\/\/skaitytaknyga.lt\/en\/wp-json\/wp\/v2\/product_brand?post=10530"},{"taxonomy":"product_cat","embeddable":true,"href":"https:\/\/skaitytaknyga.lt\/en\/wp-json\/wp\/v2\/product_cat?post=10530"},{"taxonomy":"product_tag","embeddable":true,"href":"https:\/\/skaitytaknyga.lt\/en\/wp-json\/wp\/v2\/product_tag?post=10530"}],"curies":[{"name":"wp","href":"https:\/\/api.w.org\/{rel}","templated":true}]}}