{"id":10522,"date":"2024-05-04T18:19:03","date_gmt":"2024-05-04T18:19:03","guid":{"rendered":"https:\/\/skaitytaknyga.lt\/?post_type=product&#038;p=10522"},"modified":"2025-03-18T08:55:15","modified_gmt":"2025-03-18T06:55:15","slug":"h-wassmo-tora-1-3-knygos","status":"publish","type":"product","link":"https:\/\/skaitytaknyga.lt\/en\/produktas\/h-wassmo-tora-1-3-knygos\/","title":{"rendered":"H. Wassmo &#8220;Tora&#8221; 1-3 knygos"},"content":{"rendered":"<p>Namas su akla stiklo veranda \u2013 pirmasis trilogijos \u201eTora\u201c romanas. Tai jaudinantis pasakojimas apie vieni\u0161\u0105 mergait\u0119, \u201evokie\u010dio pavainik\u0119\u201c (jos t\u0117vas \u2013 vokie\u010di\u0173 kareivis, ding\u0119s per kar\u0105), augan\u010di\u0105 ma\u017eyt\u0117je bendruomen\u0117je Norvegijos \u0161iaur\u0117je. Ji gyvena su pat\u0117viu ir ma\u017eakalbe, u\u017edara mama, per r\u016bpes\u010dius nerandan\u010dia laiko meilei. Vieninteliai jos gyvenimo \u0161viesuliai \u2013 teta Rakel\u0117 ir d\u0117d\u0117 Simonas.<br \/>\nRoman\u0173 trilogija, para\u0161yta poetine humoro bei jaudinan\u010dios rimties nestokojan\u010dia kalba, vaizduoja gra\u017e\u0173 bei spalving\u0105 Toros paveiksl\u0105. 1987 m. Herbj\u00f8rg Wassmo paskutin\u0117 trilogijos dalis Beodis dangus buvo apdovanota \u0160iaur\u0117s \u0161ali\u0173 tarybos premija. Visos knygos i\u0161verstos \u012f angl\u0173, vokie\u010di\u0173, pranc\u016bz\u0173 ir ital\u0173 kalbas.<\/p>\n","protected":false},"excerpt":{"rendered":"<p>Namas su akla stiklo veranda \u2013 pirmasis trilogijos \u201eTora\u201c romanas. Tai jaudinantis pasakojimas apie vieni\u0161\u0105 mergait\u0119, \u201evokie\u010dio pavainik\u0119\u201c (jos t\u0117vas \u2013 vokie\u010di\u0173 kareivis, ding\u0119s per kar\u0105), augan\u010di\u0105 ma\u017eyt\u0117je bendruomen\u0117je Norvegijos \u0161iaur\u0117je. Ji gyvena su pat\u0117viu ir ma\u017eakalbe, u\u017edara mama, per r\u016bpes\u010dius nerandan\u010dia laiko meilei. Vieninteliai jos gyvenimo \u0161viesuliai \u2013 teta Rakel\u0117 ir d\u0117d\u0117 Simonas. Roman\u0173 trilogija, para\u0161yta poetine humoro bei jaudinan\u010dios rimties nestokojan\u010dia kalba, vaizduoja gra\u017e\u0173 bei spalving\u0105 Toros paveiksl\u0105. 1987 m. Herbj\u00f8rg Wassmo paskutin\u0117 trilogijos dalis Beodis dangus buvo apdovanota \u0160iaur\u0117s \u0161ali\u0173 tarybos premija. Visos knygos i\u0161verstos \u012f angl\u0173, vokie\u010di\u0173, pranc\u016bz\u0173 ir ital\u0173 kalbas.<\/p>\n","protected":false},"featured_media":17133,"comment_status":"closed","ping_status":"closed","template":"","meta":{"_acf_changed":false,"site-sidebar-layout":"default","site-content-layout":"","ast-site-content-layout":"default","site-content-style":"default","site-sidebar-style":"default","ast-global-header-display":"","ast-banner-title-visibility":"","ast-main-header-display":"","ast-hfb-above-header-display":"","ast-hfb-below-header-display":"","ast-hfb-mobile-header-display":"","site-post-title":"","ast-breadcrumbs-content":"","ast-featured-img":"","footer-sml-layout":"","ast-disable-related-posts":"","theme-transparent-header-meta":"default","adv-header-id-meta":"","stick-header-meta":"","header-above-stick-meta":"","header-main-stick-meta":"","header-below-stick-meta":"","astra-migrate-meta-layouts":"set","ast-page-background-enabled":"default","ast-page-background-meta":{"desktop":{"background-color":"","background-image":"","background-repeat":"repeat","background-position":"center center","background-size":"auto","background-attachment":"scroll","background-type":"","background-media":"","overlay-type":"","overlay-color":"","overlay-opacity":"","overlay-gradient":""},"tablet":{"background-color":"","background-image":"","background-repeat":"repeat","background-position":"center center","background-size":"auto","background-attachment":"scroll","background-type":"","background-media":"","overlay-type":"","overlay-color":"","overlay-opacity":"","overlay-gradient":""},"mobile":{"background-color":"","background-image":"","background-repeat":"repeat","background-position":"center center","background-size":"auto","background-attachment":"scroll","background-type":"","background-media":"","overlay-type":"","overlay-color":"","overlay-opacity":"","overlay-gradient":""}},"ast-content-background-meta":{"desktop":{"background-color":"var(--ast-global-color-4)","background-image":"","background-repeat":"repeat","background-position":"center center","background-size":"auto","background-attachment":"scroll","background-type":"","background-media":"","overlay-type":"","overlay-color":"","overlay-opacity":"","overlay-gradient":""},"tablet":{"background-color":"var(--ast-global-color-4)","background-image":"","background-repeat":"repeat","background-position":"center center","background-size":"auto","background-attachment":"scroll","background-type":"","background-media":"","overlay-type":"","overlay-color":"","overlay-opacity":"","overlay-gradient":""},"mobile":{"background-color":"var(--ast-global-color-4)","background-image":"","background-repeat":"repeat","background-position":"center center","background-size":"auto","background-attachment":"scroll","background-type":"","background-media":"","overlay-type":"","overlay-color":"","overlay-opacity":"","overlay-gradient":""}}},"product_brand":[],"product_cat":[31],"product_tag":[],"class_list":{"0":"post-10522","1":"product","2":"type-product","3":"status-publish","4":"has-post-thumbnail","6":"product_cat-grozine-literatura","7":"desktop-align-left","8":"tablet-align-left","9":"mobile-align-left","11":"first","12":"outofstock","13":"sold-individually","14":"shipping-taxable","15":"purchasable","16":"product-type-simple"},"acf":[],"yoast_head":"<!-- This site is optimized with the Yoast SEO plugin v27.4 - https:\/\/yoast.com\/product\/yoast-seo-wordpress\/ -->\n<title>H. Wassmo &quot;Tora&quot; 1-3 knygos<\/title>\n<meta name=\"description\" content=\"Namas su akla stiklo veranda \u2013 pirmasis trilogijos \u201eTora\u201c romanas. Tai jaudinantis pasakojimas apie vieni\u0161\u0105 mergait\u0119, \u201evokie\u010dio pavainik\u0119\u201c (jos t\u0117vas \u2013\" \/>\n<meta name=\"robots\" content=\"index, follow, max-snippet:-1, max-image-preview:large, max-video-preview:-1\" \/>\n<link rel=\"canonical\" href=\"https:\/\/skaitytaknyga.lt\/en\/produktas\/h-wassmo-tora-1-3-knygos\/\" \/>\n<meta property=\"og:locale\" content=\"en_GB\" \/>\n<meta property=\"og:locale:alternate\" content=\"lt_LT\" \/>\n<meta property=\"og:type\" content=\"article\" \/>\n<meta property=\"og:title\" content=\"H. Wassmo &quot;Tora&quot; 1-3 knygos\" \/>\n<meta property=\"og:description\" content=\"Namas su akla stiklo veranda \u2013 pirmasis trilogijos \u201eTora\u201c romanas. Tai jaudinantis pasakojimas apie vieni\u0161\u0105 mergait\u0119, \u201evokie\u010dio pavainik\u0119\u201c (jos t\u0117vas \u2013\" \/>\n<meta property=\"og:url\" content=\"https:\/\/skaitytaknyga.lt\/en\/produktas\/h-wassmo-tora-1-3-knygos\/\" \/>\n<meta property=\"og:site_name\" content=\"Skaitytaknyga\" \/>\n<meta property=\"article:publisher\" content=\"https:\/\/www.facebook.com\/skaitytaknyga\/\" \/>\n<meta property=\"article:modified_time\" content=\"2025-03-18T06:55:15+00:00\" \/>\n<meta property=\"og:image\" content=\"https:\/\/skaitytaknyga.lt\/wp-content\/uploads\/2024\/05\/wassmo.jpg\" \/>\n\t<meta property=\"og:image:width\" content=\"429\" \/>\n\t<meta property=\"og:image:height\" content=\"710\" \/>\n\t<meta property=\"og:image:type\" content=\"image\/jpeg\" \/>\n<meta name=\"twitter:card\" content=\"summary_large_image\" \/>\n<meta name=\"twitter:label1\" content=\"Estimated reading time\" \/>\n\t<meta name=\"twitter:data1\" content=\"1 minute\" \/>\n<script type=\"application\/ld+json\" class=\"yoast-schema-graph\">{\"@context\":\"https:\\\/\\\/schema.org\",\"@graph\":[{\"@type\":\"WebPage\",\"@id\":\"https:\\\/\\\/skaitytaknyga.lt\\\/produktas\\\/h-wassmo-tora-1-3-knygos\\\/\",\"url\":\"https:\\\/\\\/skaitytaknyga.lt\\\/produktas\\\/h-wassmo-tora-1-3-knygos\\\/\",\"name\":\"H. Wassmo \\\"Tora\\\" 1-3 knygos\",\"isPartOf\":{\"@id\":\"https:\\\/\\\/skaitytaknyga.lt\\\/#website\"},\"primaryImageOfPage\":{\"@id\":\"https:\\\/\\\/skaitytaknyga.lt\\\/produktas\\\/h-wassmo-tora-1-3-knygos\\\/#primaryimage\"},\"image\":{\"@id\":\"https:\\\/\\\/skaitytaknyga.lt\\\/produktas\\\/h-wassmo-tora-1-3-knygos\\\/#primaryimage\"},\"thumbnailUrl\":\"https:\\\/\\\/skaitytaknyga.lt\\\/wp-content\\\/uploads\\\/2024\\\/05\\\/wassmo.jpg\",\"datePublished\":\"2024-05-04T18:19:03+00:00\",\"dateModified\":\"2025-03-18T06:55:15+00:00\",\"description\":\"Namas su akla stiklo veranda \u2013 pirmasis trilogijos \u201eTora\u201c romanas. Tai jaudinantis pasakojimas apie vieni\u0161\u0105 mergait\u0119, \u201evokie\u010dio pavainik\u0119\u201c (jos t\u0117vas \u2013\",\"breadcrumb\":{\"@id\":\"https:\\\/\\\/skaitytaknyga.lt\\\/produktas\\\/h-wassmo-tora-1-3-knygos\\\/#breadcrumb\"},\"inLanguage\":\"en-GB\",\"potentialAction\":[{\"@type\":\"ReadAction\",\"target\":[\"https:\\\/\\\/skaitytaknyga.lt\\\/produktas\\\/h-wassmo-tora-1-3-knygos\\\/\"]}]},{\"@type\":\"ImageObject\",\"inLanguage\":\"en-GB\",\"@id\":\"https:\\\/\\\/skaitytaknyga.lt\\\/produktas\\\/h-wassmo-tora-1-3-knygos\\\/#primaryimage\",\"url\":\"https:\\\/\\\/skaitytaknyga.lt\\\/wp-content\\\/uploads\\\/2024\\\/05\\\/wassmo.jpg\",\"contentUrl\":\"https:\\\/\\\/skaitytaknyga.lt\\\/wp-content\\\/uploads\\\/2024\\\/05\\\/wassmo.jpg\",\"width\":429,\"height\":710,\"caption\":\"wassmo trilogija\"},{\"@type\":\"BreadcrumbList\",\"@id\":\"https:\\\/\\\/skaitytaknyga.lt\\\/produktas\\\/h-wassmo-tora-1-3-knygos\\\/#breadcrumb\",\"itemListElement\":[{\"@type\":\"ListItem\",\"position\":1,\"name\":\"Home\",\"item\":\"https:\\\/\\\/skaitytaknyga.lt\\\/\"},{\"@type\":\"ListItem\",\"position\":2,\"name\":\"Parduotuv\u0117\",\"item\":\"https:\\\/\\\/skaitytaknyga.lt\\\/knygu-parduotuve\\\/\"},{\"@type\":\"ListItem\",\"position\":3,\"name\":\"H. Wassmo &#8220;Tora&#8221; 1-3 knygos\"}]},{\"@type\":\"WebSite\",\"@id\":\"https:\\\/\\\/skaitytaknyga.lt\\\/#website\",\"url\":\"https:\\\/\\\/skaitytaknyga.lt\\\/\",\"name\":\"skaitytaknyga.lt\",\"description\":\"Skaitytaknyga.lt \u2013 tai ma\u017eas \u0161eimos verslas, kuris prasid\u0117jo nuo meil\u0117s knygoms ir siekio i\u0161gelb\u0117ti knygas nuo likimo prie konteinerio. Kas vienam nereikalingas daiktas \u2013 kitam lobis, o mes esame tarpininkai, kurie padeda abiems tapti laimingesniems ???? \u017dinome kaip nelengva i\u0161gyventi ma\u017eiems verslams, tad nuo \u0161iol, \u010dia rasite ir kit\u0173, ma\u017e\u0173 \u0161eim\u0173 versl\u0173, rank\u0173 darbo, dovan\u0173 sau ir artimiesiems.\",\"publisher\":{\"@id\":\"https:\\\/\\\/skaitytaknyga.lt\\\/#organization\"},\"potentialAction\":[{\"@type\":\"SearchAction\",\"target\":{\"@type\":\"EntryPoint\",\"urlTemplate\":\"https:\\\/\\\/skaitytaknyga.lt\\\/?s={search_term_string}\"},\"query-input\":{\"@type\":\"PropertyValueSpecification\",\"valueRequired\":true,\"valueName\":\"search_term_string\"}}],\"inLanguage\":\"en-GB\"},{\"@type\":\"Organization\",\"@id\":\"https:\\\/\\\/skaitytaknyga.lt\\\/#organization\",\"name\":\"skaitytaknyga.lt\",\"url\":\"https:\\\/\\\/skaitytaknyga.lt\\\/\",\"logo\":{\"@type\":\"ImageObject\",\"inLanguage\":\"en-GB\",\"@id\":\"https:\\\/\\\/skaitytaknyga.lt\\\/#\\\/schema\\\/logo\\\/image\\\/\",\"url\":\"https:\\\/\\\/skaitytaknyga.lt\\\/wp-content\\\/uploads\\\/2024\\\/05\\\/cropped-cropped-cropped-02_00843_jt3bggkj1j3HLc7SyY6rEUpg.jpeg\",\"contentUrl\":\"https:\\\/\\\/skaitytaknyga.lt\\\/wp-content\\\/uploads\\\/2024\\\/05\\\/cropped-cropped-cropped-02_00843_jt3bggkj1j3HLc7SyY6rEUpg.jpeg\",\"width\":1600,\"height\":1600,\"caption\":\"skaitytaknyga.lt\"},\"image\":{\"@id\":\"https:\\\/\\\/skaitytaknyga.lt\\\/#\\\/schema\\\/logo\\\/image\\\/\"},\"sameAs\":[\"https:\\\/\\\/www.facebook.com\\\/skaitytaknyga\\\/\"]}]}<\/script>\n<!-- \/ Yoast SEO plugin. -->","yoast_head_json":{"title":"H. Wassmo \"Tora\" 1-3 knygos","description":"Namas su akla stiklo veranda \u2013 pirmasis trilogijos \u201eTora\u201c romanas. Tai jaudinantis pasakojimas apie vieni\u0161\u0105 mergait\u0119, \u201evokie\u010dio pavainik\u0119\u201c (jos t\u0117vas \u2013","robots":{"index":"index","follow":"follow","max-snippet":"max-snippet:-1","max-image-preview":"max-image-preview:large","max-video-preview":"max-video-preview:-1"},"canonical":"https:\/\/skaitytaknyga.lt\/en\/produktas\/h-wassmo-tora-1-3-knygos\/","og_locale":"en_GB","og_type":"article","og_title":"[:lt]H. Wassmo \"Tora\" 1-3 knygos[:] - Skaitytaknyga","og_description":"Namas su akla stiklo veranda \u2013 pirmasis trilogijos \u201eTora\u201c romanas. Tai jaudinantis pasakojimas apie vieni\u0161\u0105 mergait\u0119, \u201evokie\u010dio pavainik\u0119\u201c (jos t\u0117vas \u2013","og_url":"https:\/\/skaitytaknyga.lt\/en\/produktas\/h-wassmo-tora-1-3-knygos\/","og_site_name":"Skaitytaknyga","article_publisher":"https:\/\/www.facebook.com\/skaitytaknyga\/","article_modified_time":"2025-03-18T06:55:15+00:00","og_image":[{"width":429,"height":710,"url":"https:\/\/skaitytaknyga.lt\/wp-content\/uploads\/2024\/05\/wassmo.jpg","type":"image\/jpeg"}],"twitter_card":"summary_large_image","twitter_misc":{"Estimated reading time":"1 minute"},"schema":{"@context":"https:\/\/schema.org","@graph":[{"@type":"WebPage","@id":"https:\/\/skaitytaknyga.lt\/produktas\/h-wassmo-tora-1-3-knygos\/","url":"https:\/\/skaitytaknyga.lt\/produktas\/h-wassmo-tora-1-3-knygos\/","name":"H. Wassmo \"Tora\" 1-3 knygos","isPartOf":{"@id":"https:\/\/skaitytaknyga.lt\/#website"},"primaryImageOfPage":{"@id":"https:\/\/skaitytaknyga.lt\/produktas\/h-wassmo-tora-1-3-knygos\/#primaryimage"},"image":{"@id":"https:\/\/skaitytaknyga.lt\/produktas\/h-wassmo-tora-1-3-knygos\/#primaryimage"},"thumbnailUrl":"https:\/\/skaitytaknyga.lt\/wp-content\/uploads\/2024\/05\/wassmo.jpg","datePublished":"2024-05-04T18:19:03+00:00","dateModified":"2025-03-18T06:55:15+00:00","description":"Namas su akla stiklo veranda \u2013 pirmasis trilogijos \u201eTora\u201c romanas. Tai jaudinantis pasakojimas apie vieni\u0161\u0105 mergait\u0119, \u201evokie\u010dio pavainik\u0119\u201c (jos t\u0117vas \u2013","breadcrumb":{"@id":"https:\/\/skaitytaknyga.lt\/produktas\/h-wassmo-tora-1-3-knygos\/#breadcrumb"},"inLanguage":"en-GB","potentialAction":[{"@type":"ReadAction","target":["https:\/\/skaitytaknyga.lt\/produktas\/h-wassmo-tora-1-3-knygos\/"]}]},{"@type":"ImageObject","inLanguage":"en-GB","@id":"https:\/\/skaitytaknyga.lt\/produktas\/h-wassmo-tora-1-3-knygos\/#primaryimage","url":"https:\/\/skaitytaknyga.lt\/wp-content\/uploads\/2024\/05\/wassmo.jpg","contentUrl":"https:\/\/skaitytaknyga.lt\/wp-content\/uploads\/2024\/05\/wassmo.jpg","width":429,"height":710,"caption":"wassmo trilogija"},{"@type":"BreadcrumbList","@id":"https:\/\/skaitytaknyga.lt\/produktas\/h-wassmo-tora-1-3-knygos\/#breadcrumb","itemListElement":[{"@type":"ListItem","position":1,"name":"Home","item":"https:\/\/skaitytaknyga.lt\/"},{"@type":"ListItem","position":2,"name":"Parduotuv\u0117","item":"https:\/\/skaitytaknyga.lt\/knygu-parduotuve\/"},{"@type":"ListItem","position":3,"name":"H. Wassmo &#8220;Tora&#8221; 1-3 knygos"}]},{"@type":"WebSite","@id":"https:\/\/skaitytaknyga.lt\/#website","url":"https:\/\/skaitytaknyga.lt\/","name":"skaitytaknyga.lt","description":"Skaitytaknyga.lt \u2013 tai ma\u017eas \u0161eimos verslas, kuris prasid\u0117jo nuo meil\u0117s knygoms ir siekio i\u0161gelb\u0117ti knygas nuo likimo prie konteinerio. Kas vienam nereikalingas daiktas \u2013 kitam lobis, o mes esame tarpininkai, kurie padeda abiems tapti laimingesniems ???? \u017dinome kaip nelengva i\u0161gyventi ma\u017eiems verslams, tad nuo \u0161iol, \u010dia rasite ir kit\u0173, ma\u017e\u0173 \u0161eim\u0173 versl\u0173, rank\u0173 darbo, dovan\u0173 sau ir artimiesiems.","publisher":{"@id":"https:\/\/skaitytaknyga.lt\/#organization"},"potentialAction":[{"@type":"SearchAction","target":{"@type":"EntryPoint","urlTemplate":"https:\/\/skaitytaknyga.lt\/?s={search_term_string}"},"query-input":{"@type":"PropertyValueSpecification","valueRequired":true,"valueName":"search_term_string"}}],"inLanguage":"en-GB"},{"@type":"Organization","@id":"https:\/\/skaitytaknyga.lt\/#organization","name":"skaitytaknyga.lt","url":"https:\/\/skaitytaknyga.lt\/","logo":{"@type":"ImageObject","inLanguage":"en-GB","@id":"https:\/\/skaitytaknyga.lt\/#\/schema\/logo\/image\/","url":"https:\/\/skaitytaknyga.lt\/wp-content\/uploads\/2024\/05\/cropped-cropped-cropped-02_00843_jt3bggkj1j3HLc7SyY6rEUpg.jpeg","contentUrl":"https:\/\/skaitytaknyga.lt\/wp-content\/uploads\/2024\/05\/cropped-cropped-cropped-02_00843_jt3bggkj1j3HLc7SyY6rEUpg.jpeg","width":1600,"height":1600,"caption":"skaitytaknyga.lt"},"image":{"@id":"https:\/\/skaitytaknyga.lt\/#\/schema\/logo\/image\/"},"sameAs":["https:\/\/www.facebook.com\/skaitytaknyga\/"]}]}},"_links":{"self":[{"href":"https:\/\/skaitytaknyga.lt\/en\/wp-json\/wp\/v2\/product\/10522","targetHints":{"allow":["GET"]}}],"collection":[{"href":"https:\/\/skaitytaknyga.lt\/en\/wp-json\/wp\/v2\/product"}],"about":[{"href":"https:\/\/skaitytaknyga.lt\/en\/wp-json\/wp\/v2\/types\/product"}],"replies":[{"embeddable":true,"href":"https:\/\/skaitytaknyga.lt\/en\/wp-json\/wp\/v2\/comments?post=10522"}],"wp:featuredmedia":[{"embeddable":true,"href":"https:\/\/skaitytaknyga.lt\/en\/wp-json\/wp\/v2\/media\/17133"}],"wp:attachment":[{"href":"https:\/\/skaitytaknyga.lt\/en\/wp-json\/wp\/v2\/media?parent=10522"}],"wp:term":[{"taxonomy":"product_brand","embeddable":true,"href":"https:\/\/skaitytaknyga.lt\/en\/wp-json\/wp\/v2\/product_brand?post=10522"},{"taxonomy":"product_cat","embeddable":true,"href":"https:\/\/skaitytaknyga.lt\/en\/wp-json\/wp\/v2\/product_cat?post=10522"},{"taxonomy":"product_tag","embeddable":true,"href":"https:\/\/skaitytaknyga.lt\/en\/wp-json\/wp\/v2\/product_tag?post=10522"}],"curies":[{"name":"wp","href":"https:\/\/api.w.org\/{rel}","templated":true}]}}