{"id":10520,"date":"2024-05-04T18:19:03","date_gmt":"2024-05-04T18:19:03","guid":{"rendered":"https:\/\/skaitytaknyga.lt\/?post_type=product&#038;p=10520"},"modified":"2025-05-12T14:20:03","modified_gmt":"2025-05-12T11:20:03","slug":"norman-vincent-peale-buk-optimistas","status":"publish","type":"product","link":"https:\/\/skaitytaknyga.lt\/en\/produktas\/norman-vincent-peale-buk-optimistas\/","title":{"rendered":"B\u016bk optimistas"},"content":{"rendered":"<p>Daugelio \u0161i\u0173 dien\u0173 negalavim\u0173 galima i\u0161vengti. Kai aplinkui, atrodyt\u0173, ve\u0161i vien beprasmis \u017eiaurumas, kan\u010dios ir netvarka, mums reikia didel\u0117s vidin\u0117s stipryb\u0117s, kad nepasiduotume cinizmui, nevil\u010diai ir paj\u0117gtume puosel\u0117ti \u0161viesius l\u016bkes\u010dius. \u0160i knyga jums pad\u0117s siekti laim\u0117s ir ramyb\u0117s, nes perskait\u0119 j\u0105 su\u017einosite:<\/p>\n<ul>\n<li>kaip nugal\u0117ti sav\u0105sias baimes;<\/li>\n<li>kaip atsikratyti kalt\u0117s jausmo;<\/li>\n<li>kaip suklest\u0117ti asmeniniame gyvenime ir profesin\u0117je veikloje;<\/li>\n<li>kaip b\u016bti sveikam be vergi\u0161kos priklausomyb\u0117s nuo vaist\u0173;<\/li>\n<li>kaip i\u0161saugoti entuziazm\u0105 net ir nepalankiausiomis aplinkyb\u0117mis;<\/li>\n<li>kaip neprarasti vilties ir i\u0161likti k\u016brybingiems sunkum\u0173 akivaizdoje;<\/li>\n<li>kaip malda gali i\u0161spr\u0119sti j\u016bs\u0173 kasdienes problemas.<\/li>\n<\/ul>\n<p>Norman Vincent Peale i\u0161leido 46 knygas, tarp j\u0173 \u2013 tarptautin\u012f bestseler\u012f \u201eTeigiamo m\u0105stymo j\u0117ga\u201c, ir yra vienas i\u0161 \u012ftakingiausi\u0173 XX a. dvasinink\u0173. Jo id\u0117jos ne ma\u017eiau vertingos ir \u0161iame am\u017eiuje.<\/p>\n","protected":false},"excerpt":{"rendered":"<p>Ar galite \u012fsivaizduoti, kokie b\u016btume jo vietoje? Nors gim\u0117 be gal\u016bni\u0173, Nikas Vuji\u010di\u010dius \u012fveik\u0117 savo negali\u0105. Jis i\u0161moko gyventi savaranki\u0161k\u0105, turting\u0105 ir &#8220;juokingai ger\u0105&#8221; gyvenim\u0105. Nikas yra pavyzdys visiems, norintiems atrasti tikr\u0105j\u0105 laim\u0119.<\/p>\n<p>Stiprus Niko tik\u0117jimas Diev\u0105 buvo ir yra pagrindinis j\u0117g\u0173 \u0161altinis. Savo gyvenimu ir paskaitomis jis skleid\u017eia pagrindin\u0119 mint\u012f: vis\u0173 svarbiausia yra rasti savo gyvenimo tiksl\u0105 ir niekada nepasiduoti, net kai sunkumai u\u017etveria keli\u0105. Tegul tai \u012fkvepia jus prad\u0117ti savo gyvenim\u0105 be rib\u0173.<\/p>\n<p><em>&#8220;&#8230;gyvenimo i\u0161\u0161\u016bkiai sugniu\u017edo arba \u012fkvepia. Jei galite gyventi, b\u016bkite u\u017e tai d\u0117kingi. Pasinaudodami tuo d\u0117kingumu i\u0161sivaduokite nuo depresijos ir pyk\u010dio. \u017denkite vien\u0105 \u017eingsn\u012f, paskui kit\u0105, duokite impuls\u0105 ir kurkite gyvenim\u0105, kokio nor\u0117tum\u0117te. &#8220;<\/em><\/p>\n","protected":false},"featured_media":10568,"comment_status":"closed","ping_status":"closed","template":"","meta":{"_acf_changed":false,"site-sidebar-layout":"default","site-content-layout":"","ast-site-content-layout":"default","site-content-style":"default","site-sidebar-style":"default","ast-global-header-display":"","ast-banner-title-visibility":"","ast-main-header-display":"","ast-hfb-above-header-display":"","ast-hfb-below-header-display":"","ast-hfb-mobile-header-display":"","site-post-title":"","ast-breadcrumbs-content":"","ast-featured-img":"","footer-sml-layout":"","ast-disable-related-posts":"","theme-transparent-header-meta":"","adv-header-id-meta":"","stick-header-meta":"","header-above-stick-meta":"","header-main-stick-meta":"","header-below-stick-meta":"","astra-migrate-meta-layouts":"default","ast-page-background-enabled":"default","ast-page-background-meta":{"desktop":{"background-color":"","background-image":"","background-repeat":"repeat","background-position":"center center","background-size":"auto","background-attachment":"scroll","background-type":"","background-media":"","overlay-type":"","overlay-color":"","overlay-opacity":"","overlay-gradient":""},"tablet":{"background-color":"","background-image":"","background-repeat":"repeat","background-position":"center center","background-size":"auto","background-attachment":"scroll","background-type":"","background-media":"","overlay-type":"","overlay-color":"","overlay-opacity":"","overlay-gradient":""},"mobile":{"background-color":"","background-image":"","background-repeat":"repeat","background-position":"center center","background-size":"auto","background-attachment":"scroll","background-type":"","background-media":"","overlay-type":"","overlay-color":"","overlay-opacity":"","overlay-gradient":""}},"ast-content-background-meta":{"desktop":{"background-color":"var(--ast-global-color-4)","background-image":"","background-repeat":"repeat","background-position":"center center","background-size":"auto","background-attachment":"scroll","background-type":"","background-media":"","overlay-type":"","overlay-color":"","overlay-opacity":"","overlay-gradient":""},"tablet":{"background-color":"var(--ast-global-color-4)","background-image":"","background-repeat":"repeat","background-position":"center center","background-size":"auto","background-attachment":"scroll","background-type":"","background-media":"","overlay-type":"","overlay-color":"","overlay-opacity":"","overlay-gradient":""},"mobile":{"background-color":"var(--ast-global-color-4)","background-image":"","background-repeat":"repeat","background-position":"center center","background-size":"auto","background-attachment":"scroll","background-type":"","background-media":"","overlay-type":"","overlay-color":"","overlay-opacity":"","overlay-gradient":""}}},"product_brand":[],"product_cat":[30],"product_tag":[2025,2028,2026,2027],"class_list":{"0":"post-10520","1":"product","2":"type-product","3":"status-publish","4":"has-post-thumbnail","6":"product_cat-psichologija-ir-saviugda","7":"product_tag-norman-vincent-peale","8":"product_tag-optimizmas","9":"product_tag-pozityvus-mastymas","10":"product_tag-savipagalba","11":"desktop-align-left","12":"tablet-align-left","13":"mobile-align-left","15":"first","16":"outofstock","17":"shipping-taxable","18":"purchasable","19":"product-type-simple"},"acf":[],"yoast_head":"<!-- This site is optimized with the Yoast SEO plugin v27.0 - https:\/\/yoast.com\/product\/yoast-seo-wordpress\/ -->\n<title>B\u016bk optimistas<\/title>\n<meta name=\"description\" content=\"Ar galite \u012fsivaizduoti, kokie b\u016btume jo vietoje? Nors gim\u0117 be gal\u016bni\u0173, Nikas Vuji\u010di\u010dius \u012fveik\u0117 savo negali\u0105. Jis i\u0161moko gyventi savaranki\u0161k\u0105, turting\u0105 ir &quot;juokingai ger\u0105&quot; gyvenim\u0105. Nikas yra pavyzdys visiems, norintiems atrasti tikr\u0105j\u0105 laim\u0119.  Stiprus Niko tik\u0117jimas Diev\u0105 buvo ir yra pagrindinis j\u0117g\u0173 \u0161altinis. Savo gyvenimu ir paskaitomis jis skleid\u017eia pagrindin\u0119 mint\u012f: vis\u0173 svarbiausia yra rasti savo gyvenimo tiksl\u0105 ir niekada nepasiduoti, net kai sunkumai u\u017etveria keli\u0105. Tegul tai \u012fkvepia jus prad\u0117ti savo gyvenim\u0105 be rib\u0173.  &quot;...gyvenimo i\u0161\u0161\u016bkiai sugniu\u017edo arba \u012fkvepia. Jei galite gyventi, b\u016bkite u\u017e tai d\u0117kingi. Pasinaudodami tuo d\u0117kingumu i\u0161sivaduokite nuo depresijos ir pyk\u010dio. \u017denkite vien\u0105 \u017eingsn\u012f, paskui kit\u0105, duokite impuls\u0105 ir kurkite gyvenim\u0105, kokio nor\u0117tum\u0117te. &quot;\" \/>\n<meta name=\"robots\" content=\"index, follow, max-snippet:-1, max-image-preview:large, max-video-preview:-1\" \/>\n<link rel=\"canonical\" href=\"https:\/\/skaitytaknyga.lt\/en\/produktas\/norman-vincent-peale-buk-optimistas\/\" \/>\n<meta property=\"og:locale\" content=\"en_GB\" \/>\n<meta property=\"og:locale:alternate\" content=\"lt_LT\" \/>\n<meta property=\"og:type\" content=\"article\" \/>\n<meta property=\"og:title\" content=\"B\u016bk optimistas\" \/>\n<meta property=\"og:description\" content=\"Ar galite \u012fsivaizduoti, kokie b\u016btume jo vietoje? Nors gim\u0117 be gal\u016bni\u0173, Nikas Vuji\u010di\u010dius \u012fveik\u0117 savo negali\u0105. Jis i\u0161moko gyventi savaranki\u0161k\u0105, turting\u0105 ir &quot;juokingai ger\u0105&quot; gyvenim\u0105. Nikas yra pavyzdys visiems, norintiems atrasti tikr\u0105j\u0105 laim\u0119.  Stiprus Niko tik\u0117jimas Diev\u0105 buvo ir yra pagrindinis j\u0117g\u0173 \u0161altinis. Savo gyvenimu ir paskaitomis jis skleid\u017eia pagrindin\u0119 mint\u012f: vis\u0173 svarbiausia yra rasti savo gyvenimo tiksl\u0105 ir niekada nepasiduoti, net kai sunkumai u\u017etveria keli\u0105. Tegul tai \u012fkvepia jus prad\u0117ti savo gyvenim\u0105 be rib\u0173.  &quot;...gyvenimo i\u0161\u0161\u016bkiai sugniu\u017edo arba \u012fkvepia. Jei galite gyventi, b\u016bkite u\u017e tai d\u0117kingi. Pasinaudodami tuo d\u0117kingumu i\u0161sivaduokite nuo depresijos ir pyk\u010dio. \u017denkite vien\u0105 \u017eingsn\u012f, paskui kit\u0105, duokite impuls\u0105 ir kurkite gyvenim\u0105, kokio nor\u0117tum\u0117te. &quot;\" \/>\n<meta property=\"og:url\" content=\"https:\/\/skaitytaknyga.lt\/en\/produktas\/norman-vincent-peale-buk-optimistas\/\" \/>\n<meta property=\"og:site_name\" content=\"Skaitytaknyga\" \/>\n<meta property=\"article:publisher\" content=\"https:\/\/www.facebook.com\/skaitytaknyga\/\" \/>\n<meta property=\"article:modified_time\" content=\"2025-05-12T11:20:03+00:00\" \/>\n<meta property=\"og:image\" content=\"https:\/\/skaitytaknyga.lt\/wp-content\/uploads\/2024\/05\/buk-optimistas-1-625x794_0.jpg\" \/>\n\t<meta property=\"og:image:width\" content=\"625\" \/>\n\t<meta property=\"og:image:height\" content=\"794\" \/>\n\t<meta property=\"og:image:type\" content=\"image\/jpeg\" \/>\n<meta name=\"twitter:card\" content=\"summary_large_image\" \/>\n<meta name=\"twitter:label1\" content=\"Estimated reading time\" \/>\n\t<meta name=\"twitter:data1\" content=\"1 minute\" \/>\n<script type=\"application\/ld+json\" class=\"yoast-schema-graph\">{\"@context\":\"https:\/\/schema.org\",\"@graph\":[{\"@type\":\"WebPage\",\"@id\":\"https:\/\/skaitytaknyga.lt\/produktas\/norman-vincent-peale-buk-optimistas\/\",\"url\":\"https:\/\/skaitytaknyga.lt\/produktas\/norman-vincent-peale-buk-optimistas\/\",\"name\":\"B\u016bk optimistas\",\"isPartOf\":{\"@id\":\"https:\/\/skaitytaknyga.lt\/#website\"},\"primaryImageOfPage\":{\"@id\":\"https:\/\/skaitytaknyga.lt\/produktas\/norman-vincent-peale-buk-optimistas\/#primaryimage\"},\"image\":{\"@id\":\"https:\/\/skaitytaknyga.lt\/produktas\/norman-vincent-peale-buk-optimistas\/#primaryimage\"},\"thumbnailUrl\":\"https:\/\/skaitytaknyga.lt\/wp-content\/uploads\/2024\/05\/buk-optimistas-1-625x794_0.jpg\",\"datePublished\":\"2024-05-04T18:19:03+00:00\",\"dateModified\":\"2025-05-12T11:20:03+00:00\",\"description\":\"Ar galite \u012fsivaizduoti, kokie b\u016btume jo vietoje? Nors gim\u0117 be gal\u016bni\u0173, Nikas Vuji\u010di\u010dius \u012fveik\u0117 savo negali\u0105. Jis i\u0161moko gyventi savaranki\u0161k\u0105, turting\u0105 ir \\\"juokingai ger\u0105\\\" gyvenim\u0105. Nikas yra pavyzdys visiems, norintiems atrasti tikr\u0105j\u0105 laim\u0119. Stiprus Niko tik\u0117jimas Diev\u0105 buvo ir yra pagrindinis j\u0117g\u0173 \u0161altinis. Savo gyvenimu ir paskaitomis jis skleid\u017eia pagrindin\u0119 mint\u012f: vis\u0173 svarbiausia yra rasti savo gyvenimo tiksl\u0105 ir niekada nepasiduoti, net kai sunkumai u\u017etveria keli\u0105. Tegul tai \u012fkvepia jus prad\u0117ti savo gyvenim\u0105 be rib\u0173. \\\"...gyvenimo i\u0161\u0161\u016bkiai sugniu\u017edo arba \u012fkvepia. Jei galite gyventi, b\u016bkite u\u017e tai d\u0117kingi. Pasinaudodami tuo d\u0117kingumu i\u0161sivaduokite nuo depresijos ir pyk\u010dio. \u017denkite vien\u0105 \u017eingsn\u012f, paskui kit\u0105, duokite impuls\u0105 ir kurkite gyvenim\u0105, kokio nor\u0117tum\u0117te. \\\"\",\"breadcrumb\":{\"@id\":\"https:\/\/skaitytaknyga.lt\/produktas\/norman-vincent-peale-buk-optimistas\/#breadcrumb\"},\"inLanguage\":\"en-GB\",\"potentialAction\":[{\"@type\":\"ReadAction\",\"target\":[\"https:\/\/skaitytaknyga.lt\/produktas\/norman-vincent-peale-buk-optimistas\/\"]}]},{\"@type\":\"ImageObject\",\"inLanguage\":\"en-GB\",\"@id\":\"https:\/\/skaitytaknyga.lt\/produktas\/norman-vincent-peale-buk-optimistas\/#primaryimage\",\"url\":\"https:\/\/skaitytaknyga.lt\/wp-content\/uploads\/2024\/05\/buk-optimistas-1-625x794_0.jpg\",\"contentUrl\":\"https:\/\/skaitytaknyga.lt\/wp-content\/uploads\/2024\/05\/buk-optimistas-1-625x794_0.jpg\",\"width\":625,\"height\":794},{\"@type\":\"BreadcrumbList\",\"@id\":\"https:\/\/skaitytaknyga.lt\/produktas\/norman-vincent-peale-buk-optimistas\/#breadcrumb\",\"itemListElement\":[{\"@type\":\"ListItem\",\"position\":1,\"name\":\"Home\",\"item\":\"https:\/\/skaitytaknyga.lt\/\"},{\"@type\":\"ListItem\",\"position\":2,\"name\":\"Parduotuv\u0117\",\"item\":\"https:\/\/skaitytaknyga.lt\/knygu-parduotuve\/\"},{\"@type\":\"ListItem\",\"position\":3,\"name\":\"B\u016bk optimistas\"}]},{\"@type\":\"WebSite\",\"@id\":\"https:\/\/skaitytaknyga.lt\/#website\",\"url\":\"https:\/\/skaitytaknyga.lt\/\",\"name\":\"skaitytaknyga.lt\",\"description\":\"Skaitytaknyga.lt \u2013 tai ma\u017eas \u0161eimos verslas, kuris prasid\u0117jo nuo meil\u0117s knygoms ir siekio i\u0161gelb\u0117ti knygas nuo likimo prie konteinerio. Kas vienam nereikalingas daiktas \u2013 kitam lobis, o mes esame tarpininkai, kurie padeda abiems tapti laimingesniems ???? \u017dinome kaip nelengva i\u0161gyventi ma\u017eiems verslams, tad nuo \u0161iol, \u010dia rasite ir kit\u0173, ma\u017e\u0173 \u0161eim\u0173 versl\u0173, rank\u0173 darbo, dovan\u0173 sau ir artimiesiems.\",\"publisher\":{\"@id\":\"https:\/\/skaitytaknyga.lt\/#organization\"},\"potentialAction\":[{\"@type\":\"SearchAction\",\"target\":{\"@type\":\"EntryPoint\",\"urlTemplate\":\"https:\/\/skaitytaknyga.lt\/?s={search_term_string}\"},\"query-input\":{\"@type\":\"PropertyValueSpecification\",\"valueRequired\":true,\"valueName\":\"search_term_string\"}}],\"inLanguage\":\"en-GB\"},{\"@type\":\"Organization\",\"@id\":\"https:\/\/skaitytaknyga.lt\/#organization\",\"name\":\"skaitytaknyga.lt\",\"url\":\"https:\/\/skaitytaknyga.lt\/\",\"logo\":{\"@type\":\"ImageObject\",\"inLanguage\":\"en-GB\",\"@id\":\"https:\/\/skaitytaknyga.lt\/#\/schema\/logo\/image\/\",\"url\":\"https:\/\/skaitytaknyga.lt\/wp-content\/uploads\/2024\/05\/cropped-cropped-cropped-02_00843_jt3bggkj1j3HLc7SyY6rEUpg.jpeg\",\"contentUrl\":\"https:\/\/skaitytaknyga.lt\/wp-content\/uploads\/2024\/05\/cropped-cropped-cropped-02_00843_jt3bggkj1j3HLc7SyY6rEUpg.jpeg\",\"width\":1600,\"height\":1600,\"caption\":\"skaitytaknyga.lt\"},\"image\":{\"@id\":\"https:\/\/skaitytaknyga.lt\/#\/schema\/logo\/image\/\"},\"sameAs\":[\"https:\/\/www.facebook.com\/skaitytaknyga\/\"]}]}<\/script>\n<!-- \/ Yoast SEO plugin. -->","yoast_head_json":{"title":"B\u016bk optimistas","description":"Ar galite \u012fsivaizduoti, kokie b\u016btume jo vietoje? Nors gim\u0117 be gal\u016bni\u0173, Nikas Vuji\u010di\u010dius \u012fveik\u0117 savo negali\u0105. Jis i\u0161moko gyventi savaranki\u0161k\u0105, turting\u0105 ir \"juokingai ger\u0105\" gyvenim\u0105. Nikas yra pavyzdys visiems, norintiems atrasti tikr\u0105j\u0105 laim\u0119.  Stiprus Niko tik\u0117jimas Diev\u0105 buvo ir yra pagrindinis j\u0117g\u0173 \u0161altinis. Savo gyvenimu ir paskaitomis jis skleid\u017eia pagrindin\u0119 mint\u012f: vis\u0173 svarbiausia yra rasti savo gyvenimo tiksl\u0105 ir niekada nepasiduoti, net kai sunkumai u\u017etveria keli\u0105. Tegul tai \u012fkvepia jus prad\u0117ti savo gyvenim\u0105 be rib\u0173.  \"...gyvenimo i\u0161\u0161\u016bkiai sugniu\u017edo arba \u012fkvepia. Jei galite gyventi, b\u016bkite u\u017e tai d\u0117kingi. Pasinaudodami tuo d\u0117kingumu i\u0161sivaduokite nuo depresijos ir pyk\u010dio. \u017denkite vien\u0105 \u017eingsn\u012f, paskui kit\u0105, duokite impuls\u0105 ir kurkite gyvenim\u0105, kokio nor\u0117tum\u0117te. \"","robots":{"index":"index","follow":"follow","max-snippet":"max-snippet:-1","max-image-preview":"max-image-preview:large","max-video-preview":"max-video-preview:-1"},"canonical":"https:\/\/skaitytaknyga.lt\/en\/produktas\/norman-vincent-peale-buk-optimistas\/","og_locale":"en_GB","og_type":"article","og_title":"[:lt]B\u016bk optimistas[:] - Skaitytaknyga","og_description":"Ar galite \u012fsivaizduoti, kokie b\u016btume jo vietoje? Nors gim\u0117 be gal\u016bni\u0173, Nikas Vuji\u010di\u010dius \u012fveik\u0117 savo negali\u0105. Jis i\u0161moko gyventi savaranki\u0161k\u0105, turting\u0105 ir \"juokingai ger\u0105\" gyvenim\u0105. Nikas yra pavyzdys visiems, norintiems atrasti tikr\u0105j\u0105 laim\u0119.  Stiprus Niko tik\u0117jimas Diev\u0105 buvo ir yra pagrindinis j\u0117g\u0173 \u0161altinis. Savo gyvenimu ir paskaitomis jis skleid\u017eia pagrindin\u0119 mint\u012f: vis\u0173 svarbiausia yra rasti savo gyvenimo tiksl\u0105 ir niekada nepasiduoti, net kai sunkumai u\u017etveria keli\u0105. Tegul tai \u012fkvepia jus prad\u0117ti savo gyvenim\u0105 be rib\u0173.  \"...gyvenimo i\u0161\u0161\u016bkiai sugniu\u017edo arba \u012fkvepia. Jei galite gyventi, b\u016bkite u\u017e tai d\u0117kingi. Pasinaudodami tuo d\u0117kingumu i\u0161sivaduokite nuo depresijos ir pyk\u010dio. \u017denkite vien\u0105 \u017eingsn\u012f, paskui kit\u0105, duokite impuls\u0105 ir kurkite gyvenim\u0105, kokio nor\u0117tum\u0117te. \"","og_url":"https:\/\/skaitytaknyga.lt\/en\/produktas\/norman-vincent-peale-buk-optimistas\/","og_site_name":"Skaitytaknyga","article_publisher":"https:\/\/www.facebook.com\/skaitytaknyga\/","article_modified_time":"2025-05-12T11:20:03+00:00","og_image":[{"width":625,"height":794,"url":"https:\/\/skaitytaknyga.lt\/wp-content\/uploads\/2024\/05\/buk-optimistas-1-625x794_0.jpg","type":"image\/jpeg"}],"twitter_card":"summary_large_image","twitter_misc":{"Estimated reading time":"1 minute"},"schema":{"@context":"https:\/\/schema.org","@graph":[{"@type":"WebPage","@id":"https:\/\/skaitytaknyga.lt\/produktas\/norman-vincent-peale-buk-optimistas\/","url":"https:\/\/skaitytaknyga.lt\/produktas\/norman-vincent-peale-buk-optimistas\/","name":"B\u016bk optimistas","isPartOf":{"@id":"https:\/\/skaitytaknyga.lt\/#website"},"primaryImageOfPage":{"@id":"https:\/\/skaitytaknyga.lt\/produktas\/norman-vincent-peale-buk-optimistas\/#primaryimage"},"image":{"@id":"https:\/\/skaitytaknyga.lt\/produktas\/norman-vincent-peale-buk-optimistas\/#primaryimage"},"thumbnailUrl":"https:\/\/skaitytaknyga.lt\/wp-content\/uploads\/2024\/05\/buk-optimistas-1-625x794_0.jpg","datePublished":"2024-05-04T18:19:03+00:00","dateModified":"2025-05-12T11:20:03+00:00","description":"Ar galite \u012fsivaizduoti, kokie b\u016btume jo vietoje? Nors gim\u0117 be gal\u016bni\u0173, Nikas Vuji\u010di\u010dius \u012fveik\u0117 savo negali\u0105. Jis i\u0161moko gyventi savaranki\u0161k\u0105, turting\u0105 ir \"juokingai ger\u0105\" gyvenim\u0105. Nikas yra pavyzdys visiems, norintiems atrasti tikr\u0105j\u0105 laim\u0119. Stiprus Niko tik\u0117jimas Diev\u0105 buvo ir yra pagrindinis j\u0117g\u0173 \u0161altinis. Savo gyvenimu ir paskaitomis jis skleid\u017eia pagrindin\u0119 mint\u012f: vis\u0173 svarbiausia yra rasti savo gyvenimo tiksl\u0105 ir niekada nepasiduoti, net kai sunkumai u\u017etveria keli\u0105. Tegul tai \u012fkvepia jus prad\u0117ti savo gyvenim\u0105 be rib\u0173. \"...gyvenimo i\u0161\u0161\u016bkiai sugniu\u017edo arba \u012fkvepia. Jei galite gyventi, b\u016bkite u\u017e tai d\u0117kingi. Pasinaudodami tuo d\u0117kingumu i\u0161sivaduokite nuo depresijos ir pyk\u010dio. \u017denkite vien\u0105 \u017eingsn\u012f, paskui kit\u0105, duokite impuls\u0105 ir kurkite gyvenim\u0105, kokio nor\u0117tum\u0117te. \"","breadcrumb":{"@id":"https:\/\/skaitytaknyga.lt\/produktas\/norman-vincent-peale-buk-optimistas\/#breadcrumb"},"inLanguage":"en-GB","potentialAction":[{"@type":"ReadAction","target":["https:\/\/skaitytaknyga.lt\/produktas\/norman-vincent-peale-buk-optimistas\/"]}]},{"@type":"ImageObject","inLanguage":"en-GB","@id":"https:\/\/skaitytaknyga.lt\/produktas\/norman-vincent-peale-buk-optimistas\/#primaryimage","url":"https:\/\/skaitytaknyga.lt\/wp-content\/uploads\/2024\/05\/buk-optimistas-1-625x794_0.jpg","contentUrl":"https:\/\/skaitytaknyga.lt\/wp-content\/uploads\/2024\/05\/buk-optimistas-1-625x794_0.jpg","width":625,"height":794},{"@type":"BreadcrumbList","@id":"https:\/\/skaitytaknyga.lt\/produktas\/norman-vincent-peale-buk-optimistas\/#breadcrumb","itemListElement":[{"@type":"ListItem","position":1,"name":"Home","item":"https:\/\/skaitytaknyga.lt\/"},{"@type":"ListItem","position":2,"name":"Parduotuv\u0117","item":"https:\/\/skaitytaknyga.lt\/knygu-parduotuve\/"},{"@type":"ListItem","position":3,"name":"B\u016bk optimistas"}]},{"@type":"WebSite","@id":"https:\/\/skaitytaknyga.lt\/#website","url":"https:\/\/skaitytaknyga.lt\/","name":"skaitytaknyga.lt","description":"Skaitytaknyga.lt \u2013 tai ma\u017eas \u0161eimos verslas, kuris prasid\u0117jo nuo meil\u0117s knygoms ir siekio i\u0161gelb\u0117ti knygas nuo likimo prie konteinerio. Kas vienam nereikalingas daiktas \u2013 kitam lobis, o mes esame tarpininkai, kurie padeda abiems tapti laimingesniems ???? \u017dinome kaip nelengva i\u0161gyventi ma\u017eiems verslams, tad nuo \u0161iol, \u010dia rasite ir kit\u0173, ma\u017e\u0173 \u0161eim\u0173 versl\u0173, rank\u0173 darbo, dovan\u0173 sau ir artimiesiems.","publisher":{"@id":"https:\/\/skaitytaknyga.lt\/#organization"},"potentialAction":[{"@type":"SearchAction","target":{"@type":"EntryPoint","urlTemplate":"https:\/\/skaitytaknyga.lt\/?s={search_term_string}"},"query-input":{"@type":"PropertyValueSpecification","valueRequired":true,"valueName":"search_term_string"}}],"inLanguage":"en-GB"},{"@type":"Organization","@id":"https:\/\/skaitytaknyga.lt\/#organization","name":"skaitytaknyga.lt","url":"https:\/\/skaitytaknyga.lt\/","logo":{"@type":"ImageObject","inLanguage":"en-GB","@id":"https:\/\/skaitytaknyga.lt\/#\/schema\/logo\/image\/","url":"https:\/\/skaitytaknyga.lt\/wp-content\/uploads\/2024\/05\/cropped-cropped-cropped-02_00843_jt3bggkj1j3HLc7SyY6rEUpg.jpeg","contentUrl":"https:\/\/skaitytaknyga.lt\/wp-content\/uploads\/2024\/05\/cropped-cropped-cropped-02_00843_jt3bggkj1j3HLc7SyY6rEUpg.jpeg","width":1600,"height":1600,"caption":"skaitytaknyga.lt"},"image":{"@id":"https:\/\/skaitytaknyga.lt\/#\/schema\/logo\/image\/"},"sameAs":["https:\/\/www.facebook.com\/skaitytaknyga\/"]}]}},"_links":{"self":[{"href":"https:\/\/skaitytaknyga.lt\/en\/wp-json\/wp\/v2\/product\/10520","targetHints":{"allow":["GET"]}}],"collection":[{"href":"https:\/\/skaitytaknyga.lt\/en\/wp-json\/wp\/v2\/product"}],"about":[{"href":"https:\/\/skaitytaknyga.lt\/en\/wp-json\/wp\/v2\/types\/product"}],"replies":[{"embeddable":true,"href":"https:\/\/skaitytaknyga.lt\/en\/wp-json\/wp\/v2\/comments?post=10520"}],"wp:featuredmedia":[{"embeddable":true,"href":"https:\/\/skaitytaknyga.lt\/en\/wp-json\/wp\/v2\/media\/10568"}],"wp:attachment":[{"href":"https:\/\/skaitytaknyga.lt\/en\/wp-json\/wp\/v2\/media?parent=10520"}],"wp:term":[{"taxonomy":"product_brand","embeddable":true,"href":"https:\/\/skaitytaknyga.lt\/en\/wp-json\/wp\/v2\/product_brand?post=10520"},{"taxonomy":"product_cat","embeddable":true,"href":"https:\/\/skaitytaknyga.lt\/en\/wp-json\/wp\/v2\/product_cat?post=10520"},{"taxonomy":"product_tag","embeddable":true,"href":"https:\/\/skaitytaknyga.lt\/en\/wp-json\/wp\/v2\/product_tag?post=10520"}],"curies":[{"name":"wp","href":"https:\/\/api.w.org\/{rel}","templated":true}]}}