{"id":10519,"date":"2024-05-04T18:19:03","date_gmt":"2024-05-04T18:19:03","guid":{"rendered":"https:\/\/skaitytaknyga.lt\/?post_type=product&#038;p=10519"},"modified":"2024-05-04T18:23:24","modified_gmt":"2024-05-04T18:23:24","slug":"nick-vujicic-gyvenimas-be-ribu","status":"publish","type":"product","link":"https:\/\/skaitytaknyga.lt\/en\/produktas\/nick-vujicic-gyvenimas-be-ribu\/","title":{"rendered":"Nick Vujicic &#8220;Gyvenimas be rib\u0173&#8221;"},"content":{"rendered":"<p>Ar galite \u012fsivaizduoti, kokie b\u016btume jo vietoje? Nors gim\u0117 be gal\u016bni\u0173, Nikas Vuji\u010di\u010dius \u012fveik\u0117 savo negali\u0105. Jis i\u0161moko gyventi savaranki\u0161k\u0105, turting\u0105 ir &#8220;juokingai ger\u0105&#8221; gyvenim\u0105. Nikas yra pavyzdys visiems, norintiems atrasti tikr\u0105j\u0105 laim\u0119.<\/p>\n<p>Stiprus Niko tik\u0117jimas Diev\u0105 buvo ir yra pagrindinis j\u0117g\u0173 \u0161altinis. Savo gyvenimu ir paskaitomis jis skleid\u017eia pagrindin\u0119 mint\u012f: vis\u0173 svarbiausia yra rasti savo gyvenimo tiksl\u0105 ir niekada nepasiduoti, net kai sunkumai u\u017etveria keli\u0105. Tegul tai \u012fkvepia jus prad\u0117ti savo gyvenim\u0105 be rib\u0173.<\/p>\n<p><em>&#8220;&#8230;gyvenimo i\u0161\u0161\u016bkiai sugniu\u017edo arba \u012fkvepia. Jei galite gyventi, b\u016bkite u\u017e tai d\u0117kingi. Pasinaudodami tuo d\u0117kingumu i\u0161sivaduokite nuo depresijos ir pyk\u010dio. \u017denkite vien\u0105 \u017eingsn\u012f, paskui kit\u0105, duokite impuls\u0105 ir kurkite gyvenim\u0105, kokio nor\u0117tum\u0117te. &#8220;<\/em><\/p>\n","protected":false},"excerpt":{"rendered":"<p>Ar galite \u012fsivaizduoti, kokie b\u016btume jo vietoje? Nors gim\u0117 be gal\u016bni\u0173, Nikas Vuji\u010di\u010dius \u012fveik\u0117 savo negali\u0105. Jis i\u0161moko gyventi savaranki\u0161k\u0105, turting\u0105 ir &#8220;juokingai ger\u0105&#8221; gyvenim\u0105. Nikas yra pavyzdys visiems, norintiems atrasti tikr\u0105j\u0105 laim\u0119.<\/p>\n<p>Stiprus Niko tik\u0117jimas Diev\u0105 buvo ir yra pagrindinis j\u0117g\u0173 \u0161altinis. Savo gyvenimu ir paskaitomis jis skleid\u017eia pagrindin\u0119 mint\u012f: vis\u0173 svarbiausia yra rasti savo gyvenimo tiksl\u0105 ir niekada nepasiduoti, net kai sunkumai u\u017etveria keli\u0105. Tegul tai \u012fkvepia jus prad\u0117ti savo gyvenim\u0105 be rib\u0173.<\/p>\n<p><em>&#8220;&#8230;gyvenimo i\u0161\u0161\u016bkiai sugniu\u017edo arba \u012fkvepia. Jei galite gyventi, b\u016bkite u\u017e tai d\u0117kingi. Pasinaudodami tuo d\u0117kingumu i\u0161sivaduokite nuo depresijos ir pyk\u010dio. \u017denkite vien\u0105 \u017eingsn\u012f, paskui kit\u0105, duokite impuls\u0105 ir kurkite gyvenim\u0105, kokio nor\u0117tum\u0117te. &#8220;<\/em><\/p>\n","protected":false},"featured_media":10567,"comment_status":"closed","ping_status":"closed","template":"","meta":{"_acf_changed":false,"site-sidebar-layout":"default","site-content-layout":"","ast-site-content-layout":"default","site-content-style":"default","site-sidebar-style":"default","ast-global-header-display":"","ast-banner-title-visibility":"","ast-main-header-display":"","ast-hfb-above-header-display":"","ast-hfb-below-header-display":"","ast-hfb-mobile-header-display":"","site-post-title":"","ast-breadcrumbs-content":"","ast-featured-img":"","footer-sml-layout":"","ast-disable-related-posts":"","theme-transparent-header-meta":"","adv-header-id-meta":"","stick-header-meta":"","header-above-stick-meta":"","header-main-stick-meta":"","header-below-stick-meta":"","astra-migrate-meta-layouts":"default","ast-page-background-enabled":"default","ast-page-background-meta":{"desktop":{"background-color":"","background-image":"","background-repeat":"repeat","background-position":"center center","background-size":"auto","background-attachment":"scroll","background-type":"","background-media":"","overlay-type":"","overlay-color":"","overlay-opacity":"","overlay-gradient":""},"tablet":{"background-color":"","background-image":"","background-repeat":"repeat","background-position":"center center","background-size":"auto","background-attachment":"scroll","background-type":"","background-media":"","overlay-type":"","overlay-color":"","overlay-opacity":"","overlay-gradient":""},"mobile":{"background-color":"","background-image":"","background-repeat":"repeat","background-position":"center center","background-size":"auto","background-attachment":"scroll","background-type":"","background-media":"","overlay-type":"","overlay-color":"","overlay-opacity":"","overlay-gradient":""}},"ast-content-background-meta":{"desktop":{"background-color":"var(--ast-global-color-4)","background-image":"","background-repeat":"repeat","background-position":"center center","background-size":"auto","background-attachment":"scroll","background-type":"","background-media":"","overlay-type":"","overlay-color":"","overlay-opacity":"","overlay-gradient":""},"tablet":{"background-color":"var(--ast-global-color-4)","background-image":"","background-repeat":"repeat","background-position":"center center","background-size":"auto","background-attachment":"scroll","background-type":"","background-media":"","overlay-type":"","overlay-color":"","overlay-opacity":"","overlay-gradient":""},"mobile":{"background-color":"var(--ast-global-color-4)","background-image":"","background-repeat":"repeat","background-position":"center center","background-size":"auto","background-attachment":"scroll","background-type":"","background-media":"","overlay-type":"","overlay-color":"","overlay-opacity":"","overlay-gradient":""}}},"product_brand":[],"product_cat":[33],"product_tag":[],"class_list":{"0":"post-10519","1":"product","2":"type-product","3":"status-publish","4":"has-post-thumbnail","6":"product_cat-biografijos","7":"desktop-align-left","8":"tablet-align-left","9":"mobile-align-left","11":"first","12":"instock","13":"shipping-taxable","14":"purchasable","15":"product-type-simple"},"acf":[],"yoast_head":"<!-- This site is optimized with the Yoast SEO plugin v27.4 - https:\/\/yoast.com\/product\/yoast-seo-wordpress\/ -->\n<title>Nick Vujicic &quot;Gyvenimas be rib\u0173&quot; - Skaitytaknyga<\/title>\n<meta name=\"description\" content=\"Ar galite \u012fsivaizduoti, kokie b\u016btume jo vietoje? Nors gim\u0117 be gal\u016bni\u0173, Nikas Vuji\u010di\u010dius \u012fveik\u0117 savo negali\u0105. Jis i\u0161moko gyventi savaranki\u0161k\u0105, turting\u0105 ir &quot;juokingai ger\u0105&quot; gyvenim\u0105. Nikas yra pavyzdys visiems, norintiems atrasti tikr\u0105j\u0105 laim\u0119.    Stiprus Niko tik\u0117jimas Diev\u0105 buvo ir yra pagrindinis j\u0117g\u0173 \u0161altinis. Savo gyvenimu ir paskaitomis jis skleid\u017eia pagrindin\u0119 mint\u012f: vis\u0173 svarbiausia yra rasti savo gyvenimo tiksl\u0105 ir niekada nepasiduoti, net kai sunkumai u\u017etveria keli\u0105. Tegul tai \u012fkvepia jus prad\u0117ti savo gyvenim\u0105 be rib\u0173.   &quot;...gyvenimo i\u0161\u0161\u016bkiai sugniu\u017edo arba \u012fkvepia. Jei galite gyventi, b\u016bkite u\u017e tai d\u0117kingi. Pasinaudodami tuo d\u0117kingumu i\u0161sivaduokite nuo depresijos ir pyk\u010dio. \u017denkite vien\u0105 \u017eingsn\u012f, paskui kit\u0105, duokite impuls\u0105 ir kurkite gyvenim\u0105, kokio nor\u0117tum\u0117te. &quot;\" \/>\n<meta name=\"robots\" content=\"index, follow, max-snippet:-1, max-image-preview:large, max-video-preview:-1\" \/>\n<link rel=\"canonical\" href=\"https:\/\/skaitytaknyga.lt\/en\/produktas\/nick-vujicic-gyvenimas-be-ribu\/\" \/>\n<meta property=\"og:locale\" content=\"en_GB\" \/>\n<meta property=\"og:locale:alternate\" content=\"lt_LT\" \/>\n<meta property=\"og:type\" content=\"article\" \/>\n<meta property=\"og:title\" content=\"Nick Vujicic &quot;Gyvenimas be rib\u0173&quot; - Skaitytaknyga\" \/>\n<meta property=\"og:description\" content=\"Ar galite \u012fsivaizduoti, kokie b\u016btume jo vietoje? Nors gim\u0117 be gal\u016bni\u0173, Nikas Vuji\u010di\u010dius \u012fveik\u0117 savo negali\u0105. Jis i\u0161moko gyventi savaranki\u0161k\u0105, turting\u0105 ir &quot;juokingai ger\u0105&quot; gyvenim\u0105. Nikas yra pavyzdys visiems, norintiems atrasti tikr\u0105j\u0105 laim\u0119.    Stiprus Niko tik\u0117jimas Diev\u0105 buvo ir yra pagrindinis j\u0117g\u0173 \u0161altinis. Savo gyvenimu ir paskaitomis jis skleid\u017eia pagrindin\u0119 mint\u012f: vis\u0173 svarbiausia yra rasti savo gyvenimo tiksl\u0105 ir niekada nepasiduoti, net kai sunkumai u\u017etveria keli\u0105. Tegul tai \u012fkvepia jus prad\u0117ti savo gyvenim\u0105 be rib\u0173.   &quot;...gyvenimo i\u0161\u0161\u016bkiai sugniu\u017edo arba \u012fkvepia. Jei galite gyventi, b\u016bkite u\u017e tai d\u0117kingi. Pasinaudodami tuo d\u0117kingumu i\u0161sivaduokite nuo depresijos ir pyk\u010dio. \u017denkite vien\u0105 \u017eingsn\u012f, paskui kit\u0105, duokite impuls\u0105 ir kurkite gyvenim\u0105, kokio nor\u0117tum\u0117te. &quot;\" \/>\n<meta property=\"og:url\" content=\"https:\/\/skaitytaknyga.lt\/en\/produktas\/nick-vujicic-gyvenimas-be-ribu\/\" \/>\n<meta property=\"og:site_name\" content=\"Skaitytaknyga\" \/>\n<meta property=\"article:publisher\" content=\"https:\/\/www.facebook.com\/skaitytaknyga\/\" \/>\n<meta property=\"article:modified_time\" content=\"2024-05-04T18:23:24+00:00\" \/>\n<meta property=\"og:image\" content=\"https:\/\/skaitytaknyga.lt\/wp-content\/uploads\/2024\/05\/gyvenimas-be-ribu.png\" \/>\n\t<meta property=\"og:image:width\" content=\"268\" \/>\n\t<meta property=\"og:image:height\" content=\"398\" \/>\n\t<meta property=\"og:image:type\" content=\"image\/png\" \/>\n<meta name=\"twitter:card\" content=\"summary_large_image\" \/>\n<meta name=\"twitter:label1\" content=\"Estimated reading time\" \/>\n\t<meta name=\"twitter:data1\" content=\"1 minute\" \/>\n<script type=\"application\/ld+json\" class=\"yoast-schema-graph\">{\"@context\":\"https:\\\/\\\/schema.org\",\"@graph\":[{\"@type\":\"WebPage\",\"@id\":\"https:\\\/\\\/skaitytaknyga.lt\\\/produktas\\\/nick-vujicic-gyvenimas-be-ribu\\\/\",\"url\":\"https:\\\/\\\/skaitytaknyga.lt\\\/produktas\\\/nick-vujicic-gyvenimas-be-ribu\\\/\",\"name\":\"Nick Vujicic \\\"Gyvenimas be rib\u0173\\\" - Skaitytaknyga\",\"isPartOf\":{\"@id\":\"https:\\\/\\\/skaitytaknyga.lt\\\/#website\"},\"primaryImageOfPage\":{\"@id\":\"https:\\\/\\\/skaitytaknyga.lt\\\/produktas\\\/nick-vujicic-gyvenimas-be-ribu\\\/#primaryimage\"},\"image\":{\"@id\":\"https:\\\/\\\/skaitytaknyga.lt\\\/produktas\\\/nick-vujicic-gyvenimas-be-ribu\\\/#primaryimage\"},\"thumbnailUrl\":\"https:\\\/\\\/skaitytaknyga.lt\\\/wp-content\\\/uploads\\\/2024\\\/05\\\/gyvenimas-be-ribu.png\",\"datePublished\":\"2024-05-04T18:19:03+00:00\",\"dateModified\":\"2024-05-04T18:23:24+00:00\",\"description\":\"Ar galite \u012fsivaizduoti, kokie b\u016btume jo vietoje? Nors gim\u0117 be gal\u016bni\u0173, Nikas Vuji\u010di\u010dius \u012fveik\u0117 savo negali\u0105. Jis i\u0161moko gyventi savaranki\u0161k\u0105, turting\u0105 ir \\\"juokingai ger\u0105\\\" gyvenim\u0105. Nikas yra pavyzdys visiems, norintiems atrasti tikr\u0105j\u0105 laim\u0119. Stiprus Niko tik\u0117jimas Diev\u0105 buvo ir yra pagrindinis j\u0117g\u0173 \u0161altinis. Savo gyvenimu ir paskaitomis jis skleid\u017eia pagrindin\u0119 mint\u012f: vis\u0173 svarbiausia yra rasti savo gyvenimo tiksl\u0105 ir niekada nepasiduoti, net kai sunkumai u\u017etveria keli\u0105. Tegul tai \u012fkvepia jus prad\u0117ti savo gyvenim\u0105 be rib\u0173. \\\"...gyvenimo i\u0161\u0161\u016bkiai sugniu\u017edo arba \u012fkvepia. Jei galite gyventi, b\u016bkite u\u017e tai d\u0117kingi. Pasinaudodami tuo d\u0117kingumu i\u0161sivaduokite nuo depresijos ir pyk\u010dio. \u017denkite vien\u0105 \u017eingsn\u012f, paskui kit\u0105, duokite impuls\u0105 ir kurkite gyvenim\u0105, kokio nor\u0117tum\u0117te. \\\"\",\"breadcrumb\":{\"@id\":\"https:\\\/\\\/skaitytaknyga.lt\\\/produktas\\\/nick-vujicic-gyvenimas-be-ribu\\\/#breadcrumb\"},\"inLanguage\":\"en-GB\",\"potentialAction\":[{\"@type\":\"ReadAction\",\"target\":[\"https:\\\/\\\/skaitytaknyga.lt\\\/produktas\\\/nick-vujicic-gyvenimas-be-ribu\\\/\"]}]},{\"@type\":\"ImageObject\",\"inLanguage\":\"en-GB\",\"@id\":\"https:\\\/\\\/skaitytaknyga.lt\\\/produktas\\\/nick-vujicic-gyvenimas-be-ribu\\\/#primaryimage\",\"url\":\"https:\\\/\\\/skaitytaknyga.lt\\\/wp-content\\\/uploads\\\/2024\\\/05\\\/gyvenimas-be-ribu.png\",\"contentUrl\":\"https:\\\/\\\/skaitytaknyga.lt\\\/wp-content\\\/uploads\\\/2024\\\/05\\\/gyvenimas-be-ribu.png\",\"width\":268,\"height\":398},{\"@type\":\"BreadcrumbList\",\"@id\":\"https:\\\/\\\/skaitytaknyga.lt\\\/produktas\\\/nick-vujicic-gyvenimas-be-ribu\\\/#breadcrumb\",\"itemListElement\":[{\"@type\":\"ListItem\",\"position\":1,\"name\":\"Home\",\"item\":\"https:\\\/\\\/skaitytaknyga.lt\\\/\"},{\"@type\":\"ListItem\",\"position\":2,\"name\":\"Parduotuv\u0117\",\"item\":\"https:\\\/\\\/skaitytaknyga.lt\\\/knygu-parduotuve\\\/\"},{\"@type\":\"ListItem\",\"position\":3,\"name\":\"Nick Vujicic &#8222;Gyvenimas be rib\u0173&#8221;\"}]},{\"@type\":\"WebSite\",\"@id\":\"https:\\\/\\\/skaitytaknyga.lt\\\/#website\",\"url\":\"https:\\\/\\\/skaitytaknyga.lt\\\/\",\"name\":\"skaitytaknyga.lt\",\"description\":\"Skaitytaknyga.lt \u2013 tai ma\u017eas \u0161eimos verslas, kuris prasid\u0117jo nuo meil\u0117s knygoms ir siekio i\u0161gelb\u0117ti knygas nuo likimo prie konteinerio. Kas vienam nereikalingas daiktas \u2013 kitam lobis, o mes esame tarpininkai, kurie padeda abiems tapti laimingesniems ???? \u017dinome kaip nelengva i\u0161gyventi ma\u017eiems verslams, tad nuo \u0161iol, \u010dia rasite ir kit\u0173, ma\u017e\u0173 \u0161eim\u0173 versl\u0173, rank\u0173 darbo, dovan\u0173 sau ir artimiesiems.\",\"publisher\":{\"@id\":\"https:\\\/\\\/skaitytaknyga.lt\\\/#organization\"},\"potentialAction\":[{\"@type\":\"SearchAction\",\"target\":{\"@type\":\"EntryPoint\",\"urlTemplate\":\"https:\\\/\\\/skaitytaknyga.lt\\\/?s={search_term_string}\"},\"query-input\":{\"@type\":\"PropertyValueSpecification\",\"valueRequired\":true,\"valueName\":\"search_term_string\"}}],\"inLanguage\":\"en-GB\"},{\"@type\":\"Organization\",\"@id\":\"https:\\\/\\\/skaitytaknyga.lt\\\/#organization\",\"name\":\"skaitytaknyga.lt\",\"url\":\"https:\\\/\\\/skaitytaknyga.lt\\\/\",\"logo\":{\"@type\":\"ImageObject\",\"inLanguage\":\"en-GB\",\"@id\":\"https:\\\/\\\/skaitytaknyga.lt\\\/#\\\/schema\\\/logo\\\/image\\\/\",\"url\":\"https:\\\/\\\/skaitytaknyga.lt\\\/wp-content\\\/uploads\\\/2024\\\/05\\\/cropped-cropped-cropped-02_00843_jt3bggkj1j3HLc7SyY6rEUpg.jpeg\",\"contentUrl\":\"https:\\\/\\\/skaitytaknyga.lt\\\/wp-content\\\/uploads\\\/2024\\\/05\\\/cropped-cropped-cropped-02_00843_jt3bggkj1j3HLc7SyY6rEUpg.jpeg\",\"width\":1600,\"height\":1600,\"caption\":\"skaitytaknyga.lt\"},\"image\":{\"@id\":\"https:\\\/\\\/skaitytaknyga.lt\\\/#\\\/schema\\\/logo\\\/image\\\/\"},\"sameAs\":[\"https:\\\/\\\/www.facebook.com\\\/skaitytaknyga\\\/\"]}]}<\/script>\n<!-- \/ Yoast SEO plugin. -->","yoast_head_json":{"title":"Nick Vujicic \"Gyvenimas be rib\u0173\" - Skaitytaknyga","description":"Ar galite \u012fsivaizduoti, kokie b\u016btume jo vietoje? Nors gim\u0117 be gal\u016bni\u0173, Nikas Vuji\u010di\u010dius \u012fveik\u0117 savo negali\u0105. Jis i\u0161moko gyventi savaranki\u0161k\u0105, turting\u0105 ir \"juokingai ger\u0105\" gyvenim\u0105. Nikas yra pavyzdys visiems, norintiems atrasti tikr\u0105j\u0105 laim\u0119.    Stiprus Niko tik\u0117jimas Diev\u0105 buvo ir yra pagrindinis j\u0117g\u0173 \u0161altinis. Savo gyvenimu ir paskaitomis jis skleid\u017eia pagrindin\u0119 mint\u012f: vis\u0173 svarbiausia yra rasti savo gyvenimo tiksl\u0105 ir niekada nepasiduoti, net kai sunkumai u\u017etveria keli\u0105. Tegul tai \u012fkvepia jus prad\u0117ti savo gyvenim\u0105 be rib\u0173.   \"...gyvenimo i\u0161\u0161\u016bkiai sugniu\u017edo arba \u012fkvepia. Jei galite gyventi, b\u016bkite u\u017e tai d\u0117kingi. Pasinaudodami tuo d\u0117kingumu i\u0161sivaduokite nuo depresijos ir pyk\u010dio. \u017denkite vien\u0105 \u017eingsn\u012f, paskui kit\u0105, duokite impuls\u0105 ir kurkite gyvenim\u0105, kokio nor\u0117tum\u0117te. \"","robots":{"index":"index","follow":"follow","max-snippet":"max-snippet:-1","max-image-preview":"max-image-preview:large","max-video-preview":"max-video-preview:-1"},"canonical":"https:\/\/skaitytaknyga.lt\/en\/produktas\/nick-vujicic-gyvenimas-be-ribu\/","og_locale":"en_GB","og_type":"article","og_title":"Nick Vujicic \"Gyvenimas be rib\u0173\" - Skaitytaknyga","og_description":"Ar galite \u012fsivaizduoti, kokie b\u016btume jo vietoje? Nors gim\u0117 be gal\u016bni\u0173, Nikas Vuji\u010di\u010dius \u012fveik\u0117 savo negali\u0105. Jis i\u0161moko gyventi savaranki\u0161k\u0105, turting\u0105 ir \"juokingai ger\u0105\" gyvenim\u0105. Nikas yra pavyzdys visiems, norintiems atrasti tikr\u0105j\u0105 laim\u0119.    Stiprus Niko tik\u0117jimas Diev\u0105 buvo ir yra pagrindinis j\u0117g\u0173 \u0161altinis. Savo gyvenimu ir paskaitomis jis skleid\u017eia pagrindin\u0119 mint\u012f: vis\u0173 svarbiausia yra rasti savo gyvenimo tiksl\u0105 ir niekada nepasiduoti, net kai sunkumai u\u017etveria keli\u0105. Tegul tai \u012fkvepia jus prad\u0117ti savo gyvenim\u0105 be rib\u0173.   \"...gyvenimo i\u0161\u0161\u016bkiai sugniu\u017edo arba \u012fkvepia. Jei galite gyventi, b\u016bkite u\u017e tai d\u0117kingi. Pasinaudodami tuo d\u0117kingumu i\u0161sivaduokite nuo depresijos ir pyk\u010dio. \u017denkite vien\u0105 \u017eingsn\u012f, paskui kit\u0105, duokite impuls\u0105 ir kurkite gyvenim\u0105, kokio nor\u0117tum\u0117te. \"","og_url":"https:\/\/skaitytaknyga.lt\/en\/produktas\/nick-vujicic-gyvenimas-be-ribu\/","og_site_name":"Skaitytaknyga","article_publisher":"https:\/\/www.facebook.com\/skaitytaknyga\/","article_modified_time":"2024-05-04T18:23:24+00:00","og_image":[{"width":268,"height":398,"url":"https:\/\/skaitytaknyga.lt\/wp-content\/uploads\/2024\/05\/gyvenimas-be-ribu.png","type":"image\/png"}],"twitter_card":"summary_large_image","twitter_misc":{"Estimated reading time":"1 minute"},"schema":{"@context":"https:\/\/schema.org","@graph":[{"@type":"WebPage","@id":"https:\/\/skaitytaknyga.lt\/produktas\/nick-vujicic-gyvenimas-be-ribu\/","url":"https:\/\/skaitytaknyga.lt\/produktas\/nick-vujicic-gyvenimas-be-ribu\/","name":"Nick Vujicic \"Gyvenimas be rib\u0173\" - Skaitytaknyga","isPartOf":{"@id":"https:\/\/skaitytaknyga.lt\/#website"},"primaryImageOfPage":{"@id":"https:\/\/skaitytaknyga.lt\/produktas\/nick-vujicic-gyvenimas-be-ribu\/#primaryimage"},"image":{"@id":"https:\/\/skaitytaknyga.lt\/produktas\/nick-vujicic-gyvenimas-be-ribu\/#primaryimage"},"thumbnailUrl":"https:\/\/skaitytaknyga.lt\/wp-content\/uploads\/2024\/05\/gyvenimas-be-ribu.png","datePublished":"2024-05-04T18:19:03+00:00","dateModified":"2024-05-04T18:23:24+00:00","description":"Ar galite \u012fsivaizduoti, kokie b\u016btume jo vietoje? Nors gim\u0117 be gal\u016bni\u0173, Nikas Vuji\u010di\u010dius \u012fveik\u0117 savo negali\u0105. Jis i\u0161moko gyventi savaranki\u0161k\u0105, turting\u0105 ir \"juokingai ger\u0105\" gyvenim\u0105. Nikas yra pavyzdys visiems, norintiems atrasti tikr\u0105j\u0105 laim\u0119. Stiprus Niko tik\u0117jimas Diev\u0105 buvo ir yra pagrindinis j\u0117g\u0173 \u0161altinis. Savo gyvenimu ir paskaitomis jis skleid\u017eia pagrindin\u0119 mint\u012f: vis\u0173 svarbiausia yra rasti savo gyvenimo tiksl\u0105 ir niekada nepasiduoti, net kai sunkumai u\u017etveria keli\u0105. Tegul tai \u012fkvepia jus prad\u0117ti savo gyvenim\u0105 be rib\u0173. \"...gyvenimo i\u0161\u0161\u016bkiai sugniu\u017edo arba \u012fkvepia. Jei galite gyventi, b\u016bkite u\u017e tai d\u0117kingi. Pasinaudodami tuo d\u0117kingumu i\u0161sivaduokite nuo depresijos ir pyk\u010dio. \u017denkite vien\u0105 \u017eingsn\u012f, paskui kit\u0105, duokite impuls\u0105 ir kurkite gyvenim\u0105, kokio nor\u0117tum\u0117te. \"","breadcrumb":{"@id":"https:\/\/skaitytaknyga.lt\/produktas\/nick-vujicic-gyvenimas-be-ribu\/#breadcrumb"},"inLanguage":"en-GB","potentialAction":[{"@type":"ReadAction","target":["https:\/\/skaitytaknyga.lt\/produktas\/nick-vujicic-gyvenimas-be-ribu\/"]}]},{"@type":"ImageObject","inLanguage":"en-GB","@id":"https:\/\/skaitytaknyga.lt\/produktas\/nick-vujicic-gyvenimas-be-ribu\/#primaryimage","url":"https:\/\/skaitytaknyga.lt\/wp-content\/uploads\/2024\/05\/gyvenimas-be-ribu.png","contentUrl":"https:\/\/skaitytaknyga.lt\/wp-content\/uploads\/2024\/05\/gyvenimas-be-ribu.png","width":268,"height":398},{"@type":"BreadcrumbList","@id":"https:\/\/skaitytaknyga.lt\/produktas\/nick-vujicic-gyvenimas-be-ribu\/#breadcrumb","itemListElement":[{"@type":"ListItem","position":1,"name":"Home","item":"https:\/\/skaitytaknyga.lt\/"},{"@type":"ListItem","position":2,"name":"Parduotuv\u0117","item":"https:\/\/skaitytaknyga.lt\/knygu-parduotuve\/"},{"@type":"ListItem","position":3,"name":"Nick Vujicic &#8222;Gyvenimas be rib\u0173&#8221;"}]},{"@type":"WebSite","@id":"https:\/\/skaitytaknyga.lt\/#website","url":"https:\/\/skaitytaknyga.lt\/","name":"skaitytaknyga.lt","description":"Skaitytaknyga.lt \u2013 tai ma\u017eas \u0161eimos verslas, kuris prasid\u0117jo nuo meil\u0117s knygoms ir siekio i\u0161gelb\u0117ti knygas nuo likimo prie konteinerio. Kas vienam nereikalingas daiktas \u2013 kitam lobis, o mes esame tarpininkai, kurie padeda abiems tapti laimingesniems ???? \u017dinome kaip nelengva i\u0161gyventi ma\u017eiems verslams, tad nuo \u0161iol, \u010dia rasite ir kit\u0173, ma\u017e\u0173 \u0161eim\u0173 versl\u0173, rank\u0173 darbo, dovan\u0173 sau ir artimiesiems.","publisher":{"@id":"https:\/\/skaitytaknyga.lt\/#organization"},"potentialAction":[{"@type":"SearchAction","target":{"@type":"EntryPoint","urlTemplate":"https:\/\/skaitytaknyga.lt\/?s={search_term_string}"},"query-input":{"@type":"PropertyValueSpecification","valueRequired":true,"valueName":"search_term_string"}}],"inLanguage":"en-GB"},{"@type":"Organization","@id":"https:\/\/skaitytaknyga.lt\/#organization","name":"skaitytaknyga.lt","url":"https:\/\/skaitytaknyga.lt\/","logo":{"@type":"ImageObject","inLanguage":"en-GB","@id":"https:\/\/skaitytaknyga.lt\/#\/schema\/logo\/image\/","url":"https:\/\/skaitytaknyga.lt\/wp-content\/uploads\/2024\/05\/cropped-cropped-cropped-02_00843_jt3bggkj1j3HLc7SyY6rEUpg.jpeg","contentUrl":"https:\/\/skaitytaknyga.lt\/wp-content\/uploads\/2024\/05\/cropped-cropped-cropped-02_00843_jt3bggkj1j3HLc7SyY6rEUpg.jpeg","width":1600,"height":1600,"caption":"skaitytaknyga.lt"},"image":{"@id":"https:\/\/skaitytaknyga.lt\/#\/schema\/logo\/image\/"},"sameAs":["https:\/\/www.facebook.com\/skaitytaknyga\/"]}]}},"_links":{"self":[{"href":"https:\/\/skaitytaknyga.lt\/en\/wp-json\/wp\/v2\/product\/10519","targetHints":{"allow":["GET"]}}],"collection":[{"href":"https:\/\/skaitytaknyga.lt\/en\/wp-json\/wp\/v2\/product"}],"about":[{"href":"https:\/\/skaitytaknyga.lt\/en\/wp-json\/wp\/v2\/types\/product"}],"replies":[{"embeddable":true,"href":"https:\/\/skaitytaknyga.lt\/en\/wp-json\/wp\/v2\/comments?post=10519"}],"wp:featuredmedia":[{"embeddable":true,"href":"https:\/\/skaitytaknyga.lt\/en\/wp-json\/wp\/v2\/media\/10567"}],"wp:attachment":[{"href":"https:\/\/skaitytaknyga.lt\/en\/wp-json\/wp\/v2\/media?parent=10519"}],"wp:term":[{"taxonomy":"product_brand","embeddable":true,"href":"https:\/\/skaitytaknyga.lt\/en\/wp-json\/wp\/v2\/product_brand?post=10519"},{"taxonomy":"product_cat","embeddable":true,"href":"https:\/\/skaitytaknyga.lt\/en\/wp-json\/wp\/v2\/product_cat?post=10519"},{"taxonomy":"product_tag","embeddable":true,"href":"https:\/\/skaitytaknyga.lt\/en\/wp-json\/wp\/v2\/product_tag?post=10519"}],"curies":[{"name":"wp","href":"https:\/\/api.w.org\/{rel}","templated":true}]}}