{"id":10518,"date":"2024-05-04T18:19:03","date_gmt":"2024-05-04T18:19:03","guid":{"rendered":"https:\/\/skaitytaknyga.lt\/?post_type=product&#038;p=10518"},"modified":"2024-05-04T18:23:21","modified_gmt":"2024-05-04T18:23:21","slug":"aleksandras-zarskus-as-iki-gimimo","status":"publish","type":"product","link":"https:\/\/skaitytaknyga.lt\/en\/produktas\/aleksandras-zarskus-as-iki-gimimo\/","title":{"rendered":"Aleksandras \u017darskus &#8220;A\u0161 iki gimimo&#8221;"},"content":{"rendered":"<div>\n<p>Knyga &#8220;A\u0161 iki gimimo&#8221; &#8211; tai studijos \u201eGimties virsmas\u201c pirmoji dalis &#8211; \u201eNusileidimas i\u0161 dangaus ir Sielos r\u016bbo audimas\u201c. Knygoje apra\u0161omi sl\u0117piningiausi gimties virsmo \u012fvykiai iki gimimo.<\/p>\n<p>Nors joje yra daug prakti\u0161k\u0173 ir psichologini\u0173 \u017eini\u0173, \u0161i knyga vis\u0173 pirma yra pasaul\u0117\u017ei\u016brin\u0117. Joje pateikiamas po\u017ei\u016bris griauna m\u016bs\u0173 \u012fprastin\u0119 pasaul\u0117vok\u0105 ir t\u0105 po\u017ei\u016br\u012f \u012f gyvyb\u0119, kur\u012f esame \u012fsigij\u0119 mokyklose ir universitetuose. Ji skirta ne tik tiems, kurie galvoja apie nauj\u0105 gyvyb\u0119, bet visiems norintiems geriau save pa\u017einti, visiems, kas nori saugiau jaustis \u012fvairiuose gyvenimo virsmuose.<\/p>\n<p>Knyga &#8220;A\u0161 iki gimimo&#8221; skirta s\u0105moningumo \u017eadinimui ir auginimui mylin\u010dio \u017emogaus, kuris, suvok\u0119s savo am\u017einum\u0105 ir vieningum\u0105 su visa gyvybe, atrast\u0173 savyje t\u0105 meil\u0119, kurios d\u0117ka laikosi visas pasaulis.<\/p>\n<\/div>\n","protected":false},"excerpt":{"rendered":"<div>\n<p>Knyga &#8220;A\u0161 iki gimimo&#8221; &#8211; tai studijos \u201eGimties virsmas\u201c pirmoji dalis &#8211; \u201eNusileidimas i\u0161 dangaus ir Sielos r\u016bbo audimas\u201c. Knygoje apra\u0161omi sl\u0117piningiausi gimties virsmo \u012fvykiai iki gimimo.<\/p>\n<p>Nors joje yra daug prakti\u0161k\u0173 ir psichologini\u0173 \u017eini\u0173, \u0161i knyga vis\u0173 pirma yra pasaul\u0117\u017ei\u016brin\u0117. Joje pateikiamas po\u017ei\u016bris griauna m\u016bs\u0173 \u012fprastin\u0119 pasaul\u0117vok\u0105 ir t\u0105 po\u017ei\u016br\u012f \u012f gyvyb\u0119, kur\u012f esame \u012fsigij\u0119 mokyklose ir universitetuose. Ji skirta ne tik tiems, kurie galvoja apie nauj\u0105 gyvyb\u0119, bet visiems norintiems geriau save pa\u017einti, visiems, kas nori saugiau jaustis \u012fvairiuose gyvenimo virsmuose.<\/p>\n<p>Knyga &#8220;A\u0161 iki gimimo&#8221; skirta s\u0105moningumo \u017eadinimui ir auginimui mylin\u010dio \u017emogaus, kuris, suvok\u0119s savo am\u017einum\u0105 ir vieningum\u0105 su visa gyvybe, atrast\u0173 savyje t\u0105 meil\u0119, kurios d\u0117ka laikosi visas pasaulis.<\/p>\n<\/div>\n","protected":false},"featured_media":10566,"comment_status":"closed","ping_status":"closed","template":"","meta":{"_acf_changed":false,"site-sidebar-layout":"default","site-content-layout":"","ast-site-content-layout":"default","site-content-style":"default","site-sidebar-style":"default","ast-global-header-display":"","ast-banner-title-visibility":"","ast-main-header-display":"","ast-hfb-above-header-display":"","ast-hfb-below-header-display":"","ast-hfb-mobile-header-display":"","site-post-title":"","ast-breadcrumbs-content":"","ast-featured-img":"","footer-sml-layout":"","ast-disable-related-posts":"","theme-transparent-header-meta":"","adv-header-id-meta":"","stick-header-meta":"","header-above-stick-meta":"","header-main-stick-meta":"","header-below-stick-meta":"","astra-migrate-meta-layouts":"default","ast-page-background-enabled":"default","ast-page-background-meta":{"desktop":{"background-color":"","background-image":"","background-repeat":"repeat","background-position":"center center","background-size":"auto","background-attachment":"scroll","background-type":"","background-media":"","overlay-type":"","overlay-color":"","overlay-opacity":"","overlay-gradient":""},"tablet":{"background-color":"","background-image":"","background-repeat":"repeat","background-position":"center center","background-size":"auto","background-attachment":"scroll","background-type":"","background-media":"","overlay-type":"","overlay-color":"","overlay-opacity":"","overlay-gradient":""},"mobile":{"background-color":"","background-image":"","background-repeat":"repeat","background-position":"center center","background-size":"auto","background-attachment":"scroll","background-type":"","background-media":"","overlay-type":"","overlay-color":"","overlay-opacity":"","overlay-gradient":""}},"ast-content-background-meta":{"desktop":{"background-color":"var(--ast-global-color-4)","background-image":"","background-repeat":"repeat","background-position":"center center","background-size":"auto","background-attachment":"scroll","background-type":"","background-media":"","overlay-type":"","overlay-color":"","overlay-opacity":"","overlay-gradient":""},"tablet":{"background-color":"var(--ast-global-color-4)","background-image":"","background-repeat":"repeat","background-position":"center center","background-size":"auto","background-attachment":"scroll","background-type":"","background-media":"","overlay-type":"","overlay-color":"","overlay-opacity":"","overlay-gradient":""},"mobile":{"background-color":"var(--ast-global-color-4)","background-image":"","background-repeat":"repeat","background-position":"center center","background-size":"auto","background-attachment":"scroll","background-type":"","background-media":"","overlay-type":"","overlay-color":"","overlay-opacity":"","overlay-gradient":""}}},"product_brand":[],"product_cat":[30,165],"product_tag":[],"class_list":{"0":"post-10518","1":"product","2":"type-product","3":"status-publish","4":"has-post-thumbnail","6":"product_cat-psichologija-ir-saviugda","7":"product_cat-religija-filosofija-ir-ezoterika","8":"desktop-align-left","9":"tablet-align-left","10":"mobile-align-left","12":"first","13":"outofstock","14":"shipping-taxable","15":"purchasable","16":"product-type-simple"},"acf":[],"yoast_head":"<!-- This site is optimized with the Yoast SEO plugin v27.4 - https:\/\/yoast.com\/product\/yoast-seo-wordpress\/ -->\n<title>Aleksandras \u017darskus &quot;A\u0161 iki gimimo&quot; - Skaitytaknyga<\/title>\n<meta name=\"description\" content=\"Knyga &quot;A\u0161 iki gimimo&quot; - tai studijos \u201eGimties virsmas\u201c pirmoji dalis - \u201eNusileidimas i\u0161 dangaus ir Sielos r\u016bbo audimas\u201c. Knygoje apra\u0161omi sl\u0117piningiausi gimties virsmo \u012fvykiai iki gimimo.  Nors joje yra daug prakti\u0161k\u0173 ir psichologini\u0173 \u017eini\u0173, \u0161i knyga vis\u0173 pirma yra pasaul\u0117\u017ei\u016brin\u0117. Joje pateikiamas po\u017ei\u016bris griauna m\u016bs\u0173 \u012fprastin\u0119 pasaul\u0117vok\u0105 ir t\u0105 po\u017ei\u016br\u012f \u012f gyvyb\u0119, kur\u012f esame \u012fsigij\u0119 mokyklose ir universitetuose. Ji skirta ne tik tiems, kurie galvoja apie nauj\u0105 gyvyb\u0119, bet visiems norintiems geriau save pa\u017einti, visiems, kas nori saugiau jaustis \u012fvairiuose gyvenimo virsmuose.  Knyga &quot;A\u0161 iki gimimo&quot; skirta s\u0105moningumo \u017eadinimui ir auginimui mylin\u010dio \u017emogaus, kuris, suvok\u0119s savo am\u017einum\u0105 ir vieningum\u0105 su visa gyvybe, atrast\u0173 savyje t\u0105 meil\u0119, kurios d\u0117ka laikosi visas pasaulis.\" \/>\n<meta name=\"robots\" content=\"index, follow, max-snippet:-1, max-image-preview:large, max-video-preview:-1\" \/>\n<link rel=\"canonical\" href=\"https:\/\/skaitytaknyga.lt\/en\/produktas\/aleksandras-zarskus-as-iki-gimimo\/\" \/>\n<meta property=\"og:locale\" content=\"en_GB\" \/>\n<meta property=\"og:locale:alternate\" content=\"lt_LT\" \/>\n<meta property=\"og:type\" content=\"article\" \/>\n<meta property=\"og:title\" content=\"Aleksandras \u017darskus &quot;A\u0161 iki gimimo&quot; - Skaitytaknyga\" \/>\n<meta property=\"og:description\" content=\"Knyga &quot;A\u0161 iki gimimo&quot; - tai studijos \u201eGimties virsmas\u201c pirmoji dalis - \u201eNusileidimas i\u0161 dangaus ir Sielos r\u016bbo audimas\u201c. Knygoje apra\u0161omi sl\u0117piningiausi gimties virsmo \u012fvykiai iki gimimo.  Nors joje yra daug prakti\u0161k\u0173 ir psichologini\u0173 \u017eini\u0173, \u0161i knyga vis\u0173 pirma yra pasaul\u0117\u017ei\u016brin\u0117. Joje pateikiamas po\u017ei\u016bris griauna m\u016bs\u0173 \u012fprastin\u0119 pasaul\u0117vok\u0105 ir t\u0105 po\u017ei\u016br\u012f \u012f gyvyb\u0119, kur\u012f esame \u012fsigij\u0119 mokyklose ir universitetuose. Ji skirta ne tik tiems, kurie galvoja apie nauj\u0105 gyvyb\u0119, bet visiems norintiems geriau save pa\u017einti, visiems, kas nori saugiau jaustis \u012fvairiuose gyvenimo virsmuose.  Knyga &quot;A\u0161 iki gimimo&quot; skirta s\u0105moningumo \u017eadinimui ir auginimui mylin\u010dio \u017emogaus, kuris, suvok\u0119s savo am\u017einum\u0105 ir vieningum\u0105 su visa gyvybe, atrast\u0173 savyje t\u0105 meil\u0119, kurios d\u0117ka laikosi visas pasaulis.\" \/>\n<meta property=\"og:url\" content=\"https:\/\/skaitytaknyga.lt\/en\/produktas\/aleksandras-zarskus-as-iki-gimimo\/\" \/>\n<meta property=\"og:site_name\" content=\"Skaitytaknyga\" \/>\n<meta property=\"article:publisher\" content=\"https:\/\/www.facebook.com\/skaitytaknyga\/\" \/>\n<meta property=\"article:modified_time\" content=\"2024-05-04T18:23:21+00:00\" \/>\n<meta property=\"og:image\" content=\"https:\/\/skaitytaknyga.lt\/wp-content\/uploads\/2024\/05\/as-iki-gimimo.jpg\" \/>\n\t<meta property=\"og:image:width\" content=\"600\" \/>\n\t<meta property=\"og:image:height\" content=\"991\" \/>\n\t<meta property=\"og:image:type\" content=\"image\/jpeg\" \/>\n<meta name=\"twitter:card\" content=\"summary_large_image\" \/>\n<meta name=\"twitter:label1\" content=\"Estimated reading time\" \/>\n\t<meta name=\"twitter:data1\" content=\"1 minute\" \/>\n<script type=\"application\/ld+json\" class=\"yoast-schema-graph\">{\"@context\":\"https:\\\/\\\/schema.org\",\"@graph\":[{\"@type\":\"WebPage\",\"@id\":\"https:\\\/\\\/skaitytaknyga.lt\\\/produktas\\\/aleksandras-zarskus-as-iki-gimimo\\\/\",\"url\":\"https:\\\/\\\/skaitytaknyga.lt\\\/produktas\\\/aleksandras-zarskus-as-iki-gimimo\\\/\",\"name\":\"Aleksandras \u017darskus \\\"A\u0161 iki gimimo\\\" - Skaitytaknyga\",\"isPartOf\":{\"@id\":\"https:\\\/\\\/skaitytaknyga.lt\\\/#website\"},\"primaryImageOfPage\":{\"@id\":\"https:\\\/\\\/skaitytaknyga.lt\\\/produktas\\\/aleksandras-zarskus-as-iki-gimimo\\\/#primaryimage\"},\"image\":{\"@id\":\"https:\\\/\\\/skaitytaknyga.lt\\\/produktas\\\/aleksandras-zarskus-as-iki-gimimo\\\/#primaryimage\"},\"thumbnailUrl\":\"https:\\\/\\\/skaitytaknyga.lt\\\/wp-content\\\/uploads\\\/2024\\\/05\\\/as-iki-gimimo.jpg\",\"datePublished\":\"2024-05-04T18:19:03+00:00\",\"dateModified\":\"2024-05-04T18:23:21+00:00\",\"description\":\"Knyga \\\"A\u0161 iki gimimo\\\" - tai studijos \u201eGimties virsmas\u201c pirmoji dalis - \u201eNusileidimas i\u0161 dangaus ir Sielos r\u016bbo audimas\u201c. Knygoje apra\u0161omi sl\u0117piningiausi gimties virsmo \u012fvykiai iki gimimo. Nors joje yra daug prakti\u0161k\u0173 ir psichologini\u0173 \u017eini\u0173, \u0161i knyga vis\u0173 pirma yra pasaul\u0117\u017ei\u016brin\u0117. Joje pateikiamas po\u017ei\u016bris griauna m\u016bs\u0173 \u012fprastin\u0119 pasaul\u0117vok\u0105 ir t\u0105 po\u017ei\u016br\u012f \u012f gyvyb\u0119, kur\u012f esame \u012fsigij\u0119 mokyklose ir universitetuose. Ji skirta ne tik tiems, kurie galvoja apie nauj\u0105 gyvyb\u0119, bet visiems norintiems geriau save pa\u017einti, visiems, kas nori saugiau jaustis \u012fvairiuose gyvenimo virsmuose. Knyga \\\"A\u0161 iki gimimo\\\" skirta s\u0105moningumo \u017eadinimui ir auginimui mylin\u010dio \u017emogaus, kuris, suvok\u0119s savo am\u017einum\u0105 ir vieningum\u0105 su visa gyvybe, atrast\u0173 savyje t\u0105 meil\u0119, kurios d\u0117ka laikosi visas pasaulis.\",\"breadcrumb\":{\"@id\":\"https:\\\/\\\/skaitytaknyga.lt\\\/produktas\\\/aleksandras-zarskus-as-iki-gimimo\\\/#breadcrumb\"},\"inLanguage\":\"en-GB\",\"potentialAction\":[{\"@type\":\"ReadAction\",\"target\":[\"https:\\\/\\\/skaitytaknyga.lt\\\/produktas\\\/aleksandras-zarskus-as-iki-gimimo\\\/\"]}]},{\"@type\":\"ImageObject\",\"inLanguage\":\"en-GB\",\"@id\":\"https:\\\/\\\/skaitytaknyga.lt\\\/produktas\\\/aleksandras-zarskus-as-iki-gimimo\\\/#primaryimage\",\"url\":\"https:\\\/\\\/skaitytaknyga.lt\\\/wp-content\\\/uploads\\\/2024\\\/05\\\/as-iki-gimimo.jpg\",\"contentUrl\":\"https:\\\/\\\/skaitytaknyga.lt\\\/wp-content\\\/uploads\\\/2024\\\/05\\\/as-iki-gimimo.jpg\",\"width\":600,\"height\":991},{\"@type\":\"BreadcrumbList\",\"@id\":\"https:\\\/\\\/skaitytaknyga.lt\\\/produktas\\\/aleksandras-zarskus-as-iki-gimimo\\\/#breadcrumb\",\"itemListElement\":[{\"@type\":\"ListItem\",\"position\":1,\"name\":\"Home\",\"item\":\"https:\\\/\\\/skaitytaknyga.lt\\\/\"},{\"@type\":\"ListItem\",\"position\":2,\"name\":\"Parduotuv\u0117\",\"item\":\"https:\\\/\\\/skaitytaknyga.lt\\\/knygu-parduotuve\\\/\"},{\"@type\":\"ListItem\",\"position\":3,\"name\":\"Aleksandras \u017darskus &#8222;A\u0161 iki gimimo&#8221;\"}]},{\"@type\":\"WebSite\",\"@id\":\"https:\\\/\\\/skaitytaknyga.lt\\\/#website\",\"url\":\"https:\\\/\\\/skaitytaknyga.lt\\\/\",\"name\":\"skaitytaknyga.lt\",\"description\":\"Skaitytaknyga.lt \u2013 tai ma\u017eas \u0161eimos verslas, kuris prasid\u0117jo nuo meil\u0117s knygoms ir siekio i\u0161gelb\u0117ti knygas nuo likimo prie konteinerio. Kas vienam nereikalingas daiktas \u2013 kitam lobis, o mes esame tarpininkai, kurie padeda abiems tapti laimingesniems ???? \u017dinome kaip nelengva i\u0161gyventi ma\u017eiems verslams, tad nuo \u0161iol, \u010dia rasite ir kit\u0173, ma\u017e\u0173 \u0161eim\u0173 versl\u0173, rank\u0173 darbo, dovan\u0173 sau ir artimiesiems.\",\"publisher\":{\"@id\":\"https:\\\/\\\/skaitytaknyga.lt\\\/#organization\"},\"potentialAction\":[{\"@type\":\"SearchAction\",\"target\":{\"@type\":\"EntryPoint\",\"urlTemplate\":\"https:\\\/\\\/skaitytaknyga.lt\\\/?s={search_term_string}\"},\"query-input\":{\"@type\":\"PropertyValueSpecification\",\"valueRequired\":true,\"valueName\":\"search_term_string\"}}],\"inLanguage\":\"en-GB\"},{\"@type\":\"Organization\",\"@id\":\"https:\\\/\\\/skaitytaknyga.lt\\\/#organization\",\"name\":\"skaitytaknyga.lt\",\"url\":\"https:\\\/\\\/skaitytaknyga.lt\\\/\",\"logo\":{\"@type\":\"ImageObject\",\"inLanguage\":\"en-GB\",\"@id\":\"https:\\\/\\\/skaitytaknyga.lt\\\/#\\\/schema\\\/logo\\\/image\\\/\",\"url\":\"https:\\\/\\\/skaitytaknyga.lt\\\/wp-content\\\/uploads\\\/2024\\\/05\\\/cropped-cropped-cropped-02_00843_jt3bggkj1j3HLc7SyY6rEUpg.jpeg\",\"contentUrl\":\"https:\\\/\\\/skaitytaknyga.lt\\\/wp-content\\\/uploads\\\/2024\\\/05\\\/cropped-cropped-cropped-02_00843_jt3bggkj1j3HLc7SyY6rEUpg.jpeg\",\"width\":1600,\"height\":1600,\"caption\":\"skaitytaknyga.lt\"},\"image\":{\"@id\":\"https:\\\/\\\/skaitytaknyga.lt\\\/#\\\/schema\\\/logo\\\/image\\\/\"},\"sameAs\":[\"https:\\\/\\\/www.facebook.com\\\/skaitytaknyga\\\/\"]}]}<\/script>\n<!-- \/ Yoast SEO plugin. -->","yoast_head_json":{"title":"Aleksandras \u017darskus \"A\u0161 iki gimimo\" - Skaitytaknyga","description":"Knyga \"A\u0161 iki gimimo\" - tai studijos \u201eGimties virsmas\u201c pirmoji dalis - \u201eNusileidimas i\u0161 dangaus ir Sielos r\u016bbo audimas\u201c. Knygoje apra\u0161omi sl\u0117piningiausi gimties virsmo \u012fvykiai iki gimimo.  Nors joje yra daug prakti\u0161k\u0173 ir psichologini\u0173 \u017eini\u0173, \u0161i knyga vis\u0173 pirma yra pasaul\u0117\u017ei\u016brin\u0117. Joje pateikiamas po\u017ei\u016bris griauna m\u016bs\u0173 \u012fprastin\u0119 pasaul\u0117vok\u0105 ir t\u0105 po\u017ei\u016br\u012f \u012f gyvyb\u0119, kur\u012f esame \u012fsigij\u0119 mokyklose ir universitetuose. Ji skirta ne tik tiems, kurie galvoja apie nauj\u0105 gyvyb\u0119, bet visiems norintiems geriau save pa\u017einti, visiems, kas nori saugiau jaustis \u012fvairiuose gyvenimo virsmuose.  Knyga \"A\u0161 iki gimimo\" skirta s\u0105moningumo \u017eadinimui ir auginimui mylin\u010dio \u017emogaus, kuris, suvok\u0119s savo am\u017einum\u0105 ir vieningum\u0105 su visa gyvybe, atrast\u0173 savyje t\u0105 meil\u0119, kurios d\u0117ka laikosi visas pasaulis.","robots":{"index":"index","follow":"follow","max-snippet":"max-snippet:-1","max-image-preview":"max-image-preview:large","max-video-preview":"max-video-preview:-1"},"canonical":"https:\/\/skaitytaknyga.lt\/en\/produktas\/aleksandras-zarskus-as-iki-gimimo\/","og_locale":"en_GB","og_type":"article","og_title":"Aleksandras \u017darskus \"A\u0161 iki gimimo\" - Skaitytaknyga","og_description":"Knyga \"A\u0161 iki gimimo\" - tai studijos \u201eGimties virsmas\u201c pirmoji dalis - \u201eNusileidimas i\u0161 dangaus ir Sielos r\u016bbo audimas\u201c. Knygoje apra\u0161omi sl\u0117piningiausi gimties virsmo \u012fvykiai iki gimimo.  Nors joje yra daug prakti\u0161k\u0173 ir psichologini\u0173 \u017eini\u0173, \u0161i knyga vis\u0173 pirma yra pasaul\u0117\u017ei\u016brin\u0117. Joje pateikiamas po\u017ei\u016bris griauna m\u016bs\u0173 \u012fprastin\u0119 pasaul\u0117vok\u0105 ir t\u0105 po\u017ei\u016br\u012f \u012f gyvyb\u0119, kur\u012f esame \u012fsigij\u0119 mokyklose ir universitetuose. Ji skirta ne tik tiems, kurie galvoja apie nauj\u0105 gyvyb\u0119, bet visiems norintiems geriau save pa\u017einti, visiems, kas nori saugiau jaustis \u012fvairiuose gyvenimo virsmuose.  Knyga \"A\u0161 iki gimimo\" skirta s\u0105moningumo \u017eadinimui ir auginimui mylin\u010dio \u017emogaus, kuris, suvok\u0119s savo am\u017einum\u0105 ir vieningum\u0105 su visa gyvybe, atrast\u0173 savyje t\u0105 meil\u0119, kurios d\u0117ka laikosi visas pasaulis.","og_url":"https:\/\/skaitytaknyga.lt\/en\/produktas\/aleksandras-zarskus-as-iki-gimimo\/","og_site_name":"Skaitytaknyga","article_publisher":"https:\/\/www.facebook.com\/skaitytaknyga\/","article_modified_time":"2024-05-04T18:23:21+00:00","og_image":[{"width":600,"height":991,"url":"https:\/\/skaitytaknyga.lt\/wp-content\/uploads\/2024\/05\/as-iki-gimimo.jpg","type":"image\/jpeg"}],"twitter_card":"summary_large_image","twitter_misc":{"Estimated reading time":"1 minute"},"schema":{"@context":"https:\/\/schema.org","@graph":[{"@type":"WebPage","@id":"https:\/\/skaitytaknyga.lt\/produktas\/aleksandras-zarskus-as-iki-gimimo\/","url":"https:\/\/skaitytaknyga.lt\/produktas\/aleksandras-zarskus-as-iki-gimimo\/","name":"Aleksandras \u017darskus \"A\u0161 iki gimimo\" - Skaitytaknyga","isPartOf":{"@id":"https:\/\/skaitytaknyga.lt\/#website"},"primaryImageOfPage":{"@id":"https:\/\/skaitytaknyga.lt\/produktas\/aleksandras-zarskus-as-iki-gimimo\/#primaryimage"},"image":{"@id":"https:\/\/skaitytaknyga.lt\/produktas\/aleksandras-zarskus-as-iki-gimimo\/#primaryimage"},"thumbnailUrl":"https:\/\/skaitytaknyga.lt\/wp-content\/uploads\/2024\/05\/as-iki-gimimo.jpg","datePublished":"2024-05-04T18:19:03+00:00","dateModified":"2024-05-04T18:23:21+00:00","description":"Knyga \"A\u0161 iki gimimo\" - tai studijos \u201eGimties virsmas\u201c pirmoji dalis - \u201eNusileidimas i\u0161 dangaus ir Sielos r\u016bbo audimas\u201c. Knygoje apra\u0161omi sl\u0117piningiausi gimties virsmo \u012fvykiai iki gimimo. Nors joje yra daug prakti\u0161k\u0173 ir psichologini\u0173 \u017eini\u0173, \u0161i knyga vis\u0173 pirma yra pasaul\u0117\u017ei\u016brin\u0117. Joje pateikiamas po\u017ei\u016bris griauna m\u016bs\u0173 \u012fprastin\u0119 pasaul\u0117vok\u0105 ir t\u0105 po\u017ei\u016br\u012f \u012f gyvyb\u0119, kur\u012f esame \u012fsigij\u0119 mokyklose ir universitetuose. Ji skirta ne tik tiems, kurie galvoja apie nauj\u0105 gyvyb\u0119, bet visiems norintiems geriau save pa\u017einti, visiems, kas nori saugiau jaustis \u012fvairiuose gyvenimo virsmuose. Knyga \"A\u0161 iki gimimo\" skirta s\u0105moningumo \u017eadinimui ir auginimui mylin\u010dio \u017emogaus, kuris, suvok\u0119s savo am\u017einum\u0105 ir vieningum\u0105 su visa gyvybe, atrast\u0173 savyje t\u0105 meil\u0119, kurios d\u0117ka laikosi visas pasaulis.","breadcrumb":{"@id":"https:\/\/skaitytaknyga.lt\/produktas\/aleksandras-zarskus-as-iki-gimimo\/#breadcrumb"},"inLanguage":"en-GB","potentialAction":[{"@type":"ReadAction","target":["https:\/\/skaitytaknyga.lt\/produktas\/aleksandras-zarskus-as-iki-gimimo\/"]}]},{"@type":"ImageObject","inLanguage":"en-GB","@id":"https:\/\/skaitytaknyga.lt\/produktas\/aleksandras-zarskus-as-iki-gimimo\/#primaryimage","url":"https:\/\/skaitytaknyga.lt\/wp-content\/uploads\/2024\/05\/as-iki-gimimo.jpg","contentUrl":"https:\/\/skaitytaknyga.lt\/wp-content\/uploads\/2024\/05\/as-iki-gimimo.jpg","width":600,"height":991},{"@type":"BreadcrumbList","@id":"https:\/\/skaitytaknyga.lt\/produktas\/aleksandras-zarskus-as-iki-gimimo\/#breadcrumb","itemListElement":[{"@type":"ListItem","position":1,"name":"Home","item":"https:\/\/skaitytaknyga.lt\/"},{"@type":"ListItem","position":2,"name":"Parduotuv\u0117","item":"https:\/\/skaitytaknyga.lt\/knygu-parduotuve\/"},{"@type":"ListItem","position":3,"name":"Aleksandras \u017darskus &#8222;A\u0161 iki gimimo&#8221;"}]},{"@type":"WebSite","@id":"https:\/\/skaitytaknyga.lt\/#website","url":"https:\/\/skaitytaknyga.lt\/","name":"skaitytaknyga.lt","description":"Skaitytaknyga.lt \u2013 tai ma\u017eas \u0161eimos verslas, kuris prasid\u0117jo nuo meil\u0117s knygoms ir siekio i\u0161gelb\u0117ti knygas nuo likimo prie konteinerio. Kas vienam nereikalingas daiktas \u2013 kitam lobis, o mes esame tarpininkai, kurie padeda abiems tapti laimingesniems ???? \u017dinome kaip nelengva i\u0161gyventi ma\u017eiems verslams, tad nuo \u0161iol, \u010dia rasite ir kit\u0173, ma\u017e\u0173 \u0161eim\u0173 versl\u0173, rank\u0173 darbo, dovan\u0173 sau ir artimiesiems.","publisher":{"@id":"https:\/\/skaitytaknyga.lt\/#organization"},"potentialAction":[{"@type":"SearchAction","target":{"@type":"EntryPoint","urlTemplate":"https:\/\/skaitytaknyga.lt\/?s={search_term_string}"},"query-input":{"@type":"PropertyValueSpecification","valueRequired":true,"valueName":"search_term_string"}}],"inLanguage":"en-GB"},{"@type":"Organization","@id":"https:\/\/skaitytaknyga.lt\/#organization","name":"skaitytaknyga.lt","url":"https:\/\/skaitytaknyga.lt\/","logo":{"@type":"ImageObject","inLanguage":"en-GB","@id":"https:\/\/skaitytaknyga.lt\/#\/schema\/logo\/image\/","url":"https:\/\/skaitytaknyga.lt\/wp-content\/uploads\/2024\/05\/cropped-cropped-cropped-02_00843_jt3bggkj1j3HLc7SyY6rEUpg.jpeg","contentUrl":"https:\/\/skaitytaknyga.lt\/wp-content\/uploads\/2024\/05\/cropped-cropped-cropped-02_00843_jt3bggkj1j3HLc7SyY6rEUpg.jpeg","width":1600,"height":1600,"caption":"skaitytaknyga.lt"},"image":{"@id":"https:\/\/skaitytaknyga.lt\/#\/schema\/logo\/image\/"},"sameAs":["https:\/\/www.facebook.com\/skaitytaknyga\/"]}]}},"_links":{"self":[{"href":"https:\/\/skaitytaknyga.lt\/en\/wp-json\/wp\/v2\/product\/10518","targetHints":{"allow":["GET"]}}],"collection":[{"href":"https:\/\/skaitytaknyga.lt\/en\/wp-json\/wp\/v2\/product"}],"about":[{"href":"https:\/\/skaitytaknyga.lt\/en\/wp-json\/wp\/v2\/types\/product"}],"replies":[{"embeddable":true,"href":"https:\/\/skaitytaknyga.lt\/en\/wp-json\/wp\/v2\/comments?post=10518"}],"wp:featuredmedia":[{"embeddable":true,"href":"https:\/\/skaitytaknyga.lt\/en\/wp-json\/wp\/v2\/media\/10566"}],"wp:attachment":[{"href":"https:\/\/skaitytaknyga.lt\/en\/wp-json\/wp\/v2\/media?parent=10518"}],"wp:term":[{"taxonomy":"product_brand","embeddable":true,"href":"https:\/\/skaitytaknyga.lt\/en\/wp-json\/wp\/v2\/product_brand?post=10518"},{"taxonomy":"product_cat","embeddable":true,"href":"https:\/\/skaitytaknyga.lt\/en\/wp-json\/wp\/v2\/product_cat?post=10518"},{"taxonomy":"product_tag","embeddable":true,"href":"https:\/\/skaitytaknyga.lt\/en\/wp-json\/wp\/v2\/product_tag?post=10518"}],"curies":[{"name":"wp","href":"https:\/\/api.w.org\/{rel}","templated":true}]}}