{"id":10512,"date":"2024-05-04T18:18:41","date_gmt":"2024-05-04T18:18:41","guid":{"rendered":"https:\/\/skaitytaknyga.lt\/?post_type=product&#038;p=10512"},"modified":"2024-05-04T18:23:16","modified_gmt":"2024-05-04T18:23:16","slug":"vincas-kudirka-lietuvos-darbininkas-ir-muzikas","status":"publish","type":"product","link":"https:\/\/skaitytaknyga.lt\/en\/produktas\/vincas-kudirka-lietuvos-darbininkas-ir-muzikas\/","title":{"rendered":"Vincas Kudirka. Lietuvos darbininkas ir muzikas"},"content":{"rendered":"<p>Knyga\u00a0<strong>&#8220;<\/strong><a class=\"listitem4\"><strong>Vincas Kudirka. Lietuvos darbininkas ir muzikas&#8221;<\/strong>\u00a0&#8211; tai p<\/a>olitiko ir muziko V. Landsbergio tekst\u0173 rinkinys apie Vinc\u0105 Kudirk\u0105.<\/p>\n<p>&nbsp;<\/p>\n<p>Vyrauja es\u0117 atskiromis did\u017eiojo varpininko veiklos bei jo politini\u0173 pa\u017ei\u016br\u0173 temomis, viena stambesn\u0117 studija apie V. Kudirkos muzikos darbus ir j\u0173 reik\u0161m\u0119 kult\u016bros istorijoje; \u012ftraukta ir paties autoriaus pora literat\u016brini\u0173 refleksij\u0173.<\/p>\n<p>Pabr\u0117\u017eiama, kad V,<\/p>\n","protected":false},"excerpt":{"rendered":"<p>Knyga\u00a0<strong>&#8220;<\/strong><a class=\"listitem4\"><strong>Vincas Kudirka. Lietuvos darbininkas ir muzikas&#8221;<\/strong>\u00a0&#8211; tai p<\/a>olitiko ir muziko V. Landsbergio tekst\u0173 rinkinys apie Vinc\u0105 Kudirk\u0105.<\/p>\n<p>&nbsp;<\/p>\n<p>Vyrauja es\u0117 atskiromis did\u017eiojo varpininko veiklos bei jo politini\u0173 pa\u017ei\u016br\u0173 temomis, viena stambesn\u0117 studija apie V. Kudirkos muzikos darbus ir j\u0173 reik\u0161m\u0119 kult\u016bros istorijoje; \u012ftraukta ir paties autoriaus pora literat\u016brini\u0173 refleksij\u0173.<\/p>\n<p>Pabr\u0117\u017eiama, kad V,<\/p>\n","protected":false},"featured_media":10565,"comment_status":"closed","ping_status":"closed","template":"","meta":{"_acf_changed":false,"site-sidebar-layout":"default","site-content-layout":"","ast-site-content-layout":"default","site-content-style":"default","site-sidebar-style":"default","ast-global-header-display":"","ast-banner-title-visibility":"","ast-main-header-display":"","ast-hfb-above-header-display":"","ast-hfb-below-header-display":"","ast-hfb-mobile-header-display":"","site-post-title":"","ast-breadcrumbs-content":"","ast-featured-img":"","footer-sml-layout":"","ast-disable-related-posts":"","theme-transparent-header-meta":"","adv-header-id-meta":"","stick-header-meta":"","header-above-stick-meta":"","header-main-stick-meta":"","header-below-stick-meta":"","astra-migrate-meta-layouts":"default","ast-page-background-enabled":"default","ast-page-background-meta":{"desktop":{"background-color":"","background-image":"","background-repeat":"repeat","background-position":"center center","background-size":"auto","background-attachment":"scroll","background-type":"","background-media":"","overlay-type":"","overlay-color":"","overlay-opacity":"","overlay-gradient":""},"tablet":{"background-color":"","background-image":"","background-repeat":"repeat","background-position":"center center","background-size":"auto","background-attachment":"scroll","background-type":"","background-media":"","overlay-type":"","overlay-color":"","overlay-opacity":"","overlay-gradient":""},"mobile":{"background-color":"","background-image":"","background-repeat":"repeat","background-position":"center center","background-size":"auto","background-attachment":"scroll","background-type":"","background-media":"","overlay-type":"","overlay-color":"","overlay-opacity":"","overlay-gradient":""}},"ast-content-background-meta":{"desktop":{"background-color":"var(--ast-global-color-4)","background-image":"","background-repeat":"repeat","background-position":"center center","background-size":"auto","background-attachment":"scroll","background-type":"","background-media":"","overlay-type":"","overlay-color":"","overlay-opacity":"","overlay-gradient":""},"tablet":{"background-color":"var(--ast-global-color-4)","background-image":"","background-repeat":"repeat","background-position":"center center","background-size":"auto","background-attachment":"scroll","background-type":"","background-media":"","overlay-type":"","overlay-color":"","overlay-opacity":"","overlay-gradient":""},"mobile":{"background-color":"var(--ast-global-color-4)","background-image":"","background-repeat":"repeat","background-position":"center center","background-size":"auto","background-attachment":"scroll","background-type":"","background-media":"","overlay-type":"","overlay-color":"","overlay-opacity":"","overlay-gradient":""}}},"product_brand":[],"product_cat":[33],"product_tag":[],"class_list":{"0":"post-10512","1":"product","2":"type-product","3":"status-publish","4":"has-post-thumbnail","6":"product_cat-biografijos","7":"desktop-align-left","8":"tablet-align-left","9":"mobile-align-left","11":"first","12":"instock","13":"shipping-taxable","14":"purchasable","15":"product-type-simple"},"acf":[],"yoast_head":"<!-- This site is optimized with the Yoast SEO plugin v27.4 - https:\/\/yoast.com\/product\/yoast-seo-wordpress\/ -->\n<title>Vincas Kudirka. Lietuvos darbininkas ir muzikas - Skaitytaknyga<\/title>\n<meta name=\"description\" content=\"Knyga\u00a0&quot;Vincas Kudirka. Lietuvos darbininkas ir muzikas&quot;\u00a0- tai politiko ir muziko V. Landsbergio tekst\u0173 rinkinys apie Vinc\u0105 Kudirk\u0105.  &nbsp;  Vyrauja es\u0117 atskiromis did\u017eiojo varpininko veiklos bei jo politini\u0173 pa\u017ei\u016br\u0173 temomis, viena stambesn\u0117 studija apie V. Kudirkos muzikos darbus ir j\u0173 reik\u0161m\u0119 kult\u016bros istorijoje; \u012ftraukta ir paties autoriaus pora literat\u016brini\u0173 refleksij\u0173.  Pabr\u0117\u017eiama, kad V,\" \/>\n<meta name=\"robots\" content=\"index, follow, max-snippet:-1, max-image-preview:large, max-video-preview:-1\" \/>\n<link rel=\"canonical\" href=\"https:\/\/skaitytaknyga.lt\/en\/produktas\/vincas-kudirka-lietuvos-darbininkas-ir-muzikas\/\" \/>\n<meta property=\"og:locale\" content=\"en_GB\" \/>\n<meta property=\"og:locale:alternate\" content=\"lt_LT\" \/>\n<meta property=\"og:type\" content=\"article\" \/>\n<meta property=\"og:title\" content=\"Vincas Kudirka. Lietuvos darbininkas ir muzikas - Skaitytaknyga\" \/>\n<meta property=\"og:description\" content=\"Knyga\u00a0&quot;Vincas Kudirka. Lietuvos darbininkas ir muzikas&quot;\u00a0- tai politiko ir muziko V. Landsbergio tekst\u0173 rinkinys apie Vinc\u0105 Kudirk\u0105.  &nbsp;  Vyrauja es\u0117 atskiromis did\u017eiojo varpininko veiklos bei jo politini\u0173 pa\u017ei\u016br\u0173 temomis, viena stambesn\u0117 studija apie V. Kudirkos muzikos darbus ir j\u0173 reik\u0161m\u0119 kult\u016bros istorijoje; \u012ftraukta ir paties autoriaus pora literat\u016brini\u0173 refleksij\u0173.  Pabr\u0117\u017eiama, kad V,\" \/>\n<meta property=\"og:url\" content=\"https:\/\/skaitytaknyga.lt\/en\/produktas\/vincas-kudirka-lietuvos-darbininkas-ir-muzikas\/\" \/>\n<meta property=\"og:site_name\" content=\"Skaitytaknyga\" \/>\n<meta property=\"article:publisher\" content=\"https:\/\/www.facebook.com\/skaitytaknyga\/\" \/>\n<meta property=\"article:modified_time\" content=\"2024-05-04T18:23:16+00:00\" \/>\n<meta property=\"og:image\" content=\"https:\/\/skaitytaknyga.lt\/wp-content\/uploads\/2024\/05\/vincaskudirka517.jpg\" \/>\n\t<meta property=\"og:image:width\" content=\"297\" \/>\n\t<meta property=\"og:image:height\" content=\"450\" \/>\n\t<meta property=\"og:image:type\" content=\"image\/jpeg\" \/>\n<meta name=\"twitter:card\" content=\"summary_large_image\" \/>\n<script type=\"application\/ld+json\" class=\"yoast-schema-graph\">{\"@context\":\"https:\\\/\\\/schema.org\",\"@graph\":[{\"@type\":\"WebPage\",\"@id\":\"https:\\\/\\\/skaitytaknyga.lt\\\/produktas\\\/vincas-kudirka-lietuvos-darbininkas-ir-muzikas\\\/\",\"url\":\"https:\\\/\\\/skaitytaknyga.lt\\\/produktas\\\/vincas-kudirka-lietuvos-darbininkas-ir-muzikas\\\/\",\"name\":\"Vincas Kudirka. Lietuvos darbininkas ir muzikas - Skaitytaknyga\",\"isPartOf\":{\"@id\":\"https:\\\/\\\/skaitytaknyga.lt\\\/#website\"},\"primaryImageOfPage\":{\"@id\":\"https:\\\/\\\/skaitytaknyga.lt\\\/produktas\\\/vincas-kudirka-lietuvos-darbininkas-ir-muzikas\\\/#primaryimage\"},\"image\":{\"@id\":\"https:\\\/\\\/skaitytaknyga.lt\\\/produktas\\\/vincas-kudirka-lietuvos-darbininkas-ir-muzikas\\\/#primaryimage\"},\"thumbnailUrl\":\"https:\\\/\\\/skaitytaknyga.lt\\\/wp-content\\\/uploads\\\/2024\\\/05\\\/vincaskudirka517.jpg\",\"datePublished\":\"2024-05-04T18:18:41+00:00\",\"dateModified\":\"2024-05-04T18:23:16+00:00\",\"description\":\"Knyga\u00a0\\\"Vincas Kudirka. Lietuvos darbininkas ir muzikas\\\"\u00a0- tai politiko ir muziko V. Landsbergio tekst\u0173 rinkinys apie Vinc\u0105 Kudirk\u0105. &nbsp; Vyrauja es\u0117 atskiromis did\u017eiojo varpininko veiklos bei jo politini\u0173 pa\u017ei\u016br\u0173 temomis, viena stambesn\u0117 studija apie V. Kudirkos muzikos darbus ir j\u0173 reik\u0161m\u0119 kult\u016bros istorijoje; \u012ftraukta ir paties autoriaus pora literat\u016brini\u0173 refleksij\u0173. Pabr\u0117\u017eiama, kad V,\",\"breadcrumb\":{\"@id\":\"https:\\\/\\\/skaitytaknyga.lt\\\/produktas\\\/vincas-kudirka-lietuvos-darbininkas-ir-muzikas\\\/#breadcrumb\"},\"inLanguage\":\"en-GB\",\"potentialAction\":[{\"@type\":\"ReadAction\",\"target\":[\"https:\\\/\\\/skaitytaknyga.lt\\\/produktas\\\/vincas-kudirka-lietuvos-darbininkas-ir-muzikas\\\/\"]}]},{\"@type\":\"ImageObject\",\"inLanguage\":\"en-GB\",\"@id\":\"https:\\\/\\\/skaitytaknyga.lt\\\/produktas\\\/vincas-kudirka-lietuvos-darbininkas-ir-muzikas\\\/#primaryimage\",\"url\":\"https:\\\/\\\/skaitytaknyga.lt\\\/wp-content\\\/uploads\\\/2024\\\/05\\\/vincaskudirka517.jpg\",\"contentUrl\":\"https:\\\/\\\/skaitytaknyga.lt\\\/wp-content\\\/uploads\\\/2024\\\/05\\\/vincaskudirka517.jpg\",\"width\":297,\"height\":450},{\"@type\":\"BreadcrumbList\",\"@id\":\"https:\\\/\\\/skaitytaknyga.lt\\\/produktas\\\/vincas-kudirka-lietuvos-darbininkas-ir-muzikas\\\/#breadcrumb\",\"itemListElement\":[{\"@type\":\"ListItem\",\"position\":1,\"name\":\"Home\",\"item\":\"https:\\\/\\\/skaitytaknyga.lt\\\/\"},{\"@type\":\"ListItem\",\"position\":2,\"name\":\"Parduotuv\u0117\",\"item\":\"https:\\\/\\\/skaitytaknyga.lt\\\/knygu-parduotuve\\\/\"},{\"@type\":\"ListItem\",\"position\":3,\"name\":\"Vincas Kudirka. Lietuvos darbininkas ir muzikas\"}]},{\"@type\":\"WebSite\",\"@id\":\"https:\\\/\\\/skaitytaknyga.lt\\\/#website\",\"url\":\"https:\\\/\\\/skaitytaknyga.lt\\\/\",\"name\":\"skaitytaknyga.lt\",\"description\":\"Skaitytaknyga.lt \u2013 tai ma\u017eas \u0161eimos verslas, kuris prasid\u0117jo nuo meil\u0117s knygoms ir siekio i\u0161gelb\u0117ti knygas nuo likimo prie konteinerio. Kas vienam nereikalingas daiktas \u2013 kitam lobis, o mes esame tarpininkai, kurie padeda abiems tapti laimingesniems ???? \u017dinome kaip nelengva i\u0161gyventi ma\u017eiems verslams, tad nuo \u0161iol, \u010dia rasite ir kit\u0173, ma\u017e\u0173 \u0161eim\u0173 versl\u0173, rank\u0173 darbo, dovan\u0173 sau ir artimiesiems.\",\"publisher\":{\"@id\":\"https:\\\/\\\/skaitytaknyga.lt\\\/#organization\"},\"potentialAction\":[{\"@type\":\"SearchAction\",\"target\":{\"@type\":\"EntryPoint\",\"urlTemplate\":\"https:\\\/\\\/skaitytaknyga.lt\\\/?s={search_term_string}\"},\"query-input\":{\"@type\":\"PropertyValueSpecification\",\"valueRequired\":true,\"valueName\":\"search_term_string\"}}],\"inLanguage\":\"en-GB\"},{\"@type\":\"Organization\",\"@id\":\"https:\\\/\\\/skaitytaknyga.lt\\\/#organization\",\"name\":\"skaitytaknyga.lt\",\"url\":\"https:\\\/\\\/skaitytaknyga.lt\\\/\",\"logo\":{\"@type\":\"ImageObject\",\"inLanguage\":\"en-GB\",\"@id\":\"https:\\\/\\\/skaitytaknyga.lt\\\/#\\\/schema\\\/logo\\\/image\\\/\",\"url\":\"https:\\\/\\\/skaitytaknyga.lt\\\/wp-content\\\/uploads\\\/2024\\\/05\\\/cropped-cropped-cropped-02_00843_jt3bggkj1j3HLc7SyY6rEUpg.jpeg\",\"contentUrl\":\"https:\\\/\\\/skaitytaknyga.lt\\\/wp-content\\\/uploads\\\/2024\\\/05\\\/cropped-cropped-cropped-02_00843_jt3bggkj1j3HLc7SyY6rEUpg.jpeg\",\"width\":1600,\"height\":1600,\"caption\":\"skaitytaknyga.lt\"},\"image\":{\"@id\":\"https:\\\/\\\/skaitytaknyga.lt\\\/#\\\/schema\\\/logo\\\/image\\\/\"},\"sameAs\":[\"https:\\\/\\\/www.facebook.com\\\/skaitytaknyga\\\/\"]}]}<\/script>\n<!-- \/ Yoast SEO plugin. -->","yoast_head_json":{"title":"Vincas Kudirka. Lietuvos darbininkas ir muzikas - Skaitytaknyga","description":"Knyga\u00a0\"Vincas Kudirka. Lietuvos darbininkas ir muzikas\"\u00a0- tai politiko ir muziko V. Landsbergio tekst\u0173 rinkinys apie Vinc\u0105 Kudirk\u0105.  &nbsp;  Vyrauja es\u0117 atskiromis did\u017eiojo varpininko veiklos bei jo politini\u0173 pa\u017ei\u016br\u0173 temomis, viena stambesn\u0117 studija apie V. Kudirkos muzikos darbus ir j\u0173 reik\u0161m\u0119 kult\u016bros istorijoje; \u012ftraukta ir paties autoriaus pora literat\u016brini\u0173 refleksij\u0173.  Pabr\u0117\u017eiama, kad V,","robots":{"index":"index","follow":"follow","max-snippet":"max-snippet:-1","max-image-preview":"max-image-preview:large","max-video-preview":"max-video-preview:-1"},"canonical":"https:\/\/skaitytaknyga.lt\/en\/produktas\/vincas-kudirka-lietuvos-darbininkas-ir-muzikas\/","og_locale":"en_GB","og_type":"article","og_title":"Vincas Kudirka. Lietuvos darbininkas ir muzikas - Skaitytaknyga","og_description":"Knyga\u00a0\"Vincas Kudirka. Lietuvos darbininkas ir muzikas\"\u00a0- tai politiko ir muziko V. Landsbergio tekst\u0173 rinkinys apie Vinc\u0105 Kudirk\u0105.  &nbsp;  Vyrauja es\u0117 atskiromis did\u017eiojo varpininko veiklos bei jo politini\u0173 pa\u017ei\u016br\u0173 temomis, viena stambesn\u0117 studija apie V. Kudirkos muzikos darbus ir j\u0173 reik\u0161m\u0119 kult\u016bros istorijoje; \u012ftraukta ir paties autoriaus pora literat\u016brini\u0173 refleksij\u0173.  Pabr\u0117\u017eiama, kad V,","og_url":"https:\/\/skaitytaknyga.lt\/en\/produktas\/vincas-kudirka-lietuvos-darbininkas-ir-muzikas\/","og_site_name":"Skaitytaknyga","article_publisher":"https:\/\/www.facebook.com\/skaitytaknyga\/","article_modified_time":"2024-05-04T18:23:16+00:00","og_image":[{"width":297,"height":450,"url":"https:\/\/skaitytaknyga.lt\/wp-content\/uploads\/2024\/05\/vincaskudirka517.jpg","type":"image\/jpeg"}],"twitter_card":"summary_large_image","schema":{"@context":"https:\/\/schema.org","@graph":[{"@type":"WebPage","@id":"https:\/\/skaitytaknyga.lt\/produktas\/vincas-kudirka-lietuvos-darbininkas-ir-muzikas\/","url":"https:\/\/skaitytaknyga.lt\/produktas\/vincas-kudirka-lietuvos-darbininkas-ir-muzikas\/","name":"Vincas Kudirka. Lietuvos darbininkas ir muzikas - Skaitytaknyga","isPartOf":{"@id":"https:\/\/skaitytaknyga.lt\/#website"},"primaryImageOfPage":{"@id":"https:\/\/skaitytaknyga.lt\/produktas\/vincas-kudirka-lietuvos-darbininkas-ir-muzikas\/#primaryimage"},"image":{"@id":"https:\/\/skaitytaknyga.lt\/produktas\/vincas-kudirka-lietuvos-darbininkas-ir-muzikas\/#primaryimage"},"thumbnailUrl":"https:\/\/skaitytaknyga.lt\/wp-content\/uploads\/2024\/05\/vincaskudirka517.jpg","datePublished":"2024-05-04T18:18:41+00:00","dateModified":"2024-05-04T18:23:16+00:00","description":"Knyga\u00a0\"Vincas Kudirka. Lietuvos darbininkas ir muzikas\"\u00a0- tai politiko ir muziko V. Landsbergio tekst\u0173 rinkinys apie Vinc\u0105 Kudirk\u0105. &nbsp; Vyrauja es\u0117 atskiromis did\u017eiojo varpininko veiklos bei jo politini\u0173 pa\u017ei\u016br\u0173 temomis, viena stambesn\u0117 studija apie V. Kudirkos muzikos darbus ir j\u0173 reik\u0161m\u0119 kult\u016bros istorijoje; \u012ftraukta ir paties autoriaus pora literat\u016brini\u0173 refleksij\u0173. Pabr\u0117\u017eiama, kad V,","breadcrumb":{"@id":"https:\/\/skaitytaknyga.lt\/produktas\/vincas-kudirka-lietuvos-darbininkas-ir-muzikas\/#breadcrumb"},"inLanguage":"en-GB","potentialAction":[{"@type":"ReadAction","target":["https:\/\/skaitytaknyga.lt\/produktas\/vincas-kudirka-lietuvos-darbininkas-ir-muzikas\/"]}]},{"@type":"ImageObject","inLanguage":"en-GB","@id":"https:\/\/skaitytaknyga.lt\/produktas\/vincas-kudirka-lietuvos-darbininkas-ir-muzikas\/#primaryimage","url":"https:\/\/skaitytaknyga.lt\/wp-content\/uploads\/2024\/05\/vincaskudirka517.jpg","contentUrl":"https:\/\/skaitytaknyga.lt\/wp-content\/uploads\/2024\/05\/vincaskudirka517.jpg","width":297,"height":450},{"@type":"BreadcrumbList","@id":"https:\/\/skaitytaknyga.lt\/produktas\/vincas-kudirka-lietuvos-darbininkas-ir-muzikas\/#breadcrumb","itemListElement":[{"@type":"ListItem","position":1,"name":"Home","item":"https:\/\/skaitytaknyga.lt\/"},{"@type":"ListItem","position":2,"name":"Parduotuv\u0117","item":"https:\/\/skaitytaknyga.lt\/knygu-parduotuve\/"},{"@type":"ListItem","position":3,"name":"Vincas Kudirka. Lietuvos darbininkas ir muzikas"}]},{"@type":"WebSite","@id":"https:\/\/skaitytaknyga.lt\/#website","url":"https:\/\/skaitytaknyga.lt\/","name":"skaitytaknyga.lt","description":"Skaitytaknyga.lt \u2013 tai ma\u017eas \u0161eimos verslas, kuris prasid\u0117jo nuo meil\u0117s knygoms ir siekio i\u0161gelb\u0117ti knygas nuo likimo prie konteinerio. Kas vienam nereikalingas daiktas \u2013 kitam lobis, o mes esame tarpininkai, kurie padeda abiems tapti laimingesniems ???? \u017dinome kaip nelengva i\u0161gyventi ma\u017eiems verslams, tad nuo \u0161iol, \u010dia rasite ir kit\u0173, ma\u017e\u0173 \u0161eim\u0173 versl\u0173, rank\u0173 darbo, dovan\u0173 sau ir artimiesiems.","publisher":{"@id":"https:\/\/skaitytaknyga.lt\/#organization"},"potentialAction":[{"@type":"SearchAction","target":{"@type":"EntryPoint","urlTemplate":"https:\/\/skaitytaknyga.lt\/?s={search_term_string}"},"query-input":{"@type":"PropertyValueSpecification","valueRequired":true,"valueName":"search_term_string"}}],"inLanguage":"en-GB"},{"@type":"Organization","@id":"https:\/\/skaitytaknyga.lt\/#organization","name":"skaitytaknyga.lt","url":"https:\/\/skaitytaknyga.lt\/","logo":{"@type":"ImageObject","inLanguage":"en-GB","@id":"https:\/\/skaitytaknyga.lt\/#\/schema\/logo\/image\/","url":"https:\/\/skaitytaknyga.lt\/wp-content\/uploads\/2024\/05\/cropped-cropped-cropped-02_00843_jt3bggkj1j3HLc7SyY6rEUpg.jpeg","contentUrl":"https:\/\/skaitytaknyga.lt\/wp-content\/uploads\/2024\/05\/cropped-cropped-cropped-02_00843_jt3bggkj1j3HLc7SyY6rEUpg.jpeg","width":1600,"height":1600,"caption":"skaitytaknyga.lt"},"image":{"@id":"https:\/\/skaitytaknyga.lt\/#\/schema\/logo\/image\/"},"sameAs":["https:\/\/www.facebook.com\/skaitytaknyga\/"]}]}},"_links":{"self":[{"href":"https:\/\/skaitytaknyga.lt\/en\/wp-json\/wp\/v2\/product\/10512","targetHints":{"allow":["GET"]}}],"collection":[{"href":"https:\/\/skaitytaknyga.lt\/en\/wp-json\/wp\/v2\/product"}],"about":[{"href":"https:\/\/skaitytaknyga.lt\/en\/wp-json\/wp\/v2\/types\/product"}],"replies":[{"embeddable":true,"href":"https:\/\/skaitytaknyga.lt\/en\/wp-json\/wp\/v2\/comments?post=10512"}],"wp:featuredmedia":[{"embeddable":true,"href":"https:\/\/skaitytaknyga.lt\/en\/wp-json\/wp\/v2\/media\/10565"}],"wp:attachment":[{"href":"https:\/\/skaitytaknyga.lt\/en\/wp-json\/wp\/v2\/media?parent=10512"}],"wp:term":[{"taxonomy":"product_brand","embeddable":true,"href":"https:\/\/skaitytaknyga.lt\/en\/wp-json\/wp\/v2\/product_brand?post=10512"},{"taxonomy":"product_cat","embeddable":true,"href":"https:\/\/skaitytaknyga.lt\/en\/wp-json\/wp\/v2\/product_cat?post=10512"},{"taxonomy":"product_tag","embeddable":true,"href":"https:\/\/skaitytaknyga.lt\/en\/wp-json\/wp\/v2\/product_tag?post=10512"}],"curies":[{"name":"wp","href":"https:\/\/api.w.org\/{rel}","templated":true}]}}