{"id":10511,"date":"2024-05-04T18:18:41","date_gmt":"2024-05-04T18:18:41","guid":{"rendered":"https:\/\/skaitytaknyga.lt\/?post_type=product&#038;p=10511"},"modified":"2025-07-23T11:58:53","modified_gmt":"2025-07-23T08:58:53","slug":"verslas-krikscionybe-ir-vartotojiska-visuomene","status":"publish","type":"product","link":"https:\/\/skaitytaknyga.lt\/en\/produktas\/verslas-krikscionybe-ir-vartotojiska-visuomene\/","title":{"rendered":"Verslas, krik\u0161\u010dionyb\u0117 ir vartotoji\u0161ka visuomen\u0117"},"content":{"rendered":"<p>Eseistikos rinkinys \u012fvairiomis verslo, krik\u0161\u010dionyb\u0117s ir vartotoji\u0161kos visuomen\u0117s temomis. Kontrasto principu sudarytame leidinyje &#8211; gyvi ir provokatyv\u016bs autoriaus svarstymai apie bank\u0173 pasaul\u012f, lietuvi\u0173 finansin\u0117s galios manij\u0105, gimtosios kalbos neverslum\u0105, vartotoji\u0161kumo kult\u016br\u0105, krik\u0161\u010dionyb\u0119 bei mass media reklam\u0105.<\/p>\n","protected":false},"excerpt":{"rendered":"<p>Eseistikos rinkinys \u012fvairiomis verslo, krik\u0161\u010dionyb\u0117s ir vartotoji\u0161kos visuomen\u0117s temomis. Kontrasto principu sudarytame leidinyje &#8211; gyvi ir provokatyv\u016bs autoriaus svarstymai apie bank\u0173 pasaul\u012f, lietuvi\u0173 finansin\u0117s galios manij\u0105, gimtosios kalbos neverslum\u0105, vartotoji\u0161kumo kult\u016br\u0105, krik\u0161\u010dionyb\u0119 bei mass media reklam\u0105.<\/p>\n","protected":false},"featured_media":19795,"comment_status":"closed","ping_status":"closed","template":"","meta":{"_acf_changed":false,"site-sidebar-layout":"default","site-content-layout":"","ast-site-content-layout":"default","site-content-style":"default","site-sidebar-style":"default","ast-global-header-display":"","ast-banner-title-visibility":"","ast-main-header-display":"","ast-hfb-above-header-display":"","ast-hfb-below-header-display":"","ast-hfb-mobile-header-display":"","site-post-title":"","ast-breadcrumbs-content":"","ast-featured-img":"","footer-sml-layout":"","ast-disable-related-posts":"","theme-transparent-header-meta":"default","adv-header-id-meta":"","stick-header-meta":"","header-above-stick-meta":"","header-main-stick-meta":"","header-below-stick-meta":"","astra-migrate-meta-layouts":"set","ast-page-background-enabled":"default","ast-page-background-meta":{"desktop":{"background-color":"","background-image":"","background-repeat":"repeat","background-position":"center center","background-size":"auto","background-attachment":"scroll","background-type":"","background-media":"","overlay-type":"","overlay-color":"","overlay-opacity":"","overlay-gradient":""},"tablet":{"background-color":"","background-image":"","background-repeat":"repeat","background-position":"center center","background-size":"auto","background-attachment":"scroll","background-type":"","background-media":"","overlay-type":"","overlay-color":"","overlay-opacity":"","overlay-gradient":""},"mobile":{"background-color":"","background-image":"","background-repeat":"repeat","background-position":"center center","background-size":"auto","background-attachment":"scroll","background-type":"","background-media":"","overlay-type":"","overlay-color":"","overlay-opacity":"","overlay-gradient":""}},"ast-content-background-meta":{"desktop":{"background-color":"var(--ast-global-color-4)","background-image":"","background-repeat":"repeat","background-position":"center center","background-size":"auto","background-attachment":"scroll","background-type":"","background-media":"","overlay-type":"","overlay-color":"","overlay-opacity":"","overlay-gradient":""},"tablet":{"background-color":"var(--ast-global-color-4)","background-image":"","background-repeat":"repeat","background-position":"center center","background-size":"auto","background-attachment":"scroll","background-type":"","background-media":"","overlay-type":"","overlay-color":"","overlay-opacity":"","overlay-gradient":""},"mobile":{"background-color":"var(--ast-global-color-4)","background-image":"","background-repeat":"repeat","background-position":"center center","background-size":"auto","background-attachment":"scroll","background-type":"","background-media":"","overlay-type":"","overlay-color":"","overlay-opacity":"","overlay-gradient":""}}},"product_brand":[],"product_cat":[165,26],"product_tag":[],"class_list":{"0":"post-10511","1":"product","2":"type-product","3":"status-publish","4":"has-post-thumbnail","6":"product_cat-religija-filosofija-ir-ezoterika","7":"product_cat-verslas-vadyba-ir-finansai","8":"desktop-align-left","9":"tablet-align-left","10":"mobile-align-left","12":"first","13":"instock","14":"shipping-taxable","15":"purchasable","16":"product-type-simple"},"acf":[],"yoast_head":"<!-- This site is optimized with the Yoast SEO plugin v27.4 - https:\/\/yoast.com\/product\/yoast-seo-wordpress\/ -->\n<title>Verslas, krik\u0161\u010dionyb\u0117 ir vartotoji\u0161ka visuomen\u0117<\/title>\n<meta name=\"description\" content=\"Eseistikos rinkinys \u012fvairiomis verslo, krik\u0161\u010dionyb\u0117s ir vartotoji\u0161kos visuomen\u0117s temomis. Kontrasto principu sudarytame leidinyje - gyvi ir provokatyv\u016bs autoriaus svarstymai apie bank\u0173 pasaul\u012f, lietuvi\u0173 finansin\u0117s galios manij\u0105, gimtosios kalbos neverslum\u0105, vartotoji\u0161kumo kult\u016br\u0105, krik\u0161\u010dionyb\u0119 bei mass media reklam\u0105.\" \/>\n<meta name=\"robots\" content=\"index, follow, max-snippet:-1, max-image-preview:large, max-video-preview:-1\" \/>\n<link rel=\"canonical\" href=\"https:\/\/skaitytaknyga.lt\/en\/produktas\/verslas-krikscionybe-ir-vartotojiska-visuomene\/\" \/>\n<meta property=\"og:locale\" content=\"en_GB\" \/>\n<meta property=\"og:locale:alternate\" content=\"lt_LT\" \/>\n<meta property=\"og:type\" content=\"article\" \/>\n<meta property=\"og:title\" content=\"Verslas, krik\u0161\u010dionyb\u0117 ir vartotoji\u0161ka visuomen\u0117\" \/>\n<meta property=\"og:description\" content=\"Eseistikos rinkinys \u012fvairiomis verslo, krik\u0161\u010dionyb\u0117s ir vartotoji\u0161kos visuomen\u0117s temomis. Kontrasto principu sudarytame leidinyje - gyvi ir provokatyv\u016bs autoriaus svarstymai apie bank\u0173 pasaul\u012f, lietuvi\u0173 finansin\u0117s galios manij\u0105, gimtosios kalbos neverslum\u0105, vartotoji\u0161kumo kult\u016br\u0105, krik\u0161\u010dionyb\u0119 bei mass media reklam\u0105.\" \/>\n<meta property=\"og:url\" content=\"https:\/\/skaitytaknyga.lt\/en\/produktas\/verslas-krikscionybe-ir-vartotojiska-visuomene\/\" \/>\n<meta property=\"og:site_name\" content=\"Skaitytaknyga\" \/>\n<meta property=\"article:publisher\" content=\"https:\/\/www.facebook.com\/skaitytaknyga\/\" \/>\n<meta property=\"article:modified_time\" content=\"2025-07-23T08:58:53+00:00\" \/>\n<meta property=\"og:image\" content=\"https:\/\/skaitytaknyga.lt\/wp-content\/uploads\/2024\/05\/Verslas-krikscionybe-ir-vartotojiska-visuomene-1.webp\" \/>\n\t<meta property=\"og:image:width\" content=\"516\" \/>\n\t<meta property=\"og:image:height\" content=\"800\" \/>\n\t<meta property=\"og:image:type\" content=\"image\/webp\" \/>\n<meta name=\"twitter:card\" content=\"summary_large_image\" \/>\n<meta name=\"twitter:label1\" content=\"Estimated reading time\" \/>\n\t<meta name=\"twitter:data1\" content=\"1 minute\" \/>\n<script type=\"application\/ld+json\" class=\"yoast-schema-graph\">{\"@context\":\"https:\\\/\\\/schema.org\",\"@graph\":[{\"@type\":\"WebPage\",\"@id\":\"https:\\\/\\\/skaitytaknyga.lt\\\/produktas\\\/verslas-krikscionybe-ir-vartotojiska-visuomene\\\/\",\"url\":\"https:\\\/\\\/skaitytaknyga.lt\\\/produktas\\\/verslas-krikscionybe-ir-vartotojiska-visuomene\\\/\",\"name\":\"Verslas, krik\u0161\u010dionyb\u0117 ir vartotoji\u0161ka visuomen\u0117\",\"isPartOf\":{\"@id\":\"https:\\\/\\\/skaitytaknyga.lt\\\/#website\"},\"primaryImageOfPage\":{\"@id\":\"https:\\\/\\\/skaitytaknyga.lt\\\/produktas\\\/verslas-krikscionybe-ir-vartotojiska-visuomene\\\/#primaryimage\"},\"image\":{\"@id\":\"https:\\\/\\\/skaitytaknyga.lt\\\/produktas\\\/verslas-krikscionybe-ir-vartotojiska-visuomene\\\/#primaryimage\"},\"thumbnailUrl\":\"https:\\\/\\\/skaitytaknyga.lt\\\/wp-content\\\/uploads\\\/2024\\\/05\\\/Verslas-krikscionybe-ir-vartotojiska-visuomene-1.webp\",\"datePublished\":\"2024-05-04T18:18:41+00:00\",\"dateModified\":\"2025-07-23T08:58:53+00:00\",\"description\":\"Eseistikos rinkinys \u012fvairiomis verslo, krik\u0161\u010dionyb\u0117s ir vartotoji\u0161kos visuomen\u0117s temomis. Kontrasto principu sudarytame leidinyje - gyvi ir provokatyv\u016bs autoriaus svarstymai apie bank\u0173 pasaul\u012f, lietuvi\u0173 finansin\u0117s galios manij\u0105, gimtosios kalbos neverslum\u0105, vartotoji\u0161kumo kult\u016br\u0105, krik\u0161\u010dionyb\u0119 bei mass media reklam\u0105.\",\"breadcrumb\":{\"@id\":\"https:\\\/\\\/skaitytaknyga.lt\\\/produktas\\\/verslas-krikscionybe-ir-vartotojiska-visuomene\\\/#breadcrumb\"},\"inLanguage\":\"en-GB\",\"potentialAction\":[{\"@type\":\"ReadAction\",\"target\":[\"https:\\\/\\\/skaitytaknyga.lt\\\/produktas\\\/verslas-krikscionybe-ir-vartotojiska-visuomene\\\/\"]}]},{\"@type\":\"ImageObject\",\"inLanguage\":\"en-GB\",\"@id\":\"https:\\\/\\\/skaitytaknyga.lt\\\/produktas\\\/verslas-krikscionybe-ir-vartotojiska-visuomene\\\/#primaryimage\",\"url\":\"https:\\\/\\\/skaitytaknyga.lt\\\/wp-content\\\/uploads\\\/2024\\\/05\\\/Verslas-krikscionybe-ir-vartotojiska-visuomene-1.webp\",\"contentUrl\":\"https:\\\/\\\/skaitytaknyga.lt\\\/wp-content\\\/uploads\\\/2024\\\/05\\\/Verslas-krikscionybe-ir-vartotojiska-visuomene-1.webp\",\"width\":516,\"height\":800,\"caption\":\"Verslas, krik\u0161\u010dionyb\u0117 ir vartotoji\u0161ka visuomen\u0117\"},{\"@type\":\"BreadcrumbList\",\"@id\":\"https:\\\/\\\/skaitytaknyga.lt\\\/produktas\\\/verslas-krikscionybe-ir-vartotojiska-visuomene\\\/#breadcrumb\",\"itemListElement\":[{\"@type\":\"ListItem\",\"position\":1,\"name\":\"Home\",\"item\":\"https:\\\/\\\/skaitytaknyga.lt\\\/\"},{\"@type\":\"ListItem\",\"position\":2,\"name\":\"Parduotuv\u0117\",\"item\":\"https:\\\/\\\/skaitytaknyga.lt\\\/knygu-parduotuve\\\/\"},{\"@type\":\"ListItem\",\"position\":3,\"name\":\"Verslas, krik\u0161\u010dionyb\u0117 ir vartotoji\u0161ka visuomen\u0117\"}]},{\"@type\":\"WebSite\",\"@id\":\"https:\\\/\\\/skaitytaknyga.lt\\\/#website\",\"url\":\"https:\\\/\\\/skaitytaknyga.lt\\\/\",\"name\":\"skaitytaknyga.lt\",\"description\":\"Skaitytaknyga.lt \u2013 tai ma\u017eas \u0161eimos verslas, kuris prasid\u0117jo nuo meil\u0117s knygoms ir siekio i\u0161gelb\u0117ti knygas nuo likimo prie konteinerio. Kas vienam nereikalingas daiktas \u2013 kitam lobis, o mes esame tarpininkai, kurie padeda abiems tapti laimingesniems ???? \u017dinome kaip nelengva i\u0161gyventi ma\u017eiems verslams, tad nuo \u0161iol, \u010dia rasite ir kit\u0173, ma\u017e\u0173 \u0161eim\u0173 versl\u0173, rank\u0173 darbo, dovan\u0173 sau ir artimiesiems.\",\"publisher\":{\"@id\":\"https:\\\/\\\/skaitytaknyga.lt\\\/#organization\"},\"potentialAction\":[{\"@type\":\"SearchAction\",\"target\":{\"@type\":\"EntryPoint\",\"urlTemplate\":\"https:\\\/\\\/skaitytaknyga.lt\\\/?s={search_term_string}\"},\"query-input\":{\"@type\":\"PropertyValueSpecification\",\"valueRequired\":true,\"valueName\":\"search_term_string\"}}],\"inLanguage\":\"en-GB\"},{\"@type\":\"Organization\",\"@id\":\"https:\\\/\\\/skaitytaknyga.lt\\\/#organization\",\"name\":\"skaitytaknyga.lt\",\"url\":\"https:\\\/\\\/skaitytaknyga.lt\\\/\",\"logo\":{\"@type\":\"ImageObject\",\"inLanguage\":\"en-GB\",\"@id\":\"https:\\\/\\\/skaitytaknyga.lt\\\/#\\\/schema\\\/logo\\\/image\\\/\",\"url\":\"https:\\\/\\\/skaitytaknyga.lt\\\/wp-content\\\/uploads\\\/2024\\\/05\\\/cropped-cropped-cropped-02_00843_jt3bggkj1j3HLc7SyY6rEUpg.jpeg\",\"contentUrl\":\"https:\\\/\\\/skaitytaknyga.lt\\\/wp-content\\\/uploads\\\/2024\\\/05\\\/cropped-cropped-cropped-02_00843_jt3bggkj1j3HLc7SyY6rEUpg.jpeg\",\"width\":1600,\"height\":1600,\"caption\":\"skaitytaknyga.lt\"},\"image\":{\"@id\":\"https:\\\/\\\/skaitytaknyga.lt\\\/#\\\/schema\\\/logo\\\/image\\\/\"},\"sameAs\":[\"https:\\\/\\\/www.facebook.com\\\/skaitytaknyga\\\/\"]}]}<\/script>\n<!-- \/ Yoast SEO plugin. -->","yoast_head_json":{"title":"Verslas, krik\u0161\u010dionyb\u0117 ir vartotoji\u0161ka visuomen\u0117","description":"Eseistikos rinkinys \u012fvairiomis verslo, krik\u0161\u010dionyb\u0117s ir vartotoji\u0161kos visuomen\u0117s temomis. Kontrasto principu sudarytame leidinyje - gyvi ir provokatyv\u016bs autoriaus svarstymai apie bank\u0173 pasaul\u012f, lietuvi\u0173 finansin\u0117s galios manij\u0105, gimtosios kalbos neverslum\u0105, vartotoji\u0161kumo kult\u016br\u0105, krik\u0161\u010dionyb\u0119 bei mass media reklam\u0105.","robots":{"index":"index","follow":"follow","max-snippet":"max-snippet:-1","max-image-preview":"max-image-preview:large","max-video-preview":"max-video-preview:-1"},"canonical":"https:\/\/skaitytaknyga.lt\/en\/produktas\/verslas-krikscionybe-ir-vartotojiska-visuomene\/","og_locale":"en_GB","og_type":"article","og_title":"[:lt]Verslas, krik\u0161\u010dionyb\u0117 ir vartotoji\u0161ka visuomen\u0117[:] - Skaitytaknyga","og_description":"Eseistikos rinkinys \u012fvairiomis verslo, krik\u0161\u010dionyb\u0117s ir vartotoji\u0161kos visuomen\u0117s temomis. Kontrasto principu sudarytame leidinyje - gyvi ir provokatyv\u016bs autoriaus svarstymai apie bank\u0173 pasaul\u012f, lietuvi\u0173 finansin\u0117s galios manij\u0105, gimtosios kalbos neverslum\u0105, vartotoji\u0161kumo kult\u016br\u0105, krik\u0161\u010dionyb\u0119 bei mass media reklam\u0105.","og_url":"https:\/\/skaitytaknyga.lt\/en\/produktas\/verslas-krikscionybe-ir-vartotojiska-visuomene\/","og_site_name":"Skaitytaknyga","article_publisher":"https:\/\/www.facebook.com\/skaitytaknyga\/","article_modified_time":"2025-07-23T08:58:53+00:00","og_image":[{"width":516,"height":800,"url":"https:\/\/skaitytaknyga.lt\/wp-content\/uploads\/2024\/05\/Verslas-krikscionybe-ir-vartotojiska-visuomene-1.webp","type":"image\/webp"}],"twitter_card":"summary_large_image","twitter_misc":{"Estimated reading time":"1 minute"},"schema":{"@context":"https:\/\/schema.org","@graph":[{"@type":"WebPage","@id":"https:\/\/skaitytaknyga.lt\/produktas\/verslas-krikscionybe-ir-vartotojiska-visuomene\/","url":"https:\/\/skaitytaknyga.lt\/produktas\/verslas-krikscionybe-ir-vartotojiska-visuomene\/","name":"Verslas, krik\u0161\u010dionyb\u0117 ir vartotoji\u0161ka visuomen\u0117","isPartOf":{"@id":"https:\/\/skaitytaknyga.lt\/#website"},"primaryImageOfPage":{"@id":"https:\/\/skaitytaknyga.lt\/produktas\/verslas-krikscionybe-ir-vartotojiska-visuomene\/#primaryimage"},"image":{"@id":"https:\/\/skaitytaknyga.lt\/produktas\/verslas-krikscionybe-ir-vartotojiska-visuomene\/#primaryimage"},"thumbnailUrl":"https:\/\/skaitytaknyga.lt\/wp-content\/uploads\/2024\/05\/Verslas-krikscionybe-ir-vartotojiska-visuomene-1.webp","datePublished":"2024-05-04T18:18:41+00:00","dateModified":"2025-07-23T08:58:53+00:00","description":"Eseistikos rinkinys \u012fvairiomis verslo, krik\u0161\u010dionyb\u0117s ir vartotoji\u0161kos visuomen\u0117s temomis. Kontrasto principu sudarytame leidinyje - gyvi ir provokatyv\u016bs autoriaus svarstymai apie bank\u0173 pasaul\u012f, lietuvi\u0173 finansin\u0117s galios manij\u0105, gimtosios kalbos neverslum\u0105, vartotoji\u0161kumo kult\u016br\u0105, krik\u0161\u010dionyb\u0119 bei mass media reklam\u0105.","breadcrumb":{"@id":"https:\/\/skaitytaknyga.lt\/produktas\/verslas-krikscionybe-ir-vartotojiska-visuomene\/#breadcrumb"},"inLanguage":"en-GB","potentialAction":[{"@type":"ReadAction","target":["https:\/\/skaitytaknyga.lt\/produktas\/verslas-krikscionybe-ir-vartotojiska-visuomene\/"]}]},{"@type":"ImageObject","inLanguage":"en-GB","@id":"https:\/\/skaitytaknyga.lt\/produktas\/verslas-krikscionybe-ir-vartotojiska-visuomene\/#primaryimage","url":"https:\/\/skaitytaknyga.lt\/wp-content\/uploads\/2024\/05\/Verslas-krikscionybe-ir-vartotojiska-visuomene-1.webp","contentUrl":"https:\/\/skaitytaknyga.lt\/wp-content\/uploads\/2024\/05\/Verslas-krikscionybe-ir-vartotojiska-visuomene-1.webp","width":516,"height":800,"caption":"Verslas, krik\u0161\u010dionyb\u0117 ir vartotoji\u0161ka visuomen\u0117"},{"@type":"BreadcrumbList","@id":"https:\/\/skaitytaknyga.lt\/produktas\/verslas-krikscionybe-ir-vartotojiska-visuomene\/#breadcrumb","itemListElement":[{"@type":"ListItem","position":1,"name":"Home","item":"https:\/\/skaitytaknyga.lt\/"},{"@type":"ListItem","position":2,"name":"Parduotuv\u0117","item":"https:\/\/skaitytaknyga.lt\/knygu-parduotuve\/"},{"@type":"ListItem","position":3,"name":"Verslas, krik\u0161\u010dionyb\u0117 ir vartotoji\u0161ka visuomen\u0117"}]},{"@type":"WebSite","@id":"https:\/\/skaitytaknyga.lt\/#website","url":"https:\/\/skaitytaknyga.lt\/","name":"skaitytaknyga.lt","description":"Skaitytaknyga.lt \u2013 tai ma\u017eas \u0161eimos verslas, kuris prasid\u0117jo nuo meil\u0117s knygoms ir siekio i\u0161gelb\u0117ti knygas nuo likimo prie konteinerio. Kas vienam nereikalingas daiktas \u2013 kitam lobis, o mes esame tarpininkai, kurie padeda abiems tapti laimingesniems ???? \u017dinome kaip nelengva i\u0161gyventi ma\u017eiems verslams, tad nuo \u0161iol, \u010dia rasite ir kit\u0173, ma\u017e\u0173 \u0161eim\u0173 versl\u0173, rank\u0173 darbo, dovan\u0173 sau ir artimiesiems.","publisher":{"@id":"https:\/\/skaitytaknyga.lt\/#organization"},"potentialAction":[{"@type":"SearchAction","target":{"@type":"EntryPoint","urlTemplate":"https:\/\/skaitytaknyga.lt\/?s={search_term_string}"},"query-input":{"@type":"PropertyValueSpecification","valueRequired":true,"valueName":"search_term_string"}}],"inLanguage":"en-GB"},{"@type":"Organization","@id":"https:\/\/skaitytaknyga.lt\/#organization","name":"skaitytaknyga.lt","url":"https:\/\/skaitytaknyga.lt\/","logo":{"@type":"ImageObject","inLanguage":"en-GB","@id":"https:\/\/skaitytaknyga.lt\/#\/schema\/logo\/image\/","url":"https:\/\/skaitytaknyga.lt\/wp-content\/uploads\/2024\/05\/cropped-cropped-cropped-02_00843_jt3bggkj1j3HLc7SyY6rEUpg.jpeg","contentUrl":"https:\/\/skaitytaknyga.lt\/wp-content\/uploads\/2024\/05\/cropped-cropped-cropped-02_00843_jt3bggkj1j3HLc7SyY6rEUpg.jpeg","width":1600,"height":1600,"caption":"skaitytaknyga.lt"},"image":{"@id":"https:\/\/skaitytaknyga.lt\/#\/schema\/logo\/image\/"},"sameAs":["https:\/\/www.facebook.com\/skaitytaknyga\/"]}]}},"_links":{"self":[{"href":"https:\/\/skaitytaknyga.lt\/en\/wp-json\/wp\/v2\/product\/10511","targetHints":{"allow":["GET"]}}],"collection":[{"href":"https:\/\/skaitytaknyga.lt\/en\/wp-json\/wp\/v2\/product"}],"about":[{"href":"https:\/\/skaitytaknyga.lt\/en\/wp-json\/wp\/v2\/types\/product"}],"replies":[{"embeddable":true,"href":"https:\/\/skaitytaknyga.lt\/en\/wp-json\/wp\/v2\/comments?post=10511"}],"wp:featuredmedia":[{"embeddable":true,"href":"https:\/\/skaitytaknyga.lt\/en\/wp-json\/wp\/v2\/media\/19795"}],"wp:attachment":[{"href":"https:\/\/skaitytaknyga.lt\/en\/wp-json\/wp\/v2\/media?parent=10511"}],"wp:term":[{"taxonomy":"product_brand","embeddable":true,"href":"https:\/\/skaitytaknyga.lt\/en\/wp-json\/wp\/v2\/product_brand?post=10511"},{"taxonomy":"product_cat","embeddable":true,"href":"https:\/\/skaitytaknyga.lt\/en\/wp-json\/wp\/v2\/product_cat?post=10511"},{"taxonomy":"product_tag","embeddable":true,"href":"https:\/\/skaitytaknyga.lt\/en\/wp-json\/wp\/v2\/product_tag?post=10511"}],"curies":[{"name":"wp","href":"https:\/\/api.w.org\/{rel}","templated":true}]}}