{"id":10510,"date":"2024-05-04T18:18:41","date_gmt":"2024-05-04T18:18:41","guid":{"rendered":"https:\/\/skaitytaknyga.lt\/?post_type=product&#038;p=10510"},"modified":"2026-03-05T15:58:07","modified_gmt":"2026-03-05T13:58:07","slug":"l-nugent-isnarplioti-oliveri","status":"publish","type":"product","link":"https:\/\/skaitytaknyga.lt\/en\/produktas\/l-nugent-isnarplioti-oliveri\/","title":{"rendered":"I\u0161narplioti Oliver\u012f"},"content":{"rendered":"<p><strong>\u201eI\u0160NARPLIOTI OLIVER\u012e\u201c<\/strong>\u00a0\u2013\u00a0 knyga apie neatleistinus poelgius \u2013\u00a0 kaip jie nutinka ir kaip paveikia kiekvien\u0105, sutinkam\u0105 kelyje.<\/p>\n<p>Oliveris turi visk\u0105. Charizmati\u0161kas, savimi pasitikintis, patrauklus. Jo ra\u0161omos knygos populiarios, o dienos prabangiame rajone kartu su paklusnia, juo besi\u017eavin\u010dia \u017emona Elis slenka ramiai ir patogiai. Viskas atrodo tobula. Kol vien\u0105 vakar\u0105 ilgus metus kruop\u0161\u010diai kurtas gyvenimas subyra \u012f gabalus.<\/p>\n<p>Visk\u0105 pakei\u010dia vienas sm\u016bgis \u017emonai \u012f veid\u0105. Kod\u0117l jis tai padar\u0117?<\/p>\n<p>Oliveris mintimis gr\u012f\u017eta \u012f praeit\u012f. U\u017egniau\u017eti prisiminimai ir buvusi\u0173 internato bei universiteto draug\u0173, kaimyn\u0173, konkurent\u0173 liudijimai atkuria jo gyvenimo istorij\u0105. \u012e pavir\u0161i\u0173 ima kilti giliai t\u016bnoj\u0119 demonai ir paslaptys. O netik\u0117ti atradimai nustebina net pat\u012f Oliver\u012f. Ar jis tikrai toks monstras, kokiu j\u012f visi laiko?<\/p>\n<p><strong>\u201eI\u0161narplioti Oliver\u012f&#8221;<\/strong>\u00a0\u2013\u00a0 knyga ne tik apie neatleistinus poelgius, bet ir apie tai, kaip jie nutinka, kaip noras b\u016bti priimtam ir mylimam kovoja su baime ir i\u0161sikerojusiu nusivylimu. Apie tai, kaip vieno \u017emogaus poelgiai paveikia kiekvien\u0105, sutinkam\u0105 kelyje.<\/p>\n","protected":false},"excerpt":{"rendered":"<p>\u201eI\u0160NARPLIOTI OLIVER\u012e\u201c\u00a0\u2013\u00a0 knyga apie neatleistinus poelgius \u2013\u00a0 kaip jie nutinka ir kaip paveikia kiekvien\u0105, sutinkam\u0105 kelyje. Oliveris turi visk\u0105. Charizmati\u0161kas, savimi pasitikintis, patrauklus. Jo ra\u0161omos knygos populiarios, o dienos prabangiame rajone kartu su paklusnia, juo besi\u017eavin\u010dia \u017emona Elis slenka ramiai ir patogiai. Viskas atrodo tobula. Kol vien\u0105 vakar\u0105 ilgus metus kruop\u0161\u010diai kurtas gyvenimas subyra \u012f gabalus. Visk\u0105 pakei\u010dia vienas sm\u016bgis \u017emonai \u012f veid\u0105. Kod\u0117l jis tai padar\u0117? Oliveris mintimis gr\u012f\u017eta \u012f praeit\u012f. U\u017egniau\u017eti prisiminimai ir buvusi\u0173 internato bei universiteto draug\u0173, kaimyn\u0173, konkurent\u0173 liudijimai atkuria jo gyvenimo istorij\u0105. \u012e pavir\u0161i\u0173 ima kilti giliai t\u016bnoj\u0119 demonai ir paslaptys. O netik\u0117ti atradimai nustebina net pat\u012f Oliver\u012f. Ar jis tikrai toks monstras, kokiu j\u012f visi laiko? \u201eI\u0161narplioti Oliver\u012f&#8221;\u00a0\u2013\u00a0 knyga ne tik apie neatleistinus poelgius, bet ir apie tai, kaip jie nutinka, kaip noras b\u016bti priimtam ir mylimam kovoja su baime ir i\u0161sikerojusiu nusivylimu. Apie tai, kaip vieno \u017emogaus poelgiai paveikia kiekvien\u0105, sutinkam\u0105 kelyje.<\/p>\n","protected":false},"featured_media":12991,"comment_status":"closed","ping_status":"closed","template":"","meta":{"_acf_changed":false,"site-sidebar-layout":"default","site-content-layout":"","ast-site-content-layout":"default","site-content-style":"default","site-sidebar-style":"default","ast-global-header-display":"","ast-banner-title-visibility":"","ast-main-header-display":"","ast-hfb-above-header-display":"","ast-hfb-below-header-display":"","ast-hfb-mobile-header-display":"","site-post-title":"","ast-breadcrumbs-content":"","ast-featured-img":"","footer-sml-layout":"","ast-disable-related-posts":"","theme-transparent-header-meta":"default","adv-header-id-meta":"","stick-header-meta":"","header-above-stick-meta":"","header-main-stick-meta":"","header-below-stick-meta":"","astra-migrate-meta-layouts":"set","ast-page-background-enabled":"default","ast-page-background-meta":{"desktop":{"background-color":"","background-image":"","background-repeat":"repeat","background-position":"center center","background-size":"auto","background-attachment":"scroll","background-type":"","background-media":"","overlay-type":"","overlay-color":"","overlay-opacity":"","overlay-gradient":""},"tablet":{"background-color":"","background-image":"","background-repeat":"repeat","background-position":"center center","background-size":"auto","background-attachment":"scroll","background-type":"","background-media":"","overlay-type":"","overlay-color":"","overlay-opacity":"","overlay-gradient":""},"mobile":{"background-color":"","background-image":"","background-repeat":"repeat","background-position":"center center","background-size":"auto","background-attachment":"scroll","background-type":"","background-media":"","overlay-type":"","overlay-color":"","overlay-opacity":"","overlay-gradient":""}},"ast-content-background-meta":{"desktop":{"background-color":"var(--ast-global-color-4)","background-image":"","background-repeat":"repeat","background-position":"center center","background-size":"auto","background-attachment":"scroll","background-type":"","background-media":"","overlay-type":"","overlay-color":"","overlay-opacity":"","overlay-gradient":""},"tablet":{"background-color":"var(--ast-global-color-4)","background-image":"","background-repeat":"repeat","background-position":"center center","background-size":"auto","background-attachment":"scroll","background-type":"","background-media":"","overlay-type":"","overlay-color":"","overlay-opacity":"","overlay-gradient":""},"mobile":{"background-color":"var(--ast-global-color-4)","background-image":"","background-repeat":"repeat","background-position":"center center","background-size":"auto","background-attachment":"scroll","background-type":"","background-media":"","overlay-type":"","overlay-color":"","overlay-opacity":"","overlay-gradient":""}}},"product_brand":[],"product_cat":[9580],"product_tag":[],"class_list":{"0":"post-10510","1":"product","2":"type-product","3":"status-publish","4":"has-post-thumbnail","6":"product_cat-psichologiniai-detektyvai","7":"desktop-align-left","8":"tablet-align-left","9":"mobile-align-left","11":"first","12":"instock","13":"shipping-taxable","14":"purchasable","15":"product-type-simple"},"acf":[],"yoast_head":"<!-- This site is optimized with the Yoast SEO plugin v27.0 - https:\/\/yoast.com\/product\/yoast-seo-wordpress\/ -->\n<title>I\u0161narplioti Oliver\u012f<\/title>\n<meta name=\"description\" content=\"\u201eI\u0160NARPLIOTI OLIVER\u012e\u201c\u00a0\u2013\u00a0 knyga apie neatleistinus poelgius \u2013\u00a0 kaip jie nutinka ir kaip paveikia kiekvien\u0105, sutinkam\u0105 kelyje. Oliveris turi visk\u0105.\" \/>\n<meta name=\"robots\" content=\"index, follow, max-snippet:-1, max-image-preview:large, max-video-preview:-1\" \/>\n<link rel=\"canonical\" href=\"https:\/\/skaitytaknyga.lt\/en\/produktas\/l-nugent-isnarplioti-oliveri\/\" \/>\n<meta property=\"og:locale\" content=\"en_GB\" \/>\n<meta property=\"og:locale:alternate\" content=\"lt_LT\" \/>\n<meta property=\"og:type\" content=\"article\" \/>\n<meta property=\"og:title\" content=\"I\u0161narplioti Oliver\u012f\" \/>\n<meta property=\"og:description\" content=\"\u201eI\u0160NARPLIOTI OLIVER\u012e\u201c\u00a0\u2013\u00a0 knyga apie neatleistinus poelgius \u2013\u00a0 kaip jie nutinka ir kaip paveikia kiekvien\u0105, sutinkam\u0105 kelyje. Oliveris turi visk\u0105.\" \/>\n<meta property=\"og:url\" content=\"https:\/\/skaitytaknyga.lt\/en\/produktas\/l-nugent-isnarplioti-oliveri\/\" \/>\n<meta property=\"og:site_name\" content=\"Skaitytaknyga\" \/>\n<meta property=\"article:publisher\" content=\"https:\/\/www.facebook.com\/skaitytaknyga\/\" \/>\n<meta property=\"article:modified_time\" content=\"2026-03-05T13:58:07+00:00\" \/>\n<meta property=\"og:image\" content=\"https:\/\/skaitytaknyga.lt\/wp-content\/uploads\/2024\/05\/1537880145_Nugent_Isnarplioti_Oliveri_72max.webp\" \/>\n\t<meta property=\"og:image:width\" content=\"450\" \/>\n\t<meta property=\"og:image:height\" content=\"652\" \/>\n\t<meta property=\"og:image:type\" content=\"image\/webp\" \/>\n<meta name=\"twitter:card\" content=\"summary_large_image\" \/>\n<meta name=\"twitter:label1\" content=\"Estimated reading time\" \/>\n\t<meta name=\"twitter:data1\" content=\"2 minutes\" \/>\n<script type=\"application\/ld+json\" class=\"yoast-schema-graph\">{\"@context\":\"https:\/\/schema.org\",\"@graph\":[{\"@type\":\"WebPage\",\"@id\":\"https:\/\/skaitytaknyga.lt\/produktas\/l-nugent-isnarplioti-oliveri\/\",\"url\":\"https:\/\/skaitytaknyga.lt\/produktas\/l-nugent-isnarplioti-oliveri\/\",\"name\":\"I\u0161narplioti Oliver\u012f\",\"isPartOf\":{\"@id\":\"https:\/\/skaitytaknyga.lt\/#website\"},\"primaryImageOfPage\":{\"@id\":\"https:\/\/skaitytaknyga.lt\/produktas\/l-nugent-isnarplioti-oliveri\/#primaryimage\"},\"image\":{\"@id\":\"https:\/\/skaitytaknyga.lt\/produktas\/l-nugent-isnarplioti-oliveri\/#primaryimage\"},\"thumbnailUrl\":\"https:\/\/skaitytaknyga.lt\/wp-content\/uploads\/2024\/05\/1537880145_Nugent_Isnarplioti_Oliveri_72max.webp\",\"datePublished\":\"2024-05-04T18:18:41+00:00\",\"dateModified\":\"2026-03-05T13:58:07+00:00\",\"description\":\"\u201eI\u0160NARPLIOTI OLIVER\u012e\u201c\u00a0\u2013\u00a0 knyga apie neatleistinus poelgius \u2013\u00a0 kaip jie nutinka ir kaip paveikia kiekvien\u0105, sutinkam\u0105 kelyje. Oliveris turi visk\u0105.\",\"breadcrumb\":{\"@id\":\"https:\/\/skaitytaknyga.lt\/produktas\/l-nugent-isnarplioti-oliveri\/#breadcrumb\"},\"inLanguage\":\"en-GB\",\"potentialAction\":[{\"@type\":\"ReadAction\",\"target\":[\"https:\/\/skaitytaknyga.lt\/produktas\/l-nugent-isnarplioti-oliveri\/\"]}]},{\"@type\":\"ImageObject\",\"inLanguage\":\"en-GB\",\"@id\":\"https:\/\/skaitytaknyga.lt\/produktas\/l-nugent-isnarplioti-oliveri\/#primaryimage\",\"url\":\"https:\/\/skaitytaknyga.lt\/wp-content\/uploads\/2024\/05\/1537880145_Nugent_Isnarplioti_Oliveri_72max.webp\",\"contentUrl\":\"https:\/\/skaitytaknyga.lt\/wp-content\/uploads\/2024\/05\/1537880145_Nugent_Isnarplioti_Oliveri_72max.webp\",\"width\":450,\"height\":652,\"caption\":\"I\u0161narplioti Oliver\u012f\"},{\"@type\":\"BreadcrumbList\",\"@id\":\"https:\/\/skaitytaknyga.lt\/produktas\/l-nugent-isnarplioti-oliveri\/#breadcrumb\",\"itemListElement\":[{\"@type\":\"ListItem\",\"position\":1,\"name\":\"Home\",\"item\":\"https:\/\/skaitytaknyga.lt\/\"},{\"@type\":\"ListItem\",\"position\":2,\"name\":\"Parduotuv\u0117\",\"item\":\"https:\/\/skaitytaknyga.lt\/knygu-parduotuve\/\"},{\"@type\":\"ListItem\",\"position\":3,\"name\":\"I\u0161narplioti Oliver\u012f\"}]},{\"@type\":\"WebSite\",\"@id\":\"https:\/\/skaitytaknyga.lt\/#website\",\"url\":\"https:\/\/skaitytaknyga.lt\/\",\"name\":\"skaitytaknyga.lt\",\"description\":\"Skaitytaknyga.lt \u2013 tai ma\u017eas \u0161eimos verslas, kuris prasid\u0117jo nuo meil\u0117s knygoms ir siekio i\u0161gelb\u0117ti knygas nuo likimo prie konteinerio. Kas vienam nereikalingas daiktas \u2013 kitam lobis, o mes esame tarpininkai, kurie padeda abiems tapti laimingesniems ???? \u017dinome kaip nelengva i\u0161gyventi ma\u017eiems verslams, tad nuo \u0161iol, \u010dia rasite ir kit\u0173, ma\u017e\u0173 \u0161eim\u0173 versl\u0173, rank\u0173 darbo, dovan\u0173 sau ir artimiesiems.\",\"publisher\":{\"@id\":\"https:\/\/skaitytaknyga.lt\/#organization\"},\"potentialAction\":[{\"@type\":\"SearchAction\",\"target\":{\"@type\":\"EntryPoint\",\"urlTemplate\":\"https:\/\/skaitytaknyga.lt\/?s={search_term_string}\"},\"query-input\":{\"@type\":\"PropertyValueSpecification\",\"valueRequired\":true,\"valueName\":\"search_term_string\"}}],\"inLanguage\":\"en-GB\"},{\"@type\":\"Organization\",\"@id\":\"https:\/\/skaitytaknyga.lt\/#organization\",\"name\":\"skaitytaknyga.lt\",\"url\":\"https:\/\/skaitytaknyga.lt\/\",\"logo\":{\"@type\":\"ImageObject\",\"inLanguage\":\"en-GB\",\"@id\":\"https:\/\/skaitytaknyga.lt\/#\/schema\/logo\/image\/\",\"url\":\"https:\/\/skaitytaknyga.lt\/wp-content\/uploads\/2024\/05\/cropped-cropped-cropped-02_00843_jt3bggkj1j3HLc7SyY6rEUpg.jpeg\",\"contentUrl\":\"https:\/\/skaitytaknyga.lt\/wp-content\/uploads\/2024\/05\/cropped-cropped-cropped-02_00843_jt3bggkj1j3HLc7SyY6rEUpg.jpeg\",\"width\":1600,\"height\":1600,\"caption\":\"skaitytaknyga.lt\"},\"image\":{\"@id\":\"https:\/\/skaitytaknyga.lt\/#\/schema\/logo\/image\/\"},\"sameAs\":[\"https:\/\/www.facebook.com\/skaitytaknyga\/\"]}]}<\/script>\n<!-- \/ Yoast SEO plugin. -->","yoast_head_json":{"title":"I\u0161narplioti Oliver\u012f","description":"\u201eI\u0160NARPLIOTI OLIVER\u012e\u201c\u00a0\u2013\u00a0 knyga apie neatleistinus poelgius \u2013\u00a0 kaip jie nutinka ir kaip paveikia kiekvien\u0105, sutinkam\u0105 kelyje. Oliveris turi visk\u0105.","robots":{"index":"index","follow":"follow","max-snippet":"max-snippet:-1","max-image-preview":"max-image-preview:large","max-video-preview":"max-video-preview:-1"},"canonical":"https:\/\/skaitytaknyga.lt\/en\/produktas\/l-nugent-isnarplioti-oliveri\/","og_locale":"en_GB","og_type":"article","og_title":"[:lt]I\u0161narplioti Oliver\u012f[:] - Skaitytaknyga","og_description":"\u201eI\u0160NARPLIOTI OLIVER\u012e\u201c\u00a0\u2013\u00a0 knyga apie neatleistinus poelgius \u2013\u00a0 kaip jie nutinka ir kaip paveikia kiekvien\u0105, sutinkam\u0105 kelyje. Oliveris turi visk\u0105.","og_url":"https:\/\/skaitytaknyga.lt\/en\/produktas\/l-nugent-isnarplioti-oliveri\/","og_site_name":"Skaitytaknyga","article_publisher":"https:\/\/www.facebook.com\/skaitytaknyga\/","article_modified_time":"2026-03-05T13:58:07+00:00","og_image":[{"width":450,"height":652,"url":"https:\/\/skaitytaknyga.lt\/wp-content\/uploads\/2024\/05\/1537880145_Nugent_Isnarplioti_Oliveri_72max.webp","type":"image\/webp"}],"twitter_card":"summary_large_image","twitter_misc":{"Estimated reading time":"2 minutes"},"schema":{"@context":"https:\/\/schema.org","@graph":[{"@type":"WebPage","@id":"https:\/\/skaitytaknyga.lt\/produktas\/l-nugent-isnarplioti-oliveri\/","url":"https:\/\/skaitytaknyga.lt\/produktas\/l-nugent-isnarplioti-oliveri\/","name":"I\u0161narplioti Oliver\u012f","isPartOf":{"@id":"https:\/\/skaitytaknyga.lt\/#website"},"primaryImageOfPage":{"@id":"https:\/\/skaitytaknyga.lt\/produktas\/l-nugent-isnarplioti-oliveri\/#primaryimage"},"image":{"@id":"https:\/\/skaitytaknyga.lt\/produktas\/l-nugent-isnarplioti-oliveri\/#primaryimage"},"thumbnailUrl":"https:\/\/skaitytaknyga.lt\/wp-content\/uploads\/2024\/05\/1537880145_Nugent_Isnarplioti_Oliveri_72max.webp","datePublished":"2024-05-04T18:18:41+00:00","dateModified":"2026-03-05T13:58:07+00:00","description":"\u201eI\u0160NARPLIOTI OLIVER\u012e\u201c\u00a0\u2013\u00a0 knyga apie neatleistinus poelgius \u2013\u00a0 kaip jie nutinka ir kaip paveikia kiekvien\u0105, sutinkam\u0105 kelyje. Oliveris turi visk\u0105.","breadcrumb":{"@id":"https:\/\/skaitytaknyga.lt\/produktas\/l-nugent-isnarplioti-oliveri\/#breadcrumb"},"inLanguage":"en-GB","potentialAction":[{"@type":"ReadAction","target":["https:\/\/skaitytaknyga.lt\/produktas\/l-nugent-isnarplioti-oliveri\/"]}]},{"@type":"ImageObject","inLanguage":"en-GB","@id":"https:\/\/skaitytaknyga.lt\/produktas\/l-nugent-isnarplioti-oliveri\/#primaryimage","url":"https:\/\/skaitytaknyga.lt\/wp-content\/uploads\/2024\/05\/1537880145_Nugent_Isnarplioti_Oliveri_72max.webp","contentUrl":"https:\/\/skaitytaknyga.lt\/wp-content\/uploads\/2024\/05\/1537880145_Nugent_Isnarplioti_Oliveri_72max.webp","width":450,"height":652,"caption":"I\u0161narplioti Oliver\u012f"},{"@type":"BreadcrumbList","@id":"https:\/\/skaitytaknyga.lt\/produktas\/l-nugent-isnarplioti-oliveri\/#breadcrumb","itemListElement":[{"@type":"ListItem","position":1,"name":"Home","item":"https:\/\/skaitytaknyga.lt\/"},{"@type":"ListItem","position":2,"name":"Parduotuv\u0117","item":"https:\/\/skaitytaknyga.lt\/knygu-parduotuve\/"},{"@type":"ListItem","position":3,"name":"I\u0161narplioti Oliver\u012f"}]},{"@type":"WebSite","@id":"https:\/\/skaitytaknyga.lt\/#website","url":"https:\/\/skaitytaknyga.lt\/","name":"skaitytaknyga.lt","description":"Skaitytaknyga.lt \u2013 tai ma\u017eas \u0161eimos verslas, kuris prasid\u0117jo nuo meil\u0117s knygoms ir siekio i\u0161gelb\u0117ti knygas nuo likimo prie konteinerio. Kas vienam nereikalingas daiktas \u2013 kitam lobis, o mes esame tarpininkai, kurie padeda abiems tapti laimingesniems ???? \u017dinome kaip nelengva i\u0161gyventi ma\u017eiems verslams, tad nuo \u0161iol, \u010dia rasite ir kit\u0173, ma\u017e\u0173 \u0161eim\u0173 versl\u0173, rank\u0173 darbo, dovan\u0173 sau ir artimiesiems.","publisher":{"@id":"https:\/\/skaitytaknyga.lt\/#organization"},"potentialAction":[{"@type":"SearchAction","target":{"@type":"EntryPoint","urlTemplate":"https:\/\/skaitytaknyga.lt\/?s={search_term_string}"},"query-input":{"@type":"PropertyValueSpecification","valueRequired":true,"valueName":"search_term_string"}}],"inLanguage":"en-GB"},{"@type":"Organization","@id":"https:\/\/skaitytaknyga.lt\/#organization","name":"skaitytaknyga.lt","url":"https:\/\/skaitytaknyga.lt\/","logo":{"@type":"ImageObject","inLanguage":"en-GB","@id":"https:\/\/skaitytaknyga.lt\/#\/schema\/logo\/image\/","url":"https:\/\/skaitytaknyga.lt\/wp-content\/uploads\/2024\/05\/cropped-cropped-cropped-02_00843_jt3bggkj1j3HLc7SyY6rEUpg.jpeg","contentUrl":"https:\/\/skaitytaknyga.lt\/wp-content\/uploads\/2024\/05\/cropped-cropped-cropped-02_00843_jt3bggkj1j3HLc7SyY6rEUpg.jpeg","width":1600,"height":1600,"caption":"skaitytaknyga.lt"},"image":{"@id":"https:\/\/skaitytaknyga.lt\/#\/schema\/logo\/image\/"},"sameAs":["https:\/\/www.facebook.com\/skaitytaknyga\/"]}]}},"_links":{"self":[{"href":"https:\/\/skaitytaknyga.lt\/en\/wp-json\/wp\/v2\/product\/10510","targetHints":{"allow":["GET"]}}],"collection":[{"href":"https:\/\/skaitytaknyga.lt\/en\/wp-json\/wp\/v2\/product"}],"about":[{"href":"https:\/\/skaitytaknyga.lt\/en\/wp-json\/wp\/v2\/types\/product"}],"replies":[{"embeddable":true,"href":"https:\/\/skaitytaknyga.lt\/en\/wp-json\/wp\/v2\/comments?post=10510"}],"wp:featuredmedia":[{"embeddable":true,"href":"https:\/\/skaitytaknyga.lt\/en\/wp-json\/wp\/v2\/media\/12991"}],"wp:attachment":[{"href":"https:\/\/skaitytaknyga.lt\/en\/wp-json\/wp\/v2\/media?parent=10510"}],"wp:term":[{"taxonomy":"product_brand","embeddable":true,"href":"https:\/\/skaitytaknyga.lt\/en\/wp-json\/wp\/v2\/product_brand?post=10510"},{"taxonomy":"product_cat","embeddable":true,"href":"https:\/\/skaitytaknyga.lt\/en\/wp-json\/wp\/v2\/product_cat?post=10510"},{"taxonomy":"product_tag","embeddable":true,"href":"https:\/\/skaitytaknyga.lt\/en\/wp-json\/wp\/v2\/product_tag?post=10510"}],"curies":[{"name":"wp","href":"https:\/\/api.w.org\/{rel}","templated":true}]}}