{"id":10509,"date":"2024-05-04T18:18:41","date_gmt":"2024-05-04T18:18:41","guid":{"rendered":"https:\/\/skaitytaknyga.lt\/?post_type=product&#038;p=10509"},"modified":"2024-05-04T18:22:02","modified_gmt":"2024-05-04T18:22:02","slug":"vasara-inovatyvi-programa-xxi-a-tevams-ir-pedagogams-kad-vaikai-augtu-laisvi-ir-kurybingii","status":"publish","type":"product","link":"https:\/\/skaitytaknyga.lt\/en\/produktas\/vasara-inovatyvi-programa-xxi-a-tevams-ir-pedagogams-kad-vaikai-augtu-laisvi-ir-kurybingii\/","title":{"rendered":"Vasara: inovatyvi programa XXI a. t\u0117vams ir pedagogams. Kad vaikai augt\u0173 laisvi ir k\u016brybingi!I"},"content":{"rendered":"<p>\u0160i knyga \u2013 langas \u012f tai, kaip galime s\u0117kmingai ugdyti vaik\u0105, atsi\u017evelgdami \u012f jo am\u017eiaus tarpsni\u0173 ypatumus ir naujausius mokslinius tyrimus.<\/p>\n<p>Prad\u0117jusi dirbti su ikimokyklinio am\u017eiaus vaikais (o v\u0117liau ir pradinukais) pasteb\u0117jau, kad vaikai ugdomi nenat\u016braliai \u2013 tarsi vaikas kiaur\u0105 dien\u0105 lankyt\u0173 daugyb\u0119 b\u016breli\u0173.<\/p>\n<p>Matematika, dail\u0117, k\u016bno kult\u016bra, lietuvi\u0173 kalba, angl\u0173 kalba, muzika, pasaulio pa\u017einimas \u2013 tarpusavyje nesusij\u0119 dalykai: skai\u010diuojame varnas, dainuojame apie kates, o per pasaulio pa\u017einim\u0105 kalbame apie \u0105\u017euolus. Stebint vaikus, gilinantis \u012f \u012fvairi\u0173 mokslinink\u0173 darbus, gim\u0117 kontekstinio ugdymo id\u0117ja. Vaikams b\u016btina ne tik ai\u0161ki strukt\u016bra, bet ir k\u016brybin\u0117 laisv\u0117, o vis\u0105 ugdymo(si) keli\u0105 turi jungti bendros temos.<\/p>\n<p>Kvie\u010diu augti kartu su vaiku \u2013 \u017eaismingai ir prasmingai, atsi\u017evelgiant \u012f aplinkos bei kult\u016brin\u012f kontekst\u0105. Met\u0173 laikai \u0161iose knygose jums atsiskleis visu gro\u017eiu ir paliks prisiminimus apie tai, kokie jie buvo turiningi ir kiek daug pad\u0117jo i\u0161mokti.<\/p>\n<p>Aust\u0117ja Landsbergien\u0117<\/p>\n","protected":false},"excerpt":{"rendered":"<p>\u0160i knyga \u2013 langas \u012f tai, kaip galime s\u0117kmingai ugdyti vaik\u0105, atsi\u017evelgdami \u012f jo am\u017eiaus tarpsni\u0173 ypatumus ir naujausius mokslinius tyrimus.<\/p>\n<p>Prad\u0117jusi dirbti su ikimokyklinio am\u017eiaus vaikais (o v\u0117liau ir pradinukais) pasteb\u0117jau, kad vaikai ugdomi nenat\u016braliai \u2013 tarsi vaikas kiaur\u0105 dien\u0105 lankyt\u0173 daugyb\u0119 b\u016breli\u0173.<\/p>\n<p>Matematika, dail\u0117, k\u016bno kult\u016bra, lietuvi\u0173 kalba, angl\u0173 kalba, muzika, pasaulio pa\u017einimas \u2013 tarpusavyje nesusij\u0119 dalykai: skai\u010diuojame varnas, dainuojame apie kates, o per pasaulio pa\u017einim\u0105 kalbame apie \u0105\u017euolus. Stebint vaikus, gilinantis \u012f \u012fvairi\u0173 mokslinink\u0173 darbus, gim\u0117 kontekstinio ugdymo id\u0117ja. Vaikams b\u016btina ne tik ai\u0161ki strukt\u016bra, bet ir k\u016brybin\u0117 laisv\u0117, o vis\u0105 ugdymo(si) keli\u0105 turi jungti bendros temos.<\/p>\n<p>Kvie\u010diu augti kartu su vaiku \u2013 \u017eaismingai ir prasmingai, atsi\u017evelgiant \u012f aplinkos bei kult\u016brin\u012f kontekst\u0105. Met\u0173 laikai \u0161iose knygose jums atsiskleis visu gro\u017eiu ir paliks prisiminimus apie tai, kokie jie buvo turiningi ir kiek daug pad\u0117jo i\u0161mokti.<\/p>\n<p>Aust\u0117ja Landsbergien\u0117<\/p>\n","protected":false},"featured_media":10558,"comment_status":"closed","ping_status":"closed","template":"","meta":{"_acf_changed":false,"site-sidebar-layout":"default","site-content-layout":"","ast-site-content-layout":"default","site-content-style":"default","site-sidebar-style":"default","ast-global-header-display":"","ast-banner-title-visibility":"","ast-main-header-display":"","ast-hfb-above-header-display":"","ast-hfb-below-header-display":"","ast-hfb-mobile-header-display":"","site-post-title":"","ast-breadcrumbs-content":"","ast-featured-img":"","footer-sml-layout":"","ast-disable-related-posts":"","theme-transparent-header-meta":"","adv-header-id-meta":"","stick-header-meta":"","header-above-stick-meta":"","header-main-stick-meta":"","header-below-stick-meta":"","astra-migrate-meta-layouts":"default","ast-page-background-enabled":"default","ast-page-background-meta":{"desktop":{"background-color":"","background-image":"","background-repeat":"repeat","background-position":"center center","background-size":"auto","background-attachment":"scroll","background-type":"","background-media":"","overlay-type":"","overlay-color":"","overlay-opacity":"","overlay-gradient":""},"tablet":{"background-color":"","background-image":"","background-repeat":"repeat","background-position":"center center","background-size":"auto","background-attachment":"scroll","background-type":"","background-media":"","overlay-type":"","overlay-color":"","overlay-opacity":"","overlay-gradient":""},"mobile":{"background-color":"","background-image":"","background-repeat":"repeat","background-position":"center center","background-size":"auto","background-attachment":"scroll","background-type":"","background-media":"","overlay-type":"","overlay-color":"","overlay-opacity":"","overlay-gradient":""}},"ast-content-background-meta":{"desktop":{"background-color":"var(--ast-global-color-4)","background-image":"","background-repeat":"repeat","background-position":"center center","background-size":"auto","background-attachment":"scroll","background-type":"","background-media":"","overlay-type":"","overlay-color":"","overlay-opacity":"","overlay-gradient":""},"tablet":{"background-color":"var(--ast-global-color-4)","background-image":"","background-repeat":"repeat","background-position":"center center","background-size":"auto","background-attachment":"scroll","background-type":"","background-media":"","overlay-type":"","overlay-color":"","overlay-opacity":"","overlay-gradient":""},"mobile":{"background-color":"var(--ast-global-color-4)","background-image":"","background-repeat":"repeat","background-position":"center center","background-size":"auto","background-attachment":"scroll","background-type":"","background-media":"","overlay-type":"","overlay-color":"","overlay-opacity":"","overlay-gradient":""}}},"product_brand":[],"product_cat":[35],"product_tag":[],"class_list":{"0":"post-10509","1":"product","2":"type-product","3":"status-publish","4":"has-post-thumbnail","6":"product_cat-vaikams-ir-paaugliams","7":"desktop-align-left","8":"tablet-align-left","9":"mobile-align-left","11":"first","12":"outofstock","13":"shipping-taxable","14":"purchasable","15":"product-type-simple"},"acf":[],"yoast_head":"<!-- This site is optimized with the Yoast SEO plugin v27.4 - https:\/\/yoast.com\/product\/yoast-seo-wordpress\/ -->\n<title>Vasara: inovatyvi programa XXI a. t\u0117vams ir pedagogams. Kad vaikai augt\u0173 laisvi ir k\u016brybingi!I - Skaitytaknyga<\/title>\n<meta name=\"description\" content=\"\u0160i knyga \u2013 langas \u012f tai, kaip galime s\u0117kmingai ugdyti vaik\u0105, atsi\u017evelgdami \u012f jo am\u017eiaus tarpsni\u0173 ypatumus ir naujausius mokslinius tyrimus.  Prad\u0117jusi dirbti su ikimokyklinio am\u017eiaus vaikais (o v\u0117liau ir pradinukais) pasteb\u0117jau, kad vaikai ugdomi nenat\u016braliai \u2013 tarsi vaikas kiaur\u0105 dien\u0105 lankyt\u0173 daugyb\u0119 b\u016breli\u0173.  Matematika, dail\u0117, k\u016bno kult\u016bra, lietuvi\u0173 kalba, angl\u0173 kalba, muzika, pasaulio pa\u017einimas \u2013 tarpusavyje nesusij\u0119 dalykai: skai\u010diuojame varnas, dainuojame apie kates, o per pasaulio pa\u017einim\u0105 kalbame apie \u0105\u017euolus. Stebint vaikus, gilinantis \u012f \u012fvairi\u0173 mokslinink\u0173 darbus, gim\u0117 kontekstinio ugdymo id\u0117ja. Vaikams b\u016btina ne tik ai\u0161ki strukt\u016bra, bet ir k\u016brybin\u0117 laisv\u0117, o vis\u0105 ugdymo(si) keli\u0105 turi jungti bendros temos.  Kvie\u010diu augti kartu su vaiku \u2013 \u017eaismingai ir prasmingai, atsi\u017evelgiant \u012f aplinkos bei kult\u016brin\u012f kontekst\u0105. Met\u0173 laikai \u0161iose knygose jums atsiskleis visu gro\u017eiu ir paliks prisiminimus apie tai, kokie jie buvo turiningi ir kiek daug pad\u0117jo i\u0161mokti.  Aust\u0117ja Landsbergien\u0117\" \/>\n<meta name=\"robots\" content=\"index, follow, max-snippet:-1, max-image-preview:large, max-video-preview:-1\" \/>\n<link rel=\"canonical\" href=\"https:\/\/skaitytaknyga.lt\/en\/produktas\/vasara-inovatyvi-programa-xxi-a-tevams-ir-pedagogams-kad-vaikai-augtu-laisvi-ir-kurybingii\/\" \/>\n<meta property=\"og:locale\" content=\"en_GB\" \/>\n<meta property=\"og:locale:alternate\" content=\"lt_LT\" \/>\n<meta property=\"og:type\" content=\"article\" \/>\n<meta property=\"og:title\" content=\"Vasara: inovatyvi programa XXI a. t\u0117vams ir pedagogams. Kad vaikai augt\u0173 laisvi ir k\u016brybingi!I - Skaitytaknyga\" \/>\n<meta property=\"og:description\" content=\"\u0160i knyga \u2013 langas \u012f tai, kaip galime s\u0117kmingai ugdyti vaik\u0105, atsi\u017evelgdami \u012f jo am\u017eiaus tarpsni\u0173 ypatumus ir naujausius mokslinius tyrimus.  Prad\u0117jusi dirbti su ikimokyklinio am\u017eiaus vaikais (o v\u0117liau ir pradinukais) pasteb\u0117jau, kad vaikai ugdomi nenat\u016braliai \u2013 tarsi vaikas kiaur\u0105 dien\u0105 lankyt\u0173 daugyb\u0119 b\u016breli\u0173.  Matematika, dail\u0117, k\u016bno kult\u016bra, lietuvi\u0173 kalba, angl\u0173 kalba, muzika, pasaulio pa\u017einimas \u2013 tarpusavyje nesusij\u0119 dalykai: skai\u010diuojame varnas, dainuojame apie kates, o per pasaulio pa\u017einim\u0105 kalbame apie \u0105\u017euolus. Stebint vaikus, gilinantis \u012f \u012fvairi\u0173 mokslinink\u0173 darbus, gim\u0117 kontekstinio ugdymo id\u0117ja. Vaikams b\u016btina ne tik ai\u0161ki strukt\u016bra, bet ir k\u016brybin\u0117 laisv\u0117, o vis\u0105 ugdymo(si) keli\u0105 turi jungti bendros temos.  Kvie\u010diu augti kartu su vaiku \u2013 \u017eaismingai ir prasmingai, atsi\u017evelgiant \u012f aplinkos bei kult\u016brin\u012f kontekst\u0105. Met\u0173 laikai \u0161iose knygose jums atsiskleis visu gro\u017eiu ir paliks prisiminimus apie tai, kokie jie buvo turiningi ir kiek daug pad\u0117jo i\u0161mokti.  Aust\u0117ja Landsbergien\u0117\" \/>\n<meta property=\"og:url\" content=\"https:\/\/skaitytaknyga.lt\/en\/produktas\/vasara-inovatyvi-programa-xxi-a-tevams-ir-pedagogams-kad-vaikai-augtu-laisvi-ir-kurybingii\/\" \/>\n<meta property=\"og:site_name\" content=\"Skaitytaknyga\" \/>\n<meta property=\"article:publisher\" content=\"https:\/\/www.facebook.com\/skaitytaknyga\/\" \/>\n<meta property=\"article:modified_time\" content=\"2024-05-04T18:22:02+00:00\" \/>\n<meta property=\"og:image\" content=\"https:\/\/skaitytaknyga.lt\/wp-content\/uploads\/2024\/05\/20220910_1054252581026081364705573-scaled-e1662808325112.jpg\" \/>\n\t<meta property=\"og:image:width\" content=\"2560\" \/>\n\t<meta property=\"og:image:height\" content=\"2560\" \/>\n\t<meta property=\"og:image:type\" content=\"image\/jpeg\" \/>\n<meta name=\"twitter:card\" content=\"summary_large_image\" \/>\n<meta name=\"twitter:label1\" content=\"Estimated reading time\" \/>\n\t<meta name=\"twitter:data1\" content=\"1 minute\" \/>\n<script type=\"application\/ld+json\" class=\"yoast-schema-graph\">{\"@context\":\"https:\\\/\\\/schema.org\",\"@graph\":[{\"@type\":\"WebPage\",\"@id\":\"https:\\\/\\\/skaitytaknyga.lt\\\/produktas\\\/vasara-inovatyvi-programa-xxi-a-tevams-ir-pedagogams-kad-vaikai-augtu-laisvi-ir-kurybingii\\\/\",\"url\":\"https:\\\/\\\/skaitytaknyga.lt\\\/produktas\\\/vasara-inovatyvi-programa-xxi-a-tevams-ir-pedagogams-kad-vaikai-augtu-laisvi-ir-kurybingii\\\/\",\"name\":\"Vasara: inovatyvi programa XXI a. t\u0117vams ir pedagogams. Kad vaikai augt\u0173 laisvi ir k\u016brybingi!I - Skaitytaknyga\",\"isPartOf\":{\"@id\":\"https:\\\/\\\/skaitytaknyga.lt\\\/#website\"},\"primaryImageOfPage\":{\"@id\":\"https:\\\/\\\/skaitytaknyga.lt\\\/produktas\\\/vasara-inovatyvi-programa-xxi-a-tevams-ir-pedagogams-kad-vaikai-augtu-laisvi-ir-kurybingii\\\/#primaryimage\"},\"image\":{\"@id\":\"https:\\\/\\\/skaitytaknyga.lt\\\/produktas\\\/vasara-inovatyvi-programa-xxi-a-tevams-ir-pedagogams-kad-vaikai-augtu-laisvi-ir-kurybingii\\\/#primaryimage\"},\"thumbnailUrl\":\"https:\\\/\\\/skaitytaknyga.lt\\\/wp-content\\\/uploads\\\/2024\\\/05\\\/20220910_1054252581026081364705573-scaled-e1662808325112.jpg\",\"datePublished\":\"2024-05-04T18:18:41+00:00\",\"dateModified\":\"2024-05-04T18:22:02+00:00\",\"description\":\"\u0160i knyga \u2013 langas \u012f tai, kaip galime s\u0117kmingai ugdyti vaik\u0105, atsi\u017evelgdami \u012f jo am\u017eiaus tarpsni\u0173 ypatumus ir naujausius mokslinius tyrimus. Prad\u0117jusi dirbti su ikimokyklinio am\u017eiaus vaikais (o v\u0117liau ir pradinukais) pasteb\u0117jau, kad vaikai ugdomi nenat\u016braliai \u2013 tarsi vaikas kiaur\u0105 dien\u0105 lankyt\u0173 daugyb\u0119 b\u016breli\u0173. Matematika, dail\u0117, k\u016bno kult\u016bra, lietuvi\u0173 kalba, angl\u0173 kalba, muzika, pasaulio pa\u017einimas \u2013 tarpusavyje nesusij\u0119 dalykai: skai\u010diuojame varnas, dainuojame apie kates, o per pasaulio pa\u017einim\u0105 kalbame apie \u0105\u017euolus. Stebint vaikus, gilinantis \u012f \u012fvairi\u0173 mokslinink\u0173 darbus, gim\u0117 kontekstinio ugdymo id\u0117ja. Vaikams b\u016btina ne tik ai\u0161ki strukt\u016bra, bet ir k\u016brybin\u0117 laisv\u0117, o vis\u0105 ugdymo(si) keli\u0105 turi jungti bendros temos. Kvie\u010diu augti kartu su vaiku \u2013 \u017eaismingai ir prasmingai, atsi\u017evelgiant \u012f aplinkos bei kult\u016brin\u012f kontekst\u0105. Met\u0173 laikai \u0161iose knygose jums atsiskleis visu gro\u017eiu ir paliks prisiminimus apie tai, kokie jie buvo turiningi ir kiek daug pad\u0117jo i\u0161mokti. Aust\u0117ja Landsbergien\u0117\",\"breadcrumb\":{\"@id\":\"https:\\\/\\\/skaitytaknyga.lt\\\/produktas\\\/vasara-inovatyvi-programa-xxi-a-tevams-ir-pedagogams-kad-vaikai-augtu-laisvi-ir-kurybingii\\\/#breadcrumb\"},\"inLanguage\":\"en-GB\",\"potentialAction\":[{\"@type\":\"ReadAction\",\"target\":[\"https:\\\/\\\/skaitytaknyga.lt\\\/produktas\\\/vasara-inovatyvi-programa-xxi-a-tevams-ir-pedagogams-kad-vaikai-augtu-laisvi-ir-kurybingii\\\/\"]}]},{\"@type\":\"ImageObject\",\"inLanguage\":\"en-GB\",\"@id\":\"https:\\\/\\\/skaitytaknyga.lt\\\/produktas\\\/vasara-inovatyvi-programa-xxi-a-tevams-ir-pedagogams-kad-vaikai-augtu-laisvi-ir-kurybingii\\\/#primaryimage\",\"url\":\"https:\\\/\\\/skaitytaknyga.lt\\\/wp-content\\\/uploads\\\/2024\\\/05\\\/20220910_1054252581026081364705573-scaled-e1662808325112.jpg\",\"contentUrl\":\"https:\\\/\\\/skaitytaknyga.lt\\\/wp-content\\\/uploads\\\/2024\\\/05\\\/20220910_1054252581026081364705573-scaled-e1662808325112.jpg\",\"width\":2560,\"height\":2560},{\"@type\":\"BreadcrumbList\",\"@id\":\"https:\\\/\\\/skaitytaknyga.lt\\\/produktas\\\/vasara-inovatyvi-programa-xxi-a-tevams-ir-pedagogams-kad-vaikai-augtu-laisvi-ir-kurybingii\\\/#breadcrumb\",\"itemListElement\":[{\"@type\":\"ListItem\",\"position\":1,\"name\":\"Home\",\"item\":\"https:\\\/\\\/skaitytaknyga.lt\\\/\"},{\"@type\":\"ListItem\",\"position\":2,\"name\":\"Parduotuv\u0117\",\"item\":\"https:\\\/\\\/skaitytaknyga.lt\\\/knygu-parduotuve\\\/\"},{\"@type\":\"ListItem\",\"position\":3,\"name\":\"Vasara: inovatyvi programa XXI a. t\u0117vams ir pedagogams. Kad vaikai augt\u0173 laisvi ir k\u016brybingi!I\"}]},{\"@type\":\"WebSite\",\"@id\":\"https:\\\/\\\/skaitytaknyga.lt\\\/#website\",\"url\":\"https:\\\/\\\/skaitytaknyga.lt\\\/\",\"name\":\"skaitytaknyga.lt\",\"description\":\"Skaitytaknyga.lt \u2013 tai ma\u017eas \u0161eimos verslas, kuris prasid\u0117jo nuo meil\u0117s knygoms ir siekio i\u0161gelb\u0117ti knygas nuo likimo prie konteinerio. Kas vienam nereikalingas daiktas \u2013 kitam lobis, o mes esame tarpininkai, kurie padeda abiems tapti laimingesniems ???? \u017dinome kaip nelengva i\u0161gyventi ma\u017eiems verslams, tad nuo \u0161iol, \u010dia rasite ir kit\u0173, ma\u017e\u0173 \u0161eim\u0173 versl\u0173, rank\u0173 darbo, dovan\u0173 sau ir artimiesiems.\",\"publisher\":{\"@id\":\"https:\\\/\\\/skaitytaknyga.lt\\\/#organization\"},\"potentialAction\":[{\"@type\":\"SearchAction\",\"target\":{\"@type\":\"EntryPoint\",\"urlTemplate\":\"https:\\\/\\\/skaitytaknyga.lt\\\/?s={search_term_string}\"},\"query-input\":{\"@type\":\"PropertyValueSpecification\",\"valueRequired\":true,\"valueName\":\"search_term_string\"}}],\"inLanguage\":\"en-GB\"},{\"@type\":\"Organization\",\"@id\":\"https:\\\/\\\/skaitytaknyga.lt\\\/#organization\",\"name\":\"skaitytaknyga.lt\",\"url\":\"https:\\\/\\\/skaitytaknyga.lt\\\/\",\"logo\":{\"@type\":\"ImageObject\",\"inLanguage\":\"en-GB\",\"@id\":\"https:\\\/\\\/skaitytaknyga.lt\\\/#\\\/schema\\\/logo\\\/image\\\/\",\"url\":\"https:\\\/\\\/skaitytaknyga.lt\\\/wp-content\\\/uploads\\\/2024\\\/05\\\/cropped-cropped-cropped-02_00843_jt3bggkj1j3HLc7SyY6rEUpg.jpeg\",\"contentUrl\":\"https:\\\/\\\/skaitytaknyga.lt\\\/wp-content\\\/uploads\\\/2024\\\/05\\\/cropped-cropped-cropped-02_00843_jt3bggkj1j3HLc7SyY6rEUpg.jpeg\",\"width\":1600,\"height\":1600,\"caption\":\"skaitytaknyga.lt\"},\"image\":{\"@id\":\"https:\\\/\\\/skaitytaknyga.lt\\\/#\\\/schema\\\/logo\\\/image\\\/\"},\"sameAs\":[\"https:\\\/\\\/www.facebook.com\\\/skaitytaknyga\\\/\"]}]}<\/script>\n<!-- \/ Yoast SEO plugin. -->","yoast_head_json":{"title":"Vasara: inovatyvi programa XXI a. t\u0117vams ir pedagogams. Kad vaikai augt\u0173 laisvi ir k\u016brybingi!I - Skaitytaknyga","description":"\u0160i knyga \u2013 langas \u012f tai, kaip galime s\u0117kmingai ugdyti vaik\u0105, atsi\u017evelgdami \u012f jo am\u017eiaus tarpsni\u0173 ypatumus ir naujausius mokslinius tyrimus.  Prad\u0117jusi dirbti su ikimokyklinio am\u017eiaus vaikais (o v\u0117liau ir pradinukais) pasteb\u0117jau, kad vaikai ugdomi nenat\u016braliai \u2013 tarsi vaikas kiaur\u0105 dien\u0105 lankyt\u0173 daugyb\u0119 b\u016breli\u0173.  Matematika, dail\u0117, k\u016bno kult\u016bra, lietuvi\u0173 kalba, angl\u0173 kalba, muzika, pasaulio pa\u017einimas \u2013 tarpusavyje nesusij\u0119 dalykai: skai\u010diuojame varnas, dainuojame apie kates, o per pasaulio pa\u017einim\u0105 kalbame apie \u0105\u017euolus. Stebint vaikus, gilinantis \u012f \u012fvairi\u0173 mokslinink\u0173 darbus, gim\u0117 kontekstinio ugdymo id\u0117ja. Vaikams b\u016btina ne tik ai\u0161ki strukt\u016bra, bet ir k\u016brybin\u0117 laisv\u0117, o vis\u0105 ugdymo(si) keli\u0105 turi jungti bendros temos.  Kvie\u010diu augti kartu su vaiku \u2013 \u017eaismingai ir prasmingai, atsi\u017evelgiant \u012f aplinkos bei kult\u016brin\u012f kontekst\u0105. Met\u0173 laikai \u0161iose knygose jums atsiskleis visu gro\u017eiu ir paliks prisiminimus apie tai, kokie jie buvo turiningi ir kiek daug pad\u0117jo i\u0161mokti.  Aust\u0117ja Landsbergien\u0117","robots":{"index":"index","follow":"follow","max-snippet":"max-snippet:-1","max-image-preview":"max-image-preview:large","max-video-preview":"max-video-preview:-1"},"canonical":"https:\/\/skaitytaknyga.lt\/en\/produktas\/vasara-inovatyvi-programa-xxi-a-tevams-ir-pedagogams-kad-vaikai-augtu-laisvi-ir-kurybingii\/","og_locale":"en_GB","og_type":"article","og_title":"Vasara: inovatyvi programa XXI a. t\u0117vams ir pedagogams. Kad vaikai augt\u0173 laisvi ir k\u016brybingi!I - Skaitytaknyga","og_description":"\u0160i knyga \u2013 langas \u012f tai, kaip galime s\u0117kmingai ugdyti vaik\u0105, atsi\u017evelgdami \u012f jo am\u017eiaus tarpsni\u0173 ypatumus ir naujausius mokslinius tyrimus.  Prad\u0117jusi dirbti su ikimokyklinio am\u017eiaus vaikais (o v\u0117liau ir pradinukais) pasteb\u0117jau, kad vaikai ugdomi nenat\u016braliai \u2013 tarsi vaikas kiaur\u0105 dien\u0105 lankyt\u0173 daugyb\u0119 b\u016breli\u0173.  Matematika, dail\u0117, k\u016bno kult\u016bra, lietuvi\u0173 kalba, angl\u0173 kalba, muzika, pasaulio pa\u017einimas \u2013 tarpusavyje nesusij\u0119 dalykai: skai\u010diuojame varnas, dainuojame apie kates, o per pasaulio pa\u017einim\u0105 kalbame apie \u0105\u017euolus. Stebint vaikus, gilinantis \u012f \u012fvairi\u0173 mokslinink\u0173 darbus, gim\u0117 kontekstinio ugdymo id\u0117ja. Vaikams b\u016btina ne tik ai\u0161ki strukt\u016bra, bet ir k\u016brybin\u0117 laisv\u0117, o vis\u0105 ugdymo(si) keli\u0105 turi jungti bendros temos.  Kvie\u010diu augti kartu su vaiku \u2013 \u017eaismingai ir prasmingai, atsi\u017evelgiant \u012f aplinkos bei kult\u016brin\u012f kontekst\u0105. Met\u0173 laikai \u0161iose knygose jums atsiskleis visu gro\u017eiu ir paliks prisiminimus apie tai, kokie jie buvo turiningi ir kiek daug pad\u0117jo i\u0161mokti.  Aust\u0117ja Landsbergien\u0117","og_url":"https:\/\/skaitytaknyga.lt\/en\/produktas\/vasara-inovatyvi-programa-xxi-a-tevams-ir-pedagogams-kad-vaikai-augtu-laisvi-ir-kurybingii\/","og_site_name":"Skaitytaknyga","article_publisher":"https:\/\/www.facebook.com\/skaitytaknyga\/","article_modified_time":"2024-05-04T18:22:02+00:00","og_image":[{"width":2560,"height":2560,"url":"https:\/\/skaitytaknyga.lt\/wp-content\/uploads\/2024\/05\/20220910_1054252581026081364705573-scaled-e1662808325112.jpg","type":"image\/jpeg"}],"twitter_card":"summary_large_image","twitter_misc":{"Estimated reading time":"1 minute"},"schema":{"@context":"https:\/\/schema.org","@graph":[{"@type":"WebPage","@id":"https:\/\/skaitytaknyga.lt\/produktas\/vasara-inovatyvi-programa-xxi-a-tevams-ir-pedagogams-kad-vaikai-augtu-laisvi-ir-kurybingii\/","url":"https:\/\/skaitytaknyga.lt\/produktas\/vasara-inovatyvi-programa-xxi-a-tevams-ir-pedagogams-kad-vaikai-augtu-laisvi-ir-kurybingii\/","name":"Vasara: inovatyvi programa XXI a. t\u0117vams ir pedagogams. Kad vaikai augt\u0173 laisvi ir k\u016brybingi!I - Skaitytaknyga","isPartOf":{"@id":"https:\/\/skaitytaknyga.lt\/#website"},"primaryImageOfPage":{"@id":"https:\/\/skaitytaknyga.lt\/produktas\/vasara-inovatyvi-programa-xxi-a-tevams-ir-pedagogams-kad-vaikai-augtu-laisvi-ir-kurybingii\/#primaryimage"},"image":{"@id":"https:\/\/skaitytaknyga.lt\/produktas\/vasara-inovatyvi-programa-xxi-a-tevams-ir-pedagogams-kad-vaikai-augtu-laisvi-ir-kurybingii\/#primaryimage"},"thumbnailUrl":"https:\/\/skaitytaknyga.lt\/wp-content\/uploads\/2024\/05\/20220910_1054252581026081364705573-scaled-e1662808325112.jpg","datePublished":"2024-05-04T18:18:41+00:00","dateModified":"2024-05-04T18:22:02+00:00","description":"\u0160i knyga \u2013 langas \u012f tai, kaip galime s\u0117kmingai ugdyti vaik\u0105, atsi\u017evelgdami \u012f jo am\u017eiaus tarpsni\u0173 ypatumus ir naujausius mokslinius tyrimus. Prad\u0117jusi dirbti su ikimokyklinio am\u017eiaus vaikais (o v\u0117liau ir pradinukais) pasteb\u0117jau, kad vaikai ugdomi nenat\u016braliai \u2013 tarsi vaikas kiaur\u0105 dien\u0105 lankyt\u0173 daugyb\u0119 b\u016breli\u0173. Matematika, dail\u0117, k\u016bno kult\u016bra, lietuvi\u0173 kalba, angl\u0173 kalba, muzika, pasaulio pa\u017einimas \u2013 tarpusavyje nesusij\u0119 dalykai: skai\u010diuojame varnas, dainuojame apie kates, o per pasaulio pa\u017einim\u0105 kalbame apie \u0105\u017euolus. Stebint vaikus, gilinantis \u012f \u012fvairi\u0173 mokslinink\u0173 darbus, gim\u0117 kontekstinio ugdymo id\u0117ja. Vaikams b\u016btina ne tik ai\u0161ki strukt\u016bra, bet ir k\u016brybin\u0117 laisv\u0117, o vis\u0105 ugdymo(si) keli\u0105 turi jungti bendros temos. Kvie\u010diu augti kartu su vaiku \u2013 \u017eaismingai ir prasmingai, atsi\u017evelgiant \u012f aplinkos bei kult\u016brin\u012f kontekst\u0105. Met\u0173 laikai \u0161iose knygose jums atsiskleis visu gro\u017eiu ir paliks prisiminimus apie tai, kokie jie buvo turiningi ir kiek daug pad\u0117jo i\u0161mokti. Aust\u0117ja Landsbergien\u0117","breadcrumb":{"@id":"https:\/\/skaitytaknyga.lt\/produktas\/vasara-inovatyvi-programa-xxi-a-tevams-ir-pedagogams-kad-vaikai-augtu-laisvi-ir-kurybingii\/#breadcrumb"},"inLanguage":"en-GB","potentialAction":[{"@type":"ReadAction","target":["https:\/\/skaitytaknyga.lt\/produktas\/vasara-inovatyvi-programa-xxi-a-tevams-ir-pedagogams-kad-vaikai-augtu-laisvi-ir-kurybingii\/"]}]},{"@type":"ImageObject","inLanguage":"en-GB","@id":"https:\/\/skaitytaknyga.lt\/produktas\/vasara-inovatyvi-programa-xxi-a-tevams-ir-pedagogams-kad-vaikai-augtu-laisvi-ir-kurybingii\/#primaryimage","url":"https:\/\/skaitytaknyga.lt\/wp-content\/uploads\/2024\/05\/20220910_1054252581026081364705573-scaled-e1662808325112.jpg","contentUrl":"https:\/\/skaitytaknyga.lt\/wp-content\/uploads\/2024\/05\/20220910_1054252581026081364705573-scaled-e1662808325112.jpg","width":2560,"height":2560},{"@type":"BreadcrumbList","@id":"https:\/\/skaitytaknyga.lt\/produktas\/vasara-inovatyvi-programa-xxi-a-tevams-ir-pedagogams-kad-vaikai-augtu-laisvi-ir-kurybingii\/#breadcrumb","itemListElement":[{"@type":"ListItem","position":1,"name":"Home","item":"https:\/\/skaitytaknyga.lt\/"},{"@type":"ListItem","position":2,"name":"Parduotuv\u0117","item":"https:\/\/skaitytaknyga.lt\/knygu-parduotuve\/"},{"@type":"ListItem","position":3,"name":"Vasara: inovatyvi programa XXI a. t\u0117vams ir pedagogams. Kad vaikai augt\u0173 laisvi ir k\u016brybingi!I"}]},{"@type":"WebSite","@id":"https:\/\/skaitytaknyga.lt\/#website","url":"https:\/\/skaitytaknyga.lt\/","name":"skaitytaknyga.lt","description":"Skaitytaknyga.lt \u2013 tai ma\u017eas \u0161eimos verslas, kuris prasid\u0117jo nuo meil\u0117s knygoms ir siekio i\u0161gelb\u0117ti knygas nuo likimo prie konteinerio. Kas vienam nereikalingas daiktas \u2013 kitam lobis, o mes esame tarpininkai, kurie padeda abiems tapti laimingesniems ???? \u017dinome kaip nelengva i\u0161gyventi ma\u017eiems verslams, tad nuo \u0161iol, \u010dia rasite ir kit\u0173, ma\u017e\u0173 \u0161eim\u0173 versl\u0173, rank\u0173 darbo, dovan\u0173 sau ir artimiesiems.","publisher":{"@id":"https:\/\/skaitytaknyga.lt\/#organization"},"potentialAction":[{"@type":"SearchAction","target":{"@type":"EntryPoint","urlTemplate":"https:\/\/skaitytaknyga.lt\/?s={search_term_string}"},"query-input":{"@type":"PropertyValueSpecification","valueRequired":true,"valueName":"search_term_string"}}],"inLanguage":"en-GB"},{"@type":"Organization","@id":"https:\/\/skaitytaknyga.lt\/#organization","name":"skaitytaknyga.lt","url":"https:\/\/skaitytaknyga.lt\/","logo":{"@type":"ImageObject","inLanguage":"en-GB","@id":"https:\/\/skaitytaknyga.lt\/#\/schema\/logo\/image\/","url":"https:\/\/skaitytaknyga.lt\/wp-content\/uploads\/2024\/05\/cropped-cropped-cropped-02_00843_jt3bggkj1j3HLc7SyY6rEUpg.jpeg","contentUrl":"https:\/\/skaitytaknyga.lt\/wp-content\/uploads\/2024\/05\/cropped-cropped-cropped-02_00843_jt3bggkj1j3HLc7SyY6rEUpg.jpeg","width":1600,"height":1600,"caption":"skaitytaknyga.lt"},"image":{"@id":"https:\/\/skaitytaknyga.lt\/#\/schema\/logo\/image\/"},"sameAs":["https:\/\/www.facebook.com\/skaitytaknyga\/"]}]}},"_links":{"self":[{"href":"https:\/\/skaitytaknyga.lt\/en\/wp-json\/wp\/v2\/product\/10509","targetHints":{"allow":["GET"]}}],"collection":[{"href":"https:\/\/skaitytaknyga.lt\/en\/wp-json\/wp\/v2\/product"}],"about":[{"href":"https:\/\/skaitytaknyga.lt\/en\/wp-json\/wp\/v2\/types\/product"}],"replies":[{"embeddable":true,"href":"https:\/\/skaitytaknyga.lt\/en\/wp-json\/wp\/v2\/comments?post=10509"}],"wp:featuredmedia":[{"embeddable":true,"href":"https:\/\/skaitytaknyga.lt\/en\/wp-json\/wp\/v2\/media\/10558"}],"wp:attachment":[{"href":"https:\/\/skaitytaknyga.lt\/en\/wp-json\/wp\/v2\/media?parent=10509"}],"wp:term":[{"taxonomy":"product_brand","embeddable":true,"href":"https:\/\/skaitytaknyga.lt\/en\/wp-json\/wp\/v2\/product_brand?post=10509"},{"taxonomy":"product_cat","embeddable":true,"href":"https:\/\/skaitytaknyga.lt\/en\/wp-json\/wp\/v2\/product_cat?post=10509"},{"taxonomy":"product_tag","embeddable":true,"href":"https:\/\/skaitytaknyga.lt\/en\/wp-json\/wp\/v2\/product_tag?post=10509"}],"curies":[{"name":"wp","href":"https:\/\/api.w.org\/{rel}","templated":true}]}}