{"id":10501,"date":"2024-05-04T18:18:18","date_gmt":"2024-05-04T18:18:18","guid":{"rendered":"https:\/\/skaitytaknyga.lt\/?post_type=product&#038;p=10501"},"modified":"2025-07-03T15:29:50","modified_gmt":"2025-07-03T12:29:50","slug":"ruta-vanagaite-jis","status":"publish","type":"product","link":"https:\/\/skaitytaknyga.lt\/en\/produktas\/ruta-vanagaite-jis\/","title":{"rendered":"R\u016bta Vanagait\u0117 &#8220;Jis&#8221;"},"content":{"rendered":"<p><strong>\u201eJis&#8221;<\/strong>\u00a0\u2013 knyga apie vyro k\u016bn\u0105 ir siel\u0105, skirta moterims. R\u016bta Vanagait\u0117 dalijasi savo gyvenimi\u0161ka patirtimi siekdama, kad skaitytojos geriau suprast\u0173 savo gyvenimo vyrus \u2013 t\u0117vus, brolius, mylimuosius ir s\u016bnus. Kad suprasdamos juos labiau myl\u0117t\u0173 ir pa\u010dios b\u016bt\u0173 \u0161alia j\u0173 laimingesn\u0117s.<\/p>\n","protected":false},"excerpt":{"rendered":"<p><strong>\u201eJis&#8221;<\/strong>\u00a0\u2013 knyga apie vyro k\u016bn\u0105 ir siel\u0105, skirta moterims. R\u016bta Vanagait\u0117 dalijasi savo gyvenimi\u0161ka patirtimi siekdama, kad skaitytojos geriau suprast\u0173 savo gyvenimo vyrus \u2013 t\u0117vus, brolius, mylimuosius ir s\u016bnus. Kad suprasdamos juos labiau myl\u0117t\u0173 ir pa\u010dios b\u016bt\u0173 \u0161alia j\u0173 laimingesn\u0117s.<\/p>\n","protected":false},"featured_media":10550,"comment_status":"closed","ping_status":"closed","template":"","meta":{"_acf_changed":false,"site-sidebar-layout":"default","site-content-layout":"","ast-site-content-layout":"default","site-content-style":"default","site-sidebar-style":"default","ast-global-header-display":"","ast-banner-title-visibility":"","ast-main-header-display":"","ast-hfb-above-header-display":"","ast-hfb-below-header-display":"","ast-hfb-mobile-header-display":"","site-post-title":"","ast-breadcrumbs-content":"","ast-featured-img":"","footer-sml-layout":"","ast-disable-related-posts":"","theme-transparent-header-meta":"","adv-header-id-meta":"","stick-header-meta":"","header-above-stick-meta":"","header-main-stick-meta":"","header-below-stick-meta":"","astra-migrate-meta-layouts":"default","ast-page-background-enabled":"default","ast-page-background-meta":{"desktop":{"background-color":"","background-image":"","background-repeat":"repeat","background-position":"center center","background-size":"auto","background-attachment":"scroll","background-type":"","background-media":"","overlay-type":"","overlay-color":"","overlay-opacity":"","overlay-gradient":""},"tablet":{"background-color":"","background-image":"","background-repeat":"repeat","background-position":"center center","background-size":"auto","background-attachment":"scroll","background-type":"","background-media":"","overlay-type":"","overlay-color":"","overlay-opacity":"","overlay-gradient":""},"mobile":{"background-color":"","background-image":"","background-repeat":"repeat","background-position":"center center","background-size":"auto","background-attachment":"scroll","background-type":"","background-media":"","overlay-type":"","overlay-color":"","overlay-opacity":"","overlay-gradient":""}},"ast-content-background-meta":{"desktop":{"background-color":"var(--ast-global-color-4)","background-image":"","background-repeat":"repeat","background-position":"center center","background-size":"auto","background-attachment":"scroll","background-type":"","background-media":"","overlay-type":"","overlay-color":"","overlay-opacity":"","overlay-gradient":""},"tablet":{"background-color":"var(--ast-global-color-4)","background-image":"","background-repeat":"repeat","background-position":"center center","background-size":"auto","background-attachment":"scroll","background-type":"","background-media":"","overlay-type":"","overlay-color":"","overlay-opacity":"","overlay-gradient":""},"mobile":{"background-color":"var(--ast-global-color-4)","background-image":"","background-repeat":"repeat","background-position":"center center","background-size":"auto","background-attachment":"scroll","background-type":"","background-media":"","overlay-type":"","overlay-color":"","overlay-opacity":"","overlay-gradient":""}}},"product_brand":[],"product_cat":[30],"product_tag":[],"class_list":{"0":"post-10501","1":"product","2":"type-product","3":"status-publish","4":"has-post-thumbnail","6":"product_cat-psichologija-ir-saviugda","7":"desktop-align-left","8":"tablet-align-left","9":"mobile-align-left","11":"first","12":"instock","13":"shipping-taxable","14":"purchasable","15":"product-type-simple"},"acf":[],"yoast_head":"<!-- This site is optimized with the Yoast SEO plugin v27.4 - https:\/\/yoast.com\/product\/yoast-seo-wordpress\/ -->\n<title>R\u016bta Vanagait\u0117 &quot;Jis&quot;<\/title>\n<meta name=\"description\" content=\"\u201eJis&quot;\u00a0\u2013 knyga apie vyro k\u016bn\u0105 ir siel\u0105, skirta moterims. R\u016bta Vanagait\u0117 dalijasi savo gyvenimi\u0161ka patirtimi siekdama, kad skaitytojos geriau suprast\u0173 savo gyvenimo vyrus \u2013 t\u0117vus, brolius, mylimuosius ir s\u016bnus. Kad suprasdamos juos labiau myl\u0117t\u0173 ir pa\u010dios b\u016bt\u0173 \u0161alia j\u0173 laimingesn\u0117s.\" \/>\n<meta name=\"robots\" content=\"index, follow, max-snippet:-1, max-image-preview:large, max-video-preview:-1\" \/>\n<link rel=\"canonical\" href=\"https:\/\/skaitytaknyga.lt\/en\/produktas\/ruta-vanagaite-jis\/\" \/>\n<meta property=\"og:locale\" content=\"en_GB\" \/>\n<meta property=\"og:locale:alternate\" content=\"lt_LT\" \/>\n<meta property=\"og:type\" content=\"article\" \/>\n<meta property=\"og:title\" content=\"R\u016bta Vanagait\u0117 &quot;Jis&quot;\" \/>\n<meta property=\"og:description\" content=\"\u201eJis&quot;\u00a0\u2013 knyga apie vyro k\u016bn\u0105 ir siel\u0105, skirta moterims. R\u016bta Vanagait\u0117 dalijasi savo gyvenimi\u0161ka patirtimi siekdama, kad skaitytojos geriau suprast\u0173 savo gyvenimo vyrus \u2013 t\u0117vus, brolius, mylimuosius ir s\u016bnus. Kad suprasdamos juos labiau myl\u0117t\u0173 ir pa\u010dios b\u016bt\u0173 \u0161alia j\u0173 laimingesn\u0117s.\" \/>\n<meta property=\"og:url\" content=\"https:\/\/skaitytaknyga.lt\/en\/produktas\/ruta-vanagaite-jis\/\" \/>\n<meta property=\"og:site_name\" content=\"Skaitytaknyga\" \/>\n<meta property=\"article:publisher\" content=\"https:\/\/www.facebook.com\/skaitytaknyga\/\" \/>\n<meta property=\"article:modified_time\" content=\"2025-07-03T12:29:50+00:00\" \/>\n<meta property=\"og:image\" content=\"https:\/\/skaitytaknyga.lt\/wp-content\/uploads\/2024\/05\/1475739894_jis.webp\" \/>\n\t<meta property=\"og:image:width\" content=\"507\" \/>\n\t<meta property=\"og:image:height\" content=\"739\" \/>\n\t<meta property=\"og:image:type\" content=\"image\/webp\" \/>\n<meta name=\"twitter:card\" content=\"summary_large_image\" \/>\n<script type=\"application\/ld+json\" class=\"yoast-schema-graph\">{\"@context\":\"https:\\\/\\\/schema.org\",\"@graph\":[{\"@type\":\"WebPage\",\"@id\":\"https:\\\/\\\/skaitytaknyga.lt\\\/produktas\\\/ruta-vanagaite-jis\\\/\",\"url\":\"https:\\\/\\\/skaitytaknyga.lt\\\/produktas\\\/ruta-vanagaite-jis\\\/\",\"name\":\"R\u016bta Vanagait\u0117 \\\"Jis\\\"\",\"isPartOf\":{\"@id\":\"https:\\\/\\\/skaitytaknyga.lt\\\/#website\"},\"primaryImageOfPage\":{\"@id\":\"https:\\\/\\\/skaitytaknyga.lt\\\/produktas\\\/ruta-vanagaite-jis\\\/#primaryimage\"},\"image\":{\"@id\":\"https:\\\/\\\/skaitytaknyga.lt\\\/produktas\\\/ruta-vanagaite-jis\\\/#primaryimage\"},\"thumbnailUrl\":\"https:\\\/\\\/skaitytaknyga.lt\\\/wp-content\\\/uploads\\\/2024\\\/05\\\/1475739894_jis.webp\",\"datePublished\":\"2024-05-04T18:18:18+00:00\",\"dateModified\":\"2025-07-03T12:29:50+00:00\",\"description\":\"\u201eJis\\\"\u00a0\u2013 knyga apie vyro k\u016bn\u0105 ir siel\u0105, skirta moterims. R\u016bta Vanagait\u0117 dalijasi savo gyvenimi\u0161ka patirtimi siekdama, kad skaitytojos geriau suprast\u0173 savo gyvenimo vyrus \u2013 t\u0117vus, brolius, mylimuosius ir s\u016bnus. Kad suprasdamos juos labiau myl\u0117t\u0173 ir pa\u010dios b\u016bt\u0173 \u0161alia j\u0173 laimingesn\u0117s.\",\"breadcrumb\":{\"@id\":\"https:\\\/\\\/skaitytaknyga.lt\\\/produktas\\\/ruta-vanagaite-jis\\\/#breadcrumb\"},\"inLanguage\":\"en-GB\",\"potentialAction\":[{\"@type\":\"ReadAction\",\"target\":[\"https:\\\/\\\/skaitytaknyga.lt\\\/produktas\\\/ruta-vanagaite-jis\\\/\"]}]},{\"@type\":\"ImageObject\",\"inLanguage\":\"en-GB\",\"@id\":\"https:\\\/\\\/skaitytaknyga.lt\\\/produktas\\\/ruta-vanagaite-jis\\\/#primaryimage\",\"url\":\"https:\\\/\\\/skaitytaknyga.lt\\\/wp-content\\\/uploads\\\/2024\\\/05\\\/1475739894_jis.webp\",\"contentUrl\":\"https:\\\/\\\/skaitytaknyga.lt\\\/wp-content\\\/uploads\\\/2024\\\/05\\\/1475739894_jis.webp\",\"width\":507,\"height\":739},{\"@type\":\"BreadcrumbList\",\"@id\":\"https:\\\/\\\/skaitytaknyga.lt\\\/produktas\\\/ruta-vanagaite-jis\\\/#breadcrumb\",\"itemListElement\":[{\"@type\":\"ListItem\",\"position\":1,\"name\":\"Home\",\"item\":\"https:\\\/\\\/skaitytaknyga.lt\\\/\"},{\"@type\":\"ListItem\",\"position\":2,\"name\":\"Parduotuv\u0117\",\"item\":\"https:\\\/\\\/skaitytaknyga.lt\\\/knygu-parduotuve\\\/\"},{\"@type\":\"ListItem\",\"position\":3,\"name\":\"R\u016bta Vanagait\u0117 &#8220;Jis&#8221;\"}]},{\"@type\":\"WebSite\",\"@id\":\"https:\\\/\\\/skaitytaknyga.lt\\\/#website\",\"url\":\"https:\\\/\\\/skaitytaknyga.lt\\\/\",\"name\":\"skaitytaknyga.lt\",\"description\":\"Skaitytaknyga.lt \u2013 tai ma\u017eas \u0161eimos verslas, kuris prasid\u0117jo nuo meil\u0117s knygoms ir siekio i\u0161gelb\u0117ti knygas nuo likimo prie konteinerio. Kas vienam nereikalingas daiktas \u2013 kitam lobis, o mes esame tarpininkai, kurie padeda abiems tapti laimingesniems ???? \u017dinome kaip nelengva i\u0161gyventi ma\u017eiems verslams, tad nuo \u0161iol, \u010dia rasite ir kit\u0173, ma\u017e\u0173 \u0161eim\u0173 versl\u0173, rank\u0173 darbo, dovan\u0173 sau ir artimiesiems.\",\"publisher\":{\"@id\":\"https:\\\/\\\/skaitytaknyga.lt\\\/#organization\"},\"potentialAction\":[{\"@type\":\"SearchAction\",\"target\":{\"@type\":\"EntryPoint\",\"urlTemplate\":\"https:\\\/\\\/skaitytaknyga.lt\\\/?s={search_term_string}\"},\"query-input\":{\"@type\":\"PropertyValueSpecification\",\"valueRequired\":true,\"valueName\":\"search_term_string\"}}],\"inLanguage\":\"en-GB\"},{\"@type\":\"Organization\",\"@id\":\"https:\\\/\\\/skaitytaknyga.lt\\\/#organization\",\"name\":\"skaitytaknyga.lt\",\"url\":\"https:\\\/\\\/skaitytaknyga.lt\\\/\",\"logo\":{\"@type\":\"ImageObject\",\"inLanguage\":\"en-GB\",\"@id\":\"https:\\\/\\\/skaitytaknyga.lt\\\/#\\\/schema\\\/logo\\\/image\\\/\",\"url\":\"https:\\\/\\\/skaitytaknyga.lt\\\/wp-content\\\/uploads\\\/2024\\\/05\\\/cropped-cropped-cropped-02_00843_jt3bggkj1j3HLc7SyY6rEUpg.jpeg\",\"contentUrl\":\"https:\\\/\\\/skaitytaknyga.lt\\\/wp-content\\\/uploads\\\/2024\\\/05\\\/cropped-cropped-cropped-02_00843_jt3bggkj1j3HLc7SyY6rEUpg.jpeg\",\"width\":1600,\"height\":1600,\"caption\":\"skaitytaknyga.lt\"},\"image\":{\"@id\":\"https:\\\/\\\/skaitytaknyga.lt\\\/#\\\/schema\\\/logo\\\/image\\\/\"},\"sameAs\":[\"https:\\\/\\\/www.facebook.com\\\/skaitytaknyga\\\/\"]}]}<\/script>\n<!-- \/ Yoast SEO plugin. -->","yoast_head_json":{"title":"R\u016bta Vanagait\u0117 \"Jis\"","description":"\u201eJis\"\u00a0\u2013 knyga apie vyro k\u016bn\u0105 ir siel\u0105, skirta moterims. R\u016bta Vanagait\u0117 dalijasi savo gyvenimi\u0161ka patirtimi siekdama, kad skaitytojos geriau suprast\u0173 savo gyvenimo vyrus \u2013 t\u0117vus, brolius, mylimuosius ir s\u016bnus. Kad suprasdamos juos labiau myl\u0117t\u0173 ir pa\u010dios b\u016bt\u0173 \u0161alia j\u0173 laimingesn\u0117s.","robots":{"index":"index","follow":"follow","max-snippet":"max-snippet:-1","max-image-preview":"max-image-preview:large","max-video-preview":"max-video-preview:-1"},"canonical":"https:\/\/skaitytaknyga.lt\/en\/produktas\/ruta-vanagaite-jis\/","og_locale":"en_GB","og_type":"article","og_title":"[:lt]R\u016bta Vanagait\u0117 \"Jis\"[:] - Skaitytaknyga","og_description":"\u201eJis\"\u00a0\u2013 knyga apie vyro k\u016bn\u0105 ir siel\u0105, skirta moterims. R\u016bta Vanagait\u0117 dalijasi savo gyvenimi\u0161ka patirtimi siekdama, kad skaitytojos geriau suprast\u0173 savo gyvenimo vyrus \u2013 t\u0117vus, brolius, mylimuosius ir s\u016bnus. Kad suprasdamos juos labiau myl\u0117t\u0173 ir pa\u010dios b\u016bt\u0173 \u0161alia j\u0173 laimingesn\u0117s.","og_url":"https:\/\/skaitytaknyga.lt\/en\/produktas\/ruta-vanagaite-jis\/","og_site_name":"Skaitytaknyga","article_publisher":"https:\/\/www.facebook.com\/skaitytaknyga\/","article_modified_time":"2025-07-03T12:29:50+00:00","og_image":[{"width":507,"height":739,"url":"https:\/\/skaitytaknyga.lt\/wp-content\/uploads\/2024\/05\/1475739894_jis.webp","type":"image\/webp"}],"twitter_card":"summary_large_image","schema":{"@context":"https:\/\/schema.org","@graph":[{"@type":"WebPage","@id":"https:\/\/skaitytaknyga.lt\/produktas\/ruta-vanagaite-jis\/","url":"https:\/\/skaitytaknyga.lt\/produktas\/ruta-vanagaite-jis\/","name":"R\u016bta Vanagait\u0117 \"Jis\"","isPartOf":{"@id":"https:\/\/skaitytaknyga.lt\/#website"},"primaryImageOfPage":{"@id":"https:\/\/skaitytaknyga.lt\/produktas\/ruta-vanagaite-jis\/#primaryimage"},"image":{"@id":"https:\/\/skaitytaknyga.lt\/produktas\/ruta-vanagaite-jis\/#primaryimage"},"thumbnailUrl":"https:\/\/skaitytaknyga.lt\/wp-content\/uploads\/2024\/05\/1475739894_jis.webp","datePublished":"2024-05-04T18:18:18+00:00","dateModified":"2025-07-03T12:29:50+00:00","description":"\u201eJis\"\u00a0\u2013 knyga apie vyro k\u016bn\u0105 ir siel\u0105, skirta moterims. R\u016bta Vanagait\u0117 dalijasi savo gyvenimi\u0161ka patirtimi siekdama, kad skaitytojos geriau suprast\u0173 savo gyvenimo vyrus \u2013 t\u0117vus, brolius, mylimuosius ir s\u016bnus. Kad suprasdamos juos labiau myl\u0117t\u0173 ir pa\u010dios b\u016bt\u0173 \u0161alia j\u0173 laimingesn\u0117s.","breadcrumb":{"@id":"https:\/\/skaitytaknyga.lt\/produktas\/ruta-vanagaite-jis\/#breadcrumb"},"inLanguage":"en-GB","potentialAction":[{"@type":"ReadAction","target":["https:\/\/skaitytaknyga.lt\/produktas\/ruta-vanagaite-jis\/"]}]},{"@type":"ImageObject","inLanguage":"en-GB","@id":"https:\/\/skaitytaknyga.lt\/produktas\/ruta-vanagaite-jis\/#primaryimage","url":"https:\/\/skaitytaknyga.lt\/wp-content\/uploads\/2024\/05\/1475739894_jis.webp","contentUrl":"https:\/\/skaitytaknyga.lt\/wp-content\/uploads\/2024\/05\/1475739894_jis.webp","width":507,"height":739},{"@type":"BreadcrumbList","@id":"https:\/\/skaitytaknyga.lt\/produktas\/ruta-vanagaite-jis\/#breadcrumb","itemListElement":[{"@type":"ListItem","position":1,"name":"Home","item":"https:\/\/skaitytaknyga.lt\/"},{"@type":"ListItem","position":2,"name":"Parduotuv\u0117","item":"https:\/\/skaitytaknyga.lt\/knygu-parduotuve\/"},{"@type":"ListItem","position":3,"name":"R\u016bta Vanagait\u0117 &#8220;Jis&#8221;"}]},{"@type":"WebSite","@id":"https:\/\/skaitytaknyga.lt\/#website","url":"https:\/\/skaitytaknyga.lt\/","name":"skaitytaknyga.lt","description":"Skaitytaknyga.lt \u2013 tai ma\u017eas \u0161eimos verslas, kuris prasid\u0117jo nuo meil\u0117s knygoms ir siekio i\u0161gelb\u0117ti knygas nuo likimo prie konteinerio. Kas vienam nereikalingas daiktas \u2013 kitam lobis, o mes esame tarpininkai, kurie padeda abiems tapti laimingesniems ???? \u017dinome kaip nelengva i\u0161gyventi ma\u017eiems verslams, tad nuo \u0161iol, \u010dia rasite ir kit\u0173, ma\u017e\u0173 \u0161eim\u0173 versl\u0173, rank\u0173 darbo, dovan\u0173 sau ir artimiesiems.","publisher":{"@id":"https:\/\/skaitytaknyga.lt\/#organization"},"potentialAction":[{"@type":"SearchAction","target":{"@type":"EntryPoint","urlTemplate":"https:\/\/skaitytaknyga.lt\/?s={search_term_string}"},"query-input":{"@type":"PropertyValueSpecification","valueRequired":true,"valueName":"search_term_string"}}],"inLanguage":"en-GB"},{"@type":"Organization","@id":"https:\/\/skaitytaknyga.lt\/#organization","name":"skaitytaknyga.lt","url":"https:\/\/skaitytaknyga.lt\/","logo":{"@type":"ImageObject","inLanguage":"en-GB","@id":"https:\/\/skaitytaknyga.lt\/#\/schema\/logo\/image\/","url":"https:\/\/skaitytaknyga.lt\/wp-content\/uploads\/2024\/05\/cropped-cropped-cropped-02_00843_jt3bggkj1j3HLc7SyY6rEUpg.jpeg","contentUrl":"https:\/\/skaitytaknyga.lt\/wp-content\/uploads\/2024\/05\/cropped-cropped-cropped-02_00843_jt3bggkj1j3HLc7SyY6rEUpg.jpeg","width":1600,"height":1600,"caption":"skaitytaknyga.lt"},"image":{"@id":"https:\/\/skaitytaknyga.lt\/#\/schema\/logo\/image\/"},"sameAs":["https:\/\/www.facebook.com\/skaitytaknyga\/"]}]}},"_links":{"self":[{"href":"https:\/\/skaitytaknyga.lt\/en\/wp-json\/wp\/v2\/product\/10501","targetHints":{"allow":["GET"]}}],"collection":[{"href":"https:\/\/skaitytaknyga.lt\/en\/wp-json\/wp\/v2\/product"}],"about":[{"href":"https:\/\/skaitytaknyga.lt\/en\/wp-json\/wp\/v2\/types\/product"}],"replies":[{"embeddable":true,"href":"https:\/\/skaitytaknyga.lt\/en\/wp-json\/wp\/v2\/comments?post=10501"}],"wp:featuredmedia":[{"embeddable":true,"href":"https:\/\/skaitytaknyga.lt\/en\/wp-json\/wp\/v2\/media\/10550"}],"wp:attachment":[{"href":"https:\/\/skaitytaknyga.lt\/en\/wp-json\/wp\/v2\/media?parent=10501"}],"wp:term":[{"taxonomy":"product_brand","embeddable":true,"href":"https:\/\/skaitytaknyga.lt\/en\/wp-json\/wp\/v2\/product_brand?post=10501"},{"taxonomy":"product_cat","embeddable":true,"href":"https:\/\/skaitytaknyga.lt\/en\/wp-json\/wp\/v2\/product_cat?post=10501"},{"taxonomy":"product_tag","embeddable":true,"href":"https:\/\/skaitytaknyga.lt\/en\/wp-json\/wp\/v2\/product_tag?post=10501"}],"curies":[{"name":"wp","href":"https:\/\/api.w.org\/{rel}","templated":true}]}}