{"id":10500,"date":"2024-05-04T18:18:17","date_gmt":"2024-05-04T18:18:17","guid":{"rendered":"https:\/\/skaitytaknyga.lt\/?post_type=product&#038;p=10500"},"modified":"2024-05-04T18:21:08","modified_gmt":"2024-05-04T18:21:08","slug":"tapatybes-kryzkeleje-tarp-vokiskumo-ir-lietuvybes-1932-1940-m","status":"publish","type":"product","link":"https:\/\/skaitytaknyga.lt\/en\/produktas\/tapatybes-kryzkeleje-tarp-vokiskumo-ir-lietuvybes-1932-1940-m\/","title":{"rendered":"Tapatyb\u0117s kry\u017ekel\u0117je: tarp voki\u0161kumo ir lietuvyb\u0117s 1932\u20131940 m."},"content":{"rendered":"<p>Autobiografin\u0117je knygoje\u00a0<b>\u201eTapatyb\u0117s kry\u017ekel\u0117je. Tarp voki\u0161kumo ir lietuvyb\u0117s 1932-1940 m.<\/b>\u201c i\u0161 Klaip\u0117dos kra\u0161to kil\u0119s Erikas Pemp\u0117 tre\u010diuoju asmeniu pasakoja savo gyvenimo istorij\u0105. Gim\u0119s lietuvi\u0173 kilm\u0117s \u0161eimoje, bet aukl\u0117tas vokie\u010diu, 1923 m., kai Klaip\u0117dos kra\u0161tas atitenka Lietuvai, autorius atsiduria tautin\u0117s tapatyb\u0117s paie\u0161k\u0173 kry\u017ekel\u0117je ir turi pasirinkti: vokietis jis ar lietuvis?<\/p>\n<p>Pasirink\u0119s lojalum\u0105 Lietuvai, pripa\u017ein\u0119s pirmin\u012f gimtojo kra\u0161to ir savo paties kilm\u0117s lietuvi\u0161kum\u0105, autorius susiduria su rimtais i\u0161\u0161\u016bkiais. Vokie\u010diai j\u012f laik\u0117 i\u0161daviku, o dalis lietuvi\u0173 \u2013 lojalumo stokojan\u010diu \u201ememelenderiu\u201c. Knygoje \u201eTapatyb\u0117s kry\u017ekel\u0117je. Tarp voki\u0161kumo ir lietuvyb\u0117s 1932-1940 m.\u201c E. Pemp\u0117 vaizdingai apra\u0161o savo virsm\u0105, abejones, mokslus, darb\u0105 fizin\u0117s kult\u016bros mokytoju. \u012evykiai rutuliojasi sud\u0117tingu Lietuvai laikotarpiu: tarpukariu, Hitleriui apsilankius Klaip\u0117doje ir atpl\u0117\u0161us miest\u0105 1939 m. kov\u0105, per soviet\u0173 okupacij\u01051940-aisiais.<\/p>\n","protected":false},"excerpt":{"rendered":"<p>Autobiografin\u0117je knygoje\u00a0<b>\u201eTapatyb\u0117s kry\u017ekel\u0117je. Tarp voki\u0161kumo ir lietuvyb\u0117s 1932-1940 m.<\/b>\u201c i\u0161 Klaip\u0117dos kra\u0161to kil\u0119s Erikas Pemp\u0117 tre\u010diuoju asmeniu pasakoja savo gyvenimo istorij\u0105. Gim\u0119s lietuvi\u0173 kilm\u0117s \u0161eimoje, bet aukl\u0117tas vokie\u010diu, 1923 m., kai Klaip\u0117dos kra\u0161tas atitenka Lietuvai, autorius atsiduria tautin\u0117s tapatyb\u0117s paie\u0161k\u0173 kry\u017ekel\u0117je ir turi pasirinkti: vokietis jis ar lietuvis?<\/p>\n<p>Pasirink\u0119s lojalum\u0105 Lietuvai, pripa\u017ein\u0119s pirmin\u012f gimtojo kra\u0161to ir savo paties kilm\u0117s lietuvi\u0161kum\u0105, autorius susiduria su rimtais i\u0161\u0161\u016bkiais. Vokie\u010diai j\u012f laik\u0117 i\u0161daviku, o dalis lietuvi\u0173 \u2013 lojalumo stokojan\u010diu \u201ememelenderiu\u201c. Knygoje \u201eTapatyb\u0117s kry\u017ekel\u0117je. Tarp voki\u0161kumo ir lietuvyb\u0117s 1932-1940 m.\u201c E. Pemp\u0117 vaizdingai apra\u0161o savo virsm\u0105, abejones, mokslus, darb\u0105 fizin\u0117s kult\u016bros mokytoju. \u012evykiai rutuliojasi sud\u0117tingu Lietuvai laikotarpiu: tarpukariu, Hitleriui apsilankius Klaip\u0117doje ir atpl\u0117\u0161us miest\u0105 1939 m. kov\u0105, per soviet\u0173 okupacij\u01051940-aisiais.<\/p>\n","protected":false},"featured_media":10549,"comment_status":"closed","ping_status":"closed","template":"","meta":{"_acf_changed":false,"site-sidebar-layout":"default","site-content-layout":"","ast-site-content-layout":"default","site-content-style":"default","site-sidebar-style":"default","ast-global-header-display":"","ast-banner-title-visibility":"","ast-main-header-display":"","ast-hfb-above-header-display":"","ast-hfb-below-header-display":"","ast-hfb-mobile-header-display":"","site-post-title":"","ast-breadcrumbs-content":"","ast-featured-img":"","footer-sml-layout":"","ast-disable-related-posts":"","theme-transparent-header-meta":"","adv-header-id-meta":"","stick-header-meta":"","header-above-stick-meta":"","header-main-stick-meta":"","header-below-stick-meta":"","astra-migrate-meta-layouts":"default","ast-page-background-enabled":"default","ast-page-background-meta":{"desktop":{"background-color":"","background-image":"","background-repeat":"repeat","background-position":"center center","background-size":"auto","background-attachment":"scroll","background-type":"","background-media":"","overlay-type":"","overlay-color":"","overlay-opacity":"","overlay-gradient":""},"tablet":{"background-color":"","background-image":"","background-repeat":"repeat","background-position":"center center","background-size":"auto","background-attachment":"scroll","background-type":"","background-media":"","overlay-type":"","overlay-color":"","overlay-opacity":"","overlay-gradient":""},"mobile":{"background-color":"","background-image":"","background-repeat":"repeat","background-position":"center center","background-size":"auto","background-attachment":"scroll","background-type":"","background-media":"","overlay-type":"","overlay-color":"","overlay-opacity":"","overlay-gradient":""}},"ast-content-background-meta":{"desktop":{"background-color":"var(--ast-global-color-4)","background-image":"","background-repeat":"repeat","background-position":"center center","background-size":"auto","background-attachment":"scroll","background-type":"","background-media":"","overlay-type":"","overlay-color":"","overlay-opacity":"","overlay-gradient":""},"tablet":{"background-color":"var(--ast-global-color-4)","background-image":"","background-repeat":"repeat","background-position":"center center","background-size":"auto","background-attachment":"scroll","background-type":"","background-media":"","overlay-type":"","overlay-color":"","overlay-opacity":"","overlay-gradient":""},"mobile":{"background-color":"var(--ast-global-color-4)","background-image":"","background-repeat":"repeat","background-position":"center center","background-size":"auto","background-attachment":"scroll","background-type":"","background-media":"","overlay-type":"","overlay-color":"","overlay-opacity":"","overlay-gradient":""}}},"product_brand":[],"product_cat":[174],"product_tag":[],"class_list":{"0":"post-10500","1":"product","2":"type-product","3":"status-publish","4":"has-post-thumbnail","6":"product_cat-istorija-ir-politologija","7":"desktop-align-left","8":"tablet-align-left","9":"mobile-align-left","11":"first","12":"instock","13":"shipping-taxable","14":"purchasable","15":"product-type-simple"},"acf":[],"yoast_head":"<!-- This site is optimized with the Yoast SEO plugin v27.4 - https:\/\/yoast.com\/product\/yoast-seo-wordpress\/ -->\n<title>Tapatyb\u0117s kry\u017ekel\u0117je: tarp voki\u0161kumo ir lietuvyb\u0117s 1932\u20131940 m. - Skaitytaknyga<\/title>\n<meta name=\"description\" content=\"Autobiografin\u0117je knygoje\u00a0\u201eTapatyb\u0117s kry\u017ekel\u0117je. Tarp voki\u0161kumo ir lietuvyb\u0117s 1932-1940 m.\u201c i\u0161 Klaip\u0117dos kra\u0161to kil\u0119s Erikas Pemp\u0117 tre\u010diuoju asmeniu pasakoja savo gyvenimo istorij\u0105. Gim\u0119s lietuvi\u0173 kilm\u0117s \u0161eimoje, bet aukl\u0117tas vokie\u010diu, 1923 m., kai Klaip\u0117dos kra\u0161tas atitenka Lietuvai, autorius atsiduria tautin\u0117s tapatyb\u0117s paie\u0161k\u0173 kry\u017ekel\u0117je ir turi pasirinkti: vokietis jis ar lietuvis?  Pasirink\u0119s lojalum\u0105 Lietuvai, pripa\u017ein\u0119s pirmin\u012f gimtojo kra\u0161to ir savo paties kilm\u0117s lietuvi\u0161kum\u0105, autorius susiduria su rimtais i\u0161\u0161\u016bkiais. Vokie\u010diai j\u012f laik\u0117 i\u0161daviku, o dalis lietuvi\u0173 \u2013 lojalumo stokojan\u010diu \u201ememelenderiu\u201c. Knygoje \u201eTapatyb\u0117s kry\u017ekel\u0117je. Tarp voki\u0161kumo ir lietuvyb\u0117s 1932-1940 m.\u201c E. Pemp\u0117 vaizdingai apra\u0161o savo virsm\u0105, abejones, mokslus, darb\u0105 fizin\u0117s kult\u016bros mokytoju. \u012evykiai rutuliojasi sud\u0117tingu Lietuvai laikotarpiu: tarpukariu, Hitleriui apsilankius Klaip\u0117doje ir atpl\u0117\u0161us miest\u0105 1939 m. kov\u0105, per soviet\u0173 okupacij\u01051940-aisiais.\" \/>\n<meta name=\"robots\" content=\"index, follow, max-snippet:-1, max-image-preview:large, max-video-preview:-1\" \/>\n<link rel=\"canonical\" href=\"https:\/\/skaitytaknyga.lt\/en\/produktas\/tapatybes-kryzkeleje-tarp-vokiskumo-ir-lietuvybes-1932-1940-m\/\" \/>\n<meta property=\"og:locale\" content=\"en_GB\" \/>\n<meta property=\"og:locale:alternate\" content=\"lt_LT\" \/>\n<meta property=\"og:type\" content=\"article\" \/>\n<meta property=\"og:title\" content=\"Tapatyb\u0117s kry\u017ekel\u0117je: tarp voki\u0161kumo ir lietuvyb\u0117s 1932\u20131940 m. - Skaitytaknyga\" \/>\n<meta property=\"og:description\" content=\"Autobiografin\u0117je knygoje\u00a0\u201eTapatyb\u0117s kry\u017ekel\u0117je. Tarp voki\u0161kumo ir lietuvyb\u0117s 1932-1940 m.\u201c i\u0161 Klaip\u0117dos kra\u0161to kil\u0119s Erikas Pemp\u0117 tre\u010diuoju asmeniu pasakoja savo gyvenimo istorij\u0105. Gim\u0119s lietuvi\u0173 kilm\u0117s \u0161eimoje, bet aukl\u0117tas vokie\u010diu, 1923 m., kai Klaip\u0117dos kra\u0161tas atitenka Lietuvai, autorius atsiduria tautin\u0117s tapatyb\u0117s paie\u0161k\u0173 kry\u017ekel\u0117je ir turi pasirinkti: vokietis jis ar lietuvis?  Pasirink\u0119s lojalum\u0105 Lietuvai, pripa\u017ein\u0119s pirmin\u012f gimtojo kra\u0161to ir savo paties kilm\u0117s lietuvi\u0161kum\u0105, autorius susiduria su rimtais i\u0161\u0161\u016bkiais. Vokie\u010diai j\u012f laik\u0117 i\u0161daviku, o dalis lietuvi\u0173 \u2013 lojalumo stokojan\u010diu \u201ememelenderiu\u201c. Knygoje \u201eTapatyb\u0117s kry\u017ekel\u0117je. Tarp voki\u0161kumo ir lietuvyb\u0117s 1932-1940 m.\u201c E. Pemp\u0117 vaizdingai apra\u0161o savo virsm\u0105, abejones, mokslus, darb\u0105 fizin\u0117s kult\u016bros mokytoju. \u012evykiai rutuliojasi sud\u0117tingu Lietuvai laikotarpiu: tarpukariu, Hitleriui apsilankius Klaip\u0117doje ir atpl\u0117\u0161us miest\u0105 1939 m. kov\u0105, per soviet\u0173 okupacij\u01051940-aisiais.\" \/>\n<meta property=\"og:url\" content=\"https:\/\/skaitytaknyga.lt\/en\/produktas\/tapatybes-kryzkeleje-tarp-vokiskumo-ir-lietuvybes-1932-1940-m\/\" \/>\n<meta property=\"og:site_name\" content=\"Skaitytaknyga\" \/>\n<meta property=\"article:publisher\" content=\"https:\/\/www.facebook.com\/skaitytaknyga\/\" \/>\n<meta property=\"article:modified_time\" content=\"2024-05-04T18:21:08+00:00\" \/>\n<meta property=\"og:image\" content=\"https:\/\/skaitytaknyga.lt\/wp-content\/uploads\/2024\/05\/tapatybes-kryzkeleje-tarp-vokiskumo-ir-lietuvybes-1932-1940.jpg\" \/>\n\t<meta property=\"og:image:width\" content=\"600\" \/>\n\t<meta property=\"og:image:height\" content=\"857\" \/>\n\t<meta property=\"og:image:type\" content=\"image\/jpeg\" \/>\n<meta name=\"twitter:card\" content=\"summary_large_image\" \/>\n<meta name=\"twitter:label1\" content=\"Estimated reading time\" \/>\n\t<meta name=\"twitter:data1\" content=\"1 minute\" \/>\n<script type=\"application\/ld+json\" class=\"yoast-schema-graph\">{\"@context\":\"https:\\\/\\\/schema.org\",\"@graph\":[{\"@type\":\"WebPage\",\"@id\":\"https:\\\/\\\/skaitytaknyga.lt\\\/produktas\\\/tapatybes-kryzkeleje-tarp-vokiskumo-ir-lietuvybes-1932-1940-m\\\/\",\"url\":\"https:\\\/\\\/skaitytaknyga.lt\\\/produktas\\\/tapatybes-kryzkeleje-tarp-vokiskumo-ir-lietuvybes-1932-1940-m\\\/\",\"name\":\"Tapatyb\u0117s kry\u017ekel\u0117je: tarp voki\u0161kumo ir lietuvyb\u0117s 1932\u20131940 m. - Skaitytaknyga\",\"isPartOf\":{\"@id\":\"https:\\\/\\\/skaitytaknyga.lt\\\/#website\"},\"primaryImageOfPage\":{\"@id\":\"https:\\\/\\\/skaitytaknyga.lt\\\/produktas\\\/tapatybes-kryzkeleje-tarp-vokiskumo-ir-lietuvybes-1932-1940-m\\\/#primaryimage\"},\"image\":{\"@id\":\"https:\\\/\\\/skaitytaknyga.lt\\\/produktas\\\/tapatybes-kryzkeleje-tarp-vokiskumo-ir-lietuvybes-1932-1940-m\\\/#primaryimage\"},\"thumbnailUrl\":\"https:\\\/\\\/skaitytaknyga.lt\\\/wp-content\\\/uploads\\\/2024\\\/05\\\/tapatybes-kryzkeleje-tarp-vokiskumo-ir-lietuvybes-1932-1940.jpg\",\"datePublished\":\"2024-05-04T18:18:17+00:00\",\"dateModified\":\"2024-05-04T18:21:08+00:00\",\"description\":\"Autobiografin\u0117je knygoje\u00a0\u201eTapatyb\u0117s kry\u017ekel\u0117je. Tarp voki\u0161kumo ir lietuvyb\u0117s 1932-1940 m.\u201c i\u0161 Klaip\u0117dos kra\u0161to kil\u0119s Erikas Pemp\u0117 tre\u010diuoju asmeniu pasakoja savo gyvenimo istorij\u0105. Gim\u0119s lietuvi\u0173 kilm\u0117s \u0161eimoje, bet aukl\u0117tas vokie\u010diu, 1923 m., kai Klaip\u0117dos kra\u0161tas atitenka Lietuvai, autorius atsiduria tautin\u0117s tapatyb\u0117s paie\u0161k\u0173 kry\u017ekel\u0117je ir turi pasirinkti: vokietis jis ar lietuvis? Pasirink\u0119s lojalum\u0105 Lietuvai, pripa\u017ein\u0119s pirmin\u012f gimtojo kra\u0161to ir savo paties kilm\u0117s lietuvi\u0161kum\u0105, autorius susiduria su rimtais i\u0161\u0161\u016bkiais. Vokie\u010diai j\u012f laik\u0117 i\u0161daviku, o dalis lietuvi\u0173 \u2013 lojalumo stokojan\u010diu \u201ememelenderiu\u201c. Knygoje \u201eTapatyb\u0117s kry\u017ekel\u0117je. Tarp voki\u0161kumo ir lietuvyb\u0117s 1932-1940 m.\u201c E. Pemp\u0117 vaizdingai apra\u0161o savo virsm\u0105, abejones, mokslus, darb\u0105 fizin\u0117s kult\u016bros mokytoju. \u012evykiai rutuliojasi sud\u0117tingu Lietuvai laikotarpiu: tarpukariu, Hitleriui apsilankius Klaip\u0117doje ir atpl\u0117\u0161us miest\u0105 1939 m. kov\u0105, per soviet\u0173 okupacij\u01051940-aisiais.\",\"breadcrumb\":{\"@id\":\"https:\\\/\\\/skaitytaknyga.lt\\\/produktas\\\/tapatybes-kryzkeleje-tarp-vokiskumo-ir-lietuvybes-1932-1940-m\\\/#breadcrumb\"},\"inLanguage\":\"en-GB\",\"potentialAction\":[{\"@type\":\"ReadAction\",\"target\":[\"https:\\\/\\\/skaitytaknyga.lt\\\/produktas\\\/tapatybes-kryzkeleje-tarp-vokiskumo-ir-lietuvybes-1932-1940-m\\\/\"]}]},{\"@type\":\"ImageObject\",\"inLanguage\":\"en-GB\",\"@id\":\"https:\\\/\\\/skaitytaknyga.lt\\\/produktas\\\/tapatybes-kryzkeleje-tarp-vokiskumo-ir-lietuvybes-1932-1940-m\\\/#primaryimage\",\"url\":\"https:\\\/\\\/skaitytaknyga.lt\\\/wp-content\\\/uploads\\\/2024\\\/05\\\/tapatybes-kryzkeleje-tarp-vokiskumo-ir-lietuvybes-1932-1940.jpg\",\"contentUrl\":\"https:\\\/\\\/skaitytaknyga.lt\\\/wp-content\\\/uploads\\\/2024\\\/05\\\/tapatybes-kryzkeleje-tarp-vokiskumo-ir-lietuvybes-1932-1940.jpg\",\"width\":600,\"height\":857},{\"@type\":\"BreadcrumbList\",\"@id\":\"https:\\\/\\\/skaitytaknyga.lt\\\/produktas\\\/tapatybes-kryzkeleje-tarp-vokiskumo-ir-lietuvybes-1932-1940-m\\\/#breadcrumb\",\"itemListElement\":[{\"@type\":\"ListItem\",\"position\":1,\"name\":\"Home\",\"item\":\"https:\\\/\\\/skaitytaknyga.lt\\\/\"},{\"@type\":\"ListItem\",\"position\":2,\"name\":\"Parduotuv\u0117\",\"item\":\"https:\\\/\\\/skaitytaknyga.lt\\\/knygu-parduotuve\\\/\"},{\"@type\":\"ListItem\",\"position\":3,\"name\":\"Tapatyb\u0117s kry\u017ekel\u0117je: tarp voki\u0161kumo ir lietuvyb\u0117s 1932\u20131940 m.\"}]},{\"@type\":\"WebSite\",\"@id\":\"https:\\\/\\\/skaitytaknyga.lt\\\/#website\",\"url\":\"https:\\\/\\\/skaitytaknyga.lt\\\/\",\"name\":\"skaitytaknyga.lt\",\"description\":\"Skaitytaknyga.lt \u2013 tai ma\u017eas \u0161eimos verslas, kuris prasid\u0117jo nuo meil\u0117s knygoms ir siekio i\u0161gelb\u0117ti knygas nuo likimo prie konteinerio. Kas vienam nereikalingas daiktas \u2013 kitam lobis, o mes esame tarpininkai, kurie padeda abiems tapti laimingesniems ???? \u017dinome kaip nelengva i\u0161gyventi ma\u017eiems verslams, tad nuo \u0161iol, \u010dia rasite ir kit\u0173, ma\u017e\u0173 \u0161eim\u0173 versl\u0173, rank\u0173 darbo, dovan\u0173 sau ir artimiesiems.\",\"publisher\":{\"@id\":\"https:\\\/\\\/skaitytaknyga.lt\\\/#organization\"},\"potentialAction\":[{\"@type\":\"SearchAction\",\"target\":{\"@type\":\"EntryPoint\",\"urlTemplate\":\"https:\\\/\\\/skaitytaknyga.lt\\\/?s={search_term_string}\"},\"query-input\":{\"@type\":\"PropertyValueSpecification\",\"valueRequired\":true,\"valueName\":\"search_term_string\"}}],\"inLanguage\":\"en-GB\"},{\"@type\":\"Organization\",\"@id\":\"https:\\\/\\\/skaitytaknyga.lt\\\/#organization\",\"name\":\"skaitytaknyga.lt\",\"url\":\"https:\\\/\\\/skaitytaknyga.lt\\\/\",\"logo\":{\"@type\":\"ImageObject\",\"inLanguage\":\"en-GB\",\"@id\":\"https:\\\/\\\/skaitytaknyga.lt\\\/#\\\/schema\\\/logo\\\/image\\\/\",\"url\":\"https:\\\/\\\/skaitytaknyga.lt\\\/wp-content\\\/uploads\\\/2024\\\/05\\\/cropped-cropped-cropped-02_00843_jt3bggkj1j3HLc7SyY6rEUpg.jpeg\",\"contentUrl\":\"https:\\\/\\\/skaitytaknyga.lt\\\/wp-content\\\/uploads\\\/2024\\\/05\\\/cropped-cropped-cropped-02_00843_jt3bggkj1j3HLc7SyY6rEUpg.jpeg\",\"width\":1600,\"height\":1600,\"caption\":\"skaitytaknyga.lt\"},\"image\":{\"@id\":\"https:\\\/\\\/skaitytaknyga.lt\\\/#\\\/schema\\\/logo\\\/image\\\/\"},\"sameAs\":[\"https:\\\/\\\/www.facebook.com\\\/skaitytaknyga\\\/\"]}]}<\/script>\n<!-- \/ Yoast SEO plugin. -->","yoast_head_json":{"title":"Tapatyb\u0117s kry\u017ekel\u0117je: tarp voki\u0161kumo ir lietuvyb\u0117s 1932\u20131940 m. - Skaitytaknyga","description":"Autobiografin\u0117je knygoje\u00a0\u201eTapatyb\u0117s kry\u017ekel\u0117je. Tarp voki\u0161kumo ir lietuvyb\u0117s 1932-1940 m.\u201c i\u0161 Klaip\u0117dos kra\u0161to kil\u0119s Erikas Pemp\u0117 tre\u010diuoju asmeniu pasakoja savo gyvenimo istorij\u0105. Gim\u0119s lietuvi\u0173 kilm\u0117s \u0161eimoje, bet aukl\u0117tas vokie\u010diu, 1923 m., kai Klaip\u0117dos kra\u0161tas atitenka Lietuvai, autorius atsiduria tautin\u0117s tapatyb\u0117s paie\u0161k\u0173 kry\u017ekel\u0117je ir turi pasirinkti: vokietis jis ar lietuvis?  Pasirink\u0119s lojalum\u0105 Lietuvai, pripa\u017ein\u0119s pirmin\u012f gimtojo kra\u0161to ir savo paties kilm\u0117s lietuvi\u0161kum\u0105, autorius susiduria su rimtais i\u0161\u0161\u016bkiais. Vokie\u010diai j\u012f laik\u0117 i\u0161daviku, o dalis lietuvi\u0173 \u2013 lojalumo stokojan\u010diu \u201ememelenderiu\u201c. Knygoje \u201eTapatyb\u0117s kry\u017ekel\u0117je. Tarp voki\u0161kumo ir lietuvyb\u0117s 1932-1940 m.\u201c E. Pemp\u0117 vaizdingai apra\u0161o savo virsm\u0105, abejones, mokslus, darb\u0105 fizin\u0117s kult\u016bros mokytoju. \u012evykiai rutuliojasi sud\u0117tingu Lietuvai laikotarpiu: tarpukariu, Hitleriui apsilankius Klaip\u0117doje ir atpl\u0117\u0161us miest\u0105 1939 m. kov\u0105, per soviet\u0173 okupacij\u01051940-aisiais.","robots":{"index":"index","follow":"follow","max-snippet":"max-snippet:-1","max-image-preview":"max-image-preview:large","max-video-preview":"max-video-preview:-1"},"canonical":"https:\/\/skaitytaknyga.lt\/en\/produktas\/tapatybes-kryzkeleje-tarp-vokiskumo-ir-lietuvybes-1932-1940-m\/","og_locale":"en_GB","og_type":"article","og_title":"Tapatyb\u0117s kry\u017ekel\u0117je: tarp voki\u0161kumo ir lietuvyb\u0117s 1932\u20131940 m. - Skaitytaknyga","og_description":"Autobiografin\u0117je knygoje\u00a0\u201eTapatyb\u0117s kry\u017ekel\u0117je. Tarp voki\u0161kumo ir lietuvyb\u0117s 1932-1940 m.\u201c i\u0161 Klaip\u0117dos kra\u0161to kil\u0119s Erikas Pemp\u0117 tre\u010diuoju asmeniu pasakoja savo gyvenimo istorij\u0105. Gim\u0119s lietuvi\u0173 kilm\u0117s \u0161eimoje, bet aukl\u0117tas vokie\u010diu, 1923 m., kai Klaip\u0117dos kra\u0161tas atitenka Lietuvai, autorius atsiduria tautin\u0117s tapatyb\u0117s paie\u0161k\u0173 kry\u017ekel\u0117je ir turi pasirinkti: vokietis jis ar lietuvis?  Pasirink\u0119s lojalum\u0105 Lietuvai, pripa\u017ein\u0119s pirmin\u012f gimtojo kra\u0161to ir savo paties kilm\u0117s lietuvi\u0161kum\u0105, autorius susiduria su rimtais i\u0161\u0161\u016bkiais. Vokie\u010diai j\u012f laik\u0117 i\u0161daviku, o dalis lietuvi\u0173 \u2013 lojalumo stokojan\u010diu \u201ememelenderiu\u201c. Knygoje \u201eTapatyb\u0117s kry\u017ekel\u0117je. Tarp voki\u0161kumo ir lietuvyb\u0117s 1932-1940 m.\u201c E. Pemp\u0117 vaizdingai apra\u0161o savo virsm\u0105, abejones, mokslus, darb\u0105 fizin\u0117s kult\u016bros mokytoju. \u012evykiai rutuliojasi sud\u0117tingu Lietuvai laikotarpiu: tarpukariu, Hitleriui apsilankius Klaip\u0117doje ir atpl\u0117\u0161us miest\u0105 1939 m. kov\u0105, per soviet\u0173 okupacij\u01051940-aisiais.","og_url":"https:\/\/skaitytaknyga.lt\/en\/produktas\/tapatybes-kryzkeleje-tarp-vokiskumo-ir-lietuvybes-1932-1940-m\/","og_site_name":"Skaitytaknyga","article_publisher":"https:\/\/www.facebook.com\/skaitytaknyga\/","article_modified_time":"2024-05-04T18:21:08+00:00","og_image":[{"width":600,"height":857,"url":"https:\/\/skaitytaknyga.lt\/wp-content\/uploads\/2024\/05\/tapatybes-kryzkeleje-tarp-vokiskumo-ir-lietuvybes-1932-1940.jpg","type":"image\/jpeg"}],"twitter_card":"summary_large_image","twitter_misc":{"Estimated reading time":"1 minute"},"schema":{"@context":"https:\/\/schema.org","@graph":[{"@type":"WebPage","@id":"https:\/\/skaitytaknyga.lt\/produktas\/tapatybes-kryzkeleje-tarp-vokiskumo-ir-lietuvybes-1932-1940-m\/","url":"https:\/\/skaitytaknyga.lt\/produktas\/tapatybes-kryzkeleje-tarp-vokiskumo-ir-lietuvybes-1932-1940-m\/","name":"Tapatyb\u0117s kry\u017ekel\u0117je: tarp voki\u0161kumo ir lietuvyb\u0117s 1932\u20131940 m. - Skaitytaknyga","isPartOf":{"@id":"https:\/\/skaitytaknyga.lt\/#website"},"primaryImageOfPage":{"@id":"https:\/\/skaitytaknyga.lt\/produktas\/tapatybes-kryzkeleje-tarp-vokiskumo-ir-lietuvybes-1932-1940-m\/#primaryimage"},"image":{"@id":"https:\/\/skaitytaknyga.lt\/produktas\/tapatybes-kryzkeleje-tarp-vokiskumo-ir-lietuvybes-1932-1940-m\/#primaryimage"},"thumbnailUrl":"https:\/\/skaitytaknyga.lt\/wp-content\/uploads\/2024\/05\/tapatybes-kryzkeleje-tarp-vokiskumo-ir-lietuvybes-1932-1940.jpg","datePublished":"2024-05-04T18:18:17+00:00","dateModified":"2024-05-04T18:21:08+00:00","description":"Autobiografin\u0117je knygoje\u00a0\u201eTapatyb\u0117s kry\u017ekel\u0117je. Tarp voki\u0161kumo ir lietuvyb\u0117s 1932-1940 m.\u201c i\u0161 Klaip\u0117dos kra\u0161to kil\u0119s Erikas Pemp\u0117 tre\u010diuoju asmeniu pasakoja savo gyvenimo istorij\u0105. Gim\u0119s lietuvi\u0173 kilm\u0117s \u0161eimoje, bet aukl\u0117tas vokie\u010diu, 1923 m., kai Klaip\u0117dos kra\u0161tas atitenka Lietuvai, autorius atsiduria tautin\u0117s tapatyb\u0117s paie\u0161k\u0173 kry\u017ekel\u0117je ir turi pasirinkti: vokietis jis ar lietuvis? Pasirink\u0119s lojalum\u0105 Lietuvai, pripa\u017ein\u0119s pirmin\u012f gimtojo kra\u0161to ir savo paties kilm\u0117s lietuvi\u0161kum\u0105, autorius susiduria su rimtais i\u0161\u0161\u016bkiais. Vokie\u010diai j\u012f laik\u0117 i\u0161daviku, o dalis lietuvi\u0173 \u2013 lojalumo stokojan\u010diu \u201ememelenderiu\u201c. Knygoje \u201eTapatyb\u0117s kry\u017ekel\u0117je. Tarp voki\u0161kumo ir lietuvyb\u0117s 1932-1940 m.\u201c E. Pemp\u0117 vaizdingai apra\u0161o savo virsm\u0105, abejones, mokslus, darb\u0105 fizin\u0117s kult\u016bros mokytoju. \u012evykiai rutuliojasi sud\u0117tingu Lietuvai laikotarpiu: tarpukariu, Hitleriui apsilankius Klaip\u0117doje ir atpl\u0117\u0161us miest\u0105 1939 m. kov\u0105, per soviet\u0173 okupacij\u01051940-aisiais.","breadcrumb":{"@id":"https:\/\/skaitytaknyga.lt\/produktas\/tapatybes-kryzkeleje-tarp-vokiskumo-ir-lietuvybes-1932-1940-m\/#breadcrumb"},"inLanguage":"en-GB","potentialAction":[{"@type":"ReadAction","target":["https:\/\/skaitytaknyga.lt\/produktas\/tapatybes-kryzkeleje-tarp-vokiskumo-ir-lietuvybes-1932-1940-m\/"]}]},{"@type":"ImageObject","inLanguage":"en-GB","@id":"https:\/\/skaitytaknyga.lt\/produktas\/tapatybes-kryzkeleje-tarp-vokiskumo-ir-lietuvybes-1932-1940-m\/#primaryimage","url":"https:\/\/skaitytaknyga.lt\/wp-content\/uploads\/2024\/05\/tapatybes-kryzkeleje-tarp-vokiskumo-ir-lietuvybes-1932-1940.jpg","contentUrl":"https:\/\/skaitytaknyga.lt\/wp-content\/uploads\/2024\/05\/tapatybes-kryzkeleje-tarp-vokiskumo-ir-lietuvybes-1932-1940.jpg","width":600,"height":857},{"@type":"BreadcrumbList","@id":"https:\/\/skaitytaknyga.lt\/produktas\/tapatybes-kryzkeleje-tarp-vokiskumo-ir-lietuvybes-1932-1940-m\/#breadcrumb","itemListElement":[{"@type":"ListItem","position":1,"name":"Home","item":"https:\/\/skaitytaknyga.lt\/"},{"@type":"ListItem","position":2,"name":"Parduotuv\u0117","item":"https:\/\/skaitytaknyga.lt\/knygu-parduotuve\/"},{"@type":"ListItem","position":3,"name":"Tapatyb\u0117s kry\u017ekel\u0117je: tarp voki\u0161kumo ir lietuvyb\u0117s 1932\u20131940 m."}]},{"@type":"WebSite","@id":"https:\/\/skaitytaknyga.lt\/#website","url":"https:\/\/skaitytaknyga.lt\/","name":"skaitytaknyga.lt","description":"Skaitytaknyga.lt \u2013 tai ma\u017eas \u0161eimos verslas, kuris prasid\u0117jo nuo meil\u0117s knygoms ir siekio i\u0161gelb\u0117ti knygas nuo likimo prie konteinerio. Kas vienam nereikalingas daiktas \u2013 kitam lobis, o mes esame tarpininkai, kurie padeda abiems tapti laimingesniems ???? \u017dinome kaip nelengva i\u0161gyventi ma\u017eiems verslams, tad nuo \u0161iol, \u010dia rasite ir kit\u0173, ma\u017e\u0173 \u0161eim\u0173 versl\u0173, rank\u0173 darbo, dovan\u0173 sau ir artimiesiems.","publisher":{"@id":"https:\/\/skaitytaknyga.lt\/#organization"},"potentialAction":[{"@type":"SearchAction","target":{"@type":"EntryPoint","urlTemplate":"https:\/\/skaitytaknyga.lt\/?s={search_term_string}"},"query-input":{"@type":"PropertyValueSpecification","valueRequired":true,"valueName":"search_term_string"}}],"inLanguage":"en-GB"},{"@type":"Organization","@id":"https:\/\/skaitytaknyga.lt\/#organization","name":"skaitytaknyga.lt","url":"https:\/\/skaitytaknyga.lt\/","logo":{"@type":"ImageObject","inLanguage":"en-GB","@id":"https:\/\/skaitytaknyga.lt\/#\/schema\/logo\/image\/","url":"https:\/\/skaitytaknyga.lt\/wp-content\/uploads\/2024\/05\/cropped-cropped-cropped-02_00843_jt3bggkj1j3HLc7SyY6rEUpg.jpeg","contentUrl":"https:\/\/skaitytaknyga.lt\/wp-content\/uploads\/2024\/05\/cropped-cropped-cropped-02_00843_jt3bggkj1j3HLc7SyY6rEUpg.jpeg","width":1600,"height":1600,"caption":"skaitytaknyga.lt"},"image":{"@id":"https:\/\/skaitytaknyga.lt\/#\/schema\/logo\/image\/"},"sameAs":["https:\/\/www.facebook.com\/skaitytaknyga\/"]}]}},"_links":{"self":[{"href":"https:\/\/skaitytaknyga.lt\/en\/wp-json\/wp\/v2\/product\/10500","targetHints":{"allow":["GET"]}}],"collection":[{"href":"https:\/\/skaitytaknyga.lt\/en\/wp-json\/wp\/v2\/product"}],"about":[{"href":"https:\/\/skaitytaknyga.lt\/en\/wp-json\/wp\/v2\/types\/product"}],"replies":[{"embeddable":true,"href":"https:\/\/skaitytaknyga.lt\/en\/wp-json\/wp\/v2\/comments?post=10500"}],"wp:featuredmedia":[{"embeddable":true,"href":"https:\/\/skaitytaknyga.lt\/en\/wp-json\/wp\/v2\/media\/10549"}],"wp:attachment":[{"href":"https:\/\/skaitytaknyga.lt\/en\/wp-json\/wp\/v2\/media?parent=10500"}],"wp:term":[{"taxonomy":"product_brand","embeddable":true,"href":"https:\/\/skaitytaknyga.lt\/en\/wp-json\/wp\/v2\/product_brand?post=10500"},{"taxonomy":"product_cat","embeddable":true,"href":"https:\/\/skaitytaknyga.lt\/en\/wp-json\/wp\/v2\/product_cat?post=10500"},{"taxonomy":"product_tag","embeddable":true,"href":"https:\/\/skaitytaknyga.lt\/en\/wp-json\/wp\/v2\/product_tag?post=10500"}],"curies":[{"name":"wp","href":"https:\/\/api.w.org\/{rel}","templated":true}]}}