{"id":10498,"date":"2024-05-04T18:18:17","date_gmt":"2024-05-04T18:18:17","guid":{"rendered":"https:\/\/skaitytaknyga.lt\/?post_type=product&#038;p=10498"},"modified":"2024-08-21T09:26:30","modified_gmt":"2024-08-21T06:26:30","slug":"apgaulingas-mokslas","status":"publish","type":"product","link":"https:\/\/skaitytaknyga.lt\/en\/produktas\/apgaulingas-mokslas\/","title":{"rendered":"Apgaulingas mokslas"},"content":{"rendered":"<p>&#8220;Apgaulingas mokslas\u201c \u2013 tai knyga apie sveikatos moksl\u0105, o ypa\u010d pseudomoksl\u0105, joje supa\u017eindinama su naujausiais mokslo ir medicinos atradimais, kurie apd\u016bm\u0117 akis milijonams \u017emoni\u0173 visame pasaulyje.<\/p>\n<p>Ta\u010diau \u0161i knyga n\u0117ra \u012fprast\u0173 fakt\u0173 ir tyrim\u0173 rinkinys \u2013\u00a0 joje nuo \u0161arlatan\u0173 skleid\u017eiam\u0173 kvailys\u010di\u0173 pereinama prie jomis tikin\u010di\u0173 \u017einiasklaidos priemoni\u0173, nuo maisto papild\u0173 pramon\u0117s apgavys\u010di\u0173 prie farmacijos pramon\u0117s nuod\u0117mi\u0173 ir tragedij\u0173, susijusi\u0173 su tuo, kaip aklai pasitikima medicinos mokslo laim\u0117jimais.<\/p>\n","protected":false},"excerpt":{"rendered":"<p>\u0160is vadov\u0117lis \u2013 tai mokomoji priemon\u0117 besimokantiems kompiuterin\u0117s grafikos su CorelDRAW programa, kuri pla\u010diai naudojama pie\u0161iant, kuriant kompozicijas. Tod\u0117l \u0161is vadov\u0117lis yra naudingas dizaineriams, grafikos specialistams, skulptoriams ir kit\u0173 sri\u010di\u0173 menininkams, besidomintiems kompiuterine grafika.<br \/>\n\u0160iame vadov\u0117lyje neprisiri\u0161ama prie konkre\u010dios CorelDRAW versijos. \u010cia apra\u0161omi fundamental\u016bs mokymosi dirbti su CorelDRAW programa pagrindai. Vadov\u0117l\u012f sudaro 25 skyriai. Kiekvieno skyriaus prad\u017eioje pateikiamos b\u016btinos teorin\u0117s \u017einios, apra\u0161omi valdymo elementai ir darbo proced\u016bra. Kiekviename skyrelyje yra pratim\u0173, nurodoma, kaip ir su kokiomis priemon\u0117mis juos atlikti. Tai padeda geriau perprasti pateikt\u0105 med\u017eiag\u0105. \u0160is vadov\u0117lis pravers ir pradedantiesiems, ir jau susipa\u017einusiems su CorelDRAW programa. Jis skirtas auk\u0161t\u0173j\u0173 mokykl\u0173 studentams menininkams.<\/p>\n","protected":false},"featured_media":10547,"comment_status":"closed","ping_status":"closed","template":"","meta":{"_acf_changed":false,"site-sidebar-layout":"default","site-content-layout":"","ast-site-content-layout":"default","site-content-style":"default","site-sidebar-style":"default","ast-global-header-display":"","ast-banner-title-visibility":"","ast-main-header-display":"","ast-hfb-above-header-display":"","ast-hfb-below-header-display":"","ast-hfb-mobile-header-display":"","site-post-title":"","ast-breadcrumbs-content":"","ast-featured-img":"","footer-sml-layout":"","ast-disable-related-posts":"","theme-transparent-header-meta":"","adv-header-id-meta":"","stick-header-meta":"","header-above-stick-meta":"","header-main-stick-meta":"","header-below-stick-meta":"","astra-migrate-meta-layouts":"default","ast-page-background-enabled":"default","ast-page-background-meta":{"desktop":{"background-color":"","background-image":"","background-repeat":"repeat","background-position":"center center","background-size":"auto","background-attachment":"scroll","background-type":"","background-media":"","overlay-type":"","overlay-color":"","overlay-opacity":"","overlay-gradient":""},"tablet":{"background-color":"","background-image":"","background-repeat":"repeat","background-position":"center center","background-size":"auto","background-attachment":"scroll","background-type":"","background-media":"","overlay-type":"","overlay-color":"","overlay-opacity":"","overlay-gradient":""},"mobile":{"background-color":"","background-image":"","background-repeat":"repeat","background-position":"center center","background-size":"auto","background-attachment":"scroll","background-type":"","background-media":"","overlay-type":"","overlay-color":"","overlay-opacity":"","overlay-gradient":""}},"ast-content-background-meta":{"desktop":{"background-color":"var(--ast-global-color-4)","background-image":"","background-repeat":"repeat","background-position":"center center","background-size":"auto","background-attachment":"scroll","background-type":"","background-media":"","overlay-type":"","overlay-color":"","overlay-opacity":"","overlay-gradient":""},"tablet":{"background-color":"var(--ast-global-color-4)","background-image":"","background-repeat":"repeat","background-position":"center center","background-size":"auto","background-attachment":"scroll","background-type":"","background-media":"","overlay-type":"","overlay-color":"","overlay-opacity":"","overlay-gradient":""},"mobile":{"background-color":"var(--ast-global-color-4)","background-image":"","background-repeat":"repeat","background-position":"center center","background-size":"auto","background-attachment":"scroll","background-type":"","background-media":"","overlay-type":"","overlay-color":"","overlay-opacity":"","overlay-gradient":""}}},"product_brand":[],"product_cat":[269],"product_tag":[],"class_list":{"0":"post-10498","1":"product","2":"type-product","3":"status-publish","4":"has-post-thumbnail","6":"product_cat-gamtos-mokslai","7":"desktop-align-left","8":"tablet-align-left","9":"mobile-align-left","11":"first","12":"outofstock","13":"shipping-taxable","14":"purchasable","15":"product-type-simple"},"acf":[],"yoast_head":"<!-- This site is optimized with the Yoast SEO plugin v27.4 - https:\/\/yoast.com\/product\/yoast-seo-wordpress\/ -->\n<title>Apgaulingas mokslas - Skaitytaknyga<\/title>\n<meta name=\"description\" content=\"\u0160is vadov\u0117lis \u2013 tai mokomoji priemon\u0117 besimokantiems kompiuterin\u0117s grafikos su CorelDRAW programa, kuri pla\u010diai naudojama pie\u0161iant, kuriant kompozicijas. Tod\u0117l \u0161is vadov\u0117lis yra naudingas dizaineriams, grafikos specialistams, skulptoriams ir kit\u0173 sri\u010di\u0173 menininkams, besidomintiems kompiuterine grafika. \u0160iame vadov\u0117lyje neprisiri\u0161ama prie konkre\u010dios CorelDRAW versijos. \u010cia apra\u0161omi fundamental\u016bs mokymosi dirbti su CorelDRAW programa pagrindai. Vadov\u0117l\u012f sudaro 25 skyriai. Kiekvieno skyriaus prad\u017eioje pateikiamos b\u016btinos teorin\u0117s \u017einios, apra\u0161omi valdymo elementai ir darbo proced\u016bra. Kiekviename skyrelyje yra pratim\u0173, nurodoma, kaip ir su kokiomis priemon\u0117mis juos atlikti. Tai padeda geriau perprasti pateikt\u0105 med\u017eiag\u0105. \u0160is vadov\u0117lis pravers ir pradedantiesiems, ir jau susipa\u017einusiems su CorelDRAW programa. Jis skirtas auk\u0161t\u0173j\u0173 mokykl\u0173 studentams menininkams.\" \/>\n<meta name=\"robots\" content=\"index, follow, max-snippet:-1, max-image-preview:large, max-video-preview:-1\" \/>\n<link rel=\"canonical\" href=\"https:\/\/skaitytaknyga.lt\/en\/produktas\/apgaulingas-mokslas\/\" \/>\n<meta property=\"og:locale\" content=\"en_GB\" \/>\n<meta property=\"og:locale:alternate\" content=\"lt_LT\" \/>\n<meta property=\"og:type\" content=\"article\" \/>\n<meta property=\"og:title\" content=\"Apgaulingas mokslas - Skaitytaknyga\" \/>\n<meta property=\"og:description\" content=\"\u0160is vadov\u0117lis \u2013 tai mokomoji priemon\u0117 besimokantiems kompiuterin\u0117s grafikos su CorelDRAW programa, kuri pla\u010diai naudojama pie\u0161iant, kuriant kompozicijas. Tod\u0117l \u0161is vadov\u0117lis yra naudingas dizaineriams, grafikos specialistams, skulptoriams ir kit\u0173 sri\u010di\u0173 menininkams, besidomintiems kompiuterine grafika. \u0160iame vadov\u0117lyje neprisiri\u0161ama prie konkre\u010dios CorelDRAW versijos. \u010cia apra\u0161omi fundamental\u016bs mokymosi dirbti su CorelDRAW programa pagrindai. Vadov\u0117l\u012f sudaro 25 skyriai. Kiekvieno skyriaus prad\u017eioje pateikiamos b\u016btinos teorin\u0117s \u017einios, apra\u0161omi valdymo elementai ir darbo proced\u016bra. Kiekviename skyrelyje yra pratim\u0173, nurodoma, kaip ir su kokiomis priemon\u0117mis juos atlikti. Tai padeda geriau perprasti pateikt\u0105 med\u017eiag\u0105. \u0160is vadov\u0117lis pravers ir pradedantiesiems, ir jau susipa\u017einusiems su CorelDRAW programa. Jis skirtas auk\u0161t\u0173j\u0173 mokykl\u0173 studentams menininkams.\" \/>\n<meta property=\"og:url\" content=\"https:\/\/skaitytaknyga.lt\/en\/produktas\/apgaulingas-mokslas\/\" \/>\n<meta property=\"og:site_name\" content=\"Skaitytaknyga\" \/>\n<meta property=\"article:publisher\" content=\"https:\/\/www.facebook.com\/skaitytaknyga\/\" \/>\n<meta property=\"article:modified_time\" content=\"2024-08-21T06:26:30+00:00\" \/>\n<meta property=\"og:image\" content=\"https:\/\/skaitytaknyga.lt\/wp-content\/uploads\/2024\/05\/1462877377_apgaulin.webp\" \/>\n\t<meta property=\"og:image:width\" content=\"541\" \/>\n\t<meta property=\"og:image:height\" content=\"800\" \/>\n\t<meta property=\"og:image:type\" content=\"image\/webp\" \/>\n<meta name=\"twitter:card\" content=\"summary_large_image\" \/>\n<script type=\"application\/ld+json\" class=\"yoast-schema-graph\">{\"@context\":\"https:\\\/\\\/schema.org\",\"@graph\":[{\"@type\":\"WebPage\",\"@id\":\"https:\\\/\\\/skaitytaknyga.lt\\\/produktas\\\/apgaulingas-mokslas\\\/\",\"url\":\"https:\\\/\\\/skaitytaknyga.lt\\\/produktas\\\/apgaulingas-mokslas\\\/\",\"name\":\"Apgaulingas mokslas - Skaitytaknyga\",\"isPartOf\":{\"@id\":\"https:\\\/\\\/skaitytaknyga.lt\\\/#website\"},\"primaryImageOfPage\":{\"@id\":\"https:\\\/\\\/skaitytaknyga.lt\\\/produktas\\\/apgaulingas-mokslas\\\/#primaryimage\"},\"image\":{\"@id\":\"https:\\\/\\\/skaitytaknyga.lt\\\/produktas\\\/apgaulingas-mokslas\\\/#primaryimage\"},\"thumbnailUrl\":\"https:\\\/\\\/skaitytaknyga.lt\\\/wp-content\\\/uploads\\\/2024\\\/05\\\/1462877377_apgaulin.webp\",\"datePublished\":\"2024-05-04T18:18:17+00:00\",\"dateModified\":\"2024-08-21T06:26:30+00:00\",\"description\":\"\u0160is vadov\u0117lis \u2013 tai mokomoji priemon\u0117 besimokantiems kompiuterin\u0117s grafikos su CorelDRAW programa, kuri pla\u010diai naudojama pie\u0161iant, kuriant kompozicijas. Tod\u0117l \u0161is vadov\u0117lis yra naudingas dizaineriams, grafikos specialistams, skulptoriams ir kit\u0173 sri\u010di\u0173 menininkams, besidomintiems kompiuterine grafika. \u0160iame vadov\u0117lyje neprisiri\u0161ama prie konkre\u010dios CorelDRAW versijos. \u010cia apra\u0161omi fundamental\u016bs mokymosi dirbti su CorelDRAW programa pagrindai. Vadov\u0117l\u012f sudaro 25 skyriai. Kiekvieno skyriaus prad\u017eioje pateikiamos b\u016btinos teorin\u0117s \u017einios, apra\u0161omi valdymo elementai ir darbo proced\u016bra. Kiekviename skyrelyje yra pratim\u0173, nurodoma, kaip ir su kokiomis priemon\u0117mis juos atlikti. Tai padeda geriau perprasti pateikt\u0105 med\u017eiag\u0105. \u0160is vadov\u0117lis pravers ir pradedantiesiems, ir jau susipa\u017einusiems su CorelDRAW programa. Jis skirtas auk\u0161t\u0173j\u0173 mokykl\u0173 studentams menininkams.\",\"breadcrumb\":{\"@id\":\"https:\\\/\\\/skaitytaknyga.lt\\\/produktas\\\/apgaulingas-mokslas\\\/#breadcrumb\"},\"inLanguage\":\"en-GB\",\"potentialAction\":[{\"@type\":\"ReadAction\",\"target\":[\"https:\\\/\\\/skaitytaknyga.lt\\\/produktas\\\/apgaulingas-mokslas\\\/\"]}]},{\"@type\":\"ImageObject\",\"inLanguage\":\"en-GB\",\"@id\":\"https:\\\/\\\/skaitytaknyga.lt\\\/produktas\\\/apgaulingas-mokslas\\\/#primaryimage\",\"url\":\"https:\\\/\\\/skaitytaknyga.lt\\\/wp-content\\\/uploads\\\/2024\\\/05\\\/1462877377_apgaulin.webp\",\"contentUrl\":\"https:\\\/\\\/skaitytaknyga.lt\\\/wp-content\\\/uploads\\\/2024\\\/05\\\/1462877377_apgaulin.webp\",\"width\":541,\"height\":800},{\"@type\":\"BreadcrumbList\",\"@id\":\"https:\\\/\\\/skaitytaknyga.lt\\\/produktas\\\/apgaulingas-mokslas\\\/#breadcrumb\",\"itemListElement\":[{\"@type\":\"ListItem\",\"position\":1,\"name\":\"Home\",\"item\":\"https:\\\/\\\/skaitytaknyga.lt\\\/\"},{\"@type\":\"ListItem\",\"position\":2,\"name\":\"Parduotuv\u0117\",\"item\":\"https:\\\/\\\/skaitytaknyga.lt\\\/knygu-parduotuve\\\/\"},{\"@type\":\"ListItem\",\"position\":3,\"name\":\"Apgaulingas mokslas\"}]},{\"@type\":\"WebSite\",\"@id\":\"https:\\\/\\\/skaitytaknyga.lt\\\/#website\",\"url\":\"https:\\\/\\\/skaitytaknyga.lt\\\/\",\"name\":\"skaitytaknyga.lt\",\"description\":\"Skaitytaknyga.lt \u2013 tai ma\u017eas \u0161eimos verslas, kuris prasid\u0117jo nuo meil\u0117s knygoms ir siekio i\u0161gelb\u0117ti knygas nuo likimo prie konteinerio. Kas vienam nereikalingas daiktas \u2013 kitam lobis, o mes esame tarpininkai, kurie padeda abiems tapti laimingesniems ???? \u017dinome kaip nelengva i\u0161gyventi ma\u017eiems verslams, tad nuo \u0161iol, \u010dia rasite ir kit\u0173, ma\u017e\u0173 \u0161eim\u0173 versl\u0173, rank\u0173 darbo, dovan\u0173 sau ir artimiesiems.\",\"publisher\":{\"@id\":\"https:\\\/\\\/skaitytaknyga.lt\\\/#organization\"},\"potentialAction\":[{\"@type\":\"SearchAction\",\"target\":{\"@type\":\"EntryPoint\",\"urlTemplate\":\"https:\\\/\\\/skaitytaknyga.lt\\\/?s={search_term_string}\"},\"query-input\":{\"@type\":\"PropertyValueSpecification\",\"valueRequired\":true,\"valueName\":\"search_term_string\"}}],\"inLanguage\":\"en-GB\"},{\"@type\":\"Organization\",\"@id\":\"https:\\\/\\\/skaitytaknyga.lt\\\/#organization\",\"name\":\"skaitytaknyga.lt\",\"url\":\"https:\\\/\\\/skaitytaknyga.lt\\\/\",\"logo\":{\"@type\":\"ImageObject\",\"inLanguage\":\"en-GB\",\"@id\":\"https:\\\/\\\/skaitytaknyga.lt\\\/#\\\/schema\\\/logo\\\/image\\\/\",\"url\":\"https:\\\/\\\/skaitytaknyga.lt\\\/wp-content\\\/uploads\\\/2024\\\/05\\\/cropped-cropped-cropped-02_00843_jt3bggkj1j3HLc7SyY6rEUpg.jpeg\",\"contentUrl\":\"https:\\\/\\\/skaitytaknyga.lt\\\/wp-content\\\/uploads\\\/2024\\\/05\\\/cropped-cropped-cropped-02_00843_jt3bggkj1j3HLc7SyY6rEUpg.jpeg\",\"width\":1600,\"height\":1600,\"caption\":\"skaitytaknyga.lt\"},\"image\":{\"@id\":\"https:\\\/\\\/skaitytaknyga.lt\\\/#\\\/schema\\\/logo\\\/image\\\/\"},\"sameAs\":[\"https:\\\/\\\/www.facebook.com\\\/skaitytaknyga\\\/\"]}]}<\/script>\n<!-- \/ Yoast SEO plugin. -->","yoast_head_json":{"title":"Apgaulingas mokslas - Skaitytaknyga","description":"\u0160is vadov\u0117lis \u2013 tai mokomoji priemon\u0117 besimokantiems kompiuterin\u0117s grafikos su CorelDRAW programa, kuri pla\u010diai naudojama pie\u0161iant, kuriant kompozicijas. Tod\u0117l \u0161is vadov\u0117lis yra naudingas dizaineriams, grafikos specialistams, skulptoriams ir kit\u0173 sri\u010di\u0173 menininkams, besidomintiems kompiuterine grafika. \u0160iame vadov\u0117lyje neprisiri\u0161ama prie konkre\u010dios CorelDRAW versijos. \u010cia apra\u0161omi fundamental\u016bs mokymosi dirbti su CorelDRAW programa pagrindai. Vadov\u0117l\u012f sudaro 25 skyriai. Kiekvieno skyriaus prad\u017eioje pateikiamos b\u016btinos teorin\u0117s \u017einios, apra\u0161omi valdymo elementai ir darbo proced\u016bra. Kiekviename skyrelyje yra pratim\u0173, nurodoma, kaip ir su kokiomis priemon\u0117mis juos atlikti. Tai padeda geriau perprasti pateikt\u0105 med\u017eiag\u0105. \u0160is vadov\u0117lis pravers ir pradedantiesiems, ir jau susipa\u017einusiems su CorelDRAW programa. Jis skirtas auk\u0161t\u0173j\u0173 mokykl\u0173 studentams menininkams.","robots":{"index":"index","follow":"follow","max-snippet":"max-snippet:-1","max-image-preview":"max-image-preview:large","max-video-preview":"max-video-preview:-1"},"canonical":"https:\/\/skaitytaknyga.lt\/en\/produktas\/apgaulingas-mokslas\/","og_locale":"en_GB","og_type":"article","og_title":"Apgaulingas mokslas - Skaitytaknyga","og_description":"\u0160is vadov\u0117lis \u2013 tai mokomoji priemon\u0117 besimokantiems kompiuterin\u0117s grafikos su CorelDRAW programa, kuri pla\u010diai naudojama pie\u0161iant, kuriant kompozicijas. Tod\u0117l \u0161is vadov\u0117lis yra naudingas dizaineriams, grafikos specialistams, skulptoriams ir kit\u0173 sri\u010di\u0173 menininkams, besidomintiems kompiuterine grafika. \u0160iame vadov\u0117lyje neprisiri\u0161ama prie konkre\u010dios CorelDRAW versijos. \u010cia apra\u0161omi fundamental\u016bs mokymosi dirbti su CorelDRAW programa pagrindai. Vadov\u0117l\u012f sudaro 25 skyriai. Kiekvieno skyriaus prad\u017eioje pateikiamos b\u016btinos teorin\u0117s \u017einios, apra\u0161omi valdymo elementai ir darbo proced\u016bra. Kiekviename skyrelyje yra pratim\u0173, nurodoma, kaip ir su kokiomis priemon\u0117mis juos atlikti. Tai padeda geriau perprasti pateikt\u0105 med\u017eiag\u0105. \u0160is vadov\u0117lis pravers ir pradedantiesiems, ir jau susipa\u017einusiems su CorelDRAW programa. Jis skirtas auk\u0161t\u0173j\u0173 mokykl\u0173 studentams menininkams.","og_url":"https:\/\/skaitytaknyga.lt\/en\/produktas\/apgaulingas-mokslas\/","og_site_name":"Skaitytaknyga","article_publisher":"https:\/\/www.facebook.com\/skaitytaknyga\/","article_modified_time":"2024-08-21T06:26:30+00:00","og_image":[{"width":541,"height":800,"url":"https:\/\/skaitytaknyga.lt\/wp-content\/uploads\/2024\/05\/1462877377_apgaulin.webp","type":"image\/webp"}],"twitter_card":"summary_large_image","schema":{"@context":"https:\/\/schema.org","@graph":[{"@type":"WebPage","@id":"https:\/\/skaitytaknyga.lt\/produktas\/apgaulingas-mokslas\/","url":"https:\/\/skaitytaknyga.lt\/produktas\/apgaulingas-mokslas\/","name":"Apgaulingas mokslas - Skaitytaknyga","isPartOf":{"@id":"https:\/\/skaitytaknyga.lt\/#website"},"primaryImageOfPage":{"@id":"https:\/\/skaitytaknyga.lt\/produktas\/apgaulingas-mokslas\/#primaryimage"},"image":{"@id":"https:\/\/skaitytaknyga.lt\/produktas\/apgaulingas-mokslas\/#primaryimage"},"thumbnailUrl":"https:\/\/skaitytaknyga.lt\/wp-content\/uploads\/2024\/05\/1462877377_apgaulin.webp","datePublished":"2024-05-04T18:18:17+00:00","dateModified":"2024-08-21T06:26:30+00:00","description":"\u0160is vadov\u0117lis \u2013 tai mokomoji priemon\u0117 besimokantiems kompiuterin\u0117s grafikos su CorelDRAW programa, kuri pla\u010diai naudojama pie\u0161iant, kuriant kompozicijas. Tod\u0117l \u0161is vadov\u0117lis yra naudingas dizaineriams, grafikos specialistams, skulptoriams ir kit\u0173 sri\u010di\u0173 menininkams, besidomintiems kompiuterine grafika. \u0160iame vadov\u0117lyje neprisiri\u0161ama prie konkre\u010dios CorelDRAW versijos. \u010cia apra\u0161omi fundamental\u016bs mokymosi dirbti su CorelDRAW programa pagrindai. Vadov\u0117l\u012f sudaro 25 skyriai. Kiekvieno skyriaus prad\u017eioje pateikiamos b\u016btinos teorin\u0117s \u017einios, apra\u0161omi valdymo elementai ir darbo proced\u016bra. Kiekviename skyrelyje yra pratim\u0173, nurodoma, kaip ir su kokiomis priemon\u0117mis juos atlikti. Tai padeda geriau perprasti pateikt\u0105 med\u017eiag\u0105. \u0160is vadov\u0117lis pravers ir pradedantiesiems, ir jau susipa\u017einusiems su CorelDRAW programa. Jis skirtas auk\u0161t\u0173j\u0173 mokykl\u0173 studentams menininkams.","breadcrumb":{"@id":"https:\/\/skaitytaknyga.lt\/produktas\/apgaulingas-mokslas\/#breadcrumb"},"inLanguage":"en-GB","potentialAction":[{"@type":"ReadAction","target":["https:\/\/skaitytaknyga.lt\/produktas\/apgaulingas-mokslas\/"]}]},{"@type":"ImageObject","inLanguage":"en-GB","@id":"https:\/\/skaitytaknyga.lt\/produktas\/apgaulingas-mokslas\/#primaryimage","url":"https:\/\/skaitytaknyga.lt\/wp-content\/uploads\/2024\/05\/1462877377_apgaulin.webp","contentUrl":"https:\/\/skaitytaknyga.lt\/wp-content\/uploads\/2024\/05\/1462877377_apgaulin.webp","width":541,"height":800},{"@type":"BreadcrumbList","@id":"https:\/\/skaitytaknyga.lt\/produktas\/apgaulingas-mokslas\/#breadcrumb","itemListElement":[{"@type":"ListItem","position":1,"name":"Home","item":"https:\/\/skaitytaknyga.lt\/"},{"@type":"ListItem","position":2,"name":"Parduotuv\u0117","item":"https:\/\/skaitytaknyga.lt\/knygu-parduotuve\/"},{"@type":"ListItem","position":3,"name":"Apgaulingas mokslas"}]},{"@type":"WebSite","@id":"https:\/\/skaitytaknyga.lt\/#website","url":"https:\/\/skaitytaknyga.lt\/","name":"skaitytaknyga.lt","description":"Skaitytaknyga.lt \u2013 tai ma\u017eas \u0161eimos verslas, kuris prasid\u0117jo nuo meil\u0117s knygoms ir siekio i\u0161gelb\u0117ti knygas nuo likimo prie konteinerio. Kas vienam nereikalingas daiktas \u2013 kitam lobis, o mes esame tarpininkai, kurie padeda abiems tapti laimingesniems ???? \u017dinome kaip nelengva i\u0161gyventi ma\u017eiems verslams, tad nuo \u0161iol, \u010dia rasite ir kit\u0173, ma\u017e\u0173 \u0161eim\u0173 versl\u0173, rank\u0173 darbo, dovan\u0173 sau ir artimiesiems.","publisher":{"@id":"https:\/\/skaitytaknyga.lt\/#organization"},"potentialAction":[{"@type":"SearchAction","target":{"@type":"EntryPoint","urlTemplate":"https:\/\/skaitytaknyga.lt\/?s={search_term_string}"},"query-input":{"@type":"PropertyValueSpecification","valueRequired":true,"valueName":"search_term_string"}}],"inLanguage":"en-GB"},{"@type":"Organization","@id":"https:\/\/skaitytaknyga.lt\/#organization","name":"skaitytaknyga.lt","url":"https:\/\/skaitytaknyga.lt\/","logo":{"@type":"ImageObject","inLanguage":"en-GB","@id":"https:\/\/skaitytaknyga.lt\/#\/schema\/logo\/image\/","url":"https:\/\/skaitytaknyga.lt\/wp-content\/uploads\/2024\/05\/cropped-cropped-cropped-02_00843_jt3bggkj1j3HLc7SyY6rEUpg.jpeg","contentUrl":"https:\/\/skaitytaknyga.lt\/wp-content\/uploads\/2024\/05\/cropped-cropped-cropped-02_00843_jt3bggkj1j3HLc7SyY6rEUpg.jpeg","width":1600,"height":1600,"caption":"skaitytaknyga.lt"},"image":{"@id":"https:\/\/skaitytaknyga.lt\/#\/schema\/logo\/image\/"},"sameAs":["https:\/\/www.facebook.com\/skaitytaknyga\/"]}]}},"_links":{"self":[{"href":"https:\/\/skaitytaknyga.lt\/en\/wp-json\/wp\/v2\/product\/10498","targetHints":{"allow":["GET"]}}],"collection":[{"href":"https:\/\/skaitytaknyga.lt\/en\/wp-json\/wp\/v2\/product"}],"about":[{"href":"https:\/\/skaitytaknyga.lt\/en\/wp-json\/wp\/v2\/types\/product"}],"replies":[{"embeddable":true,"href":"https:\/\/skaitytaknyga.lt\/en\/wp-json\/wp\/v2\/comments?post=10498"}],"wp:featuredmedia":[{"embeddable":true,"href":"https:\/\/skaitytaknyga.lt\/en\/wp-json\/wp\/v2\/media\/10547"}],"wp:attachment":[{"href":"https:\/\/skaitytaknyga.lt\/en\/wp-json\/wp\/v2\/media?parent=10498"}],"wp:term":[{"taxonomy":"product_brand","embeddable":true,"href":"https:\/\/skaitytaknyga.lt\/en\/wp-json\/wp\/v2\/product_brand?post=10498"},{"taxonomy":"product_cat","embeddable":true,"href":"https:\/\/skaitytaknyga.lt\/en\/wp-json\/wp\/v2\/product_cat?post=10498"},{"taxonomy":"product_tag","embeddable":true,"href":"https:\/\/skaitytaknyga.lt\/en\/wp-json\/wp\/v2\/product_tag?post=10498"}],"curies":[{"name":"wp","href":"https:\/\/api.w.org\/{rel}","templated":true}]}}