{"id":10497,"date":"2024-05-04T18:18:17","date_gmt":"2024-05-04T18:18:17","guid":{"rendered":"https:\/\/skaitytaknyga.lt\/?post_type=product&#038;p=10497"},"modified":"2024-05-04T18:20:54","modified_gmt":"2024-05-04T18:20:54","slug":"coraldraw-terleje-studentams-menininkams","status":"publish","type":"product","link":"https:\/\/skaitytaknyga.lt\/en\/produktas\/coraldraw-terleje-studentams-menininkams\/","title":{"rendered":"CoralDRAW terl\u0117je studentams menininkams"},"content":{"rendered":"<p>\u0160is vadov\u0117lis \u2013 tai mokomoji priemon\u0117 besimokantiems kompiuterin\u0117s grafikos su CorelDRAW programa, kuri pla\u010diai naudojama pie\u0161iant, kuriant kompozicijas. Tod\u0117l \u0161is vadov\u0117lis yra naudingas dizaineriams, grafikos specialistams, skulptoriams ir kit\u0173 sri\u010di\u0173 menininkams, besidomintiems kompiuterine grafika.<br \/>\n\u0160iame vadov\u0117lyje neprisiri\u0161ama prie konkre\u010dios CorelDRAW versijos. \u010cia apra\u0161omi fundamental\u016bs mokymosi dirbti su CorelDRAW programa pagrindai. Vadov\u0117l\u012f sudaro 25 skyriai. Kiekvieno skyriaus prad\u017eioje pateikiamos b\u016btinos teorin\u0117s \u017einios, apra\u0161omi valdymo elementai ir darbo proced\u016bra. Kiekviename skyrelyje yra pratim\u0173, nurodoma, kaip ir su kokiomis priemon\u0117mis juos atlikti. Tai padeda geriau perprasti pateikt\u0105 med\u017eiag\u0105. \u0160is vadov\u0117lis pravers ir pradedantiesiems, ir jau susipa\u017einusiems su CorelDRAW programa. Jis skirtas auk\u0161t\u0173j\u0173 mokykl\u0173 studentams menininkams.<\/p>\n","protected":false},"excerpt":{"rendered":"<p>\u0160is vadov\u0117lis \u2013 tai mokomoji priemon\u0117 besimokantiems kompiuterin\u0117s grafikos su CorelDRAW programa, kuri pla\u010diai naudojama pie\u0161iant, kuriant kompozicijas. Tod\u0117l \u0161is vadov\u0117lis yra naudingas dizaineriams, grafikos specialistams, skulptoriams ir kit\u0173 sri\u010di\u0173 menininkams, besidomintiems kompiuterine grafika.<br \/>\n\u0160iame vadov\u0117lyje neprisiri\u0161ama prie konkre\u010dios CorelDRAW versijos. \u010cia apra\u0161omi fundamental\u016bs mokymosi dirbti su CorelDRAW programa pagrindai. Vadov\u0117l\u012f sudaro 25 skyriai. Kiekvieno skyriaus prad\u017eioje pateikiamos b\u016btinos teorin\u0117s \u017einios, apra\u0161omi valdymo elementai ir darbo proced\u016bra. Kiekviename skyrelyje yra pratim\u0173, nurodoma, kaip ir su kokiomis priemon\u0117mis juos atlikti. Tai padeda geriau perprasti pateikt\u0105 med\u017eiag\u0105. \u0160is vadov\u0117lis pravers ir pradedantiesiems, ir jau susipa\u017einusiems su CorelDRAW programa. Jis skirtas auk\u0161t\u0173j\u0173 mokykl\u0173 studentams menininkams.<\/p>\n","protected":false},"featured_media":10545,"comment_status":"closed","ping_status":"closed","template":"","meta":{"_acf_changed":false,"site-sidebar-layout":"default","site-content-layout":"","ast-site-content-layout":"default","site-content-style":"default","site-sidebar-style":"default","ast-global-header-display":"","ast-banner-title-visibility":"","ast-main-header-display":"","ast-hfb-above-header-display":"","ast-hfb-below-header-display":"","ast-hfb-mobile-header-display":"","site-post-title":"","ast-breadcrumbs-content":"","ast-featured-img":"","footer-sml-layout":"","ast-disable-related-posts":"","theme-transparent-header-meta":"","adv-header-id-meta":"","stick-header-meta":"","header-above-stick-meta":"","header-main-stick-meta":"","header-below-stick-meta":"","astra-migrate-meta-layouts":"default","ast-page-background-enabled":"default","ast-page-background-meta":{"desktop":{"background-color":"","background-image":"","background-repeat":"repeat","background-position":"center center","background-size":"auto","background-attachment":"scroll","background-type":"","background-media":"","overlay-type":"","overlay-color":"","overlay-opacity":"","overlay-gradient":""},"tablet":{"background-color":"","background-image":"","background-repeat":"repeat","background-position":"center center","background-size":"auto","background-attachment":"scroll","background-type":"","background-media":"","overlay-type":"","overlay-color":"","overlay-opacity":"","overlay-gradient":""},"mobile":{"background-color":"","background-image":"","background-repeat":"repeat","background-position":"center center","background-size":"auto","background-attachment":"scroll","background-type":"","background-media":"","overlay-type":"","overlay-color":"","overlay-opacity":"","overlay-gradient":""}},"ast-content-background-meta":{"desktop":{"background-color":"var(--ast-global-color-4)","background-image":"","background-repeat":"repeat","background-position":"center center","background-size":"auto","background-attachment":"scroll","background-type":"","background-media":"","overlay-type":"","overlay-color":"","overlay-opacity":"","overlay-gradient":""},"tablet":{"background-color":"var(--ast-global-color-4)","background-image":"","background-repeat":"repeat","background-position":"center center","background-size":"auto","background-attachment":"scroll","background-type":"","background-media":"","overlay-type":"","overlay-color":"","overlay-opacity":"","overlay-gradient":""},"mobile":{"background-color":"var(--ast-global-color-4)","background-image":"","background-repeat":"repeat","background-position":"center center","background-size":"auto","background-attachment":"scroll","background-type":"","background-media":"","overlay-type":"","overlay-color":"","overlay-opacity":"","overlay-gradient":""}}},"product_brand":[],"product_cat":[15],"product_tag":[],"class_list":{"0":"post-10497","1":"product","2":"type-product","3":"status-publish","4":"has-post-thumbnail","6":"product_cat-uncategorized","7":"desktop-align-left","8":"tablet-align-left","9":"mobile-align-left","11":"first","12":"outofstock","13":"shipping-taxable","14":"purchasable","15":"product-type-simple"},"acf":[],"yoast_head":"<!-- This site is optimized with the Yoast SEO plugin v27.4 - https:\/\/yoast.com\/product\/yoast-seo-wordpress\/ -->\n<title>CoralDRAW terl\u0117je studentams menininkams - Skaitytaknyga<\/title>\n<meta name=\"description\" content=\"\u0160is vadov\u0117lis \u2013 tai mokomoji priemon\u0117 besimokantiems kompiuterin\u0117s grafikos su CorelDRAW programa, kuri pla\u010diai naudojama pie\u0161iant, kuriant kompozicijas. Tod\u0117l \u0161is vadov\u0117lis yra naudingas dizaineriams, grafikos specialistams, skulptoriams ir kit\u0173 sri\u010di\u0173 menininkams, besidomintiems kompiuterine grafika. \u0160iame vadov\u0117lyje neprisiri\u0161ama prie konkre\u010dios CorelDRAW versijos. \u010cia apra\u0161omi fundamental\u016bs mokymosi dirbti su CorelDRAW programa pagrindai. Vadov\u0117l\u012f sudaro 25 skyriai. Kiekvieno skyriaus prad\u017eioje pateikiamos b\u016btinos teorin\u0117s \u017einios, apra\u0161omi valdymo elementai ir darbo proced\u016bra. Kiekviename skyrelyje yra pratim\u0173, nurodoma, kaip ir su kokiomis priemon\u0117mis juos atlikti. Tai padeda geriau perprasti pateikt\u0105 med\u017eiag\u0105. \u0160is vadov\u0117lis pravers ir pradedantiesiems, ir jau susipa\u017einusiems su CorelDRAW programa. Jis skirtas auk\u0161t\u0173j\u0173 mokykl\u0173 studentams menininkams.\" \/>\n<meta name=\"robots\" content=\"index, follow, max-snippet:-1, max-image-preview:large, max-video-preview:-1\" \/>\n<link rel=\"canonical\" href=\"https:\/\/skaitytaknyga.lt\/en\/produktas\/coraldraw-terleje-studentams-menininkams\/\" \/>\n<meta property=\"og:locale\" content=\"en_GB\" \/>\n<meta property=\"og:locale:alternate\" content=\"lt_LT\" \/>\n<meta property=\"og:type\" content=\"article\" \/>\n<meta property=\"og:title\" content=\"CoralDRAW terl\u0117je studentams menininkams - Skaitytaknyga\" \/>\n<meta property=\"og:description\" content=\"\u0160is vadov\u0117lis \u2013 tai mokomoji priemon\u0117 besimokantiems kompiuterin\u0117s grafikos su CorelDRAW programa, kuri pla\u010diai naudojama pie\u0161iant, kuriant kompozicijas. Tod\u0117l \u0161is vadov\u0117lis yra naudingas dizaineriams, grafikos specialistams, skulptoriams ir kit\u0173 sri\u010di\u0173 menininkams, besidomintiems kompiuterine grafika. \u0160iame vadov\u0117lyje neprisiri\u0161ama prie konkre\u010dios CorelDRAW versijos. \u010cia apra\u0161omi fundamental\u016bs mokymosi dirbti su CorelDRAW programa pagrindai. Vadov\u0117l\u012f sudaro 25 skyriai. Kiekvieno skyriaus prad\u017eioje pateikiamos b\u016btinos teorin\u0117s \u017einios, apra\u0161omi valdymo elementai ir darbo proced\u016bra. Kiekviename skyrelyje yra pratim\u0173, nurodoma, kaip ir su kokiomis priemon\u0117mis juos atlikti. Tai padeda geriau perprasti pateikt\u0105 med\u017eiag\u0105. \u0160is vadov\u0117lis pravers ir pradedantiesiems, ir jau susipa\u017einusiems su CorelDRAW programa. Jis skirtas auk\u0161t\u0173j\u0173 mokykl\u0173 studentams menininkams.\" \/>\n<meta property=\"og:url\" content=\"https:\/\/skaitytaknyga.lt\/en\/produktas\/coraldraw-terleje-studentams-menininkams\/\" \/>\n<meta property=\"og:site_name\" content=\"Skaitytaknyga\" \/>\n<meta property=\"article:publisher\" content=\"https:\/\/www.facebook.com\/skaitytaknyga\/\" \/>\n<meta property=\"article:modified_time\" content=\"2024-05-04T18:20:54+00:00\" \/>\n<meta property=\"og:image\" content=\"https:\/\/skaitytaknyga.lt\/wp-content\/uploads\/2024\/05\/20220910_105614-scaled-e1662806122118.jpg\" \/>\n\t<meta property=\"og:image:width\" content=\"2560\" \/>\n\t<meta property=\"og:image:height\" content=\"2560\" \/>\n\t<meta property=\"og:image:type\" content=\"image\/jpeg\" \/>\n<meta name=\"twitter:card\" content=\"summary_large_image\" \/>\n<meta name=\"twitter:label1\" content=\"Estimated reading time\" \/>\n\t<meta name=\"twitter:data1\" content=\"1 minute\" \/>\n<script type=\"application\/ld+json\" class=\"yoast-schema-graph\">{\"@context\":\"https:\\\/\\\/schema.org\",\"@graph\":[{\"@type\":\"WebPage\",\"@id\":\"https:\\\/\\\/skaitytaknyga.lt\\\/produktas\\\/coraldraw-terleje-studentams-menininkams\\\/\",\"url\":\"https:\\\/\\\/skaitytaknyga.lt\\\/produktas\\\/coraldraw-terleje-studentams-menininkams\\\/\",\"name\":\"CoralDRAW terl\u0117je studentams menininkams - Skaitytaknyga\",\"isPartOf\":{\"@id\":\"https:\\\/\\\/skaitytaknyga.lt\\\/#website\"},\"primaryImageOfPage\":{\"@id\":\"https:\\\/\\\/skaitytaknyga.lt\\\/produktas\\\/coraldraw-terleje-studentams-menininkams\\\/#primaryimage\"},\"image\":{\"@id\":\"https:\\\/\\\/skaitytaknyga.lt\\\/produktas\\\/coraldraw-terleje-studentams-menininkams\\\/#primaryimage\"},\"thumbnailUrl\":\"https:\\\/\\\/skaitytaknyga.lt\\\/wp-content\\\/uploads\\\/2024\\\/05\\\/20220910_105614-scaled-e1662806122118.jpg\",\"datePublished\":\"2024-05-04T18:18:17+00:00\",\"dateModified\":\"2024-05-04T18:20:54+00:00\",\"description\":\"\u0160is vadov\u0117lis \u2013 tai mokomoji priemon\u0117 besimokantiems kompiuterin\u0117s grafikos su CorelDRAW programa, kuri pla\u010diai naudojama pie\u0161iant, kuriant kompozicijas. Tod\u0117l \u0161is vadov\u0117lis yra naudingas dizaineriams, grafikos specialistams, skulptoriams ir kit\u0173 sri\u010di\u0173 menininkams, besidomintiems kompiuterine grafika. \u0160iame vadov\u0117lyje neprisiri\u0161ama prie konkre\u010dios CorelDRAW versijos. \u010cia apra\u0161omi fundamental\u016bs mokymosi dirbti su CorelDRAW programa pagrindai. Vadov\u0117l\u012f sudaro 25 skyriai. Kiekvieno skyriaus prad\u017eioje pateikiamos b\u016btinos teorin\u0117s \u017einios, apra\u0161omi valdymo elementai ir darbo proced\u016bra. Kiekviename skyrelyje yra pratim\u0173, nurodoma, kaip ir su kokiomis priemon\u0117mis juos atlikti. Tai padeda geriau perprasti pateikt\u0105 med\u017eiag\u0105. \u0160is vadov\u0117lis pravers ir pradedantiesiems, ir jau susipa\u017einusiems su CorelDRAW programa. Jis skirtas auk\u0161t\u0173j\u0173 mokykl\u0173 studentams menininkams.\",\"breadcrumb\":{\"@id\":\"https:\\\/\\\/skaitytaknyga.lt\\\/produktas\\\/coraldraw-terleje-studentams-menininkams\\\/#breadcrumb\"},\"inLanguage\":\"en-GB\",\"potentialAction\":[{\"@type\":\"ReadAction\",\"target\":[\"https:\\\/\\\/skaitytaknyga.lt\\\/produktas\\\/coraldraw-terleje-studentams-menininkams\\\/\"]}]},{\"@type\":\"ImageObject\",\"inLanguage\":\"en-GB\",\"@id\":\"https:\\\/\\\/skaitytaknyga.lt\\\/produktas\\\/coraldraw-terleje-studentams-menininkams\\\/#primaryimage\",\"url\":\"https:\\\/\\\/skaitytaknyga.lt\\\/wp-content\\\/uploads\\\/2024\\\/05\\\/20220910_105614-scaled-e1662806122118.jpg\",\"contentUrl\":\"https:\\\/\\\/skaitytaknyga.lt\\\/wp-content\\\/uploads\\\/2024\\\/05\\\/20220910_105614-scaled-e1662806122118.jpg\",\"width\":2560,\"height\":2560},{\"@type\":\"BreadcrumbList\",\"@id\":\"https:\\\/\\\/skaitytaknyga.lt\\\/produktas\\\/coraldraw-terleje-studentams-menininkams\\\/#breadcrumb\",\"itemListElement\":[{\"@type\":\"ListItem\",\"position\":1,\"name\":\"Home\",\"item\":\"https:\\\/\\\/skaitytaknyga.lt\\\/\"},{\"@type\":\"ListItem\",\"position\":2,\"name\":\"Parduotuv\u0117\",\"item\":\"https:\\\/\\\/skaitytaknyga.lt\\\/knygu-parduotuve\\\/\"},{\"@type\":\"ListItem\",\"position\":3,\"name\":\"CoralDRAW terl\u0117je studentams menininkams\"}]},{\"@type\":\"WebSite\",\"@id\":\"https:\\\/\\\/skaitytaknyga.lt\\\/#website\",\"url\":\"https:\\\/\\\/skaitytaknyga.lt\\\/\",\"name\":\"skaitytaknyga.lt\",\"description\":\"Skaitytaknyga.lt \u2013 tai ma\u017eas \u0161eimos verslas, kuris prasid\u0117jo nuo meil\u0117s knygoms ir siekio i\u0161gelb\u0117ti knygas nuo likimo prie konteinerio. Kas vienam nereikalingas daiktas \u2013 kitam lobis, o mes esame tarpininkai, kurie padeda abiems tapti laimingesniems ???? \u017dinome kaip nelengva i\u0161gyventi ma\u017eiems verslams, tad nuo \u0161iol, \u010dia rasite ir kit\u0173, ma\u017e\u0173 \u0161eim\u0173 versl\u0173, rank\u0173 darbo, dovan\u0173 sau ir artimiesiems.\",\"publisher\":{\"@id\":\"https:\\\/\\\/skaitytaknyga.lt\\\/#organization\"},\"potentialAction\":[{\"@type\":\"SearchAction\",\"target\":{\"@type\":\"EntryPoint\",\"urlTemplate\":\"https:\\\/\\\/skaitytaknyga.lt\\\/?s={search_term_string}\"},\"query-input\":{\"@type\":\"PropertyValueSpecification\",\"valueRequired\":true,\"valueName\":\"search_term_string\"}}],\"inLanguage\":\"en-GB\"},{\"@type\":\"Organization\",\"@id\":\"https:\\\/\\\/skaitytaknyga.lt\\\/#organization\",\"name\":\"skaitytaknyga.lt\",\"url\":\"https:\\\/\\\/skaitytaknyga.lt\\\/\",\"logo\":{\"@type\":\"ImageObject\",\"inLanguage\":\"en-GB\",\"@id\":\"https:\\\/\\\/skaitytaknyga.lt\\\/#\\\/schema\\\/logo\\\/image\\\/\",\"url\":\"https:\\\/\\\/skaitytaknyga.lt\\\/wp-content\\\/uploads\\\/2024\\\/05\\\/cropped-cropped-cropped-02_00843_jt3bggkj1j3HLc7SyY6rEUpg.jpeg\",\"contentUrl\":\"https:\\\/\\\/skaitytaknyga.lt\\\/wp-content\\\/uploads\\\/2024\\\/05\\\/cropped-cropped-cropped-02_00843_jt3bggkj1j3HLc7SyY6rEUpg.jpeg\",\"width\":1600,\"height\":1600,\"caption\":\"skaitytaknyga.lt\"},\"image\":{\"@id\":\"https:\\\/\\\/skaitytaknyga.lt\\\/#\\\/schema\\\/logo\\\/image\\\/\"},\"sameAs\":[\"https:\\\/\\\/www.facebook.com\\\/skaitytaknyga\\\/\"]}]}<\/script>\n<!-- \/ Yoast SEO plugin. -->","yoast_head_json":{"title":"CoralDRAW terl\u0117je studentams menininkams - Skaitytaknyga","description":"\u0160is vadov\u0117lis \u2013 tai mokomoji priemon\u0117 besimokantiems kompiuterin\u0117s grafikos su CorelDRAW programa, kuri pla\u010diai naudojama pie\u0161iant, kuriant kompozicijas. Tod\u0117l \u0161is vadov\u0117lis yra naudingas dizaineriams, grafikos specialistams, skulptoriams ir kit\u0173 sri\u010di\u0173 menininkams, besidomintiems kompiuterine grafika. \u0160iame vadov\u0117lyje neprisiri\u0161ama prie konkre\u010dios CorelDRAW versijos. \u010cia apra\u0161omi fundamental\u016bs mokymosi dirbti su CorelDRAW programa pagrindai. Vadov\u0117l\u012f sudaro 25 skyriai. Kiekvieno skyriaus prad\u017eioje pateikiamos b\u016btinos teorin\u0117s \u017einios, apra\u0161omi valdymo elementai ir darbo proced\u016bra. Kiekviename skyrelyje yra pratim\u0173, nurodoma, kaip ir su kokiomis priemon\u0117mis juos atlikti. Tai padeda geriau perprasti pateikt\u0105 med\u017eiag\u0105. \u0160is vadov\u0117lis pravers ir pradedantiesiems, ir jau susipa\u017einusiems su CorelDRAW programa. Jis skirtas auk\u0161t\u0173j\u0173 mokykl\u0173 studentams menininkams.","robots":{"index":"index","follow":"follow","max-snippet":"max-snippet:-1","max-image-preview":"max-image-preview:large","max-video-preview":"max-video-preview:-1"},"canonical":"https:\/\/skaitytaknyga.lt\/en\/produktas\/coraldraw-terleje-studentams-menininkams\/","og_locale":"en_GB","og_type":"article","og_title":"CoralDRAW terl\u0117je studentams menininkams - Skaitytaknyga","og_description":"\u0160is vadov\u0117lis \u2013 tai mokomoji priemon\u0117 besimokantiems kompiuterin\u0117s grafikos su CorelDRAW programa, kuri pla\u010diai naudojama pie\u0161iant, kuriant kompozicijas. Tod\u0117l \u0161is vadov\u0117lis yra naudingas dizaineriams, grafikos specialistams, skulptoriams ir kit\u0173 sri\u010di\u0173 menininkams, besidomintiems kompiuterine grafika. \u0160iame vadov\u0117lyje neprisiri\u0161ama prie konkre\u010dios CorelDRAW versijos. \u010cia apra\u0161omi fundamental\u016bs mokymosi dirbti su CorelDRAW programa pagrindai. Vadov\u0117l\u012f sudaro 25 skyriai. Kiekvieno skyriaus prad\u017eioje pateikiamos b\u016btinos teorin\u0117s \u017einios, apra\u0161omi valdymo elementai ir darbo proced\u016bra. Kiekviename skyrelyje yra pratim\u0173, nurodoma, kaip ir su kokiomis priemon\u0117mis juos atlikti. Tai padeda geriau perprasti pateikt\u0105 med\u017eiag\u0105. \u0160is vadov\u0117lis pravers ir pradedantiesiems, ir jau susipa\u017einusiems su CorelDRAW programa. Jis skirtas auk\u0161t\u0173j\u0173 mokykl\u0173 studentams menininkams.","og_url":"https:\/\/skaitytaknyga.lt\/en\/produktas\/coraldraw-terleje-studentams-menininkams\/","og_site_name":"Skaitytaknyga","article_publisher":"https:\/\/www.facebook.com\/skaitytaknyga\/","article_modified_time":"2024-05-04T18:20:54+00:00","og_image":[{"width":2560,"height":2560,"url":"https:\/\/skaitytaknyga.lt\/wp-content\/uploads\/2024\/05\/20220910_105614-scaled-e1662806122118.jpg","type":"image\/jpeg"}],"twitter_card":"summary_large_image","twitter_misc":{"Estimated reading time":"1 minute"},"schema":{"@context":"https:\/\/schema.org","@graph":[{"@type":"WebPage","@id":"https:\/\/skaitytaknyga.lt\/produktas\/coraldraw-terleje-studentams-menininkams\/","url":"https:\/\/skaitytaknyga.lt\/produktas\/coraldraw-terleje-studentams-menininkams\/","name":"CoralDRAW terl\u0117je studentams menininkams - Skaitytaknyga","isPartOf":{"@id":"https:\/\/skaitytaknyga.lt\/#website"},"primaryImageOfPage":{"@id":"https:\/\/skaitytaknyga.lt\/produktas\/coraldraw-terleje-studentams-menininkams\/#primaryimage"},"image":{"@id":"https:\/\/skaitytaknyga.lt\/produktas\/coraldraw-terleje-studentams-menininkams\/#primaryimage"},"thumbnailUrl":"https:\/\/skaitytaknyga.lt\/wp-content\/uploads\/2024\/05\/20220910_105614-scaled-e1662806122118.jpg","datePublished":"2024-05-04T18:18:17+00:00","dateModified":"2024-05-04T18:20:54+00:00","description":"\u0160is vadov\u0117lis \u2013 tai mokomoji priemon\u0117 besimokantiems kompiuterin\u0117s grafikos su CorelDRAW programa, kuri pla\u010diai naudojama pie\u0161iant, kuriant kompozicijas. Tod\u0117l \u0161is vadov\u0117lis yra naudingas dizaineriams, grafikos specialistams, skulptoriams ir kit\u0173 sri\u010di\u0173 menininkams, besidomintiems kompiuterine grafika. \u0160iame vadov\u0117lyje neprisiri\u0161ama prie konkre\u010dios CorelDRAW versijos. \u010cia apra\u0161omi fundamental\u016bs mokymosi dirbti su CorelDRAW programa pagrindai. Vadov\u0117l\u012f sudaro 25 skyriai. Kiekvieno skyriaus prad\u017eioje pateikiamos b\u016btinos teorin\u0117s \u017einios, apra\u0161omi valdymo elementai ir darbo proced\u016bra. Kiekviename skyrelyje yra pratim\u0173, nurodoma, kaip ir su kokiomis priemon\u0117mis juos atlikti. Tai padeda geriau perprasti pateikt\u0105 med\u017eiag\u0105. \u0160is vadov\u0117lis pravers ir pradedantiesiems, ir jau susipa\u017einusiems su CorelDRAW programa. Jis skirtas auk\u0161t\u0173j\u0173 mokykl\u0173 studentams menininkams.","breadcrumb":{"@id":"https:\/\/skaitytaknyga.lt\/produktas\/coraldraw-terleje-studentams-menininkams\/#breadcrumb"},"inLanguage":"en-GB","potentialAction":[{"@type":"ReadAction","target":["https:\/\/skaitytaknyga.lt\/produktas\/coraldraw-terleje-studentams-menininkams\/"]}]},{"@type":"ImageObject","inLanguage":"en-GB","@id":"https:\/\/skaitytaknyga.lt\/produktas\/coraldraw-terleje-studentams-menininkams\/#primaryimage","url":"https:\/\/skaitytaknyga.lt\/wp-content\/uploads\/2024\/05\/20220910_105614-scaled-e1662806122118.jpg","contentUrl":"https:\/\/skaitytaknyga.lt\/wp-content\/uploads\/2024\/05\/20220910_105614-scaled-e1662806122118.jpg","width":2560,"height":2560},{"@type":"BreadcrumbList","@id":"https:\/\/skaitytaknyga.lt\/produktas\/coraldraw-terleje-studentams-menininkams\/#breadcrumb","itemListElement":[{"@type":"ListItem","position":1,"name":"Home","item":"https:\/\/skaitytaknyga.lt\/"},{"@type":"ListItem","position":2,"name":"Parduotuv\u0117","item":"https:\/\/skaitytaknyga.lt\/knygu-parduotuve\/"},{"@type":"ListItem","position":3,"name":"CoralDRAW terl\u0117je studentams menininkams"}]},{"@type":"WebSite","@id":"https:\/\/skaitytaknyga.lt\/#website","url":"https:\/\/skaitytaknyga.lt\/","name":"skaitytaknyga.lt","description":"Skaitytaknyga.lt \u2013 tai ma\u017eas \u0161eimos verslas, kuris prasid\u0117jo nuo meil\u0117s knygoms ir siekio i\u0161gelb\u0117ti knygas nuo likimo prie konteinerio. Kas vienam nereikalingas daiktas \u2013 kitam lobis, o mes esame tarpininkai, kurie padeda abiems tapti laimingesniems ???? \u017dinome kaip nelengva i\u0161gyventi ma\u017eiems verslams, tad nuo \u0161iol, \u010dia rasite ir kit\u0173, ma\u017e\u0173 \u0161eim\u0173 versl\u0173, rank\u0173 darbo, dovan\u0173 sau ir artimiesiems.","publisher":{"@id":"https:\/\/skaitytaknyga.lt\/#organization"},"potentialAction":[{"@type":"SearchAction","target":{"@type":"EntryPoint","urlTemplate":"https:\/\/skaitytaknyga.lt\/?s={search_term_string}"},"query-input":{"@type":"PropertyValueSpecification","valueRequired":true,"valueName":"search_term_string"}}],"inLanguage":"en-GB"},{"@type":"Organization","@id":"https:\/\/skaitytaknyga.lt\/#organization","name":"skaitytaknyga.lt","url":"https:\/\/skaitytaknyga.lt\/","logo":{"@type":"ImageObject","inLanguage":"en-GB","@id":"https:\/\/skaitytaknyga.lt\/#\/schema\/logo\/image\/","url":"https:\/\/skaitytaknyga.lt\/wp-content\/uploads\/2024\/05\/cropped-cropped-cropped-02_00843_jt3bggkj1j3HLc7SyY6rEUpg.jpeg","contentUrl":"https:\/\/skaitytaknyga.lt\/wp-content\/uploads\/2024\/05\/cropped-cropped-cropped-02_00843_jt3bggkj1j3HLc7SyY6rEUpg.jpeg","width":1600,"height":1600,"caption":"skaitytaknyga.lt"},"image":{"@id":"https:\/\/skaitytaknyga.lt\/#\/schema\/logo\/image\/"},"sameAs":["https:\/\/www.facebook.com\/skaitytaknyga\/"]}]}},"_links":{"self":[{"href":"https:\/\/skaitytaknyga.lt\/en\/wp-json\/wp\/v2\/product\/10497","targetHints":{"allow":["GET"]}}],"collection":[{"href":"https:\/\/skaitytaknyga.lt\/en\/wp-json\/wp\/v2\/product"}],"about":[{"href":"https:\/\/skaitytaknyga.lt\/en\/wp-json\/wp\/v2\/types\/product"}],"replies":[{"embeddable":true,"href":"https:\/\/skaitytaknyga.lt\/en\/wp-json\/wp\/v2\/comments?post=10497"}],"wp:featuredmedia":[{"embeddable":true,"href":"https:\/\/skaitytaknyga.lt\/en\/wp-json\/wp\/v2\/media\/10545"}],"wp:attachment":[{"href":"https:\/\/skaitytaknyga.lt\/en\/wp-json\/wp\/v2\/media?parent=10497"}],"wp:term":[{"taxonomy":"product_brand","embeddable":true,"href":"https:\/\/skaitytaknyga.lt\/en\/wp-json\/wp\/v2\/product_brand?post=10497"},{"taxonomy":"product_cat","embeddable":true,"href":"https:\/\/skaitytaknyga.lt\/en\/wp-json\/wp\/v2\/product_cat?post=10497"},{"taxonomy":"product_tag","embeddable":true,"href":"https:\/\/skaitytaknyga.lt\/en\/wp-json\/wp\/v2\/product_tag?post=10497"}],"curies":[{"name":"wp","href":"https:\/\/api.w.org\/{rel}","templated":true}]}}