{"id":10490,"date":"2024-05-04T18:17:53","date_gmt":"2024-05-04T18:17:53","guid":{"rendered":"https:\/\/skaitytaknyga.lt\/?post_type=product&#038;p=10490"},"modified":"2026-03-18T12:01:25","modified_gmt":"2026-03-18T10:01:25","slug":"emanuelis-kantas-grynojo-proto-kritika","status":"publish","type":"product","link":"https:\/\/skaitytaknyga.lt\/en\/produktas\/emanuelis-kantas-grynojo-proto-kritika\/","title":{"rendered":"Emanuelis Kantas &#8220;Grynojo proto kritika&#8221;"},"content":{"rendered":"<p>I. Kanto veikale\u00a0<b>&#8220;Grynojo proto kritika&#8221;<\/b>\u00a0d\u0117stoma filosofin\u0117 teorija, tur\u0117jusi didel\u0119 reik\u0161m\u0119 visos filosofijos raidai. Tiriamos pa\u017einimo problemos, formuluojamas transcendentalinis metodas, intelekto ir proto, patyrimo ir kitos koncepcijos, atskleid\u017eiamas prie\u0161taringas \u017emogi\u0161kojo pa\u017einimo pob\u016bdis. Skiriama mokslo darbuotojams, tiriantiems dialektikos istorij\u0105, pa\u017einimo problemas.<\/p>\n","protected":false},"excerpt":{"rendered":"<p>I. Kanto veikale\u00a0<b>\u201cGrynojo proto kritika\u201d<\/b>\u00a0d\u0117stoma filosofin\u0117 teorija, tur\u0117jusi didel\u0119 reik\u0161m\u0119 visos filosofijos raidai. Tiriamos pa\u017einimo problemos, formuluojamas transcendentalinis metodas, intelekto ir proto, patyrimo ir kitos koncepcijos, atskleid\u017eiamas prie\u0161taringas \u017emogi\u0161kojo pa\u017einimo pob\u016bdis. Skiriama mokslo darbuotojams, tiriantiems dialektikos istorij\u0105, pa\u017einimo problemas.<\/p>\n","protected":false},"featured_media":24985,"comment_status":"closed","ping_status":"closed","template":"","meta":{"_acf_changed":false,"site-sidebar-layout":"default","site-content-layout":"","ast-site-content-layout":"default","site-content-style":"default","site-sidebar-style":"default","ast-global-header-display":"","ast-banner-title-visibility":"","ast-main-header-display":"","ast-hfb-above-header-display":"","ast-hfb-below-header-display":"","ast-hfb-mobile-header-display":"","site-post-title":"","ast-breadcrumbs-content":"","ast-featured-img":"","footer-sml-layout":"","ast-disable-related-posts":"","theme-transparent-header-meta":"default","adv-header-id-meta":"","stick-header-meta":"","header-above-stick-meta":"","header-main-stick-meta":"","header-below-stick-meta":"","astra-migrate-meta-layouts":"set","ast-page-background-enabled":"default","ast-page-background-meta":{"desktop":{"background-color":"","background-image":"","background-repeat":"repeat","background-position":"center center","background-size":"auto","background-attachment":"scroll","background-type":"","background-media":"","overlay-type":"","overlay-color":"","overlay-opacity":"","overlay-gradient":""},"tablet":{"background-color":"","background-image":"","background-repeat":"repeat","background-position":"center center","background-size":"auto","background-attachment":"scroll","background-type":"","background-media":"","overlay-type":"","overlay-color":"","overlay-opacity":"","overlay-gradient":""},"mobile":{"background-color":"","background-image":"","background-repeat":"repeat","background-position":"center center","background-size":"auto","background-attachment":"scroll","background-type":"","background-media":"","overlay-type":"","overlay-color":"","overlay-opacity":"","overlay-gradient":""}},"ast-content-background-meta":{"desktop":{"background-color":"var(--ast-global-color-4)","background-image":"","background-repeat":"repeat","background-position":"center center","background-size":"auto","background-attachment":"scroll","background-type":"","background-media":"","overlay-type":"","overlay-color":"","overlay-opacity":"","overlay-gradient":""},"tablet":{"background-color":"var(--ast-global-color-4)","background-image":"","background-repeat":"repeat","background-position":"center center","background-size":"auto","background-attachment":"scroll","background-type":"","background-media":"","overlay-type":"","overlay-color":"","overlay-opacity":"","overlay-gradient":""},"mobile":{"background-color":"var(--ast-global-color-4)","background-image":"","background-repeat":"repeat","background-position":"center center","background-size":"auto","background-attachment":"scroll","background-type":"","background-media":"","overlay-type":"","overlay-color":"","overlay-opacity":"","overlay-gradient":""}}},"product_brand":[],"product_cat":[9737],"product_tag":[],"class_list":{"0":"post-10490","1":"product","2":"type-product","3":"status-publish","4":"has-post-thumbnail","6":"product_cat-filosofija","7":"desktop-align-left","8":"tablet-align-left","9":"mobile-align-left","11":"first","12":"outofstock","13":"shipping-taxable","14":"purchasable","15":"product-type-simple"},"acf":[],"yoast_head":"<!-- This site is optimized with the Yoast SEO plugin v27.4 - https:\/\/yoast.com\/product\/yoast-seo-wordpress\/ -->\n<title>Emanuelis Kantas &quot;Grynojo proto kritika&quot;<\/title>\n<meta name=\"description\" content=\"I. Kanto veikale\u00a0\u201cGrynojo proto kritika\u201d\u00a0d\u0117stoma filosofin\u0117 teorija, tur\u0117jusi didel\u0119 reik\u0161m\u0119 visos filosofijos raidai. Tiriamos pa\u017einimo problemos, formuluojamas transcendentalinis metodas, intelekto ir proto, patyrimo ir kitos koncepcijos, atskleid\u017eiamas prie\u0161taringas \u017emogi\u0161kojo pa\u017einimo pob\u016bdis. Skiriama mokslo darbuotojams, tiriantiems dialektikos istorij\u0105, pa\u017einimo problemas.\" \/>\n<meta name=\"robots\" content=\"index, follow, max-snippet:-1, max-image-preview:large, max-video-preview:-1\" \/>\n<link rel=\"canonical\" href=\"https:\/\/skaitytaknyga.lt\/en\/produktas\/emanuelis-kantas-grynojo-proto-kritika\/\" \/>\n<meta property=\"og:locale\" content=\"en_GB\" \/>\n<meta property=\"og:locale:alternate\" content=\"lt_LT\" \/>\n<meta property=\"og:type\" content=\"article\" \/>\n<meta property=\"og:title\" content=\"Emanuelis Kantas &quot;Grynojo proto kritika&quot;\" \/>\n<meta property=\"og:description\" content=\"I. Kanto veikale\u00a0\u201cGrynojo proto kritika\u201d\u00a0d\u0117stoma filosofin\u0117 teorija, tur\u0117jusi didel\u0119 reik\u0161m\u0119 visos filosofijos raidai. Tiriamos pa\u017einimo problemos, formuluojamas transcendentalinis metodas, intelekto ir proto, patyrimo ir kitos koncepcijos, atskleid\u017eiamas prie\u0161taringas \u017emogi\u0161kojo pa\u017einimo pob\u016bdis. Skiriama mokslo darbuotojams, tiriantiems dialektikos istorij\u0105, pa\u017einimo problemas.\" \/>\n<meta property=\"og:url\" content=\"https:\/\/skaitytaknyga.lt\/en\/produktas\/emanuelis-kantas-grynojo-proto-kritika\/\" \/>\n<meta property=\"og:site_name\" content=\"Skaitytaknyga\" \/>\n<meta property=\"article:publisher\" content=\"https:\/\/www.facebook.com\/skaitytaknyga\/\" \/>\n<meta property=\"article:modified_time\" content=\"2026-03-18T10:01:25+00:00\" \/>\n<meta property=\"og:image\" content=\"https:\/\/skaitytaknyga.lt\/wp-content\/uploads\/2024\/07\/skaitytaknyga.png\" \/>\n\t<meta property=\"og:image:width\" content=\"747\" \/>\n\t<meta property=\"og:image:height\" content=\"496\" \/>\n\t<meta property=\"og:image:type\" content=\"image\/png\" \/>\n<meta name=\"twitter:card\" content=\"summary_large_image\" \/>\n<meta name=\"twitter:label1\" content=\"Estimated reading time\" \/>\n\t<meta name=\"twitter:data1\" content=\"1 minute\" \/>\n<script type=\"application\/ld+json\" class=\"yoast-schema-graph\">{\"@context\":\"https:\\\/\\\/schema.org\",\"@graph\":[{\"@type\":\"WebPage\",\"@id\":\"https:\\\/\\\/skaitytaknyga.lt\\\/produktas\\\/emanuelis-kantas-grynojo-proto-kritika\\\/\",\"url\":\"https:\\\/\\\/skaitytaknyga.lt\\\/produktas\\\/emanuelis-kantas-grynojo-proto-kritika\\\/\",\"name\":\"Emanuelis Kantas \\\"Grynojo proto kritika\\\"\",\"isPartOf\":{\"@id\":\"https:\\\/\\\/skaitytaknyga.lt\\\/#website\"},\"primaryImageOfPage\":{\"@id\":\"https:\\\/\\\/skaitytaknyga.lt\\\/produktas\\\/emanuelis-kantas-grynojo-proto-kritika\\\/#primaryimage\"},\"image\":{\"@id\":\"https:\\\/\\\/skaitytaknyga.lt\\\/produktas\\\/emanuelis-kantas-grynojo-proto-kritika\\\/#primaryimage\"},\"thumbnailUrl\":\"https:\\\/\\\/skaitytaknyga.lt\\\/wp-content\\\/uploads\\\/2024\\\/05\\\/grynojo-proto-kritika-e1773828077992.webp\",\"datePublished\":\"2024-05-04T18:17:53+00:00\",\"dateModified\":\"2026-03-18T10:01:25+00:00\",\"description\":\"I. Kanto veikale\u00a0\u201cGrynojo proto kritika\u201d\u00a0d\u0117stoma filosofin\u0117 teorija, tur\u0117jusi didel\u0119 reik\u0161m\u0119 visos filosofijos raidai. Tiriamos pa\u017einimo problemos, formuluojamas transcendentalinis metodas, intelekto ir proto, patyrimo ir kitos koncepcijos, atskleid\u017eiamas prie\u0161taringas \u017emogi\u0161kojo pa\u017einimo pob\u016bdis. Skiriama mokslo darbuotojams, tiriantiems dialektikos istorij\u0105, pa\u017einimo problemas.\",\"breadcrumb\":{\"@id\":\"https:\\\/\\\/skaitytaknyga.lt\\\/produktas\\\/emanuelis-kantas-grynojo-proto-kritika\\\/#breadcrumb\"},\"inLanguage\":\"en-GB\",\"potentialAction\":[{\"@type\":\"ReadAction\",\"target\":[\"https:\\\/\\\/skaitytaknyga.lt\\\/produktas\\\/emanuelis-kantas-grynojo-proto-kritika\\\/\"]}]},{\"@type\":\"ImageObject\",\"inLanguage\":\"en-GB\",\"@id\":\"https:\\\/\\\/skaitytaknyga.lt\\\/produktas\\\/emanuelis-kantas-grynojo-proto-kritika\\\/#primaryimage\",\"url\":\"https:\\\/\\\/skaitytaknyga.lt\\\/wp-content\\\/uploads\\\/2024\\\/05\\\/grynojo-proto-kritika-e1773828077992.webp\",\"contentUrl\":\"https:\\\/\\\/skaitytaknyga.lt\\\/wp-content\\\/uploads\\\/2024\\\/05\\\/grynojo-proto-kritika-e1773828077992.webp\",\"width\":300,\"height\":456,\"caption\":\"grynojo proto kritika\"},{\"@type\":\"BreadcrumbList\",\"@id\":\"https:\\\/\\\/skaitytaknyga.lt\\\/produktas\\\/emanuelis-kantas-grynojo-proto-kritika\\\/#breadcrumb\",\"itemListElement\":[{\"@type\":\"ListItem\",\"position\":1,\"name\":\"Home\",\"item\":\"https:\\\/\\\/skaitytaknyga.lt\\\/\"},{\"@type\":\"ListItem\",\"position\":2,\"name\":\"Parduotuv\u0117\",\"item\":\"https:\\\/\\\/skaitytaknyga.lt\\\/knygu-parduotuve\\\/\"},{\"@type\":\"ListItem\",\"position\":3,\"name\":\"Emanuelis Kantas &#8222;Grynojo proto kritika&#8221;\"}]},{\"@type\":\"WebSite\",\"@id\":\"https:\\\/\\\/skaitytaknyga.lt\\\/#website\",\"url\":\"https:\\\/\\\/skaitytaknyga.lt\\\/\",\"name\":\"skaitytaknyga.lt\",\"description\":\"Skaitytaknyga.lt \u2013 tai ma\u017eas \u0161eimos verslas, kuris prasid\u0117jo nuo meil\u0117s knygoms ir siekio i\u0161gelb\u0117ti knygas nuo likimo prie konteinerio. Kas vienam nereikalingas daiktas \u2013 kitam lobis, o mes esame tarpininkai, kurie padeda abiems tapti laimingesniems ???? \u017dinome kaip nelengva i\u0161gyventi ma\u017eiems verslams, tad nuo \u0161iol, \u010dia rasite ir kit\u0173, ma\u017e\u0173 \u0161eim\u0173 versl\u0173, rank\u0173 darbo, dovan\u0173 sau ir artimiesiems.\",\"publisher\":{\"@id\":\"https:\\\/\\\/skaitytaknyga.lt\\\/#organization\"},\"potentialAction\":[{\"@type\":\"SearchAction\",\"target\":{\"@type\":\"EntryPoint\",\"urlTemplate\":\"https:\\\/\\\/skaitytaknyga.lt\\\/?s={search_term_string}\"},\"query-input\":{\"@type\":\"PropertyValueSpecification\",\"valueRequired\":true,\"valueName\":\"search_term_string\"}}],\"inLanguage\":\"en-GB\"},{\"@type\":\"Organization\",\"@id\":\"https:\\\/\\\/skaitytaknyga.lt\\\/#organization\",\"name\":\"skaitytaknyga.lt\",\"url\":\"https:\\\/\\\/skaitytaknyga.lt\\\/\",\"logo\":{\"@type\":\"ImageObject\",\"inLanguage\":\"en-GB\",\"@id\":\"https:\\\/\\\/skaitytaknyga.lt\\\/#\\\/schema\\\/logo\\\/image\\\/\",\"url\":\"https:\\\/\\\/skaitytaknyga.lt\\\/wp-content\\\/uploads\\\/2024\\\/05\\\/cropped-cropped-cropped-02_00843_jt3bggkj1j3HLc7SyY6rEUpg.jpeg\",\"contentUrl\":\"https:\\\/\\\/skaitytaknyga.lt\\\/wp-content\\\/uploads\\\/2024\\\/05\\\/cropped-cropped-cropped-02_00843_jt3bggkj1j3HLc7SyY6rEUpg.jpeg\",\"width\":1600,\"height\":1600,\"caption\":\"skaitytaknyga.lt\"},\"image\":{\"@id\":\"https:\\\/\\\/skaitytaknyga.lt\\\/#\\\/schema\\\/logo\\\/image\\\/\"},\"sameAs\":[\"https:\\\/\\\/www.facebook.com\\\/skaitytaknyga\\\/\"]}]}<\/script>\n<!-- \/ Yoast SEO plugin. -->","yoast_head_json":{"title":"Emanuelis Kantas \"Grynojo proto kritika\"","description":"I. Kanto veikale\u00a0\u201cGrynojo proto kritika\u201d\u00a0d\u0117stoma filosofin\u0117 teorija, tur\u0117jusi didel\u0119 reik\u0161m\u0119 visos filosofijos raidai. Tiriamos pa\u017einimo problemos, formuluojamas transcendentalinis metodas, intelekto ir proto, patyrimo ir kitos koncepcijos, atskleid\u017eiamas prie\u0161taringas \u017emogi\u0161kojo pa\u017einimo pob\u016bdis. Skiriama mokslo darbuotojams, tiriantiems dialektikos istorij\u0105, pa\u017einimo problemas.","robots":{"index":"index","follow":"follow","max-snippet":"max-snippet:-1","max-image-preview":"max-image-preview:large","max-video-preview":"max-video-preview:-1"},"canonical":"https:\/\/skaitytaknyga.lt\/en\/produktas\/emanuelis-kantas-grynojo-proto-kritika\/","og_locale":"en_GB","og_type":"article","og_title":"[:lt]Emanuelis Kantas \"Grynojo proto kritika\"[:] - Skaitytaknyga","og_description":"I. Kanto veikale\u00a0\u201cGrynojo proto kritika\u201d\u00a0d\u0117stoma filosofin\u0117 teorija, tur\u0117jusi didel\u0119 reik\u0161m\u0119 visos filosofijos raidai. Tiriamos pa\u017einimo problemos, formuluojamas transcendentalinis metodas, intelekto ir proto, patyrimo ir kitos koncepcijos, atskleid\u017eiamas prie\u0161taringas \u017emogi\u0161kojo pa\u017einimo pob\u016bdis. Skiriama mokslo darbuotojams, tiriantiems dialektikos istorij\u0105, pa\u017einimo problemas.","og_url":"https:\/\/skaitytaknyga.lt\/en\/produktas\/emanuelis-kantas-grynojo-proto-kritika\/","og_site_name":"Skaitytaknyga","article_publisher":"https:\/\/www.facebook.com\/skaitytaknyga\/","article_modified_time":"2026-03-18T10:01:25+00:00","og_image":[{"width":747,"height":496,"url":"https:\/\/skaitytaknyga.lt\/wp-content\/uploads\/2024\/07\/skaitytaknyga.png","type":"image\/png"}],"twitter_card":"summary_large_image","twitter_misc":{"Estimated reading time":"1 minute"},"schema":{"@context":"https:\/\/schema.org","@graph":[{"@type":"WebPage","@id":"https:\/\/skaitytaknyga.lt\/produktas\/emanuelis-kantas-grynojo-proto-kritika\/","url":"https:\/\/skaitytaknyga.lt\/produktas\/emanuelis-kantas-grynojo-proto-kritika\/","name":"Emanuelis Kantas \"Grynojo proto kritika\"","isPartOf":{"@id":"https:\/\/skaitytaknyga.lt\/#website"},"primaryImageOfPage":{"@id":"https:\/\/skaitytaknyga.lt\/produktas\/emanuelis-kantas-grynojo-proto-kritika\/#primaryimage"},"image":{"@id":"https:\/\/skaitytaknyga.lt\/produktas\/emanuelis-kantas-grynojo-proto-kritika\/#primaryimage"},"thumbnailUrl":"https:\/\/skaitytaknyga.lt\/wp-content\/uploads\/2024\/05\/grynojo-proto-kritika-e1773828077992.webp","datePublished":"2024-05-04T18:17:53+00:00","dateModified":"2026-03-18T10:01:25+00:00","description":"I. Kanto veikale\u00a0\u201cGrynojo proto kritika\u201d\u00a0d\u0117stoma filosofin\u0117 teorija, tur\u0117jusi didel\u0119 reik\u0161m\u0119 visos filosofijos raidai. Tiriamos pa\u017einimo problemos, formuluojamas transcendentalinis metodas, intelekto ir proto, patyrimo ir kitos koncepcijos, atskleid\u017eiamas prie\u0161taringas \u017emogi\u0161kojo pa\u017einimo pob\u016bdis. Skiriama mokslo darbuotojams, tiriantiems dialektikos istorij\u0105, pa\u017einimo problemas.","breadcrumb":{"@id":"https:\/\/skaitytaknyga.lt\/produktas\/emanuelis-kantas-grynojo-proto-kritika\/#breadcrumb"},"inLanguage":"en-GB","potentialAction":[{"@type":"ReadAction","target":["https:\/\/skaitytaknyga.lt\/produktas\/emanuelis-kantas-grynojo-proto-kritika\/"]}]},{"@type":"ImageObject","inLanguage":"en-GB","@id":"https:\/\/skaitytaknyga.lt\/produktas\/emanuelis-kantas-grynojo-proto-kritika\/#primaryimage","url":"https:\/\/skaitytaknyga.lt\/wp-content\/uploads\/2024\/05\/grynojo-proto-kritika-e1773828077992.webp","contentUrl":"https:\/\/skaitytaknyga.lt\/wp-content\/uploads\/2024\/05\/grynojo-proto-kritika-e1773828077992.webp","width":300,"height":456,"caption":"grynojo proto kritika"},{"@type":"BreadcrumbList","@id":"https:\/\/skaitytaknyga.lt\/produktas\/emanuelis-kantas-grynojo-proto-kritika\/#breadcrumb","itemListElement":[{"@type":"ListItem","position":1,"name":"Home","item":"https:\/\/skaitytaknyga.lt\/"},{"@type":"ListItem","position":2,"name":"Parduotuv\u0117","item":"https:\/\/skaitytaknyga.lt\/knygu-parduotuve\/"},{"@type":"ListItem","position":3,"name":"Emanuelis Kantas &#8222;Grynojo proto kritika&#8221;"}]},{"@type":"WebSite","@id":"https:\/\/skaitytaknyga.lt\/#website","url":"https:\/\/skaitytaknyga.lt\/","name":"skaitytaknyga.lt","description":"Skaitytaknyga.lt \u2013 tai ma\u017eas \u0161eimos verslas, kuris prasid\u0117jo nuo meil\u0117s knygoms ir siekio i\u0161gelb\u0117ti knygas nuo likimo prie konteinerio. Kas vienam nereikalingas daiktas \u2013 kitam lobis, o mes esame tarpininkai, kurie padeda abiems tapti laimingesniems ???? \u017dinome kaip nelengva i\u0161gyventi ma\u017eiems verslams, tad nuo \u0161iol, \u010dia rasite ir kit\u0173, ma\u017e\u0173 \u0161eim\u0173 versl\u0173, rank\u0173 darbo, dovan\u0173 sau ir artimiesiems.","publisher":{"@id":"https:\/\/skaitytaknyga.lt\/#organization"},"potentialAction":[{"@type":"SearchAction","target":{"@type":"EntryPoint","urlTemplate":"https:\/\/skaitytaknyga.lt\/?s={search_term_string}"},"query-input":{"@type":"PropertyValueSpecification","valueRequired":true,"valueName":"search_term_string"}}],"inLanguage":"en-GB"},{"@type":"Organization","@id":"https:\/\/skaitytaknyga.lt\/#organization","name":"skaitytaknyga.lt","url":"https:\/\/skaitytaknyga.lt\/","logo":{"@type":"ImageObject","inLanguage":"en-GB","@id":"https:\/\/skaitytaknyga.lt\/#\/schema\/logo\/image\/","url":"https:\/\/skaitytaknyga.lt\/wp-content\/uploads\/2024\/05\/cropped-cropped-cropped-02_00843_jt3bggkj1j3HLc7SyY6rEUpg.jpeg","contentUrl":"https:\/\/skaitytaknyga.lt\/wp-content\/uploads\/2024\/05\/cropped-cropped-cropped-02_00843_jt3bggkj1j3HLc7SyY6rEUpg.jpeg","width":1600,"height":1600,"caption":"skaitytaknyga.lt"},"image":{"@id":"https:\/\/skaitytaknyga.lt\/#\/schema\/logo\/image\/"},"sameAs":["https:\/\/www.facebook.com\/skaitytaknyga\/"]}]}},"_links":{"self":[{"href":"https:\/\/skaitytaknyga.lt\/en\/wp-json\/wp\/v2\/product\/10490","targetHints":{"allow":["GET"]}}],"collection":[{"href":"https:\/\/skaitytaknyga.lt\/en\/wp-json\/wp\/v2\/product"}],"about":[{"href":"https:\/\/skaitytaknyga.lt\/en\/wp-json\/wp\/v2\/types\/product"}],"replies":[{"embeddable":true,"href":"https:\/\/skaitytaknyga.lt\/en\/wp-json\/wp\/v2\/comments?post=10490"}],"wp:featuredmedia":[{"embeddable":true,"href":"https:\/\/skaitytaknyga.lt\/en\/wp-json\/wp\/v2\/media\/24985"}],"wp:attachment":[{"href":"https:\/\/skaitytaknyga.lt\/en\/wp-json\/wp\/v2\/media?parent=10490"}],"wp:term":[{"taxonomy":"product_brand","embeddable":true,"href":"https:\/\/skaitytaknyga.lt\/en\/wp-json\/wp\/v2\/product_brand?post=10490"},{"taxonomy":"product_cat","embeddable":true,"href":"https:\/\/skaitytaknyga.lt\/en\/wp-json\/wp\/v2\/product_cat?post=10490"},{"taxonomy":"product_tag","embeddable":true,"href":"https:\/\/skaitytaknyga.lt\/en\/wp-json\/wp\/v2\/product_tag?post=10490"}],"curies":[{"name":"wp","href":"https:\/\/api.w.org\/{rel}","templated":true}]}}