{"id":10488,"date":"2024-05-04T18:17:53","date_gmt":"2024-05-04T18:17:53","guid":{"rendered":"https:\/\/skaitytaknyga.lt\/?post_type=product&#038;p=10488"},"modified":"2024-05-04T18:19:34","modified_gmt":"2024-05-04T18:19:34","slug":"harry-potter-and-the-order-of-the-phoenix","status":"publish","type":"product","link":"https:\/\/skaitytaknyga.lt\/en\/produktas\/harry-potter-and-the-order-of-the-phoenix\/","title":{"rendered":"Harry Potter and the Order of the Phoenix"},"content":{"rendered":"<div class=\"book-descript-wrapper\">\n<section class=\"product-descript more-content-wrapper\">\n<div class=\"\">\n<p><i><b>Harry Potter and the Order of the Phoenix<\/b><\/i>\u00a0is a\u00a0fantasy novel\u00a0written by British author\u00a0J. K. Rowling\u00a0and the fifth novel in the\u00a0<i>Harry Potter<\/i>\u00a0series. It follows\u00a0Harry Potter&#8217;s\u00a0struggles through his fifth year at\u00a0Hogwarts School of Witchcraft and Wizardry, including the surreptitious return of the antagonist\u00a0Lord Voldemort,\u00a0O.W.L.\u00a0exams, and an obstructive\u00a0Ministry of Magic. The novel was published on 21 June 2003 by\u00a0Bloomsbury\u00a0in the United Kingdom,\u00a0Scholastic\u00a0in the United States, and\u00a0Raincoast\u00a0in Canada. It sold five million copies in the first 24 hours of publication.<sup id=\"cite_ref-July_date_1-0\" class=\"reference\">[1]<\/sup><\/p>\n<p><i>Harry Potter and the Order of the Phoenix<\/i>\u00a0won several awards, including the\u00a0American Library Association Best Book Award for Young Adults\u00a0in 2003. The book was also made into a 2007\u00a0film, and a\u00a0video game\u00a0by\u00a0Electronic Arts.<\/p>\n<\/div>\n<\/section>\n<\/div>\n","protected":false},"excerpt":{"rendered":"<div class=\"book-descript-wrapper\">\n<section class=\"product-descript more-content-wrapper\">\n<div class=\"\">\n<div class=\"book-descript-wrapper\">\n<section class=\"product-descript more-content-wrapper\">\n<div class=\"\">\n<p><i><b>Harry Potter and the Order of the Phoenix<\/b><\/i>\u00a0is a\u00a0fantasy novel\u00a0written by British author\u00a0J. K. Rowling\u00a0and the fifth novel in the\u00a0<i>Harry Potter<\/i>\u00a0series. It follows\u00a0Harry Potter&#8217;s\u00a0struggles through his fifth year at\u00a0Hogwarts School of Witchcraft and Wizardry, including the surreptitious return of the antagonist\u00a0Lord Voldemort,\u00a0O.W.L.\u00a0exams, and an obstructive\u00a0Ministry of Magic. The novel was published on 21 June 2003 by\u00a0Bloomsbury\u00a0in the United Kingdom,\u00a0Scholastic\u00a0in the United States, and\u00a0Raincoast\u00a0in Canada. It sold five million copies in the first 24 hours of publication.<sup id=\"cite_ref-July_date_1-0\" class=\"reference\">[1]<\/sup><\/p>\n<p><i>Harry Potter and the Order of the Phoenix<\/i>\u00a0won several awards, including the\u00a0American Library Association Best Book Award for Young Adults\u00a0in 2003. The book was also made into a 2007\u00a0film, and a\u00a0video game\u00a0by\u00a0Electronic Arts.<\/p>\n<\/div>\n<\/section>\n<\/div>\n<\/div>\n<\/section>\n<\/div>\n","protected":false},"featured_media":10536,"comment_status":"closed","ping_status":"closed","template":"","meta":{"_acf_changed":false,"site-sidebar-layout":"default","site-content-layout":"","ast-site-content-layout":"default","site-content-style":"default","site-sidebar-style":"default","ast-global-header-display":"","ast-banner-title-visibility":"","ast-main-header-display":"","ast-hfb-above-header-display":"","ast-hfb-below-header-display":"","ast-hfb-mobile-header-display":"","site-post-title":"","ast-breadcrumbs-content":"","ast-featured-img":"","footer-sml-layout":"","ast-disable-related-posts":"","theme-transparent-header-meta":"","adv-header-id-meta":"","stick-header-meta":"","header-above-stick-meta":"","header-main-stick-meta":"","header-below-stick-meta":"","astra-migrate-meta-layouts":"default","ast-page-background-enabled":"default","ast-page-background-meta":{"desktop":{"background-color":"","background-image":"","background-repeat":"repeat","background-position":"center center","background-size":"auto","background-attachment":"scroll","background-type":"","background-media":"","overlay-type":"","overlay-color":"","overlay-opacity":"","overlay-gradient":""},"tablet":{"background-color":"","background-image":"","background-repeat":"repeat","background-position":"center center","background-size":"auto","background-attachment":"scroll","background-type":"","background-media":"","overlay-type":"","overlay-color":"","overlay-opacity":"","overlay-gradient":""},"mobile":{"background-color":"","background-image":"","background-repeat":"repeat","background-position":"center center","background-size":"auto","background-attachment":"scroll","background-type":"","background-media":"","overlay-type":"","overlay-color":"","overlay-opacity":"","overlay-gradient":""}},"ast-content-background-meta":{"desktop":{"background-color":"var(--ast-global-color-4)","background-image":"","background-repeat":"repeat","background-position":"center center","background-size":"auto","background-attachment":"scroll","background-type":"","background-media":"","overlay-type":"","overlay-color":"","overlay-opacity":"","overlay-gradient":""},"tablet":{"background-color":"var(--ast-global-color-4)","background-image":"","background-repeat":"repeat","background-position":"center center","background-size":"auto","background-attachment":"scroll","background-type":"","background-media":"","overlay-type":"","overlay-color":"","overlay-opacity":"","overlay-gradient":""},"mobile":{"background-color":"var(--ast-global-color-4)","background-image":"","background-repeat":"repeat","background-position":"center center","background-size":"auto","background-attachment":"scroll","background-type":"","background-media":"","overlay-type":"","overlay-color":"","overlay-opacity":"","overlay-gradient":""}}},"product_brand":[],"product_cat":[34],"product_tag":[],"class_list":{"0":"post-10488","1":"product","2":"type-product","3":"status-publish","4":"has-post-thumbnail","6":"product_cat-knygos-anglu-kalba","7":"desktop-align-left","8":"tablet-align-left","9":"mobile-align-left","11":"first","12":"outofstock","13":"shipping-taxable","14":"purchasable","15":"product-type-simple"},"acf":[],"yoast_head":"<!-- This site is optimized with the Yoast SEO plugin v27.4 - https:\/\/yoast.com\/product\/yoast-seo-wordpress\/ -->\n<title>Harry Potter and the Order of the Phoenix - Skaitytaknyga<\/title>\n<meta name=\"description\" content=\"Harry Potter and the Order of the Phoenix\u00a0is a\u00a0fantasy novel\u00a0written by British author\u00a0J. K. Rowling\u00a0and the fifth novel in the\u00a0Harry Potter\u00a0series. It follows\u00a0Harry Potter&#039;s\u00a0struggles through his fifth year at\u00a0Hogwarts School of Witchcraft and Wizardry, including the surreptitious return of the antagonist\u00a0Lord Voldemort,\u00a0O.W.L.\u00a0exams, and an obstructive\u00a0Ministry of Magic. The novel was published on 21 June 2003 by\u00a0Bloomsbury\u00a0in the United Kingdom,\u00a0Scholastic\u00a0in the United States, and\u00a0Raincoast\u00a0in Canada. It sold five million copies in the first 24 hours of publication.  Harry Potter and the Order of the Phoenix\u00a0won several awards, including the\u00a0American Library Association Best Book Award for Young Adults\u00a0in 2003. The book was also made into a 2007\u00a0film, and a\u00a0video game\u00a0by\u00a0Electronic Arts.\" \/>\n<meta name=\"robots\" content=\"index, follow, max-snippet:-1, max-image-preview:large, max-video-preview:-1\" \/>\n<link rel=\"canonical\" href=\"https:\/\/skaitytaknyga.lt\/en\/produktas\/harry-potter-and-the-order-of-the-phoenix\/\" \/>\n<meta property=\"og:locale\" content=\"en_GB\" \/>\n<meta property=\"og:locale:alternate\" content=\"lt_LT\" \/>\n<meta property=\"og:type\" content=\"article\" \/>\n<meta property=\"og:title\" content=\"Harry Potter and the Order of the Phoenix - Skaitytaknyga\" \/>\n<meta property=\"og:description\" content=\"Harry Potter and the Order of the Phoenix\u00a0is a\u00a0fantasy novel\u00a0written by British author\u00a0J. K. Rowling\u00a0and the fifth novel in the\u00a0Harry Potter\u00a0series. It follows\u00a0Harry Potter&#039;s\u00a0struggles through his fifth year at\u00a0Hogwarts School of Witchcraft and Wizardry, including the surreptitious return of the antagonist\u00a0Lord Voldemort,\u00a0O.W.L.\u00a0exams, and an obstructive\u00a0Ministry of Magic. The novel was published on 21 June 2003 by\u00a0Bloomsbury\u00a0in the United Kingdom,\u00a0Scholastic\u00a0in the United States, and\u00a0Raincoast\u00a0in Canada. It sold five million copies in the first 24 hours of publication.  Harry Potter and the Order of the Phoenix\u00a0won several awards, including the\u00a0American Library Association Best Book Award for Young Adults\u00a0in 2003. The book was also made into a 2007\u00a0film, and a\u00a0video game\u00a0by\u00a0Electronic Arts.\" \/>\n<meta property=\"og:url\" content=\"https:\/\/skaitytaknyga.lt\/en\/produktas\/harry-potter-and-the-order-of-the-phoenix\/\" \/>\n<meta property=\"og:site_name\" content=\"Skaitytaknyga\" \/>\n<meta property=\"article:publisher\" content=\"https:\/\/www.facebook.com\/skaitytaknyga\/\" \/>\n<meta property=\"article:modified_time\" content=\"2024-05-04T18:19:34+00:00\" \/>\n<meta property=\"og:image\" content=\"https:\/\/skaitytaknyga.lt\/wp-content\/uploads\/2024\/05\/1662721877.jpeg\" \/>\n\t<meta property=\"og:image:width\" content=\"800\" \/>\n\t<meta property=\"og:image:height\" content=\"800\" \/>\n\t<meta property=\"og:image:type\" content=\"image\/jpeg\" \/>\n<meta name=\"twitter:card\" content=\"summary_large_image\" \/>\n<meta name=\"twitter:label1\" content=\"Estimated reading time\" \/>\n\t<meta name=\"twitter:data1\" content=\"1 minute\" \/>\n<script type=\"application\/ld+json\" class=\"yoast-schema-graph\">{\"@context\":\"https:\\\/\\\/schema.org\",\"@graph\":[{\"@type\":\"WebPage\",\"@id\":\"https:\\\/\\\/skaitytaknyga.lt\\\/produktas\\\/harry-potter-and-the-order-of-the-phoenix\\\/\",\"url\":\"https:\\\/\\\/skaitytaknyga.lt\\\/produktas\\\/harry-potter-and-the-order-of-the-phoenix\\\/\",\"name\":\"Harry Potter and the Order of the Phoenix - Skaitytaknyga\",\"isPartOf\":{\"@id\":\"https:\\\/\\\/skaitytaknyga.lt\\\/#website\"},\"primaryImageOfPage\":{\"@id\":\"https:\\\/\\\/skaitytaknyga.lt\\\/produktas\\\/harry-potter-and-the-order-of-the-phoenix\\\/#primaryimage\"},\"image\":{\"@id\":\"https:\\\/\\\/skaitytaknyga.lt\\\/produktas\\\/harry-potter-and-the-order-of-the-phoenix\\\/#primaryimage\"},\"thumbnailUrl\":\"https:\\\/\\\/skaitytaknyga.lt\\\/wp-content\\\/uploads\\\/2024\\\/05\\\/1662721877.jpeg\",\"datePublished\":\"2024-05-04T18:17:53+00:00\",\"dateModified\":\"2024-05-04T18:19:34+00:00\",\"description\":\"Harry Potter and the Order of the Phoenix\u00a0is a\u00a0fantasy novel\u00a0written by British author\u00a0J. K. Rowling\u00a0and the fifth novel in the\u00a0Harry Potter\u00a0series. It follows\u00a0Harry Potter's\u00a0struggles through his fifth year at\u00a0Hogwarts School of Witchcraft and Wizardry, including the surreptitious return of the antagonist\u00a0Lord Voldemort,\u00a0O.W.L.\u00a0exams, and an obstructive\u00a0Ministry of Magic. The novel was published on 21 June 2003 by\u00a0Bloomsbury\u00a0in the United Kingdom,\u00a0Scholastic\u00a0in the United States, and\u00a0Raincoast\u00a0in Canada. It sold five million copies in the first 24 hours of publication. Harry Potter and the Order of the Phoenix\u00a0won several awards, including the\u00a0American Library Association Best Book Award for Young Adults\u00a0in 2003. The book was also made into a 2007\u00a0film, and a\u00a0video game\u00a0by\u00a0Electronic Arts.\",\"breadcrumb\":{\"@id\":\"https:\\\/\\\/skaitytaknyga.lt\\\/produktas\\\/harry-potter-and-the-order-of-the-phoenix\\\/#breadcrumb\"},\"inLanguage\":\"en-GB\",\"potentialAction\":[{\"@type\":\"ReadAction\",\"target\":[\"https:\\\/\\\/skaitytaknyga.lt\\\/produktas\\\/harry-potter-and-the-order-of-the-phoenix\\\/\"]}]},{\"@type\":\"ImageObject\",\"inLanguage\":\"en-GB\",\"@id\":\"https:\\\/\\\/skaitytaknyga.lt\\\/produktas\\\/harry-potter-and-the-order-of-the-phoenix\\\/#primaryimage\",\"url\":\"https:\\\/\\\/skaitytaknyga.lt\\\/wp-content\\\/uploads\\\/2024\\\/05\\\/1662721877.jpeg\",\"contentUrl\":\"https:\\\/\\\/skaitytaknyga.lt\\\/wp-content\\\/uploads\\\/2024\\\/05\\\/1662721877.jpeg\",\"width\":800,\"height\":800},{\"@type\":\"BreadcrumbList\",\"@id\":\"https:\\\/\\\/skaitytaknyga.lt\\\/produktas\\\/harry-potter-and-the-order-of-the-phoenix\\\/#breadcrumb\",\"itemListElement\":[{\"@type\":\"ListItem\",\"position\":1,\"name\":\"Home\",\"item\":\"https:\\\/\\\/skaitytaknyga.lt\\\/\"},{\"@type\":\"ListItem\",\"position\":2,\"name\":\"Parduotuv\u0117\",\"item\":\"https:\\\/\\\/skaitytaknyga.lt\\\/knygu-parduotuve\\\/\"},{\"@type\":\"ListItem\",\"position\":3,\"name\":\"Harry Potter and the Order of the Phoenix\"}]},{\"@type\":\"WebSite\",\"@id\":\"https:\\\/\\\/skaitytaknyga.lt\\\/#website\",\"url\":\"https:\\\/\\\/skaitytaknyga.lt\\\/\",\"name\":\"skaitytaknyga.lt\",\"description\":\"Skaitytaknyga.lt \u2013 tai ma\u017eas \u0161eimos verslas, kuris prasid\u0117jo nuo meil\u0117s knygoms ir siekio i\u0161gelb\u0117ti knygas nuo likimo prie konteinerio. Kas vienam nereikalingas daiktas \u2013 kitam lobis, o mes esame tarpininkai, kurie padeda abiems tapti laimingesniems ???? \u017dinome kaip nelengva i\u0161gyventi ma\u017eiems verslams, tad nuo \u0161iol, \u010dia rasite ir kit\u0173, ma\u017e\u0173 \u0161eim\u0173 versl\u0173, rank\u0173 darbo, dovan\u0173 sau ir artimiesiems.\",\"publisher\":{\"@id\":\"https:\\\/\\\/skaitytaknyga.lt\\\/#organization\"},\"potentialAction\":[{\"@type\":\"SearchAction\",\"target\":{\"@type\":\"EntryPoint\",\"urlTemplate\":\"https:\\\/\\\/skaitytaknyga.lt\\\/?s={search_term_string}\"},\"query-input\":{\"@type\":\"PropertyValueSpecification\",\"valueRequired\":true,\"valueName\":\"search_term_string\"}}],\"inLanguage\":\"en-GB\"},{\"@type\":\"Organization\",\"@id\":\"https:\\\/\\\/skaitytaknyga.lt\\\/#organization\",\"name\":\"skaitytaknyga.lt\",\"url\":\"https:\\\/\\\/skaitytaknyga.lt\\\/\",\"logo\":{\"@type\":\"ImageObject\",\"inLanguage\":\"en-GB\",\"@id\":\"https:\\\/\\\/skaitytaknyga.lt\\\/#\\\/schema\\\/logo\\\/image\\\/\",\"url\":\"https:\\\/\\\/skaitytaknyga.lt\\\/wp-content\\\/uploads\\\/2024\\\/05\\\/cropped-cropped-cropped-02_00843_jt3bggkj1j3HLc7SyY6rEUpg.jpeg\",\"contentUrl\":\"https:\\\/\\\/skaitytaknyga.lt\\\/wp-content\\\/uploads\\\/2024\\\/05\\\/cropped-cropped-cropped-02_00843_jt3bggkj1j3HLc7SyY6rEUpg.jpeg\",\"width\":1600,\"height\":1600,\"caption\":\"skaitytaknyga.lt\"},\"image\":{\"@id\":\"https:\\\/\\\/skaitytaknyga.lt\\\/#\\\/schema\\\/logo\\\/image\\\/\"},\"sameAs\":[\"https:\\\/\\\/www.facebook.com\\\/skaitytaknyga\\\/\"]}]}<\/script>\n<!-- \/ Yoast SEO plugin. -->","yoast_head_json":{"title":"Harry Potter and the Order of the Phoenix - Skaitytaknyga","description":"Harry Potter and the Order of the Phoenix\u00a0is a\u00a0fantasy novel\u00a0written by British author\u00a0J. K. Rowling\u00a0and the fifth novel in the\u00a0Harry Potter\u00a0series. It follows\u00a0Harry Potter's\u00a0struggles through his fifth year at\u00a0Hogwarts School of Witchcraft and Wizardry, including the surreptitious return of the antagonist\u00a0Lord Voldemort,\u00a0O.W.L.\u00a0exams, and an obstructive\u00a0Ministry of Magic. The novel was published on 21 June 2003 by\u00a0Bloomsbury\u00a0in the United Kingdom,\u00a0Scholastic\u00a0in the United States, and\u00a0Raincoast\u00a0in Canada. It sold five million copies in the first 24 hours of publication.  Harry Potter and the Order of the Phoenix\u00a0won several awards, including the\u00a0American Library Association Best Book Award for Young Adults\u00a0in 2003. The book was also made into a 2007\u00a0film, and a\u00a0video game\u00a0by\u00a0Electronic Arts.","robots":{"index":"index","follow":"follow","max-snippet":"max-snippet:-1","max-image-preview":"max-image-preview:large","max-video-preview":"max-video-preview:-1"},"canonical":"https:\/\/skaitytaknyga.lt\/en\/produktas\/harry-potter-and-the-order-of-the-phoenix\/","og_locale":"en_GB","og_type":"article","og_title":"Harry Potter and the Order of the Phoenix - Skaitytaknyga","og_description":"Harry Potter and the Order of the Phoenix\u00a0is a\u00a0fantasy novel\u00a0written by British author\u00a0J. K. Rowling\u00a0and the fifth novel in the\u00a0Harry Potter\u00a0series. It follows\u00a0Harry Potter's\u00a0struggles through his fifth year at\u00a0Hogwarts School of Witchcraft and Wizardry, including the surreptitious return of the antagonist\u00a0Lord Voldemort,\u00a0O.W.L.\u00a0exams, and an obstructive\u00a0Ministry of Magic. The novel was published on 21 June 2003 by\u00a0Bloomsbury\u00a0in the United Kingdom,\u00a0Scholastic\u00a0in the United States, and\u00a0Raincoast\u00a0in Canada. It sold five million copies in the first 24 hours of publication.  Harry Potter and the Order of the Phoenix\u00a0won several awards, including the\u00a0American Library Association Best Book Award for Young Adults\u00a0in 2003. The book was also made into a 2007\u00a0film, and a\u00a0video game\u00a0by\u00a0Electronic Arts.","og_url":"https:\/\/skaitytaknyga.lt\/en\/produktas\/harry-potter-and-the-order-of-the-phoenix\/","og_site_name":"Skaitytaknyga","article_publisher":"https:\/\/www.facebook.com\/skaitytaknyga\/","article_modified_time":"2024-05-04T18:19:34+00:00","og_image":[{"width":800,"height":800,"url":"https:\/\/skaitytaknyga.lt\/wp-content\/uploads\/2024\/05\/1662721877.jpeg","type":"image\/jpeg"}],"twitter_card":"summary_large_image","twitter_misc":{"Estimated reading time":"1 minute"},"schema":{"@context":"https:\/\/schema.org","@graph":[{"@type":"WebPage","@id":"https:\/\/skaitytaknyga.lt\/produktas\/harry-potter-and-the-order-of-the-phoenix\/","url":"https:\/\/skaitytaknyga.lt\/produktas\/harry-potter-and-the-order-of-the-phoenix\/","name":"Harry Potter and the Order of the Phoenix - Skaitytaknyga","isPartOf":{"@id":"https:\/\/skaitytaknyga.lt\/#website"},"primaryImageOfPage":{"@id":"https:\/\/skaitytaknyga.lt\/produktas\/harry-potter-and-the-order-of-the-phoenix\/#primaryimage"},"image":{"@id":"https:\/\/skaitytaknyga.lt\/produktas\/harry-potter-and-the-order-of-the-phoenix\/#primaryimage"},"thumbnailUrl":"https:\/\/skaitytaknyga.lt\/wp-content\/uploads\/2024\/05\/1662721877.jpeg","datePublished":"2024-05-04T18:17:53+00:00","dateModified":"2024-05-04T18:19:34+00:00","description":"Harry Potter and the Order of the Phoenix\u00a0is a\u00a0fantasy novel\u00a0written by British author\u00a0J. K. Rowling\u00a0and the fifth novel in the\u00a0Harry Potter\u00a0series. It follows\u00a0Harry Potter's\u00a0struggles through his fifth year at\u00a0Hogwarts School of Witchcraft and Wizardry, including the surreptitious return of the antagonist\u00a0Lord Voldemort,\u00a0O.W.L.\u00a0exams, and an obstructive\u00a0Ministry of Magic. The novel was published on 21 June 2003 by\u00a0Bloomsbury\u00a0in the United Kingdom,\u00a0Scholastic\u00a0in the United States, and\u00a0Raincoast\u00a0in Canada. It sold five million copies in the first 24 hours of publication. Harry Potter and the Order of the Phoenix\u00a0won several awards, including the\u00a0American Library Association Best Book Award for Young Adults\u00a0in 2003. The book was also made into a 2007\u00a0film, and a\u00a0video game\u00a0by\u00a0Electronic Arts.","breadcrumb":{"@id":"https:\/\/skaitytaknyga.lt\/produktas\/harry-potter-and-the-order-of-the-phoenix\/#breadcrumb"},"inLanguage":"en-GB","potentialAction":[{"@type":"ReadAction","target":["https:\/\/skaitytaknyga.lt\/produktas\/harry-potter-and-the-order-of-the-phoenix\/"]}]},{"@type":"ImageObject","inLanguage":"en-GB","@id":"https:\/\/skaitytaknyga.lt\/produktas\/harry-potter-and-the-order-of-the-phoenix\/#primaryimage","url":"https:\/\/skaitytaknyga.lt\/wp-content\/uploads\/2024\/05\/1662721877.jpeg","contentUrl":"https:\/\/skaitytaknyga.lt\/wp-content\/uploads\/2024\/05\/1662721877.jpeg","width":800,"height":800},{"@type":"BreadcrumbList","@id":"https:\/\/skaitytaknyga.lt\/produktas\/harry-potter-and-the-order-of-the-phoenix\/#breadcrumb","itemListElement":[{"@type":"ListItem","position":1,"name":"Home","item":"https:\/\/skaitytaknyga.lt\/"},{"@type":"ListItem","position":2,"name":"Parduotuv\u0117","item":"https:\/\/skaitytaknyga.lt\/knygu-parduotuve\/"},{"@type":"ListItem","position":3,"name":"Harry Potter and the Order of the Phoenix"}]},{"@type":"WebSite","@id":"https:\/\/skaitytaknyga.lt\/#website","url":"https:\/\/skaitytaknyga.lt\/","name":"skaitytaknyga.lt","description":"Skaitytaknyga.lt \u2013 tai ma\u017eas \u0161eimos verslas, kuris prasid\u0117jo nuo meil\u0117s knygoms ir siekio i\u0161gelb\u0117ti knygas nuo likimo prie konteinerio. Kas vienam nereikalingas daiktas \u2013 kitam lobis, o mes esame tarpininkai, kurie padeda abiems tapti laimingesniems ???? \u017dinome kaip nelengva i\u0161gyventi ma\u017eiems verslams, tad nuo \u0161iol, \u010dia rasite ir kit\u0173, ma\u017e\u0173 \u0161eim\u0173 versl\u0173, rank\u0173 darbo, dovan\u0173 sau ir artimiesiems.","publisher":{"@id":"https:\/\/skaitytaknyga.lt\/#organization"},"potentialAction":[{"@type":"SearchAction","target":{"@type":"EntryPoint","urlTemplate":"https:\/\/skaitytaknyga.lt\/?s={search_term_string}"},"query-input":{"@type":"PropertyValueSpecification","valueRequired":true,"valueName":"search_term_string"}}],"inLanguage":"en-GB"},{"@type":"Organization","@id":"https:\/\/skaitytaknyga.lt\/#organization","name":"skaitytaknyga.lt","url":"https:\/\/skaitytaknyga.lt\/","logo":{"@type":"ImageObject","inLanguage":"en-GB","@id":"https:\/\/skaitytaknyga.lt\/#\/schema\/logo\/image\/","url":"https:\/\/skaitytaknyga.lt\/wp-content\/uploads\/2024\/05\/cropped-cropped-cropped-02_00843_jt3bggkj1j3HLc7SyY6rEUpg.jpeg","contentUrl":"https:\/\/skaitytaknyga.lt\/wp-content\/uploads\/2024\/05\/cropped-cropped-cropped-02_00843_jt3bggkj1j3HLc7SyY6rEUpg.jpeg","width":1600,"height":1600,"caption":"skaitytaknyga.lt"},"image":{"@id":"https:\/\/skaitytaknyga.lt\/#\/schema\/logo\/image\/"},"sameAs":["https:\/\/www.facebook.com\/skaitytaknyga\/"]}]}},"_links":{"self":[{"href":"https:\/\/skaitytaknyga.lt\/en\/wp-json\/wp\/v2\/product\/10488","targetHints":{"allow":["GET"]}}],"collection":[{"href":"https:\/\/skaitytaknyga.lt\/en\/wp-json\/wp\/v2\/product"}],"about":[{"href":"https:\/\/skaitytaknyga.lt\/en\/wp-json\/wp\/v2\/types\/product"}],"replies":[{"embeddable":true,"href":"https:\/\/skaitytaknyga.lt\/en\/wp-json\/wp\/v2\/comments?post=10488"}],"wp:featuredmedia":[{"embeddable":true,"href":"https:\/\/skaitytaknyga.lt\/en\/wp-json\/wp\/v2\/media\/10536"}],"wp:attachment":[{"href":"https:\/\/skaitytaknyga.lt\/en\/wp-json\/wp\/v2\/media?parent=10488"}],"wp:term":[{"taxonomy":"product_brand","embeddable":true,"href":"https:\/\/skaitytaknyga.lt\/en\/wp-json\/wp\/v2\/product_brand?post=10488"},{"taxonomy":"product_cat","embeddable":true,"href":"https:\/\/skaitytaknyga.lt\/en\/wp-json\/wp\/v2\/product_cat?post=10488"},{"taxonomy":"product_tag","embeddable":true,"href":"https:\/\/skaitytaknyga.lt\/en\/wp-json\/wp\/v2\/product_tag?post=10488"}],"curies":[{"name":"wp","href":"https:\/\/api.w.org\/{rel}","templated":true}]}}