{"id":10487,"date":"2024-05-04T18:17:53","date_gmt":"2024-05-04T18:17:53","guid":{"rendered":"https:\/\/skaitytaknyga.lt\/?post_type=product&#038;p=10487"},"modified":"2024-05-04T18:19:28","modified_gmt":"2024-05-04T18:19:28","slug":"r-gary-toliau-jusu-bilietas-nebegalioja","status":"publish","type":"product","link":"https:\/\/skaitytaknyga.lt\/en\/produktas\/r-gary-toliau-jusu-bilietas-nebegalioja\/","title":{"rendered":"R. Gary \u201eToliau J\u016bs\u0173 bilietas nebegalioja\u201c"},"content":{"rendered":"<p>\u201eMan patiko intymus bendravimas dviese, i\u0328 kuri\u0328 niekas negali i\u0328siterpti. Visa, kas \u0161ioje srityje laikoma \u201ereputacija&#8221;, yra stebuklo pabaiga. Tikrieji meile\u0307s namai \u2013 visada sle\u0307ptuve\u0307. Beje, i\u0161tikimybe\u0307 man nebuvo koks nors i\u0161skirtinis sande\u0307ris, o tiesiog nuo\u0161irdus bendravimas laikantis tu\u0328 pac\u030ciu\u0328 vertybiu\u0328.&#8221;<br \/>\n\u0160e\u0161iasde\u0161imtmetis pagrindinis knygos veike\u0307jas \u017dakas Renj\u0117 susiduria su vidutinio am\u017eiaus krize, bando susitaikyti su ji\u0328 i\u0161tinkanc\u030ciu finansiniu, profesiniu nuosmukiu, silpn\u0117jan\u010diu seksualumu, kintanc\u030ciais \u017emoniu\u0328 tarpusavio santykiais ir savivoka, jau\u010dia kalt\u0119 savo s\u016bnui d\u0117l nenusisekusio t\u0117vo vaidmens ir pirm\u0105kart i\u0161 tikr\u0173j\u0173 \u012fsimyli gerokai u\u017e save jaunesn\u0119 mergin\u0105.<\/p>\n<p>Romane\u00a0<strong>\u201eToliau j\u016bs\u0173 bilietas nebegalioja&#8221;<\/strong>\u00a0ironi\u0161kai ir su taikliu humoru nagrin\u0117damas \u017emogaus ir laiko santyk\u012f, atskleisdamas trapu\u0328 ir pa\u017eeid\u017eiama\u0328 \u017emogaus vidini\u0328 pasauli\u0328, apma\u0328stydamas jo vertybiu\u0328 svarb\u0105, Romainas Gary skaitytojams pateikia tiksl\u0173 psichologin\u012f \u017emogaus portret\u0105.<\/p>\n","protected":false},"excerpt":{"rendered":"<p>\u201eMan patiko intymus bendravimas dviese, i\u0328 kuri\u0328 niekas negali i\u0328siterpti. Visa, kas \u0161ioje srityje laikoma \u201ereputacija&#8221;, yra stebuklo pabaiga. Tikrieji meile\u0307s namai \u2013 visada sle\u0307ptuve\u0307. Beje, i\u0161tikimybe\u0307 man nebuvo koks nors i\u0161skirtinis sande\u0307ris, o tiesiog nuo\u0161irdus bendravimas laikantis tu\u0328 pac\u030ciu\u0328 vertybiu\u0328.&#8221;<br \/>\n\u0160e\u0161iasde\u0161imtmetis pagrindinis knygos veike\u0307jas \u017dakas Renj\u0117 susiduria su vidutinio am\u017eiaus krize, bando susitaikyti su ji\u0328 i\u0161tinkanc\u030ciu finansiniu, profesiniu nuosmukiu, silpn\u0117jan\u010diu seksualumu, kintanc\u030ciais \u017emoniu\u0328 tarpusavio santykiais ir savivoka, jau\u010dia kalt\u0119 savo s\u016bnui d\u0117l nenusisekusio t\u0117vo vaidmens ir pirm\u0105kart i\u0161 tikr\u0173j\u0173 \u012fsimyli gerokai u\u017e save jaunesn\u0119 mergin\u0105.<\/p>\n<p>Romane\u00a0<strong>\u201eToliau j\u016bs\u0173 bilietas nebegalioja&#8221;<\/strong>\u00a0ironi\u0161kai ir su taikliu humoru nagrin\u0117damas \u017emogaus ir laiko santyk\u012f, atskleisdamas trapu\u0328 ir pa\u017eeid\u017eiama\u0328 \u017emogaus vidini\u0328 pasauli\u0328, apma\u0328stydamas jo vertybiu\u0328 svarb\u0105, Romainas Gary skaitytojams pateikia tiksl\u0173 psichologin\u012f \u017emogaus portret\u0105.<\/p>\n","protected":false},"featured_media":10535,"comment_status":"closed","ping_status":"closed","template":"","meta":{"_acf_changed":false,"site-sidebar-layout":"default","site-content-layout":"","ast-site-content-layout":"default","site-content-style":"default","site-sidebar-style":"default","ast-global-header-display":"","ast-banner-title-visibility":"","ast-main-header-display":"","ast-hfb-above-header-display":"","ast-hfb-below-header-display":"","ast-hfb-mobile-header-display":"","site-post-title":"","ast-breadcrumbs-content":"","ast-featured-img":"","footer-sml-layout":"","ast-disable-related-posts":"","theme-transparent-header-meta":"","adv-header-id-meta":"","stick-header-meta":"","header-above-stick-meta":"","header-main-stick-meta":"","header-below-stick-meta":"","astra-migrate-meta-layouts":"default","ast-page-background-enabled":"default","ast-page-background-meta":{"desktop":{"background-color":"","background-image":"","background-repeat":"repeat","background-position":"center center","background-size":"auto","background-attachment":"scroll","background-type":"","background-media":"","overlay-type":"","overlay-color":"","overlay-opacity":"","overlay-gradient":""},"tablet":{"background-color":"","background-image":"","background-repeat":"repeat","background-position":"center center","background-size":"auto","background-attachment":"scroll","background-type":"","background-media":"","overlay-type":"","overlay-color":"","overlay-opacity":"","overlay-gradient":""},"mobile":{"background-color":"","background-image":"","background-repeat":"repeat","background-position":"center center","background-size":"auto","background-attachment":"scroll","background-type":"","background-media":"","overlay-type":"","overlay-color":"","overlay-opacity":"","overlay-gradient":""}},"ast-content-background-meta":{"desktop":{"background-color":"var(--ast-global-color-4)","background-image":"","background-repeat":"repeat","background-position":"center center","background-size":"auto","background-attachment":"scroll","background-type":"","background-media":"","overlay-type":"","overlay-color":"","overlay-opacity":"","overlay-gradient":""},"tablet":{"background-color":"var(--ast-global-color-4)","background-image":"","background-repeat":"repeat","background-position":"center center","background-size":"auto","background-attachment":"scroll","background-type":"","background-media":"","overlay-type":"","overlay-color":"","overlay-opacity":"","overlay-gradient":""},"mobile":{"background-color":"var(--ast-global-color-4)","background-image":"","background-repeat":"repeat","background-position":"center center","background-size":"auto","background-attachment":"scroll","background-type":"","background-media":"","overlay-type":"","overlay-color":"","overlay-opacity":"","overlay-gradient":""}}},"product_brand":[],"product_cat":[31],"product_tag":[],"class_list":{"0":"post-10487","1":"product","2":"type-product","3":"status-publish","4":"has-post-thumbnail","6":"product_cat-grozine-literatura","7":"pa_leidimo-metai-812","8":"desktop-align-left","9":"tablet-align-left","10":"mobile-align-left","12":"first","13":"outofstock","14":"shipping-taxable","15":"purchasable","16":"product-type-simple"},"acf":[],"yoast_head":"<!-- This site is optimized with the Yoast SEO plugin v27.0 - https:\/\/yoast.com\/product\/yoast-seo-wordpress\/ -->\n<title>R. Gary \u201eToliau J\u016bs\u0173 bilietas nebegalioja\u201c - Skaitytaknyga<\/title>\n<meta name=\"description\" content=\"\u201eMan patiko intymus bendravimas dviese, i\u0328 kuri\u0328 niekas negali i\u0328siterpti. Visa, kas \u0161ioje srityje laikoma \u201ereputacija&quot;, yra stebuklo pabaiga. Tikrieji meile\u0307s namai \u2013 visada sle\u0307ptuve\u0307. Beje, i\u0161tikimybe\u0307 man nebuvo koks nors i\u0161skirtinis sande\u0307ris, o tiesiog nuo\u0161irdus bendravimas laikantis tu\u0328 pac\u030ciu\u0328 vertybiu\u0328.&quot; \u0160e\u0161iasde\u0161imtmetis pagrindinis knygos veike\u0307jas \u017dakas Renj\u0117 susiduria su vidutinio am\u017eiaus krize, bando susitaikyti su ji\u0328 i\u0161tinkanc\u030ciu finansiniu, profesiniu nuosmukiu, silpn\u0117jan\u010diu seksualumu, kintanc\u030ciais \u017emoniu\u0328 tarpusavio santykiais ir savivoka, jau\u010dia kalt\u0119 savo s\u016bnui d\u0117l nenusisekusio t\u0117vo vaidmens ir pirm\u0105kart i\u0161 tikr\u0173j\u0173 \u012fsimyli gerokai u\u017e save jaunesn\u0119 mergin\u0105.  Romane\u00a0\u201eToliau j\u016bs\u0173 bilietas nebegalioja&quot;\u00a0ironi\u0161kai ir su taikliu humoru nagrin\u0117damas \u017emogaus ir laiko santyk\u012f, atskleisdamas trapu\u0328 ir pa\u017eeid\u017eiama\u0328 \u017emogaus vidini\u0328 pasauli\u0328, apma\u0328stydamas jo vertybiu\u0328 svarb\u0105, Romainas Gary skaitytojams pateikia tiksl\u0173 psichologin\u012f \u017emogaus portret\u0105.\" \/>\n<meta name=\"robots\" content=\"index, follow, max-snippet:-1, max-image-preview:large, max-video-preview:-1\" \/>\n<link rel=\"canonical\" href=\"https:\/\/skaitytaknyga.lt\/en\/produktas\/r-gary-toliau-jusu-bilietas-nebegalioja\/\" \/>\n<meta property=\"og:locale\" content=\"en_GB\" \/>\n<meta property=\"og:locale:alternate\" content=\"lt_LT\" \/>\n<meta property=\"og:type\" content=\"article\" \/>\n<meta property=\"og:title\" content=\"R. Gary \u201eToliau J\u016bs\u0173 bilietas nebegalioja\u201c - Skaitytaknyga\" \/>\n<meta property=\"og:description\" content=\"\u201eMan patiko intymus bendravimas dviese, i\u0328 kuri\u0328 niekas negali i\u0328siterpti. Visa, kas \u0161ioje srityje laikoma \u201ereputacija&quot;, yra stebuklo pabaiga. Tikrieji meile\u0307s namai \u2013 visada sle\u0307ptuve\u0307. Beje, i\u0161tikimybe\u0307 man nebuvo koks nors i\u0161skirtinis sande\u0307ris, o tiesiog nuo\u0161irdus bendravimas laikantis tu\u0328 pac\u030ciu\u0328 vertybiu\u0328.&quot; \u0160e\u0161iasde\u0161imtmetis pagrindinis knygos veike\u0307jas \u017dakas Renj\u0117 susiduria su vidutinio am\u017eiaus krize, bando susitaikyti su ji\u0328 i\u0161tinkanc\u030ciu finansiniu, profesiniu nuosmukiu, silpn\u0117jan\u010diu seksualumu, kintanc\u030ciais \u017emoniu\u0328 tarpusavio santykiais ir savivoka, jau\u010dia kalt\u0119 savo s\u016bnui d\u0117l nenusisekusio t\u0117vo vaidmens ir pirm\u0105kart i\u0161 tikr\u0173j\u0173 \u012fsimyli gerokai u\u017e save jaunesn\u0119 mergin\u0105.  Romane\u00a0\u201eToliau j\u016bs\u0173 bilietas nebegalioja&quot;\u00a0ironi\u0161kai ir su taikliu humoru nagrin\u0117damas \u017emogaus ir laiko santyk\u012f, atskleisdamas trapu\u0328 ir pa\u017eeid\u017eiama\u0328 \u017emogaus vidini\u0328 pasauli\u0328, apma\u0328stydamas jo vertybiu\u0328 svarb\u0105, Romainas Gary skaitytojams pateikia tiksl\u0173 psichologin\u012f \u017emogaus portret\u0105.\" \/>\n<meta property=\"og:url\" content=\"https:\/\/skaitytaknyga.lt\/en\/produktas\/r-gary-toliau-jusu-bilietas-nebegalioja\/\" \/>\n<meta property=\"og:site_name\" content=\"Skaitytaknyga\" \/>\n<meta property=\"article:publisher\" content=\"https:\/\/www.facebook.com\/skaitytaknyga\/\" \/>\n<meta property=\"article:modified_time\" content=\"2024-05-04T18:19:28+00:00\" \/>\n<meta property=\"og:image\" content=\"https:\/\/skaitytaknyga.lt\/wp-content\/uploads\/2024\/05\/11780915._UY457_SS457_-e1659639935210.jpg\" \/>\n\t<meta property=\"og:image:width\" content=\"299\" \/>\n\t<meta property=\"og:image:height\" content=\"457\" \/>\n\t<meta property=\"og:image:type\" content=\"image\/jpeg\" \/>\n<meta name=\"twitter:card\" content=\"summary_large_image\" \/>\n<meta name=\"twitter:label1\" content=\"Estimated reading time\" \/>\n\t<meta name=\"twitter:data1\" content=\"1 minute\" \/>\n<script type=\"application\/ld+json\" class=\"yoast-schema-graph\">{\"@context\":\"https:\/\/schema.org\",\"@graph\":[{\"@type\":\"WebPage\",\"@id\":\"https:\/\/skaitytaknyga.lt\/produktas\/r-gary-toliau-jusu-bilietas-nebegalioja\/\",\"url\":\"https:\/\/skaitytaknyga.lt\/produktas\/r-gary-toliau-jusu-bilietas-nebegalioja\/\",\"name\":\"R. Gary \u201eToliau J\u016bs\u0173 bilietas nebegalioja\u201c - Skaitytaknyga\",\"isPartOf\":{\"@id\":\"https:\/\/skaitytaknyga.lt\/#website\"},\"primaryImageOfPage\":{\"@id\":\"https:\/\/skaitytaknyga.lt\/produktas\/r-gary-toliau-jusu-bilietas-nebegalioja\/#primaryimage\"},\"image\":{\"@id\":\"https:\/\/skaitytaknyga.lt\/produktas\/r-gary-toliau-jusu-bilietas-nebegalioja\/#primaryimage\"},\"thumbnailUrl\":\"https:\/\/skaitytaknyga.lt\/wp-content\/uploads\/2024\/05\/11780915._UY457_SS457_-e1659639935210.jpg\",\"datePublished\":\"2024-05-04T18:17:53+00:00\",\"dateModified\":\"2024-05-04T18:19:28+00:00\",\"description\":\"\u201eMan patiko intymus bendravimas dviese, i\u0328 kuri\u0328 niekas negali i\u0328siterpti. Visa, kas \u0161ioje srityje laikoma \u201ereputacija\\\", yra stebuklo pabaiga. Tikrieji meile\u0307s namai \u2013 visada sle\u0307ptuve\u0307. Beje, i\u0161tikimybe\u0307 man nebuvo koks nors i\u0161skirtinis sande\u0307ris, o tiesiog nuo\u0161irdus bendravimas laikantis tu\u0328 pac\u030ciu\u0328 vertybiu\u0328.\\\" \u0160e\u0161iasde\u0161imtmetis pagrindinis knygos veike\u0307jas \u017dakas Renj\u0117 susiduria su vidutinio am\u017eiaus krize, bando susitaikyti su ji\u0328 i\u0161tinkanc\u030ciu finansiniu, profesiniu nuosmukiu, silpn\u0117jan\u010diu seksualumu, kintanc\u030ciais \u017emoniu\u0328 tarpusavio santykiais ir savivoka, jau\u010dia kalt\u0119 savo s\u016bnui d\u0117l nenusisekusio t\u0117vo vaidmens ir pirm\u0105kart i\u0161 tikr\u0173j\u0173 \u012fsimyli gerokai u\u017e save jaunesn\u0119 mergin\u0105. Romane\u00a0\u201eToliau j\u016bs\u0173 bilietas nebegalioja\\\"\u00a0ironi\u0161kai ir su taikliu humoru nagrin\u0117damas \u017emogaus ir laiko santyk\u012f, atskleisdamas trapu\u0328 ir pa\u017eeid\u017eiama\u0328 \u017emogaus vidini\u0328 pasauli\u0328, apma\u0328stydamas jo vertybiu\u0328 svarb\u0105, Romainas Gary skaitytojams pateikia tiksl\u0173 psichologin\u012f \u017emogaus portret\u0105.\",\"breadcrumb\":{\"@id\":\"https:\/\/skaitytaknyga.lt\/produktas\/r-gary-toliau-jusu-bilietas-nebegalioja\/#breadcrumb\"},\"inLanguage\":\"en-GB\",\"potentialAction\":[{\"@type\":\"ReadAction\",\"target\":[\"https:\/\/skaitytaknyga.lt\/produktas\/r-gary-toliau-jusu-bilietas-nebegalioja\/\"]}]},{\"@type\":\"ImageObject\",\"inLanguage\":\"en-GB\",\"@id\":\"https:\/\/skaitytaknyga.lt\/produktas\/r-gary-toliau-jusu-bilietas-nebegalioja\/#primaryimage\",\"url\":\"https:\/\/skaitytaknyga.lt\/wp-content\/uploads\/2024\/05\/11780915._UY457_SS457_-e1659639935210.jpg\",\"contentUrl\":\"https:\/\/skaitytaknyga.lt\/wp-content\/uploads\/2024\/05\/11780915._UY457_SS457_-e1659639935210.jpg\",\"width\":299,\"height\":457},{\"@type\":\"BreadcrumbList\",\"@id\":\"https:\/\/skaitytaknyga.lt\/produktas\/r-gary-toliau-jusu-bilietas-nebegalioja\/#breadcrumb\",\"itemListElement\":[{\"@type\":\"ListItem\",\"position\":1,\"name\":\"Home\",\"item\":\"https:\/\/skaitytaknyga.lt\/\"},{\"@type\":\"ListItem\",\"position\":2,\"name\":\"Parduotuv\u0117\",\"item\":\"https:\/\/skaitytaknyga.lt\/knygu-parduotuve\/\"},{\"@type\":\"ListItem\",\"position\":3,\"name\":\"R. Gary \u201eToliau J\u016bs\u0173 bilietas nebegalioja\u201c\"}]},{\"@type\":\"WebSite\",\"@id\":\"https:\/\/skaitytaknyga.lt\/#website\",\"url\":\"https:\/\/skaitytaknyga.lt\/\",\"name\":\"skaitytaknyga.lt\",\"description\":\"Skaitytaknyga.lt \u2013 tai ma\u017eas \u0161eimos verslas, kuris prasid\u0117jo nuo meil\u0117s knygoms ir siekio i\u0161gelb\u0117ti knygas nuo likimo prie konteinerio. Kas vienam nereikalingas daiktas \u2013 kitam lobis, o mes esame tarpininkai, kurie padeda abiems tapti laimingesniems ???? \u017dinome kaip nelengva i\u0161gyventi ma\u017eiems verslams, tad nuo \u0161iol, \u010dia rasite ir kit\u0173, ma\u017e\u0173 \u0161eim\u0173 versl\u0173, rank\u0173 darbo, dovan\u0173 sau ir artimiesiems.\",\"publisher\":{\"@id\":\"https:\/\/skaitytaknyga.lt\/#organization\"},\"potentialAction\":[{\"@type\":\"SearchAction\",\"target\":{\"@type\":\"EntryPoint\",\"urlTemplate\":\"https:\/\/skaitytaknyga.lt\/?s={search_term_string}\"},\"query-input\":{\"@type\":\"PropertyValueSpecification\",\"valueRequired\":true,\"valueName\":\"search_term_string\"}}],\"inLanguage\":\"en-GB\"},{\"@type\":\"Organization\",\"@id\":\"https:\/\/skaitytaknyga.lt\/#organization\",\"name\":\"skaitytaknyga.lt\",\"url\":\"https:\/\/skaitytaknyga.lt\/\",\"logo\":{\"@type\":\"ImageObject\",\"inLanguage\":\"en-GB\",\"@id\":\"https:\/\/skaitytaknyga.lt\/#\/schema\/logo\/image\/\",\"url\":\"https:\/\/skaitytaknyga.lt\/wp-content\/uploads\/2024\/05\/cropped-cropped-cropped-02_00843_jt3bggkj1j3HLc7SyY6rEUpg.jpeg\",\"contentUrl\":\"https:\/\/skaitytaknyga.lt\/wp-content\/uploads\/2024\/05\/cropped-cropped-cropped-02_00843_jt3bggkj1j3HLc7SyY6rEUpg.jpeg\",\"width\":1600,\"height\":1600,\"caption\":\"skaitytaknyga.lt\"},\"image\":{\"@id\":\"https:\/\/skaitytaknyga.lt\/#\/schema\/logo\/image\/\"},\"sameAs\":[\"https:\/\/www.facebook.com\/skaitytaknyga\/\"]}]}<\/script>\n<!-- \/ Yoast SEO plugin. -->","yoast_head_json":{"title":"R. Gary \u201eToliau J\u016bs\u0173 bilietas nebegalioja\u201c - Skaitytaknyga","description":"\u201eMan patiko intymus bendravimas dviese, i\u0328 kuri\u0328 niekas negali i\u0328siterpti. Visa, kas \u0161ioje srityje laikoma \u201ereputacija\", yra stebuklo pabaiga. Tikrieji meile\u0307s namai \u2013 visada sle\u0307ptuve\u0307. Beje, i\u0161tikimybe\u0307 man nebuvo koks nors i\u0161skirtinis sande\u0307ris, o tiesiog nuo\u0161irdus bendravimas laikantis tu\u0328 pac\u030ciu\u0328 vertybiu\u0328.\" \u0160e\u0161iasde\u0161imtmetis pagrindinis knygos veike\u0307jas \u017dakas Renj\u0117 susiduria su vidutinio am\u017eiaus krize, bando susitaikyti su ji\u0328 i\u0161tinkanc\u030ciu finansiniu, profesiniu nuosmukiu, silpn\u0117jan\u010diu seksualumu, kintanc\u030ciais \u017emoniu\u0328 tarpusavio santykiais ir savivoka, jau\u010dia kalt\u0119 savo s\u016bnui d\u0117l nenusisekusio t\u0117vo vaidmens ir pirm\u0105kart i\u0161 tikr\u0173j\u0173 \u012fsimyli gerokai u\u017e save jaunesn\u0119 mergin\u0105.  Romane\u00a0\u201eToliau j\u016bs\u0173 bilietas nebegalioja\"\u00a0ironi\u0161kai ir su taikliu humoru nagrin\u0117damas \u017emogaus ir laiko santyk\u012f, atskleisdamas trapu\u0328 ir pa\u017eeid\u017eiama\u0328 \u017emogaus vidini\u0328 pasauli\u0328, apma\u0328stydamas jo vertybiu\u0328 svarb\u0105, Romainas Gary skaitytojams pateikia tiksl\u0173 psichologin\u012f \u017emogaus portret\u0105.","robots":{"index":"index","follow":"follow","max-snippet":"max-snippet:-1","max-image-preview":"max-image-preview:large","max-video-preview":"max-video-preview:-1"},"canonical":"https:\/\/skaitytaknyga.lt\/en\/produktas\/r-gary-toliau-jusu-bilietas-nebegalioja\/","og_locale":"en_GB","og_type":"article","og_title":"R. Gary \u201eToliau J\u016bs\u0173 bilietas nebegalioja\u201c - Skaitytaknyga","og_description":"\u201eMan patiko intymus bendravimas dviese, i\u0328 kuri\u0328 niekas negali i\u0328siterpti. Visa, kas \u0161ioje srityje laikoma \u201ereputacija\", yra stebuklo pabaiga. Tikrieji meile\u0307s namai \u2013 visada sle\u0307ptuve\u0307. Beje, i\u0161tikimybe\u0307 man nebuvo koks nors i\u0161skirtinis sande\u0307ris, o tiesiog nuo\u0161irdus bendravimas laikantis tu\u0328 pac\u030ciu\u0328 vertybiu\u0328.\" \u0160e\u0161iasde\u0161imtmetis pagrindinis knygos veike\u0307jas \u017dakas Renj\u0117 susiduria su vidutinio am\u017eiaus krize, bando susitaikyti su ji\u0328 i\u0161tinkanc\u030ciu finansiniu, profesiniu nuosmukiu, silpn\u0117jan\u010diu seksualumu, kintanc\u030ciais \u017emoniu\u0328 tarpusavio santykiais ir savivoka, jau\u010dia kalt\u0119 savo s\u016bnui d\u0117l nenusisekusio t\u0117vo vaidmens ir pirm\u0105kart i\u0161 tikr\u0173j\u0173 \u012fsimyli gerokai u\u017e save jaunesn\u0119 mergin\u0105.  Romane\u00a0\u201eToliau j\u016bs\u0173 bilietas nebegalioja\"\u00a0ironi\u0161kai ir su taikliu humoru nagrin\u0117damas \u017emogaus ir laiko santyk\u012f, atskleisdamas trapu\u0328 ir pa\u017eeid\u017eiama\u0328 \u017emogaus vidini\u0328 pasauli\u0328, apma\u0328stydamas jo vertybiu\u0328 svarb\u0105, Romainas Gary skaitytojams pateikia tiksl\u0173 psichologin\u012f \u017emogaus portret\u0105.","og_url":"https:\/\/skaitytaknyga.lt\/en\/produktas\/r-gary-toliau-jusu-bilietas-nebegalioja\/","og_site_name":"Skaitytaknyga","article_publisher":"https:\/\/www.facebook.com\/skaitytaknyga\/","article_modified_time":"2024-05-04T18:19:28+00:00","og_image":[{"width":299,"height":457,"url":"https:\/\/skaitytaknyga.lt\/wp-content\/uploads\/2024\/05\/11780915._UY457_SS457_-e1659639935210.jpg","type":"image\/jpeg"}],"twitter_card":"summary_large_image","twitter_misc":{"Estimated reading time":"1 minute"},"schema":{"@context":"https:\/\/schema.org","@graph":[{"@type":"WebPage","@id":"https:\/\/skaitytaknyga.lt\/produktas\/r-gary-toliau-jusu-bilietas-nebegalioja\/","url":"https:\/\/skaitytaknyga.lt\/produktas\/r-gary-toliau-jusu-bilietas-nebegalioja\/","name":"R. Gary \u201eToliau J\u016bs\u0173 bilietas nebegalioja\u201c - Skaitytaknyga","isPartOf":{"@id":"https:\/\/skaitytaknyga.lt\/#website"},"primaryImageOfPage":{"@id":"https:\/\/skaitytaknyga.lt\/produktas\/r-gary-toliau-jusu-bilietas-nebegalioja\/#primaryimage"},"image":{"@id":"https:\/\/skaitytaknyga.lt\/produktas\/r-gary-toliau-jusu-bilietas-nebegalioja\/#primaryimage"},"thumbnailUrl":"https:\/\/skaitytaknyga.lt\/wp-content\/uploads\/2024\/05\/11780915._UY457_SS457_-e1659639935210.jpg","datePublished":"2024-05-04T18:17:53+00:00","dateModified":"2024-05-04T18:19:28+00:00","description":"\u201eMan patiko intymus bendravimas dviese, i\u0328 kuri\u0328 niekas negali i\u0328siterpti. Visa, kas \u0161ioje srityje laikoma \u201ereputacija\", yra stebuklo pabaiga. Tikrieji meile\u0307s namai \u2013 visada sle\u0307ptuve\u0307. Beje, i\u0161tikimybe\u0307 man nebuvo koks nors i\u0161skirtinis sande\u0307ris, o tiesiog nuo\u0161irdus bendravimas laikantis tu\u0328 pac\u030ciu\u0328 vertybiu\u0328.\" \u0160e\u0161iasde\u0161imtmetis pagrindinis knygos veike\u0307jas \u017dakas Renj\u0117 susiduria su vidutinio am\u017eiaus krize, bando susitaikyti su ji\u0328 i\u0161tinkanc\u030ciu finansiniu, profesiniu nuosmukiu, silpn\u0117jan\u010diu seksualumu, kintanc\u030ciais \u017emoniu\u0328 tarpusavio santykiais ir savivoka, jau\u010dia kalt\u0119 savo s\u016bnui d\u0117l nenusisekusio t\u0117vo vaidmens ir pirm\u0105kart i\u0161 tikr\u0173j\u0173 \u012fsimyli gerokai u\u017e save jaunesn\u0119 mergin\u0105. Romane\u00a0\u201eToliau j\u016bs\u0173 bilietas nebegalioja\"\u00a0ironi\u0161kai ir su taikliu humoru nagrin\u0117damas \u017emogaus ir laiko santyk\u012f, atskleisdamas trapu\u0328 ir pa\u017eeid\u017eiama\u0328 \u017emogaus vidini\u0328 pasauli\u0328, apma\u0328stydamas jo vertybiu\u0328 svarb\u0105, Romainas Gary skaitytojams pateikia tiksl\u0173 psichologin\u012f \u017emogaus portret\u0105.","breadcrumb":{"@id":"https:\/\/skaitytaknyga.lt\/produktas\/r-gary-toliau-jusu-bilietas-nebegalioja\/#breadcrumb"},"inLanguage":"en-GB","potentialAction":[{"@type":"ReadAction","target":["https:\/\/skaitytaknyga.lt\/produktas\/r-gary-toliau-jusu-bilietas-nebegalioja\/"]}]},{"@type":"ImageObject","inLanguage":"en-GB","@id":"https:\/\/skaitytaknyga.lt\/produktas\/r-gary-toliau-jusu-bilietas-nebegalioja\/#primaryimage","url":"https:\/\/skaitytaknyga.lt\/wp-content\/uploads\/2024\/05\/11780915._UY457_SS457_-e1659639935210.jpg","contentUrl":"https:\/\/skaitytaknyga.lt\/wp-content\/uploads\/2024\/05\/11780915._UY457_SS457_-e1659639935210.jpg","width":299,"height":457},{"@type":"BreadcrumbList","@id":"https:\/\/skaitytaknyga.lt\/produktas\/r-gary-toliau-jusu-bilietas-nebegalioja\/#breadcrumb","itemListElement":[{"@type":"ListItem","position":1,"name":"Home","item":"https:\/\/skaitytaknyga.lt\/"},{"@type":"ListItem","position":2,"name":"Parduotuv\u0117","item":"https:\/\/skaitytaknyga.lt\/knygu-parduotuve\/"},{"@type":"ListItem","position":3,"name":"R. Gary \u201eToliau J\u016bs\u0173 bilietas nebegalioja\u201c"}]},{"@type":"WebSite","@id":"https:\/\/skaitytaknyga.lt\/#website","url":"https:\/\/skaitytaknyga.lt\/","name":"skaitytaknyga.lt","description":"Skaitytaknyga.lt \u2013 tai ma\u017eas \u0161eimos verslas, kuris prasid\u0117jo nuo meil\u0117s knygoms ir siekio i\u0161gelb\u0117ti knygas nuo likimo prie konteinerio. Kas vienam nereikalingas daiktas \u2013 kitam lobis, o mes esame tarpininkai, kurie padeda abiems tapti laimingesniems ???? \u017dinome kaip nelengva i\u0161gyventi ma\u017eiems verslams, tad nuo \u0161iol, \u010dia rasite ir kit\u0173, ma\u017e\u0173 \u0161eim\u0173 versl\u0173, rank\u0173 darbo, dovan\u0173 sau ir artimiesiems.","publisher":{"@id":"https:\/\/skaitytaknyga.lt\/#organization"},"potentialAction":[{"@type":"SearchAction","target":{"@type":"EntryPoint","urlTemplate":"https:\/\/skaitytaknyga.lt\/?s={search_term_string}"},"query-input":{"@type":"PropertyValueSpecification","valueRequired":true,"valueName":"search_term_string"}}],"inLanguage":"en-GB"},{"@type":"Organization","@id":"https:\/\/skaitytaknyga.lt\/#organization","name":"skaitytaknyga.lt","url":"https:\/\/skaitytaknyga.lt\/","logo":{"@type":"ImageObject","inLanguage":"en-GB","@id":"https:\/\/skaitytaknyga.lt\/#\/schema\/logo\/image\/","url":"https:\/\/skaitytaknyga.lt\/wp-content\/uploads\/2024\/05\/cropped-cropped-cropped-02_00843_jt3bggkj1j3HLc7SyY6rEUpg.jpeg","contentUrl":"https:\/\/skaitytaknyga.lt\/wp-content\/uploads\/2024\/05\/cropped-cropped-cropped-02_00843_jt3bggkj1j3HLc7SyY6rEUpg.jpeg","width":1600,"height":1600,"caption":"skaitytaknyga.lt"},"image":{"@id":"https:\/\/skaitytaknyga.lt\/#\/schema\/logo\/image\/"},"sameAs":["https:\/\/www.facebook.com\/skaitytaknyga\/"]}]}},"_links":{"self":[{"href":"https:\/\/skaitytaknyga.lt\/en\/wp-json\/wp\/v2\/product\/10487","targetHints":{"allow":["GET"]}}],"collection":[{"href":"https:\/\/skaitytaknyga.lt\/en\/wp-json\/wp\/v2\/product"}],"about":[{"href":"https:\/\/skaitytaknyga.lt\/en\/wp-json\/wp\/v2\/types\/product"}],"replies":[{"embeddable":true,"href":"https:\/\/skaitytaknyga.lt\/en\/wp-json\/wp\/v2\/comments?post=10487"}],"wp:featuredmedia":[{"embeddable":true,"href":"https:\/\/skaitytaknyga.lt\/en\/wp-json\/wp\/v2\/media\/10535"}],"wp:attachment":[{"href":"https:\/\/skaitytaknyga.lt\/en\/wp-json\/wp\/v2\/media?parent=10487"}],"wp:term":[{"taxonomy":"product_brand","embeddable":true,"href":"https:\/\/skaitytaknyga.lt\/en\/wp-json\/wp\/v2\/product_brand?post=10487"},{"taxonomy":"product_cat","embeddable":true,"href":"https:\/\/skaitytaknyga.lt\/en\/wp-json\/wp\/v2\/product_cat?post=10487"},{"taxonomy":"product_tag","embeddable":true,"href":"https:\/\/skaitytaknyga.lt\/en\/wp-json\/wp\/v2\/product_tag?post=10487"}],"curies":[{"name":"wp","href":"https:\/\/api.w.org\/{rel}","templated":true}]}}