{"id":10453,"date":"2024-05-04T18:16:45","date_gmt":"2024-05-04T18:16:45","guid":{"rendered":"https:\/\/skaitytaknyga.lt\/?post_type=product&#038;p=10453"},"modified":"2026-03-18T14:59:57","modified_gmt":"2026-03-18T12:59:57","slug":"mano-kinas-pasaulis-kuris-priklause-vyrams","status":"publish","type":"product","link":"https:\/\/skaitytaknyga.lt\/en\/produktas\/mano-kinas-pasaulis-kuris-priklause-vyrams\/","title":{"rendered":"Mano kinas. Pasaulis, kuris priklaus\u0117 vyrams"},"content":{"rendered":"<p>Juozas Budraitis &#8211; aktorius, fotografas, diplomatas. Suk\u016br\u0117 per 100 vaidmen\u0173 kine, teatre, televizijoje, dirbo su lietuvi\u0173, latvi\u0173, est\u0173, rus\u0173, baltarusi\u0173, ukrainie\u010di\u0173, azerbaid\u017eanie\u010di\u0173, kazach\u0173, \u010dek\u0173, bulgar\u0173, vokie\u010di\u0173 kino re\u017eisieriais. Nacionalin\u0117s kult\u016bros ir meno premijos laureatas. Margarita Matulyt\u0117 &#8211; humanitarini\u0173 moksl\u0173 daktar\u0117, vizualin\u0117s kult\u016bros tyrin\u0117toja. Dirba Lietuvos dail\u0117s muziejuje ir Lietuvos kult\u016bros tyrim\u0173 institute, d\u0117sto Vilniaus universitete. Sudar\u0117 per 20 knyg\u0173: monografij\u0173, kult\u016bros istorijos \u0161altini\u0173 publikacij\u0173, fotografijos meno album\u0173. Vyriausyb\u0117s kult\u016bros ir meno premijos laureat\u0117.<\/p>\n","protected":false},"excerpt":{"rendered":"<p>Juozas Budraitis &#8211; aktorius, fotografas, diplomatas. Suk\u016br\u0117 per 100 vaidmen\u0173 kine, teatre, televizijoje, dirbo su lietuvi\u0173, latvi\u0173, est\u0173, rus\u0173, baltarusi\u0173, ukrainie\u010di\u0173, azerbaid\u017eanie\u010di\u0173, kazach\u0173, \u010dek\u0173, bulgar\u0173, vokie\u010di\u0173 kino re\u017eisieriais. Nacionalin\u0117s kult\u016bros ir meno premijos laureatas. Margarita Matulyt\u0117 &#8211; humanitarini\u0173 moksl\u0173 daktar\u0117, vizualin\u0117s kult\u016bros tyrin\u0117toja. Dirba Lietuvos dail\u0117s muziejuje ir Lietuvos kult\u016bros tyrim\u0173 institute, d\u0117sto Vilniaus universitete. Sudar\u0117 per 20 knyg\u0173: monografij\u0173, kult\u016bros istorijos \u0161altini\u0173 publikacij\u0173, fotografijos meno album\u0173. Vyriausyb\u0117s kult\u016bros ir meno premijos laureat\u0117.<\/p>\n","protected":false},"featured_media":10495,"comment_status":"closed","ping_status":"closed","template":"","meta":{"_acf_changed":false,"site-sidebar-layout":"default","site-content-layout":"","ast-site-content-layout":"default","site-content-style":"default","site-sidebar-style":"default","ast-global-header-display":"","ast-banner-title-visibility":"","ast-main-header-display":"","ast-hfb-above-header-display":"","ast-hfb-below-header-display":"","ast-hfb-mobile-header-display":"","site-post-title":"","ast-breadcrumbs-content":"","ast-featured-img":"","footer-sml-layout":"","ast-disable-related-posts":"","theme-transparent-header-meta":"","adv-header-id-meta":"","stick-header-meta":"","header-above-stick-meta":"","header-main-stick-meta":"","header-below-stick-meta":"","astra-migrate-meta-layouts":"default","ast-page-background-enabled":"default","ast-page-background-meta":{"desktop":{"background-color":"","background-image":"","background-repeat":"repeat","background-position":"center center","background-size":"auto","background-attachment":"scroll","background-type":"","background-media":"","overlay-type":"","overlay-color":"","overlay-opacity":"","overlay-gradient":""},"tablet":{"background-color":"","background-image":"","background-repeat":"repeat","background-position":"center center","background-size":"auto","background-attachment":"scroll","background-type":"","background-media":"","overlay-type":"","overlay-color":"","overlay-opacity":"","overlay-gradient":""},"mobile":{"background-color":"","background-image":"","background-repeat":"repeat","background-position":"center center","background-size":"auto","background-attachment":"scroll","background-type":"","background-media":"","overlay-type":"","overlay-color":"","overlay-opacity":"","overlay-gradient":""}},"ast-content-background-meta":{"desktop":{"background-color":"var(--ast-global-color-4)","background-image":"","background-repeat":"repeat","background-position":"center center","background-size":"auto","background-attachment":"scroll","background-type":"","background-media":"","overlay-type":"","overlay-color":"","overlay-opacity":"","overlay-gradient":""},"tablet":{"background-color":"var(--ast-global-color-4)","background-image":"","background-repeat":"repeat","background-position":"center center","background-size":"auto","background-attachment":"scroll","background-type":"","background-media":"","overlay-type":"","overlay-color":"","overlay-opacity":"","overlay-gradient":""},"mobile":{"background-color":"var(--ast-global-color-4)","background-image":"","background-repeat":"repeat","background-position":"center center","background-size":"auto","background-attachment":"scroll","background-type":"","background-media":"","overlay-type":"","overlay-color":"","overlay-opacity":"","overlay-gradient":""}}},"product_brand":[],"product_cat":[9862,174,57],"product_tag":[3147,5917,3003,2649,5888,5918],"class_list":{"0":"post-10453","1":"product","2":"type-product","3":"status-publish","4":"has-post-thumbnail","6":"product_cat-lietuvos-istorija","7":"product_cat-istorija-ir-politologija","8":"product_cat-menas-ir-albumai","9":"product_tag-fotografija","10":"product_tag-juozas-budraitis","11":"product_tag-kinas","12":"product_tag-kulturos-istorija","13":"product_tag-lietuviu-aktoriai","14":"product_tag-margarita-matulyte","15":"desktop-align-left","16":"tablet-align-left","17":"mobile-align-left","19":"first","20":"outofstock","21":"shipping-taxable","22":"purchasable","23":"product-type-simple"},"acf":[],"yoast_head":"<!-- This site is optimized with the Yoast SEO plugin v27.0 - https:\/\/yoast.com\/product\/yoast-seo-wordpress\/ -->\n<title>Mano kinas. Pasaulis, kuris priklaus\u0117 vyrams<\/title>\n<meta name=\"description\" content=\"Juozas Budraitis - aktorius, fotografas, diplomatas. Suk\u016br\u0117 per 100 vaidmen\u0173 kine, teatre, televizijoje, dirbo su lietuvi\u0173, latvi\u0173, est\u0173, rus\u0173, baltarusi\u0173, ukrainie\u010di\u0173, azerbaid\u017eanie\u010di\u0173, kazach\u0173, \u010dek\u0173, bulgar\u0173, vokie\u010di\u0173 kino re\u017eisieriais. Nacionalin\u0117s kult\u016bros ir meno premijos laureatas. Margarita Matulyt\u0117 - humanitarini\u0173 moksl\u0173 daktar\u0117, vizualin\u0117s kult\u016bros tyrin\u0117toja. Dirba Lietuvos dail\u0117s muziejuje ir Lietuvos kult\u016bros tyrim\u0173 institute, d\u0117sto Vilniaus universitete. Sudar\u0117 per 20 knyg\u0173: monografij\u0173, kult\u016bros istorijos \u0161altini\u0173 publikacij\u0173, fotografijos meno album\u0173. Vyriausyb\u0117s kult\u016bros ir meno premijos laureat\u0117.\" \/>\n<meta name=\"robots\" content=\"index, follow, max-snippet:-1, max-image-preview:large, max-video-preview:-1\" \/>\n<link rel=\"canonical\" href=\"https:\/\/skaitytaknyga.lt\/en\/produktas\/mano-kinas-pasaulis-kuris-priklause-vyrams\/\" \/>\n<meta property=\"og:locale\" content=\"en_GB\" \/>\n<meta property=\"og:locale:alternate\" content=\"lt_LT\" \/>\n<meta property=\"og:type\" content=\"article\" \/>\n<meta property=\"og:title\" content=\"Mano kinas. Pasaulis, kuris priklaus\u0117 vyrams\" \/>\n<meta property=\"og:description\" content=\"Juozas Budraitis - aktorius, fotografas, diplomatas. Suk\u016br\u0117 per 100 vaidmen\u0173 kine, teatre, televizijoje, dirbo su lietuvi\u0173, latvi\u0173, est\u0173, rus\u0173, baltarusi\u0173, ukrainie\u010di\u0173, azerbaid\u017eanie\u010di\u0173, kazach\u0173, \u010dek\u0173, bulgar\u0173, vokie\u010di\u0173 kino re\u017eisieriais. Nacionalin\u0117s kult\u016bros ir meno premijos laureatas. Margarita Matulyt\u0117 - humanitarini\u0173 moksl\u0173 daktar\u0117, vizualin\u0117s kult\u016bros tyrin\u0117toja. Dirba Lietuvos dail\u0117s muziejuje ir Lietuvos kult\u016bros tyrim\u0173 institute, d\u0117sto Vilniaus universitete. Sudar\u0117 per 20 knyg\u0173: monografij\u0173, kult\u016bros istorijos \u0161altini\u0173 publikacij\u0173, fotografijos meno album\u0173. Vyriausyb\u0117s kult\u016bros ir meno premijos laureat\u0117.\" \/>\n<meta property=\"og:url\" content=\"https:\/\/skaitytaknyga.lt\/en\/produktas\/mano-kinas-pasaulis-kuris-priklause-vyrams\/\" \/>\n<meta property=\"og:site_name\" content=\"Skaitytaknyga\" \/>\n<meta property=\"article:publisher\" content=\"https:\/\/www.facebook.com\/skaitytaknyga\/\" \/>\n<meta property=\"article:modified_time\" content=\"2026-03-18T12:59:57+00:00\" \/>\n<meta property=\"og:image\" content=\"https:\/\/skaitytaknyga.lt\/wp-content\/uploads\/2024\/05\/281754610_3227785447482553_7423269252279662906_n.jpg\" \/>\n\t<meta property=\"og:image:width\" content=\"720\" \/>\n\t<meta property=\"og:image:height\" content=\"960\" \/>\n\t<meta property=\"og:image:type\" content=\"image\/jpeg\" \/>\n<meta name=\"twitter:card\" content=\"summary_large_image\" \/>\n<script type=\"application\/ld+json\" class=\"yoast-schema-graph\">{\"@context\":\"https:\/\/schema.org\",\"@graph\":[{\"@type\":\"WebPage\",\"@id\":\"https:\/\/skaitytaknyga.lt\/produktas\/mano-kinas-pasaulis-kuris-priklause-vyrams\/\",\"url\":\"https:\/\/skaitytaknyga.lt\/produktas\/mano-kinas-pasaulis-kuris-priklause-vyrams\/\",\"name\":\"Mano kinas. Pasaulis, kuris priklaus\u0117 vyrams\",\"isPartOf\":{\"@id\":\"https:\/\/skaitytaknyga.lt\/#website\"},\"primaryImageOfPage\":{\"@id\":\"https:\/\/skaitytaknyga.lt\/produktas\/mano-kinas-pasaulis-kuris-priklause-vyrams\/#primaryimage\"},\"image\":{\"@id\":\"https:\/\/skaitytaknyga.lt\/produktas\/mano-kinas-pasaulis-kuris-priklause-vyrams\/#primaryimage\"},\"thumbnailUrl\":\"https:\/\/skaitytaknyga.lt\/wp-content\/uploads\/2024\/05\/281754610_3227785447482553_7423269252279662906_n.jpg\",\"datePublished\":\"2024-05-04T18:16:45+00:00\",\"dateModified\":\"2026-03-18T12:59:57+00:00\",\"description\":\"Juozas Budraitis - aktorius, fotografas, diplomatas. Suk\u016br\u0117 per 100 vaidmen\u0173 kine, teatre, televizijoje, dirbo su lietuvi\u0173, latvi\u0173, est\u0173, rus\u0173, baltarusi\u0173, ukrainie\u010di\u0173, azerbaid\u017eanie\u010di\u0173, kazach\u0173, \u010dek\u0173, bulgar\u0173, vokie\u010di\u0173 kino re\u017eisieriais. Nacionalin\u0117s kult\u016bros ir meno premijos laureatas. Margarita Matulyt\u0117 - humanitarini\u0173 moksl\u0173 daktar\u0117, vizualin\u0117s kult\u016bros tyrin\u0117toja. Dirba Lietuvos dail\u0117s muziejuje ir Lietuvos kult\u016bros tyrim\u0173 institute, d\u0117sto Vilniaus universitete. Sudar\u0117 per 20 knyg\u0173: monografij\u0173, kult\u016bros istorijos \u0161altini\u0173 publikacij\u0173, fotografijos meno album\u0173. Vyriausyb\u0117s kult\u016bros ir meno premijos laureat\u0117.\",\"breadcrumb\":{\"@id\":\"https:\/\/skaitytaknyga.lt\/produktas\/mano-kinas-pasaulis-kuris-priklause-vyrams\/#breadcrumb\"},\"inLanguage\":\"en-GB\",\"potentialAction\":[{\"@type\":\"ReadAction\",\"target\":[\"https:\/\/skaitytaknyga.lt\/produktas\/mano-kinas-pasaulis-kuris-priklause-vyrams\/\"]}]},{\"@type\":\"ImageObject\",\"inLanguage\":\"en-GB\",\"@id\":\"https:\/\/skaitytaknyga.lt\/produktas\/mano-kinas-pasaulis-kuris-priklause-vyrams\/#primaryimage\",\"url\":\"https:\/\/skaitytaknyga.lt\/wp-content\/uploads\/2024\/05\/281754610_3227785447482553_7423269252279662906_n.jpg\",\"contentUrl\":\"https:\/\/skaitytaknyga.lt\/wp-content\/uploads\/2024\/05\/281754610_3227785447482553_7423269252279662906_n.jpg\",\"width\":720,\"height\":960},{\"@type\":\"BreadcrumbList\",\"@id\":\"https:\/\/skaitytaknyga.lt\/produktas\/mano-kinas-pasaulis-kuris-priklause-vyrams\/#breadcrumb\",\"itemListElement\":[{\"@type\":\"ListItem\",\"position\":1,\"name\":\"Home\",\"item\":\"https:\/\/skaitytaknyga.lt\/\"},{\"@type\":\"ListItem\",\"position\":2,\"name\":\"Parduotuv\u0117\",\"item\":\"https:\/\/skaitytaknyga.lt\/knygu-parduotuve\/\"},{\"@type\":\"ListItem\",\"position\":3,\"name\":\"Mano kinas. Pasaulis, kuris priklaus\u0117 vyrams\"}]},{\"@type\":\"WebSite\",\"@id\":\"https:\/\/skaitytaknyga.lt\/#website\",\"url\":\"https:\/\/skaitytaknyga.lt\/\",\"name\":\"skaitytaknyga.lt\",\"description\":\"Skaitytaknyga.lt \u2013 tai ma\u017eas \u0161eimos verslas, kuris prasid\u0117jo nuo meil\u0117s knygoms ir siekio i\u0161gelb\u0117ti knygas nuo likimo prie konteinerio. Kas vienam nereikalingas daiktas \u2013 kitam lobis, o mes esame tarpininkai, kurie padeda abiems tapti laimingesniems ???? \u017dinome kaip nelengva i\u0161gyventi ma\u017eiems verslams, tad nuo \u0161iol, \u010dia rasite ir kit\u0173, ma\u017e\u0173 \u0161eim\u0173 versl\u0173, rank\u0173 darbo, dovan\u0173 sau ir artimiesiems.\",\"publisher\":{\"@id\":\"https:\/\/skaitytaknyga.lt\/#organization\"},\"potentialAction\":[{\"@type\":\"SearchAction\",\"target\":{\"@type\":\"EntryPoint\",\"urlTemplate\":\"https:\/\/skaitytaknyga.lt\/?s={search_term_string}\"},\"query-input\":{\"@type\":\"PropertyValueSpecification\",\"valueRequired\":true,\"valueName\":\"search_term_string\"}}],\"inLanguage\":\"en-GB\"},{\"@type\":\"Organization\",\"@id\":\"https:\/\/skaitytaknyga.lt\/#organization\",\"name\":\"skaitytaknyga.lt\",\"url\":\"https:\/\/skaitytaknyga.lt\/\",\"logo\":{\"@type\":\"ImageObject\",\"inLanguage\":\"en-GB\",\"@id\":\"https:\/\/skaitytaknyga.lt\/#\/schema\/logo\/image\/\",\"url\":\"https:\/\/skaitytaknyga.lt\/wp-content\/uploads\/2024\/05\/cropped-cropped-cropped-02_00843_jt3bggkj1j3HLc7SyY6rEUpg.jpeg\",\"contentUrl\":\"https:\/\/skaitytaknyga.lt\/wp-content\/uploads\/2024\/05\/cropped-cropped-cropped-02_00843_jt3bggkj1j3HLc7SyY6rEUpg.jpeg\",\"width\":1600,\"height\":1600,\"caption\":\"skaitytaknyga.lt\"},\"image\":{\"@id\":\"https:\/\/skaitytaknyga.lt\/#\/schema\/logo\/image\/\"},\"sameAs\":[\"https:\/\/www.facebook.com\/skaitytaknyga\/\"]}]}<\/script>\n<!-- \/ Yoast SEO plugin. -->","yoast_head_json":{"title":"Mano kinas. Pasaulis, kuris priklaus\u0117 vyrams","description":"Juozas Budraitis - aktorius, fotografas, diplomatas. Suk\u016br\u0117 per 100 vaidmen\u0173 kine, teatre, televizijoje, dirbo su lietuvi\u0173, latvi\u0173, est\u0173, rus\u0173, baltarusi\u0173, ukrainie\u010di\u0173, azerbaid\u017eanie\u010di\u0173, kazach\u0173, \u010dek\u0173, bulgar\u0173, vokie\u010di\u0173 kino re\u017eisieriais. Nacionalin\u0117s kult\u016bros ir meno premijos laureatas. Margarita Matulyt\u0117 - humanitarini\u0173 moksl\u0173 daktar\u0117, vizualin\u0117s kult\u016bros tyrin\u0117toja. Dirba Lietuvos dail\u0117s muziejuje ir Lietuvos kult\u016bros tyrim\u0173 institute, d\u0117sto Vilniaus universitete. Sudar\u0117 per 20 knyg\u0173: monografij\u0173, kult\u016bros istorijos \u0161altini\u0173 publikacij\u0173, fotografijos meno album\u0173. Vyriausyb\u0117s kult\u016bros ir meno premijos laureat\u0117.","robots":{"index":"index","follow":"follow","max-snippet":"max-snippet:-1","max-image-preview":"max-image-preview:large","max-video-preview":"max-video-preview:-1"},"canonical":"https:\/\/skaitytaknyga.lt\/en\/produktas\/mano-kinas-pasaulis-kuris-priklause-vyrams\/","og_locale":"en_GB","og_type":"article","og_title":"[:lt]Mano kinas. Pasaulis, kuris priklaus\u0117 vyrams[:] - Skaitytaknyga","og_description":"Juozas Budraitis - aktorius, fotografas, diplomatas. Suk\u016br\u0117 per 100 vaidmen\u0173 kine, teatre, televizijoje, dirbo su lietuvi\u0173, latvi\u0173, est\u0173, rus\u0173, baltarusi\u0173, ukrainie\u010di\u0173, azerbaid\u017eanie\u010di\u0173, kazach\u0173, \u010dek\u0173, bulgar\u0173, vokie\u010di\u0173 kino re\u017eisieriais. Nacionalin\u0117s kult\u016bros ir meno premijos laureatas. Margarita Matulyt\u0117 - humanitarini\u0173 moksl\u0173 daktar\u0117, vizualin\u0117s kult\u016bros tyrin\u0117toja. Dirba Lietuvos dail\u0117s muziejuje ir Lietuvos kult\u016bros tyrim\u0173 institute, d\u0117sto Vilniaus universitete. Sudar\u0117 per 20 knyg\u0173: monografij\u0173, kult\u016bros istorijos \u0161altini\u0173 publikacij\u0173, fotografijos meno album\u0173. Vyriausyb\u0117s kult\u016bros ir meno premijos laureat\u0117.","og_url":"https:\/\/skaitytaknyga.lt\/en\/produktas\/mano-kinas-pasaulis-kuris-priklause-vyrams\/","og_site_name":"Skaitytaknyga","article_publisher":"https:\/\/www.facebook.com\/skaitytaknyga\/","article_modified_time":"2026-03-18T12:59:57+00:00","og_image":[{"width":720,"height":960,"url":"https:\/\/skaitytaknyga.lt\/wp-content\/uploads\/2024\/05\/281754610_3227785447482553_7423269252279662906_n.jpg","type":"image\/jpeg"}],"twitter_card":"summary_large_image","schema":{"@context":"https:\/\/schema.org","@graph":[{"@type":"WebPage","@id":"https:\/\/skaitytaknyga.lt\/produktas\/mano-kinas-pasaulis-kuris-priklause-vyrams\/","url":"https:\/\/skaitytaknyga.lt\/produktas\/mano-kinas-pasaulis-kuris-priklause-vyrams\/","name":"Mano kinas. Pasaulis, kuris priklaus\u0117 vyrams","isPartOf":{"@id":"https:\/\/skaitytaknyga.lt\/#website"},"primaryImageOfPage":{"@id":"https:\/\/skaitytaknyga.lt\/produktas\/mano-kinas-pasaulis-kuris-priklause-vyrams\/#primaryimage"},"image":{"@id":"https:\/\/skaitytaknyga.lt\/produktas\/mano-kinas-pasaulis-kuris-priklause-vyrams\/#primaryimage"},"thumbnailUrl":"https:\/\/skaitytaknyga.lt\/wp-content\/uploads\/2024\/05\/281754610_3227785447482553_7423269252279662906_n.jpg","datePublished":"2024-05-04T18:16:45+00:00","dateModified":"2026-03-18T12:59:57+00:00","description":"Juozas Budraitis - aktorius, fotografas, diplomatas. Suk\u016br\u0117 per 100 vaidmen\u0173 kine, teatre, televizijoje, dirbo su lietuvi\u0173, latvi\u0173, est\u0173, rus\u0173, baltarusi\u0173, ukrainie\u010di\u0173, azerbaid\u017eanie\u010di\u0173, kazach\u0173, \u010dek\u0173, bulgar\u0173, vokie\u010di\u0173 kino re\u017eisieriais. Nacionalin\u0117s kult\u016bros ir meno premijos laureatas. Margarita Matulyt\u0117 - humanitarini\u0173 moksl\u0173 daktar\u0117, vizualin\u0117s kult\u016bros tyrin\u0117toja. Dirba Lietuvos dail\u0117s muziejuje ir Lietuvos kult\u016bros tyrim\u0173 institute, d\u0117sto Vilniaus universitete. Sudar\u0117 per 20 knyg\u0173: monografij\u0173, kult\u016bros istorijos \u0161altini\u0173 publikacij\u0173, fotografijos meno album\u0173. Vyriausyb\u0117s kult\u016bros ir meno premijos laureat\u0117.","breadcrumb":{"@id":"https:\/\/skaitytaknyga.lt\/produktas\/mano-kinas-pasaulis-kuris-priklause-vyrams\/#breadcrumb"},"inLanguage":"en-GB","potentialAction":[{"@type":"ReadAction","target":["https:\/\/skaitytaknyga.lt\/produktas\/mano-kinas-pasaulis-kuris-priklause-vyrams\/"]}]},{"@type":"ImageObject","inLanguage":"en-GB","@id":"https:\/\/skaitytaknyga.lt\/produktas\/mano-kinas-pasaulis-kuris-priklause-vyrams\/#primaryimage","url":"https:\/\/skaitytaknyga.lt\/wp-content\/uploads\/2024\/05\/281754610_3227785447482553_7423269252279662906_n.jpg","contentUrl":"https:\/\/skaitytaknyga.lt\/wp-content\/uploads\/2024\/05\/281754610_3227785447482553_7423269252279662906_n.jpg","width":720,"height":960},{"@type":"BreadcrumbList","@id":"https:\/\/skaitytaknyga.lt\/produktas\/mano-kinas-pasaulis-kuris-priklause-vyrams\/#breadcrumb","itemListElement":[{"@type":"ListItem","position":1,"name":"Home","item":"https:\/\/skaitytaknyga.lt\/"},{"@type":"ListItem","position":2,"name":"Parduotuv\u0117","item":"https:\/\/skaitytaknyga.lt\/knygu-parduotuve\/"},{"@type":"ListItem","position":3,"name":"Mano kinas. Pasaulis, kuris priklaus\u0117 vyrams"}]},{"@type":"WebSite","@id":"https:\/\/skaitytaknyga.lt\/#website","url":"https:\/\/skaitytaknyga.lt\/","name":"skaitytaknyga.lt","description":"Skaitytaknyga.lt \u2013 tai ma\u017eas \u0161eimos verslas, kuris prasid\u0117jo nuo meil\u0117s knygoms ir siekio i\u0161gelb\u0117ti knygas nuo likimo prie konteinerio. Kas vienam nereikalingas daiktas \u2013 kitam lobis, o mes esame tarpininkai, kurie padeda abiems tapti laimingesniems ???? \u017dinome kaip nelengva i\u0161gyventi ma\u017eiems verslams, tad nuo \u0161iol, \u010dia rasite ir kit\u0173, ma\u017e\u0173 \u0161eim\u0173 versl\u0173, rank\u0173 darbo, dovan\u0173 sau ir artimiesiems.","publisher":{"@id":"https:\/\/skaitytaknyga.lt\/#organization"},"potentialAction":[{"@type":"SearchAction","target":{"@type":"EntryPoint","urlTemplate":"https:\/\/skaitytaknyga.lt\/?s={search_term_string}"},"query-input":{"@type":"PropertyValueSpecification","valueRequired":true,"valueName":"search_term_string"}}],"inLanguage":"en-GB"},{"@type":"Organization","@id":"https:\/\/skaitytaknyga.lt\/#organization","name":"skaitytaknyga.lt","url":"https:\/\/skaitytaknyga.lt\/","logo":{"@type":"ImageObject","inLanguage":"en-GB","@id":"https:\/\/skaitytaknyga.lt\/#\/schema\/logo\/image\/","url":"https:\/\/skaitytaknyga.lt\/wp-content\/uploads\/2024\/05\/cropped-cropped-cropped-02_00843_jt3bggkj1j3HLc7SyY6rEUpg.jpeg","contentUrl":"https:\/\/skaitytaknyga.lt\/wp-content\/uploads\/2024\/05\/cropped-cropped-cropped-02_00843_jt3bggkj1j3HLc7SyY6rEUpg.jpeg","width":1600,"height":1600,"caption":"skaitytaknyga.lt"},"image":{"@id":"https:\/\/skaitytaknyga.lt\/#\/schema\/logo\/image\/"},"sameAs":["https:\/\/www.facebook.com\/skaitytaknyga\/"]}]}},"_links":{"self":[{"href":"https:\/\/skaitytaknyga.lt\/en\/wp-json\/wp\/v2\/product\/10453","targetHints":{"allow":["GET"]}}],"collection":[{"href":"https:\/\/skaitytaknyga.lt\/en\/wp-json\/wp\/v2\/product"}],"about":[{"href":"https:\/\/skaitytaknyga.lt\/en\/wp-json\/wp\/v2\/types\/product"}],"replies":[{"embeddable":true,"href":"https:\/\/skaitytaknyga.lt\/en\/wp-json\/wp\/v2\/comments?post=10453"}],"wp:featuredmedia":[{"embeddable":true,"href":"https:\/\/skaitytaknyga.lt\/en\/wp-json\/wp\/v2\/media\/10495"}],"wp:attachment":[{"href":"https:\/\/skaitytaknyga.lt\/en\/wp-json\/wp\/v2\/media?parent=10453"}],"wp:term":[{"taxonomy":"product_brand","embeddable":true,"href":"https:\/\/skaitytaknyga.lt\/en\/wp-json\/wp\/v2\/product_brand?post=10453"},{"taxonomy":"product_cat","embeddable":true,"href":"https:\/\/skaitytaknyga.lt\/en\/wp-json\/wp\/v2\/product_cat?post=10453"},{"taxonomy":"product_tag","embeddable":true,"href":"https:\/\/skaitytaknyga.lt\/en\/wp-json\/wp\/v2\/product_tag?post=10453"}],"curies":[{"name":"wp","href":"https:\/\/api.w.org\/{rel}","templated":true}]}}