{"id":10439,"date":"2024-05-04T18:16:21","date_gmt":"2024-05-04T18:16:21","guid":{"rendered":"https:\/\/skaitytaknyga.lt\/?post_type=product&#038;p=10439"},"modified":"2024-05-04T18:17:43","modified_gmt":"2024-05-04T18:17:43","slug":"andrius-navickas-reda-sopranaite-laisve-ir-tikejimas-krikscioniski-trileriai-sovietmeciu","status":"publish","type":"product","link":"https:\/\/skaitytaknyga.lt\/en\/produktas\/andrius-navickas-reda-sopranaite-laisve-ir-tikejimas-krikscioniski-trileriai-sovietmeciu\/","title":{"rendered":"Andrius Navickas, Reda Sopranait\u0117 \u201eLaisv\u0117 ir tik\u0117jimas: krik\u0161\u010dioni\u0161ki trileriai sovietme\u010diu\u201c"},"content":{"rendered":"<p>De\u0161imt gyvenimo istorij\u0173, kurias jungia bendra epocha &#8211; sovietmetis, taip pat ry\u017etas prie\u0161intis ateistinei melo imperijai.<\/p>\n<p>\u0160i knyga &#8211; pagarbos \u017eenklas \u017emon\u0117ms, itin sud\u0117tingomis s\u0105lygomis i\u0161saugojusiems meil\u0117s drusk\u0105 ir tik\u0117jimo \u0161vies\u0105, kartu liudijimas, kad Vie\u0161pats beld\u017eiasi \u012f kiekvieno i\u0161 m\u016bs\u0173 gyvenim\u0105, raginantis nebijoti ir atverti \u0161ird\u012f, surizikuoti eiti laisv\u0117s ir tik\u0117jimo keliu, net tada, kai visi did\u017eiuojasi einantys blizgiais \u0161unkeliais.<\/p>\n","protected":false},"excerpt":{"rendered":"<p>De\u0161imt gyvenimo istorij\u0173, kurias jungia bendra epocha &#8211; sovietmetis, taip pat ry\u017etas prie\u0161intis ateistinei melo imperijai.<\/p>\n<p>\u0160i knyga &#8211; pagarbos \u017eenklas \u017emon\u0117ms, itin sud\u0117tingomis s\u0105lygomis i\u0161saugojusiems meil\u0117s drusk\u0105 ir tik\u0117jimo \u0161vies\u0105, kartu liudijimas, kad Vie\u0161pats beld\u017eiasi \u012f kiekvieno i\u0161 m\u016bs\u0173 gyvenim\u0105, raginantis nebijoti ir atverti \u0161ird\u012f, surizikuoti eiti laisv\u0117s ir tik\u0117jimo keliu, net tada, kai visi did\u017eiuojasi einantys blizgiais \u0161unkeliais.<\/p>\n","protected":false},"featured_media":10484,"comment_status":"closed","ping_status":"closed","template":"","meta":{"_acf_changed":false,"site-sidebar-layout":"default","site-content-layout":"","ast-site-content-layout":"default","site-content-style":"default","site-sidebar-style":"default","ast-global-header-display":"","ast-banner-title-visibility":"","ast-main-header-display":"","ast-hfb-above-header-display":"","ast-hfb-below-header-display":"","ast-hfb-mobile-header-display":"","site-post-title":"","ast-breadcrumbs-content":"","ast-featured-img":"","footer-sml-layout":"","ast-disable-related-posts":"","theme-transparent-header-meta":"","adv-header-id-meta":"","stick-header-meta":"","header-above-stick-meta":"","header-main-stick-meta":"","header-below-stick-meta":"","astra-migrate-meta-layouts":"default","ast-page-background-enabled":"default","ast-page-background-meta":{"desktop":{"background-color":"","background-image":"","background-repeat":"repeat","background-position":"center center","background-size":"auto","background-attachment":"scroll","background-type":"","background-media":"","overlay-type":"","overlay-color":"","overlay-opacity":"","overlay-gradient":""},"tablet":{"background-color":"","background-image":"","background-repeat":"repeat","background-position":"center center","background-size":"auto","background-attachment":"scroll","background-type":"","background-media":"","overlay-type":"","overlay-color":"","overlay-opacity":"","overlay-gradient":""},"mobile":{"background-color":"","background-image":"","background-repeat":"repeat","background-position":"center center","background-size":"auto","background-attachment":"scroll","background-type":"","background-media":"","overlay-type":"","overlay-color":"","overlay-opacity":"","overlay-gradient":""}},"ast-content-background-meta":{"desktop":{"background-color":"var(--ast-global-color-4)","background-image":"","background-repeat":"repeat","background-position":"center center","background-size":"auto","background-attachment":"scroll","background-type":"","background-media":"","overlay-type":"","overlay-color":"","overlay-opacity":"","overlay-gradient":""},"tablet":{"background-color":"var(--ast-global-color-4)","background-image":"","background-repeat":"repeat","background-position":"center center","background-size":"auto","background-attachment":"scroll","background-type":"","background-media":"","overlay-type":"","overlay-color":"","overlay-opacity":"","overlay-gradient":""},"mobile":{"background-color":"var(--ast-global-color-4)","background-image":"","background-repeat":"repeat","background-position":"center center","background-size":"auto","background-attachment":"scroll","background-type":"","background-media":"","overlay-type":"","overlay-color":"","overlay-opacity":"","overlay-gradient":""}}},"product_brand":[],"product_cat":[165],"product_tag":[],"class_list":{"0":"post-10439","1":"product","2":"type-product","3":"status-publish","4":"has-post-thumbnail","6":"product_cat-religija-filosofija-ir-ezoterika","7":"desktop-align-left","8":"tablet-align-left","9":"mobile-align-left","11":"first","12":"instock","13":"shipping-taxable","14":"purchasable","15":"product-type-simple"},"acf":[],"yoast_head":"<!-- This site is optimized with the Yoast SEO plugin v27.4 - https:\/\/yoast.com\/product\/yoast-seo-wordpress\/ -->\n<title>Andrius Navickas, Reda Sopranait\u0117 \u201eLaisv\u0117 ir tik\u0117jimas: krik\u0161\u010dioni\u0161ki trileriai sovietme\u010diu\u201c - Skaitytaknyga<\/title>\n<meta name=\"description\" content=\"De\u0161imt gyvenimo istorij\u0173, kurias jungia bendra epocha - sovietmetis, taip pat ry\u017etas prie\u0161intis ateistinei melo imperijai.  \u0160i knyga - pagarbos \u017eenklas \u017emon\u0117ms, itin sud\u0117tingomis s\u0105lygomis i\u0161saugojusiems meil\u0117s drusk\u0105 ir tik\u0117jimo \u0161vies\u0105, kartu liudijimas, kad Vie\u0161pats beld\u017eiasi \u012f kiekvieno i\u0161 m\u016bs\u0173 gyvenim\u0105, raginantis nebijoti ir atverti \u0161ird\u012f, surizikuoti eiti laisv\u0117s ir tik\u0117jimo keliu, net tada, kai visi did\u017eiuojasi einantys blizgiais \u0161unkeliais.\" \/>\n<meta name=\"robots\" content=\"index, follow, max-snippet:-1, max-image-preview:large, max-video-preview:-1\" \/>\n<link rel=\"canonical\" href=\"https:\/\/skaitytaknyga.lt\/en\/produktas\/andrius-navickas-reda-sopranaite-laisve-ir-tikejimas-krikscioniski-trileriai-sovietmeciu\/\" \/>\n<meta property=\"og:locale\" content=\"en_GB\" \/>\n<meta property=\"og:locale:alternate\" content=\"lt_LT\" \/>\n<meta property=\"og:type\" content=\"article\" \/>\n<meta property=\"og:title\" content=\"Andrius Navickas, Reda Sopranait\u0117 \u201eLaisv\u0117 ir tik\u0117jimas: krik\u0161\u010dioni\u0161ki trileriai sovietme\u010diu\u201c - Skaitytaknyga\" \/>\n<meta property=\"og:description\" content=\"De\u0161imt gyvenimo istorij\u0173, kurias jungia bendra epocha - sovietmetis, taip pat ry\u017etas prie\u0161intis ateistinei melo imperijai.  \u0160i knyga - pagarbos \u017eenklas \u017emon\u0117ms, itin sud\u0117tingomis s\u0105lygomis i\u0161saugojusiems meil\u0117s drusk\u0105 ir tik\u0117jimo \u0161vies\u0105, kartu liudijimas, kad Vie\u0161pats beld\u017eiasi \u012f kiekvieno i\u0161 m\u016bs\u0173 gyvenim\u0105, raginantis nebijoti ir atverti \u0161ird\u012f, surizikuoti eiti laisv\u0117s ir tik\u0117jimo keliu, net tada, kai visi did\u017eiuojasi einantys blizgiais \u0161unkeliais.\" \/>\n<meta property=\"og:url\" content=\"https:\/\/skaitytaknyga.lt\/en\/produktas\/andrius-navickas-reda-sopranaite-laisve-ir-tikejimas-krikscioniski-trileriai-sovietmeciu\/\" \/>\n<meta property=\"og:site_name\" content=\"Skaitytaknyga\" \/>\n<meta property=\"article:publisher\" content=\"https:\/\/www.facebook.com\/skaitytaknyga\/\" \/>\n<meta property=\"article:modified_time\" content=\"2024-05-04T18:17:43+00:00\" \/>\n<meta property=\"og:image\" content=\"https:\/\/skaitytaknyga.lt\/wp-content\/uploads\/2024\/05\/1462878573_img0001.webp\" \/>\n\t<meta property=\"og:image:width\" content=\"588\" \/>\n\t<meta property=\"og:image:height\" content=\"800\" \/>\n\t<meta property=\"og:image:type\" content=\"image\/webp\" \/>\n<meta name=\"twitter:card\" content=\"summary_large_image\" \/>\n<script type=\"application\/ld+json\" class=\"yoast-schema-graph\">{\"@context\":\"https:\\\/\\\/schema.org\",\"@graph\":[{\"@type\":\"WebPage\",\"@id\":\"https:\\\/\\\/skaitytaknyga.lt\\\/produktas\\\/andrius-navickas-reda-sopranaite-laisve-ir-tikejimas-krikscioniski-trileriai-sovietmeciu\\\/\",\"url\":\"https:\\\/\\\/skaitytaknyga.lt\\\/produktas\\\/andrius-navickas-reda-sopranaite-laisve-ir-tikejimas-krikscioniski-trileriai-sovietmeciu\\\/\",\"name\":\"Andrius Navickas, Reda Sopranait\u0117 \u201eLaisv\u0117 ir tik\u0117jimas: krik\u0161\u010dioni\u0161ki trileriai sovietme\u010diu\u201c - Skaitytaknyga\",\"isPartOf\":{\"@id\":\"https:\\\/\\\/skaitytaknyga.lt\\\/#website\"},\"primaryImageOfPage\":{\"@id\":\"https:\\\/\\\/skaitytaknyga.lt\\\/produktas\\\/andrius-navickas-reda-sopranaite-laisve-ir-tikejimas-krikscioniski-trileriai-sovietmeciu\\\/#primaryimage\"},\"image\":{\"@id\":\"https:\\\/\\\/skaitytaknyga.lt\\\/produktas\\\/andrius-navickas-reda-sopranaite-laisve-ir-tikejimas-krikscioniski-trileriai-sovietmeciu\\\/#primaryimage\"},\"thumbnailUrl\":\"https:\\\/\\\/skaitytaknyga.lt\\\/wp-content\\\/uploads\\\/2024\\\/05\\\/1462878573_img0001.webp\",\"datePublished\":\"2024-05-04T18:16:21+00:00\",\"dateModified\":\"2024-05-04T18:17:43+00:00\",\"description\":\"De\u0161imt gyvenimo istorij\u0173, kurias jungia bendra epocha - sovietmetis, taip pat ry\u017etas prie\u0161intis ateistinei melo imperijai. \u0160i knyga - pagarbos \u017eenklas \u017emon\u0117ms, itin sud\u0117tingomis s\u0105lygomis i\u0161saugojusiems meil\u0117s drusk\u0105 ir tik\u0117jimo \u0161vies\u0105, kartu liudijimas, kad Vie\u0161pats beld\u017eiasi \u012f kiekvieno i\u0161 m\u016bs\u0173 gyvenim\u0105, raginantis nebijoti ir atverti \u0161ird\u012f, surizikuoti eiti laisv\u0117s ir tik\u0117jimo keliu, net tada, kai visi did\u017eiuojasi einantys blizgiais \u0161unkeliais.\",\"breadcrumb\":{\"@id\":\"https:\\\/\\\/skaitytaknyga.lt\\\/produktas\\\/andrius-navickas-reda-sopranaite-laisve-ir-tikejimas-krikscioniski-trileriai-sovietmeciu\\\/#breadcrumb\"},\"inLanguage\":\"en-GB\",\"potentialAction\":[{\"@type\":\"ReadAction\",\"target\":[\"https:\\\/\\\/skaitytaknyga.lt\\\/produktas\\\/andrius-navickas-reda-sopranaite-laisve-ir-tikejimas-krikscioniski-trileriai-sovietmeciu\\\/\"]}]},{\"@type\":\"ImageObject\",\"inLanguage\":\"en-GB\",\"@id\":\"https:\\\/\\\/skaitytaknyga.lt\\\/produktas\\\/andrius-navickas-reda-sopranaite-laisve-ir-tikejimas-krikscioniski-trileriai-sovietmeciu\\\/#primaryimage\",\"url\":\"https:\\\/\\\/skaitytaknyga.lt\\\/wp-content\\\/uploads\\\/2024\\\/05\\\/1462878573_img0001.webp\",\"contentUrl\":\"https:\\\/\\\/skaitytaknyga.lt\\\/wp-content\\\/uploads\\\/2024\\\/05\\\/1462878573_img0001.webp\",\"width\":588,\"height\":800},{\"@type\":\"BreadcrumbList\",\"@id\":\"https:\\\/\\\/skaitytaknyga.lt\\\/produktas\\\/andrius-navickas-reda-sopranaite-laisve-ir-tikejimas-krikscioniski-trileriai-sovietmeciu\\\/#breadcrumb\",\"itemListElement\":[{\"@type\":\"ListItem\",\"position\":1,\"name\":\"Home\",\"item\":\"https:\\\/\\\/skaitytaknyga.lt\\\/\"},{\"@type\":\"ListItem\",\"position\":2,\"name\":\"Parduotuv\u0117\",\"item\":\"https:\\\/\\\/skaitytaknyga.lt\\\/knygu-parduotuve\\\/\"},{\"@type\":\"ListItem\",\"position\":3,\"name\":\"Andrius Navickas, Reda Sopranait\u0117 \u201eLaisv\u0117 ir tik\u0117jimas: krik\u0161\u010dioni\u0161ki trileriai sovietme\u010diu\u201c\"}]},{\"@type\":\"WebSite\",\"@id\":\"https:\\\/\\\/skaitytaknyga.lt\\\/#website\",\"url\":\"https:\\\/\\\/skaitytaknyga.lt\\\/\",\"name\":\"skaitytaknyga.lt\",\"description\":\"Skaitytaknyga.lt \u2013 tai ma\u017eas \u0161eimos verslas, kuris prasid\u0117jo nuo meil\u0117s knygoms ir siekio i\u0161gelb\u0117ti knygas nuo likimo prie konteinerio. Kas vienam nereikalingas daiktas \u2013 kitam lobis, o mes esame tarpininkai, kurie padeda abiems tapti laimingesniems ???? \u017dinome kaip nelengva i\u0161gyventi ma\u017eiems verslams, tad nuo \u0161iol, \u010dia rasite ir kit\u0173, ma\u017e\u0173 \u0161eim\u0173 versl\u0173, rank\u0173 darbo, dovan\u0173 sau ir artimiesiems.\",\"publisher\":{\"@id\":\"https:\\\/\\\/skaitytaknyga.lt\\\/#organization\"},\"potentialAction\":[{\"@type\":\"SearchAction\",\"target\":{\"@type\":\"EntryPoint\",\"urlTemplate\":\"https:\\\/\\\/skaitytaknyga.lt\\\/?s={search_term_string}\"},\"query-input\":{\"@type\":\"PropertyValueSpecification\",\"valueRequired\":true,\"valueName\":\"search_term_string\"}}],\"inLanguage\":\"en-GB\"},{\"@type\":\"Organization\",\"@id\":\"https:\\\/\\\/skaitytaknyga.lt\\\/#organization\",\"name\":\"skaitytaknyga.lt\",\"url\":\"https:\\\/\\\/skaitytaknyga.lt\\\/\",\"logo\":{\"@type\":\"ImageObject\",\"inLanguage\":\"en-GB\",\"@id\":\"https:\\\/\\\/skaitytaknyga.lt\\\/#\\\/schema\\\/logo\\\/image\\\/\",\"url\":\"https:\\\/\\\/skaitytaknyga.lt\\\/wp-content\\\/uploads\\\/2024\\\/05\\\/cropped-cropped-cropped-02_00843_jt3bggkj1j3HLc7SyY6rEUpg.jpeg\",\"contentUrl\":\"https:\\\/\\\/skaitytaknyga.lt\\\/wp-content\\\/uploads\\\/2024\\\/05\\\/cropped-cropped-cropped-02_00843_jt3bggkj1j3HLc7SyY6rEUpg.jpeg\",\"width\":1600,\"height\":1600,\"caption\":\"skaitytaknyga.lt\"},\"image\":{\"@id\":\"https:\\\/\\\/skaitytaknyga.lt\\\/#\\\/schema\\\/logo\\\/image\\\/\"},\"sameAs\":[\"https:\\\/\\\/www.facebook.com\\\/skaitytaknyga\\\/\"]}]}<\/script>\n<!-- \/ Yoast SEO plugin. -->","yoast_head_json":{"title":"Andrius Navickas, Reda Sopranait\u0117 \u201eLaisv\u0117 ir tik\u0117jimas: krik\u0161\u010dioni\u0161ki trileriai sovietme\u010diu\u201c - Skaitytaknyga","description":"De\u0161imt gyvenimo istorij\u0173, kurias jungia bendra epocha - sovietmetis, taip pat ry\u017etas prie\u0161intis ateistinei melo imperijai.  \u0160i knyga - pagarbos \u017eenklas \u017emon\u0117ms, itin sud\u0117tingomis s\u0105lygomis i\u0161saugojusiems meil\u0117s drusk\u0105 ir tik\u0117jimo \u0161vies\u0105, kartu liudijimas, kad Vie\u0161pats beld\u017eiasi \u012f kiekvieno i\u0161 m\u016bs\u0173 gyvenim\u0105, raginantis nebijoti ir atverti \u0161ird\u012f, surizikuoti eiti laisv\u0117s ir tik\u0117jimo keliu, net tada, kai visi did\u017eiuojasi einantys blizgiais \u0161unkeliais.","robots":{"index":"index","follow":"follow","max-snippet":"max-snippet:-1","max-image-preview":"max-image-preview:large","max-video-preview":"max-video-preview:-1"},"canonical":"https:\/\/skaitytaknyga.lt\/en\/produktas\/andrius-navickas-reda-sopranaite-laisve-ir-tikejimas-krikscioniski-trileriai-sovietmeciu\/","og_locale":"en_GB","og_type":"article","og_title":"Andrius Navickas, Reda Sopranait\u0117 \u201eLaisv\u0117 ir tik\u0117jimas: krik\u0161\u010dioni\u0161ki trileriai sovietme\u010diu\u201c - Skaitytaknyga","og_description":"De\u0161imt gyvenimo istorij\u0173, kurias jungia bendra epocha - sovietmetis, taip pat ry\u017etas prie\u0161intis ateistinei melo imperijai.  \u0160i knyga - pagarbos \u017eenklas \u017emon\u0117ms, itin sud\u0117tingomis s\u0105lygomis i\u0161saugojusiems meil\u0117s drusk\u0105 ir tik\u0117jimo \u0161vies\u0105, kartu liudijimas, kad Vie\u0161pats beld\u017eiasi \u012f kiekvieno i\u0161 m\u016bs\u0173 gyvenim\u0105, raginantis nebijoti ir atverti \u0161ird\u012f, surizikuoti eiti laisv\u0117s ir tik\u0117jimo keliu, net tada, kai visi did\u017eiuojasi einantys blizgiais \u0161unkeliais.","og_url":"https:\/\/skaitytaknyga.lt\/en\/produktas\/andrius-navickas-reda-sopranaite-laisve-ir-tikejimas-krikscioniski-trileriai-sovietmeciu\/","og_site_name":"Skaitytaknyga","article_publisher":"https:\/\/www.facebook.com\/skaitytaknyga\/","article_modified_time":"2024-05-04T18:17:43+00:00","og_image":[{"width":588,"height":800,"url":"https:\/\/skaitytaknyga.lt\/wp-content\/uploads\/2024\/05\/1462878573_img0001.webp","type":"image\/webp"}],"twitter_card":"summary_large_image","schema":{"@context":"https:\/\/schema.org","@graph":[{"@type":"WebPage","@id":"https:\/\/skaitytaknyga.lt\/produktas\/andrius-navickas-reda-sopranaite-laisve-ir-tikejimas-krikscioniski-trileriai-sovietmeciu\/","url":"https:\/\/skaitytaknyga.lt\/produktas\/andrius-navickas-reda-sopranaite-laisve-ir-tikejimas-krikscioniski-trileriai-sovietmeciu\/","name":"Andrius Navickas, Reda Sopranait\u0117 \u201eLaisv\u0117 ir tik\u0117jimas: krik\u0161\u010dioni\u0161ki trileriai sovietme\u010diu\u201c - Skaitytaknyga","isPartOf":{"@id":"https:\/\/skaitytaknyga.lt\/#website"},"primaryImageOfPage":{"@id":"https:\/\/skaitytaknyga.lt\/produktas\/andrius-navickas-reda-sopranaite-laisve-ir-tikejimas-krikscioniski-trileriai-sovietmeciu\/#primaryimage"},"image":{"@id":"https:\/\/skaitytaknyga.lt\/produktas\/andrius-navickas-reda-sopranaite-laisve-ir-tikejimas-krikscioniski-trileriai-sovietmeciu\/#primaryimage"},"thumbnailUrl":"https:\/\/skaitytaknyga.lt\/wp-content\/uploads\/2024\/05\/1462878573_img0001.webp","datePublished":"2024-05-04T18:16:21+00:00","dateModified":"2024-05-04T18:17:43+00:00","description":"De\u0161imt gyvenimo istorij\u0173, kurias jungia bendra epocha - sovietmetis, taip pat ry\u017etas prie\u0161intis ateistinei melo imperijai. \u0160i knyga - pagarbos \u017eenklas \u017emon\u0117ms, itin sud\u0117tingomis s\u0105lygomis i\u0161saugojusiems meil\u0117s drusk\u0105 ir tik\u0117jimo \u0161vies\u0105, kartu liudijimas, kad Vie\u0161pats beld\u017eiasi \u012f kiekvieno i\u0161 m\u016bs\u0173 gyvenim\u0105, raginantis nebijoti ir atverti \u0161ird\u012f, surizikuoti eiti laisv\u0117s ir tik\u0117jimo keliu, net tada, kai visi did\u017eiuojasi einantys blizgiais \u0161unkeliais.","breadcrumb":{"@id":"https:\/\/skaitytaknyga.lt\/produktas\/andrius-navickas-reda-sopranaite-laisve-ir-tikejimas-krikscioniski-trileriai-sovietmeciu\/#breadcrumb"},"inLanguage":"en-GB","potentialAction":[{"@type":"ReadAction","target":["https:\/\/skaitytaknyga.lt\/produktas\/andrius-navickas-reda-sopranaite-laisve-ir-tikejimas-krikscioniski-trileriai-sovietmeciu\/"]}]},{"@type":"ImageObject","inLanguage":"en-GB","@id":"https:\/\/skaitytaknyga.lt\/produktas\/andrius-navickas-reda-sopranaite-laisve-ir-tikejimas-krikscioniski-trileriai-sovietmeciu\/#primaryimage","url":"https:\/\/skaitytaknyga.lt\/wp-content\/uploads\/2024\/05\/1462878573_img0001.webp","contentUrl":"https:\/\/skaitytaknyga.lt\/wp-content\/uploads\/2024\/05\/1462878573_img0001.webp","width":588,"height":800},{"@type":"BreadcrumbList","@id":"https:\/\/skaitytaknyga.lt\/produktas\/andrius-navickas-reda-sopranaite-laisve-ir-tikejimas-krikscioniski-trileriai-sovietmeciu\/#breadcrumb","itemListElement":[{"@type":"ListItem","position":1,"name":"Home","item":"https:\/\/skaitytaknyga.lt\/"},{"@type":"ListItem","position":2,"name":"Parduotuv\u0117","item":"https:\/\/skaitytaknyga.lt\/knygu-parduotuve\/"},{"@type":"ListItem","position":3,"name":"Andrius Navickas, Reda Sopranait\u0117 \u201eLaisv\u0117 ir tik\u0117jimas: krik\u0161\u010dioni\u0161ki trileriai sovietme\u010diu\u201c"}]},{"@type":"WebSite","@id":"https:\/\/skaitytaknyga.lt\/#website","url":"https:\/\/skaitytaknyga.lt\/","name":"skaitytaknyga.lt","description":"Skaitytaknyga.lt \u2013 tai ma\u017eas \u0161eimos verslas, kuris prasid\u0117jo nuo meil\u0117s knygoms ir siekio i\u0161gelb\u0117ti knygas nuo likimo prie konteinerio. Kas vienam nereikalingas daiktas \u2013 kitam lobis, o mes esame tarpininkai, kurie padeda abiems tapti laimingesniems ???? \u017dinome kaip nelengva i\u0161gyventi ma\u017eiems verslams, tad nuo \u0161iol, \u010dia rasite ir kit\u0173, ma\u017e\u0173 \u0161eim\u0173 versl\u0173, rank\u0173 darbo, dovan\u0173 sau ir artimiesiems.","publisher":{"@id":"https:\/\/skaitytaknyga.lt\/#organization"},"potentialAction":[{"@type":"SearchAction","target":{"@type":"EntryPoint","urlTemplate":"https:\/\/skaitytaknyga.lt\/?s={search_term_string}"},"query-input":{"@type":"PropertyValueSpecification","valueRequired":true,"valueName":"search_term_string"}}],"inLanguage":"en-GB"},{"@type":"Organization","@id":"https:\/\/skaitytaknyga.lt\/#organization","name":"skaitytaknyga.lt","url":"https:\/\/skaitytaknyga.lt\/","logo":{"@type":"ImageObject","inLanguage":"en-GB","@id":"https:\/\/skaitytaknyga.lt\/#\/schema\/logo\/image\/","url":"https:\/\/skaitytaknyga.lt\/wp-content\/uploads\/2024\/05\/cropped-cropped-cropped-02_00843_jt3bggkj1j3HLc7SyY6rEUpg.jpeg","contentUrl":"https:\/\/skaitytaknyga.lt\/wp-content\/uploads\/2024\/05\/cropped-cropped-cropped-02_00843_jt3bggkj1j3HLc7SyY6rEUpg.jpeg","width":1600,"height":1600,"caption":"skaitytaknyga.lt"},"image":{"@id":"https:\/\/skaitytaknyga.lt\/#\/schema\/logo\/image\/"},"sameAs":["https:\/\/www.facebook.com\/skaitytaknyga\/"]}]}},"_links":{"self":[{"href":"https:\/\/skaitytaknyga.lt\/en\/wp-json\/wp\/v2\/product\/10439","targetHints":{"allow":["GET"]}}],"collection":[{"href":"https:\/\/skaitytaknyga.lt\/en\/wp-json\/wp\/v2\/product"}],"about":[{"href":"https:\/\/skaitytaknyga.lt\/en\/wp-json\/wp\/v2\/types\/product"}],"replies":[{"embeddable":true,"href":"https:\/\/skaitytaknyga.lt\/en\/wp-json\/wp\/v2\/comments?post=10439"}],"wp:featuredmedia":[{"embeddable":true,"href":"https:\/\/skaitytaknyga.lt\/en\/wp-json\/wp\/v2\/media\/10484"}],"wp:attachment":[{"href":"https:\/\/skaitytaknyga.lt\/en\/wp-json\/wp\/v2\/media?parent=10439"}],"wp:term":[{"taxonomy":"product_brand","embeddable":true,"href":"https:\/\/skaitytaknyga.lt\/en\/wp-json\/wp\/v2\/product_brand?post=10439"},{"taxonomy":"product_cat","embeddable":true,"href":"https:\/\/skaitytaknyga.lt\/en\/wp-json\/wp\/v2\/product_cat?post=10439"},{"taxonomy":"product_tag","embeddable":true,"href":"https:\/\/skaitytaknyga.lt\/en\/wp-json\/wp\/v2\/product_tag?post=10439"}],"curies":[{"name":"wp","href":"https:\/\/api.w.org\/{rel}","templated":true}]}}