{"id":10430,"date":"2024-05-04T18:15:58","date_gmt":"2024-05-04T18:15:58","guid":{"rendered":"https:\/\/skaitytaknyga.lt\/?post_type=product&#038;p=10430"},"modified":"2024-05-04T18:17:28","modified_gmt":"2024-05-04T18:17:28","slug":"giedre-kazlauskaite-julius-sasnauskas-postiles","status":"publish","type":"product","link":"https:\/\/skaitytaknyga.lt\/en\/produktas\/giedre-kazlauskaite-julius-sasnauskas-postiles\/","title":{"rendered":"Giedr\u0117 Kazlauskait\u0117, Julius Sasnauskas \u201ePostil\u0117s\u201c"},"content":{"rendered":"<p>Viena i\u0161 \u017eod\u017eio postil\u0117 reik\u0161mi\u0173 \u2013 populiarus Biblijos tem\u0173 i\u0161d\u0117stymas atskirais klausimais. \u0160iai reik\u0161mei artimas \u017einomo dvasininko ir jaunosios kartos ra\u0161ytojos pasirinktas \u017eanras \u2013 sekmadieniais skaitom\u0173 Evangelijos i\u0161trauk\u0173 komentarai. Juose daug kart\u0173 gird\u0117ti \u0160ventojo Ra\u0161to epizodai pasukami netik\u0117tais rakursais, skaitytojui suteikiamas iki \u0161iol ne\u012f\u017evelgtos prasm\u0117s atradimo d\u017eiaugsmas. Inicialais \u2013js\u2013 ir \u2013gk\u2013 pasira\u0161ytos Juliaus Sasnausko ir Giedr\u0117s Kazlauskait\u0117s postil\u0117s \u012f knyg\u0105 sud\u0117tos pagal liturgini\u0173 met\u0173 t\u0117km\u0119. Liudviko Jakimavi\u010diaus \u012fvadinio straipsnio \u017eod\u017eiais, \u012f \u0161i\u0105 knyg\u0105 sud\u0117ti skirting\u0173 luom\u0173 \u017emoni\u0173 ra\u0161yti tekstai \u201esukuria labai \u012fdomi\u0105 dramaturgin\u0119 \u012ftamp\u0105\u201c.<\/p>\n","protected":false},"excerpt":{"rendered":"<p>Viena i\u0161 \u017eod\u017eio postil\u0117 reik\u0161mi\u0173 \u2013 populiarus Biblijos tem\u0173 i\u0161d\u0117stymas atskirais klausimais. \u0160iai reik\u0161mei artimas \u017einomo dvasininko ir jaunosios kartos ra\u0161ytojos pasirinktas \u017eanras \u2013 sekmadieniais skaitom\u0173 Evangelijos i\u0161trauk\u0173 komentarai. Juose daug kart\u0173 gird\u0117ti \u0160ventojo Ra\u0161to epizodai pasukami netik\u0117tais rakursais, skaitytojui suteikiamas iki \u0161iol ne\u012f\u017evelgtos prasm\u0117s atradimo d\u017eiaugsmas. Inicialais \u2013js\u2013 ir \u2013gk\u2013 pasira\u0161ytos Juliaus Sasnausko ir Giedr\u0117s Kazlauskait\u0117s postil\u0117s \u012f knyg\u0105 sud\u0117tos pagal liturgini\u0173 met\u0173 t\u0117km\u0119. Liudviko Jakimavi\u010diaus \u012fvadinio straipsnio \u017eod\u017eiais, \u012f \u0161i\u0105 knyg\u0105 sud\u0117ti skirting\u0173 luom\u0173 \u017emoni\u0173 ra\u0161yti tekstai \u201esukuria labai \u012fdomi\u0105 dramaturgin\u0119 \u012ftamp\u0105\u201c.<\/p>\n","protected":false},"featured_media":10477,"comment_status":"closed","ping_status":"closed","template":"","meta":{"_acf_changed":false,"site-sidebar-layout":"default","site-content-layout":"","ast-site-content-layout":"default","site-content-style":"default","site-sidebar-style":"default","ast-global-header-display":"","ast-banner-title-visibility":"","ast-main-header-display":"","ast-hfb-above-header-display":"","ast-hfb-below-header-display":"","ast-hfb-mobile-header-display":"","site-post-title":"","ast-breadcrumbs-content":"","ast-featured-img":"","footer-sml-layout":"","ast-disable-related-posts":"","theme-transparent-header-meta":"","adv-header-id-meta":"","stick-header-meta":"","header-above-stick-meta":"","header-main-stick-meta":"","header-below-stick-meta":"","astra-migrate-meta-layouts":"default","ast-page-background-enabled":"default","ast-page-background-meta":{"desktop":{"background-color":"","background-image":"","background-repeat":"repeat","background-position":"center center","background-size":"auto","background-attachment":"scroll","background-type":"","background-media":"","overlay-type":"","overlay-color":"","overlay-opacity":"","overlay-gradient":""},"tablet":{"background-color":"","background-image":"","background-repeat":"repeat","background-position":"center center","background-size":"auto","background-attachment":"scroll","background-type":"","background-media":"","overlay-type":"","overlay-color":"","overlay-opacity":"","overlay-gradient":""},"mobile":{"background-color":"","background-image":"","background-repeat":"repeat","background-position":"center center","background-size":"auto","background-attachment":"scroll","background-type":"","background-media":"","overlay-type":"","overlay-color":"","overlay-opacity":"","overlay-gradient":""}},"ast-content-background-meta":{"desktop":{"background-color":"var(--ast-global-color-4)","background-image":"","background-repeat":"repeat","background-position":"center center","background-size":"auto","background-attachment":"scroll","background-type":"","background-media":"","overlay-type":"","overlay-color":"","overlay-opacity":"","overlay-gradient":""},"tablet":{"background-color":"var(--ast-global-color-4)","background-image":"","background-repeat":"repeat","background-position":"center center","background-size":"auto","background-attachment":"scroll","background-type":"","background-media":"","overlay-type":"","overlay-color":"","overlay-opacity":"","overlay-gradient":""},"mobile":{"background-color":"var(--ast-global-color-4)","background-image":"","background-repeat":"repeat","background-position":"center center","background-size":"auto","background-attachment":"scroll","background-type":"","background-media":"","overlay-type":"","overlay-color":"","overlay-opacity":"","overlay-gradient":""}}},"product_brand":[],"product_cat":[165],"product_tag":[],"class_list":{"0":"post-10430","1":"product","2":"type-product","3":"status-publish","4":"has-post-thumbnail","6":"product_cat-religija-filosofija-ir-ezoterika","7":"desktop-align-left","8":"tablet-align-left","9":"mobile-align-left","11":"first","12":"instock","13":"shipping-taxable","14":"purchasable","15":"product-type-simple"},"acf":[],"yoast_head":"<!-- This site is optimized with the Yoast SEO plugin v27.4 - https:\/\/yoast.com\/product\/yoast-seo-wordpress\/ -->\n<title>Giedr\u0117 Kazlauskait\u0117, Julius Sasnauskas \u201ePostil\u0117s\u201c - Skaitytaknyga<\/title>\n<meta name=\"description\" content=\"Viena i\u0161 \u017eod\u017eio postil\u0117 reik\u0161mi\u0173 \u2013 populiarus Biblijos tem\u0173 i\u0161d\u0117stymas atskirais klausimais. \u0160iai reik\u0161mei artimas \u017einomo dvasininko ir jaunosios kartos ra\u0161ytojos pasirinktas \u017eanras \u2013 sekmadieniais skaitom\u0173 Evangelijos i\u0161trauk\u0173 komentarai. Juose daug kart\u0173 gird\u0117ti \u0160ventojo Ra\u0161to epizodai pasukami netik\u0117tais rakursais, skaitytojui suteikiamas iki \u0161iol ne\u012f\u017evelgtos prasm\u0117s atradimo d\u017eiaugsmas. Inicialais \u2013js\u2013 ir \u2013gk\u2013 pasira\u0161ytos Juliaus Sasnausko ir Giedr\u0117s Kazlauskait\u0117s postil\u0117s \u012f knyg\u0105 sud\u0117tos pagal liturgini\u0173 met\u0173 t\u0117km\u0119. Liudviko Jakimavi\u010diaus \u012fvadinio straipsnio \u017eod\u017eiais, \u012f \u0161i\u0105 knyg\u0105 sud\u0117ti skirting\u0173 luom\u0173 \u017emoni\u0173 ra\u0161yti tekstai \u201esukuria labai \u012fdomi\u0105 dramaturgin\u0119 \u012ftamp\u0105\u201c.\" \/>\n<meta name=\"robots\" content=\"index, follow, max-snippet:-1, max-image-preview:large, max-video-preview:-1\" \/>\n<link rel=\"canonical\" href=\"https:\/\/skaitytaknyga.lt\/en\/produktas\/giedre-kazlauskaite-julius-sasnauskas-postiles\/\" \/>\n<meta property=\"og:locale\" content=\"en_GB\" \/>\n<meta property=\"og:locale:alternate\" content=\"lt_LT\" \/>\n<meta property=\"og:type\" content=\"article\" \/>\n<meta property=\"og:title\" content=\"Giedr\u0117 Kazlauskait\u0117, Julius Sasnauskas \u201ePostil\u0117s\u201c - Skaitytaknyga\" \/>\n<meta property=\"og:description\" content=\"Viena i\u0161 \u017eod\u017eio postil\u0117 reik\u0161mi\u0173 \u2013 populiarus Biblijos tem\u0173 i\u0161d\u0117stymas atskirais klausimais. \u0160iai reik\u0161mei artimas \u017einomo dvasininko ir jaunosios kartos ra\u0161ytojos pasirinktas \u017eanras \u2013 sekmadieniais skaitom\u0173 Evangelijos i\u0161trauk\u0173 komentarai. Juose daug kart\u0173 gird\u0117ti \u0160ventojo Ra\u0161to epizodai pasukami netik\u0117tais rakursais, skaitytojui suteikiamas iki \u0161iol ne\u012f\u017evelgtos prasm\u0117s atradimo d\u017eiaugsmas. Inicialais \u2013js\u2013 ir \u2013gk\u2013 pasira\u0161ytos Juliaus Sasnausko ir Giedr\u0117s Kazlauskait\u0117s postil\u0117s \u012f knyg\u0105 sud\u0117tos pagal liturgini\u0173 met\u0173 t\u0117km\u0119. Liudviko Jakimavi\u010diaus \u012fvadinio straipsnio \u017eod\u017eiais, \u012f \u0161i\u0105 knyg\u0105 sud\u0117ti skirting\u0173 luom\u0173 \u017emoni\u0173 ra\u0161yti tekstai \u201esukuria labai \u012fdomi\u0105 dramaturgin\u0119 \u012ftamp\u0105\u201c.\" \/>\n<meta property=\"og:url\" content=\"https:\/\/skaitytaknyga.lt\/en\/produktas\/giedre-kazlauskaite-julius-sasnauskas-postiles\/\" \/>\n<meta property=\"og:site_name\" content=\"Skaitytaknyga\" \/>\n<meta property=\"article:publisher\" content=\"https:\/\/www.facebook.com\/skaitytaknyga\/\" \/>\n<meta property=\"article:modified_time\" content=\"2024-05-04T18:17:28+00:00\" \/>\n<meta property=\"og:image\" content=\"https:\/\/skaitytaknyga.lt\/wp-content\/uploads\/2024\/05\/000000000002125777-59de83ce1c9eb-asset-knyguklubas-cdb_postiles_p1.jpg\" \/>\n\t<meta property=\"og:image:width\" content=\"285\" \/>\n\t<meta property=\"og:image:height\" content=\"415\" \/>\n\t<meta property=\"og:image:type\" content=\"image\/jpeg\" \/>\n<meta name=\"twitter:card\" content=\"summary_large_image\" \/>\n<meta name=\"twitter:label1\" content=\"Estimated reading time\" \/>\n\t<meta name=\"twitter:data1\" content=\"1 minute\" \/>\n<script type=\"application\/ld+json\" class=\"yoast-schema-graph\">{\"@context\":\"https:\\\/\\\/schema.org\",\"@graph\":[{\"@type\":\"WebPage\",\"@id\":\"https:\\\/\\\/skaitytaknyga.lt\\\/produktas\\\/giedre-kazlauskaite-julius-sasnauskas-postiles\\\/\",\"url\":\"https:\\\/\\\/skaitytaknyga.lt\\\/produktas\\\/giedre-kazlauskaite-julius-sasnauskas-postiles\\\/\",\"name\":\"Giedr\u0117 Kazlauskait\u0117, Julius Sasnauskas \u201ePostil\u0117s\u201c - Skaitytaknyga\",\"isPartOf\":{\"@id\":\"https:\\\/\\\/skaitytaknyga.lt\\\/#website\"},\"primaryImageOfPage\":{\"@id\":\"https:\\\/\\\/skaitytaknyga.lt\\\/produktas\\\/giedre-kazlauskaite-julius-sasnauskas-postiles\\\/#primaryimage\"},\"image\":{\"@id\":\"https:\\\/\\\/skaitytaknyga.lt\\\/produktas\\\/giedre-kazlauskaite-julius-sasnauskas-postiles\\\/#primaryimage\"},\"thumbnailUrl\":\"https:\\\/\\\/skaitytaknyga.lt\\\/wp-content\\\/uploads\\\/2024\\\/05\\\/000000000002125777-59de83ce1c9eb-asset-knyguklubas-cdb_postiles_p1.jpg\",\"datePublished\":\"2024-05-04T18:15:58+00:00\",\"dateModified\":\"2024-05-04T18:17:28+00:00\",\"description\":\"Viena i\u0161 \u017eod\u017eio postil\u0117 reik\u0161mi\u0173 \u2013 populiarus Biblijos tem\u0173 i\u0161d\u0117stymas atskirais klausimais. \u0160iai reik\u0161mei artimas \u017einomo dvasininko ir jaunosios kartos ra\u0161ytojos pasirinktas \u017eanras \u2013 sekmadieniais skaitom\u0173 Evangelijos i\u0161trauk\u0173 komentarai. Juose daug kart\u0173 gird\u0117ti \u0160ventojo Ra\u0161to epizodai pasukami netik\u0117tais rakursais, skaitytojui suteikiamas iki \u0161iol ne\u012f\u017evelgtos prasm\u0117s atradimo d\u017eiaugsmas. Inicialais \u2013js\u2013 ir \u2013gk\u2013 pasira\u0161ytos Juliaus Sasnausko ir Giedr\u0117s Kazlauskait\u0117s postil\u0117s \u012f knyg\u0105 sud\u0117tos pagal liturgini\u0173 met\u0173 t\u0117km\u0119. Liudviko Jakimavi\u010diaus \u012fvadinio straipsnio \u017eod\u017eiais, \u012f \u0161i\u0105 knyg\u0105 sud\u0117ti skirting\u0173 luom\u0173 \u017emoni\u0173 ra\u0161yti tekstai \u201esukuria labai \u012fdomi\u0105 dramaturgin\u0119 \u012ftamp\u0105\u201c.\",\"breadcrumb\":{\"@id\":\"https:\\\/\\\/skaitytaknyga.lt\\\/produktas\\\/giedre-kazlauskaite-julius-sasnauskas-postiles\\\/#breadcrumb\"},\"inLanguage\":\"en-GB\",\"potentialAction\":[{\"@type\":\"ReadAction\",\"target\":[\"https:\\\/\\\/skaitytaknyga.lt\\\/produktas\\\/giedre-kazlauskaite-julius-sasnauskas-postiles\\\/\"]}]},{\"@type\":\"ImageObject\",\"inLanguage\":\"en-GB\",\"@id\":\"https:\\\/\\\/skaitytaknyga.lt\\\/produktas\\\/giedre-kazlauskaite-julius-sasnauskas-postiles\\\/#primaryimage\",\"url\":\"https:\\\/\\\/skaitytaknyga.lt\\\/wp-content\\\/uploads\\\/2024\\\/05\\\/000000000002125777-59de83ce1c9eb-asset-knyguklubas-cdb_postiles_p1.jpg\",\"contentUrl\":\"https:\\\/\\\/skaitytaknyga.lt\\\/wp-content\\\/uploads\\\/2024\\\/05\\\/000000000002125777-59de83ce1c9eb-asset-knyguklubas-cdb_postiles_p1.jpg\",\"width\":285,\"height\":415},{\"@type\":\"BreadcrumbList\",\"@id\":\"https:\\\/\\\/skaitytaknyga.lt\\\/produktas\\\/giedre-kazlauskaite-julius-sasnauskas-postiles\\\/#breadcrumb\",\"itemListElement\":[{\"@type\":\"ListItem\",\"position\":1,\"name\":\"Home\",\"item\":\"https:\\\/\\\/skaitytaknyga.lt\\\/\"},{\"@type\":\"ListItem\",\"position\":2,\"name\":\"Parduotuv\u0117\",\"item\":\"https:\\\/\\\/skaitytaknyga.lt\\\/knygu-parduotuve\\\/\"},{\"@type\":\"ListItem\",\"position\":3,\"name\":\"Giedr\u0117 Kazlauskait\u0117, Julius Sasnauskas \u201ePostil\u0117s\u201c\"}]},{\"@type\":\"WebSite\",\"@id\":\"https:\\\/\\\/skaitytaknyga.lt\\\/#website\",\"url\":\"https:\\\/\\\/skaitytaknyga.lt\\\/\",\"name\":\"skaitytaknyga.lt\",\"description\":\"Skaitytaknyga.lt \u2013 tai ma\u017eas \u0161eimos verslas, kuris prasid\u0117jo nuo meil\u0117s knygoms ir siekio i\u0161gelb\u0117ti knygas nuo likimo prie konteinerio. Kas vienam nereikalingas daiktas \u2013 kitam lobis, o mes esame tarpininkai, kurie padeda abiems tapti laimingesniems ???? \u017dinome kaip nelengva i\u0161gyventi ma\u017eiems verslams, tad nuo \u0161iol, \u010dia rasite ir kit\u0173, ma\u017e\u0173 \u0161eim\u0173 versl\u0173, rank\u0173 darbo, dovan\u0173 sau ir artimiesiems.\",\"publisher\":{\"@id\":\"https:\\\/\\\/skaitytaknyga.lt\\\/#organization\"},\"potentialAction\":[{\"@type\":\"SearchAction\",\"target\":{\"@type\":\"EntryPoint\",\"urlTemplate\":\"https:\\\/\\\/skaitytaknyga.lt\\\/?s={search_term_string}\"},\"query-input\":{\"@type\":\"PropertyValueSpecification\",\"valueRequired\":true,\"valueName\":\"search_term_string\"}}],\"inLanguage\":\"en-GB\"},{\"@type\":\"Organization\",\"@id\":\"https:\\\/\\\/skaitytaknyga.lt\\\/#organization\",\"name\":\"skaitytaknyga.lt\",\"url\":\"https:\\\/\\\/skaitytaknyga.lt\\\/\",\"logo\":{\"@type\":\"ImageObject\",\"inLanguage\":\"en-GB\",\"@id\":\"https:\\\/\\\/skaitytaknyga.lt\\\/#\\\/schema\\\/logo\\\/image\\\/\",\"url\":\"https:\\\/\\\/skaitytaknyga.lt\\\/wp-content\\\/uploads\\\/2024\\\/05\\\/cropped-cropped-cropped-02_00843_jt3bggkj1j3HLc7SyY6rEUpg.jpeg\",\"contentUrl\":\"https:\\\/\\\/skaitytaknyga.lt\\\/wp-content\\\/uploads\\\/2024\\\/05\\\/cropped-cropped-cropped-02_00843_jt3bggkj1j3HLc7SyY6rEUpg.jpeg\",\"width\":1600,\"height\":1600,\"caption\":\"skaitytaknyga.lt\"},\"image\":{\"@id\":\"https:\\\/\\\/skaitytaknyga.lt\\\/#\\\/schema\\\/logo\\\/image\\\/\"},\"sameAs\":[\"https:\\\/\\\/www.facebook.com\\\/skaitytaknyga\\\/\"]}]}<\/script>\n<!-- \/ Yoast SEO plugin. -->","yoast_head_json":{"title":"Giedr\u0117 Kazlauskait\u0117, Julius Sasnauskas \u201ePostil\u0117s\u201c - Skaitytaknyga","description":"Viena i\u0161 \u017eod\u017eio postil\u0117 reik\u0161mi\u0173 \u2013 populiarus Biblijos tem\u0173 i\u0161d\u0117stymas atskirais klausimais. \u0160iai reik\u0161mei artimas \u017einomo dvasininko ir jaunosios kartos ra\u0161ytojos pasirinktas \u017eanras \u2013 sekmadieniais skaitom\u0173 Evangelijos i\u0161trauk\u0173 komentarai. Juose daug kart\u0173 gird\u0117ti \u0160ventojo Ra\u0161to epizodai pasukami netik\u0117tais rakursais, skaitytojui suteikiamas iki \u0161iol ne\u012f\u017evelgtos prasm\u0117s atradimo d\u017eiaugsmas. Inicialais \u2013js\u2013 ir \u2013gk\u2013 pasira\u0161ytos Juliaus Sasnausko ir Giedr\u0117s Kazlauskait\u0117s postil\u0117s \u012f knyg\u0105 sud\u0117tos pagal liturgini\u0173 met\u0173 t\u0117km\u0119. Liudviko Jakimavi\u010diaus \u012fvadinio straipsnio \u017eod\u017eiais, \u012f \u0161i\u0105 knyg\u0105 sud\u0117ti skirting\u0173 luom\u0173 \u017emoni\u0173 ra\u0161yti tekstai \u201esukuria labai \u012fdomi\u0105 dramaturgin\u0119 \u012ftamp\u0105\u201c.","robots":{"index":"index","follow":"follow","max-snippet":"max-snippet:-1","max-image-preview":"max-image-preview:large","max-video-preview":"max-video-preview:-1"},"canonical":"https:\/\/skaitytaknyga.lt\/en\/produktas\/giedre-kazlauskaite-julius-sasnauskas-postiles\/","og_locale":"en_GB","og_type":"article","og_title":"Giedr\u0117 Kazlauskait\u0117, Julius Sasnauskas \u201ePostil\u0117s\u201c - Skaitytaknyga","og_description":"Viena i\u0161 \u017eod\u017eio postil\u0117 reik\u0161mi\u0173 \u2013 populiarus Biblijos tem\u0173 i\u0161d\u0117stymas atskirais klausimais. \u0160iai reik\u0161mei artimas \u017einomo dvasininko ir jaunosios kartos ra\u0161ytojos pasirinktas \u017eanras \u2013 sekmadieniais skaitom\u0173 Evangelijos i\u0161trauk\u0173 komentarai. Juose daug kart\u0173 gird\u0117ti \u0160ventojo Ra\u0161to epizodai pasukami netik\u0117tais rakursais, skaitytojui suteikiamas iki \u0161iol ne\u012f\u017evelgtos prasm\u0117s atradimo d\u017eiaugsmas. Inicialais \u2013js\u2013 ir \u2013gk\u2013 pasira\u0161ytos Juliaus Sasnausko ir Giedr\u0117s Kazlauskait\u0117s postil\u0117s \u012f knyg\u0105 sud\u0117tos pagal liturgini\u0173 met\u0173 t\u0117km\u0119. Liudviko Jakimavi\u010diaus \u012fvadinio straipsnio \u017eod\u017eiais, \u012f \u0161i\u0105 knyg\u0105 sud\u0117ti skirting\u0173 luom\u0173 \u017emoni\u0173 ra\u0161yti tekstai \u201esukuria labai \u012fdomi\u0105 dramaturgin\u0119 \u012ftamp\u0105\u201c.","og_url":"https:\/\/skaitytaknyga.lt\/en\/produktas\/giedre-kazlauskaite-julius-sasnauskas-postiles\/","og_site_name":"Skaitytaknyga","article_publisher":"https:\/\/www.facebook.com\/skaitytaknyga\/","article_modified_time":"2024-05-04T18:17:28+00:00","og_image":[{"width":285,"height":415,"url":"https:\/\/skaitytaknyga.lt\/wp-content\/uploads\/2024\/05\/000000000002125777-59de83ce1c9eb-asset-knyguklubas-cdb_postiles_p1.jpg","type":"image\/jpeg"}],"twitter_card":"summary_large_image","twitter_misc":{"Estimated reading time":"1 minute"},"schema":{"@context":"https:\/\/schema.org","@graph":[{"@type":"WebPage","@id":"https:\/\/skaitytaknyga.lt\/produktas\/giedre-kazlauskaite-julius-sasnauskas-postiles\/","url":"https:\/\/skaitytaknyga.lt\/produktas\/giedre-kazlauskaite-julius-sasnauskas-postiles\/","name":"Giedr\u0117 Kazlauskait\u0117, Julius Sasnauskas \u201ePostil\u0117s\u201c - Skaitytaknyga","isPartOf":{"@id":"https:\/\/skaitytaknyga.lt\/#website"},"primaryImageOfPage":{"@id":"https:\/\/skaitytaknyga.lt\/produktas\/giedre-kazlauskaite-julius-sasnauskas-postiles\/#primaryimage"},"image":{"@id":"https:\/\/skaitytaknyga.lt\/produktas\/giedre-kazlauskaite-julius-sasnauskas-postiles\/#primaryimage"},"thumbnailUrl":"https:\/\/skaitytaknyga.lt\/wp-content\/uploads\/2024\/05\/000000000002125777-59de83ce1c9eb-asset-knyguklubas-cdb_postiles_p1.jpg","datePublished":"2024-05-04T18:15:58+00:00","dateModified":"2024-05-04T18:17:28+00:00","description":"Viena i\u0161 \u017eod\u017eio postil\u0117 reik\u0161mi\u0173 \u2013 populiarus Biblijos tem\u0173 i\u0161d\u0117stymas atskirais klausimais. \u0160iai reik\u0161mei artimas \u017einomo dvasininko ir jaunosios kartos ra\u0161ytojos pasirinktas \u017eanras \u2013 sekmadieniais skaitom\u0173 Evangelijos i\u0161trauk\u0173 komentarai. Juose daug kart\u0173 gird\u0117ti \u0160ventojo Ra\u0161to epizodai pasukami netik\u0117tais rakursais, skaitytojui suteikiamas iki \u0161iol ne\u012f\u017evelgtos prasm\u0117s atradimo d\u017eiaugsmas. Inicialais \u2013js\u2013 ir \u2013gk\u2013 pasira\u0161ytos Juliaus Sasnausko ir Giedr\u0117s Kazlauskait\u0117s postil\u0117s \u012f knyg\u0105 sud\u0117tos pagal liturgini\u0173 met\u0173 t\u0117km\u0119. Liudviko Jakimavi\u010diaus \u012fvadinio straipsnio \u017eod\u017eiais, \u012f \u0161i\u0105 knyg\u0105 sud\u0117ti skirting\u0173 luom\u0173 \u017emoni\u0173 ra\u0161yti tekstai \u201esukuria labai \u012fdomi\u0105 dramaturgin\u0119 \u012ftamp\u0105\u201c.","breadcrumb":{"@id":"https:\/\/skaitytaknyga.lt\/produktas\/giedre-kazlauskaite-julius-sasnauskas-postiles\/#breadcrumb"},"inLanguage":"en-GB","potentialAction":[{"@type":"ReadAction","target":["https:\/\/skaitytaknyga.lt\/produktas\/giedre-kazlauskaite-julius-sasnauskas-postiles\/"]}]},{"@type":"ImageObject","inLanguage":"en-GB","@id":"https:\/\/skaitytaknyga.lt\/produktas\/giedre-kazlauskaite-julius-sasnauskas-postiles\/#primaryimage","url":"https:\/\/skaitytaknyga.lt\/wp-content\/uploads\/2024\/05\/000000000002125777-59de83ce1c9eb-asset-knyguklubas-cdb_postiles_p1.jpg","contentUrl":"https:\/\/skaitytaknyga.lt\/wp-content\/uploads\/2024\/05\/000000000002125777-59de83ce1c9eb-asset-knyguklubas-cdb_postiles_p1.jpg","width":285,"height":415},{"@type":"BreadcrumbList","@id":"https:\/\/skaitytaknyga.lt\/produktas\/giedre-kazlauskaite-julius-sasnauskas-postiles\/#breadcrumb","itemListElement":[{"@type":"ListItem","position":1,"name":"Home","item":"https:\/\/skaitytaknyga.lt\/"},{"@type":"ListItem","position":2,"name":"Parduotuv\u0117","item":"https:\/\/skaitytaknyga.lt\/knygu-parduotuve\/"},{"@type":"ListItem","position":3,"name":"Giedr\u0117 Kazlauskait\u0117, Julius Sasnauskas \u201ePostil\u0117s\u201c"}]},{"@type":"WebSite","@id":"https:\/\/skaitytaknyga.lt\/#website","url":"https:\/\/skaitytaknyga.lt\/","name":"skaitytaknyga.lt","description":"Skaitytaknyga.lt \u2013 tai ma\u017eas \u0161eimos verslas, kuris prasid\u0117jo nuo meil\u0117s knygoms ir siekio i\u0161gelb\u0117ti knygas nuo likimo prie konteinerio. Kas vienam nereikalingas daiktas \u2013 kitam lobis, o mes esame tarpininkai, kurie padeda abiems tapti laimingesniems ???? \u017dinome kaip nelengva i\u0161gyventi ma\u017eiems verslams, tad nuo \u0161iol, \u010dia rasite ir kit\u0173, ma\u017e\u0173 \u0161eim\u0173 versl\u0173, rank\u0173 darbo, dovan\u0173 sau ir artimiesiems.","publisher":{"@id":"https:\/\/skaitytaknyga.lt\/#organization"},"potentialAction":[{"@type":"SearchAction","target":{"@type":"EntryPoint","urlTemplate":"https:\/\/skaitytaknyga.lt\/?s={search_term_string}"},"query-input":{"@type":"PropertyValueSpecification","valueRequired":true,"valueName":"search_term_string"}}],"inLanguage":"en-GB"},{"@type":"Organization","@id":"https:\/\/skaitytaknyga.lt\/#organization","name":"skaitytaknyga.lt","url":"https:\/\/skaitytaknyga.lt\/","logo":{"@type":"ImageObject","inLanguage":"en-GB","@id":"https:\/\/skaitytaknyga.lt\/#\/schema\/logo\/image\/","url":"https:\/\/skaitytaknyga.lt\/wp-content\/uploads\/2024\/05\/cropped-cropped-cropped-02_00843_jt3bggkj1j3HLc7SyY6rEUpg.jpeg","contentUrl":"https:\/\/skaitytaknyga.lt\/wp-content\/uploads\/2024\/05\/cropped-cropped-cropped-02_00843_jt3bggkj1j3HLc7SyY6rEUpg.jpeg","width":1600,"height":1600,"caption":"skaitytaknyga.lt"},"image":{"@id":"https:\/\/skaitytaknyga.lt\/#\/schema\/logo\/image\/"},"sameAs":["https:\/\/www.facebook.com\/skaitytaknyga\/"]}]}},"_links":{"self":[{"href":"https:\/\/skaitytaknyga.lt\/en\/wp-json\/wp\/v2\/product\/10430","targetHints":{"allow":["GET"]}}],"collection":[{"href":"https:\/\/skaitytaknyga.lt\/en\/wp-json\/wp\/v2\/product"}],"about":[{"href":"https:\/\/skaitytaknyga.lt\/en\/wp-json\/wp\/v2\/types\/product"}],"replies":[{"embeddable":true,"href":"https:\/\/skaitytaknyga.lt\/en\/wp-json\/wp\/v2\/comments?post=10430"}],"wp:featuredmedia":[{"embeddable":true,"href":"https:\/\/skaitytaknyga.lt\/en\/wp-json\/wp\/v2\/media\/10477"}],"wp:attachment":[{"href":"https:\/\/skaitytaknyga.lt\/en\/wp-json\/wp\/v2\/media?parent=10430"}],"wp:term":[{"taxonomy":"product_brand","embeddable":true,"href":"https:\/\/skaitytaknyga.lt\/en\/wp-json\/wp\/v2\/product_brand?post=10430"},{"taxonomy":"product_cat","embeddable":true,"href":"https:\/\/skaitytaknyga.lt\/en\/wp-json\/wp\/v2\/product_cat?post=10430"},{"taxonomy":"product_tag","embeddable":true,"href":"https:\/\/skaitytaknyga.lt\/en\/wp-json\/wp\/v2\/product_tag?post=10430"}],"curies":[{"name":"wp","href":"https:\/\/api.w.org\/{rel}","templated":true}]}}