{"id":10429,"date":"2024-05-04T18:15:58","date_gmt":"2024-05-04T18:15:58","guid":{"rendered":"https:\/\/skaitytaknyga.lt\/?post_type=product&#038;p=10429"},"modified":"2024-05-04T18:17:26","modified_gmt":"2024-05-04T18:17:26","slug":"dalai-lama-howard-c-cutler-menas-buti-laimingam-intriguojantis-susitikimas-tarp-rytu-ir-vakaru-pagelte-lapai","status":"publish","type":"product","link":"https:\/\/skaitytaknyga.lt\/en\/produktas\/dalai-lama-howard-c-cutler-menas-buti-laimingam-intriguojantis-susitikimas-tarp-rytu-ir-vakaru-pagelte-lapai\/","title":{"rendered":"Dalai Lama, Howard C. Cutler \u201eMenas b\u016bti laimingam. Intriguojantis susitikimas tarp Ryt\u0173 ir Vakar\u0173\u201c (pagelt\u0119 lapai)"},"content":{"rendered":"<p>\u0160i knyga buvo sumanyta kaip pokalbis Ryt\u0173 ir Vakar\u0173 pasauli\u0173 sankirtoje. J\u0105 sudaro psichologo ir budist\u0173 dvasinio vadovo pa\u0161nekesiai apie kiekvieno \u017emogaus vidin\u0119 siekiamyb\u0119 patirti laim\u0119, b\u016bti laimingam. Autoriai bando perteikti nuosekl\u0173 po\u017ei\u016br\u012f, kaip pasiekti daugiau laim\u0117s ir \u012fveikti nei\u0161vengiamas gyvenimo prie\u0161taras, nusivylim\u0105 bei stres\u0105. \u0160is po\u017ei\u016bris apima tiek Vakar\u0173 moksl\u0105 ir psichologij\u0105, tiek budizmo principus ir praktik\u0105. Autoriai yra tvirtai \u012fsitikin\u0119, jog kiekvienas \u017emogus paj\u0117gus pasiekti vidin\u0119 darn\u0105 ir dr\u0105siai pasitikti bet kok\u012f neramaus laikme\u010dio i\u0161\u0161\u016bk\u012f.<\/p>\n","protected":false},"excerpt":{"rendered":"<p>\u0160i knyga buvo sumanyta kaip pokalbis Ryt\u0173 ir Vakar\u0173 pasauli\u0173 sankirtoje. J\u0105 sudaro psichologo ir budist\u0173 dvasinio vadovo pa\u0161nekesiai apie kiekvieno \u017emogaus vidin\u0119 siekiamyb\u0119 patirti laim\u0119, b\u016bti laimingam. Autoriai bando perteikti nuosekl\u0173 po\u017ei\u016br\u012f, kaip pasiekti daugiau laim\u0117s ir \u012fveikti nei\u0161vengiamas gyvenimo prie\u0161taras, nusivylim\u0105 bei stres\u0105. \u0160is po\u017ei\u016bris apima tiek Vakar\u0173 moksl\u0105 ir psichologij\u0105, tiek budizmo principus ir praktik\u0105. Autoriai yra tvirtai \u012fsitikin\u0119, jog kiekvienas \u017emogus paj\u0117gus pasiekti vidin\u0119 darn\u0105 ir dr\u0105siai pasitikti bet kok\u012f neramaus laikme\u010dio i\u0161\u0161\u016bk\u012f.<\/p>\n","protected":false},"featured_media":10476,"comment_status":"closed","ping_status":"closed","template":"","meta":{"_acf_changed":false,"site-sidebar-layout":"default","site-content-layout":"","ast-site-content-layout":"default","site-content-style":"default","site-sidebar-style":"default","ast-global-header-display":"","ast-banner-title-visibility":"","ast-main-header-display":"","ast-hfb-above-header-display":"","ast-hfb-below-header-display":"","ast-hfb-mobile-header-display":"","site-post-title":"","ast-breadcrumbs-content":"","ast-featured-img":"","footer-sml-layout":"","ast-disable-related-posts":"","theme-transparent-header-meta":"","adv-header-id-meta":"","stick-header-meta":"","header-above-stick-meta":"","header-main-stick-meta":"","header-below-stick-meta":"","astra-migrate-meta-layouts":"default","ast-page-background-enabled":"default","ast-page-background-meta":{"desktop":{"background-color":"","background-image":"","background-repeat":"repeat","background-position":"center center","background-size":"auto","background-attachment":"scroll","background-type":"","background-media":"","overlay-type":"","overlay-color":"","overlay-opacity":"","overlay-gradient":""},"tablet":{"background-color":"","background-image":"","background-repeat":"repeat","background-position":"center center","background-size":"auto","background-attachment":"scroll","background-type":"","background-media":"","overlay-type":"","overlay-color":"","overlay-opacity":"","overlay-gradient":""},"mobile":{"background-color":"","background-image":"","background-repeat":"repeat","background-position":"center center","background-size":"auto","background-attachment":"scroll","background-type":"","background-media":"","overlay-type":"","overlay-color":"","overlay-opacity":"","overlay-gradient":""}},"ast-content-background-meta":{"desktop":{"background-color":"var(--ast-global-color-4)","background-image":"","background-repeat":"repeat","background-position":"center center","background-size":"auto","background-attachment":"scroll","background-type":"","background-media":"","overlay-type":"","overlay-color":"","overlay-opacity":"","overlay-gradient":""},"tablet":{"background-color":"var(--ast-global-color-4)","background-image":"","background-repeat":"repeat","background-position":"center center","background-size":"auto","background-attachment":"scroll","background-type":"","background-media":"","overlay-type":"","overlay-color":"","overlay-opacity":"","overlay-gradient":""},"mobile":{"background-color":"var(--ast-global-color-4)","background-image":"","background-repeat":"repeat","background-position":"center center","background-size":"auto","background-attachment":"scroll","background-type":"","background-media":"","overlay-type":"","overlay-color":"","overlay-opacity":"","overlay-gradient":""}}},"product_brand":[],"product_cat":[165],"product_tag":[],"class_list":{"0":"post-10429","1":"product","2":"type-product","3":"status-publish","4":"has-post-thumbnail","6":"product_cat-religija-filosofija-ir-ezoterika","7":"desktop-align-left","8":"tablet-align-left","9":"mobile-align-left","11":"first","12":"outofstock","13":"shipping-taxable","14":"purchasable","15":"product-type-simple"},"acf":[],"yoast_head":"<!-- This site is optimized with the Yoast SEO plugin v27.4 - https:\/\/yoast.com\/product\/yoast-seo-wordpress\/ -->\n<title>Dalai Lama, Howard C. Cutler \u201eMenas b\u016bti laimingam. Intriguojantis susitikimas tarp Ryt\u0173 ir Vakar\u0173\u201c (pagelt\u0119 lapai) - Skaitytaknyga<\/title>\n<meta name=\"description\" content=\"\u0160i knyga buvo sumanyta kaip pokalbis Ryt\u0173 ir Vakar\u0173 pasauli\u0173 sankirtoje. J\u0105 sudaro psichologo ir budist\u0173 dvasinio vadovo pa\u0161nekesiai apie kiekvieno \u017emogaus vidin\u0119 siekiamyb\u0119 patirti laim\u0119, b\u016bti laimingam. Autoriai bando perteikti nuosekl\u0173 po\u017ei\u016br\u012f, kaip pasiekti daugiau laim\u0117s ir \u012fveikti nei\u0161vengiamas gyvenimo prie\u0161taras, nusivylim\u0105 bei stres\u0105. \u0160is po\u017ei\u016bris apima tiek Vakar\u0173 moksl\u0105 ir psichologij\u0105, tiek budizmo principus ir praktik\u0105. Autoriai yra tvirtai \u012fsitikin\u0119, jog kiekvienas \u017emogus paj\u0117gus pasiekti vidin\u0119 darn\u0105 ir dr\u0105siai pasitikti bet kok\u012f neramaus laikme\u010dio i\u0161\u0161\u016bk\u012f.\" \/>\n<meta name=\"robots\" content=\"index, follow, max-snippet:-1, max-image-preview:large, max-video-preview:-1\" \/>\n<link rel=\"canonical\" href=\"https:\/\/skaitytaknyga.lt\/en\/produktas\/dalai-lama-howard-c-cutler-menas-buti-laimingam-intriguojantis-susitikimas-tarp-rytu-ir-vakaru-pagelte-lapai\/\" \/>\n<meta property=\"og:locale\" content=\"en_GB\" \/>\n<meta property=\"og:locale:alternate\" content=\"lt_LT\" \/>\n<meta property=\"og:type\" content=\"article\" \/>\n<meta property=\"og:title\" content=\"Dalai Lama, Howard C. Cutler \u201eMenas b\u016bti laimingam. Intriguojantis susitikimas tarp Ryt\u0173 ir Vakar\u0173\u201c (pagelt\u0119 lapai) - Skaitytaknyga\" \/>\n<meta property=\"og:description\" content=\"\u0160i knyga buvo sumanyta kaip pokalbis Ryt\u0173 ir Vakar\u0173 pasauli\u0173 sankirtoje. J\u0105 sudaro psichologo ir budist\u0173 dvasinio vadovo pa\u0161nekesiai apie kiekvieno \u017emogaus vidin\u0119 siekiamyb\u0119 patirti laim\u0119, b\u016bti laimingam. Autoriai bando perteikti nuosekl\u0173 po\u017ei\u016br\u012f, kaip pasiekti daugiau laim\u0117s ir \u012fveikti nei\u0161vengiamas gyvenimo prie\u0161taras, nusivylim\u0105 bei stres\u0105. \u0160is po\u017ei\u016bris apima tiek Vakar\u0173 moksl\u0105 ir psichologij\u0105, tiek budizmo principus ir praktik\u0105. Autoriai yra tvirtai \u012fsitikin\u0119, jog kiekvienas \u017emogus paj\u0117gus pasiekti vidin\u0119 darn\u0105 ir dr\u0105siai pasitikti bet kok\u012f neramaus laikme\u010dio i\u0161\u0161\u016bk\u012f.\" \/>\n<meta property=\"og:url\" content=\"https:\/\/skaitytaknyga.lt\/en\/produktas\/dalai-lama-howard-c-cutler-menas-buti-laimingam-intriguojantis-susitikimas-tarp-rytu-ir-vakaru-pagelte-lapai\/\" \/>\n<meta property=\"og:site_name\" content=\"Skaitytaknyga\" \/>\n<meta property=\"article:publisher\" content=\"https:\/\/www.facebook.com\/skaitytaknyga\/\" \/>\n<meta property=\"article:modified_time\" content=\"2024-05-04T18:17:26+00:00\" \/>\n<meta property=\"og:image\" content=\"https:\/\/skaitytaknyga.lt\/wp-content\/uploads\/2024\/05\/1462873365_menas-buti-laimingam.webp\" \/>\n\t<meta property=\"og:image:width\" content=\"405\" \/>\n\t<meta property=\"og:image:height\" content=\"614\" \/>\n\t<meta property=\"og:image:type\" content=\"image\/webp\" \/>\n<meta name=\"twitter:card\" content=\"summary_large_image\" \/>\n<script type=\"application\/ld+json\" class=\"yoast-schema-graph\">{\"@context\":\"https:\\\/\\\/schema.org\",\"@graph\":[{\"@type\":\"WebPage\",\"@id\":\"https:\\\/\\\/skaitytaknyga.lt\\\/produktas\\\/dalai-lama-howard-c-cutler-menas-buti-laimingam-intriguojantis-susitikimas-tarp-rytu-ir-vakaru-pagelte-lapai\\\/\",\"url\":\"https:\\\/\\\/skaitytaknyga.lt\\\/produktas\\\/dalai-lama-howard-c-cutler-menas-buti-laimingam-intriguojantis-susitikimas-tarp-rytu-ir-vakaru-pagelte-lapai\\\/\",\"name\":\"Dalai Lama, Howard C. Cutler \u201eMenas b\u016bti laimingam. Intriguojantis susitikimas tarp Ryt\u0173 ir Vakar\u0173\u201c (pagelt\u0119 lapai) - Skaitytaknyga\",\"isPartOf\":{\"@id\":\"https:\\\/\\\/skaitytaknyga.lt\\\/#website\"},\"primaryImageOfPage\":{\"@id\":\"https:\\\/\\\/skaitytaknyga.lt\\\/produktas\\\/dalai-lama-howard-c-cutler-menas-buti-laimingam-intriguojantis-susitikimas-tarp-rytu-ir-vakaru-pagelte-lapai\\\/#primaryimage\"},\"image\":{\"@id\":\"https:\\\/\\\/skaitytaknyga.lt\\\/produktas\\\/dalai-lama-howard-c-cutler-menas-buti-laimingam-intriguojantis-susitikimas-tarp-rytu-ir-vakaru-pagelte-lapai\\\/#primaryimage\"},\"thumbnailUrl\":\"https:\\\/\\\/skaitytaknyga.lt\\\/wp-content\\\/uploads\\\/2024\\\/05\\\/1462873365_menas-buti-laimingam.webp\",\"datePublished\":\"2024-05-04T18:15:58+00:00\",\"dateModified\":\"2024-05-04T18:17:26+00:00\",\"description\":\"\u0160i knyga buvo sumanyta kaip pokalbis Ryt\u0173 ir Vakar\u0173 pasauli\u0173 sankirtoje. J\u0105 sudaro psichologo ir budist\u0173 dvasinio vadovo pa\u0161nekesiai apie kiekvieno \u017emogaus vidin\u0119 siekiamyb\u0119 patirti laim\u0119, b\u016bti laimingam. Autoriai bando perteikti nuosekl\u0173 po\u017ei\u016br\u012f, kaip pasiekti daugiau laim\u0117s ir \u012fveikti nei\u0161vengiamas gyvenimo prie\u0161taras, nusivylim\u0105 bei stres\u0105. \u0160is po\u017ei\u016bris apima tiek Vakar\u0173 moksl\u0105 ir psichologij\u0105, tiek budizmo principus ir praktik\u0105. Autoriai yra tvirtai \u012fsitikin\u0119, jog kiekvienas \u017emogus paj\u0117gus pasiekti vidin\u0119 darn\u0105 ir dr\u0105siai pasitikti bet kok\u012f neramaus laikme\u010dio i\u0161\u0161\u016bk\u012f.\",\"breadcrumb\":{\"@id\":\"https:\\\/\\\/skaitytaknyga.lt\\\/produktas\\\/dalai-lama-howard-c-cutler-menas-buti-laimingam-intriguojantis-susitikimas-tarp-rytu-ir-vakaru-pagelte-lapai\\\/#breadcrumb\"},\"inLanguage\":\"en-GB\",\"potentialAction\":[{\"@type\":\"ReadAction\",\"target\":[\"https:\\\/\\\/skaitytaknyga.lt\\\/produktas\\\/dalai-lama-howard-c-cutler-menas-buti-laimingam-intriguojantis-susitikimas-tarp-rytu-ir-vakaru-pagelte-lapai\\\/\"]}]},{\"@type\":\"ImageObject\",\"inLanguage\":\"en-GB\",\"@id\":\"https:\\\/\\\/skaitytaknyga.lt\\\/produktas\\\/dalai-lama-howard-c-cutler-menas-buti-laimingam-intriguojantis-susitikimas-tarp-rytu-ir-vakaru-pagelte-lapai\\\/#primaryimage\",\"url\":\"https:\\\/\\\/skaitytaknyga.lt\\\/wp-content\\\/uploads\\\/2024\\\/05\\\/1462873365_menas-buti-laimingam.webp\",\"contentUrl\":\"https:\\\/\\\/skaitytaknyga.lt\\\/wp-content\\\/uploads\\\/2024\\\/05\\\/1462873365_menas-buti-laimingam.webp\",\"width\":405,\"height\":614},{\"@type\":\"BreadcrumbList\",\"@id\":\"https:\\\/\\\/skaitytaknyga.lt\\\/produktas\\\/dalai-lama-howard-c-cutler-menas-buti-laimingam-intriguojantis-susitikimas-tarp-rytu-ir-vakaru-pagelte-lapai\\\/#breadcrumb\",\"itemListElement\":[{\"@type\":\"ListItem\",\"position\":1,\"name\":\"Home\",\"item\":\"https:\\\/\\\/skaitytaknyga.lt\\\/\"},{\"@type\":\"ListItem\",\"position\":2,\"name\":\"Parduotuv\u0117\",\"item\":\"https:\\\/\\\/skaitytaknyga.lt\\\/knygu-parduotuve\\\/\"},{\"@type\":\"ListItem\",\"position\":3,\"name\":\"Dalai Lama, Howard C. Cutler \u201eMenas b\u016bti laimingam. Intriguojantis susitikimas tarp Ryt\u0173 ir Vakar\u0173\u201c (pagelt\u0119 lapai)\"}]},{\"@type\":\"WebSite\",\"@id\":\"https:\\\/\\\/skaitytaknyga.lt\\\/#website\",\"url\":\"https:\\\/\\\/skaitytaknyga.lt\\\/\",\"name\":\"skaitytaknyga.lt\",\"description\":\"Skaitytaknyga.lt \u2013 tai ma\u017eas \u0161eimos verslas, kuris prasid\u0117jo nuo meil\u0117s knygoms ir siekio i\u0161gelb\u0117ti knygas nuo likimo prie konteinerio. Kas vienam nereikalingas daiktas \u2013 kitam lobis, o mes esame tarpininkai, kurie padeda abiems tapti laimingesniems ???? \u017dinome kaip nelengva i\u0161gyventi ma\u017eiems verslams, tad nuo \u0161iol, \u010dia rasite ir kit\u0173, ma\u017e\u0173 \u0161eim\u0173 versl\u0173, rank\u0173 darbo, dovan\u0173 sau ir artimiesiems.\",\"publisher\":{\"@id\":\"https:\\\/\\\/skaitytaknyga.lt\\\/#organization\"},\"potentialAction\":[{\"@type\":\"SearchAction\",\"target\":{\"@type\":\"EntryPoint\",\"urlTemplate\":\"https:\\\/\\\/skaitytaknyga.lt\\\/?s={search_term_string}\"},\"query-input\":{\"@type\":\"PropertyValueSpecification\",\"valueRequired\":true,\"valueName\":\"search_term_string\"}}],\"inLanguage\":\"en-GB\"},{\"@type\":\"Organization\",\"@id\":\"https:\\\/\\\/skaitytaknyga.lt\\\/#organization\",\"name\":\"skaitytaknyga.lt\",\"url\":\"https:\\\/\\\/skaitytaknyga.lt\\\/\",\"logo\":{\"@type\":\"ImageObject\",\"inLanguage\":\"en-GB\",\"@id\":\"https:\\\/\\\/skaitytaknyga.lt\\\/#\\\/schema\\\/logo\\\/image\\\/\",\"url\":\"https:\\\/\\\/skaitytaknyga.lt\\\/wp-content\\\/uploads\\\/2024\\\/05\\\/cropped-cropped-cropped-02_00843_jt3bggkj1j3HLc7SyY6rEUpg.jpeg\",\"contentUrl\":\"https:\\\/\\\/skaitytaknyga.lt\\\/wp-content\\\/uploads\\\/2024\\\/05\\\/cropped-cropped-cropped-02_00843_jt3bggkj1j3HLc7SyY6rEUpg.jpeg\",\"width\":1600,\"height\":1600,\"caption\":\"skaitytaknyga.lt\"},\"image\":{\"@id\":\"https:\\\/\\\/skaitytaknyga.lt\\\/#\\\/schema\\\/logo\\\/image\\\/\"},\"sameAs\":[\"https:\\\/\\\/www.facebook.com\\\/skaitytaknyga\\\/\"]}]}<\/script>\n<!-- \/ Yoast SEO plugin. -->","yoast_head_json":{"title":"Dalai Lama, Howard C. Cutler \u201eMenas b\u016bti laimingam. Intriguojantis susitikimas tarp Ryt\u0173 ir Vakar\u0173\u201c (pagelt\u0119 lapai) - Skaitytaknyga","description":"\u0160i knyga buvo sumanyta kaip pokalbis Ryt\u0173 ir Vakar\u0173 pasauli\u0173 sankirtoje. J\u0105 sudaro psichologo ir budist\u0173 dvasinio vadovo pa\u0161nekesiai apie kiekvieno \u017emogaus vidin\u0119 siekiamyb\u0119 patirti laim\u0119, b\u016bti laimingam. Autoriai bando perteikti nuosekl\u0173 po\u017ei\u016br\u012f, kaip pasiekti daugiau laim\u0117s ir \u012fveikti nei\u0161vengiamas gyvenimo prie\u0161taras, nusivylim\u0105 bei stres\u0105. \u0160is po\u017ei\u016bris apima tiek Vakar\u0173 moksl\u0105 ir psichologij\u0105, tiek budizmo principus ir praktik\u0105. Autoriai yra tvirtai \u012fsitikin\u0119, jog kiekvienas \u017emogus paj\u0117gus pasiekti vidin\u0119 darn\u0105 ir dr\u0105siai pasitikti bet kok\u012f neramaus laikme\u010dio i\u0161\u0161\u016bk\u012f.","robots":{"index":"index","follow":"follow","max-snippet":"max-snippet:-1","max-image-preview":"max-image-preview:large","max-video-preview":"max-video-preview:-1"},"canonical":"https:\/\/skaitytaknyga.lt\/en\/produktas\/dalai-lama-howard-c-cutler-menas-buti-laimingam-intriguojantis-susitikimas-tarp-rytu-ir-vakaru-pagelte-lapai\/","og_locale":"en_GB","og_type":"article","og_title":"Dalai Lama, Howard C. Cutler \u201eMenas b\u016bti laimingam. Intriguojantis susitikimas tarp Ryt\u0173 ir Vakar\u0173\u201c (pagelt\u0119 lapai) - Skaitytaknyga","og_description":"\u0160i knyga buvo sumanyta kaip pokalbis Ryt\u0173 ir Vakar\u0173 pasauli\u0173 sankirtoje. J\u0105 sudaro psichologo ir budist\u0173 dvasinio vadovo pa\u0161nekesiai apie kiekvieno \u017emogaus vidin\u0119 siekiamyb\u0119 patirti laim\u0119, b\u016bti laimingam. Autoriai bando perteikti nuosekl\u0173 po\u017ei\u016br\u012f, kaip pasiekti daugiau laim\u0117s ir \u012fveikti nei\u0161vengiamas gyvenimo prie\u0161taras, nusivylim\u0105 bei stres\u0105. \u0160is po\u017ei\u016bris apima tiek Vakar\u0173 moksl\u0105 ir psichologij\u0105, tiek budizmo principus ir praktik\u0105. Autoriai yra tvirtai \u012fsitikin\u0119, jog kiekvienas \u017emogus paj\u0117gus pasiekti vidin\u0119 darn\u0105 ir dr\u0105siai pasitikti bet kok\u012f neramaus laikme\u010dio i\u0161\u0161\u016bk\u012f.","og_url":"https:\/\/skaitytaknyga.lt\/en\/produktas\/dalai-lama-howard-c-cutler-menas-buti-laimingam-intriguojantis-susitikimas-tarp-rytu-ir-vakaru-pagelte-lapai\/","og_site_name":"Skaitytaknyga","article_publisher":"https:\/\/www.facebook.com\/skaitytaknyga\/","article_modified_time":"2024-05-04T18:17:26+00:00","og_image":[{"width":405,"height":614,"url":"https:\/\/skaitytaknyga.lt\/wp-content\/uploads\/2024\/05\/1462873365_menas-buti-laimingam.webp","type":"image\/webp"}],"twitter_card":"summary_large_image","schema":{"@context":"https:\/\/schema.org","@graph":[{"@type":"WebPage","@id":"https:\/\/skaitytaknyga.lt\/produktas\/dalai-lama-howard-c-cutler-menas-buti-laimingam-intriguojantis-susitikimas-tarp-rytu-ir-vakaru-pagelte-lapai\/","url":"https:\/\/skaitytaknyga.lt\/produktas\/dalai-lama-howard-c-cutler-menas-buti-laimingam-intriguojantis-susitikimas-tarp-rytu-ir-vakaru-pagelte-lapai\/","name":"Dalai Lama, Howard C. Cutler \u201eMenas b\u016bti laimingam. Intriguojantis susitikimas tarp Ryt\u0173 ir Vakar\u0173\u201c (pagelt\u0119 lapai) - Skaitytaknyga","isPartOf":{"@id":"https:\/\/skaitytaknyga.lt\/#website"},"primaryImageOfPage":{"@id":"https:\/\/skaitytaknyga.lt\/produktas\/dalai-lama-howard-c-cutler-menas-buti-laimingam-intriguojantis-susitikimas-tarp-rytu-ir-vakaru-pagelte-lapai\/#primaryimage"},"image":{"@id":"https:\/\/skaitytaknyga.lt\/produktas\/dalai-lama-howard-c-cutler-menas-buti-laimingam-intriguojantis-susitikimas-tarp-rytu-ir-vakaru-pagelte-lapai\/#primaryimage"},"thumbnailUrl":"https:\/\/skaitytaknyga.lt\/wp-content\/uploads\/2024\/05\/1462873365_menas-buti-laimingam.webp","datePublished":"2024-05-04T18:15:58+00:00","dateModified":"2024-05-04T18:17:26+00:00","description":"\u0160i knyga buvo sumanyta kaip pokalbis Ryt\u0173 ir Vakar\u0173 pasauli\u0173 sankirtoje. J\u0105 sudaro psichologo ir budist\u0173 dvasinio vadovo pa\u0161nekesiai apie kiekvieno \u017emogaus vidin\u0119 siekiamyb\u0119 patirti laim\u0119, b\u016bti laimingam. Autoriai bando perteikti nuosekl\u0173 po\u017ei\u016br\u012f, kaip pasiekti daugiau laim\u0117s ir \u012fveikti nei\u0161vengiamas gyvenimo prie\u0161taras, nusivylim\u0105 bei stres\u0105. \u0160is po\u017ei\u016bris apima tiek Vakar\u0173 moksl\u0105 ir psichologij\u0105, tiek budizmo principus ir praktik\u0105. Autoriai yra tvirtai \u012fsitikin\u0119, jog kiekvienas \u017emogus paj\u0117gus pasiekti vidin\u0119 darn\u0105 ir dr\u0105siai pasitikti bet kok\u012f neramaus laikme\u010dio i\u0161\u0161\u016bk\u012f.","breadcrumb":{"@id":"https:\/\/skaitytaknyga.lt\/produktas\/dalai-lama-howard-c-cutler-menas-buti-laimingam-intriguojantis-susitikimas-tarp-rytu-ir-vakaru-pagelte-lapai\/#breadcrumb"},"inLanguage":"en-GB","potentialAction":[{"@type":"ReadAction","target":["https:\/\/skaitytaknyga.lt\/produktas\/dalai-lama-howard-c-cutler-menas-buti-laimingam-intriguojantis-susitikimas-tarp-rytu-ir-vakaru-pagelte-lapai\/"]}]},{"@type":"ImageObject","inLanguage":"en-GB","@id":"https:\/\/skaitytaknyga.lt\/produktas\/dalai-lama-howard-c-cutler-menas-buti-laimingam-intriguojantis-susitikimas-tarp-rytu-ir-vakaru-pagelte-lapai\/#primaryimage","url":"https:\/\/skaitytaknyga.lt\/wp-content\/uploads\/2024\/05\/1462873365_menas-buti-laimingam.webp","contentUrl":"https:\/\/skaitytaknyga.lt\/wp-content\/uploads\/2024\/05\/1462873365_menas-buti-laimingam.webp","width":405,"height":614},{"@type":"BreadcrumbList","@id":"https:\/\/skaitytaknyga.lt\/produktas\/dalai-lama-howard-c-cutler-menas-buti-laimingam-intriguojantis-susitikimas-tarp-rytu-ir-vakaru-pagelte-lapai\/#breadcrumb","itemListElement":[{"@type":"ListItem","position":1,"name":"Home","item":"https:\/\/skaitytaknyga.lt\/"},{"@type":"ListItem","position":2,"name":"Parduotuv\u0117","item":"https:\/\/skaitytaknyga.lt\/knygu-parduotuve\/"},{"@type":"ListItem","position":3,"name":"Dalai Lama, Howard C. Cutler \u201eMenas b\u016bti laimingam. Intriguojantis susitikimas tarp Ryt\u0173 ir Vakar\u0173\u201c (pagelt\u0119 lapai)"}]},{"@type":"WebSite","@id":"https:\/\/skaitytaknyga.lt\/#website","url":"https:\/\/skaitytaknyga.lt\/","name":"skaitytaknyga.lt","description":"Skaitytaknyga.lt \u2013 tai ma\u017eas \u0161eimos verslas, kuris prasid\u0117jo nuo meil\u0117s knygoms ir siekio i\u0161gelb\u0117ti knygas nuo likimo prie konteinerio. Kas vienam nereikalingas daiktas \u2013 kitam lobis, o mes esame tarpininkai, kurie padeda abiems tapti laimingesniems ???? \u017dinome kaip nelengva i\u0161gyventi ma\u017eiems verslams, tad nuo \u0161iol, \u010dia rasite ir kit\u0173, ma\u017e\u0173 \u0161eim\u0173 versl\u0173, rank\u0173 darbo, dovan\u0173 sau ir artimiesiems.","publisher":{"@id":"https:\/\/skaitytaknyga.lt\/#organization"},"potentialAction":[{"@type":"SearchAction","target":{"@type":"EntryPoint","urlTemplate":"https:\/\/skaitytaknyga.lt\/?s={search_term_string}"},"query-input":{"@type":"PropertyValueSpecification","valueRequired":true,"valueName":"search_term_string"}}],"inLanguage":"en-GB"},{"@type":"Organization","@id":"https:\/\/skaitytaknyga.lt\/#organization","name":"skaitytaknyga.lt","url":"https:\/\/skaitytaknyga.lt\/","logo":{"@type":"ImageObject","inLanguage":"en-GB","@id":"https:\/\/skaitytaknyga.lt\/#\/schema\/logo\/image\/","url":"https:\/\/skaitytaknyga.lt\/wp-content\/uploads\/2024\/05\/cropped-cropped-cropped-02_00843_jt3bggkj1j3HLc7SyY6rEUpg.jpeg","contentUrl":"https:\/\/skaitytaknyga.lt\/wp-content\/uploads\/2024\/05\/cropped-cropped-cropped-02_00843_jt3bggkj1j3HLc7SyY6rEUpg.jpeg","width":1600,"height":1600,"caption":"skaitytaknyga.lt"},"image":{"@id":"https:\/\/skaitytaknyga.lt\/#\/schema\/logo\/image\/"},"sameAs":["https:\/\/www.facebook.com\/skaitytaknyga\/"]}]}},"_links":{"self":[{"href":"https:\/\/skaitytaknyga.lt\/en\/wp-json\/wp\/v2\/product\/10429","targetHints":{"allow":["GET"]}}],"collection":[{"href":"https:\/\/skaitytaknyga.lt\/en\/wp-json\/wp\/v2\/product"}],"about":[{"href":"https:\/\/skaitytaknyga.lt\/en\/wp-json\/wp\/v2\/types\/product"}],"replies":[{"embeddable":true,"href":"https:\/\/skaitytaknyga.lt\/en\/wp-json\/wp\/v2\/comments?post=10429"}],"wp:featuredmedia":[{"embeddable":true,"href":"https:\/\/skaitytaknyga.lt\/en\/wp-json\/wp\/v2\/media\/10476"}],"wp:attachment":[{"href":"https:\/\/skaitytaknyga.lt\/en\/wp-json\/wp\/v2\/media?parent=10429"}],"wp:term":[{"taxonomy":"product_brand","embeddable":true,"href":"https:\/\/skaitytaknyga.lt\/en\/wp-json\/wp\/v2\/product_brand?post=10429"},{"taxonomy":"product_cat","embeddable":true,"href":"https:\/\/skaitytaknyga.lt\/en\/wp-json\/wp\/v2\/product_cat?post=10429"},{"taxonomy":"product_tag","embeddable":true,"href":"https:\/\/skaitytaknyga.lt\/en\/wp-json\/wp\/v2\/product_tag?post=10429"}],"curies":[{"name":"wp","href":"https:\/\/api.w.org\/{rel}","templated":true}]}}