{"id":10428,"date":"2024-05-04T18:15:58","date_gmt":"2024-05-04T18:15:58","guid":{"rendered":"https:\/\/skaitytaknyga.lt\/?post_type=product&#038;p=10428"},"modified":"2024-05-04T18:17:22","modified_gmt":"2024-05-04T18:17:22","slug":"hermann-broch-pakerejimas","status":"publish","type":"product","link":"https:\/\/skaitytaknyga.lt\/en\/produktas\/hermann-broch-pakerejimas\/","title":{"rendered":"Hermann Broch \u201ePaker\u0117jimas\u201c"},"content":{"rendered":"<p>Tai intriguojantis ir ver\u010diantis susim\u0105styti romanas apie vieno \u017emogaus manipuliavim\u0105 kitais, masin\u0119 psichoz\u0119 ir keist\u0105 siel\u0173 u\u017eker\u0117jim\u0105. Tai pasakojimas apie paslaptingus \u012fvykius viename Alpi\u0173 kaime. \u012e \u0161i\u0105 paprast\u0105 gyvenviet\u0119 atklysta svetimas \u017emogus; jam niekas nejau\u010dia simpatij\u0173, prie\u0161ingai, jis atrodo atstumiantis ir juokingas, juolab kad greitai pasirodo, jog tai manijos aps\u0117stas tipas, kuris nykiai per\u0161a savo mistines mintis.<\/p>\n","protected":false},"excerpt":{"rendered":"<p>Tai intriguojantis ir ver\u010diantis susim\u0105styti romanas apie vieno \u017emogaus manipuliavim\u0105 kitais, masin\u0119 psichoz\u0119 ir keist\u0105 siel\u0173 u\u017eker\u0117jim\u0105. Tai pasakojimas apie paslaptingus \u012fvykius viename Alpi\u0173 kaime. \u012e \u0161i\u0105 paprast\u0105 gyvenviet\u0119 atklysta svetimas \u017emogus; jam niekas nejau\u010dia simpatij\u0173, prie\u0161ingai, jis atrodo atstumiantis ir juokingas, juolab kad greitai pasirodo, jog tai manijos aps\u0117stas tipas, kuris nykiai per\u0161a savo mistines mintis.<\/p>\n","protected":false},"featured_media":10475,"comment_status":"closed","ping_status":"closed","template":"","meta":{"_acf_changed":false,"site-sidebar-layout":"default","site-content-layout":"","ast-site-content-layout":"default","site-content-style":"default","site-sidebar-style":"default","ast-global-header-display":"","ast-banner-title-visibility":"","ast-main-header-display":"","ast-hfb-above-header-display":"","ast-hfb-below-header-display":"","ast-hfb-mobile-header-display":"","site-post-title":"","ast-breadcrumbs-content":"","ast-featured-img":"","footer-sml-layout":"","ast-disable-related-posts":"","theme-transparent-header-meta":"","adv-header-id-meta":"","stick-header-meta":"","header-above-stick-meta":"","header-main-stick-meta":"","header-below-stick-meta":"","astra-migrate-meta-layouts":"default","ast-page-background-enabled":"default","ast-page-background-meta":{"desktop":{"background-color":"","background-image":"","background-repeat":"repeat","background-position":"center center","background-size":"auto","background-attachment":"scroll","background-type":"","background-media":"","overlay-type":"","overlay-color":"","overlay-opacity":"","overlay-gradient":""},"tablet":{"background-color":"","background-image":"","background-repeat":"repeat","background-position":"center center","background-size":"auto","background-attachment":"scroll","background-type":"","background-media":"","overlay-type":"","overlay-color":"","overlay-opacity":"","overlay-gradient":""},"mobile":{"background-color":"","background-image":"","background-repeat":"repeat","background-position":"center center","background-size":"auto","background-attachment":"scroll","background-type":"","background-media":"","overlay-type":"","overlay-color":"","overlay-opacity":"","overlay-gradient":""}},"ast-content-background-meta":{"desktop":{"background-color":"var(--ast-global-color-4)","background-image":"","background-repeat":"repeat","background-position":"center center","background-size":"auto","background-attachment":"scroll","background-type":"","background-media":"","overlay-type":"","overlay-color":"","overlay-opacity":"","overlay-gradient":""},"tablet":{"background-color":"var(--ast-global-color-4)","background-image":"","background-repeat":"repeat","background-position":"center center","background-size":"auto","background-attachment":"scroll","background-type":"","background-media":"","overlay-type":"","overlay-color":"","overlay-opacity":"","overlay-gradient":""},"mobile":{"background-color":"var(--ast-global-color-4)","background-image":"","background-repeat":"repeat","background-position":"center center","background-size":"auto","background-attachment":"scroll","background-type":"","background-media":"","overlay-type":"","overlay-color":"","overlay-opacity":"","overlay-gradient":""}}},"product_brand":[],"product_cat":[31],"product_tag":[],"class_list":{"0":"post-10428","1":"product","2":"type-product","3":"status-publish","4":"has-post-thumbnail","6":"product_cat-grozine-literatura","7":"desktop-align-left","8":"tablet-align-left","9":"mobile-align-left","11":"first","12":"instock","13":"shipping-taxable","14":"purchasable","15":"product-type-simple"},"acf":[],"yoast_head":"<!-- This site is optimized with the Yoast SEO plugin v27.4 - https:\/\/yoast.com\/product\/yoast-seo-wordpress\/ -->\n<title>Hermann Broch \u201ePaker\u0117jimas\u201c - Skaitytaknyga<\/title>\n<meta name=\"description\" content=\"Tai intriguojantis ir ver\u010diantis susim\u0105styti romanas apie vieno \u017emogaus manipuliavim\u0105 kitais, masin\u0119 psichoz\u0119 ir keist\u0105 siel\u0173 u\u017eker\u0117jim\u0105. Tai pasakojimas apie paslaptingus \u012fvykius viename Alpi\u0173 kaime. \u012e \u0161i\u0105 paprast\u0105 gyvenviet\u0119 atklysta svetimas \u017emogus; jam niekas nejau\u010dia simpatij\u0173, prie\u0161ingai, jis atrodo atstumiantis ir juokingas, juolab kad greitai pasirodo, jog tai manijos aps\u0117stas tipas, kuris nykiai per\u0161a savo mistines mintis.\" \/>\n<meta name=\"robots\" content=\"index, follow, max-snippet:-1, max-image-preview:large, max-video-preview:-1\" \/>\n<link rel=\"canonical\" href=\"https:\/\/skaitytaknyga.lt\/en\/produktas\/hermann-broch-pakerejimas\/\" \/>\n<meta property=\"og:locale\" content=\"en_GB\" \/>\n<meta property=\"og:locale:alternate\" content=\"lt_LT\" \/>\n<meta property=\"og:type\" content=\"article\" \/>\n<meta property=\"og:title\" content=\"Hermann Broch \u201ePaker\u0117jimas\u201c - Skaitytaknyga\" \/>\n<meta property=\"og:description\" content=\"Tai intriguojantis ir ver\u010diantis susim\u0105styti romanas apie vieno \u017emogaus manipuliavim\u0105 kitais, masin\u0119 psichoz\u0119 ir keist\u0105 siel\u0173 u\u017eker\u0117jim\u0105. Tai pasakojimas apie paslaptingus \u012fvykius viename Alpi\u0173 kaime. \u012e \u0161i\u0105 paprast\u0105 gyvenviet\u0119 atklysta svetimas \u017emogus; jam niekas nejau\u010dia simpatij\u0173, prie\u0161ingai, jis atrodo atstumiantis ir juokingas, juolab kad greitai pasirodo, jog tai manijos aps\u0117stas tipas, kuris nykiai per\u0161a savo mistines mintis.\" \/>\n<meta property=\"og:url\" content=\"https:\/\/skaitytaknyga.lt\/en\/produktas\/hermann-broch-pakerejimas\/\" \/>\n<meta property=\"og:site_name\" content=\"Skaitytaknyga\" \/>\n<meta property=\"article:publisher\" content=\"https:\/\/www.facebook.com\/skaitytaknyga\/\" \/>\n<meta property=\"article:modified_time\" content=\"2024-05-04T18:17:22+00:00\" \/>\n<meta property=\"og:image\" content=\"https:\/\/skaitytaknyga.lt\/wp-content\/uploads\/2024\/05\/154524-pakerejimas.png\" \/>\n\t<meta property=\"og:image:width\" content=\"828\" \/>\n\t<meta property=\"og:image:height\" content=\"1256\" \/>\n\t<meta property=\"og:image:type\" content=\"image\/png\" \/>\n<meta name=\"twitter:card\" content=\"summary_large_image\" \/>\n<script type=\"application\/ld+json\" class=\"yoast-schema-graph\">{\"@context\":\"https:\\\/\\\/schema.org\",\"@graph\":[{\"@type\":\"WebPage\",\"@id\":\"https:\\\/\\\/skaitytaknyga.lt\\\/produktas\\\/hermann-broch-pakerejimas\\\/\",\"url\":\"https:\\\/\\\/skaitytaknyga.lt\\\/produktas\\\/hermann-broch-pakerejimas\\\/\",\"name\":\"Hermann Broch \u201ePaker\u0117jimas\u201c - Skaitytaknyga\",\"isPartOf\":{\"@id\":\"https:\\\/\\\/skaitytaknyga.lt\\\/#website\"},\"primaryImageOfPage\":{\"@id\":\"https:\\\/\\\/skaitytaknyga.lt\\\/produktas\\\/hermann-broch-pakerejimas\\\/#primaryimage\"},\"image\":{\"@id\":\"https:\\\/\\\/skaitytaknyga.lt\\\/produktas\\\/hermann-broch-pakerejimas\\\/#primaryimage\"},\"thumbnailUrl\":\"https:\\\/\\\/skaitytaknyga.lt\\\/wp-content\\\/uploads\\\/2024\\\/05\\\/154524-pakerejimas.png\",\"datePublished\":\"2024-05-04T18:15:58+00:00\",\"dateModified\":\"2024-05-04T18:17:22+00:00\",\"description\":\"Tai intriguojantis ir ver\u010diantis susim\u0105styti romanas apie vieno \u017emogaus manipuliavim\u0105 kitais, masin\u0119 psichoz\u0119 ir keist\u0105 siel\u0173 u\u017eker\u0117jim\u0105. Tai pasakojimas apie paslaptingus \u012fvykius viename Alpi\u0173 kaime. \u012e \u0161i\u0105 paprast\u0105 gyvenviet\u0119 atklysta svetimas \u017emogus; jam niekas nejau\u010dia simpatij\u0173, prie\u0161ingai, jis atrodo atstumiantis ir juokingas, juolab kad greitai pasirodo, jog tai manijos aps\u0117stas tipas, kuris nykiai per\u0161a savo mistines mintis.\",\"breadcrumb\":{\"@id\":\"https:\\\/\\\/skaitytaknyga.lt\\\/produktas\\\/hermann-broch-pakerejimas\\\/#breadcrumb\"},\"inLanguage\":\"en-GB\",\"potentialAction\":[{\"@type\":\"ReadAction\",\"target\":[\"https:\\\/\\\/skaitytaknyga.lt\\\/produktas\\\/hermann-broch-pakerejimas\\\/\"]}]},{\"@type\":\"ImageObject\",\"inLanguage\":\"en-GB\",\"@id\":\"https:\\\/\\\/skaitytaknyga.lt\\\/produktas\\\/hermann-broch-pakerejimas\\\/#primaryimage\",\"url\":\"https:\\\/\\\/skaitytaknyga.lt\\\/wp-content\\\/uploads\\\/2024\\\/05\\\/154524-pakerejimas.png\",\"contentUrl\":\"https:\\\/\\\/skaitytaknyga.lt\\\/wp-content\\\/uploads\\\/2024\\\/05\\\/154524-pakerejimas.png\",\"width\":828,\"height\":1256},{\"@type\":\"BreadcrumbList\",\"@id\":\"https:\\\/\\\/skaitytaknyga.lt\\\/produktas\\\/hermann-broch-pakerejimas\\\/#breadcrumb\",\"itemListElement\":[{\"@type\":\"ListItem\",\"position\":1,\"name\":\"Home\",\"item\":\"https:\\\/\\\/skaitytaknyga.lt\\\/\"},{\"@type\":\"ListItem\",\"position\":2,\"name\":\"Parduotuv\u0117\",\"item\":\"https:\\\/\\\/skaitytaknyga.lt\\\/knygu-parduotuve\\\/\"},{\"@type\":\"ListItem\",\"position\":3,\"name\":\"Hermann Broch \u201ePaker\u0117jimas\u201c\"}]},{\"@type\":\"WebSite\",\"@id\":\"https:\\\/\\\/skaitytaknyga.lt\\\/#website\",\"url\":\"https:\\\/\\\/skaitytaknyga.lt\\\/\",\"name\":\"skaitytaknyga.lt\",\"description\":\"Skaitytaknyga.lt \u2013 tai ma\u017eas \u0161eimos verslas, kuris prasid\u0117jo nuo meil\u0117s knygoms ir siekio i\u0161gelb\u0117ti knygas nuo likimo prie konteinerio. Kas vienam nereikalingas daiktas \u2013 kitam lobis, o mes esame tarpininkai, kurie padeda abiems tapti laimingesniems ???? \u017dinome kaip nelengva i\u0161gyventi ma\u017eiems verslams, tad nuo \u0161iol, \u010dia rasite ir kit\u0173, ma\u017e\u0173 \u0161eim\u0173 versl\u0173, rank\u0173 darbo, dovan\u0173 sau ir artimiesiems.\",\"publisher\":{\"@id\":\"https:\\\/\\\/skaitytaknyga.lt\\\/#organization\"},\"potentialAction\":[{\"@type\":\"SearchAction\",\"target\":{\"@type\":\"EntryPoint\",\"urlTemplate\":\"https:\\\/\\\/skaitytaknyga.lt\\\/?s={search_term_string}\"},\"query-input\":{\"@type\":\"PropertyValueSpecification\",\"valueRequired\":true,\"valueName\":\"search_term_string\"}}],\"inLanguage\":\"en-GB\"},{\"@type\":\"Organization\",\"@id\":\"https:\\\/\\\/skaitytaknyga.lt\\\/#organization\",\"name\":\"skaitytaknyga.lt\",\"url\":\"https:\\\/\\\/skaitytaknyga.lt\\\/\",\"logo\":{\"@type\":\"ImageObject\",\"inLanguage\":\"en-GB\",\"@id\":\"https:\\\/\\\/skaitytaknyga.lt\\\/#\\\/schema\\\/logo\\\/image\\\/\",\"url\":\"https:\\\/\\\/skaitytaknyga.lt\\\/wp-content\\\/uploads\\\/2024\\\/05\\\/cropped-cropped-cropped-02_00843_jt3bggkj1j3HLc7SyY6rEUpg.jpeg\",\"contentUrl\":\"https:\\\/\\\/skaitytaknyga.lt\\\/wp-content\\\/uploads\\\/2024\\\/05\\\/cropped-cropped-cropped-02_00843_jt3bggkj1j3HLc7SyY6rEUpg.jpeg\",\"width\":1600,\"height\":1600,\"caption\":\"skaitytaknyga.lt\"},\"image\":{\"@id\":\"https:\\\/\\\/skaitytaknyga.lt\\\/#\\\/schema\\\/logo\\\/image\\\/\"},\"sameAs\":[\"https:\\\/\\\/www.facebook.com\\\/skaitytaknyga\\\/\"]}]}<\/script>\n<!-- \/ Yoast SEO plugin. -->","yoast_head_json":{"title":"Hermann Broch \u201ePaker\u0117jimas\u201c - Skaitytaknyga","description":"Tai intriguojantis ir ver\u010diantis susim\u0105styti romanas apie vieno \u017emogaus manipuliavim\u0105 kitais, masin\u0119 psichoz\u0119 ir keist\u0105 siel\u0173 u\u017eker\u0117jim\u0105. Tai pasakojimas apie paslaptingus \u012fvykius viename Alpi\u0173 kaime. \u012e \u0161i\u0105 paprast\u0105 gyvenviet\u0119 atklysta svetimas \u017emogus; jam niekas nejau\u010dia simpatij\u0173, prie\u0161ingai, jis atrodo atstumiantis ir juokingas, juolab kad greitai pasirodo, jog tai manijos aps\u0117stas tipas, kuris nykiai per\u0161a savo mistines mintis.","robots":{"index":"index","follow":"follow","max-snippet":"max-snippet:-1","max-image-preview":"max-image-preview:large","max-video-preview":"max-video-preview:-1"},"canonical":"https:\/\/skaitytaknyga.lt\/en\/produktas\/hermann-broch-pakerejimas\/","og_locale":"en_GB","og_type":"article","og_title":"Hermann Broch \u201ePaker\u0117jimas\u201c - Skaitytaknyga","og_description":"Tai intriguojantis ir ver\u010diantis susim\u0105styti romanas apie vieno \u017emogaus manipuliavim\u0105 kitais, masin\u0119 psichoz\u0119 ir keist\u0105 siel\u0173 u\u017eker\u0117jim\u0105. Tai pasakojimas apie paslaptingus \u012fvykius viename Alpi\u0173 kaime. \u012e \u0161i\u0105 paprast\u0105 gyvenviet\u0119 atklysta svetimas \u017emogus; jam niekas nejau\u010dia simpatij\u0173, prie\u0161ingai, jis atrodo atstumiantis ir juokingas, juolab kad greitai pasirodo, jog tai manijos aps\u0117stas tipas, kuris nykiai per\u0161a savo mistines mintis.","og_url":"https:\/\/skaitytaknyga.lt\/en\/produktas\/hermann-broch-pakerejimas\/","og_site_name":"Skaitytaknyga","article_publisher":"https:\/\/www.facebook.com\/skaitytaknyga\/","article_modified_time":"2024-05-04T18:17:22+00:00","og_image":[{"width":828,"height":1256,"url":"https:\/\/skaitytaknyga.lt\/wp-content\/uploads\/2024\/05\/154524-pakerejimas.png","type":"image\/png"}],"twitter_card":"summary_large_image","schema":{"@context":"https:\/\/schema.org","@graph":[{"@type":"WebPage","@id":"https:\/\/skaitytaknyga.lt\/produktas\/hermann-broch-pakerejimas\/","url":"https:\/\/skaitytaknyga.lt\/produktas\/hermann-broch-pakerejimas\/","name":"Hermann Broch \u201ePaker\u0117jimas\u201c - Skaitytaknyga","isPartOf":{"@id":"https:\/\/skaitytaknyga.lt\/#website"},"primaryImageOfPage":{"@id":"https:\/\/skaitytaknyga.lt\/produktas\/hermann-broch-pakerejimas\/#primaryimage"},"image":{"@id":"https:\/\/skaitytaknyga.lt\/produktas\/hermann-broch-pakerejimas\/#primaryimage"},"thumbnailUrl":"https:\/\/skaitytaknyga.lt\/wp-content\/uploads\/2024\/05\/154524-pakerejimas.png","datePublished":"2024-05-04T18:15:58+00:00","dateModified":"2024-05-04T18:17:22+00:00","description":"Tai intriguojantis ir ver\u010diantis susim\u0105styti romanas apie vieno \u017emogaus manipuliavim\u0105 kitais, masin\u0119 psichoz\u0119 ir keist\u0105 siel\u0173 u\u017eker\u0117jim\u0105. Tai pasakojimas apie paslaptingus \u012fvykius viename Alpi\u0173 kaime. \u012e \u0161i\u0105 paprast\u0105 gyvenviet\u0119 atklysta svetimas \u017emogus; jam niekas nejau\u010dia simpatij\u0173, prie\u0161ingai, jis atrodo atstumiantis ir juokingas, juolab kad greitai pasirodo, jog tai manijos aps\u0117stas tipas, kuris nykiai per\u0161a savo mistines mintis.","breadcrumb":{"@id":"https:\/\/skaitytaknyga.lt\/produktas\/hermann-broch-pakerejimas\/#breadcrumb"},"inLanguage":"en-GB","potentialAction":[{"@type":"ReadAction","target":["https:\/\/skaitytaknyga.lt\/produktas\/hermann-broch-pakerejimas\/"]}]},{"@type":"ImageObject","inLanguage":"en-GB","@id":"https:\/\/skaitytaknyga.lt\/produktas\/hermann-broch-pakerejimas\/#primaryimage","url":"https:\/\/skaitytaknyga.lt\/wp-content\/uploads\/2024\/05\/154524-pakerejimas.png","contentUrl":"https:\/\/skaitytaknyga.lt\/wp-content\/uploads\/2024\/05\/154524-pakerejimas.png","width":828,"height":1256},{"@type":"BreadcrumbList","@id":"https:\/\/skaitytaknyga.lt\/produktas\/hermann-broch-pakerejimas\/#breadcrumb","itemListElement":[{"@type":"ListItem","position":1,"name":"Home","item":"https:\/\/skaitytaknyga.lt\/"},{"@type":"ListItem","position":2,"name":"Parduotuv\u0117","item":"https:\/\/skaitytaknyga.lt\/knygu-parduotuve\/"},{"@type":"ListItem","position":3,"name":"Hermann Broch \u201ePaker\u0117jimas\u201c"}]},{"@type":"WebSite","@id":"https:\/\/skaitytaknyga.lt\/#website","url":"https:\/\/skaitytaknyga.lt\/","name":"skaitytaknyga.lt","description":"Skaitytaknyga.lt \u2013 tai ma\u017eas \u0161eimos verslas, kuris prasid\u0117jo nuo meil\u0117s knygoms ir siekio i\u0161gelb\u0117ti knygas nuo likimo prie konteinerio. Kas vienam nereikalingas daiktas \u2013 kitam lobis, o mes esame tarpininkai, kurie padeda abiems tapti laimingesniems ???? \u017dinome kaip nelengva i\u0161gyventi ma\u017eiems verslams, tad nuo \u0161iol, \u010dia rasite ir kit\u0173, ma\u017e\u0173 \u0161eim\u0173 versl\u0173, rank\u0173 darbo, dovan\u0173 sau ir artimiesiems.","publisher":{"@id":"https:\/\/skaitytaknyga.lt\/#organization"},"potentialAction":[{"@type":"SearchAction","target":{"@type":"EntryPoint","urlTemplate":"https:\/\/skaitytaknyga.lt\/?s={search_term_string}"},"query-input":{"@type":"PropertyValueSpecification","valueRequired":true,"valueName":"search_term_string"}}],"inLanguage":"en-GB"},{"@type":"Organization","@id":"https:\/\/skaitytaknyga.lt\/#organization","name":"skaitytaknyga.lt","url":"https:\/\/skaitytaknyga.lt\/","logo":{"@type":"ImageObject","inLanguage":"en-GB","@id":"https:\/\/skaitytaknyga.lt\/#\/schema\/logo\/image\/","url":"https:\/\/skaitytaknyga.lt\/wp-content\/uploads\/2024\/05\/cropped-cropped-cropped-02_00843_jt3bggkj1j3HLc7SyY6rEUpg.jpeg","contentUrl":"https:\/\/skaitytaknyga.lt\/wp-content\/uploads\/2024\/05\/cropped-cropped-cropped-02_00843_jt3bggkj1j3HLc7SyY6rEUpg.jpeg","width":1600,"height":1600,"caption":"skaitytaknyga.lt"},"image":{"@id":"https:\/\/skaitytaknyga.lt\/#\/schema\/logo\/image\/"},"sameAs":["https:\/\/www.facebook.com\/skaitytaknyga\/"]}]}},"_links":{"self":[{"href":"https:\/\/skaitytaknyga.lt\/en\/wp-json\/wp\/v2\/product\/10428","targetHints":{"allow":["GET"]}}],"collection":[{"href":"https:\/\/skaitytaknyga.lt\/en\/wp-json\/wp\/v2\/product"}],"about":[{"href":"https:\/\/skaitytaknyga.lt\/en\/wp-json\/wp\/v2\/types\/product"}],"replies":[{"embeddable":true,"href":"https:\/\/skaitytaknyga.lt\/en\/wp-json\/wp\/v2\/comments?post=10428"}],"wp:featuredmedia":[{"embeddable":true,"href":"https:\/\/skaitytaknyga.lt\/en\/wp-json\/wp\/v2\/media\/10475"}],"wp:attachment":[{"href":"https:\/\/skaitytaknyga.lt\/en\/wp-json\/wp\/v2\/media?parent=10428"}],"wp:term":[{"taxonomy":"product_brand","embeddable":true,"href":"https:\/\/skaitytaknyga.lt\/en\/wp-json\/wp\/v2\/product_brand?post=10428"},{"taxonomy":"product_cat","embeddable":true,"href":"https:\/\/skaitytaknyga.lt\/en\/wp-json\/wp\/v2\/product_cat?post=10428"},{"taxonomy":"product_tag","embeddable":true,"href":"https:\/\/skaitytaknyga.lt\/en\/wp-json\/wp\/v2\/product_tag?post=10428"}],"curies":[{"name":"wp","href":"https:\/\/api.w.org\/{rel}","templated":true}]}}