{"id":10415,"date":"2024-05-04T18:15:36","date_gmt":"2024-05-04T18:15:36","guid":{"rendered":"https:\/\/skaitytaknyga.lt\/?post_type=product&#038;p=10415"},"modified":"2024-05-04T18:16:52","modified_gmt":"2024-05-04T18:16:52","slug":"vytautas-grivickas-baletmeisterio-uzrasai","status":"publish","type":"product","link":"https:\/\/skaitytaknyga.lt\/en\/produktas\/vytautas-grivickas-baletmeisterio-uzrasai\/","title":{"rendered":"Vytautas Grivickas: baletmeisterio u\u017era\u0161ai"},"content":{"rendered":"<p>&#8230;Bl\u0117sta \u017emoni\u0173 prisiminimai apie Vytauto Grivicko sukurtus spektaklius ir j\u012f pat\u012f \u2013 dalijus\u012f sparnus kitiems&#8230; Taigi at\u0117jo metas perversti dylan\u010dius rankra\u0161\u010dius ir i\u0161 Vytauto u\u017era\u0161\u0173, dienora\u0161\u010di\u0173, lai\u0161k\u0173 tarsi vitra\u017e\u0105 sud\u0117lioti jo \u2013 vieno gyvenimo, vienos meil\u0117s ir viso to laikotarpio \u2013 istorij\u0105.<\/p>\n","protected":false},"excerpt":{"rendered":"<p>&#8230;Bl\u0117sta \u017emoni\u0173 prisiminimai apie Vytauto Grivicko sukurtus spektaklius ir j\u012f pat\u012f \u2013 dalijus\u012f sparnus kitiems&#8230; Taigi at\u0117jo metas perversti dylan\u010dius rankra\u0161\u010dius ir i\u0161 Vytauto u\u017era\u0161\u0173, dienora\u0161\u010di\u0173, lai\u0161k\u0173 tarsi vitra\u017e\u0105 sud\u0117lioti jo \u2013 vieno gyvenimo, vienos meil\u0117s ir viso to laikotarpio \u2013 istorij\u0105.<\/p>\n","protected":false},"featured_media":10461,"comment_status":"closed","ping_status":"closed","template":"","meta":{"_acf_changed":false,"site-sidebar-layout":"default","site-content-layout":"","ast-site-content-layout":"default","site-content-style":"default","site-sidebar-style":"default","ast-global-header-display":"","ast-banner-title-visibility":"","ast-main-header-display":"","ast-hfb-above-header-display":"","ast-hfb-below-header-display":"","ast-hfb-mobile-header-display":"","site-post-title":"","ast-breadcrumbs-content":"","ast-featured-img":"","footer-sml-layout":"","ast-disable-related-posts":"","theme-transparent-header-meta":"","adv-header-id-meta":"","stick-header-meta":"","header-above-stick-meta":"","header-main-stick-meta":"","header-below-stick-meta":"","astra-migrate-meta-layouts":"default","ast-page-background-enabled":"default","ast-page-background-meta":{"desktop":{"background-color":"","background-image":"","background-repeat":"repeat","background-position":"center center","background-size":"auto","background-attachment":"scroll","background-type":"","background-media":"","overlay-type":"","overlay-color":"","overlay-opacity":"","overlay-gradient":""},"tablet":{"background-color":"","background-image":"","background-repeat":"repeat","background-position":"center center","background-size":"auto","background-attachment":"scroll","background-type":"","background-media":"","overlay-type":"","overlay-color":"","overlay-opacity":"","overlay-gradient":""},"mobile":{"background-color":"","background-image":"","background-repeat":"repeat","background-position":"center center","background-size":"auto","background-attachment":"scroll","background-type":"","background-media":"","overlay-type":"","overlay-color":"","overlay-opacity":"","overlay-gradient":""}},"ast-content-background-meta":{"desktop":{"background-color":"var(--ast-global-color-4)","background-image":"","background-repeat":"repeat","background-position":"center center","background-size":"auto","background-attachment":"scroll","background-type":"","background-media":"","overlay-type":"","overlay-color":"","overlay-opacity":"","overlay-gradient":""},"tablet":{"background-color":"var(--ast-global-color-4)","background-image":"","background-repeat":"repeat","background-position":"center center","background-size":"auto","background-attachment":"scroll","background-type":"","background-media":"","overlay-type":"","overlay-color":"","overlay-opacity":"","overlay-gradient":""},"mobile":{"background-color":"var(--ast-global-color-4)","background-image":"","background-repeat":"repeat","background-position":"center center","background-size":"auto","background-attachment":"scroll","background-type":"","background-media":"","overlay-type":"","overlay-color":"","overlay-opacity":"","overlay-gradient":""}}},"product_brand":[],"product_cat":[33],"product_tag":[],"class_list":{"0":"post-10415","1":"product","2":"type-product","3":"status-publish","4":"has-post-thumbnail","6":"product_cat-biografijos","7":"desktop-align-left","8":"tablet-align-left","9":"mobile-align-left","11":"first","12":"instock","13":"shipping-taxable","14":"purchasable","15":"product-type-simple"},"acf":[],"yoast_head":"<!-- This site is optimized with the Yoast SEO plugin v27.4 - https:\/\/yoast.com\/product\/yoast-seo-wordpress\/ -->\n<title>Vytautas Grivickas: baletmeisterio u\u017era\u0161ai - Skaitytaknyga<\/title>\n<meta name=\"description\" content=\"...Bl\u0117sta \u017emoni\u0173 prisiminimai apie Vytauto Grivicko sukurtus spektaklius ir j\u012f pat\u012f \u2013 dalijus\u012f sparnus kitiems... Taigi at\u0117jo metas perversti dylan\u010dius rankra\u0161\u010dius ir i\u0161 Vytauto u\u017era\u0161\u0173, dienora\u0161\u010di\u0173, lai\u0161k\u0173 tarsi vitra\u017e\u0105 sud\u0117lioti jo \u2013 vieno gyvenimo, vienos meil\u0117s ir viso to laikotarpio \u2013 istorij\u0105.\" \/>\n<meta name=\"robots\" content=\"index, follow, max-snippet:-1, max-image-preview:large, max-video-preview:-1\" \/>\n<link rel=\"canonical\" href=\"https:\/\/skaitytaknyga.lt\/en\/produktas\/vytautas-grivickas-baletmeisterio-uzrasai\/\" \/>\n<meta property=\"og:locale\" content=\"en_GB\" \/>\n<meta property=\"og:locale:alternate\" content=\"lt_LT\" \/>\n<meta property=\"og:type\" content=\"article\" \/>\n<meta property=\"og:title\" content=\"Vytautas Grivickas: baletmeisterio u\u017era\u0161ai - Skaitytaknyga\" \/>\n<meta property=\"og:description\" content=\"...Bl\u0117sta \u017emoni\u0173 prisiminimai apie Vytauto Grivicko sukurtus spektaklius ir j\u012f pat\u012f \u2013 dalijus\u012f sparnus kitiems... Taigi at\u0117jo metas perversti dylan\u010dius rankra\u0161\u010dius ir i\u0161 Vytauto u\u017era\u0161\u0173, dienora\u0161\u010di\u0173, lai\u0161k\u0173 tarsi vitra\u017e\u0105 sud\u0117lioti jo \u2013 vieno gyvenimo, vienos meil\u0117s ir viso to laikotarpio \u2013 istorij\u0105.\" \/>\n<meta property=\"og:url\" content=\"https:\/\/skaitytaknyga.lt\/en\/produktas\/vytautas-grivickas-baletmeisterio-uzrasai\/\" \/>\n<meta property=\"og:site_name\" content=\"Skaitytaknyga\" \/>\n<meta property=\"article:publisher\" content=\"https:\/\/www.facebook.com\/skaitytaknyga\/\" \/>\n<meta property=\"article:modified_time\" content=\"2024-05-04T18:16:52+00:00\" \/>\n<meta property=\"og:image\" content=\"https:\/\/skaitytaknyga.lt\/wp-content\/uploads\/2024\/05\/vytautas-grivickas-baletmeisterio-uzrasai-grivickiene-aldona-e1648236471706.jpg\" \/>\n\t<meta property=\"og:image:width\" content=\"180\" \/>\n\t<meta property=\"og:image:height\" content=\"279\" \/>\n\t<meta property=\"og:image:type\" content=\"image\/jpeg\" \/>\n<meta name=\"twitter:card\" content=\"summary_large_image\" \/>\n<script type=\"application\/ld+json\" class=\"yoast-schema-graph\">{\"@context\":\"https:\\\/\\\/schema.org\",\"@graph\":[{\"@type\":\"WebPage\",\"@id\":\"https:\\\/\\\/skaitytaknyga.lt\\\/produktas\\\/vytautas-grivickas-baletmeisterio-uzrasai\\\/\",\"url\":\"https:\\\/\\\/skaitytaknyga.lt\\\/produktas\\\/vytautas-grivickas-baletmeisterio-uzrasai\\\/\",\"name\":\"Vytautas Grivickas: baletmeisterio u\u017era\u0161ai - Skaitytaknyga\",\"isPartOf\":{\"@id\":\"https:\\\/\\\/skaitytaknyga.lt\\\/#website\"},\"primaryImageOfPage\":{\"@id\":\"https:\\\/\\\/skaitytaknyga.lt\\\/produktas\\\/vytautas-grivickas-baletmeisterio-uzrasai\\\/#primaryimage\"},\"image\":{\"@id\":\"https:\\\/\\\/skaitytaknyga.lt\\\/produktas\\\/vytautas-grivickas-baletmeisterio-uzrasai\\\/#primaryimage\"},\"thumbnailUrl\":\"https:\\\/\\\/skaitytaknyga.lt\\\/wp-content\\\/uploads\\\/2024\\\/05\\\/vytautas-grivickas-baletmeisterio-uzrasai-grivickiene-aldona-e1648236471706.jpg\",\"datePublished\":\"2024-05-04T18:15:36+00:00\",\"dateModified\":\"2024-05-04T18:16:52+00:00\",\"description\":\"...Bl\u0117sta \u017emoni\u0173 prisiminimai apie Vytauto Grivicko sukurtus spektaklius ir j\u012f pat\u012f \u2013 dalijus\u012f sparnus kitiems... Taigi at\u0117jo metas perversti dylan\u010dius rankra\u0161\u010dius ir i\u0161 Vytauto u\u017era\u0161\u0173, dienora\u0161\u010di\u0173, lai\u0161k\u0173 tarsi vitra\u017e\u0105 sud\u0117lioti jo \u2013 vieno gyvenimo, vienos meil\u0117s ir viso to laikotarpio \u2013 istorij\u0105.\",\"breadcrumb\":{\"@id\":\"https:\\\/\\\/skaitytaknyga.lt\\\/produktas\\\/vytautas-grivickas-baletmeisterio-uzrasai\\\/#breadcrumb\"},\"inLanguage\":\"en-GB\",\"potentialAction\":[{\"@type\":\"ReadAction\",\"target\":[\"https:\\\/\\\/skaitytaknyga.lt\\\/produktas\\\/vytautas-grivickas-baletmeisterio-uzrasai\\\/\"]}]},{\"@type\":\"ImageObject\",\"inLanguage\":\"en-GB\",\"@id\":\"https:\\\/\\\/skaitytaknyga.lt\\\/produktas\\\/vytautas-grivickas-baletmeisterio-uzrasai\\\/#primaryimage\",\"url\":\"https:\\\/\\\/skaitytaknyga.lt\\\/wp-content\\\/uploads\\\/2024\\\/05\\\/vytautas-grivickas-baletmeisterio-uzrasai-grivickiene-aldona-e1648236471706.jpg\",\"contentUrl\":\"https:\\\/\\\/skaitytaknyga.lt\\\/wp-content\\\/uploads\\\/2024\\\/05\\\/vytautas-grivickas-baletmeisterio-uzrasai-grivickiene-aldona-e1648236471706.jpg\",\"width\":180,\"height\":279},{\"@type\":\"BreadcrumbList\",\"@id\":\"https:\\\/\\\/skaitytaknyga.lt\\\/produktas\\\/vytautas-grivickas-baletmeisterio-uzrasai\\\/#breadcrumb\",\"itemListElement\":[{\"@type\":\"ListItem\",\"position\":1,\"name\":\"Home\",\"item\":\"https:\\\/\\\/skaitytaknyga.lt\\\/\"},{\"@type\":\"ListItem\",\"position\":2,\"name\":\"Parduotuv\u0117\",\"item\":\"https:\\\/\\\/skaitytaknyga.lt\\\/knygu-parduotuve\\\/\"},{\"@type\":\"ListItem\",\"position\":3,\"name\":\"Vytautas Grivickas: baletmeisterio u\u017era\u0161ai\"}]},{\"@type\":\"WebSite\",\"@id\":\"https:\\\/\\\/skaitytaknyga.lt\\\/#website\",\"url\":\"https:\\\/\\\/skaitytaknyga.lt\\\/\",\"name\":\"skaitytaknyga.lt\",\"description\":\"Skaitytaknyga.lt \u2013 tai ma\u017eas \u0161eimos verslas, kuris prasid\u0117jo nuo meil\u0117s knygoms ir siekio i\u0161gelb\u0117ti knygas nuo likimo prie konteinerio. Kas vienam nereikalingas daiktas \u2013 kitam lobis, o mes esame tarpininkai, kurie padeda abiems tapti laimingesniems ???? \u017dinome kaip nelengva i\u0161gyventi ma\u017eiems verslams, tad nuo \u0161iol, \u010dia rasite ir kit\u0173, ma\u017e\u0173 \u0161eim\u0173 versl\u0173, rank\u0173 darbo, dovan\u0173 sau ir artimiesiems.\",\"publisher\":{\"@id\":\"https:\\\/\\\/skaitytaknyga.lt\\\/#organization\"},\"potentialAction\":[{\"@type\":\"SearchAction\",\"target\":{\"@type\":\"EntryPoint\",\"urlTemplate\":\"https:\\\/\\\/skaitytaknyga.lt\\\/?s={search_term_string}\"},\"query-input\":{\"@type\":\"PropertyValueSpecification\",\"valueRequired\":true,\"valueName\":\"search_term_string\"}}],\"inLanguage\":\"en-GB\"},{\"@type\":\"Organization\",\"@id\":\"https:\\\/\\\/skaitytaknyga.lt\\\/#organization\",\"name\":\"skaitytaknyga.lt\",\"url\":\"https:\\\/\\\/skaitytaknyga.lt\\\/\",\"logo\":{\"@type\":\"ImageObject\",\"inLanguage\":\"en-GB\",\"@id\":\"https:\\\/\\\/skaitytaknyga.lt\\\/#\\\/schema\\\/logo\\\/image\\\/\",\"url\":\"https:\\\/\\\/skaitytaknyga.lt\\\/wp-content\\\/uploads\\\/2024\\\/05\\\/cropped-cropped-cropped-02_00843_jt3bggkj1j3HLc7SyY6rEUpg.jpeg\",\"contentUrl\":\"https:\\\/\\\/skaitytaknyga.lt\\\/wp-content\\\/uploads\\\/2024\\\/05\\\/cropped-cropped-cropped-02_00843_jt3bggkj1j3HLc7SyY6rEUpg.jpeg\",\"width\":1600,\"height\":1600,\"caption\":\"skaitytaknyga.lt\"},\"image\":{\"@id\":\"https:\\\/\\\/skaitytaknyga.lt\\\/#\\\/schema\\\/logo\\\/image\\\/\"},\"sameAs\":[\"https:\\\/\\\/www.facebook.com\\\/skaitytaknyga\\\/\"]}]}<\/script>\n<!-- \/ Yoast SEO plugin. -->","yoast_head_json":{"title":"Vytautas Grivickas: baletmeisterio u\u017era\u0161ai - Skaitytaknyga","description":"...Bl\u0117sta \u017emoni\u0173 prisiminimai apie Vytauto Grivicko sukurtus spektaklius ir j\u012f pat\u012f \u2013 dalijus\u012f sparnus kitiems... Taigi at\u0117jo metas perversti dylan\u010dius rankra\u0161\u010dius ir i\u0161 Vytauto u\u017era\u0161\u0173, dienora\u0161\u010di\u0173, lai\u0161k\u0173 tarsi vitra\u017e\u0105 sud\u0117lioti jo \u2013 vieno gyvenimo, vienos meil\u0117s ir viso to laikotarpio \u2013 istorij\u0105.","robots":{"index":"index","follow":"follow","max-snippet":"max-snippet:-1","max-image-preview":"max-image-preview:large","max-video-preview":"max-video-preview:-1"},"canonical":"https:\/\/skaitytaknyga.lt\/en\/produktas\/vytautas-grivickas-baletmeisterio-uzrasai\/","og_locale":"en_GB","og_type":"article","og_title":"Vytautas Grivickas: baletmeisterio u\u017era\u0161ai - Skaitytaknyga","og_description":"...Bl\u0117sta \u017emoni\u0173 prisiminimai apie Vytauto Grivicko sukurtus spektaklius ir j\u012f pat\u012f \u2013 dalijus\u012f sparnus kitiems... Taigi at\u0117jo metas perversti dylan\u010dius rankra\u0161\u010dius ir i\u0161 Vytauto u\u017era\u0161\u0173, dienora\u0161\u010di\u0173, lai\u0161k\u0173 tarsi vitra\u017e\u0105 sud\u0117lioti jo \u2013 vieno gyvenimo, vienos meil\u0117s ir viso to laikotarpio \u2013 istorij\u0105.","og_url":"https:\/\/skaitytaknyga.lt\/en\/produktas\/vytautas-grivickas-baletmeisterio-uzrasai\/","og_site_name":"Skaitytaknyga","article_publisher":"https:\/\/www.facebook.com\/skaitytaknyga\/","article_modified_time":"2024-05-04T18:16:52+00:00","og_image":[{"width":180,"height":279,"url":"https:\/\/skaitytaknyga.lt\/wp-content\/uploads\/2024\/05\/vytautas-grivickas-baletmeisterio-uzrasai-grivickiene-aldona-e1648236471706.jpg","type":"image\/jpeg"}],"twitter_card":"summary_large_image","schema":{"@context":"https:\/\/schema.org","@graph":[{"@type":"WebPage","@id":"https:\/\/skaitytaknyga.lt\/produktas\/vytautas-grivickas-baletmeisterio-uzrasai\/","url":"https:\/\/skaitytaknyga.lt\/produktas\/vytautas-grivickas-baletmeisterio-uzrasai\/","name":"Vytautas Grivickas: baletmeisterio u\u017era\u0161ai - Skaitytaknyga","isPartOf":{"@id":"https:\/\/skaitytaknyga.lt\/#website"},"primaryImageOfPage":{"@id":"https:\/\/skaitytaknyga.lt\/produktas\/vytautas-grivickas-baletmeisterio-uzrasai\/#primaryimage"},"image":{"@id":"https:\/\/skaitytaknyga.lt\/produktas\/vytautas-grivickas-baletmeisterio-uzrasai\/#primaryimage"},"thumbnailUrl":"https:\/\/skaitytaknyga.lt\/wp-content\/uploads\/2024\/05\/vytautas-grivickas-baletmeisterio-uzrasai-grivickiene-aldona-e1648236471706.jpg","datePublished":"2024-05-04T18:15:36+00:00","dateModified":"2024-05-04T18:16:52+00:00","description":"...Bl\u0117sta \u017emoni\u0173 prisiminimai apie Vytauto Grivicko sukurtus spektaklius ir j\u012f pat\u012f \u2013 dalijus\u012f sparnus kitiems... Taigi at\u0117jo metas perversti dylan\u010dius rankra\u0161\u010dius ir i\u0161 Vytauto u\u017era\u0161\u0173, dienora\u0161\u010di\u0173, lai\u0161k\u0173 tarsi vitra\u017e\u0105 sud\u0117lioti jo \u2013 vieno gyvenimo, vienos meil\u0117s ir viso to laikotarpio \u2013 istorij\u0105.","breadcrumb":{"@id":"https:\/\/skaitytaknyga.lt\/produktas\/vytautas-grivickas-baletmeisterio-uzrasai\/#breadcrumb"},"inLanguage":"en-GB","potentialAction":[{"@type":"ReadAction","target":["https:\/\/skaitytaknyga.lt\/produktas\/vytautas-grivickas-baletmeisterio-uzrasai\/"]}]},{"@type":"ImageObject","inLanguage":"en-GB","@id":"https:\/\/skaitytaknyga.lt\/produktas\/vytautas-grivickas-baletmeisterio-uzrasai\/#primaryimage","url":"https:\/\/skaitytaknyga.lt\/wp-content\/uploads\/2024\/05\/vytautas-grivickas-baletmeisterio-uzrasai-grivickiene-aldona-e1648236471706.jpg","contentUrl":"https:\/\/skaitytaknyga.lt\/wp-content\/uploads\/2024\/05\/vytautas-grivickas-baletmeisterio-uzrasai-grivickiene-aldona-e1648236471706.jpg","width":180,"height":279},{"@type":"BreadcrumbList","@id":"https:\/\/skaitytaknyga.lt\/produktas\/vytautas-grivickas-baletmeisterio-uzrasai\/#breadcrumb","itemListElement":[{"@type":"ListItem","position":1,"name":"Home","item":"https:\/\/skaitytaknyga.lt\/"},{"@type":"ListItem","position":2,"name":"Parduotuv\u0117","item":"https:\/\/skaitytaknyga.lt\/knygu-parduotuve\/"},{"@type":"ListItem","position":3,"name":"Vytautas Grivickas: baletmeisterio u\u017era\u0161ai"}]},{"@type":"WebSite","@id":"https:\/\/skaitytaknyga.lt\/#website","url":"https:\/\/skaitytaknyga.lt\/","name":"skaitytaknyga.lt","description":"Skaitytaknyga.lt \u2013 tai ma\u017eas \u0161eimos verslas, kuris prasid\u0117jo nuo meil\u0117s knygoms ir siekio i\u0161gelb\u0117ti knygas nuo likimo prie konteinerio. Kas vienam nereikalingas daiktas \u2013 kitam lobis, o mes esame tarpininkai, kurie padeda abiems tapti laimingesniems ???? \u017dinome kaip nelengva i\u0161gyventi ma\u017eiems verslams, tad nuo \u0161iol, \u010dia rasite ir kit\u0173, ma\u017e\u0173 \u0161eim\u0173 versl\u0173, rank\u0173 darbo, dovan\u0173 sau ir artimiesiems.","publisher":{"@id":"https:\/\/skaitytaknyga.lt\/#organization"},"potentialAction":[{"@type":"SearchAction","target":{"@type":"EntryPoint","urlTemplate":"https:\/\/skaitytaknyga.lt\/?s={search_term_string}"},"query-input":{"@type":"PropertyValueSpecification","valueRequired":true,"valueName":"search_term_string"}}],"inLanguage":"en-GB"},{"@type":"Organization","@id":"https:\/\/skaitytaknyga.lt\/#organization","name":"skaitytaknyga.lt","url":"https:\/\/skaitytaknyga.lt\/","logo":{"@type":"ImageObject","inLanguage":"en-GB","@id":"https:\/\/skaitytaknyga.lt\/#\/schema\/logo\/image\/","url":"https:\/\/skaitytaknyga.lt\/wp-content\/uploads\/2024\/05\/cropped-cropped-cropped-02_00843_jt3bggkj1j3HLc7SyY6rEUpg.jpeg","contentUrl":"https:\/\/skaitytaknyga.lt\/wp-content\/uploads\/2024\/05\/cropped-cropped-cropped-02_00843_jt3bggkj1j3HLc7SyY6rEUpg.jpeg","width":1600,"height":1600,"caption":"skaitytaknyga.lt"},"image":{"@id":"https:\/\/skaitytaknyga.lt\/#\/schema\/logo\/image\/"},"sameAs":["https:\/\/www.facebook.com\/skaitytaknyga\/"]}]}},"_links":{"self":[{"href":"https:\/\/skaitytaknyga.lt\/en\/wp-json\/wp\/v2\/product\/10415","targetHints":{"allow":["GET"]}}],"collection":[{"href":"https:\/\/skaitytaknyga.lt\/en\/wp-json\/wp\/v2\/product"}],"about":[{"href":"https:\/\/skaitytaknyga.lt\/en\/wp-json\/wp\/v2\/types\/product"}],"replies":[{"embeddable":true,"href":"https:\/\/skaitytaknyga.lt\/en\/wp-json\/wp\/v2\/comments?post=10415"}],"wp:featuredmedia":[{"embeddable":true,"href":"https:\/\/skaitytaknyga.lt\/en\/wp-json\/wp\/v2\/media\/10461"}],"wp:attachment":[{"href":"https:\/\/skaitytaknyga.lt\/en\/wp-json\/wp\/v2\/media?parent=10415"}],"wp:term":[{"taxonomy":"product_brand","embeddable":true,"href":"https:\/\/skaitytaknyga.lt\/en\/wp-json\/wp\/v2\/product_brand?post=10415"},{"taxonomy":"product_cat","embeddable":true,"href":"https:\/\/skaitytaknyga.lt\/en\/wp-json\/wp\/v2\/product_cat?post=10415"},{"taxonomy":"product_tag","embeddable":true,"href":"https:\/\/skaitytaknyga.lt\/en\/wp-json\/wp\/v2\/product_tag?post=10415"}],"curies":[{"name":"wp","href":"https:\/\/api.w.org\/{rel}","templated":true}]}}