{"id":10414,"date":"2024-05-04T18:15:36","date_gmt":"2024-05-04T18:15:36","guid":{"rendered":"https:\/\/skaitytaknyga.lt\/?post_type=product&#038;p=10414"},"modified":"2026-03-18T14:59:58","modified_gmt":"2026-03-18T12:59:58","slug":"zalgirio-musis-tautu-musis","status":"publish","type":"product","link":"https:\/\/skaitytaknyga.lt\/en\/produktas\/zalgirio-musis-tautu-musis\/","title":{"rendered":"\u017dalgirio m\u016b\u0161is \u2013 taut\u0173 m\u016b\u0161is"},"content":{"rendered":"<p>Bendra trij\u0173 valstybi\u0173 autori\u0173 &#8211; Lietuvos istoriko Alfredo Bumblausko, Ukrainos Boriso \u010cerkaso ir Baltarusijos Igorio Marzaliuko &#8211; knyga pateikia nauj\u0173 duomen\u0173 apie gars\u0173j\u012f \u017dalgirio m\u016b\u0161\u012f.<br \/>\n\u017dalgirio m\u016b\u0161is vadinamas taut\u0173 m\u016b\u0161iu, nes i\u0161 tikro abiejose kariaujan\u010diose pus\u0117se b\u016bta tikro taut\u0173 katilo. Lenkijos karalyst\u0117s ir LDK kariuomen\u0117se buvo ne tik lenk\u0173 ir lietuvi\u0173, bet ir Rusios \u017eemi\u0173 (Ukrainos ir Baltarusijos) kari\u0173, o taip pat vasal\u0173 ar s\u0105junginink\u0173 &#8211; totori\u0173 ir moldav\u0173, samdini\u0173 &#8211; \u010dek\u0173 ir morav\u0173. Samdiniai ir sve\u010diai tokiu taut\u0173 katilu dar\u0117 ir Vokie\u010di\u0173 ordino kariuomen\u0119. Joje buvo vengr\u0173, t\u0173 pa\u010di\u0173 \u010dek\u0173 ir morav\u0173, Vakar\u0173 Europos riteri\u0173 i\u0161 \u012fvairi\u0173 vokie\u010di\u0173 kunigaik\u0161tij\u0173, Burgundijos ar Pranc\u016bzijos.<\/p>\n","protected":false},"excerpt":{"rendered":"<p>Bendra trij\u0173 valstybi\u0173 autori\u0173 &#8211; Lietuvos istoriko Alfredo Bumblausko, Ukrainos Boriso \u010cerkaso ir Baltarusijos Igorio Marzaliuko &#8211; knyga pateikia nauj\u0173 duomen\u0173 apie gars\u0173j\u012f \u017dalgirio m\u016b\u0161\u012f.<br \/>\n\u017dalgirio m\u016b\u0161is vadinamas taut\u0173 m\u016b\u0161iu, nes i\u0161 tikro abiejose kariaujan\u010diose pus\u0117se b\u016bta tikro taut\u0173 katilo. Lenkijos karalyst\u0117s ir LDK kariuomen\u0117se buvo ne tik lenk\u0173 ir lietuvi\u0173, bet ir Rusios \u017eemi\u0173 (Ukrainos ir Baltarusijos) kari\u0173, o taip pat vasal\u0173 ar s\u0105junginink\u0173 &#8211; totori\u0173 ir moldav\u0173, samdini\u0173 &#8211; \u010dek\u0173 ir morav\u0173. Samdiniai ir sve\u010diai tokiu taut\u0173 katilu dar\u0117 ir Vokie\u010di\u0173 ordino kariuomen\u0119. Joje buvo vengr\u0173, t\u0173 pa\u010di\u0173 \u010dek\u0173 ir morav\u0173, Vakar\u0173 Europos riteri\u0173 i\u0161 \u012fvairi\u0173 vokie\u010di\u0173 kunigaik\u0161tij\u0173, Burgundijos ar Pranc\u016bzijos.<\/p>\n","protected":false},"featured_media":10460,"comment_status":"closed","ping_status":"closed","template":"","meta":{"_acf_changed":false,"site-sidebar-layout":"default","site-content-layout":"","ast-site-content-layout":"default","site-content-style":"default","site-sidebar-style":"default","ast-global-header-display":"","ast-banner-title-visibility":"","ast-main-header-display":"","ast-hfb-above-header-display":"","ast-hfb-below-header-display":"","ast-hfb-mobile-header-display":"","site-post-title":"","ast-breadcrumbs-content":"","ast-featured-img":"","footer-sml-layout":"","ast-disable-related-posts":"","theme-transparent-header-meta":"","adv-header-id-meta":"","stick-header-meta":"","header-above-stick-meta":"","header-main-stick-meta":"","header-below-stick-meta":"","astra-migrate-meta-layouts":"default","ast-page-background-enabled":"default","ast-page-background-meta":{"desktop":{"background-color":"","background-image":"","background-repeat":"repeat","background-position":"center center","background-size":"auto","background-attachment":"scroll","background-type":"","background-media":"","overlay-type":"","overlay-color":"","overlay-opacity":"","overlay-gradient":""},"tablet":{"background-color":"","background-image":"","background-repeat":"repeat","background-position":"center center","background-size":"auto","background-attachment":"scroll","background-type":"","background-media":"","overlay-type":"","overlay-color":"","overlay-opacity":"","overlay-gradient":""},"mobile":{"background-color":"","background-image":"","background-repeat":"repeat","background-position":"center center","background-size":"auto","background-attachment":"scroll","background-type":"","background-media":"","overlay-type":"","overlay-color":"","overlay-opacity":"","overlay-gradient":""}},"ast-content-background-meta":{"desktop":{"background-color":"var(--ast-global-color-4)","background-image":"","background-repeat":"repeat","background-position":"center center","background-size":"auto","background-attachment":"scroll","background-type":"","background-media":"","overlay-type":"","overlay-color":"","overlay-opacity":"","overlay-gradient":""},"tablet":{"background-color":"var(--ast-global-color-4)","background-image":"","background-repeat":"repeat","background-position":"center center","background-size":"auto","background-attachment":"scroll","background-type":"","background-media":"","overlay-type":"","overlay-color":"","overlay-opacity":"","overlay-gradient":""},"mobile":{"background-color":"var(--ast-global-color-4)","background-image":"","background-repeat":"repeat","background-position":"center center","background-size":"auto","background-attachment":"scroll","background-type":"","background-media":"","overlay-type":"","overlay-color":"","overlay-opacity":"","overlay-gradient":""}}},"product_brand":[],"product_cat":[174,9862],"product_tag":[],"class_list":{"0":"post-10414","1":"product","2":"type-product","3":"status-publish","4":"has-post-thumbnail","6":"product_cat-istorija-ir-politologija","7":"product_cat-lietuvos-istorija","8":"desktop-align-left","9":"tablet-align-left","10":"mobile-align-left","12":"first","13":"instock","14":"shipping-taxable","15":"purchasable","16":"product-type-simple"},"acf":[],"yoast_head":"<!-- This site is optimized with the Yoast SEO plugin v27.4 - https:\/\/yoast.com\/product\/yoast-seo-wordpress\/ -->\n<title>\u017dalgirio m\u016b\u0161is \u2013 taut\u0173 m\u016b\u0161is<\/title>\n<meta name=\"description\" content=\"Bendra trij\u0173 valstybi\u0173 autori\u0173 - Lietuvos istoriko Alfredo Bumblausko, Ukrainos Boriso \u010cerkaso ir Baltarusijos Igorio Marzaliuko - knyga pateikia nauj\u0173 duomen\u0173 apie gars\u0173j\u012f \u017dalgirio m\u016b\u0161\u012f. \u017dalgirio m\u016b\u0161is vadinamas taut\u0173 m\u016b\u0161iu, nes i\u0161 tikro abiejose kariaujan\u010diose pus\u0117se b\u016bta tikro taut\u0173 katilo. Lenkijos karalyst\u0117s ir LDK kariuomen\u0117se buvo ne tik lenk\u0173 ir lietuvi\u0173, bet ir Rusios \u017eemi\u0173 (Ukrainos ir Baltarusijos) kari\u0173, o taip pat vasal\u0173 ar s\u0105junginink\u0173 - totori\u0173 ir moldav\u0173, samdini\u0173 - \u010dek\u0173 ir morav\u0173. Samdiniai ir sve\u010diai tokiu taut\u0173 katilu dar\u0117 ir Vokie\u010di\u0173 ordino kariuomen\u0119. Joje buvo vengr\u0173, t\u0173 pa\u010di\u0173 \u010dek\u0173 ir morav\u0173, Vakar\u0173 Europos riteri\u0173 i\u0161 \u012fvairi\u0173 vokie\u010di\u0173 kunigaik\u0161tij\u0173, Burgundijos ar Pranc\u016bzijos.\" \/>\n<meta name=\"robots\" content=\"index, follow, max-snippet:-1, max-image-preview:large, max-video-preview:-1\" \/>\n<link rel=\"canonical\" href=\"https:\/\/skaitytaknyga.lt\/en\/produktas\/zalgirio-musis-tautu-musis\/\" \/>\n<meta property=\"og:locale\" content=\"en_GB\" \/>\n<meta property=\"og:locale:alternate\" content=\"lt_LT\" \/>\n<meta property=\"og:type\" content=\"article\" \/>\n<meta property=\"og:title\" content=\"\u017dalgirio m\u016b\u0161is \u2013 taut\u0173 m\u016b\u0161is\" \/>\n<meta property=\"og:description\" content=\"Bendra trij\u0173 valstybi\u0173 autori\u0173 - Lietuvos istoriko Alfredo Bumblausko, Ukrainos Boriso \u010cerkaso ir Baltarusijos Igorio Marzaliuko - knyga pateikia nauj\u0173 duomen\u0173 apie gars\u0173j\u012f \u017dalgirio m\u016b\u0161\u012f. \u017dalgirio m\u016b\u0161is vadinamas taut\u0173 m\u016b\u0161iu, nes i\u0161 tikro abiejose kariaujan\u010diose pus\u0117se b\u016bta tikro taut\u0173 katilo. Lenkijos karalyst\u0117s ir LDK kariuomen\u0117se buvo ne tik lenk\u0173 ir lietuvi\u0173, bet ir Rusios \u017eemi\u0173 (Ukrainos ir Baltarusijos) kari\u0173, o taip pat vasal\u0173 ar s\u0105junginink\u0173 - totori\u0173 ir moldav\u0173, samdini\u0173 - \u010dek\u0173 ir morav\u0173. Samdiniai ir sve\u010diai tokiu taut\u0173 katilu dar\u0117 ir Vokie\u010di\u0173 ordino kariuomen\u0119. Joje buvo vengr\u0173, t\u0173 pa\u010di\u0173 \u010dek\u0173 ir morav\u0173, Vakar\u0173 Europos riteri\u0173 i\u0161 \u012fvairi\u0173 vokie\u010di\u0173 kunigaik\u0161tij\u0173, Burgundijos ar Pranc\u016bzijos.\" \/>\n<meta property=\"og:url\" content=\"https:\/\/skaitytaknyga.lt\/en\/produktas\/zalgirio-musis-tautu-musis\/\" \/>\n<meta property=\"og:site_name\" content=\"Skaitytaknyga\" \/>\n<meta property=\"article:publisher\" content=\"https:\/\/www.facebook.com\/skaitytaknyga\/\" \/>\n<meta property=\"article:modified_time\" content=\"2026-03-18T12:59:58+00:00\" \/>\n<meta property=\"og:image\" content=\"https:\/\/skaitytaknyga.lt\/wp-content\/uploads\/2024\/05\/1517479509_zalgirio-musis-tautu-musis_z1.jpg\" \/>\n\t<meta property=\"og:image:width\" content=\"359\" \/>\n\t<meta property=\"og:image:height\" content=\"450\" \/>\n\t<meta property=\"og:image:type\" content=\"image\/jpeg\" \/>\n<meta name=\"twitter:card\" content=\"summary_large_image\" \/>\n<meta name=\"twitter:label1\" content=\"Estimated reading time\" \/>\n\t<meta name=\"twitter:data1\" content=\"1 minute\" \/>\n<script type=\"application\/ld+json\" class=\"yoast-schema-graph\">{\"@context\":\"https:\\\/\\\/schema.org\",\"@graph\":[{\"@type\":\"WebPage\",\"@id\":\"https:\\\/\\\/skaitytaknyga.lt\\\/produktas\\\/zalgirio-musis-tautu-musis\\\/\",\"url\":\"https:\\\/\\\/skaitytaknyga.lt\\\/produktas\\\/zalgirio-musis-tautu-musis\\\/\",\"name\":\"\u017dalgirio m\u016b\u0161is \u2013 taut\u0173 m\u016b\u0161is\",\"isPartOf\":{\"@id\":\"https:\\\/\\\/skaitytaknyga.lt\\\/#website\"},\"primaryImageOfPage\":{\"@id\":\"https:\\\/\\\/skaitytaknyga.lt\\\/produktas\\\/zalgirio-musis-tautu-musis\\\/#primaryimage\"},\"image\":{\"@id\":\"https:\\\/\\\/skaitytaknyga.lt\\\/produktas\\\/zalgirio-musis-tautu-musis\\\/#primaryimage\"},\"thumbnailUrl\":\"https:\\\/\\\/skaitytaknyga.lt\\\/wp-content\\\/uploads\\\/2024\\\/05\\\/1517479509_zalgirio-musis-tautu-musis_z1.jpg\",\"datePublished\":\"2024-05-04T18:15:36+00:00\",\"dateModified\":\"2026-03-18T12:59:58+00:00\",\"description\":\"Bendra trij\u0173 valstybi\u0173 autori\u0173 - Lietuvos istoriko Alfredo Bumblausko, Ukrainos Boriso \u010cerkaso ir Baltarusijos Igorio Marzaliuko - knyga pateikia nauj\u0173 duomen\u0173 apie gars\u0173j\u012f \u017dalgirio m\u016b\u0161\u012f. \u017dalgirio m\u016b\u0161is vadinamas taut\u0173 m\u016b\u0161iu, nes i\u0161 tikro abiejose kariaujan\u010diose pus\u0117se b\u016bta tikro taut\u0173 katilo. Lenkijos karalyst\u0117s ir LDK kariuomen\u0117se buvo ne tik lenk\u0173 ir lietuvi\u0173, bet ir Rusios \u017eemi\u0173 (Ukrainos ir Baltarusijos) kari\u0173, o taip pat vasal\u0173 ar s\u0105junginink\u0173 - totori\u0173 ir moldav\u0173, samdini\u0173 - \u010dek\u0173 ir morav\u0173. Samdiniai ir sve\u010diai tokiu taut\u0173 katilu dar\u0117 ir Vokie\u010di\u0173 ordino kariuomen\u0119. Joje buvo vengr\u0173, t\u0173 pa\u010di\u0173 \u010dek\u0173 ir morav\u0173, Vakar\u0173 Europos riteri\u0173 i\u0161 \u012fvairi\u0173 vokie\u010di\u0173 kunigaik\u0161tij\u0173, Burgundijos ar Pranc\u016bzijos.\",\"breadcrumb\":{\"@id\":\"https:\\\/\\\/skaitytaknyga.lt\\\/produktas\\\/zalgirio-musis-tautu-musis\\\/#breadcrumb\"},\"inLanguage\":\"en-GB\",\"potentialAction\":[{\"@type\":\"ReadAction\",\"target\":[\"https:\\\/\\\/skaitytaknyga.lt\\\/produktas\\\/zalgirio-musis-tautu-musis\\\/\"]}]},{\"@type\":\"ImageObject\",\"inLanguage\":\"en-GB\",\"@id\":\"https:\\\/\\\/skaitytaknyga.lt\\\/produktas\\\/zalgirio-musis-tautu-musis\\\/#primaryimage\",\"url\":\"https:\\\/\\\/skaitytaknyga.lt\\\/wp-content\\\/uploads\\\/2024\\\/05\\\/1517479509_zalgirio-musis-tautu-musis_z1.jpg\",\"contentUrl\":\"https:\\\/\\\/skaitytaknyga.lt\\\/wp-content\\\/uploads\\\/2024\\\/05\\\/1517479509_zalgirio-musis-tautu-musis_z1.jpg\",\"width\":359,\"height\":450},{\"@type\":\"BreadcrumbList\",\"@id\":\"https:\\\/\\\/skaitytaknyga.lt\\\/produktas\\\/zalgirio-musis-tautu-musis\\\/#breadcrumb\",\"itemListElement\":[{\"@type\":\"ListItem\",\"position\":1,\"name\":\"Home\",\"item\":\"https:\\\/\\\/skaitytaknyga.lt\\\/\"},{\"@type\":\"ListItem\",\"position\":2,\"name\":\"Parduotuv\u0117\",\"item\":\"https:\\\/\\\/skaitytaknyga.lt\\\/knygu-parduotuve\\\/\"},{\"@type\":\"ListItem\",\"position\":3,\"name\":\"\u017dalgirio m\u016b\u0161is \u2013 taut\u0173 m\u016b\u0161is\"}]},{\"@type\":\"WebSite\",\"@id\":\"https:\\\/\\\/skaitytaknyga.lt\\\/#website\",\"url\":\"https:\\\/\\\/skaitytaknyga.lt\\\/\",\"name\":\"skaitytaknyga.lt\",\"description\":\"Skaitytaknyga.lt \u2013 tai ma\u017eas \u0161eimos verslas, kuris prasid\u0117jo nuo meil\u0117s knygoms ir siekio i\u0161gelb\u0117ti knygas nuo likimo prie konteinerio. Kas vienam nereikalingas daiktas \u2013 kitam lobis, o mes esame tarpininkai, kurie padeda abiems tapti laimingesniems ???? \u017dinome kaip nelengva i\u0161gyventi ma\u017eiems verslams, tad nuo \u0161iol, \u010dia rasite ir kit\u0173, ma\u017e\u0173 \u0161eim\u0173 versl\u0173, rank\u0173 darbo, dovan\u0173 sau ir artimiesiems.\",\"publisher\":{\"@id\":\"https:\\\/\\\/skaitytaknyga.lt\\\/#organization\"},\"potentialAction\":[{\"@type\":\"SearchAction\",\"target\":{\"@type\":\"EntryPoint\",\"urlTemplate\":\"https:\\\/\\\/skaitytaknyga.lt\\\/?s={search_term_string}\"},\"query-input\":{\"@type\":\"PropertyValueSpecification\",\"valueRequired\":true,\"valueName\":\"search_term_string\"}}],\"inLanguage\":\"en-GB\"},{\"@type\":\"Organization\",\"@id\":\"https:\\\/\\\/skaitytaknyga.lt\\\/#organization\",\"name\":\"skaitytaknyga.lt\",\"url\":\"https:\\\/\\\/skaitytaknyga.lt\\\/\",\"logo\":{\"@type\":\"ImageObject\",\"inLanguage\":\"en-GB\",\"@id\":\"https:\\\/\\\/skaitytaknyga.lt\\\/#\\\/schema\\\/logo\\\/image\\\/\",\"url\":\"https:\\\/\\\/skaitytaknyga.lt\\\/wp-content\\\/uploads\\\/2024\\\/05\\\/cropped-cropped-cropped-02_00843_jt3bggkj1j3HLc7SyY6rEUpg.jpeg\",\"contentUrl\":\"https:\\\/\\\/skaitytaknyga.lt\\\/wp-content\\\/uploads\\\/2024\\\/05\\\/cropped-cropped-cropped-02_00843_jt3bggkj1j3HLc7SyY6rEUpg.jpeg\",\"width\":1600,\"height\":1600,\"caption\":\"skaitytaknyga.lt\"},\"image\":{\"@id\":\"https:\\\/\\\/skaitytaknyga.lt\\\/#\\\/schema\\\/logo\\\/image\\\/\"},\"sameAs\":[\"https:\\\/\\\/www.facebook.com\\\/skaitytaknyga\\\/\"]}]}<\/script>\n<!-- \/ Yoast SEO plugin. -->","yoast_head_json":{"title":"\u017dalgirio m\u016b\u0161is \u2013 taut\u0173 m\u016b\u0161is","description":"Bendra trij\u0173 valstybi\u0173 autori\u0173 - Lietuvos istoriko Alfredo Bumblausko, Ukrainos Boriso \u010cerkaso ir Baltarusijos Igorio Marzaliuko - knyga pateikia nauj\u0173 duomen\u0173 apie gars\u0173j\u012f \u017dalgirio m\u016b\u0161\u012f. \u017dalgirio m\u016b\u0161is vadinamas taut\u0173 m\u016b\u0161iu, nes i\u0161 tikro abiejose kariaujan\u010diose pus\u0117se b\u016bta tikro taut\u0173 katilo. Lenkijos karalyst\u0117s ir LDK kariuomen\u0117se buvo ne tik lenk\u0173 ir lietuvi\u0173, bet ir Rusios \u017eemi\u0173 (Ukrainos ir Baltarusijos) kari\u0173, o taip pat vasal\u0173 ar s\u0105junginink\u0173 - totori\u0173 ir moldav\u0173, samdini\u0173 - \u010dek\u0173 ir morav\u0173. Samdiniai ir sve\u010diai tokiu taut\u0173 katilu dar\u0117 ir Vokie\u010di\u0173 ordino kariuomen\u0119. Joje buvo vengr\u0173, t\u0173 pa\u010di\u0173 \u010dek\u0173 ir morav\u0173, Vakar\u0173 Europos riteri\u0173 i\u0161 \u012fvairi\u0173 vokie\u010di\u0173 kunigaik\u0161tij\u0173, Burgundijos ar Pranc\u016bzijos.","robots":{"index":"index","follow":"follow","max-snippet":"max-snippet:-1","max-image-preview":"max-image-preview:large","max-video-preview":"max-video-preview:-1"},"canonical":"https:\/\/skaitytaknyga.lt\/en\/produktas\/zalgirio-musis-tautu-musis\/","og_locale":"en_GB","og_type":"article","og_title":"[:lt]\u017dalgirio m\u016b\u0161is \u2013 taut\u0173 m\u016b\u0161is[:] - Skaitytaknyga","og_description":"Bendra trij\u0173 valstybi\u0173 autori\u0173 - Lietuvos istoriko Alfredo Bumblausko, Ukrainos Boriso \u010cerkaso ir Baltarusijos Igorio Marzaliuko - knyga pateikia nauj\u0173 duomen\u0173 apie gars\u0173j\u012f \u017dalgirio m\u016b\u0161\u012f. \u017dalgirio m\u016b\u0161is vadinamas taut\u0173 m\u016b\u0161iu, nes i\u0161 tikro abiejose kariaujan\u010diose pus\u0117se b\u016bta tikro taut\u0173 katilo. Lenkijos karalyst\u0117s ir LDK kariuomen\u0117se buvo ne tik lenk\u0173 ir lietuvi\u0173, bet ir Rusios \u017eemi\u0173 (Ukrainos ir Baltarusijos) kari\u0173, o taip pat vasal\u0173 ar s\u0105junginink\u0173 - totori\u0173 ir moldav\u0173, samdini\u0173 - \u010dek\u0173 ir morav\u0173. Samdiniai ir sve\u010diai tokiu taut\u0173 katilu dar\u0117 ir Vokie\u010di\u0173 ordino kariuomen\u0119. Joje buvo vengr\u0173, t\u0173 pa\u010di\u0173 \u010dek\u0173 ir morav\u0173, Vakar\u0173 Europos riteri\u0173 i\u0161 \u012fvairi\u0173 vokie\u010di\u0173 kunigaik\u0161tij\u0173, Burgundijos ar Pranc\u016bzijos.","og_url":"https:\/\/skaitytaknyga.lt\/en\/produktas\/zalgirio-musis-tautu-musis\/","og_site_name":"Skaitytaknyga","article_publisher":"https:\/\/www.facebook.com\/skaitytaknyga\/","article_modified_time":"2026-03-18T12:59:58+00:00","og_image":[{"width":359,"height":450,"url":"https:\/\/skaitytaknyga.lt\/wp-content\/uploads\/2024\/05\/1517479509_zalgirio-musis-tautu-musis_z1.jpg","type":"image\/jpeg"}],"twitter_card":"summary_large_image","twitter_misc":{"Estimated reading time":"1 minute"},"schema":{"@context":"https:\/\/schema.org","@graph":[{"@type":"WebPage","@id":"https:\/\/skaitytaknyga.lt\/produktas\/zalgirio-musis-tautu-musis\/","url":"https:\/\/skaitytaknyga.lt\/produktas\/zalgirio-musis-tautu-musis\/","name":"\u017dalgirio m\u016b\u0161is \u2013 taut\u0173 m\u016b\u0161is","isPartOf":{"@id":"https:\/\/skaitytaknyga.lt\/#website"},"primaryImageOfPage":{"@id":"https:\/\/skaitytaknyga.lt\/produktas\/zalgirio-musis-tautu-musis\/#primaryimage"},"image":{"@id":"https:\/\/skaitytaknyga.lt\/produktas\/zalgirio-musis-tautu-musis\/#primaryimage"},"thumbnailUrl":"https:\/\/skaitytaknyga.lt\/wp-content\/uploads\/2024\/05\/1517479509_zalgirio-musis-tautu-musis_z1.jpg","datePublished":"2024-05-04T18:15:36+00:00","dateModified":"2026-03-18T12:59:58+00:00","description":"Bendra trij\u0173 valstybi\u0173 autori\u0173 - Lietuvos istoriko Alfredo Bumblausko, Ukrainos Boriso \u010cerkaso ir Baltarusijos Igorio Marzaliuko - knyga pateikia nauj\u0173 duomen\u0173 apie gars\u0173j\u012f \u017dalgirio m\u016b\u0161\u012f. \u017dalgirio m\u016b\u0161is vadinamas taut\u0173 m\u016b\u0161iu, nes i\u0161 tikro abiejose kariaujan\u010diose pus\u0117se b\u016bta tikro taut\u0173 katilo. Lenkijos karalyst\u0117s ir LDK kariuomen\u0117se buvo ne tik lenk\u0173 ir lietuvi\u0173, bet ir Rusios \u017eemi\u0173 (Ukrainos ir Baltarusijos) kari\u0173, o taip pat vasal\u0173 ar s\u0105junginink\u0173 - totori\u0173 ir moldav\u0173, samdini\u0173 - \u010dek\u0173 ir morav\u0173. Samdiniai ir sve\u010diai tokiu taut\u0173 katilu dar\u0117 ir Vokie\u010di\u0173 ordino kariuomen\u0119. Joje buvo vengr\u0173, t\u0173 pa\u010di\u0173 \u010dek\u0173 ir morav\u0173, Vakar\u0173 Europos riteri\u0173 i\u0161 \u012fvairi\u0173 vokie\u010di\u0173 kunigaik\u0161tij\u0173, Burgundijos ar Pranc\u016bzijos.","breadcrumb":{"@id":"https:\/\/skaitytaknyga.lt\/produktas\/zalgirio-musis-tautu-musis\/#breadcrumb"},"inLanguage":"en-GB","potentialAction":[{"@type":"ReadAction","target":["https:\/\/skaitytaknyga.lt\/produktas\/zalgirio-musis-tautu-musis\/"]}]},{"@type":"ImageObject","inLanguage":"en-GB","@id":"https:\/\/skaitytaknyga.lt\/produktas\/zalgirio-musis-tautu-musis\/#primaryimage","url":"https:\/\/skaitytaknyga.lt\/wp-content\/uploads\/2024\/05\/1517479509_zalgirio-musis-tautu-musis_z1.jpg","contentUrl":"https:\/\/skaitytaknyga.lt\/wp-content\/uploads\/2024\/05\/1517479509_zalgirio-musis-tautu-musis_z1.jpg","width":359,"height":450},{"@type":"BreadcrumbList","@id":"https:\/\/skaitytaknyga.lt\/produktas\/zalgirio-musis-tautu-musis\/#breadcrumb","itemListElement":[{"@type":"ListItem","position":1,"name":"Home","item":"https:\/\/skaitytaknyga.lt\/"},{"@type":"ListItem","position":2,"name":"Parduotuv\u0117","item":"https:\/\/skaitytaknyga.lt\/knygu-parduotuve\/"},{"@type":"ListItem","position":3,"name":"\u017dalgirio m\u016b\u0161is \u2013 taut\u0173 m\u016b\u0161is"}]},{"@type":"WebSite","@id":"https:\/\/skaitytaknyga.lt\/#website","url":"https:\/\/skaitytaknyga.lt\/","name":"skaitytaknyga.lt","description":"Skaitytaknyga.lt \u2013 tai ma\u017eas \u0161eimos verslas, kuris prasid\u0117jo nuo meil\u0117s knygoms ir siekio i\u0161gelb\u0117ti knygas nuo likimo prie konteinerio. Kas vienam nereikalingas daiktas \u2013 kitam lobis, o mes esame tarpininkai, kurie padeda abiems tapti laimingesniems ???? \u017dinome kaip nelengva i\u0161gyventi ma\u017eiems verslams, tad nuo \u0161iol, \u010dia rasite ir kit\u0173, ma\u017e\u0173 \u0161eim\u0173 versl\u0173, rank\u0173 darbo, dovan\u0173 sau ir artimiesiems.","publisher":{"@id":"https:\/\/skaitytaknyga.lt\/#organization"},"potentialAction":[{"@type":"SearchAction","target":{"@type":"EntryPoint","urlTemplate":"https:\/\/skaitytaknyga.lt\/?s={search_term_string}"},"query-input":{"@type":"PropertyValueSpecification","valueRequired":true,"valueName":"search_term_string"}}],"inLanguage":"en-GB"},{"@type":"Organization","@id":"https:\/\/skaitytaknyga.lt\/#organization","name":"skaitytaknyga.lt","url":"https:\/\/skaitytaknyga.lt\/","logo":{"@type":"ImageObject","inLanguage":"en-GB","@id":"https:\/\/skaitytaknyga.lt\/#\/schema\/logo\/image\/","url":"https:\/\/skaitytaknyga.lt\/wp-content\/uploads\/2024\/05\/cropped-cropped-cropped-02_00843_jt3bggkj1j3HLc7SyY6rEUpg.jpeg","contentUrl":"https:\/\/skaitytaknyga.lt\/wp-content\/uploads\/2024\/05\/cropped-cropped-cropped-02_00843_jt3bggkj1j3HLc7SyY6rEUpg.jpeg","width":1600,"height":1600,"caption":"skaitytaknyga.lt"},"image":{"@id":"https:\/\/skaitytaknyga.lt\/#\/schema\/logo\/image\/"},"sameAs":["https:\/\/www.facebook.com\/skaitytaknyga\/"]}]}},"_links":{"self":[{"href":"https:\/\/skaitytaknyga.lt\/en\/wp-json\/wp\/v2\/product\/10414","targetHints":{"allow":["GET"]}}],"collection":[{"href":"https:\/\/skaitytaknyga.lt\/en\/wp-json\/wp\/v2\/product"}],"about":[{"href":"https:\/\/skaitytaknyga.lt\/en\/wp-json\/wp\/v2\/types\/product"}],"replies":[{"embeddable":true,"href":"https:\/\/skaitytaknyga.lt\/en\/wp-json\/wp\/v2\/comments?post=10414"}],"wp:featuredmedia":[{"embeddable":true,"href":"https:\/\/skaitytaknyga.lt\/en\/wp-json\/wp\/v2\/media\/10460"}],"wp:attachment":[{"href":"https:\/\/skaitytaknyga.lt\/en\/wp-json\/wp\/v2\/media?parent=10414"}],"wp:term":[{"taxonomy":"product_brand","embeddable":true,"href":"https:\/\/skaitytaknyga.lt\/en\/wp-json\/wp\/v2\/product_brand?post=10414"},{"taxonomy":"product_cat","embeddable":true,"href":"https:\/\/skaitytaknyga.lt\/en\/wp-json\/wp\/v2\/product_cat?post=10414"},{"taxonomy":"product_tag","embeddable":true,"href":"https:\/\/skaitytaknyga.lt\/en\/wp-json\/wp\/v2\/product_tag?post=10414"}],"curies":[{"name":"wp","href":"https:\/\/api.w.org\/{rel}","templated":true}]}}