{"id":10408,"date":"2024-05-04T18:15:12","date_gmt":"2024-05-04T18:15:12","guid":{"rendered":"https:\/\/skaitytaknyga.lt\/?post_type=product&#038;p=10408"},"modified":"2024-05-04T18:16:49","modified_gmt":"2024-05-04T18:16:49","slug":"mark-haddon-tas-keistas-nutikimas-suniui-nakti","status":"publish","type":"product","link":"https:\/\/skaitytaknyga.lt\/en\/produktas\/mark-haddon-tas-keistas-nutikimas-suniui-nakti\/","title":{"rendered":"Mark Haddon \u201eTas keistas nutikimas \u0161uniui nakt\u012f\u201c"},"content":{"rendered":"<div>\n<p>Penkiolikmetis Kristoferis \u2013 labai ne\u012fprastas knygos pasakotojas. Skaitytojas tiki ir tuo pat metu negali juo patik\u0117ti. Kristoferiui patinka skai\u010diai, schemos ir formul\u0117s, jis domisi matematika ir svajoja tapti mokslininku. Bet jis neatpa\u017e\u012fsta melo, nesupranta metafor\u0173 ir juok\u0173. Berniukas nesuvokia emocij\u0173 ir nem\u0117gsta b\u016bti lie\u010diamas \u2013 visa tai lemia Aspergerio sindromas, bet pats pasakotojas atskleid\u017eia savo poj\u016b\u010dius be medicinini\u0173 termin\u0173.<\/p>\n<p>Vien\u0105 vakar\u0105 Kristoferis kaimyn\u0117s sode randa \u0161ake persmeigt\u0105 \u0161un\u012f. Kadangi jam patinka \u0161unys ir detektyvai, berniukas nusprend\u017eia i\u0161siai\u0161kinti, kas nutiko pudeliui. Taip prasideda dr\u0105sos ir i\u0161bandym\u0173 kupinas nuotykis.<\/p>\n<p><strong>\u201eTas keistas nutikimas \u0161uniui nakt\u012f&#8221;<\/strong>\u00a0\u2013 itin originali ir nuo\u0161irdi knyga pasakoja apie visuomen\u0119, \u017emones ir j\u0173 santykius. Tarp Kristoferio ir jo t\u0117v\u0173, tarp Kristoferio ir kiekvieno i\u0161 m\u016bs\u0173 plyti paslaptinga bedugn\u0117, nors pagrindinis veik\u0117jas atrodo keistai artimas.<\/p>\n<p><strong>\u201eTas keistas nutikimas \u0161uniui nakt\u012f&#8221;<\/strong>\u00a0brit\u0173 ra\u0161ytojui\u00a0<strong>Markui Haddonui<\/strong>\u00a0peln\u0117 tarptautin\u0119 \u0161lov\u0119. Knyga su\u017eav\u0117jo milijonus skaitytoj\u0173 visame pasaulyje, pagal j\u0105 statomi spektakliai, ra\u0161omi scenarijai televizijai, rengiamasi kurti film\u0105.<\/p>\n<\/div>\n","protected":false},"excerpt":{"rendered":"<div>\n<p>Penkiolikmetis Kristoferis \u2013 labai ne\u012fprastas knygos pasakotojas. Skaitytojas tiki ir tuo pat metu negali juo patik\u0117ti. Kristoferiui patinka skai\u010diai, schemos ir formul\u0117s, jis domisi matematika ir svajoja tapti mokslininku. Bet jis neatpa\u017e\u012fsta melo, nesupranta metafor\u0173 ir juok\u0173. Berniukas nesuvokia emocij\u0173 ir nem\u0117gsta b\u016bti lie\u010diamas \u2013 visa tai lemia Aspergerio sindromas, bet pats pasakotojas atskleid\u017eia savo poj\u016b\u010dius be medicinini\u0173 termin\u0173.<\/p>\n<p>Vien\u0105 vakar\u0105 Kristoferis kaimyn\u0117s sode randa \u0161ake persmeigt\u0105 \u0161un\u012f. Kadangi jam patinka \u0161unys ir detektyvai, berniukas nusprend\u017eia i\u0161siai\u0161kinti, kas nutiko pudeliui. Taip prasideda dr\u0105sos ir i\u0161bandym\u0173 kupinas nuotykis.<\/p>\n<p><strong>\u201eTas keistas nutikimas \u0161uniui nakt\u012f&#8221;<\/strong>\u00a0\u2013 itin originali ir nuo\u0161irdi knyga pasakoja apie visuomen\u0119, \u017emones ir j\u0173 santykius. Tarp Kristoferio ir jo t\u0117v\u0173, tarp Kristoferio ir kiekvieno i\u0161 m\u016bs\u0173 plyti paslaptinga bedugn\u0117, nors pagrindinis veik\u0117jas atrodo keistai artimas.<\/p>\n<p><strong>\u201eTas keistas nutikimas \u0161uniui nakt\u012f&#8221;<\/strong>\u00a0brit\u0173 ra\u0161ytojui\u00a0<strong>Markui Haddonui<\/strong>\u00a0peln\u0117 tarptautin\u0119 \u0161lov\u0119. Knyga su\u017eav\u0117jo milijonus skaitytoj\u0173 visame pasaulyje, pagal j\u0105 statomi spektakliai, ra\u0161omi scenarijai televizijai, rengiamasi kurti film\u0105.<\/p>\n<\/div>\n","protected":false},"featured_media":10459,"comment_status":"closed","ping_status":"closed","template":"","meta":{"_acf_changed":false,"site-sidebar-layout":"default","site-content-layout":"","ast-site-content-layout":"default","site-content-style":"default","site-sidebar-style":"default","ast-global-header-display":"","ast-banner-title-visibility":"","ast-main-header-display":"","ast-hfb-above-header-display":"","ast-hfb-below-header-display":"","ast-hfb-mobile-header-display":"","site-post-title":"","ast-breadcrumbs-content":"","ast-featured-img":"","footer-sml-layout":"","ast-disable-related-posts":"","theme-transparent-header-meta":"","adv-header-id-meta":"","stick-header-meta":"","header-above-stick-meta":"","header-main-stick-meta":"","header-below-stick-meta":"","astra-migrate-meta-layouts":"default","ast-page-background-enabled":"default","ast-page-background-meta":{"desktop":{"background-color":"","background-image":"","background-repeat":"repeat","background-position":"center center","background-size":"auto","background-attachment":"scroll","background-type":"","background-media":"","overlay-type":"","overlay-color":"","overlay-opacity":"","overlay-gradient":""},"tablet":{"background-color":"","background-image":"","background-repeat":"repeat","background-position":"center center","background-size":"auto","background-attachment":"scroll","background-type":"","background-media":"","overlay-type":"","overlay-color":"","overlay-opacity":"","overlay-gradient":""},"mobile":{"background-color":"","background-image":"","background-repeat":"repeat","background-position":"center center","background-size":"auto","background-attachment":"scroll","background-type":"","background-media":"","overlay-type":"","overlay-color":"","overlay-opacity":"","overlay-gradient":""}},"ast-content-background-meta":{"desktop":{"background-color":"var(--ast-global-color-4)","background-image":"","background-repeat":"repeat","background-position":"center center","background-size":"auto","background-attachment":"scroll","background-type":"","background-media":"","overlay-type":"","overlay-color":"","overlay-opacity":"","overlay-gradient":""},"tablet":{"background-color":"var(--ast-global-color-4)","background-image":"","background-repeat":"repeat","background-position":"center center","background-size":"auto","background-attachment":"scroll","background-type":"","background-media":"","overlay-type":"","overlay-color":"","overlay-opacity":"","overlay-gradient":""},"mobile":{"background-color":"var(--ast-global-color-4)","background-image":"","background-repeat":"repeat","background-position":"center center","background-size":"auto","background-attachment":"scroll","background-type":"","background-media":"","overlay-type":"","overlay-color":"","overlay-opacity":"","overlay-gradient":""}}},"product_brand":[],"product_cat":[35],"product_tag":[],"class_list":{"0":"post-10408","1":"product","2":"type-product","3":"status-publish","4":"has-post-thumbnail","6":"product_cat-vaikams-ir-paaugliams","7":"pa_leidimo-metai-652","8":"desktop-align-left","9":"tablet-align-left","10":"mobile-align-left","12":"first","13":"outofstock","14":"shipping-taxable","15":"purchasable","16":"product-type-simple"},"acf":[],"yoast_head":"<!-- This site is optimized with the Yoast SEO plugin v27.0 - https:\/\/yoast.com\/product\/yoast-seo-wordpress\/ -->\n<title>Mark Haddon \u201eTas keistas nutikimas \u0161uniui nakt\u012f\u201c - Skaitytaknyga<\/title>\n<meta name=\"description\" content=\"Penkiolikmetis Kristoferis \u2013 labai ne\u012fprastas knygos pasakotojas. Skaitytojas tiki ir tuo pat metu negali juo patik\u0117ti. Kristoferiui patinka skai\u010diai, schemos ir formul\u0117s, jis domisi matematika ir svajoja tapti mokslininku. Bet jis neatpa\u017e\u012fsta melo, nesupranta metafor\u0173 ir juok\u0173. Berniukas nesuvokia emocij\u0173 ir nem\u0117gsta b\u016bti lie\u010diamas \u2013 visa tai lemia Aspergerio sindromas, bet pats pasakotojas atskleid\u017eia savo poj\u016b\u010dius be medicinini\u0173 termin\u0173.  Vien\u0105 vakar\u0105 Kristoferis kaimyn\u0117s sode randa \u0161ake persmeigt\u0105 \u0161un\u012f. Kadangi jam patinka \u0161unys ir detektyvai, berniukas nusprend\u017eia i\u0161siai\u0161kinti, kas nutiko pudeliui. Taip prasideda dr\u0105sos ir i\u0161bandym\u0173 kupinas nuotykis.  \u201eTas keistas nutikimas \u0161uniui nakt\u012f&quot;\u00a0\u2013 itin originali ir nuo\u0161irdi knyga pasakoja apie visuomen\u0119, \u017emones ir j\u0173 santykius. Tarp Kristoferio ir jo t\u0117v\u0173, tarp Kristoferio ir kiekvieno i\u0161 m\u016bs\u0173 plyti paslaptinga bedugn\u0117, nors pagrindinis veik\u0117jas atrodo keistai artimas.  \u201eTas keistas nutikimas \u0161uniui nakt\u012f&quot;\u00a0brit\u0173 ra\u0161ytojui\u00a0Markui Haddonui\u00a0peln\u0117 tarptautin\u0119 \u0161lov\u0119. Knyga su\u017eav\u0117jo milijonus skaitytoj\u0173 visame pasaulyje, pagal j\u0105 statomi spektakliai, ra\u0161omi scenarijai televizijai, rengiamasi kurti film\u0105.\" \/>\n<meta name=\"robots\" content=\"index, follow, max-snippet:-1, max-image-preview:large, max-video-preview:-1\" \/>\n<link rel=\"canonical\" href=\"https:\/\/skaitytaknyga.lt\/en\/produktas\/mark-haddon-tas-keistas-nutikimas-suniui-nakti\/\" \/>\n<meta property=\"og:locale\" content=\"en_GB\" \/>\n<meta property=\"og:locale:alternate\" content=\"lt_LT\" \/>\n<meta property=\"og:type\" content=\"article\" \/>\n<meta property=\"og:title\" content=\"Mark Haddon \u201eTas keistas nutikimas \u0161uniui nakt\u012f\u201c - Skaitytaknyga\" \/>\n<meta property=\"og:description\" content=\"Penkiolikmetis Kristoferis \u2013 labai ne\u012fprastas knygos pasakotojas. Skaitytojas tiki ir tuo pat metu negali juo patik\u0117ti. Kristoferiui patinka skai\u010diai, schemos ir formul\u0117s, jis domisi matematika ir svajoja tapti mokslininku. Bet jis neatpa\u017e\u012fsta melo, nesupranta metafor\u0173 ir juok\u0173. Berniukas nesuvokia emocij\u0173 ir nem\u0117gsta b\u016bti lie\u010diamas \u2013 visa tai lemia Aspergerio sindromas, bet pats pasakotojas atskleid\u017eia savo poj\u016b\u010dius be medicinini\u0173 termin\u0173.  Vien\u0105 vakar\u0105 Kristoferis kaimyn\u0117s sode randa \u0161ake persmeigt\u0105 \u0161un\u012f. Kadangi jam patinka \u0161unys ir detektyvai, berniukas nusprend\u017eia i\u0161siai\u0161kinti, kas nutiko pudeliui. Taip prasideda dr\u0105sos ir i\u0161bandym\u0173 kupinas nuotykis.  \u201eTas keistas nutikimas \u0161uniui nakt\u012f&quot;\u00a0\u2013 itin originali ir nuo\u0161irdi knyga pasakoja apie visuomen\u0119, \u017emones ir j\u0173 santykius. Tarp Kristoferio ir jo t\u0117v\u0173, tarp Kristoferio ir kiekvieno i\u0161 m\u016bs\u0173 plyti paslaptinga bedugn\u0117, nors pagrindinis veik\u0117jas atrodo keistai artimas.  \u201eTas keistas nutikimas \u0161uniui nakt\u012f&quot;\u00a0brit\u0173 ra\u0161ytojui\u00a0Markui Haddonui\u00a0peln\u0117 tarptautin\u0119 \u0161lov\u0119. Knyga su\u017eav\u0117jo milijonus skaitytoj\u0173 visame pasaulyje, pagal j\u0105 statomi spektakliai, ra\u0161omi scenarijai televizijai, rengiamasi kurti film\u0105.\" \/>\n<meta property=\"og:url\" content=\"https:\/\/skaitytaknyga.lt\/en\/produktas\/mark-haddon-tas-keistas-nutikimas-suniui-nakti\/\" \/>\n<meta property=\"og:site_name\" content=\"Skaitytaknyga\" \/>\n<meta property=\"article:publisher\" content=\"https:\/\/www.facebook.com\/skaitytaknyga\/\" \/>\n<meta property=\"article:modified_time\" content=\"2024-05-04T18:16:49+00:00\" \/>\n<meta property=\"og:image\" content=\"https:\/\/skaitytaknyga.lt\/wp-content\/uploads\/2024\/05\/1462890770_tas-keistas-nutikimas-suniui-nakti-1.jpg\" \/>\n\t<meta property=\"og:image:width\" content=\"533\" \/>\n\t<meta property=\"og:image:height\" content=\"800\" \/>\n\t<meta property=\"og:image:type\" content=\"image\/jpeg\" \/>\n<meta name=\"twitter:card\" content=\"summary_large_image\" \/>\n<meta name=\"twitter:label1\" content=\"Estimated reading time\" \/>\n\t<meta name=\"twitter:data1\" content=\"1 minute\" \/>\n<script type=\"application\/ld+json\" class=\"yoast-schema-graph\">{\"@context\":\"https:\/\/schema.org\",\"@graph\":[{\"@type\":\"WebPage\",\"@id\":\"https:\/\/skaitytaknyga.lt\/produktas\/mark-haddon-tas-keistas-nutikimas-suniui-nakti\/\",\"url\":\"https:\/\/skaitytaknyga.lt\/produktas\/mark-haddon-tas-keistas-nutikimas-suniui-nakti\/\",\"name\":\"Mark Haddon \u201eTas keistas nutikimas \u0161uniui nakt\u012f\u201c - Skaitytaknyga\",\"isPartOf\":{\"@id\":\"https:\/\/skaitytaknyga.lt\/#website\"},\"primaryImageOfPage\":{\"@id\":\"https:\/\/skaitytaknyga.lt\/produktas\/mark-haddon-tas-keistas-nutikimas-suniui-nakti\/#primaryimage\"},\"image\":{\"@id\":\"https:\/\/skaitytaknyga.lt\/produktas\/mark-haddon-tas-keistas-nutikimas-suniui-nakti\/#primaryimage\"},\"thumbnailUrl\":\"https:\/\/skaitytaknyga.lt\/wp-content\/uploads\/2024\/05\/1462890770_tas-keistas-nutikimas-suniui-nakti-1.jpg\",\"datePublished\":\"2024-05-04T18:15:12+00:00\",\"dateModified\":\"2024-05-04T18:16:49+00:00\",\"description\":\"Penkiolikmetis Kristoferis \u2013 labai ne\u012fprastas knygos pasakotojas. Skaitytojas tiki ir tuo pat metu negali juo patik\u0117ti. Kristoferiui patinka skai\u010diai, schemos ir formul\u0117s, jis domisi matematika ir svajoja tapti mokslininku. Bet jis neatpa\u017e\u012fsta melo, nesupranta metafor\u0173 ir juok\u0173. Berniukas nesuvokia emocij\u0173 ir nem\u0117gsta b\u016bti lie\u010diamas \u2013 visa tai lemia Aspergerio sindromas, bet pats pasakotojas atskleid\u017eia savo poj\u016b\u010dius be medicinini\u0173 termin\u0173. Vien\u0105 vakar\u0105 Kristoferis kaimyn\u0117s sode randa \u0161ake persmeigt\u0105 \u0161un\u012f. Kadangi jam patinka \u0161unys ir detektyvai, berniukas nusprend\u017eia i\u0161siai\u0161kinti, kas nutiko pudeliui. Taip prasideda dr\u0105sos ir i\u0161bandym\u0173 kupinas nuotykis. \u201eTas keistas nutikimas \u0161uniui nakt\u012f\\\"\u00a0\u2013 itin originali ir nuo\u0161irdi knyga pasakoja apie visuomen\u0119, \u017emones ir j\u0173 santykius. Tarp Kristoferio ir jo t\u0117v\u0173, tarp Kristoferio ir kiekvieno i\u0161 m\u016bs\u0173 plyti paslaptinga bedugn\u0117, nors pagrindinis veik\u0117jas atrodo keistai artimas. \u201eTas keistas nutikimas \u0161uniui nakt\u012f\\\"\u00a0brit\u0173 ra\u0161ytojui\u00a0Markui Haddonui\u00a0peln\u0117 tarptautin\u0119 \u0161lov\u0119. Knyga su\u017eav\u0117jo milijonus skaitytoj\u0173 visame pasaulyje, pagal j\u0105 statomi spektakliai, ra\u0161omi scenarijai televizijai, rengiamasi kurti film\u0105.\",\"breadcrumb\":{\"@id\":\"https:\/\/skaitytaknyga.lt\/produktas\/mark-haddon-tas-keistas-nutikimas-suniui-nakti\/#breadcrumb\"},\"inLanguage\":\"en-GB\",\"potentialAction\":[{\"@type\":\"ReadAction\",\"target\":[\"https:\/\/skaitytaknyga.lt\/produktas\/mark-haddon-tas-keistas-nutikimas-suniui-nakti\/\"]}]},{\"@type\":\"ImageObject\",\"inLanguage\":\"en-GB\",\"@id\":\"https:\/\/skaitytaknyga.lt\/produktas\/mark-haddon-tas-keistas-nutikimas-suniui-nakti\/#primaryimage\",\"url\":\"https:\/\/skaitytaknyga.lt\/wp-content\/uploads\/2024\/05\/1462890770_tas-keistas-nutikimas-suniui-nakti-1.jpg\",\"contentUrl\":\"https:\/\/skaitytaknyga.lt\/wp-content\/uploads\/2024\/05\/1462890770_tas-keistas-nutikimas-suniui-nakti-1.jpg\",\"width\":533,\"height\":800},{\"@type\":\"BreadcrumbList\",\"@id\":\"https:\/\/skaitytaknyga.lt\/produktas\/mark-haddon-tas-keistas-nutikimas-suniui-nakti\/#breadcrumb\",\"itemListElement\":[{\"@type\":\"ListItem\",\"position\":1,\"name\":\"Home\",\"item\":\"https:\/\/skaitytaknyga.lt\/\"},{\"@type\":\"ListItem\",\"position\":2,\"name\":\"Parduotuv\u0117\",\"item\":\"https:\/\/skaitytaknyga.lt\/knygu-parduotuve\/\"},{\"@type\":\"ListItem\",\"position\":3,\"name\":\"Mark Haddon \u201eTas keistas nutikimas \u0161uniui nakt\u012f\u201c\"}]},{\"@type\":\"WebSite\",\"@id\":\"https:\/\/skaitytaknyga.lt\/#website\",\"url\":\"https:\/\/skaitytaknyga.lt\/\",\"name\":\"skaitytaknyga.lt\",\"description\":\"Skaitytaknyga.lt \u2013 tai ma\u017eas \u0161eimos verslas, kuris prasid\u0117jo nuo meil\u0117s knygoms ir siekio i\u0161gelb\u0117ti knygas nuo likimo prie konteinerio. Kas vienam nereikalingas daiktas \u2013 kitam lobis, o mes esame tarpininkai, kurie padeda abiems tapti laimingesniems ???? \u017dinome kaip nelengva i\u0161gyventi ma\u017eiems verslams, tad nuo \u0161iol, \u010dia rasite ir kit\u0173, ma\u017e\u0173 \u0161eim\u0173 versl\u0173, rank\u0173 darbo, dovan\u0173 sau ir artimiesiems.\",\"publisher\":{\"@id\":\"https:\/\/skaitytaknyga.lt\/#organization\"},\"potentialAction\":[{\"@type\":\"SearchAction\",\"target\":{\"@type\":\"EntryPoint\",\"urlTemplate\":\"https:\/\/skaitytaknyga.lt\/?s={search_term_string}\"},\"query-input\":{\"@type\":\"PropertyValueSpecification\",\"valueRequired\":true,\"valueName\":\"search_term_string\"}}],\"inLanguage\":\"en-GB\"},{\"@type\":\"Organization\",\"@id\":\"https:\/\/skaitytaknyga.lt\/#organization\",\"name\":\"skaitytaknyga.lt\",\"url\":\"https:\/\/skaitytaknyga.lt\/\",\"logo\":{\"@type\":\"ImageObject\",\"inLanguage\":\"en-GB\",\"@id\":\"https:\/\/skaitytaknyga.lt\/#\/schema\/logo\/image\/\",\"url\":\"https:\/\/skaitytaknyga.lt\/wp-content\/uploads\/2024\/05\/cropped-cropped-cropped-02_00843_jt3bggkj1j3HLc7SyY6rEUpg.jpeg\",\"contentUrl\":\"https:\/\/skaitytaknyga.lt\/wp-content\/uploads\/2024\/05\/cropped-cropped-cropped-02_00843_jt3bggkj1j3HLc7SyY6rEUpg.jpeg\",\"width\":1600,\"height\":1600,\"caption\":\"skaitytaknyga.lt\"},\"image\":{\"@id\":\"https:\/\/skaitytaknyga.lt\/#\/schema\/logo\/image\/\"},\"sameAs\":[\"https:\/\/www.facebook.com\/skaitytaknyga\/\"]}]}<\/script>\n<!-- \/ Yoast SEO plugin. -->","yoast_head_json":{"title":"Mark Haddon \u201eTas keistas nutikimas \u0161uniui nakt\u012f\u201c - Skaitytaknyga","description":"Penkiolikmetis Kristoferis \u2013 labai ne\u012fprastas knygos pasakotojas. Skaitytojas tiki ir tuo pat metu negali juo patik\u0117ti. Kristoferiui patinka skai\u010diai, schemos ir formul\u0117s, jis domisi matematika ir svajoja tapti mokslininku. Bet jis neatpa\u017e\u012fsta melo, nesupranta metafor\u0173 ir juok\u0173. Berniukas nesuvokia emocij\u0173 ir nem\u0117gsta b\u016bti lie\u010diamas \u2013 visa tai lemia Aspergerio sindromas, bet pats pasakotojas atskleid\u017eia savo poj\u016b\u010dius be medicinini\u0173 termin\u0173.  Vien\u0105 vakar\u0105 Kristoferis kaimyn\u0117s sode randa \u0161ake persmeigt\u0105 \u0161un\u012f. Kadangi jam patinka \u0161unys ir detektyvai, berniukas nusprend\u017eia i\u0161siai\u0161kinti, kas nutiko pudeliui. Taip prasideda dr\u0105sos ir i\u0161bandym\u0173 kupinas nuotykis.  \u201eTas keistas nutikimas \u0161uniui nakt\u012f\"\u00a0\u2013 itin originali ir nuo\u0161irdi knyga pasakoja apie visuomen\u0119, \u017emones ir j\u0173 santykius. Tarp Kristoferio ir jo t\u0117v\u0173, tarp Kristoferio ir kiekvieno i\u0161 m\u016bs\u0173 plyti paslaptinga bedugn\u0117, nors pagrindinis veik\u0117jas atrodo keistai artimas.  \u201eTas keistas nutikimas \u0161uniui nakt\u012f\"\u00a0brit\u0173 ra\u0161ytojui\u00a0Markui Haddonui\u00a0peln\u0117 tarptautin\u0119 \u0161lov\u0119. Knyga su\u017eav\u0117jo milijonus skaitytoj\u0173 visame pasaulyje, pagal j\u0105 statomi spektakliai, ra\u0161omi scenarijai televizijai, rengiamasi kurti film\u0105.","robots":{"index":"index","follow":"follow","max-snippet":"max-snippet:-1","max-image-preview":"max-image-preview:large","max-video-preview":"max-video-preview:-1"},"canonical":"https:\/\/skaitytaknyga.lt\/en\/produktas\/mark-haddon-tas-keistas-nutikimas-suniui-nakti\/","og_locale":"en_GB","og_type":"article","og_title":"Mark Haddon \u201eTas keistas nutikimas \u0161uniui nakt\u012f\u201c - Skaitytaknyga","og_description":"Penkiolikmetis Kristoferis \u2013 labai ne\u012fprastas knygos pasakotojas. Skaitytojas tiki ir tuo pat metu negali juo patik\u0117ti. Kristoferiui patinka skai\u010diai, schemos ir formul\u0117s, jis domisi matematika ir svajoja tapti mokslininku. Bet jis neatpa\u017e\u012fsta melo, nesupranta metafor\u0173 ir juok\u0173. Berniukas nesuvokia emocij\u0173 ir nem\u0117gsta b\u016bti lie\u010diamas \u2013 visa tai lemia Aspergerio sindromas, bet pats pasakotojas atskleid\u017eia savo poj\u016b\u010dius be medicinini\u0173 termin\u0173.  Vien\u0105 vakar\u0105 Kristoferis kaimyn\u0117s sode randa \u0161ake persmeigt\u0105 \u0161un\u012f. Kadangi jam patinka \u0161unys ir detektyvai, berniukas nusprend\u017eia i\u0161siai\u0161kinti, kas nutiko pudeliui. Taip prasideda dr\u0105sos ir i\u0161bandym\u0173 kupinas nuotykis.  \u201eTas keistas nutikimas \u0161uniui nakt\u012f\"\u00a0\u2013 itin originali ir nuo\u0161irdi knyga pasakoja apie visuomen\u0119, \u017emones ir j\u0173 santykius. Tarp Kristoferio ir jo t\u0117v\u0173, tarp Kristoferio ir kiekvieno i\u0161 m\u016bs\u0173 plyti paslaptinga bedugn\u0117, nors pagrindinis veik\u0117jas atrodo keistai artimas.  \u201eTas keistas nutikimas \u0161uniui nakt\u012f\"\u00a0brit\u0173 ra\u0161ytojui\u00a0Markui Haddonui\u00a0peln\u0117 tarptautin\u0119 \u0161lov\u0119. Knyga su\u017eav\u0117jo milijonus skaitytoj\u0173 visame pasaulyje, pagal j\u0105 statomi spektakliai, ra\u0161omi scenarijai televizijai, rengiamasi kurti film\u0105.","og_url":"https:\/\/skaitytaknyga.lt\/en\/produktas\/mark-haddon-tas-keistas-nutikimas-suniui-nakti\/","og_site_name":"Skaitytaknyga","article_publisher":"https:\/\/www.facebook.com\/skaitytaknyga\/","article_modified_time":"2024-05-04T18:16:49+00:00","og_image":[{"width":533,"height":800,"url":"https:\/\/skaitytaknyga.lt\/wp-content\/uploads\/2024\/05\/1462890770_tas-keistas-nutikimas-suniui-nakti-1.jpg","type":"image\/jpeg"}],"twitter_card":"summary_large_image","twitter_misc":{"Estimated reading time":"1 minute"},"schema":{"@context":"https:\/\/schema.org","@graph":[{"@type":"WebPage","@id":"https:\/\/skaitytaknyga.lt\/produktas\/mark-haddon-tas-keistas-nutikimas-suniui-nakti\/","url":"https:\/\/skaitytaknyga.lt\/produktas\/mark-haddon-tas-keistas-nutikimas-suniui-nakti\/","name":"Mark Haddon \u201eTas keistas nutikimas \u0161uniui nakt\u012f\u201c - Skaitytaknyga","isPartOf":{"@id":"https:\/\/skaitytaknyga.lt\/#website"},"primaryImageOfPage":{"@id":"https:\/\/skaitytaknyga.lt\/produktas\/mark-haddon-tas-keistas-nutikimas-suniui-nakti\/#primaryimage"},"image":{"@id":"https:\/\/skaitytaknyga.lt\/produktas\/mark-haddon-tas-keistas-nutikimas-suniui-nakti\/#primaryimage"},"thumbnailUrl":"https:\/\/skaitytaknyga.lt\/wp-content\/uploads\/2024\/05\/1462890770_tas-keistas-nutikimas-suniui-nakti-1.jpg","datePublished":"2024-05-04T18:15:12+00:00","dateModified":"2024-05-04T18:16:49+00:00","description":"Penkiolikmetis Kristoferis \u2013 labai ne\u012fprastas knygos pasakotojas. Skaitytojas tiki ir tuo pat metu negali juo patik\u0117ti. Kristoferiui patinka skai\u010diai, schemos ir formul\u0117s, jis domisi matematika ir svajoja tapti mokslininku. Bet jis neatpa\u017e\u012fsta melo, nesupranta metafor\u0173 ir juok\u0173. Berniukas nesuvokia emocij\u0173 ir nem\u0117gsta b\u016bti lie\u010diamas \u2013 visa tai lemia Aspergerio sindromas, bet pats pasakotojas atskleid\u017eia savo poj\u016b\u010dius be medicinini\u0173 termin\u0173. Vien\u0105 vakar\u0105 Kristoferis kaimyn\u0117s sode randa \u0161ake persmeigt\u0105 \u0161un\u012f. Kadangi jam patinka \u0161unys ir detektyvai, berniukas nusprend\u017eia i\u0161siai\u0161kinti, kas nutiko pudeliui. Taip prasideda dr\u0105sos ir i\u0161bandym\u0173 kupinas nuotykis. \u201eTas keistas nutikimas \u0161uniui nakt\u012f\"\u00a0\u2013 itin originali ir nuo\u0161irdi knyga pasakoja apie visuomen\u0119, \u017emones ir j\u0173 santykius. Tarp Kristoferio ir jo t\u0117v\u0173, tarp Kristoferio ir kiekvieno i\u0161 m\u016bs\u0173 plyti paslaptinga bedugn\u0117, nors pagrindinis veik\u0117jas atrodo keistai artimas. \u201eTas keistas nutikimas \u0161uniui nakt\u012f\"\u00a0brit\u0173 ra\u0161ytojui\u00a0Markui Haddonui\u00a0peln\u0117 tarptautin\u0119 \u0161lov\u0119. Knyga su\u017eav\u0117jo milijonus skaitytoj\u0173 visame pasaulyje, pagal j\u0105 statomi spektakliai, ra\u0161omi scenarijai televizijai, rengiamasi kurti film\u0105.","breadcrumb":{"@id":"https:\/\/skaitytaknyga.lt\/produktas\/mark-haddon-tas-keistas-nutikimas-suniui-nakti\/#breadcrumb"},"inLanguage":"en-GB","potentialAction":[{"@type":"ReadAction","target":["https:\/\/skaitytaknyga.lt\/produktas\/mark-haddon-tas-keistas-nutikimas-suniui-nakti\/"]}]},{"@type":"ImageObject","inLanguage":"en-GB","@id":"https:\/\/skaitytaknyga.lt\/produktas\/mark-haddon-tas-keistas-nutikimas-suniui-nakti\/#primaryimage","url":"https:\/\/skaitytaknyga.lt\/wp-content\/uploads\/2024\/05\/1462890770_tas-keistas-nutikimas-suniui-nakti-1.jpg","contentUrl":"https:\/\/skaitytaknyga.lt\/wp-content\/uploads\/2024\/05\/1462890770_tas-keistas-nutikimas-suniui-nakti-1.jpg","width":533,"height":800},{"@type":"BreadcrumbList","@id":"https:\/\/skaitytaknyga.lt\/produktas\/mark-haddon-tas-keistas-nutikimas-suniui-nakti\/#breadcrumb","itemListElement":[{"@type":"ListItem","position":1,"name":"Home","item":"https:\/\/skaitytaknyga.lt\/"},{"@type":"ListItem","position":2,"name":"Parduotuv\u0117","item":"https:\/\/skaitytaknyga.lt\/knygu-parduotuve\/"},{"@type":"ListItem","position":3,"name":"Mark Haddon \u201eTas keistas nutikimas \u0161uniui nakt\u012f\u201c"}]},{"@type":"WebSite","@id":"https:\/\/skaitytaknyga.lt\/#website","url":"https:\/\/skaitytaknyga.lt\/","name":"skaitytaknyga.lt","description":"Skaitytaknyga.lt \u2013 tai ma\u017eas \u0161eimos verslas, kuris prasid\u0117jo nuo meil\u0117s knygoms ir siekio i\u0161gelb\u0117ti knygas nuo likimo prie konteinerio. Kas vienam nereikalingas daiktas \u2013 kitam lobis, o mes esame tarpininkai, kurie padeda abiems tapti laimingesniems ???? \u017dinome kaip nelengva i\u0161gyventi ma\u017eiems verslams, tad nuo \u0161iol, \u010dia rasite ir kit\u0173, ma\u017e\u0173 \u0161eim\u0173 versl\u0173, rank\u0173 darbo, dovan\u0173 sau ir artimiesiems.","publisher":{"@id":"https:\/\/skaitytaknyga.lt\/#organization"},"potentialAction":[{"@type":"SearchAction","target":{"@type":"EntryPoint","urlTemplate":"https:\/\/skaitytaknyga.lt\/?s={search_term_string}"},"query-input":{"@type":"PropertyValueSpecification","valueRequired":true,"valueName":"search_term_string"}}],"inLanguage":"en-GB"},{"@type":"Organization","@id":"https:\/\/skaitytaknyga.lt\/#organization","name":"skaitytaknyga.lt","url":"https:\/\/skaitytaknyga.lt\/","logo":{"@type":"ImageObject","inLanguage":"en-GB","@id":"https:\/\/skaitytaknyga.lt\/#\/schema\/logo\/image\/","url":"https:\/\/skaitytaknyga.lt\/wp-content\/uploads\/2024\/05\/cropped-cropped-cropped-02_00843_jt3bggkj1j3HLc7SyY6rEUpg.jpeg","contentUrl":"https:\/\/skaitytaknyga.lt\/wp-content\/uploads\/2024\/05\/cropped-cropped-cropped-02_00843_jt3bggkj1j3HLc7SyY6rEUpg.jpeg","width":1600,"height":1600,"caption":"skaitytaknyga.lt"},"image":{"@id":"https:\/\/skaitytaknyga.lt\/#\/schema\/logo\/image\/"},"sameAs":["https:\/\/www.facebook.com\/skaitytaknyga\/"]}]}},"_links":{"self":[{"href":"https:\/\/skaitytaknyga.lt\/en\/wp-json\/wp\/v2\/product\/10408","targetHints":{"allow":["GET"]}}],"collection":[{"href":"https:\/\/skaitytaknyga.lt\/en\/wp-json\/wp\/v2\/product"}],"about":[{"href":"https:\/\/skaitytaknyga.lt\/en\/wp-json\/wp\/v2\/types\/product"}],"replies":[{"embeddable":true,"href":"https:\/\/skaitytaknyga.lt\/en\/wp-json\/wp\/v2\/comments?post=10408"}],"wp:featuredmedia":[{"embeddable":true,"href":"https:\/\/skaitytaknyga.lt\/en\/wp-json\/wp\/v2\/media\/10459"}],"wp:attachment":[{"href":"https:\/\/skaitytaknyga.lt\/en\/wp-json\/wp\/v2\/media?parent=10408"}],"wp:term":[{"taxonomy":"product_brand","embeddable":true,"href":"https:\/\/skaitytaknyga.lt\/en\/wp-json\/wp\/v2\/product_brand?post=10408"},{"taxonomy":"product_cat","embeddable":true,"href":"https:\/\/skaitytaknyga.lt\/en\/wp-json\/wp\/v2\/product_cat?post=10408"},{"taxonomy":"product_tag","embeddable":true,"href":"https:\/\/skaitytaknyga.lt\/en\/wp-json\/wp\/v2\/product_tag?post=10408"}],"curies":[{"name":"wp","href":"https:\/\/api.w.org\/{rel}","templated":true}]}}