{"id":10406,"date":"2024-05-04T21:15:12","date_gmt":"2024-05-04T18:15:12","guid":{"rendered":"https:\/\/skaitytaknyga.lt\/?post_type=product&#038;p=10406"},"modified":"2025-06-13T17:45:05","modified_gmt":"2025-06-13T14:45:05","slug":"dzordzas-ir-visatos-paslaptys","status":"publish","type":"product","link":"https:\/\/skaitytaknyga.lt\/en\/produktas\/dzordzas-ir-visatos-paslaptys\/","title":{"rendered":"D\u017eord\u017eas ir Visatos paslaptys"},"content":{"rendered":"<div>Sveiki atvyk\u0119 \u012f Visat\u0105!<\/div>\n<div><\/div>\n<div>Kai D\u017eord\u017eo augintinis par\u0161as pro tvor\u0105 pasprunka \u012f gretim\u0105 sod\u0105, berniukas netik\u0117tai susipa\u017e\u012fsta su naujaisiais kaimynais \u2014 Ane ir jos t\u0117\u010diu, mokslininku Eriku.<\/div>\n<div><\/div>\n<div>Pasirodo, An\u0117s t\u0117tis turi galingiausi\u0105 pasaulyje kompiuter\u012f \u2014 proting\u0105j\u012f Kosmos\u0105, kuris D\u017eord\u017e\u0105\u00a0 su draugais gali perkelti \u012f bet kuri\u0105 Visatos viet\u0105. Prasideda kvap\u0105 gniau\u017eiantys D\u017eord\u017eo nuotykiai ir kelion\u0117s kosmine erdve pro planetas, asteroidus iki pat Saul\u0117s sistemos pakra\u0161\u010di\u0173 ir dar toliau&#8230;<\/div>\n<div><\/div>\n<div>Deja, kai kas trok\u0161ta nugvelbti Kosmos\u0105 ir panaudoti nedoram tikslui. D\u017eord\u017eui ir jo draugams gresia neapsakomas pavojus.<\/div>\n<div><\/div>\n<div>Kosmin\u0117je erdv\u0117je n\u0117ra nieko pavojingesnio u\u017e juod\u0105j\u0105 skyl\u0119&#8230;<\/div>\n<div><\/div>\n<div>\u0160i nepaprasta knyga \u017eada skaitytojui intriguojam\u0105 ir smagi\u0105 kelion\u0119, atskleid\u017eian\u010di\u0105 gausyb\u0119 \u012fdomi\u0173 mokslo fakt\u0173 apie Visat\u0105 ir planetas bei mokslininko Stiveno Hokingo id\u0117jas apie juod\u0173j\u0173 skyli\u0173 savybes. Knygoje pateikta daug tikr\u0173 spalvot\u0173 kosmini\u0173 k\u016bn\u0173 nuotrauk\u0173!<\/div>\n<div><\/div>\n<div>Apie autorius<\/div>\n<div><\/div>\n<div>Lucy Hawking \u2014 dviej\u0173 roman\u0173 autor\u0117, bendradarbiauja daugelyje Did\u017eiosios Britanijos laikra\u0161\u010di\u0173. Su s\u016bnumi gyvena Kembrid\u017ee.<\/div>\n<div><\/div>\n<div>Stephenas Hawkingas \u2014 Kembrid\u017eo universiteto Lukaso katedros matematin\u0117s ir teorin\u0117s fizikos profesorius. Jis pla\u010diai \u017einomas kaip vienas talentingiausi\u0173 fizik\u0173 teoretik\u0173 po Ein\u0161teino. Visuomenei skirta jo knyga The Universe in a Nutshell (\u201eVisata rie\u0161uto kevale\u201c, lietuvi\u0173 kalba i\u0161leista 2003 m.), i\u0161versta \u012f daugiau kaip 30 kalb\u0173, tapo pasauliniu bestseleriu (buvo parduota per 12 mln. jos egzempliori\u0173).<\/div>\n<div><\/div>\n<div>\u201eD\u017eord\u017eas ir Visatos paslaptys\u201c \u2014 pirmoji bendra t\u0117vo ir dukters, Stiveno ir Liusi Hoking\u0173, knyga.<\/div>\n<div><\/div>\n<div>Kristofas Galfardas (Christophe Galfard) \u2014 moksl\u0173 daktaras, buv\u0119s Stiveno Hokingo doktorantas. Jis bendradarbiavo rengdamas \u0161iai knygai mokslin\u0119 vaizdin\u0119 med\u017eiag\u0105 ir konkre\u010dius duomenis. Kristofas dabar gyvena Pranc\u016bzijoje, kur jis i\u0161moningai populiarina moksl\u0105.<\/div>\n<div><\/div>\n","protected":false},"excerpt":{"rendered":"<p>Sveiki atvyk\u0119 \u012f Visat\u0105! Kai D\u017eord\u017eo augintinis par\u0161as pro tvor\u0105 pasprunka \u012f gretim\u0105 sod\u0105, berniukas netik\u0117tai susipa\u017e\u012fsta su naujaisiais kaimynais \u2014 Ane ir jos t\u0117\u010diu, mokslininku Eriku. Pasirodo, An\u0117s t\u0117tis turi galingiausi\u0105 pasaulyje kompiuter\u012f \u2014 proting\u0105j\u012f Kosmos\u0105, kuris D\u017eord\u017e\u0105\u00a0 su draugais gali perkelti \u012f bet kuri\u0105 Visatos viet\u0105. Prasideda kvap\u0105 gniau\u017eiantys D\u017eord\u017eo nuotykiai ir kelion\u0117s kosmine erdve pro planetas, asteroidus iki pat Saul\u0117s sistemos pakra\u0161\u010di\u0173 ir dar toliau&#8230; Deja, kai kas trok\u0161ta nugvelbti Kosmos\u0105 ir panaudoti nedoram tikslui. D\u017eord\u017eui ir jo draugams gresia neapsakomas pavojus. Kosmin\u0117je erdv\u0117je n\u0117ra nieko pavojingesnio u\u017e juod\u0105j\u0105 skyl\u0119&#8230; \u0160i nepaprasta knyga \u017eada skaitytojui intriguojam\u0105 ir smagi\u0105 kelion\u0119, atskleid\u017eian\u010di\u0105 gausyb\u0119 \u012fdomi\u0173 mokslo fakt\u0173 apie Visat\u0105 ir planetas bei mokslininko Stiveno Hokingo id\u0117jas apie juod\u0173j\u0173 skyli\u0173 savybes. Knygoje pateikta daug tikr\u0173 spalvot\u0173 kosmini\u0173 k\u016bn\u0173 nuotrauk\u0173! Apie autorius Lucy Hawking \u2014 dviej\u0173 roman\u0173 autor\u0117, bendradarbiauja daugelyje Did\u017eiosios Britanijos laikra\u0161\u010di\u0173. Su s\u016bnumi gyvena Kembrid\u017ee. Stephenas Hawkingas \u2014 Kembrid\u017eo universiteto Lukaso katedros matematin\u0117s ir teorin\u0117s fizikos profesorius. Jis pla\u010diai \u017einomas kaip vienas talentingiausi\u0173 fizik\u0173 teoretik\u0173 po Ein\u0161teino. Visuomenei skirta jo knyga The Universe in a Nutshell (\u201eVisata rie\u0161uto kevale\u201c, lietuvi\u0173 kalba i\u0161leista 2003 m.), i\u0161versta \u012f daugiau kaip 30 kalb\u0173, tapo pasauliniu bestseleriu (buvo parduota per 12 mln. jos egzempliori\u0173). \u201eD\u017eord\u017eas ir Visatos paslaptys\u201c \u2014 pirmoji bendra t\u0117vo ir dukters, Stiveno ir Liusi Hoking\u0173, knyga. Kristofas Galfardas (Christophe Galfard) \u2014 moksl\u0173 daktaras, buv\u0119s Stiveno Hokingo doktorantas. Jis bendradarbiavo rengdamas \u0161iai knygai mokslin\u0119 vaizdin\u0119 med\u017eiag\u0105 ir konkre\u010dius duomenis. Kristofas dabar gyvena Pranc\u016bzijoje, kur jis i\u0161moningai populiarina moksl\u0105.<\/p>\n","protected":false},"featured_media":10451,"comment_status":"closed","ping_status":"closed","template":"","meta":{"_acf_changed":false,"site-sidebar-layout":"default","site-content-layout":"","ast-site-content-layout":"default","site-content-style":"default","site-sidebar-style":"default","ast-global-header-display":"","ast-banner-title-visibility":"","ast-main-header-display":"","ast-hfb-above-header-display":"","ast-hfb-below-header-display":"","ast-hfb-mobile-header-display":"","site-post-title":"","ast-breadcrumbs-content":"","ast-featured-img":"","footer-sml-layout":"","ast-disable-related-posts":"","theme-transparent-header-meta":"","adv-header-id-meta":"","stick-header-meta":"","header-above-stick-meta":"","header-main-stick-meta":"","header-below-stick-meta":"","astra-migrate-meta-layouts":"default","ast-page-background-enabled":"default","ast-page-background-meta":{"desktop":{"background-color":"","background-image":"","background-repeat":"repeat","background-position":"center center","background-size":"auto","background-attachment":"scroll","background-type":"","background-media":"","overlay-type":"","overlay-color":"","overlay-opacity":"","overlay-gradient":""},"tablet":{"background-color":"","background-image":"","background-repeat":"repeat","background-position":"center center","background-size":"auto","background-attachment":"scroll","background-type":"","background-media":"","overlay-type":"","overlay-color":"","overlay-opacity":"","overlay-gradient":""},"mobile":{"background-color":"","background-image":"","background-repeat":"repeat","background-position":"center center","background-size":"auto","background-attachment":"scroll","background-type":"","background-media":"","overlay-type":"","overlay-color":"","overlay-opacity":"","overlay-gradient":""}},"ast-content-background-meta":{"desktop":{"background-color":"var(--ast-global-color-4)","background-image":"","background-repeat":"repeat","background-position":"center center","background-size":"auto","background-attachment":"scroll","background-type":"","background-media":"","overlay-type":"","overlay-color":"","overlay-opacity":"","overlay-gradient":""},"tablet":{"background-color":"var(--ast-global-color-4)","background-image":"","background-repeat":"repeat","background-position":"center center","background-size":"auto","background-attachment":"scroll","background-type":"","background-media":"","overlay-type":"","overlay-color":"","overlay-opacity":"","overlay-gradient":""},"mobile":{"background-color":"var(--ast-global-color-4)","background-image":"","background-repeat":"repeat","background-position":"center center","background-size":"auto","background-attachment":"scroll","background-type":"","background-media":"","overlay-type":"","overlay-color":"","overlay-opacity":"","overlay-gradient":""}}},"product_brand":[],"product_cat":[35],"product_tag":[],"class_list":{"0":"post-10406","1":"product","2":"type-product","3":"status-publish","4":"has-post-thumbnail","6":"product_cat-vaikams-ir-paaugliams","7":"pa_leidimo-metai-652","8":"desktop-align-left","9":"tablet-align-left","10":"mobile-align-left","12":"first","13":"instock","14":"shipping-taxable","15":"purchasable","16":"product-type-simple"},"acf":[],"yoast_head":"<!-- This site is optimized with the Yoast SEO plugin v27.0 - https:\/\/yoast.com\/product\/yoast-seo-wordpress\/ -->\n<title>D\u017eord\u017eas ir Visatos paslaptys<\/title>\n<meta name=\"description\" content=\"Sveiki atvyk\u0119 \u012f Visat\u0105! Kai D\u017eord\u017eo augintinis par\u0161as pro tvor\u0105 pasprunka \u012f gretim\u0105 sod\u0105, berniukas netik\u0117tai susipa\u017e\u012fsta su naujaisiais kaimynais \u2014 Ane\" \/>\n<meta name=\"robots\" content=\"index, follow, max-snippet:-1, max-image-preview:large, max-video-preview:-1\" \/>\n<link rel=\"canonical\" href=\"https:\/\/skaitytaknyga.lt\/en\/produktas\/dzordzas-ir-visatos-paslaptys\/\" \/>\n<meta property=\"og:locale\" content=\"en_GB\" \/>\n<meta property=\"og:locale:alternate\" content=\"lt_LT\" \/>\n<meta property=\"og:type\" content=\"article\" \/>\n<meta property=\"og:title\" content=\"D\u017eord\u017eas ir Visatos paslaptys\" \/>\n<meta property=\"og:description\" content=\"Sveiki atvyk\u0119 \u012f Visat\u0105! Kai D\u017eord\u017eo augintinis par\u0161as pro tvor\u0105 pasprunka \u012f gretim\u0105 sod\u0105, berniukas netik\u0117tai susipa\u017e\u012fsta su naujaisiais kaimynais \u2014 Ane\" \/>\n<meta property=\"og:url\" content=\"https:\/\/skaitytaknyga.lt\/en\/produktas\/dzordzas-ir-visatos-paslaptys\/\" \/>\n<meta property=\"og:site_name\" content=\"Skaitytaknyga\" \/>\n<meta property=\"article:publisher\" content=\"https:\/\/www.facebook.com\/skaitytaknyga\/\" \/>\n<meta property=\"article:modified_time\" content=\"2025-06-13T14:45:05+00:00\" \/>\n<meta property=\"og:image\" content=\"https:\/\/skaitytaknyga.lt\/wp-content\/uploads\/2024\/05\/000000000002186657-609a364ce24c8-asset-knyguklubas-9789955133094_dzordzas-ir-visatos-paslaptys.webp\" \/>\n\t<meta property=\"og:image:width\" content=\"541\" \/>\n\t<meta property=\"og:image:height\" content=\"700\" \/>\n\t<meta property=\"og:image:type\" content=\"image\/webp\" \/>\n<meta name=\"twitter:card\" content=\"summary_large_image\" \/>\n<meta name=\"twitter:label1\" content=\"Estimated reading time\" \/>\n\t<meta name=\"twitter:data1\" content=\"1 minute\" \/>\n<script type=\"application\/ld+json\" class=\"yoast-schema-graph\">{\"@context\":\"https:\/\/schema.org\",\"@graph\":[{\"@type\":\"WebPage\",\"@id\":\"https:\/\/skaitytaknyga.lt\/produktas\/dzordzas-ir-visatos-paslaptys\/\",\"url\":\"https:\/\/skaitytaknyga.lt\/produktas\/dzordzas-ir-visatos-paslaptys\/\",\"name\":\"D\u017eord\u017eas ir Visatos paslaptys\",\"isPartOf\":{\"@id\":\"https:\/\/skaitytaknyga.lt\/#website\"},\"primaryImageOfPage\":{\"@id\":\"https:\/\/skaitytaknyga.lt\/produktas\/dzordzas-ir-visatos-paslaptys\/#primaryimage\"},\"image\":{\"@id\":\"https:\/\/skaitytaknyga.lt\/produktas\/dzordzas-ir-visatos-paslaptys\/#primaryimage\"},\"thumbnailUrl\":\"https:\/\/skaitytaknyga.lt\/wp-content\/uploads\/2024\/05\/000000000002186657-609a364ce24c8-asset-knyguklubas-9789955133094_dzordzas-ir-visatos-paslaptys.webp\",\"datePublished\":\"2024-05-04T18:15:12+00:00\",\"dateModified\":\"2025-06-13T14:45:05+00:00\",\"description\":\"Sveiki atvyk\u0119 \u012f Visat\u0105! Kai D\u017eord\u017eo augintinis par\u0161as pro tvor\u0105 pasprunka \u012f gretim\u0105 sod\u0105, berniukas netik\u0117tai susipa\u017e\u012fsta su naujaisiais kaimynais \u2014 Ane\",\"breadcrumb\":{\"@id\":\"https:\/\/skaitytaknyga.lt\/produktas\/dzordzas-ir-visatos-paslaptys\/#breadcrumb\"},\"inLanguage\":\"en-GB\",\"potentialAction\":[{\"@type\":\"ReadAction\",\"target\":[\"https:\/\/skaitytaknyga.lt\/produktas\/dzordzas-ir-visatos-paslaptys\/\"]}]},{\"@type\":\"ImageObject\",\"inLanguage\":\"en-GB\",\"@id\":\"https:\/\/skaitytaknyga.lt\/produktas\/dzordzas-ir-visatos-paslaptys\/#primaryimage\",\"url\":\"https:\/\/skaitytaknyga.lt\/wp-content\/uploads\/2024\/05\/000000000002186657-609a364ce24c8-asset-knyguklubas-9789955133094_dzordzas-ir-visatos-paslaptys.webp\",\"contentUrl\":\"https:\/\/skaitytaknyga.lt\/wp-content\/uploads\/2024\/05\/000000000002186657-609a364ce24c8-asset-knyguklubas-9789955133094_dzordzas-ir-visatos-paslaptys.webp\",\"width\":541,\"height\":700,\"caption\":\"D\u017eord\u017eas ir Visatos paslaptys\"},{\"@type\":\"BreadcrumbList\",\"@id\":\"https:\/\/skaitytaknyga.lt\/produktas\/dzordzas-ir-visatos-paslaptys\/#breadcrumb\",\"itemListElement\":[{\"@type\":\"ListItem\",\"position\":1,\"name\":\"Home\",\"item\":\"https:\/\/skaitytaknyga.lt\/\"},{\"@type\":\"ListItem\",\"position\":2,\"name\":\"Parduotuv\u0117\",\"item\":\"https:\/\/skaitytaknyga.lt\/knygu-parduotuve\/\"},{\"@type\":\"ListItem\",\"position\":3,\"name\":\"D\u017eord\u017eas ir Visatos paslaptys\"}]},{\"@type\":\"WebSite\",\"@id\":\"https:\/\/skaitytaknyga.lt\/#website\",\"url\":\"https:\/\/skaitytaknyga.lt\/\",\"name\":\"skaitytaknyga.lt\",\"description\":\"Skaitytaknyga.lt \u2013 tai ma\u017eas \u0161eimos verslas, kuris prasid\u0117jo nuo meil\u0117s knygoms ir siekio i\u0161gelb\u0117ti knygas nuo likimo prie konteinerio. Kas vienam nereikalingas daiktas \u2013 kitam lobis, o mes esame tarpininkai, kurie padeda abiems tapti laimingesniems ???? \u017dinome kaip nelengva i\u0161gyventi ma\u017eiems verslams, tad nuo \u0161iol, \u010dia rasite ir kit\u0173, ma\u017e\u0173 \u0161eim\u0173 versl\u0173, rank\u0173 darbo, dovan\u0173 sau ir artimiesiems.\",\"publisher\":{\"@id\":\"https:\/\/skaitytaknyga.lt\/#organization\"},\"potentialAction\":[{\"@type\":\"SearchAction\",\"target\":{\"@type\":\"EntryPoint\",\"urlTemplate\":\"https:\/\/skaitytaknyga.lt\/?s={search_term_string}\"},\"query-input\":{\"@type\":\"PropertyValueSpecification\",\"valueRequired\":true,\"valueName\":\"search_term_string\"}}],\"inLanguage\":\"en-GB\"},{\"@type\":\"Organization\",\"@id\":\"https:\/\/skaitytaknyga.lt\/#organization\",\"name\":\"skaitytaknyga.lt\",\"url\":\"https:\/\/skaitytaknyga.lt\/\",\"logo\":{\"@type\":\"ImageObject\",\"inLanguage\":\"en-GB\",\"@id\":\"https:\/\/skaitytaknyga.lt\/#\/schema\/logo\/image\/\",\"url\":\"https:\/\/skaitytaknyga.lt\/wp-content\/uploads\/2024\/05\/cropped-cropped-cropped-02_00843_jt3bggkj1j3HLc7SyY6rEUpg.jpeg\",\"contentUrl\":\"https:\/\/skaitytaknyga.lt\/wp-content\/uploads\/2024\/05\/cropped-cropped-cropped-02_00843_jt3bggkj1j3HLc7SyY6rEUpg.jpeg\",\"width\":1600,\"height\":1600,\"caption\":\"skaitytaknyga.lt\"},\"image\":{\"@id\":\"https:\/\/skaitytaknyga.lt\/#\/schema\/logo\/image\/\"},\"sameAs\":[\"https:\/\/www.facebook.com\/skaitytaknyga\/\"]}]}<\/script>\n<!-- \/ Yoast SEO plugin. -->","yoast_head_json":{"title":"D\u017eord\u017eas ir Visatos paslaptys","description":"Sveiki atvyk\u0119 \u012f Visat\u0105! Kai D\u017eord\u017eo augintinis par\u0161as pro tvor\u0105 pasprunka \u012f gretim\u0105 sod\u0105, berniukas netik\u0117tai susipa\u017e\u012fsta su naujaisiais kaimynais \u2014 Ane","robots":{"index":"index","follow":"follow","max-snippet":"max-snippet:-1","max-image-preview":"max-image-preview:large","max-video-preview":"max-video-preview:-1"},"canonical":"https:\/\/skaitytaknyga.lt\/en\/produktas\/dzordzas-ir-visatos-paslaptys\/","og_locale":"en_GB","og_type":"article","og_title":"[:lt]D\u017eord\u017eas ir Visatos paslaptys[:] - Skaitytaknyga","og_description":"Sveiki atvyk\u0119 \u012f Visat\u0105! Kai D\u017eord\u017eo augintinis par\u0161as pro tvor\u0105 pasprunka \u012f gretim\u0105 sod\u0105, berniukas netik\u0117tai susipa\u017e\u012fsta su naujaisiais kaimynais \u2014 Ane","og_url":"https:\/\/skaitytaknyga.lt\/en\/produktas\/dzordzas-ir-visatos-paslaptys\/","og_site_name":"Skaitytaknyga","article_publisher":"https:\/\/www.facebook.com\/skaitytaknyga\/","article_modified_time":"2025-06-13T14:45:05+00:00","og_image":[{"width":541,"height":700,"url":"https:\/\/skaitytaknyga.lt\/wp-content\/uploads\/2024\/05\/000000000002186657-609a364ce24c8-asset-knyguklubas-9789955133094_dzordzas-ir-visatos-paslaptys.webp","type":"image\/webp"}],"twitter_card":"summary_large_image","twitter_misc":{"Estimated reading time":"1 minute"},"schema":{"@context":"https:\/\/schema.org","@graph":[{"@type":"WebPage","@id":"https:\/\/skaitytaknyga.lt\/produktas\/dzordzas-ir-visatos-paslaptys\/","url":"https:\/\/skaitytaknyga.lt\/produktas\/dzordzas-ir-visatos-paslaptys\/","name":"D\u017eord\u017eas ir Visatos paslaptys","isPartOf":{"@id":"https:\/\/skaitytaknyga.lt\/#website"},"primaryImageOfPage":{"@id":"https:\/\/skaitytaknyga.lt\/produktas\/dzordzas-ir-visatos-paslaptys\/#primaryimage"},"image":{"@id":"https:\/\/skaitytaknyga.lt\/produktas\/dzordzas-ir-visatos-paslaptys\/#primaryimage"},"thumbnailUrl":"https:\/\/skaitytaknyga.lt\/wp-content\/uploads\/2024\/05\/000000000002186657-609a364ce24c8-asset-knyguklubas-9789955133094_dzordzas-ir-visatos-paslaptys.webp","datePublished":"2024-05-04T18:15:12+00:00","dateModified":"2025-06-13T14:45:05+00:00","description":"Sveiki atvyk\u0119 \u012f Visat\u0105! Kai D\u017eord\u017eo augintinis par\u0161as pro tvor\u0105 pasprunka \u012f gretim\u0105 sod\u0105, berniukas netik\u0117tai susipa\u017e\u012fsta su naujaisiais kaimynais \u2014 Ane","breadcrumb":{"@id":"https:\/\/skaitytaknyga.lt\/produktas\/dzordzas-ir-visatos-paslaptys\/#breadcrumb"},"inLanguage":"en-GB","potentialAction":[{"@type":"ReadAction","target":["https:\/\/skaitytaknyga.lt\/produktas\/dzordzas-ir-visatos-paslaptys\/"]}]},{"@type":"ImageObject","inLanguage":"en-GB","@id":"https:\/\/skaitytaknyga.lt\/produktas\/dzordzas-ir-visatos-paslaptys\/#primaryimage","url":"https:\/\/skaitytaknyga.lt\/wp-content\/uploads\/2024\/05\/000000000002186657-609a364ce24c8-asset-knyguklubas-9789955133094_dzordzas-ir-visatos-paslaptys.webp","contentUrl":"https:\/\/skaitytaknyga.lt\/wp-content\/uploads\/2024\/05\/000000000002186657-609a364ce24c8-asset-knyguklubas-9789955133094_dzordzas-ir-visatos-paslaptys.webp","width":541,"height":700,"caption":"D\u017eord\u017eas ir Visatos paslaptys"},{"@type":"BreadcrumbList","@id":"https:\/\/skaitytaknyga.lt\/produktas\/dzordzas-ir-visatos-paslaptys\/#breadcrumb","itemListElement":[{"@type":"ListItem","position":1,"name":"Home","item":"https:\/\/skaitytaknyga.lt\/"},{"@type":"ListItem","position":2,"name":"Parduotuv\u0117","item":"https:\/\/skaitytaknyga.lt\/knygu-parduotuve\/"},{"@type":"ListItem","position":3,"name":"D\u017eord\u017eas ir Visatos paslaptys"}]},{"@type":"WebSite","@id":"https:\/\/skaitytaknyga.lt\/#website","url":"https:\/\/skaitytaknyga.lt\/","name":"skaitytaknyga.lt","description":"Skaitytaknyga.lt \u2013 tai ma\u017eas \u0161eimos verslas, kuris prasid\u0117jo nuo meil\u0117s knygoms ir siekio i\u0161gelb\u0117ti knygas nuo likimo prie konteinerio. Kas vienam nereikalingas daiktas \u2013 kitam lobis, o mes esame tarpininkai, kurie padeda abiems tapti laimingesniems ???? \u017dinome kaip nelengva i\u0161gyventi ma\u017eiems verslams, tad nuo \u0161iol, \u010dia rasite ir kit\u0173, ma\u017e\u0173 \u0161eim\u0173 versl\u0173, rank\u0173 darbo, dovan\u0173 sau ir artimiesiems.","publisher":{"@id":"https:\/\/skaitytaknyga.lt\/#organization"},"potentialAction":[{"@type":"SearchAction","target":{"@type":"EntryPoint","urlTemplate":"https:\/\/skaitytaknyga.lt\/?s={search_term_string}"},"query-input":{"@type":"PropertyValueSpecification","valueRequired":true,"valueName":"search_term_string"}}],"inLanguage":"en-GB"},{"@type":"Organization","@id":"https:\/\/skaitytaknyga.lt\/#organization","name":"skaitytaknyga.lt","url":"https:\/\/skaitytaknyga.lt\/","logo":{"@type":"ImageObject","inLanguage":"en-GB","@id":"https:\/\/skaitytaknyga.lt\/#\/schema\/logo\/image\/","url":"https:\/\/skaitytaknyga.lt\/wp-content\/uploads\/2024\/05\/cropped-cropped-cropped-02_00843_jt3bggkj1j3HLc7SyY6rEUpg.jpeg","contentUrl":"https:\/\/skaitytaknyga.lt\/wp-content\/uploads\/2024\/05\/cropped-cropped-cropped-02_00843_jt3bggkj1j3HLc7SyY6rEUpg.jpeg","width":1600,"height":1600,"caption":"skaitytaknyga.lt"},"image":{"@id":"https:\/\/skaitytaknyga.lt\/#\/schema\/logo\/image\/"},"sameAs":["https:\/\/www.facebook.com\/skaitytaknyga\/"]}]}},"_links":{"self":[{"href":"https:\/\/skaitytaknyga.lt\/en\/wp-json\/wp\/v2\/product\/10406","targetHints":{"allow":["GET"]}}],"collection":[{"href":"https:\/\/skaitytaknyga.lt\/en\/wp-json\/wp\/v2\/product"}],"about":[{"href":"https:\/\/skaitytaknyga.lt\/en\/wp-json\/wp\/v2\/types\/product"}],"replies":[{"embeddable":true,"href":"https:\/\/skaitytaknyga.lt\/en\/wp-json\/wp\/v2\/comments?post=10406"}],"wp:featuredmedia":[{"embeddable":true,"href":"https:\/\/skaitytaknyga.lt\/en\/wp-json\/wp\/v2\/media\/10451"}],"wp:attachment":[{"href":"https:\/\/skaitytaknyga.lt\/en\/wp-json\/wp\/v2\/media?parent=10406"}],"wp:term":[{"taxonomy":"product_brand","embeddable":true,"href":"https:\/\/skaitytaknyga.lt\/en\/wp-json\/wp\/v2\/product_brand?post=10406"},{"taxonomy":"product_cat","embeddable":true,"href":"https:\/\/skaitytaknyga.lt\/en\/wp-json\/wp\/v2\/product_cat?post=10406"},{"taxonomy":"product_tag","embeddable":true,"href":"https:\/\/skaitytaknyga.lt\/en\/wp-json\/wp\/v2\/product_tag?post=10406"}],"curies":[{"name":"wp","href":"https:\/\/api.w.org\/{rel}","templated":true}]}}