{"id":10404,"date":"2024-05-04T18:15:12","date_gmt":"2024-05-04T18:15:12","guid":{"rendered":"https:\/\/skaitytaknyga.lt\/?post_type=product&#038;p=10404"},"modified":"2025-09-13T19:52:58","modified_gmt":"2025-09-13T16:52:58","slug":"john-flanagan-zvalgo-mokinys-gorlano-griuvesiai-pagelte-lapai","status":"publish","type":"product","link":"https:\/\/skaitytaknyga.lt\/en\/produktas\/john-flanagan-zvalgo-mokinys-gorlano-griuvesiai-pagelte-lapai\/","title":{"rendered":"John Flanagan \u201e\u017dvalgo mokinys. Gorlano griuv\u0117siai\u201c (pagelt\u0119 lapai)"},"content":{"rendered":"<p>Kai penkiolikmetis Vilis tampa paslaptingojo \u017evalgo Holto mokiniu, jam tenka i\u0161mokti joti, \u0161audyti i\u0161 lanko, svaidyti peil\u012f, sekti p\u0117dsakais ir tobulai maskuotis. B\u016bti tikru mi\u0161kiniu \u2013 tai \u017einoti, kas yra draugyst\u0117, dr\u0105sa, s\u0105\u017einingumas ir garb\u0117. O \u017eygdarbiai, atliekami nepasteb\u0117tai, \u2013 tai \u017evalgo kasdienyb\u0117. Pasklidus gandams apie Aralueno karalystei gresiant\u012f, Vilio gyvenimo nuotykis tik prasideda.<\/p>\n<p>Tai pirmoji austral\u0173 ra\u0161ytojo Johno Flanagano fantasy serijos paaugliams knyga. Istorija apie \u017evalgo mokin\u012f ne tk m\u0117giama skaitytoj\u0173 visame pasaulyje, bet ir susikrov\u0117 nemenk\u0105 \u0161\u016bsn\u012f literat\u016brini\u0173 apdovanojim\u0173.<\/p>\n","protected":false},"excerpt":{"rendered":"<p>Kai penkiolikmetis Vilis tampa paslaptingojo \u017evalgo Holto mokiniu, jam tenka i\u0161mokti joti, \u0161audyti i\u0161 lanko, svaidyti peil\u012f, sekti p\u0117dsakais ir tobulai maskuotis. B\u016bti tikru mi\u0161kiniu \u2013 tai \u017einoti, kas yra draugyst\u0117, dr\u0105sa, s\u0105\u017einingumas ir garb\u0117. O \u017eygdarbiai, atliekami nepasteb\u0117tai, \u2013 tai \u017evalgo kasdienyb\u0117. Pasklidus gandams apie Aralueno karalystei gresiant\u012f, Vilio gyvenimo nuotykis tik prasideda.<\/p>\n<p>Tai pirmoji austral\u0173 ra\u0161ytojo Johno Flanagano fantasy serijos paaugliams knyga. Istorija apie \u017evalgo mokin\u012f ne tk m\u0117giama skaitytoj\u0173 visame pasaulyje, bet ir susikrov\u0117 nemenk\u0105 \u0161\u016bsn\u012f literat\u016brini\u0173 apdovanojim\u0173.<\/p>\n","protected":false},"featured_media":10449,"comment_status":"closed","ping_status":"closed","template":"","meta":{"_acf_changed":false,"site-sidebar-layout":"default","site-content-layout":"","ast-site-content-layout":"default","site-content-style":"default","site-sidebar-style":"default","ast-global-header-display":"","ast-banner-title-visibility":"","ast-main-header-display":"","ast-hfb-above-header-display":"","ast-hfb-below-header-display":"","ast-hfb-mobile-header-display":"","site-post-title":"","ast-breadcrumbs-content":"","ast-featured-img":"","footer-sml-layout":"","ast-disable-related-posts":"","theme-transparent-header-meta":"","adv-header-id-meta":"","stick-header-meta":"","header-above-stick-meta":"","header-main-stick-meta":"","header-below-stick-meta":"","astra-migrate-meta-layouts":"default","ast-page-background-enabled":"default","ast-page-background-meta":{"desktop":{"background-color":"","background-image":"","background-repeat":"repeat","background-position":"center center","background-size":"auto","background-attachment":"scroll","background-type":"","background-media":"","overlay-type":"","overlay-color":"","overlay-opacity":"","overlay-gradient":""},"tablet":{"background-color":"","background-image":"","background-repeat":"repeat","background-position":"center center","background-size":"auto","background-attachment":"scroll","background-type":"","background-media":"","overlay-type":"","overlay-color":"","overlay-opacity":"","overlay-gradient":""},"mobile":{"background-color":"","background-image":"","background-repeat":"repeat","background-position":"center center","background-size":"auto","background-attachment":"scroll","background-type":"","background-media":"","overlay-type":"","overlay-color":"","overlay-opacity":"","overlay-gradient":""}},"ast-content-background-meta":{"desktop":{"background-color":"var(--ast-global-color-4)","background-image":"","background-repeat":"repeat","background-position":"center center","background-size":"auto","background-attachment":"scroll","background-type":"","background-media":"","overlay-type":"","overlay-color":"","overlay-opacity":"","overlay-gradient":""},"tablet":{"background-color":"var(--ast-global-color-4)","background-image":"","background-repeat":"repeat","background-position":"center center","background-size":"auto","background-attachment":"scroll","background-type":"","background-media":"","overlay-type":"","overlay-color":"","overlay-opacity":"","overlay-gradient":""},"mobile":{"background-color":"var(--ast-global-color-4)","background-image":"","background-repeat":"repeat","background-position":"center center","background-size":"auto","background-attachment":"scroll","background-type":"","background-media":"","overlay-type":"","overlay-color":"","overlay-opacity":"","overlay-gradient":""}}},"product_brand":[],"product_cat":[35],"product_tag":[],"class_list":{"0":"post-10404","1":"product","2":"type-product","3":"status-publish","4":"has-post-thumbnail","6":"product_cat-vaikams-ir-paaugliams","7":"pa_leidimo-metai-652","8":"desktop-align-left","9":"tablet-align-left","10":"mobile-align-left","12":"first","13":"outofstock","14":"shipping-taxable","15":"purchasable","16":"product-type-simple"},"acf":[],"yoast_head":"<!-- This site is optimized with the Yoast SEO plugin v27.0 - https:\/\/yoast.com\/product\/yoast-seo-wordpress\/ -->\n<title>John Flanagan \u201e\u017dvalgo mokinys. Gorlano griuv\u0117siai\u201c (pagelt\u0119 lapai) - Skaitytaknyga<\/title>\n<meta name=\"description\" content=\"Kai penkiolikmetis Vilis tampa paslaptingojo \u017evalgo Holto mokiniu, jam tenka i\u0161mokti joti, \u0161audyti i\u0161 lanko, svaidyti peil\u012f, sekti p\u0117dsakais ir tobulai maskuotis. B\u016bti tikru mi\u0161kiniu \u2013 tai \u017einoti, kas yra draugyst\u0117, dr\u0105sa, s\u0105\u017einingumas ir garb\u0117. O \u017eygdarbiai, atliekami nepasteb\u0117tai, \u2013 tai \u017evalgo kasdienyb\u0117. Pasklidus gandams apie Aralueno karalystei gresiant\u012f, Vilio gyvenimo nuotykis tik prasideda.  Tai pirmoji austral\u0173 ra\u0161ytojo Johno Flanagano fantasy serijos paaugliams knyga. Istorija apie \u017evalgo mokin\u012f ne tk m\u0117giama skaitytoj\u0173 visame pasaulyje, bet ir susikrov\u0117 nemenk\u0105 \u0161\u016bsn\u012f literat\u016brini\u0173 apdovanojim\u0173.\" \/>\n<meta name=\"robots\" content=\"index, follow, max-snippet:-1, max-image-preview:large, max-video-preview:-1\" \/>\n<link rel=\"canonical\" href=\"https:\/\/skaitytaknyga.lt\/en\/produktas\/john-flanagan-zvalgo-mokinys-gorlano-griuvesiai-pagelte-lapai\/\" \/>\n<meta property=\"og:locale\" content=\"en_GB\" \/>\n<meta property=\"og:locale:alternate\" content=\"lt_LT\" \/>\n<meta property=\"og:type\" content=\"article\" \/>\n<meta property=\"og:title\" content=\"John Flanagan \u201e\u017dvalgo mokinys. Gorlano griuv\u0117siai\u201c (pagelt\u0119 lapai) - Skaitytaknyga\" \/>\n<meta property=\"og:description\" content=\"Kai penkiolikmetis Vilis tampa paslaptingojo \u017evalgo Holto mokiniu, jam tenka i\u0161mokti joti, \u0161audyti i\u0161 lanko, svaidyti peil\u012f, sekti p\u0117dsakais ir tobulai maskuotis. B\u016bti tikru mi\u0161kiniu \u2013 tai \u017einoti, kas yra draugyst\u0117, dr\u0105sa, s\u0105\u017einingumas ir garb\u0117. O \u017eygdarbiai, atliekami nepasteb\u0117tai, \u2013 tai \u017evalgo kasdienyb\u0117. Pasklidus gandams apie Aralueno karalystei gresiant\u012f, Vilio gyvenimo nuotykis tik prasideda.  Tai pirmoji austral\u0173 ra\u0161ytojo Johno Flanagano fantasy serijos paaugliams knyga. Istorija apie \u017evalgo mokin\u012f ne tk m\u0117giama skaitytoj\u0173 visame pasaulyje, bet ir susikrov\u0117 nemenk\u0105 \u0161\u016bsn\u012f literat\u016brini\u0173 apdovanojim\u0173.\" \/>\n<meta property=\"og:url\" content=\"https:\/\/skaitytaknyga.lt\/en\/produktas\/john-flanagan-zvalgo-mokinys-gorlano-griuvesiai-pagelte-lapai\/\" \/>\n<meta property=\"og:site_name\" content=\"Skaitytaknyga\" \/>\n<meta property=\"article:publisher\" content=\"https:\/\/www.facebook.com\/skaitytaknyga\/\" \/>\n<meta property=\"article:modified_time\" content=\"2025-09-13T16:52:58+00:00\" \/>\n<meta property=\"og:image\" content=\"https:\/\/skaitytaknyga.lt\/wp-content\/uploads\/2024\/05\/1462883024_img0002-001.jpg\" \/>\n\t<meta property=\"og:image:width\" content=\"511\" \/>\n\t<meta property=\"og:image:height\" content=\"800\" \/>\n\t<meta property=\"og:image:type\" content=\"image\/jpeg\" \/>\n<meta name=\"twitter:card\" content=\"summary_large_image\" \/>\n<script type=\"application\/ld+json\" class=\"yoast-schema-graph\">{\"@context\":\"https:\/\/schema.org\",\"@graph\":[{\"@type\":\"WebPage\",\"@id\":\"https:\/\/skaitytaknyga.lt\/produktas\/john-flanagan-zvalgo-mokinys-gorlano-griuvesiai-pagelte-lapai\/\",\"url\":\"https:\/\/skaitytaknyga.lt\/produktas\/john-flanagan-zvalgo-mokinys-gorlano-griuvesiai-pagelte-lapai\/\",\"name\":\"John Flanagan \u201e\u017dvalgo mokinys. Gorlano griuv\u0117siai\u201c (pagelt\u0119 lapai) - Skaitytaknyga\",\"isPartOf\":{\"@id\":\"https:\/\/skaitytaknyga.lt\/#website\"},\"primaryImageOfPage\":{\"@id\":\"https:\/\/skaitytaknyga.lt\/produktas\/john-flanagan-zvalgo-mokinys-gorlano-griuvesiai-pagelte-lapai\/#primaryimage\"},\"image\":{\"@id\":\"https:\/\/skaitytaknyga.lt\/produktas\/john-flanagan-zvalgo-mokinys-gorlano-griuvesiai-pagelte-lapai\/#primaryimage\"},\"thumbnailUrl\":\"https:\/\/skaitytaknyga.lt\/wp-content\/uploads\/2024\/05\/1462883024_img0002-001.jpg\",\"datePublished\":\"2024-05-04T18:15:12+00:00\",\"dateModified\":\"2025-09-13T16:52:58+00:00\",\"description\":\"Kai penkiolikmetis Vilis tampa paslaptingojo \u017evalgo Holto mokiniu, jam tenka i\u0161mokti joti, \u0161audyti i\u0161 lanko, svaidyti peil\u012f, sekti p\u0117dsakais ir tobulai maskuotis. B\u016bti tikru mi\u0161kiniu \u2013 tai \u017einoti, kas yra draugyst\u0117, dr\u0105sa, s\u0105\u017einingumas ir garb\u0117. O \u017eygdarbiai, atliekami nepasteb\u0117tai, \u2013 tai \u017evalgo kasdienyb\u0117. Pasklidus gandams apie Aralueno karalystei gresiant\u012f, Vilio gyvenimo nuotykis tik prasideda. Tai pirmoji austral\u0173 ra\u0161ytojo Johno Flanagano fantasy serijos paaugliams knyga. Istorija apie \u017evalgo mokin\u012f ne tk m\u0117giama skaitytoj\u0173 visame pasaulyje, bet ir susikrov\u0117 nemenk\u0105 \u0161\u016bsn\u012f literat\u016brini\u0173 apdovanojim\u0173.\",\"breadcrumb\":{\"@id\":\"https:\/\/skaitytaknyga.lt\/produktas\/john-flanagan-zvalgo-mokinys-gorlano-griuvesiai-pagelte-lapai\/#breadcrumb\"},\"inLanguage\":\"en-GB\",\"potentialAction\":[{\"@type\":\"ReadAction\",\"target\":[\"https:\/\/skaitytaknyga.lt\/produktas\/john-flanagan-zvalgo-mokinys-gorlano-griuvesiai-pagelte-lapai\/\"]}]},{\"@type\":\"ImageObject\",\"inLanguage\":\"en-GB\",\"@id\":\"https:\/\/skaitytaknyga.lt\/produktas\/john-flanagan-zvalgo-mokinys-gorlano-griuvesiai-pagelte-lapai\/#primaryimage\",\"url\":\"https:\/\/skaitytaknyga.lt\/wp-content\/uploads\/2024\/05\/1462883024_img0002-001.jpg\",\"contentUrl\":\"https:\/\/skaitytaknyga.lt\/wp-content\/uploads\/2024\/05\/1462883024_img0002-001.jpg\",\"width\":511,\"height\":800},{\"@type\":\"BreadcrumbList\",\"@id\":\"https:\/\/skaitytaknyga.lt\/produktas\/john-flanagan-zvalgo-mokinys-gorlano-griuvesiai-pagelte-lapai\/#breadcrumb\",\"itemListElement\":[{\"@type\":\"ListItem\",\"position\":1,\"name\":\"Home\",\"item\":\"https:\/\/skaitytaknyga.lt\/\"},{\"@type\":\"ListItem\",\"position\":2,\"name\":\"Parduotuv\u0117\",\"item\":\"https:\/\/skaitytaknyga.lt\/knygu-parduotuve\/\"},{\"@type\":\"ListItem\",\"position\":3,\"name\":\"John Flanagan \u201e\u017dvalgo mokinys. Gorlano griuv\u0117siai\u201c (pagelt\u0119 lapai)\"}]},{\"@type\":\"WebSite\",\"@id\":\"https:\/\/skaitytaknyga.lt\/#website\",\"url\":\"https:\/\/skaitytaknyga.lt\/\",\"name\":\"skaitytaknyga.lt\",\"description\":\"Skaitytaknyga.lt \u2013 tai ma\u017eas \u0161eimos verslas, kuris prasid\u0117jo nuo meil\u0117s knygoms ir siekio i\u0161gelb\u0117ti knygas nuo likimo prie konteinerio. Kas vienam nereikalingas daiktas \u2013 kitam lobis, o mes esame tarpininkai, kurie padeda abiems tapti laimingesniems ???? \u017dinome kaip nelengva i\u0161gyventi ma\u017eiems verslams, tad nuo \u0161iol, \u010dia rasite ir kit\u0173, ma\u017e\u0173 \u0161eim\u0173 versl\u0173, rank\u0173 darbo, dovan\u0173 sau ir artimiesiems.\",\"publisher\":{\"@id\":\"https:\/\/skaitytaknyga.lt\/#organization\"},\"potentialAction\":[{\"@type\":\"SearchAction\",\"target\":{\"@type\":\"EntryPoint\",\"urlTemplate\":\"https:\/\/skaitytaknyga.lt\/?s={search_term_string}\"},\"query-input\":{\"@type\":\"PropertyValueSpecification\",\"valueRequired\":true,\"valueName\":\"search_term_string\"}}],\"inLanguage\":\"en-GB\"},{\"@type\":\"Organization\",\"@id\":\"https:\/\/skaitytaknyga.lt\/#organization\",\"name\":\"skaitytaknyga.lt\",\"url\":\"https:\/\/skaitytaknyga.lt\/\",\"logo\":{\"@type\":\"ImageObject\",\"inLanguage\":\"en-GB\",\"@id\":\"https:\/\/skaitytaknyga.lt\/#\/schema\/logo\/image\/\",\"url\":\"https:\/\/skaitytaknyga.lt\/wp-content\/uploads\/2024\/05\/cropped-cropped-cropped-02_00843_jt3bggkj1j3HLc7SyY6rEUpg.jpeg\",\"contentUrl\":\"https:\/\/skaitytaknyga.lt\/wp-content\/uploads\/2024\/05\/cropped-cropped-cropped-02_00843_jt3bggkj1j3HLc7SyY6rEUpg.jpeg\",\"width\":1600,\"height\":1600,\"caption\":\"skaitytaknyga.lt\"},\"image\":{\"@id\":\"https:\/\/skaitytaknyga.lt\/#\/schema\/logo\/image\/\"},\"sameAs\":[\"https:\/\/www.facebook.com\/skaitytaknyga\/\"]}]}<\/script>\n<!-- \/ Yoast SEO plugin. -->","yoast_head_json":{"title":"John Flanagan \u201e\u017dvalgo mokinys. Gorlano griuv\u0117siai\u201c (pagelt\u0119 lapai) - Skaitytaknyga","description":"Kai penkiolikmetis Vilis tampa paslaptingojo \u017evalgo Holto mokiniu, jam tenka i\u0161mokti joti, \u0161audyti i\u0161 lanko, svaidyti peil\u012f, sekti p\u0117dsakais ir tobulai maskuotis. B\u016bti tikru mi\u0161kiniu \u2013 tai \u017einoti, kas yra draugyst\u0117, dr\u0105sa, s\u0105\u017einingumas ir garb\u0117. O \u017eygdarbiai, atliekami nepasteb\u0117tai, \u2013 tai \u017evalgo kasdienyb\u0117. Pasklidus gandams apie Aralueno karalystei gresiant\u012f, Vilio gyvenimo nuotykis tik prasideda.  Tai pirmoji austral\u0173 ra\u0161ytojo Johno Flanagano fantasy serijos paaugliams knyga. Istorija apie \u017evalgo mokin\u012f ne tk m\u0117giama skaitytoj\u0173 visame pasaulyje, bet ir susikrov\u0117 nemenk\u0105 \u0161\u016bsn\u012f literat\u016brini\u0173 apdovanojim\u0173.","robots":{"index":"index","follow":"follow","max-snippet":"max-snippet:-1","max-image-preview":"max-image-preview:large","max-video-preview":"max-video-preview:-1"},"canonical":"https:\/\/skaitytaknyga.lt\/en\/produktas\/john-flanagan-zvalgo-mokinys-gorlano-griuvesiai-pagelte-lapai\/","og_locale":"en_GB","og_type":"article","og_title":"John Flanagan \u201e\u017dvalgo mokinys. Gorlano griuv\u0117siai\u201c (pagelt\u0119 lapai) - Skaitytaknyga","og_description":"Kai penkiolikmetis Vilis tampa paslaptingojo \u017evalgo Holto mokiniu, jam tenka i\u0161mokti joti, \u0161audyti i\u0161 lanko, svaidyti peil\u012f, sekti p\u0117dsakais ir tobulai maskuotis. B\u016bti tikru mi\u0161kiniu \u2013 tai \u017einoti, kas yra draugyst\u0117, dr\u0105sa, s\u0105\u017einingumas ir garb\u0117. O \u017eygdarbiai, atliekami nepasteb\u0117tai, \u2013 tai \u017evalgo kasdienyb\u0117. Pasklidus gandams apie Aralueno karalystei gresiant\u012f, Vilio gyvenimo nuotykis tik prasideda.  Tai pirmoji austral\u0173 ra\u0161ytojo Johno Flanagano fantasy serijos paaugliams knyga. Istorija apie \u017evalgo mokin\u012f ne tk m\u0117giama skaitytoj\u0173 visame pasaulyje, bet ir susikrov\u0117 nemenk\u0105 \u0161\u016bsn\u012f literat\u016brini\u0173 apdovanojim\u0173.","og_url":"https:\/\/skaitytaknyga.lt\/en\/produktas\/john-flanagan-zvalgo-mokinys-gorlano-griuvesiai-pagelte-lapai\/","og_site_name":"Skaitytaknyga","article_publisher":"https:\/\/www.facebook.com\/skaitytaknyga\/","article_modified_time":"2025-09-13T16:52:58+00:00","og_image":[{"width":511,"height":800,"url":"https:\/\/skaitytaknyga.lt\/wp-content\/uploads\/2024\/05\/1462883024_img0002-001.jpg","type":"image\/jpeg"}],"twitter_card":"summary_large_image","schema":{"@context":"https:\/\/schema.org","@graph":[{"@type":"WebPage","@id":"https:\/\/skaitytaknyga.lt\/produktas\/john-flanagan-zvalgo-mokinys-gorlano-griuvesiai-pagelte-lapai\/","url":"https:\/\/skaitytaknyga.lt\/produktas\/john-flanagan-zvalgo-mokinys-gorlano-griuvesiai-pagelte-lapai\/","name":"John Flanagan \u201e\u017dvalgo mokinys. Gorlano griuv\u0117siai\u201c (pagelt\u0119 lapai) - Skaitytaknyga","isPartOf":{"@id":"https:\/\/skaitytaknyga.lt\/#website"},"primaryImageOfPage":{"@id":"https:\/\/skaitytaknyga.lt\/produktas\/john-flanagan-zvalgo-mokinys-gorlano-griuvesiai-pagelte-lapai\/#primaryimage"},"image":{"@id":"https:\/\/skaitytaknyga.lt\/produktas\/john-flanagan-zvalgo-mokinys-gorlano-griuvesiai-pagelte-lapai\/#primaryimage"},"thumbnailUrl":"https:\/\/skaitytaknyga.lt\/wp-content\/uploads\/2024\/05\/1462883024_img0002-001.jpg","datePublished":"2024-05-04T18:15:12+00:00","dateModified":"2025-09-13T16:52:58+00:00","description":"Kai penkiolikmetis Vilis tampa paslaptingojo \u017evalgo Holto mokiniu, jam tenka i\u0161mokti joti, \u0161audyti i\u0161 lanko, svaidyti peil\u012f, sekti p\u0117dsakais ir tobulai maskuotis. B\u016bti tikru mi\u0161kiniu \u2013 tai \u017einoti, kas yra draugyst\u0117, dr\u0105sa, s\u0105\u017einingumas ir garb\u0117. O \u017eygdarbiai, atliekami nepasteb\u0117tai, \u2013 tai \u017evalgo kasdienyb\u0117. Pasklidus gandams apie Aralueno karalystei gresiant\u012f, Vilio gyvenimo nuotykis tik prasideda. Tai pirmoji austral\u0173 ra\u0161ytojo Johno Flanagano fantasy serijos paaugliams knyga. Istorija apie \u017evalgo mokin\u012f ne tk m\u0117giama skaitytoj\u0173 visame pasaulyje, bet ir susikrov\u0117 nemenk\u0105 \u0161\u016bsn\u012f literat\u016brini\u0173 apdovanojim\u0173.","breadcrumb":{"@id":"https:\/\/skaitytaknyga.lt\/produktas\/john-flanagan-zvalgo-mokinys-gorlano-griuvesiai-pagelte-lapai\/#breadcrumb"},"inLanguage":"en-GB","potentialAction":[{"@type":"ReadAction","target":["https:\/\/skaitytaknyga.lt\/produktas\/john-flanagan-zvalgo-mokinys-gorlano-griuvesiai-pagelte-lapai\/"]}]},{"@type":"ImageObject","inLanguage":"en-GB","@id":"https:\/\/skaitytaknyga.lt\/produktas\/john-flanagan-zvalgo-mokinys-gorlano-griuvesiai-pagelte-lapai\/#primaryimage","url":"https:\/\/skaitytaknyga.lt\/wp-content\/uploads\/2024\/05\/1462883024_img0002-001.jpg","contentUrl":"https:\/\/skaitytaknyga.lt\/wp-content\/uploads\/2024\/05\/1462883024_img0002-001.jpg","width":511,"height":800},{"@type":"BreadcrumbList","@id":"https:\/\/skaitytaknyga.lt\/produktas\/john-flanagan-zvalgo-mokinys-gorlano-griuvesiai-pagelte-lapai\/#breadcrumb","itemListElement":[{"@type":"ListItem","position":1,"name":"Home","item":"https:\/\/skaitytaknyga.lt\/"},{"@type":"ListItem","position":2,"name":"Parduotuv\u0117","item":"https:\/\/skaitytaknyga.lt\/knygu-parduotuve\/"},{"@type":"ListItem","position":3,"name":"John Flanagan \u201e\u017dvalgo mokinys. Gorlano griuv\u0117siai\u201c (pagelt\u0119 lapai)"}]},{"@type":"WebSite","@id":"https:\/\/skaitytaknyga.lt\/#website","url":"https:\/\/skaitytaknyga.lt\/","name":"skaitytaknyga.lt","description":"Skaitytaknyga.lt \u2013 tai ma\u017eas \u0161eimos verslas, kuris prasid\u0117jo nuo meil\u0117s knygoms ir siekio i\u0161gelb\u0117ti knygas nuo likimo prie konteinerio. Kas vienam nereikalingas daiktas \u2013 kitam lobis, o mes esame tarpininkai, kurie padeda abiems tapti laimingesniems ???? \u017dinome kaip nelengva i\u0161gyventi ma\u017eiems verslams, tad nuo \u0161iol, \u010dia rasite ir kit\u0173, ma\u017e\u0173 \u0161eim\u0173 versl\u0173, rank\u0173 darbo, dovan\u0173 sau ir artimiesiems.","publisher":{"@id":"https:\/\/skaitytaknyga.lt\/#organization"},"potentialAction":[{"@type":"SearchAction","target":{"@type":"EntryPoint","urlTemplate":"https:\/\/skaitytaknyga.lt\/?s={search_term_string}"},"query-input":{"@type":"PropertyValueSpecification","valueRequired":true,"valueName":"search_term_string"}}],"inLanguage":"en-GB"},{"@type":"Organization","@id":"https:\/\/skaitytaknyga.lt\/#organization","name":"skaitytaknyga.lt","url":"https:\/\/skaitytaknyga.lt\/","logo":{"@type":"ImageObject","inLanguage":"en-GB","@id":"https:\/\/skaitytaknyga.lt\/#\/schema\/logo\/image\/","url":"https:\/\/skaitytaknyga.lt\/wp-content\/uploads\/2024\/05\/cropped-cropped-cropped-02_00843_jt3bggkj1j3HLc7SyY6rEUpg.jpeg","contentUrl":"https:\/\/skaitytaknyga.lt\/wp-content\/uploads\/2024\/05\/cropped-cropped-cropped-02_00843_jt3bggkj1j3HLc7SyY6rEUpg.jpeg","width":1600,"height":1600,"caption":"skaitytaknyga.lt"},"image":{"@id":"https:\/\/skaitytaknyga.lt\/#\/schema\/logo\/image\/"},"sameAs":["https:\/\/www.facebook.com\/skaitytaknyga\/"]}]}},"_links":{"self":[{"href":"https:\/\/skaitytaknyga.lt\/en\/wp-json\/wp\/v2\/product\/10404","targetHints":{"allow":["GET"]}}],"collection":[{"href":"https:\/\/skaitytaknyga.lt\/en\/wp-json\/wp\/v2\/product"}],"about":[{"href":"https:\/\/skaitytaknyga.lt\/en\/wp-json\/wp\/v2\/types\/product"}],"replies":[{"embeddable":true,"href":"https:\/\/skaitytaknyga.lt\/en\/wp-json\/wp\/v2\/comments?post=10404"}],"wp:featuredmedia":[{"embeddable":true,"href":"https:\/\/skaitytaknyga.lt\/en\/wp-json\/wp\/v2\/media\/10449"}],"wp:attachment":[{"href":"https:\/\/skaitytaknyga.lt\/en\/wp-json\/wp\/v2\/media?parent=10404"}],"wp:term":[{"taxonomy":"product_brand","embeddable":true,"href":"https:\/\/skaitytaknyga.lt\/en\/wp-json\/wp\/v2\/product_brand?post=10404"},{"taxonomy":"product_cat","embeddable":true,"href":"https:\/\/skaitytaknyga.lt\/en\/wp-json\/wp\/v2\/product_cat?post=10404"},{"taxonomy":"product_tag","embeddable":true,"href":"https:\/\/skaitytaknyga.lt\/en\/wp-json\/wp\/v2\/product_tag?post=10404"}],"curies":[{"name":"wp","href":"https:\/\/api.w.org\/{rel}","templated":true}]}}