{"id":10403,"date":"2024-05-04T18:15:12","date_gmt":"2024-05-04T18:15:12","guid":{"rendered":"https:\/\/skaitytaknyga.lt\/?post_type=product&#038;p=10403"},"modified":"2024-05-04T18:16:32","modified_gmt":"2024-05-04T18:16:32","slug":"paul-van-loon-siaubu-autobusas-1","status":"publish","type":"product","link":"https:\/\/skaitytaknyga.lt\/en\/produktas\/paul-van-loon-siaubu-autobusas-1\/","title":{"rendered":"Paul van Loon \u201eSiaub\u0173 autobusas 1\u201c"},"content":{"rendered":"<p>Vaik\u0173 knygos savait\u0117s proga septintokams surengta i\u0161vyka \u201eSiaub\u0173 autobusu\u201c ne\u017eada nieko itin intriguojan\u010dio.<\/p>\n<p>Tik susitikim\u0105 su ra\u0161ytoju ir de\u0161imt jo paties sukurt\u0173 pasakojim\u0173. Na, dar netikrus \u0161ik\u0161nosparnius autobuso palub\u0117je ir vairuotoj\u0105 su kauke. Bet istorijos darosi vis kraupesn\u0117s ir baisesn\u0117s, o i\u0161 anksto suplanuotas kelion\u0117s mar\u0161rutas pradeda keistis.<\/p>\n<p>Nyderland\u0173 ra\u0161ytojas Paulas van Loonas sako, kad \u0161ias istorijas ra\u0161\u0117 naktimis, kai visi miega. O mes patariame, jei perskai\u010dius \u201eSiaub\u0173 autobus\u0105\u201c naktimis bus baisu u\u017emigti, darykite kaip vienas knygos herojus \u2013 nuolat kartokite \u017eod\u017eius: \u201eKvailyst\u0117s. I\u0161mon\u0117s. Ra\u0161ytojai visada meluoja\u201c<em>.<\/em>\u00a0Gal pad\u0117s apsiginti nuo ko\u0161mar\u0173. Bet nepa\u017eadame&#8230;<\/p>\n","protected":false},"excerpt":{"rendered":"<p>Vaik\u0173 knygos savait\u0117s proga septintokams surengta i\u0161vyka \u201eSiaub\u0173 autobusu\u201c ne\u017eada nieko itin intriguojan\u010dio.<\/p>\n<p>Tik susitikim\u0105 su ra\u0161ytoju ir de\u0161imt jo paties sukurt\u0173 pasakojim\u0173. Na, dar netikrus \u0161ik\u0161nosparnius autobuso palub\u0117je ir vairuotoj\u0105 su kauke. Bet istorijos darosi vis kraupesn\u0117s ir baisesn\u0117s, o i\u0161 anksto suplanuotas kelion\u0117s mar\u0161rutas pradeda keistis.<\/p>\n<p>Nyderland\u0173 ra\u0161ytojas Paulas van Loonas sako, kad \u0161ias istorijas ra\u0161\u0117 naktimis, kai visi miega. O mes patariame, jei perskai\u010dius \u201eSiaub\u0173 autobus\u0105\u201c naktimis bus baisu u\u017emigti, darykite kaip vienas knygos herojus \u2013 nuolat kartokite \u017eod\u017eius: \u201eKvailyst\u0117s. I\u0161mon\u0117s. Ra\u0161ytojai visada meluoja\u201c<em>.<\/em>\u00a0Gal pad\u0117s apsiginti nuo ko\u0161mar\u0173. Bet nepa\u017eadame&#8230;<\/p>\n","protected":false},"featured_media":10448,"comment_status":"closed","ping_status":"closed","template":"","meta":{"_acf_changed":false,"site-sidebar-layout":"default","site-content-layout":"","ast-site-content-layout":"default","site-content-style":"default","site-sidebar-style":"default","ast-global-header-display":"","ast-banner-title-visibility":"","ast-main-header-display":"","ast-hfb-above-header-display":"","ast-hfb-below-header-display":"","ast-hfb-mobile-header-display":"","site-post-title":"","ast-breadcrumbs-content":"","ast-featured-img":"","footer-sml-layout":"","ast-disable-related-posts":"","theme-transparent-header-meta":"","adv-header-id-meta":"","stick-header-meta":"","header-above-stick-meta":"","header-main-stick-meta":"","header-below-stick-meta":"","astra-migrate-meta-layouts":"default","ast-page-background-enabled":"default","ast-page-background-meta":{"desktop":{"background-color":"","background-image":"","background-repeat":"repeat","background-position":"center center","background-size":"auto","background-attachment":"scroll","background-type":"","background-media":"","overlay-type":"","overlay-color":"","overlay-opacity":"","overlay-gradient":""},"tablet":{"background-color":"","background-image":"","background-repeat":"repeat","background-position":"center center","background-size":"auto","background-attachment":"scroll","background-type":"","background-media":"","overlay-type":"","overlay-color":"","overlay-opacity":"","overlay-gradient":""},"mobile":{"background-color":"","background-image":"","background-repeat":"repeat","background-position":"center center","background-size":"auto","background-attachment":"scroll","background-type":"","background-media":"","overlay-type":"","overlay-color":"","overlay-opacity":"","overlay-gradient":""}},"ast-content-background-meta":{"desktop":{"background-color":"var(--ast-global-color-4)","background-image":"","background-repeat":"repeat","background-position":"center center","background-size":"auto","background-attachment":"scroll","background-type":"","background-media":"","overlay-type":"","overlay-color":"","overlay-opacity":"","overlay-gradient":""},"tablet":{"background-color":"var(--ast-global-color-4)","background-image":"","background-repeat":"repeat","background-position":"center center","background-size":"auto","background-attachment":"scroll","background-type":"","background-media":"","overlay-type":"","overlay-color":"","overlay-opacity":"","overlay-gradient":""},"mobile":{"background-color":"var(--ast-global-color-4)","background-image":"","background-repeat":"repeat","background-position":"center center","background-size":"auto","background-attachment":"scroll","background-type":"","background-media":"","overlay-type":"","overlay-color":"","overlay-opacity":"","overlay-gradient":""}}},"product_brand":[],"product_cat":[35],"product_tag":[],"class_list":{"0":"post-10403","1":"product","2":"type-product","3":"status-publish","4":"has-post-thumbnail","6":"product_cat-vaikams-ir-paaugliams","7":"pa_leidimo-metai-652","8":"desktop-align-left","9":"tablet-align-left","10":"mobile-align-left","12":"first","13":"instock","14":"shipping-taxable","15":"purchasable","16":"product-type-simple"},"acf":[],"yoast_head":"<!-- This site is optimized with the Yoast SEO plugin v27.0 - https:\/\/yoast.com\/product\/yoast-seo-wordpress\/ -->\n<title>Paul van Loon \u201eSiaub\u0173 autobusas 1\u201c - Skaitytaknyga<\/title>\n<meta name=\"description\" content=\"Vaik\u0173 knygos savait\u0117s proga septintokams surengta i\u0161vyka \u201eSiaub\u0173 autobusu\u201c ne\u017eada nieko itin intriguojan\u010dio.  Tik susitikim\u0105 su ra\u0161ytoju ir de\u0161imt jo paties sukurt\u0173 pasakojim\u0173. Na, dar netikrus \u0161ik\u0161nosparnius autobuso palub\u0117je ir vairuotoj\u0105 su kauke. Bet istorijos darosi vis kraupesn\u0117s ir baisesn\u0117s, o i\u0161 anksto suplanuotas kelion\u0117s mar\u0161rutas pradeda keistis.  Nyderland\u0173 ra\u0161ytojas Paulas van Loonas sako, kad \u0161ias istorijas ra\u0161\u0117 naktimis, kai visi miega. O mes patariame, jei perskai\u010dius \u201eSiaub\u0173 autobus\u0105\u201c naktimis bus baisu u\u017emigti, darykite kaip vienas knygos herojus \u2013 nuolat kartokite \u017eod\u017eius: \u201eKvailyst\u0117s. I\u0161mon\u0117s. Ra\u0161ytojai visada meluoja\u201c.\u00a0Gal pad\u0117s apsiginti nuo ko\u0161mar\u0173. Bet nepa\u017eadame...\" \/>\n<meta name=\"robots\" content=\"index, follow, max-snippet:-1, max-image-preview:large, max-video-preview:-1\" \/>\n<link rel=\"canonical\" href=\"https:\/\/skaitytaknyga.lt\/en\/produktas\/paul-van-loon-siaubu-autobusas-1\/\" \/>\n<meta property=\"og:locale\" content=\"en_GB\" \/>\n<meta property=\"og:locale:alternate\" content=\"lt_LT\" \/>\n<meta property=\"og:type\" content=\"article\" \/>\n<meta property=\"og:title\" content=\"Paul van Loon \u201eSiaub\u0173 autobusas 1\u201c - Skaitytaknyga\" \/>\n<meta property=\"og:description\" content=\"Vaik\u0173 knygos savait\u0117s proga septintokams surengta i\u0161vyka \u201eSiaub\u0173 autobusu\u201c ne\u017eada nieko itin intriguojan\u010dio.  Tik susitikim\u0105 su ra\u0161ytoju ir de\u0161imt jo paties sukurt\u0173 pasakojim\u0173. Na, dar netikrus \u0161ik\u0161nosparnius autobuso palub\u0117je ir vairuotoj\u0105 su kauke. Bet istorijos darosi vis kraupesn\u0117s ir baisesn\u0117s, o i\u0161 anksto suplanuotas kelion\u0117s mar\u0161rutas pradeda keistis.  Nyderland\u0173 ra\u0161ytojas Paulas van Loonas sako, kad \u0161ias istorijas ra\u0161\u0117 naktimis, kai visi miega. O mes patariame, jei perskai\u010dius \u201eSiaub\u0173 autobus\u0105\u201c naktimis bus baisu u\u017emigti, darykite kaip vienas knygos herojus \u2013 nuolat kartokite \u017eod\u017eius: \u201eKvailyst\u0117s. I\u0161mon\u0117s. Ra\u0161ytojai visada meluoja\u201c.\u00a0Gal pad\u0117s apsiginti nuo ko\u0161mar\u0173. Bet nepa\u017eadame...\" \/>\n<meta property=\"og:url\" content=\"https:\/\/skaitytaknyga.lt\/en\/produktas\/paul-van-loon-siaubu-autobusas-1\/\" \/>\n<meta property=\"og:site_name\" content=\"Skaitytaknyga\" \/>\n<meta property=\"article:publisher\" content=\"https:\/\/www.facebook.com\/skaitytaknyga\/\" \/>\n<meta property=\"article:modified_time\" content=\"2024-05-04T18:16:32+00:00\" \/>\n<meta property=\"og:image\" content=\"https:\/\/skaitytaknyga.lt\/wp-content\/uploads\/2024\/05\/1462874936_siaubuautobusas.jpg\" \/>\n\t<meta property=\"og:image:width\" content=\"548\" \/>\n\t<meta property=\"og:image:height\" content=\"800\" \/>\n\t<meta property=\"og:image:type\" content=\"image\/jpeg\" \/>\n<meta name=\"twitter:card\" content=\"summary_large_image\" \/>\n<meta name=\"twitter:label1\" content=\"Estimated reading time\" \/>\n\t<meta name=\"twitter:data1\" content=\"1 minute\" \/>\n<script type=\"application\/ld+json\" class=\"yoast-schema-graph\">{\"@context\":\"https:\/\/schema.org\",\"@graph\":[{\"@type\":\"WebPage\",\"@id\":\"https:\/\/skaitytaknyga.lt\/produktas\/paul-van-loon-siaubu-autobusas-1\/\",\"url\":\"https:\/\/skaitytaknyga.lt\/produktas\/paul-van-loon-siaubu-autobusas-1\/\",\"name\":\"Paul van Loon \u201eSiaub\u0173 autobusas 1\u201c - Skaitytaknyga\",\"isPartOf\":{\"@id\":\"https:\/\/skaitytaknyga.lt\/#website\"},\"primaryImageOfPage\":{\"@id\":\"https:\/\/skaitytaknyga.lt\/produktas\/paul-van-loon-siaubu-autobusas-1\/#primaryimage\"},\"image\":{\"@id\":\"https:\/\/skaitytaknyga.lt\/produktas\/paul-van-loon-siaubu-autobusas-1\/#primaryimage\"},\"thumbnailUrl\":\"https:\/\/skaitytaknyga.lt\/wp-content\/uploads\/2024\/05\/1462874936_siaubuautobusas.jpg\",\"datePublished\":\"2024-05-04T18:15:12+00:00\",\"dateModified\":\"2024-05-04T18:16:32+00:00\",\"description\":\"Vaik\u0173 knygos savait\u0117s proga septintokams surengta i\u0161vyka \u201eSiaub\u0173 autobusu\u201c ne\u017eada nieko itin intriguojan\u010dio. Tik susitikim\u0105 su ra\u0161ytoju ir de\u0161imt jo paties sukurt\u0173 pasakojim\u0173. Na, dar netikrus \u0161ik\u0161nosparnius autobuso palub\u0117je ir vairuotoj\u0105 su kauke. Bet istorijos darosi vis kraupesn\u0117s ir baisesn\u0117s, o i\u0161 anksto suplanuotas kelion\u0117s mar\u0161rutas pradeda keistis. Nyderland\u0173 ra\u0161ytojas Paulas van Loonas sako, kad \u0161ias istorijas ra\u0161\u0117 naktimis, kai visi miega. O mes patariame, jei perskai\u010dius \u201eSiaub\u0173 autobus\u0105\u201c naktimis bus baisu u\u017emigti, darykite kaip vienas knygos herojus \u2013 nuolat kartokite \u017eod\u017eius: \u201eKvailyst\u0117s. I\u0161mon\u0117s. Ra\u0161ytojai visada meluoja\u201c.\u00a0Gal pad\u0117s apsiginti nuo ko\u0161mar\u0173. Bet nepa\u017eadame...\",\"breadcrumb\":{\"@id\":\"https:\/\/skaitytaknyga.lt\/produktas\/paul-van-loon-siaubu-autobusas-1\/#breadcrumb\"},\"inLanguage\":\"en-GB\",\"potentialAction\":[{\"@type\":\"ReadAction\",\"target\":[\"https:\/\/skaitytaknyga.lt\/produktas\/paul-van-loon-siaubu-autobusas-1\/\"]}]},{\"@type\":\"ImageObject\",\"inLanguage\":\"en-GB\",\"@id\":\"https:\/\/skaitytaknyga.lt\/produktas\/paul-van-loon-siaubu-autobusas-1\/#primaryimage\",\"url\":\"https:\/\/skaitytaknyga.lt\/wp-content\/uploads\/2024\/05\/1462874936_siaubuautobusas.jpg\",\"contentUrl\":\"https:\/\/skaitytaknyga.lt\/wp-content\/uploads\/2024\/05\/1462874936_siaubuautobusas.jpg\",\"width\":548,\"height\":800},{\"@type\":\"BreadcrumbList\",\"@id\":\"https:\/\/skaitytaknyga.lt\/produktas\/paul-van-loon-siaubu-autobusas-1\/#breadcrumb\",\"itemListElement\":[{\"@type\":\"ListItem\",\"position\":1,\"name\":\"Home\",\"item\":\"https:\/\/skaitytaknyga.lt\/\"},{\"@type\":\"ListItem\",\"position\":2,\"name\":\"Parduotuv\u0117\",\"item\":\"https:\/\/skaitytaknyga.lt\/knygu-parduotuve\/\"},{\"@type\":\"ListItem\",\"position\":3,\"name\":\"Paul van Loon \u201eSiaub\u0173 autobusas 1\u201c\"}]},{\"@type\":\"WebSite\",\"@id\":\"https:\/\/skaitytaknyga.lt\/#website\",\"url\":\"https:\/\/skaitytaknyga.lt\/\",\"name\":\"skaitytaknyga.lt\",\"description\":\"Skaitytaknyga.lt \u2013 tai ma\u017eas \u0161eimos verslas, kuris prasid\u0117jo nuo meil\u0117s knygoms ir siekio i\u0161gelb\u0117ti knygas nuo likimo prie konteinerio. Kas vienam nereikalingas daiktas \u2013 kitam lobis, o mes esame tarpininkai, kurie padeda abiems tapti laimingesniems ???? \u017dinome kaip nelengva i\u0161gyventi ma\u017eiems verslams, tad nuo \u0161iol, \u010dia rasite ir kit\u0173, ma\u017e\u0173 \u0161eim\u0173 versl\u0173, rank\u0173 darbo, dovan\u0173 sau ir artimiesiems.\",\"publisher\":{\"@id\":\"https:\/\/skaitytaknyga.lt\/#organization\"},\"potentialAction\":[{\"@type\":\"SearchAction\",\"target\":{\"@type\":\"EntryPoint\",\"urlTemplate\":\"https:\/\/skaitytaknyga.lt\/?s={search_term_string}\"},\"query-input\":{\"@type\":\"PropertyValueSpecification\",\"valueRequired\":true,\"valueName\":\"search_term_string\"}}],\"inLanguage\":\"en-GB\"},{\"@type\":\"Organization\",\"@id\":\"https:\/\/skaitytaknyga.lt\/#organization\",\"name\":\"skaitytaknyga.lt\",\"url\":\"https:\/\/skaitytaknyga.lt\/\",\"logo\":{\"@type\":\"ImageObject\",\"inLanguage\":\"en-GB\",\"@id\":\"https:\/\/skaitytaknyga.lt\/#\/schema\/logo\/image\/\",\"url\":\"https:\/\/skaitytaknyga.lt\/wp-content\/uploads\/2024\/05\/cropped-cropped-cropped-02_00843_jt3bggkj1j3HLc7SyY6rEUpg.jpeg\",\"contentUrl\":\"https:\/\/skaitytaknyga.lt\/wp-content\/uploads\/2024\/05\/cropped-cropped-cropped-02_00843_jt3bggkj1j3HLc7SyY6rEUpg.jpeg\",\"width\":1600,\"height\":1600,\"caption\":\"skaitytaknyga.lt\"},\"image\":{\"@id\":\"https:\/\/skaitytaknyga.lt\/#\/schema\/logo\/image\/\"},\"sameAs\":[\"https:\/\/www.facebook.com\/skaitytaknyga\/\"]}]}<\/script>\n<!-- \/ Yoast SEO plugin. -->","yoast_head_json":{"title":"Paul van Loon \u201eSiaub\u0173 autobusas 1\u201c - Skaitytaknyga","description":"Vaik\u0173 knygos savait\u0117s proga septintokams surengta i\u0161vyka \u201eSiaub\u0173 autobusu\u201c ne\u017eada nieko itin intriguojan\u010dio.  Tik susitikim\u0105 su ra\u0161ytoju ir de\u0161imt jo paties sukurt\u0173 pasakojim\u0173. Na, dar netikrus \u0161ik\u0161nosparnius autobuso palub\u0117je ir vairuotoj\u0105 su kauke. Bet istorijos darosi vis kraupesn\u0117s ir baisesn\u0117s, o i\u0161 anksto suplanuotas kelion\u0117s mar\u0161rutas pradeda keistis.  Nyderland\u0173 ra\u0161ytojas Paulas van Loonas sako, kad \u0161ias istorijas ra\u0161\u0117 naktimis, kai visi miega. O mes patariame, jei perskai\u010dius \u201eSiaub\u0173 autobus\u0105\u201c naktimis bus baisu u\u017emigti, darykite kaip vienas knygos herojus \u2013 nuolat kartokite \u017eod\u017eius: \u201eKvailyst\u0117s. I\u0161mon\u0117s. Ra\u0161ytojai visada meluoja\u201c.\u00a0Gal pad\u0117s apsiginti nuo ko\u0161mar\u0173. Bet nepa\u017eadame...","robots":{"index":"index","follow":"follow","max-snippet":"max-snippet:-1","max-image-preview":"max-image-preview:large","max-video-preview":"max-video-preview:-1"},"canonical":"https:\/\/skaitytaknyga.lt\/en\/produktas\/paul-van-loon-siaubu-autobusas-1\/","og_locale":"en_GB","og_type":"article","og_title":"Paul van Loon \u201eSiaub\u0173 autobusas 1\u201c - Skaitytaknyga","og_description":"Vaik\u0173 knygos savait\u0117s proga septintokams surengta i\u0161vyka \u201eSiaub\u0173 autobusu\u201c ne\u017eada nieko itin intriguojan\u010dio.  Tik susitikim\u0105 su ra\u0161ytoju ir de\u0161imt jo paties sukurt\u0173 pasakojim\u0173. Na, dar netikrus \u0161ik\u0161nosparnius autobuso palub\u0117je ir vairuotoj\u0105 su kauke. Bet istorijos darosi vis kraupesn\u0117s ir baisesn\u0117s, o i\u0161 anksto suplanuotas kelion\u0117s mar\u0161rutas pradeda keistis.  Nyderland\u0173 ra\u0161ytojas Paulas van Loonas sako, kad \u0161ias istorijas ra\u0161\u0117 naktimis, kai visi miega. O mes patariame, jei perskai\u010dius \u201eSiaub\u0173 autobus\u0105\u201c naktimis bus baisu u\u017emigti, darykite kaip vienas knygos herojus \u2013 nuolat kartokite \u017eod\u017eius: \u201eKvailyst\u0117s. I\u0161mon\u0117s. Ra\u0161ytojai visada meluoja\u201c.\u00a0Gal pad\u0117s apsiginti nuo ko\u0161mar\u0173. Bet nepa\u017eadame...","og_url":"https:\/\/skaitytaknyga.lt\/en\/produktas\/paul-van-loon-siaubu-autobusas-1\/","og_site_name":"Skaitytaknyga","article_publisher":"https:\/\/www.facebook.com\/skaitytaknyga\/","article_modified_time":"2024-05-04T18:16:32+00:00","og_image":[{"width":548,"height":800,"url":"https:\/\/skaitytaknyga.lt\/wp-content\/uploads\/2024\/05\/1462874936_siaubuautobusas.jpg","type":"image\/jpeg"}],"twitter_card":"summary_large_image","twitter_misc":{"Estimated reading time":"1 minute"},"schema":{"@context":"https:\/\/schema.org","@graph":[{"@type":"WebPage","@id":"https:\/\/skaitytaknyga.lt\/produktas\/paul-van-loon-siaubu-autobusas-1\/","url":"https:\/\/skaitytaknyga.lt\/produktas\/paul-van-loon-siaubu-autobusas-1\/","name":"Paul van Loon \u201eSiaub\u0173 autobusas 1\u201c - Skaitytaknyga","isPartOf":{"@id":"https:\/\/skaitytaknyga.lt\/#website"},"primaryImageOfPage":{"@id":"https:\/\/skaitytaknyga.lt\/produktas\/paul-van-loon-siaubu-autobusas-1\/#primaryimage"},"image":{"@id":"https:\/\/skaitytaknyga.lt\/produktas\/paul-van-loon-siaubu-autobusas-1\/#primaryimage"},"thumbnailUrl":"https:\/\/skaitytaknyga.lt\/wp-content\/uploads\/2024\/05\/1462874936_siaubuautobusas.jpg","datePublished":"2024-05-04T18:15:12+00:00","dateModified":"2024-05-04T18:16:32+00:00","description":"Vaik\u0173 knygos savait\u0117s proga septintokams surengta i\u0161vyka \u201eSiaub\u0173 autobusu\u201c ne\u017eada nieko itin intriguojan\u010dio. Tik susitikim\u0105 su ra\u0161ytoju ir de\u0161imt jo paties sukurt\u0173 pasakojim\u0173. Na, dar netikrus \u0161ik\u0161nosparnius autobuso palub\u0117je ir vairuotoj\u0105 su kauke. Bet istorijos darosi vis kraupesn\u0117s ir baisesn\u0117s, o i\u0161 anksto suplanuotas kelion\u0117s mar\u0161rutas pradeda keistis. Nyderland\u0173 ra\u0161ytojas Paulas van Loonas sako, kad \u0161ias istorijas ra\u0161\u0117 naktimis, kai visi miega. O mes patariame, jei perskai\u010dius \u201eSiaub\u0173 autobus\u0105\u201c naktimis bus baisu u\u017emigti, darykite kaip vienas knygos herojus \u2013 nuolat kartokite \u017eod\u017eius: \u201eKvailyst\u0117s. I\u0161mon\u0117s. Ra\u0161ytojai visada meluoja\u201c.\u00a0Gal pad\u0117s apsiginti nuo ko\u0161mar\u0173. Bet nepa\u017eadame...","breadcrumb":{"@id":"https:\/\/skaitytaknyga.lt\/produktas\/paul-van-loon-siaubu-autobusas-1\/#breadcrumb"},"inLanguage":"en-GB","potentialAction":[{"@type":"ReadAction","target":["https:\/\/skaitytaknyga.lt\/produktas\/paul-van-loon-siaubu-autobusas-1\/"]}]},{"@type":"ImageObject","inLanguage":"en-GB","@id":"https:\/\/skaitytaknyga.lt\/produktas\/paul-van-loon-siaubu-autobusas-1\/#primaryimage","url":"https:\/\/skaitytaknyga.lt\/wp-content\/uploads\/2024\/05\/1462874936_siaubuautobusas.jpg","contentUrl":"https:\/\/skaitytaknyga.lt\/wp-content\/uploads\/2024\/05\/1462874936_siaubuautobusas.jpg","width":548,"height":800},{"@type":"BreadcrumbList","@id":"https:\/\/skaitytaknyga.lt\/produktas\/paul-van-loon-siaubu-autobusas-1\/#breadcrumb","itemListElement":[{"@type":"ListItem","position":1,"name":"Home","item":"https:\/\/skaitytaknyga.lt\/"},{"@type":"ListItem","position":2,"name":"Parduotuv\u0117","item":"https:\/\/skaitytaknyga.lt\/knygu-parduotuve\/"},{"@type":"ListItem","position":3,"name":"Paul van Loon \u201eSiaub\u0173 autobusas 1\u201c"}]},{"@type":"WebSite","@id":"https:\/\/skaitytaknyga.lt\/#website","url":"https:\/\/skaitytaknyga.lt\/","name":"skaitytaknyga.lt","description":"Skaitytaknyga.lt \u2013 tai ma\u017eas \u0161eimos verslas, kuris prasid\u0117jo nuo meil\u0117s knygoms ir siekio i\u0161gelb\u0117ti knygas nuo likimo prie konteinerio. Kas vienam nereikalingas daiktas \u2013 kitam lobis, o mes esame tarpininkai, kurie padeda abiems tapti laimingesniems ???? \u017dinome kaip nelengva i\u0161gyventi ma\u017eiems verslams, tad nuo \u0161iol, \u010dia rasite ir kit\u0173, ma\u017e\u0173 \u0161eim\u0173 versl\u0173, rank\u0173 darbo, dovan\u0173 sau ir artimiesiems.","publisher":{"@id":"https:\/\/skaitytaknyga.lt\/#organization"},"potentialAction":[{"@type":"SearchAction","target":{"@type":"EntryPoint","urlTemplate":"https:\/\/skaitytaknyga.lt\/?s={search_term_string}"},"query-input":{"@type":"PropertyValueSpecification","valueRequired":true,"valueName":"search_term_string"}}],"inLanguage":"en-GB"},{"@type":"Organization","@id":"https:\/\/skaitytaknyga.lt\/#organization","name":"skaitytaknyga.lt","url":"https:\/\/skaitytaknyga.lt\/","logo":{"@type":"ImageObject","inLanguage":"en-GB","@id":"https:\/\/skaitytaknyga.lt\/#\/schema\/logo\/image\/","url":"https:\/\/skaitytaknyga.lt\/wp-content\/uploads\/2024\/05\/cropped-cropped-cropped-02_00843_jt3bggkj1j3HLc7SyY6rEUpg.jpeg","contentUrl":"https:\/\/skaitytaknyga.lt\/wp-content\/uploads\/2024\/05\/cropped-cropped-cropped-02_00843_jt3bggkj1j3HLc7SyY6rEUpg.jpeg","width":1600,"height":1600,"caption":"skaitytaknyga.lt"},"image":{"@id":"https:\/\/skaitytaknyga.lt\/#\/schema\/logo\/image\/"},"sameAs":["https:\/\/www.facebook.com\/skaitytaknyga\/"]}]}},"_links":{"self":[{"href":"https:\/\/skaitytaknyga.lt\/en\/wp-json\/wp\/v2\/product\/10403","targetHints":{"allow":["GET"]}}],"collection":[{"href":"https:\/\/skaitytaknyga.lt\/en\/wp-json\/wp\/v2\/product"}],"about":[{"href":"https:\/\/skaitytaknyga.lt\/en\/wp-json\/wp\/v2\/types\/product"}],"replies":[{"embeddable":true,"href":"https:\/\/skaitytaknyga.lt\/en\/wp-json\/wp\/v2\/comments?post=10403"}],"wp:featuredmedia":[{"embeddable":true,"href":"https:\/\/skaitytaknyga.lt\/en\/wp-json\/wp\/v2\/media\/10448"}],"wp:attachment":[{"href":"https:\/\/skaitytaknyga.lt\/en\/wp-json\/wp\/v2\/media?parent=10403"}],"wp:term":[{"taxonomy":"product_brand","embeddable":true,"href":"https:\/\/skaitytaknyga.lt\/en\/wp-json\/wp\/v2\/product_brand?post=10403"},{"taxonomy":"product_cat","embeddable":true,"href":"https:\/\/skaitytaknyga.lt\/en\/wp-json\/wp\/v2\/product_cat?post=10403"},{"taxonomy":"product_tag","embeddable":true,"href":"https:\/\/skaitytaknyga.lt\/en\/wp-json\/wp\/v2\/product_tag?post=10403"}],"curies":[{"name":"wp","href":"https:\/\/api.w.org\/{rel}","templated":true}]}}