{"id":10402,"date":"2024-05-04T18:15:12","date_gmt":"2024-05-04T18:15:12","guid":{"rendered":"https:\/\/skaitytaknyga.lt\/?post_type=product&#038;p=10402"},"modified":"2025-06-26T15:52:54","modified_gmt":"2025-06-26T12:52:54","slug":"megintuvelis-kariuomeneje","status":"publish","type":"product","link":"https:\/\/skaitytaknyga.lt\/en\/produktas\/megintuvelis-kariuomeneje\/","title":{"rendered":"M\u0117gintuv\u0117lis kariuomen\u0117je"},"content":{"rendered":"<p>M\u0117gintuv\u0117lis ir jo draug\u0117 Kolbut\u0117 lankosi Lietuvos karo akademijoje. \u010cia viskas ITIN SLAPTA, bet du draugai sugeba nugirsti \u012fdomiausius pokalbius ir sudalyvauti tikrose karin\u0117se pratybose.<\/p>\n<p>Juk \u00a0geras karys turi ne tik myl\u0117ti ir gerbti T\u0117vyn\u0119, bet ir mok\u0117ti j\u0105 apginti. U\u017e sienos, chemijos laboratorijoje, \u0161nyp\u0161\u010dia ir burbuliuoja nepa\u017e\u012fstamos med\u017eiagos.<\/p>\n<p>Pasirodo, pasigaminti tikr\u0105, skrendan\u010di\u0105 raket\u0105 \u2013 visai paprasta. Leiskis \u012f kelion\u0119 su M\u0117gintuv\u0117liu ir Kolbute ir visk\u0105 i\u0161bandyk pats.<\/p>\n","protected":false},"excerpt":{"rendered":"<p>M\u0117gintuv\u0117lis ir jo draug\u0117 Kolbut\u0117 lankosi Lietuvos karo akademijoje. \u010cia viskas ITIN SLAPTA, bet du draugai sugeba nugirsti \u012fdomiausius pokalbius ir sudalyvauti tikrose karin\u0117se pratybose.<\/p>\n<p>Juk \u00a0geras karys turi ne tik myl\u0117ti ir gerbti T\u0117vyn\u0119, bet ir mok\u0117ti j\u0105 apginti. U\u017e sienos, chemijos laboratorijoje, \u0161nyp\u0161\u010dia ir burbuliuoja nepa\u017e\u012fstamos med\u017eiagos.<\/p>\n<p>Pasirodo, pasigaminti tikr\u0105, skrendan\u010di\u0105 raket\u0105 \u2013 visai paprasta. Leiskis \u012f kelion\u0119 su M\u0117gintuv\u0117liu ir Kolbute ir visk\u0105 i\u0161bandyk pats.<\/p>\n","protected":false},"featured_media":10447,"comment_status":"closed","ping_status":"closed","template":"","meta":{"_acf_changed":false,"site-sidebar-layout":"default","site-content-layout":"","ast-site-content-layout":"default","site-content-style":"default","site-sidebar-style":"default","ast-global-header-display":"","ast-banner-title-visibility":"","ast-main-header-display":"","ast-hfb-above-header-display":"","ast-hfb-below-header-display":"","ast-hfb-mobile-header-display":"","site-post-title":"","ast-breadcrumbs-content":"","ast-featured-img":"","footer-sml-layout":"","ast-disable-related-posts":"","theme-transparent-header-meta":"","adv-header-id-meta":"","stick-header-meta":"","header-above-stick-meta":"","header-main-stick-meta":"","header-below-stick-meta":"","astra-migrate-meta-layouts":"default","ast-page-background-enabled":"default","ast-page-background-meta":{"desktop":{"background-color":"","background-image":"","background-repeat":"repeat","background-position":"center center","background-size":"auto","background-attachment":"scroll","background-type":"","background-media":"","overlay-type":"","overlay-color":"","overlay-opacity":"","overlay-gradient":""},"tablet":{"background-color":"","background-image":"","background-repeat":"repeat","background-position":"center center","background-size":"auto","background-attachment":"scroll","background-type":"","background-media":"","overlay-type":"","overlay-color":"","overlay-opacity":"","overlay-gradient":""},"mobile":{"background-color":"","background-image":"","background-repeat":"repeat","background-position":"center center","background-size":"auto","background-attachment":"scroll","background-type":"","background-media":"","overlay-type":"","overlay-color":"","overlay-opacity":"","overlay-gradient":""}},"ast-content-background-meta":{"desktop":{"background-color":"var(--ast-global-color-4)","background-image":"","background-repeat":"repeat","background-position":"center center","background-size":"auto","background-attachment":"scroll","background-type":"","background-media":"","overlay-type":"","overlay-color":"","overlay-opacity":"","overlay-gradient":""},"tablet":{"background-color":"var(--ast-global-color-4)","background-image":"","background-repeat":"repeat","background-position":"center center","background-size":"auto","background-attachment":"scroll","background-type":"","background-media":"","overlay-type":"","overlay-color":"","overlay-opacity":"","overlay-gradient":""},"mobile":{"background-color":"var(--ast-global-color-4)","background-image":"","background-repeat":"repeat","background-position":"center center","background-size":"auto","background-attachment":"scroll","background-type":"","background-media":"","overlay-type":"","overlay-color":"","overlay-opacity":"","overlay-gradient":""}}},"product_brand":[],"product_cat":[35],"product_tag":[4415,5916,1451,5915,1785],"class_list":{"0":"post-10402","1":"product","2":"type-product","3":"status-publish","4":"has-post-thumbnail","6":"product_cat-vaikams-ir-paaugliams","7":"product_tag-eksperimentai","8":"product_tag-lietuvos-kariuomene","9":"product_tag-nuotykiai","10":"product_tag-pazintine","11":"product_tag-vaikams","12":"desktop-align-left","13":"tablet-align-left","14":"mobile-align-left","16":"first","17":"instock","18":"shipping-taxable","19":"purchasable","20":"product-type-simple"},"acf":[],"yoast_head":"<!-- This site is optimized with the Yoast SEO plugin v27.0 - https:\/\/yoast.com\/product\/yoast-seo-wordpress\/ -->\n<title>M\u0117gintuv\u0117lis kariuomen\u0117je<\/title>\n<meta name=\"description\" content=\"M\u0117gintuv\u0117lis ir jo draug\u0117 Kolbut\u0117 lankosi Lietuvos karo akademijoje. \u010cia viskas ITIN SLAPTA, bet du draugai sugeba nugirsti \u012fdomiausius pokalbius ir sudalyvauti tikrose karin\u0117se pratybose.  Juk \u00a0geras karys turi ne tik myl\u0117ti ir gerbti T\u0117vyn\u0119, bet ir mok\u0117ti j\u0105 apginti. U\u017e sienos, chemijos laboratorijoje, \u0161nyp\u0161\u010dia ir burbuliuoja nepa\u017e\u012fstamos med\u017eiagos.  Pasirodo, pasigaminti tikr\u0105, skrendan\u010di\u0105 raket\u0105 \u2013 visai paprasta. Leiskis \u012f kelion\u0119 su M\u0117gintuv\u0117liu ir Kolbute ir visk\u0105 i\u0161bandyk pats.\" \/>\n<meta name=\"robots\" content=\"index, follow, max-snippet:-1, max-image-preview:large, max-video-preview:-1\" \/>\n<link rel=\"canonical\" href=\"https:\/\/skaitytaknyga.lt\/en\/produktas\/megintuvelis-kariuomeneje\/\" \/>\n<meta property=\"og:locale\" content=\"en_GB\" \/>\n<meta property=\"og:locale:alternate\" content=\"lt_LT\" \/>\n<meta property=\"og:type\" content=\"article\" \/>\n<meta property=\"og:title\" content=\"M\u0117gintuv\u0117lis kariuomen\u0117je\" \/>\n<meta property=\"og:description\" content=\"M\u0117gintuv\u0117lis ir jo draug\u0117 Kolbut\u0117 lankosi Lietuvos karo akademijoje. \u010cia viskas ITIN SLAPTA, bet du draugai sugeba nugirsti \u012fdomiausius pokalbius ir sudalyvauti tikrose karin\u0117se pratybose.  Juk \u00a0geras karys turi ne tik myl\u0117ti ir gerbti T\u0117vyn\u0119, bet ir mok\u0117ti j\u0105 apginti. U\u017e sienos, chemijos laboratorijoje, \u0161nyp\u0161\u010dia ir burbuliuoja nepa\u017e\u012fstamos med\u017eiagos.  Pasirodo, pasigaminti tikr\u0105, skrendan\u010di\u0105 raket\u0105 \u2013 visai paprasta. Leiskis \u012f kelion\u0119 su M\u0117gintuv\u0117liu ir Kolbute ir visk\u0105 i\u0161bandyk pats.\" \/>\n<meta property=\"og:url\" content=\"https:\/\/skaitytaknyga.lt\/en\/produktas\/megintuvelis-kariuomeneje\/\" \/>\n<meta property=\"og:site_name\" content=\"Skaitytaknyga\" \/>\n<meta property=\"article:publisher\" content=\"https:\/\/www.facebook.com\/skaitytaknyga\/\" \/>\n<meta property=\"article:modified_time\" content=\"2025-06-26T12:52:54+00:00\" \/>\n<meta property=\"og:image\" content=\"https:\/\/skaitytaknyga.lt\/wp-content\/uploads\/2024\/05\/1462886201_9786094412844megintuveliskariuomeneje.jpg\" \/>\n\t<meta property=\"og:image:width\" content=\"398\" \/>\n\t<meta property=\"og:image:height\" content=\"400\" \/>\n\t<meta property=\"og:image:type\" content=\"image\/jpeg\" \/>\n<meta name=\"twitter:card\" content=\"summary_large_image\" \/>\n<script type=\"application\/ld+json\" class=\"yoast-schema-graph\">{\"@context\":\"https:\/\/schema.org\",\"@graph\":[{\"@type\":\"WebPage\",\"@id\":\"https:\/\/skaitytaknyga.lt\/produktas\/megintuvelis-kariuomeneje\/\",\"url\":\"https:\/\/skaitytaknyga.lt\/produktas\/megintuvelis-kariuomeneje\/\",\"name\":\"M\u0117gintuv\u0117lis kariuomen\u0117je\",\"isPartOf\":{\"@id\":\"https:\/\/skaitytaknyga.lt\/#website\"},\"primaryImageOfPage\":{\"@id\":\"https:\/\/skaitytaknyga.lt\/produktas\/megintuvelis-kariuomeneje\/#primaryimage\"},\"image\":{\"@id\":\"https:\/\/skaitytaknyga.lt\/produktas\/megintuvelis-kariuomeneje\/#primaryimage\"},\"thumbnailUrl\":\"https:\/\/skaitytaknyga.lt\/wp-content\/uploads\/2024\/05\/1462886201_9786094412844megintuveliskariuomeneje.jpg\",\"datePublished\":\"2024-05-04T18:15:12+00:00\",\"dateModified\":\"2025-06-26T12:52:54+00:00\",\"description\":\"M\u0117gintuv\u0117lis ir jo draug\u0117 Kolbut\u0117 lankosi Lietuvos karo akademijoje. \u010cia viskas ITIN SLAPTA, bet du draugai sugeba nugirsti \u012fdomiausius pokalbius ir sudalyvauti tikrose karin\u0117se pratybose. Juk \u00a0geras karys turi ne tik myl\u0117ti ir gerbti T\u0117vyn\u0119, bet ir mok\u0117ti j\u0105 apginti. U\u017e sienos, chemijos laboratorijoje, \u0161nyp\u0161\u010dia ir burbuliuoja nepa\u017e\u012fstamos med\u017eiagos. Pasirodo, pasigaminti tikr\u0105, skrendan\u010di\u0105 raket\u0105 \u2013 visai paprasta. Leiskis \u012f kelion\u0119 su M\u0117gintuv\u0117liu ir Kolbute ir visk\u0105 i\u0161bandyk pats.\",\"breadcrumb\":{\"@id\":\"https:\/\/skaitytaknyga.lt\/produktas\/megintuvelis-kariuomeneje\/#breadcrumb\"},\"inLanguage\":\"en-GB\",\"potentialAction\":[{\"@type\":\"ReadAction\",\"target\":[\"https:\/\/skaitytaknyga.lt\/produktas\/megintuvelis-kariuomeneje\/\"]}]},{\"@type\":\"ImageObject\",\"inLanguage\":\"en-GB\",\"@id\":\"https:\/\/skaitytaknyga.lt\/produktas\/megintuvelis-kariuomeneje\/#primaryimage\",\"url\":\"https:\/\/skaitytaknyga.lt\/wp-content\/uploads\/2024\/05\/1462886201_9786094412844megintuveliskariuomeneje.jpg\",\"contentUrl\":\"https:\/\/skaitytaknyga.lt\/wp-content\/uploads\/2024\/05\/1462886201_9786094412844megintuveliskariuomeneje.jpg\",\"width\":398,\"height\":400},{\"@type\":\"BreadcrumbList\",\"@id\":\"https:\/\/skaitytaknyga.lt\/produktas\/megintuvelis-kariuomeneje\/#breadcrumb\",\"itemListElement\":[{\"@type\":\"ListItem\",\"position\":1,\"name\":\"Home\",\"item\":\"https:\/\/skaitytaknyga.lt\/\"},{\"@type\":\"ListItem\",\"position\":2,\"name\":\"Parduotuv\u0117\",\"item\":\"https:\/\/skaitytaknyga.lt\/knygu-parduotuve\/\"},{\"@type\":\"ListItem\",\"position\":3,\"name\":\"M\u0117gintuv\u0117lis kariuomen\u0117je\"}]},{\"@type\":\"WebSite\",\"@id\":\"https:\/\/skaitytaknyga.lt\/#website\",\"url\":\"https:\/\/skaitytaknyga.lt\/\",\"name\":\"skaitytaknyga.lt\",\"description\":\"Skaitytaknyga.lt \u2013 tai ma\u017eas \u0161eimos verslas, kuris prasid\u0117jo nuo meil\u0117s knygoms ir siekio i\u0161gelb\u0117ti knygas nuo likimo prie konteinerio. Kas vienam nereikalingas daiktas \u2013 kitam lobis, o mes esame tarpininkai, kurie padeda abiems tapti laimingesniems ???? \u017dinome kaip nelengva i\u0161gyventi ma\u017eiems verslams, tad nuo \u0161iol, \u010dia rasite ir kit\u0173, ma\u017e\u0173 \u0161eim\u0173 versl\u0173, rank\u0173 darbo, dovan\u0173 sau ir artimiesiems.\",\"publisher\":{\"@id\":\"https:\/\/skaitytaknyga.lt\/#organization\"},\"potentialAction\":[{\"@type\":\"SearchAction\",\"target\":{\"@type\":\"EntryPoint\",\"urlTemplate\":\"https:\/\/skaitytaknyga.lt\/?s={search_term_string}\"},\"query-input\":{\"@type\":\"PropertyValueSpecification\",\"valueRequired\":true,\"valueName\":\"search_term_string\"}}],\"inLanguage\":\"en-GB\"},{\"@type\":\"Organization\",\"@id\":\"https:\/\/skaitytaknyga.lt\/#organization\",\"name\":\"skaitytaknyga.lt\",\"url\":\"https:\/\/skaitytaknyga.lt\/\",\"logo\":{\"@type\":\"ImageObject\",\"inLanguage\":\"en-GB\",\"@id\":\"https:\/\/skaitytaknyga.lt\/#\/schema\/logo\/image\/\",\"url\":\"https:\/\/skaitytaknyga.lt\/wp-content\/uploads\/2024\/05\/cropped-cropped-cropped-02_00843_jt3bggkj1j3HLc7SyY6rEUpg.jpeg\",\"contentUrl\":\"https:\/\/skaitytaknyga.lt\/wp-content\/uploads\/2024\/05\/cropped-cropped-cropped-02_00843_jt3bggkj1j3HLc7SyY6rEUpg.jpeg\",\"width\":1600,\"height\":1600,\"caption\":\"skaitytaknyga.lt\"},\"image\":{\"@id\":\"https:\/\/skaitytaknyga.lt\/#\/schema\/logo\/image\/\"},\"sameAs\":[\"https:\/\/www.facebook.com\/skaitytaknyga\/\"]}]}<\/script>\n<!-- \/ Yoast SEO plugin. -->","yoast_head_json":{"title":"M\u0117gintuv\u0117lis kariuomen\u0117je","description":"M\u0117gintuv\u0117lis ir jo draug\u0117 Kolbut\u0117 lankosi Lietuvos karo akademijoje. \u010cia viskas ITIN SLAPTA, bet du draugai sugeba nugirsti \u012fdomiausius pokalbius ir sudalyvauti tikrose karin\u0117se pratybose.  Juk \u00a0geras karys turi ne tik myl\u0117ti ir gerbti T\u0117vyn\u0119, bet ir mok\u0117ti j\u0105 apginti. U\u017e sienos, chemijos laboratorijoje, \u0161nyp\u0161\u010dia ir burbuliuoja nepa\u017e\u012fstamos med\u017eiagos.  Pasirodo, pasigaminti tikr\u0105, skrendan\u010di\u0105 raket\u0105 \u2013 visai paprasta. Leiskis \u012f kelion\u0119 su M\u0117gintuv\u0117liu ir Kolbute ir visk\u0105 i\u0161bandyk pats.","robots":{"index":"index","follow":"follow","max-snippet":"max-snippet:-1","max-image-preview":"max-image-preview:large","max-video-preview":"max-video-preview:-1"},"canonical":"https:\/\/skaitytaknyga.lt\/en\/produktas\/megintuvelis-kariuomeneje\/","og_locale":"en_GB","og_type":"article","og_title":"[:lt]M\u0117gintuv\u0117lis kariuomen\u0117je[:] - Skaitytaknyga","og_description":"M\u0117gintuv\u0117lis ir jo draug\u0117 Kolbut\u0117 lankosi Lietuvos karo akademijoje. \u010cia viskas ITIN SLAPTA, bet du draugai sugeba nugirsti \u012fdomiausius pokalbius ir sudalyvauti tikrose karin\u0117se pratybose.  Juk \u00a0geras karys turi ne tik myl\u0117ti ir gerbti T\u0117vyn\u0119, bet ir mok\u0117ti j\u0105 apginti. U\u017e sienos, chemijos laboratorijoje, \u0161nyp\u0161\u010dia ir burbuliuoja nepa\u017e\u012fstamos med\u017eiagos.  Pasirodo, pasigaminti tikr\u0105, skrendan\u010di\u0105 raket\u0105 \u2013 visai paprasta. Leiskis \u012f kelion\u0119 su M\u0117gintuv\u0117liu ir Kolbute ir visk\u0105 i\u0161bandyk pats.","og_url":"https:\/\/skaitytaknyga.lt\/en\/produktas\/megintuvelis-kariuomeneje\/","og_site_name":"Skaitytaknyga","article_publisher":"https:\/\/www.facebook.com\/skaitytaknyga\/","article_modified_time":"2025-06-26T12:52:54+00:00","og_image":[{"width":398,"height":400,"url":"https:\/\/skaitytaknyga.lt\/wp-content\/uploads\/2024\/05\/1462886201_9786094412844megintuveliskariuomeneje.jpg","type":"image\/jpeg"}],"twitter_card":"summary_large_image","schema":{"@context":"https:\/\/schema.org","@graph":[{"@type":"WebPage","@id":"https:\/\/skaitytaknyga.lt\/produktas\/megintuvelis-kariuomeneje\/","url":"https:\/\/skaitytaknyga.lt\/produktas\/megintuvelis-kariuomeneje\/","name":"M\u0117gintuv\u0117lis kariuomen\u0117je","isPartOf":{"@id":"https:\/\/skaitytaknyga.lt\/#website"},"primaryImageOfPage":{"@id":"https:\/\/skaitytaknyga.lt\/produktas\/megintuvelis-kariuomeneje\/#primaryimage"},"image":{"@id":"https:\/\/skaitytaknyga.lt\/produktas\/megintuvelis-kariuomeneje\/#primaryimage"},"thumbnailUrl":"https:\/\/skaitytaknyga.lt\/wp-content\/uploads\/2024\/05\/1462886201_9786094412844megintuveliskariuomeneje.jpg","datePublished":"2024-05-04T18:15:12+00:00","dateModified":"2025-06-26T12:52:54+00:00","description":"M\u0117gintuv\u0117lis ir jo draug\u0117 Kolbut\u0117 lankosi Lietuvos karo akademijoje. \u010cia viskas ITIN SLAPTA, bet du draugai sugeba nugirsti \u012fdomiausius pokalbius ir sudalyvauti tikrose karin\u0117se pratybose. Juk \u00a0geras karys turi ne tik myl\u0117ti ir gerbti T\u0117vyn\u0119, bet ir mok\u0117ti j\u0105 apginti. U\u017e sienos, chemijos laboratorijoje, \u0161nyp\u0161\u010dia ir burbuliuoja nepa\u017e\u012fstamos med\u017eiagos. Pasirodo, pasigaminti tikr\u0105, skrendan\u010di\u0105 raket\u0105 \u2013 visai paprasta. Leiskis \u012f kelion\u0119 su M\u0117gintuv\u0117liu ir Kolbute ir visk\u0105 i\u0161bandyk pats.","breadcrumb":{"@id":"https:\/\/skaitytaknyga.lt\/produktas\/megintuvelis-kariuomeneje\/#breadcrumb"},"inLanguage":"en-GB","potentialAction":[{"@type":"ReadAction","target":["https:\/\/skaitytaknyga.lt\/produktas\/megintuvelis-kariuomeneje\/"]}]},{"@type":"ImageObject","inLanguage":"en-GB","@id":"https:\/\/skaitytaknyga.lt\/produktas\/megintuvelis-kariuomeneje\/#primaryimage","url":"https:\/\/skaitytaknyga.lt\/wp-content\/uploads\/2024\/05\/1462886201_9786094412844megintuveliskariuomeneje.jpg","contentUrl":"https:\/\/skaitytaknyga.lt\/wp-content\/uploads\/2024\/05\/1462886201_9786094412844megintuveliskariuomeneje.jpg","width":398,"height":400},{"@type":"BreadcrumbList","@id":"https:\/\/skaitytaknyga.lt\/produktas\/megintuvelis-kariuomeneje\/#breadcrumb","itemListElement":[{"@type":"ListItem","position":1,"name":"Home","item":"https:\/\/skaitytaknyga.lt\/"},{"@type":"ListItem","position":2,"name":"Parduotuv\u0117","item":"https:\/\/skaitytaknyga.lt\/knygu-parduotuve\/"},{"@type":"ListItem","position":3,"name":"M\u0117gintuv\u0117lis kariuomen\u0117je"}]},{"@type":"WebSite","@id":"https:\/\/skaitytaknyga.lt\/#website","url":"https:\/\/skaitytaknyga.lt\/","name":"skaitytaknyga.lt","description":"Skaitytaknyga.lt \u2013 tai ma\u017eas \u0161eimos verslas, kuris prasid\u0117jo nuo meil\u0117s knygoms ir siekio i\u0161gelb\u0117ti knygas nuo likimo prie konteinerio. Kas vienam nereikalingas daiktas \u2013 kitam lobis, o mes esame tarpininkai, kurie padeda abiems tapti laimingesniems ???? \u017dinome kaip nelengva i\u0161gyventi ma\u017eiems verslams, tad nuo \u0161iol, \u010dia rasite ir kit\u0173, ma\u017e\u0173 \u0161eim\u0173 versl\u0173, rank\u0173 darbo, dovan\u0173 sau ir artimiesiems.","publisher":{"@id":"https:\/\/skaitytaknyga.lt\/#organization"},"potentialAction":[{"@type":"SearchAction","target":{"@type":"EntryPoint","urlTemplate":"https:\/\/skaitytaknyga.lt\/?s={search_term_string}"},"query-input":{"@type":"PropertyValueSpecification","valueRequired":true,"valueName":"search_term_string"}}],"inLanguage":"en-GB"},{"@type":"Organization","@id":"https:\/\/skaitytaknyga.lt\/#organization","name":"skaitytaknyga.lt","url":"https:\/\/skaitytaknyga.lt\/","logo":{"@type":"ImageObject","inLanguage":"en-GB","@id":"https:\/\/skaitytaknyga.lt\/#\/schema\/logo\/image\/","url":"https:\/\/skaitytaknyga.lt\/wp-content\/uploads\/2024\/05\/cropped-cropped-cropped-02_00843_jt3bggkj1j3HLc7SyY6rEUpg.jpeg","contentUrl":"https:\/\/skaitytaknyga.lt\/wp-content\/uploads\/2024\/05\/cropped-cropped-cropped-02_00843_jt3bggkj1j3HLc7SyY6rEUpg.jpeg","width":1600,"height":1600,"caption":"skaitytaknyga.lt"},"image":{"@id":"https:\/\/skaitytaknyga.lt\/#\/schema\/logo\/image\/"},"sameAs":["https:\/\/www.facebook.com\/skaitytaknyga\/"]}]}},"_links":{"self":[{"href":"https:\/\/skaitytaknyga.lt\/en\/wp-json\/wp\/v2\/product\/10402","targetHints":{"allow":["GET"]}}],"collection":[{"href":"https:\/\/skaitytaknyga.lt\/en\/wp-json\/wp\/v2\/product"}],"about":[{"href":"https:\/\/skaitytaknyga.lt\/en\/wp-json\/wp\/v2\/types\/product"}],"replies":[{"embeddable":true,"href":"https:\/\/skaitytaknyga.lt\/en\/wp-json\/wp\/v2\/comments?post=10402"}],"wp:featuredmedia":[{"embeddable":true,"href":"https:\/\/skaitytaknyga.lt\/en\/wp-json\/wp\/v2\/media\/10447"}],"wp:attachment":[{"href":"https:\/\/skaitytaknyga.lt\/en\/wp-json\/wp\/v2\/media?parent=10402"}],"wp:term":[{"taxonomy":"product_brand","embeddable":true,"href":"https:\/\/skaitytaknyga.lt\/en\/wp-json\/wp\/v2\/product_brand?post=10402"},{"taxonomy":"product_cat","embeddable":true,"href":"https:\/\/skaitytaknyga.lt\/en\/wp-json\/wp\/v2\/product_cat?post=10402"},{"taxonomy":"product_tag","embeddable":true,"href":"https:\/\/skaitytaknyga.lt\/en\/wp-json\/wp\/v2\/product_tag?post=10402"}],"curies":[{"name":"wp","href":"https:\/\/api.w.org\/{rel}","templated":true}]}}