{"id":10387,"date":"2024-05-04T18:14:47","date_gmt":"2024-05-04T18:14:47","guid":{"rendered":"https:\/\/skaitytaknyga.lt\/?post_type=product&#038;p=10387"},"modified":"2024-10-24T19:55:06","modified_gmt":"2024-10-24T16:55:06","slug":"nikolajus-nosovas-neziniuko-nuotykiai-menulyje","status":"publish","type":"product","link":"https:\/\/skaitytaknyga.lt\/en\/produktas\/nikolajus-nosovas-neziniuko-nuotykiai-menulyje\/","title":{"rendered":"Nikolajus Nosovas \u201eNe\u017einiuko nuotykiai M\u0117nulyje\u201c"},"content":{"rendered":"<p style=\"text-align: left;\"><em>&#8220;Viename pasak\u0173 mieste gyveno trumpuliai.<\/p>\n<p>Vis\u0173 garsiausias tarp j\u0173 buvo ma\u017eiulis vardu Ne\u017einiukas. J\u012f pramin\u0117 Ne\u017einiuku d\u0117l to, kad jis nieko ne\u017einojo ir nemok\u0117jo.\u201c<\/em><\/p>\n<p>Kai kurie skaitytojai tikriausiai jau yra skait\u0119 knyg\u0105 &#8220;Ne\u017einiuko ir jo draug\u0173 nuotykiai&#8221;. Toje knygoje ra\u0161oma apie pasak\u0173 \u0161al\u012f, kurioje gyvena ma\u017euliai ir ma\u017eiul\u0117s, tai yra, ma\u017ey\u010diai berniukai ir mergyt\u0117s, kitaip vadinamos trumpuliais. Toks ma\u017eiulis trumpulis ir buvo Ne\u017einiukas. Gyveno jis G\u0117li\u0173 mieste, Varpeli\u0173 gatv\u0117je, kartu su savo bi\u010diuliais \u017diniumi, Skubriuku, Pliku\u010diu, mechanikais Sraigteliu ir Var\u017eteliu, muzikantu Kanklium, dailininku Tepuliu, daktaru Piliuliu ir daugeliu kit\u0173.<\/p>\n","protected":false},"excerpt":{"rendered":"<p style=\"text-align: left;\"><em>&#8220;Viename pasak\u0173 mieste gyveno trumpuliai.<\/p>\n<p>Vis\u0173 garsiausias tarp j\u0173 buvo ma\u017eiulis vardu Ne\u017einiukas. J\u012f pramin\u0117 Ne\u017einiuku d\u0117l to, kad jis nieko ne\u017einojo ir nemok\u0117jo.\u201c<\/em><\/p>\n<p>Kai kurie skaitytojai tikriausiai jau yra skait\u0119 knyg\u0105 &#8220;Ne\u017einiuko ir jo draug\u0173 nuotykiai&#8221;. Toje knygoje ra\u0161oma apie pasak\u0173 \u0161al\u012f, kurioje gyvena ma\u017euliai ir ma\u017eiul\u0117s, tai yra, ma\u017ey\u010diai berniukai ir mergyt\u0117s, kitaip vadinamos trumpuliais. Toks ma\u017eiulis trumpulis ir buvo Ne\u017einiukas. Gyveno jis G\u0117li\u0173 mieste, Varpeli\u0173 gatv\u0117je, kartu su savo bi\u010diuliais \u017diniumi, Skubriuku, Pliku\u010diu, mechanikais Sraigteliu ir Var\u017eteliu, muzikantu Kanklium, dailininku Tepuliu, daktaru Piliuliu ir daugeliu kit\u0173.<\/p>\n","protected":false},"featured_media":10433,"comment_status":"closed","ping_status":"closed","template":"","meta":{"_acf_changed":false,"site-sidebar-layout":"default","site-content-layout":"","ast-site-content-layout":"default","site-content-style":"default","site-sidebar-style":"default","ast-global-header-display":"","ast-banner-title-visibility":"","ast-main-header-display":"","ast-hfb-above-header-display":"","ast-hfb-below-header-display":"","ast-hfb-mobile-header-display":"","site-post-title":"","ast-breadcrumbs-content":"","ast-featured-img":"","footer-sml-layout":"","ast-disable-related-posts":"","theme-transparent-header-meta":"","adv-header-id-meta":"","stick-header-meta":"","header-above-stick-meta":"","header-main-stick-meta":"","header-below-stick-meta":"","astra-migrate-meta-layouts":"default","ast-page-background-enabled":"default","ast-page-background-meta":{"desktop":{"background-color":"","background-image":"","background-repeat":"repeat","background-position":"center center","background-size":"auto","background-attachment":"scroll","background-type":"","background-media":"","overlay-type":"","overlay-color":"","overlay-opacity":"","overlay-gradient":""},"tablet":{"background-color":"","background-image":"","background-repeat":"repeat","background-position":"center center","background-size":"auto","background-attachment":"scroll","background-type":"","background-media":"","overlay-type":"","overlay-color":"","overlay-opacity":"","overlay-gradient":""},"mobile":{"background-color":"","background-image":"","background-repeat":"repeat","background-position":"center center","background-size":"auto","background-attachment":"scroll","background-type":"","background-media":"","overlay-type":"","overlay-color":"","overlay-opacity":"","overlay-gradient":""}},"ast-content-background-meta":{"desktop":{"background-color":"var(--ast-global-color-4)","background-image":"","background-repeat":"repeat","background-position":"center center","background-size":"auto","background-attachment":"scroll","background-type":"","background-media":"","overlay-type":"","overlay-color":"","overlay-opacity":"","overlay-gradient":""},"tablet":{"background-color":"var(--ast-global-color-4)","background-image":"","background-repeat":"repeat","background-position":"center center","background-size":"auto","background-attachment":"scroll","background-type":"","background-media":"","overlay-type":"","overlay-color":"","overlay-opacity":"","overlay-gradient":""},"mobile":{"background-color":"var(--ast-global-color-4)","background-image":"","background-repeat":"repeat","background-position":"center center","background-size":"auto","background-attachment":"scroll","background-type":"","background-media":"","overlay-type":"","overlay-color":"","overlay-opacity":"","overlay-gradient":""}}},"product_brand":[],"product_cat":[35],"product_tag":[],"class_list":{"0":"post-10387","1":"product","2":"type-product","3":"status-publish","4":"has-post-thumbnail","6":"product_cat-vaikams-ir-paaugliams","7":"desktop-align-left","8":"tablet-align-left","9":"mobile-align-left","11":"first","12":"outofstock","13":"shipping-taxable","14":"purchasable","15":"product-type-simple"},"acf":[],"yoast_head":"<!-- This site is optimized with the Yoast SEO plugin v27.4 - https:\/\/yoast.com\/product\/yoast-seo-wordpress\/ -->\n<title>Nikolajus Nosovas \u201eNe\u017einiuko nuotykiai M\u0117nulyje\u201c<\/title>\n<meta name=\"description\" content=\"&quot;Viename pasak\u0173 mieste gyveno trumpuliai.  Vis\u0173 garsiausias tarp j\u0173 buvo ma\u017eiulis vardu Ne\u017einiukas. J\u012f pramin\u0117 Ne\u017einiuku d\u0117l to, kad jis nieko ne\u017einojo ir nemok\u0117jo.\u201c   Kai kurie skaitytojai tikriausiai jau yra skait\u0119 knyg\u0105 &quot;Ne\u017einiuko ir jo draug\u0173 nuotykiai&quot;. Toje knygoje ra\u0161oma apie pasak\u0173 \u0161al\u012f, kurioje gyvena ma\u017euliai ir ma\u017eiul\u0117s, tai yra, ma\u017ey\u010diai berniukai ir mergyt\u0117s, kitaip vadinamos trumpuliais. Toks ma\u017eiulis trumpulis ir buvo Ne\u017einiukas. Gyveno jis G\u0117li\u0173 mieste, Varpeli\u0173 gatv\u0117je, kartu su savo bi\u010diuliais \u017diniumi, Skubriuku, Pliku\u010diu, mechanikais Sraigteliu ir Var\u017eteliu, muzikantu Kanklium, dailininku Tepuliu, daktaru Piliuliu ir daugeliu kit\u0173.\" \/>\n<meta name=\"robots\" content=\"index, follow, max-snippet:-1, max-image-preview:large, max-video-preview:-1\" \/>\n<link rel=\"canonical\" href=\"https:\/\/skaitytaknyga.lt\/en\/produktas\/nikolajus-nosovas-neziniuko-nuotykiai-menulyje\/\" \/>\n<meta property=\"og:locale\" content=\"en_GB\" \/>\n<meta property=\"og:locale:alternate\" content=\"lt_LT\" \/>\n<meta property=\"og:type\" content=\"article\" \/>\n<meta property=\"og:title\" content=\"Nikolajus Nosovas \u201eNe\u017einiuko nuotykiai M\u0117nulyje\u201c\" \/>\n<meta property=\"og:description\" content=\"&quot;Viename pasak\u0173 mieste gyveno trumpuliai.  Vis\u0173 garsiausias tarp j\u0173 buvo ma\u017eiulis vardu Ne\u017einiukas. J\u012f pramin\u0117 Ne\u017einiuku d\u0117l to, kad jis nieko ne\u017einojo ir nemok\u0117jo.\u201c   Kai kurie skaitytojai tikriausiai jau yra skait\u0119 knyg\u0105 &quot;Ne\u017einiuko ir jo draug\u0173 nuotykiai&quot;. Toje knygoje ra\u0161oma apie pasak\u0173 \u0161al\u012f, kurioje gyvena ma\u017euliai ir ma\u017eiul\u0117s, tai yra, ma\u017ey\u010diai berniukai ir mergyt\u0117s, kitaip vadinamos trumpuliais. Toks ma\u017eiulis trumpulis ir buvo Ne\u017einiukas. Gyveno jis G\u0117li\u0173 mieste, Varpeli\u0173 gatv\u0117je, kartu su savo bi\u010diuliais \u017diniumi, Skubriuku, Pliku\u010diu, mechanikais Sraigteliu ir Var\u017eteliu, muzikantu Kanklium, dailininku Tepuliu, daktaru Piliuliu ir daugeliu kit\u0173.\" \/>\n<meta property=\"og:url\" content=\"https:\/\/skaitytaknyga.lt\/en\/produktas\/nikolajus-nosovas-neziniuko-nuotykiai-menulyje\/\" \/>\n<meta property=\"og:site_name\" content=\"Skaitytaknyga\" \/>\n<meta property=\"article:publisher\" content=\"https:\/\/www.facebook.com\/skaitytaknyga\/\" \/>\n<meta property=\"article:modified_time\" content=\"2024-10-24T16:55:06+00:00\" \/>\n<meta property=\"og:image\" content=\"https:\/\/skaitytaknyga.lt\/wp-content\/uploads\/2024\/05\/nosovas_nikolajus-neziniuko_nuotykiai_menulyje.jpg\" \/>\n\t<meta property=\"og:image:width\" content=\"150\" \/>\n\t<meta property=\"og:image:height\" content=\"239\" \/>\n\t<meta property=\"og:image:type\" content=\"image\/jpeg\" \/>\n<meta name=\"twitter:card\" content=\"summary_large_image\" \/>\n<meta name=\"twitter:label1\" content=\"Estimated reading time\" \/>\n\t<meta name=\"twitter:data1\" content=\"1 minute\" \/>\n<script type=\"application\/ld+json\" class=\"yoast-schema-graph\">{\"@context\":\"https:\\\/\\\/schema.org\",\"@graph\":[{\"@type\":\"WebPage\",\"@id\":\"https:\\\/\\\/skaitytaknyga.lt\\\/produktas\\\/nikolajus-nosovas-neziniuko-nuotykiai-menulyje\\\/\",\"url\":\"https:\\\/\\\/skaitytaknyga.lt\\\/produktas\\\/nikolajus-nosovas-neziniuko-nuotykiai-menulyje\\\/\",\"name\":\"Nikolajus Nosovas \u201eNe\u017einiuko nuotykiai M\u0117nulyje\u201c\",\"isPartOf\":{\"@id\":\"https:\\\/\\\/skaitytaknyga.lt\\\/#website\"},\"primaryImageOfPage\":{\"@id\":\"https:\\\/\\\/skaitytaknyga.lt\\\/produktas\\\/nikolajus-nosovas-neziniuko-nuotykiai-menulyje\\\/#primaryimage\"},\"image\":{\"@id\":\"https:\\\/\\\/skaitytaknyga.lt\\\/produktas\\\/nikolajus-nosovas-neziniuko-nuotykiai-menulyje\\\/#primaryimage\"},\"thumbnailUrl\":\"https:\\\/\\\/skaitytaknyga.lt\\\/wp-content\\\/uploads\\\/2024\\\/05\\\/nosovas_nikolajus-neziniuko_nuotykiai_menulyje.jpg\",\"datePublished\":\"2024-05-04T18:14:47+00:00\",\"dateModified\":\"2024-10-24T16:55:06+00:00\",\"description\":\"\\\"Viename pasak\u0173 mieste gyveno trumpuliai. Vis\u0173 garsiausias tarp j\u0173 buvo ma\u017eiulis vardu Ne\u017einiukas. J\u012f pramin\u0117 Ne\u017einiuku d\u0117l to, kad jis nieko ne\u017einojo ir nemok\u0117jo.\u201c Kai kurie skaitytojai tikriausiai jau yra skait\u0119 knyg\u0105 \\\"Ne\u017einiuko ir jo draug\u0173 nuotykiai\\\". Toje knygoje ra\u0161oma apie pasak\u0173 \u0161al\u012f, kurioje gyvena ma\u017euliai ir ma\u017eiul\u0117s, tai yra, ma\u017ey\u010diai berniukai ir mergyt\u0117s, kitaip vadinamos trumpuliais. Toks ma\u017eiulis trumpulis ir buvo Ne\u017einiukas. Gyveno jis G\u0117li\u0173 mieste, Varpeli\u0173 gatv\u0117je, kartu su savo bi\u010diuliais \u017diniumi, Skubriuku, Pliku\u010diu, mechanikais Sraigteliu ir Var\u017eteliu, muzikantu Kanklium, dailininku Tepuliu, daktaru Piliuliu ir daugeliu kit\u0173.\",\"breadcrumb\":{\"@id\":\"https:\\\/\\\/skaitytaknyga.lt\\\/produktas\\\/nikolajus-nosovas-neziniuko-nuotykiai-menulyje\\\/#breadcrumb\"},\"inLanguage\":\"en-GB\",\"potentialAction\":[{\"@type\":\"ReadAction\",\"target\":[\"https:\\\/\\\/skaitytaknyga.lt\\\/produktas\\\/nikolajus-nosovas-neziniuko-nuotykiai-menulyje\\\/\"]}]},{\"@type\":\"ImageObject\",\"inLanguage\":\"en-GB\",\"@id\":\"https:\\\/\\\/skaitytaknyga.lt\\\/produktas\\\/nikolajus-nosovas-neziniuko-nuotykiai-menulyje\\\/#primaryimage\",\"url\":\"https:\\\/\\\/skaitytaknyga.lt\\\/wp-content\\\/uploads\\\/2024\\\/05\\\/nosovas_nikolajus-neziniuko_nuotykiai_menulyje.jpg\",\"contentUrl\":\"https:\\\/\\\/skaitytaknyga.lt\\\/wp-content\\\/uploads\\\/2024\\\/05\\\/nosovas_nikolajus-neziniuko_nuotykiai_menulyje.jpg\",\"width\":150,\"height\":239},{\"@type\":\"BreadcrumbList\",\"@id\":\"https:\\\/\\\/skaitytaknyga.lt\\\/produktas\\\/nikolajus-nosovas-neziniuko-nuotykiai-menulyje\\\/#breadcrumb\",\"itemListElement\":[{\"@type\":\"ListItem\",\"position\":1,\"name\":\"Home\",\"item\":\"https:\\\/\\\/skaitytaknyga.lt\\\/\"},{\"@type\":\"ListItem\",\"position\":2,\"name\":\"Parduotuv\u0117\",\"item\":\"https:\\\/\\\/skaitytaknyga.lt\\\/knygu-parduotuve\\\/\"},{\"@type\":\"ListItem\",\"position\":3,\"name\":\"Nikolajus Nosovas \u201eNe\u017einiuko nuotykiai M\u0117nulyje\u201c\"}]},{\"@type\":\"WebSite\",\"@id\":\"https:\\\/\\\/skaitytaknyga.lt\\\/#website\",\"url\":\"https:\\\/\\\/skaitytaknyga.lt\\\/\",\"name\":\"skaitytaknyga.lt\",\"description\":\"Skaitytaknyga.lt \u2013 tai ma\u017eas \u0161eimos verslas, kuris prasid\u0117jo nuo meil\u0117s knygoms ir siekio i\u0161gelb\u0117ti knygas nuo likimo prie konteinerio. Kas vienam nereikalingas daiktas \u2013 kitam lobis, o mes esame tarpininkai, kurie padeda abiems tapti laimingesniems ???? \u017dinome kaip nelengva i\u0161gyventi ma\u017eiems verslams, tad nuo \u0161iol, \u010dia rasite ir kit\u0173, ma\u017e\u0173 \u0161eim\u0173 versl\u0173, rank\u0173 darbo, dovan\u0173 sau ir artimiesiems.\",\"publisher\":{\"@id\":\"https:\\\/\\\/skaitytaknyga.lt\\\/#organization\"},\"potentialAction\":[{\"@type\":\"SearchAction\",\"target\":{\"@type\":\"EntryPoint\",\"urlTemplate\":\"https:\\\/\\\/skaitytaknyga.lt\\\/?s={search_term_string}\"},\"query-input\":{\"@type\":\"PropertyValueSpecification\",\"valueRequired\":true,\"valueName\":\"search_term_string\"}}],\"inLanguage\":\"en-GB\"},{\"@type\":\"Organization\",\"@id\":\"https:\\\/\\\/skaitytaknyga.lt\\\/#organization\",\"name\":\"skaitytaknyga.lt\",\"url\":\"https:\\\/\\\/skaitytaknyga.lt\\\/\",\"logo\":{\"@type\":\"ImageObject\",\"inLanguage\":\"en-GB\",\"@id\":\"https:\\\/\\\/skaitytaknyga.lt\\\/#\\\/schema\\\/logo\\\/image\\\/\",\"url\":\"https:\\\/\\\/skaitytaknyga.lt\\\/wp-content\\\/uploads\\\/2024\\\/05\\\/cropped-cropped-cropped-02_00843_jt3bggkj1j3HLc7SyY6rEUpg.jpeg\",\"contentUrl\":\"https:\\\/\\\/skaitytaknyga.lt\\\/wp-content\\\/uploads\\\/2024\\\/05\\\/cropped-cropped-cropped-02_00843_jt3bggkj1j3HLc7SyY6rEUpg.jpeg\",\"width\":1600,\"height\":1600,\"caption\":\"skaitytaknyga.lt\"},\"image\":{\"@id\":\"https:\\\/\\\/skaitytaknyga.lt\\\/#\\\/schema\\\/logo\\\/image\\\/\"},\"sameAs\":[\"https:\\\/\\\/www.facebook.com\\\/skaitytaknyga\\\/\"]}]}<\/script>\n<!-- \/ Yoast SEO plugin. -->","yoast_head_json":{"title":"Nikolajus Nosovas \u201eNe\u017einiuko nuotykiai M\u0117nulyje\u201c","description":"\"Viename pasak\u0173 mieste gyveno trumpuliai.  Vis\u0173 garsiausias tarp j\u0173 buvo ma\u017eiulis vardu Ne\u017einiukas. J\u012f pramin\u0117 Ne\u017einiuku d\u0117l to, kad jis nieko ne\u017einojo ir nemok\u0117jo.\u201c   Kai kurie skaitytojai tikriausiai jau yra skait\u0119 knyg\u0105 \"Ne\u017einiuko ir jo draug\u0173 nuotykiai\". Toje knygoje ra\u0161oma apie pasak\u0173 \u0161al\u012f, kurioje gyvena ma\u017euliai ir ma\u017eiul\u0117s, tai yra, ma\u017ey\u010diai berniukai ir mergyt\u0117s, kitaip vadinamos trumpuliais. Toks ma\u017eiulis trumpulis ir buvo Ne\u017einiukas. Gyveno jis G\u0117li\u0173 mieste, Varpeli\u0173 gatv\u0117je, kartu su savo bi\u010diuliais \u017diniumi, Skubriuku, Pliku\u010diu, mechanikais Sraigteliu ir Var\u017eteliu, muzikantu Kanklium, dailininku Tepuliu, daktaru Piliuliu ir daugeliu kit\u0173.","robots":{"index":"index","follow":"follow","max-snippet":"max-snippet:-1","max-image-preview":"max-image-preview:large","max-video-preview":"max-video-preview:-1"},"canonical":"https:\/\/skaitytaknyga.lt\/en\/produktas\/nikolajus-nosovas-neziniuko-nuotykiai-menulyje\/","og_locale":"en_GB","og_type":"article","og_title":"[:lt]Nikolajus Nosovas \u201eNe\u017einiuko nuotykiai M\u0117nulyje\u201c[:] - Skaitytaknyga","og_description":"\"Viename pasak\u0173 mieste gyveno trumpuliai.  Vis\u0173 garsiausias tarp j\u0173 buvo ma\u017eiulis vardu Ne\u017einiukas. J\u012f pramin\u0117 Ne\u017einiuku d\u0117l to, kad jis nieko ne\u017einojo ir nemok\u0117jo.\u201c   Kai kurie skaitytojai tikriausiai jau yra skait\u0119 knyg\u0105 \"Ne\u017einiuko ir jo draug\u0173 nuotykiai\". Toje knygoje ra\u0161oma apie pasak\u0173 \u0161al\u012f, kurioje gyvena ma\u017euliai ir ma\u017eiul\u0117s, tai yra, ma\u017ey\u010diai berniukai ir mergyt\u0117s, kitaip vadinamos trumpuliais. Toks ma\u017eiulis trumpulis ir buvo Ne\u017einiukas. Gyveno jis G\u0117li\u0173 mieste, Varpeli\u0173 gatv\u0117je, kartu su savo bi\u010diuliais \u017diniumi, Skubriuku, Pliku\u010diu, mechanikais Sraigteliu ir Var\u017eteliu, muzikantu Kanklium, dailininku Tepuliu, daktaru Piliuliu ir daugeliu kit\u0173.","og_url":"https:\/\/skaitytaknyga.lt\/en\/produktas\/nikolajus-nosovas-neziniuko-nuotykiai-menulyje\/","og_site_name":"Skaitytaknyga","article_publisher":"https:\/\/www.facebook.com\/skaitytaknyga\/","article_modified_time":"2024-10-24T16:55:06+00:00","og_image":[{"width":150,"height":239,"url":"https:\/\/skaitytaknyga.lt\/wp-content\/uploads\/2024\/05\/nosovas_nikolajus-neziniuko_nuotykiai_menulyje.jpg","type":"image\/jpeg"}],"twitter_card":"summary_large_image","twitter_misc":{"Estimated reading time":"1 minute"},"schema":{"@context":"https:\/\/schema.org","@graph":[{"@type":"WebPage","@id":"https:\/\/skaitytaknyga.lt\/produktas\/nikolajus-nosovas-neziniuko-nuotykiai-menulyje\/","url":"https:\/\/skaitytaknyga.lt\/produktas\/nikolajus-nosovas-neziniuko-nuotykiai-menulyje\/","name":"Nikolajus Nosovas \u201eNe\u017einiuko nuotykiai M\u0117nulyje\u201c","isPartOf":{"@id":"https:\/\/skaitytaknyga.lt\/#website"},"primaryImageOfPage":{"@id":"https:\/\/skaitytaknyga.lt\/produktas\/nikolajus-nosovas-neziniuko-nuotykiai-menulyje\/#primaryimage"},"image":{"@id":"https:\/\/skaitytaknyga.lt\/produktas\/nikolajus-nosovas-neziniuko-nuotykiai-menulyje\/#primaryimage"},"thumbnailUrl":"https:\/\/skaitytaknyga.lt\/wp-content\/uploads\/2024\/05\/nosovas_nikolajus-neziniuko_nuotykiai_menulyje.jpg","datePublished":"2024-05-04T18:14:47+00:00","dateModified":"2024-10-24T16:55:06+00:00","description":"\"Viename pasak\u0173 mieste gyveno trumpuliai. Vis\u0173 garsiausias tarp j\u0173 buvo ma\u017eiulis vardu Ne\u017einiukas. J\u012f pramin\u0117 Ne\u017einiuku d\u0117l to, kad jis nieko ne\u017einojo ir nemok\u0117jo.\u201c Kai kurie skaitytojai tikriausiai jau yra skait\u0119 knyg\u0105 \"Ne\u017einiuko ir jo draug\u0173 nuotykiai\". Toje knygoje ra\u0161oma apie pasak\u0173 \u0161al\u012f, kurioje gyvena ma\u017euliai ir ma\u017eiul\u0117s, tai yra, ma\u017ey\u010diai berniukai ir mergyt\u0117s, kitaip vadinamos trumpuliais. Toks ma\u017eiulis trumpulis ir buvo Ne\u017einiukas. Gyveno jis G\u0117li\u0173 mieste, Varpeli\u0173 gatv\u0117je, kartu su savo bi\u010diuliais \u017diniumi, Skubriuku, Pliku\u010diu, mechanikais Sraigteliu ir Var\u017eteliu, muzikantu Kanklium, dailininku Tepuliu, daktaru Piliuliu ir daugeliu kit\u0173.","breadcrumb":{"@id":"https:\/\/skaitytaknyga.lt\/produktas\/nikolajus-nosovas-neziniuko-nuotykiai-menulyje\/#breadcrumb"},"inLanguage":"en-GB","potentialAction":[{"@type":"ReadAction","target":["https:\/\/skaitytaknyga.lt\/produktas\/nikolajus-nosovas-neziniuko-nuotykiai-menulyje\/"]}]},{"@type":"ImageObject","inLanguage":"en-GB","@id":"https:\/\/skaitytaknyga.lt\/produktas\/nikolajus-nosovas-neziniuko-nuotykiai-menulyje\/#primaryimage","url":"https:\/\/skaitytaknyga.lt\/wp-content\/uploads\/2024\/05\/nosovas_nikolajus-neziniuko_nuotykiai_menulyje.jpg","contentUrl":"https:\/\/skaitytaknyga.lt\/wp-content\/uploads\/2024\/05\/nosovas_nikolajus-neziniuko_nuotykiai_menulyje.jpg","width":150,"height":239},{"@type":"BreadcrumbList","@id":"https:\/\/skaitytaknyga.lt\/produktas\/nikolajus-nosovas-neziniuko-nuotykiai-menulyje\/#breadcrumb","itemListElement":[{"@type":"ListItem","position":1,"name":"Home","item":"https:\/\/skaitytaknyga.lt\/"},{"@type":"ListItem","position":2,"name":"Parduotuv\u0117","item":"https:\/\/skaitytaknyga.lt\/knygu-parduotuve\/"},{"@type":"ListItem","position":3,"name":"Nikolajus Nosovas \u201eNe\u017einiuko nuotykiai M\u0117nulyje\u201c"}]},{"@type":"WebSite","@id":"https:\/\/skaitytaknyga.lt\/#website","url":"https:\/\/skaitytaknyga.lt\/","name":"skaitytaknyga.lt","description":"Skaitytaknyga.lt \u2013 tai ma\u017eas \u0161eimos verslas, kuris prasid\u0117jo nuo meil\u0117s knygoms ir siekio i\u0161gelb\u0117ti knygas nuo likimo prie konteinerio. Kas vienam nereikalingas daiktas \u2013 kitam lobis, o mes esame tarpininkai, kurie padeda abiems tapti laimingesniems ???? \u017dinome kaip nelengva i\u0161gyventi ma\u017eiems verslams, tad nuo \u0161iol, \u010dia rasite ir kit\u0173, ma\u017e\u0173 \u0161eim\u0173 versl\u0173, rank\u0173 darbo, dovan\u0173 sau ir artimiesiems.","publisher":{"@id":"https:\/\/skaitytaknyga.lt\/#organization"},"potentialAction":[{"@type":"SearchAction","target":{"@type":"EntryPoint","urlTemplate":"https:\/\/skaitytaknyga.lt\/?s={search_term_string}"},"query-input":{"@type":"PropertyValueSpecification","valueRequired":true,"valueName":"search_term_string"}}],"inLanguage":"en-GB"},{"@type":"Organization","@id":"https:\/\/skaitytaknyga.lt\/#organization","name":"skaitytaknyga.lt","url":"https:\/\/skaitytaknyga.lt\/","logo":{"@type":"ImageObject","inLanguage":"en-GB","@id":"https:\/\/skaitytaknyga.lt\/#\/schema\/logo\/image\/","url":"https:\/\/skaitytaknyga.lt\/wp-content\/uploads\/2024\/05\/cropped-cropped-cropped-02_00843_jt3bggkj1j3HLc7SyY6rEUpg.jpeg","contentUrl":"https:\/\/skaitytaknyga.lt\/wp-content\/uploads\/2024\/05\/cropped-cropped-cropped-02_00843_jt3bggkj1j3HLc7SyY6rEUpg.jpeg","width":1600,"height":1600,"caption":"skaitytaknyga.lt"},"image":{"@id":"https:\/\/skaitytaknyga.lt\/#\/schema\/logo\/image\/"},"sameAs":["https:\/\/www.facebook.com\/skaitytaknyga\/"]}]}},"_links":{"self":[{"href":"https:\/\/skaitytaknyga.lt\/en\/wp-json\/wp\/v2\/product\/10387","targetHints":{"allow":["GET"]}}],"collection":[{"href":"https:\/\/skaitytaknyga.lt\/en\/wp-json\/wp\/v2\/product"}],"about":[{"href":"https:\/\/skaitytaknyga.lt\/en\/wp-json\/wp\/v2\/types\/product"}],"replies":[{"embeddable":true,"href":"https:\/\/skaitytaknyga.lt\/en\/wp-json\/wp\/v2\/comments?post=10387"}],"wp:featuredmedia":[{"embeddable":true,"href":"https:\/\/skaitytaknyga.lt\/en\/wp-json\/wp\/v2\/media\/10433"}],"wp:attachment":[{"href":"https:\/\/skaitytaknyga.lt\/en\/wp-json\/wp\/v2\/media?parent=10387"}],"wp:term":[{"taxonomy":"product_brand","embeddable":true,"href":"https:\/\/skaitytaknyga.lt\/en\/wp-json\/wp\/v2\/product_brand?post=10387"},{"taxonomy":"product_cat","embeddable":true,"href":"https:\/\/skaitytaknyga.lt\/en\/wp-json\/wp\/v2\/product_cat?post=10387"},{"taxonomy":"product_tag","embeddable":true,"href":"https:\/\/skaitytaknyga.lt\/en\/wp-json\/wp\/v2\/product_tag?post=10387"}],"curies":[{"name":"wp","href":"https:\/\/api.w.org\/{rel}","templated":true}]}}