{"id":10379,"date":"2024-05-04T18:14:25","date_gmt":"2024-05-04T18:14:25","guid":{"rendered":"https:\/\/skaitytaknyga.lt\/?post_type=product&#038;p=10379"},"modified":"2024-05-04T18:15:57","modified_gmt":"2024-05-04T18:15:57","slug":"anna-dale-raganu-knygos-paslaptis","status":"publish","type":"product","link":"https:\/\/skaitytaknyga.lt\/en\/produktas\/anna-dale-raganu-knygos-paslaptis\/","title":{"rendered":"Anna Dale \u201eRagan\u0173 knygos paslaptis\u201c"},"content":{"rendered":"<p>I\u0161va\u017eiuodamas atostog\u0173 pas mam\u0105 ir pat\u0117v\u012f, D\u017eo net nenutuokia, kas jo laukia. Kelion\u0117 dar nesibaig\u0117, o jis jau \u012ftrauktas \u012f s\u0105moksl\u0105 d\u0117l senovin\u0117s burt\u0173 knygos ir atsid\u016br\u0119s klastingame ragan\u0173 ir burt\u0173 pasaulyje.<\/p>\n<p>Ar D\u017eo su nauj\u0105ja drauge Tvigi sp\u0117s atskleisti paslapt\u012f, kol dar ne viskas prarasta?<br \/>\nJaudinanti nuotyki\u0173 pasaka, kurios kerai nei\u0161sisklaido nuo pirmo puslapio iki paskutinio. Nuotyki\u0173 kaleidoskopas!<\/p>\n<p>\u201eRagan\u0173 knygos paslaptis\u201c \u2013 pirmoji Annos Dale knyga. \u0160is smagus debiutas rodo, kad autor\u0117 puikiai \u017eino, kokias istorijas m\u0117gsta vaikai.<\/p>\n<p>Atsispirti tokiam intriguojan\u010diam, \u012fdomiam ir juokingam romanui ne\u012fmanoma.<\/p>\n","protected":false},"excerpt":{"rendered":"<p>I\u0161va\u017eiuodamas atostog\u0173 pas mam\u0105 ir pat\u0117v\u012f, D\u017eo net nenutuokia, kas jo laukia. Kelion\u0117 dar nesibaig\u0117, o jis jau \u012ftrauktas \u012f s\u0105moksl\u0105 d\u0117l senovin\u0117s burt\u0173 knygos ir atsid\u016br\u0119s klastingame ragan\u0173 ir burt\u0173 pasaulyje.<\/p>\n<p>Ar D\u017eo su nauj\u0105ja drauge Tvigi sp\u0117s atskleisti paslapt\u012f, kol dar ne viskas prarasta?<br \/>\nJaudinanti nuotyki\u0173 pasaka, kurios kerai nei\u0161sisklaido nuo pirmo puslapio iki paskutinio. Nuotyki\u0173 kaleidoskopas!<\/p>\n<p>\u201eRagan\u0173 knygos paslaptis\u201c \u2013 pirmoji Annos Dale knyga. \u0160is smagus debiutas rodo, kad autor\u0117 puikiai \u017eino, kokias istorijas m\u0117gsta vaikai.<\/p>\n<p>Atsispirti tokiam intriguojan\u010diam, \u012fdomiam ir juokingam romanui ne\u012fmanoma.<\/p>\n","protected":false},"featured_media":10425,"comment_status":"closed","ping_status":"closed","template":"","meta":{"_acf_changed":false,"site-sidebar-layout":"default","site-content-layout":"","ast-site-content-layout":"default","site-content-style":"default","site-sidebar-style":"default","ast-global-header-display":"","ast-banner-title-visibility":"","ast-main-header-display":"","ast-hfb-above-header-display":"","ast-hfb-below-header-display":"","ast-hfb-mobile-header-display":"","site-post-title":"","ast-breadcrumbs-content":"","ast-featured-img":"","footer-sml-layout":"","ast-disable-related-posts":"","theme-transparent-header-meta":"","adv-header-id-meta":"","stick-header-meta":"","header-above-stick-meta":"","header-main-stick-meta":"","header-below-stick-meta":"","astra-migrate-meta-layouts":"default","ast-page-background-enabled":"default","ast-page-background-meta":{"desktop":{"background-color":"","background-image":"","background-repeat":"repeat","background-position":"center center","background-size":"auto","background-attachment":"scroll","background-type":"","background-media":"","overlay-type":"","overlay-color":"","overlay-opacity":"","overlay-gradient":""},"tablet":{"background-color":"","background-image":"","background-repeat":"repeat","background-position":"center center","background-size":"auto","background-attachment":"scroll","background-type":"","background-media":"","overlay-type":"","overlay-color":"","overlay-opacity":"","overlay-gradient":""},"mobile":{"background-color":"","background-image":"","background-repeat":"repeat","background-position":"center center","background-size":"auto","background-attachment":"scroll","background-type":"","background-media":"","overlay-type":"","overlay-color":"","overlay-opacity":"","overlay-gradient":""}},"ast-content-background-meta":{"desktop":{"background-color":"var(--ast-global-color-4)","background-image":"","background-repeat":"repeat","background-position":"center center","background-size":"auto","background-attachment":"scroll","background-type":"","background-media":"","overlay-type":"","overlay-color":"","overlay-opacity":"","overlay-gradient":""},"tablet":{"background-color":"var(--ast-global-color-4)","background-image":"","background-repeat":"repeat","background-position":"center center","background-size":"auto","background-attachment":"scroll","background-type":"","background-media":"","overlay-type":"","overlay-color":"","overlay-opacity":"","overlay-gradient":""},"mobile":{"background-color":"var(--ast-global-color-4)","background-image":"","background-repeat":"repeat","background-position":"center center","background-size":"auto","background-attachment":"scroll","background-type":"","background-media":"","overlay-type":"","overlay-color":"","overlay-opacity":"","overlay-gradient":""}}},"product_brand":[],"product_cat":[35],"product_tag":[],"class_list":{"0":"post-10379","1":"product","2":"type-product","3":"status-publish","4":"has-post-thumbnail","6":"product_cat-vaikams-ir-paaugliams","7":"desktop-align-left","8":"tablet-align-left","9":"mobile-align-left","11":"first","12":"instock","13":"shipping-taxable","14":"purchasable","15":"product-type-simple"},"acf":[],"yoast_head":"<!-- This site is optimized with the Yoast SEO plugin v27.4 - https:\/\/yoast.com\/product\/yoast-seo-wordpress\/ -->\n<title>Anna Dale \u201eRagan\u0173 knygos paslaptis\u201c - Skaitytaknyga<\/title>\n<meta name=\"description\" content=\"I\u0161va\u017eiuodamas atostog\u0173 pas mam\u0105 ir pat\u0117v\u012f, D\u017eo net nenutuokia, kas jo laukia. Kelion\u0117 dar nesibaig\u0117, o jis jau \u012ftrauktas \u012f s\u0105moksl\u0105 d\u0117l senovin\u0117s burt\u0173 knygos ir atsid\u016br\u0119s klastingame ragan\u0173 ir burt\u0173 pasaulyje.  Ar D\u017eo su nauj\u0105ja drauge Tvigi sp\u0117s atskleisti paslapt\u012f, kol dar ne viskas prarasta? Jaudinanti nuotyki\u0173 pasaka, kurios kerai nei\u0161sisklaido nuo pirmo puslapio iki paskutinio. Nuotyki\u0173 kaleidoskopas!  \u201eRagan\u0173 knygos paslaptis\u201c \u2013 pirmoji Annos Dale knyga. \u0160is smagus debiutas rodo, kad autor\u0117 puikiai \u017eino, kokias istorijas m\u0117gsta vaikai.  Atsispirti tokiam intriguojan\u010diam, \u012fdomiam ir juokingam romanui ne\u012fmanoma.\" \/>\n<meta name=\"robots\" content=\"index, follow, max-snippet:-1, max-image-preview:large, max-video-preview:-1\" \/>\n<link rel=\"canonical\" href=\"https:\/\/skaitytaknyga.lt\/en\/produktas\/anna-dale-raganu-knygos-paslaptis\/\" \/>\n<meta property=\"og:locale\" content=\"en_GB\" \/>\n<meta property=\"og:locale:alternate\" content=\"lt_LT\" \/>\n<meta property=\"og:type\" content=\"article\" \/>\n<meta property=\"og:title\" content=\"Anna Dale \u201eRagan\u0173 knygos paslaptis\u201c - Skaitytaknyga\" \/>\n<meta property=\"og:description\" content=\"I\u0161va\u017eiuodamas atostog\u0173 pas mam\u0105 ir pat\u0117v\u012f, D\u017eo net nenutuokia, kas jo laukia. Kelion\u0117 dar nesibaig\u0117, o jis jau \u012ftrauktas \u012f s\u0105moksl\u0105 d\u0117l senovin\u0117s burt\u0173 knygos ir atsid\u016br\u0119s klastingame ragan\u0173 ir burt\u0173 pasaulyje.  Ar D\u017eo su nauj\u0105ja drauge Tvigi sp\u0117s atskleisti paslapt\u012f, kol dar ne viskas prarasta? Jaudinanti nuotyki\u0173 pasaka, kurios kerai nei\u0161sisklaido nuo pirmo puslapio iki paskutinio. Nuotyki\u0173 kaleidoskopas!  \u201eRagan\u0173 knygos paslaptis\u201c \u2013 pirmoji Annos Dale knyga. \u0160is smagus debiutas rodo, kad autor\u0117 puikiai \u017eino, kokias istorijas m\u0117gsta vaikai.  Atsispirti tokiam intriguojan\u010diam, \u012fdomiam ir juokingam romanui ne\u012fmanoma.\" \/>\n<meta property=\"og:url\" content=\"https:\/\/skaitytaknyga.lt\/en\/produktas\/anna-dale-raganu-knygos-paslaptis\/\" \/>\n<meta property=\"og:site_name\" content=\"Skaitytaknyga\" \/>\n<meta property=\"article:publisher\" content=\"https:\/\/www.facebook.com\/skaitytaknyga\/\" \/>\n<meta property=\"article:modified_time\" content=\"2024-05-04T18:15:57+00:00\" \/>\n<meta property=\"og:image\" content=\"https:\/\/skaitytaknyga.lt\/wp-content\/uploads\/2024\/05\/1462873874_raganu-knygos-paslaptis.jpg\" \/>\n\t<meta property=\"og:image:width\" content=\"573\" \/>\n\t<meta property=\"og:image:height\" content=\"799\" \/>\n\t<meta property=\"og:image:type\" content=\"image\/jpeg\" \/>\n<meta name=\"twitter:card\" content=\"summary_large_image\" \/>\n<meta name=\"twitter:label1\" content=\"Estimated reading time\" \/>\n\t<meta name=\"twitter:data1\" content=\"1 minute\" \/>\n<script type=\"application\/ld+json\" class=\"yoast-schema-graph\">{\"@context\":\"https:\\\/\\\/schema.org\",\"@graph\":[{\"@type\":\"WebPage\",\"@id\":\"https:\\\/\\\/skaitytaknyga.lt\\\/produktas\\\/anna-dale-raganu-knygos-paslaptis\\\/\",\"url\":\"https:\\\/\\\/skaitytaknyga.lt\\\/produktas\\\/anna-dale-raganu-knygos-paslaptis\\\/\",\"name\":\"Anna Dale \u201eRagan\u0173 knygos paslaptis\u201c - Skaitytaknyga\",\"isPartOf\":{\"@id\":\"https:\\\/\\\/skaitytaknyga.lt\\\/#website\"},\"primaryImageOfPage\":{\"@id\":\"https:\\\/\\\/skaitytaknyga.lt\\\/produktas\\\/anna-dale-raganu-knygos-paslaptis\\\/#primaryimage\"},\"image\":{\"@id\":\"https:\\\/\\\/skaitytaknyga.lt\\\/produktas\\\/anna-dale-raganu-knygos-paslaptis\\\/#primaryimage\"},\"thumbnailUrl\":\"https:\\\/\\\/skaitytaknyga.lt\\\/wp-content\\\/uploads\\\/2024\\\/05\\\/1462873874_raganu-knygos-paslaptis.jpg\",\"datePublished\":\"2024-05-04T18:14:25+00:00\",\"dateModified\":\"2024-05-04T18:15:57+00:00\",\"description\":\"I\u0161va\u017eiuodamas atostog\u0173 pas mam\u0105 ir pat\u0117v\u012f, D\u017eo net nenutuokia, kas jo laukia. Kelion\u0117 dar nesibaig\u0117, o jis jau \u012ftrauktas \u012f s\u0105moksl\u0105 d\u0117l senovin\u0117s burt\u0173 knygos ir atsid\u016br\u0119s klastingame ragan\u0173 ir burt\u0173 pasaulyje. Ar D\u017eo su nauj\u0105ja drauge Tvigi sp\u0117s atskleisti paslapt\u012f, kol dar ne viskas prarasta? Jaudinanti nuotyki\u0173 pasaka, kurios kerai nei\u0161sisklaido nuo pirmo puslapio iki paskutinio. Nuotyki\u0173 kaleidoskopas! \u201eRagan\u0173 knygos paslaptis\u201c \u2013 pirmoji Annos Dale knyga. \u0160is smagus debiutas rodo, kad autor\u0117 puikiai \u017eino, kokias istorijas m\u0117gsta vaikai. Atsispirti tokiam intriguojan\u010diam, \u012fdomiam ir juokingam romanui ne\u012fmanoma.\",\"breadcrumb\":{\"@id\":\"https:\\\/\\\/skaitytaknyga.lt\\\/produktas\\\/anna-dale-raganu-knygos-paslaptis\\\/#breadcrumb\"},\"inLanguage\":\"en-GB\",\"potentialAction\":[{\"@type\":\"ReadAction\",\"target\":[\"https:\\\/\\\/skaitytaknyga.lt\\\/produktas\\\/anna-dale-raganu-knygos-paslaptis\\\/\"]}]},{\"@type\":\"ImageObject\",\"inLanguage\":\"en-GB\",\"@id\":\"https:\\\/\\\/skaitytaknyga.lt\\\/produktas\\\/anna-dale-raganu-knygos-paslaptis\\\/#primaryimage\",\"url\":\"https:\\\/\\\/skaitytaknyga.lt\\\/wp-content\\\/uploads\\\/2024\\\/05\\\/1462873874_raganu-knygos-paslaptis.jpg\",\"contentUrl\":\"https:\\\/\\\/skaitytaknyga.lt\\\/wp-content\\\/uploads\\\/2024\\\/05\\\/1462873874_raganu-knygos-paslaptis.jpg\",\"width\":573,\"height\":799},{\"@type\":\"BreadcrumbList\",\"@id\":\"https:\\\/\\\/skaitytaknyga.lt\\\/produktas\\\/anna-dale-raganu-knygos-paslaptis\\\/#breadcrumb\",\"itemListElement\":[{\"@type\":\"ListItem\",\"position\":1,\"name\":\"Home\",\"item\":\"https:\\\/\\\/skaitytaknyga.lt\\\/\"},{\"@type\":\"ListItem\",\"position\":2,\"name\":\"Parduotuv\u0117\",\"item\":\"https:\\\/\\\/skaitytaknyga.lt\\\/knygu-parduotuve\\\/\"},{\"@type\":\"ListItem\",\"position\":3,\"name\":\"Anna Dale \u201eRagan\u0173 knygos paslaptis\u201c\"}]},{\"@type\":\"WebSite\",\"@id\":\"https:\\\/\\\/skaitytaknyga.lt\\\/#website\",\"url\":\"https:\\\/\\\/skaitytaknyga.lt\\\/\",\"name\":\"skaitytaknyga.lt\",\"description\":\"Skaitytaknyga.lt \u2013 tai ma\u017eas \u0161eimos verslas, kuris prasid\u0117jo nuo meil\u0117s knygoms ir siekio i\u0161gelb\u0117ti knygas nuo likimo prie konteinerio. Kas vienam nereikalingas daiktas \u2013 kitam lobis, o mes esame tarpininkai, kurie padeda abiems tapti laimingesniems ???? \u017dinome kaip nelengva i\u0161gyventi ma\u017eiems verslams, tad nuo \u0161iol, \u010dia rasite ir kit\u0173, ma\u017e\u0173 \u0161eim\u0173 versl\u0173, rank\u0173 darbo, dovan\u0173 sau ir artimiesiems.\",\"publisher\":{\"@id\":\"https:\\\/\\\/skaitytaknyga.lt\\\/#organization\"},\"potentialAction\":[{\"@type\":\"SearchAction\",\"target\":{\"@type\":\"EntryPoint\",\"urlTemplate\":\"https:\\\/\\\/skaitytaknyga.lt\\\/?s={search_term_string}\"},\"query-input\":{\"@type\":\"PropertyValueSpecification\",\"valueRequired\":true,\"valueName\":\"search_term_string\"}}],\"inLanguage\":\"en-GB\"},{\"@type\":\"Organization\",\"@id\":\"https:\\\/\\\/skaitytaknyga.lt\\\/#organization\",\"name\":\"skaitytaknyga.lt\",\"url\":\"https:\\\/\\\/skaitytaknyga.lt\\\/\",\"logo\":{\"@type\":\"ImageObject\",\"inLanguage\":\"en-GB\",\"@id\":\"https:\\\/\\\/skaitytaknyga.lt\\\/#\\\/schema\\\/logo\\\/image\\\/\",\"url\":\"https:\\\/\\\/skaitytaknyga.lt\\\/wp-content\\\/uploads\\\/2024\\\/05\\\/cropped-cropped-cropped-02_00843_jt3bggkj1j3HLc7SyY6rEUpg.jpeg\",\"contentUrl\":\"https:\\\/\\\/skaitytaknyga.lt\\\/wp-content\\\/uploads\\\/2024\\\/05\\\/cropped-cropped-cropped-02_00843_jt3bggkj1j3HLc7SyY6rEUpg.jpeg\",\"width\":1600,\"height\":1600,\"caption\":\"skaitytaknyga.lt\"},\"image\":{\"@id\":\"https:\\\/\\\/skaitytaknyga.lt\\\/#\\\/schema\\\/logo\\\/image\\\/\"},\"sameAs\":[\"https:\\\/\\\/www.facebook.com\\\/skaitytaknyga\\\/\"]}]}<\/script>\n<!-- \/ Yoast SEO plugin. -->","yoast_head_json":{"title":"Anna Dale \u201eRagan\u0173 knygos paslaptis\u201c - Skaitytaknyga","description":"I\u0161va\u017eiuodamas atostog\u0173 pas mam\u0105 ir pat\u0117v\u012f, D\u017eo net nenutuokia, kas jo laukia. Kelion\u0117 dar nesibaig\u0117, o jis jau \u012ftrauktas \u012f s\u0105moksl\u0105 d\u0117l senovin\u0117s burt\u0173 knygos ir atsid\u016br\u0119s klastingame ragan\u0173 ir burt\u0173 pasaulyje.  Ar D\u017eo su nauj\u0105ja drauge Tvigi sp\u0117s atskleisti paslapt\u012f, kol dar ne viskas prarasta? Jaudinanti nuotyki\u0173 pasaka, kurios kerai nei\u0161sisklaido nuo pirmo puslapio iki paskutinio. Nuotyki\u0173 kaleidoskopas!  \u201eRagan\u0173 knygos paslaptis\u201c \u2013 pirmoji Annos Dale knyga. \u0160is smagus debiutas rodo, kad autor\u0117 puikiai \u017eino, kokias istorijas m\u0117gsta vaikai.  Atsispirti tokiam intriguojan\u010diam, \u012fdomiam ir juokingam romanui ne\u012fmanoma.","robots":{"index":"index","follow":"follow","max-snippet":"max-snippet:-1","max-image-preview":"max-image-preview:large","max-video-preview":"max-video-preview:-1"},"canonical":"https:\/\/skaitytaknyga.lt\/en\/produktas\/anna-dale-raganu-knygos-paslaptis\/","og_locale":"en_GB","og_type":"article","og_title":"Anna Dale \u201eRagan\u0173 knygos paslaptis\u201c - Skaitytaknyga","og_description":"I\u0161va\u017eiuodamas atostog\u0173 pas mam\u0105 ir pat\u0117v\u012f, D\u017eo net nenutuokia, kas jo laukia. Kelion\u0117 dar nesibaig\u0117, o jis jau \u012ftrauktas \u012f s\u0105moksl\u0105 d\u0117l senovin\u0117s burt\u0173 knygos ir atsid\u016br\u0119s klastingame ragan\u0173 ir burt\u0173 pasaulyje.  Ar D\u017eo su nauj\u0105ja drauge Tvigi sp\u0117s atskleisti paslapt\u012f, kol dar ne viskas prarasta? Jaudinanti nuotyki\u0173 pasaka, kurios kerai nei\u0161sisklaido nuo pirmo puslapio iki paskutinio. Nuotyki\u0173 kaleidoskopas!  \u201eRagan\u0173 knygos paslaptis\u201c \u2013 pirmoji Annos Dale knyga. \u0160is smagus debiutas rodo, kad autor\u0117 puikiai \u017eino, kokias istorijas m\u0117gsta vaikai.  Atsispirti tokiam intriguojan\u010diam, \u012fdomiam ir juokingam romanui ne\u012fmanoma.","og_url":"https:\/\/skaitytaknyga.lt\/en\/produktas\/anna-dale-raganu-knygos-paslaptis\/","og_site_name":"Skaitytaknyga","article_publisher":"https:\/\/www.facebook.com\/skaitytaknyga\/","article_modified_time":"2024-05-04T18:15:57+00:00","og_image":[{"width":573,"height":799,"url":"https:\/\/skaitytaknyga.lt\/wp-content\/uploads\/2024\/05\/1462873874_raganu-knygos-paslaptis.jpg","type":"image\/jpeg"}],"twitter_card":"summary_large_image","twitter_misc":{"Estimated reading time":"1 minute"},"schema":{"@context":"https:\/\/schema.org","@graph":[{"@type":"WebPage","@id":"https:\/\/skaitytaknyga.lt\/produktas\/anna-dale-raganu-knygos-paslaptis\/","url":"https:\/\/skaitytaknyga.lt\/produktas\/anna-dale-raganu-knygos-paslaptis\/","name":"Anna Dale \u201eRagan\u0173 knygos paslaptis\u201c - Skaitytaknyga","isPartOf":{"@id":"https:\/\/skaitytaknyga.lt\/#website"},"primaryImageOfPage":{"@id":"https:\/\/skaitytaknyga.lt\/produktas\/anna-dale-raganu-knygos-paslaptis\/#primaryimage"},"image":{"@id":"https:\/\/skaitytaknyga.lt\/produktas\/anna-dale-raganu-knygos-paslaptis\/#primaryimage"},"thumbnailUrl":"https:\/\/skaitytaknyga.lt\/wp-content\/uploads\/2024\/05\/1462873874_raganu-knygos-paslaptis.jpg","datePublished":"2024-05-04T18:14:25+00:00","dateModified":"2024-05-04T18:15:57+00:00","description":"I\u0161va\u017eiuodamas atostog\u0173 pas mam\u0105 ir pat\u0117v\u012f, D\u017eo net nenutuokia, kas jo laukia. Kelion\u0117 dar nesibaig\u0117, o jis jau \u012ftrauktas \u012f s\u0105moksl\u0105 d\u0117l senovin\u0117s burt\u0173 knygos ir atsid\u016br\u0119s klastingame ragan\u0173 ir burt\u0173 pasaulyje. Ar D\u017eo su nauj\u0105ja drauge Tvigi sp\u0117s atskleisti paslapt\u012f, kol dar ne viskas prarasta? Jaudinanti nuotyki\u0173 pasaka, kurios kerai nei\u0161sisklaido nuo pirmo puslapio iki paskutinio. Nuotyki\u0173 kaleidoskopas! \u201eRagan\u0173 knygos paslaptis\u201c \u2013 pirmoji Annos Dale knyga. \u0160is smagus debiutas rodo, kad autor\u0117 puikiai \u017eino, kokias istorijas m\u0117gsta vaikai. Atsispirti tokiam intriguojan\u010diam, \u012fdomiam ir juokingam romanui ne\u012fmanoma.","breadcrumb":{"@id":"https:\/\/skaitytaknyga.lt\/produktas\/anna-dale-raganu-knygos-paslaptis\/#breadcrumb"},"inLanguage":"en-GB","potentialAction":[{"@type":"ReadAction","target":["https:\/\/skaitytaknyga.lt\/produktas\/anna-dale-raganu-knygos-paslaptis\/"]}]},{"@type":"ImageObject","inLanguage":"en-GB","@id":"https:\/\/skaitytaknyga.lt\/produktas\/anna-dale-raganu-knygos-paslaptis\/#primaryimage","url":"https:\/\/skaitytaknyga.lt\/wp-content\/uploads\/2024\/05\/1462873874_raganu-knygos-paslaptis.jpg","contentUrl":"https:\/\/skaitytaknyga.lt\/wp-content\/uploads\/2024\/05\/1462873874_raganu-knygos-paslaptis.jpg","width":573,"height":799},{"@type":"BreadcrumbList","@id":"https:\/\/skaitytaknyga.lt\/produktas\/anna-dale-raganu-knygos-paslaptis\/#breadcrumb","itemListElement":[{"@type":"ListItem","position":1,"name":"Home","item":"https:\/\/skaitytaknyga.lt\/"},{"@type":"ListItem","position":2,"name":"Parduotuv\u0117","item":"https:\/\/skaitytaknyga.lt\/knygu-parduotuve\/"},{"@type":"ListItem","position":3,"name":"Anna Dale \u201eRagan\u0173 knygos paslaptis\u201c"}]},{"@type":"WebSite","@id":"https:\/\/skaitytaknyga.lt\/#website","url":"https:\/\/skaitytaknyga.lt\/","name":"skaitytaknyga.lt","description":"Skaitytaknyga.lt \u2013 tai ma\u017eas \u0161eimos verslas, kuris prasid\u0117jo nuo meil\u0117s knygoms ir siekio i\u0161gelb\u0117ti knygas nuo likimo prie konteinerio. Kas vienam nereikalingas daiktas \u2013 kitam lobis, o mes esame tarpininkai, kurie padeda abiems tapti laimingesniems ???? \u017dinome kaip nelengva i\u0161gyventi ma\u017eiems verslams, tad nuo \u0161iol, \u010dia rasite ir kit\u0173, ma\u017e\u0173 \u0161eim\u0173 versl\u0173, rank\u0173 darbo, dovan\u0173 sau ir artimiesiems.","publisher":{"@id":"https:\/\/skaitytaknyga.lt\/#organization"},"potentialAction":[{"@type":"SearchAction","target":{"@type":"EntryPoint","urlTemplate":"https:\/\/skaitytaknyga.lt\/?s={search_term_string}"},"query-input":{"@type":"PropertyValueSpecification","valueRequired":true,"valueName":"search_term_string"}}],"inLanguage":"en-GB"},{"@type":"Organization","@id":"https:\/\/skaitytaknyga.lt\/#organization","name":"skaitytaknyga.lt","url":"https:\/\/skaitytaknyga.lt\/","logo":{"@type":"ImageObject","inLanguage":"en-GB","@id":"https:\/\/skaitytaknyga.lt\/#\/schema\/logo\/image\/","url":"https:\/\/skaitytaknyga.lt\/wp-content\/uploads\/2024\/05\/cropped-cropped-cropped-02_00843_jt3bggkj1j3HLc7SyY6rEUpg.jpeg","contentUrl":"https:\/\/skaitytaknyga.lt\/wp-content\/uploads\/2024\/05\/cropped-cropped-cropped-02_00843_jt3bggkj1j3HLc7SyY6rEUpg.jpeg","width":1600,"height":1600,"caption":"skaitytaknyga.lt"},"image":{"@id":"https:\/\/skaitytaknyga.lt\/#\/schema\/logo\/image\/"},"sameAs":["https:\/\/www.facebook.com\/skaitytaknyga\/"]}]}},"_links":{"self":[{"href":"https:\/\/skaitytaknyga.lt\/en\/wp-json\/wp\/v2\/product\/10379","targetHints":{"allow":["GET"]}}],"collection":[{"href":"https:\/\/skaitytaknyga.lt\/en\/wp-json\/wp\/v2\/product"}],"about":[{"href":"https:\/\/skaitytaknyga.lt\/en\/wp-json\/wp\/v2\/types\/product"}],"replies":[{"embeddable":true,"href":"https:\/\/skaitytaknyga.lt\/en\/wp-json\/wp\/v2\/comments?post=10379"}],"wp:featuredmedia":[{"embeddable":true,"href":"https:\/\/skaitytaknyga.lt\/en\/wp-json\/wp\/v2\/media\/10425"}],"wp:attachment":[{"href":"https:\/\/skaitytaknyga.lt\/en\/wp-json\/wp\/v2\/media?parent=10379"}],"wp:term":[{"taxonomy":"product_brand","embeddable":true,"href":"https:\/\/skaitytaknyga.lt\/en\/wp-json\/wp\/v2\/product_brand?post=10379"},{"taxonomy":"product_cat","embeddable":true,"href":"https:\/\/skaitytaknyga.lt\/en\/wp-json\/wp\/v2\/product_cat?post=10379"},{"taxonomy":"product_tag","embeddable":true,"href":"https:\/\/skaitytaknyga.lt\/en\/wp-json\/wp\/v2\/product_tag?post=10379"}],"curies":[{"name":"wp","href":"https:\/\/api.w.org\/{rel}","templated":true}]}}