{"id":10377,"date":"2024-05-04T18:14:25","date_gmt":"2024-05-04T18:14:25","guid":{"rendered":"https:\/\/skaitytaknyga.lt\/?post_type=product&#038;p=10377"},"modified":"2025-09-12T22:22:04","modified_gmt":"2025-09-12T19:22:04","slug":"ian-mcewan-atpirkimas-geltoni-lapai","status":"publish","type":"product","link":"https:\/\/skaitytaknyga.lt\/en\/produktas\/ian-mcewan-atpirkimas-geltoni-lapai\/","title":{"rendered":"Atpirkimas"},"content":{"rendered":"<p>Kar\u0161t\u0105 1935 met\u0173 vasaros dien\u0105 trylikamet\u0117 Brioni pro lang\u0105 i\u0161vysta, kaip jos sesuo Sesilija nusivelka drabu\u017eius ir pasineria \u012f dvaro sode esan\u010dio fontano basein\u0105, o netoliese stovi Robis Turneris, jos vaikyst\u0117s draugas, kaip ir Sesilija, neseniai gr\u012f\u017e\u0119s i\u0161 Kembrid\u017eo.<\/p>\n<p>Iki \u0161ios dienos pabaigos trejeto jaun\u0173 \u017emoni\u0173 likimas pasikeis visam laikui. Robis ir Sesilija per\u017eengs rib\u0105, kurios egzistavimo iki tol jie n\u0117 ne\u012fsivaizdavo, ir taps daug jaunesn\u0117s mergait\u0117s vaizduot\u0117s aukomis. Tuomet keistokas sesers poelgis ir netik\u0117ta gerai pa\u017e\u012fstamo vaikino reakcija pro lang\u0105 stebin\u010diai Brioni pasirod\u0117 tarsi nesuvokiama misterija, o to nesuvokimo padarinys \u2013 trylikamet\u0117s nusikaltimas, kur\u012f atpirkti ji m\u0117gins vis\u0105 savo likus\u012f gyvenim\u0105.<\/p>\n","protected":false},"excerpt":{"rendered":"<p>Kar\u0161t\u0105 1935 met\u0173 vasaros dien\u0105 trylikamet\u0117 Brioni pro lang\u0105 i\u0161vysta, kaip jos sesuo Sesilija nusivelka drabu\u017eius ir pasineria \u012f dvaro sode esan\u010dio fontano basein\u0105, o netoliese stovi Robis Turneris, jos vaikyst\u0117s draugas, kaip ir Sesilija, neseniai gr\u012f\u017e\u0119s i\u0161 Kembrid\u017eo.<\/p>\n<p>Iki \u0161ios dienos pabaigos trejeto jaun\u0173 \u017emoni\u0173 likimas pasikeis visam laikui. Robis ir Sesilija per\u017eengs rib\u0105, kurios egzistavimo iki tol jie n\u0117 ne\u012fsivaizdavo, ir taps daug jaunesn\u0117s mergait\u0117s vaizduot\u0117s aukomis. Tuomet keistokas sesers poelgis ir netik\u0117ta gerai pa\u017e\u012fstamo vaikino reakcija pro lang\u0105 stebin\u010diai Brioni pasirod\u0117 tarsi nesuvokiama misterija, o to nesuvokimo padarinys \u2013 trylikamet\u0117s nusikaltimas, kur\u012f atpirkti ji m\u0117gins vis\u0105 savo likus\u012f gyvenim\u0105.<\/p>\n","protected":false},"featured_media":10423,"comment_status":"closed","ping_status":"closed","template":"","meta":{"_acf_changed":false,"site-sidebar-layout":"default","site-content-layout":"","ast-site-content-layout":"default","site-content-style":"default","site-sidebar-style":"default","ast-global-header-display":"","ast-banner-title-visibility":"","ast-main-header-display":"","ast-hfb-above-header-display":"","ast-hfb-below-header-display":"","ast-hfb-mobile-header-display":"","site-post-title":"","ast-breadcrumbs-content":"","ast-featured-img":"","footer-sml-layout":"","ast-disable-related-posts":"","theme-transparent-header-meta":"","adv-header-id-meta":"","stick-header-meta":"","header-above-stick-meta":"","header-main-stick-meta":"","header-below-stick-meta":"","astra-migrate-meta-layouts":"default","ast-page-background-enabled":"default","ast-page-background-meta":{"desktop":{"background-color":"","background-image":"","background-repeat":"repeat","background-position":"center center","background-size":"auto","background-attachment":"scroll","background-type":"","background-media":"","overlay-type":"","overlay-color":"","overlay-opacity":"","overlay-gradient":""},"tablet":{"background-color":"","background-image":"","background-repeat":"repeat","background-position":"center center","background-size":"auto","background-attachment":"scroll","background-type":"","background-media":"","overlay-type":"","overlay-color":"","overlay-opacity":"","overlay-gradient":""},"mobile":{"background-color":"","background-image":"","background-repeat":"repeat","background-position":"center center","background-size":"auto","background-attachment":"scroll","background-type":"","background-media":"","overlay-type":"","overlay-color":"","overlay-opacity":"","overlay-gradient":""}},"ast-content-background-meta":{"desktop":{"background-color":"var(--ast-global-color-4)","background-image":"","background-repeat":"repeat","background-position":"center center","background-size":"auto","background-attachment":"scroll","background-type":"","background-media":"","overlay-type":"","overlay-color":"","overlay-opacity":"","overlay-gradient":""},"tablet":{"background-color":"var(--ast-global-color-4)","background-image":"","background-repeat":"repeat","background-position":"center center","background-size":"auto","background-attachment":"scroll","background-type":"","background-media":"","overlay-type":"","overlay-color":"","overlay-opacity":"","overlay-gradient":""},"mobile":{"background-color":"var(--ast-global-color-4)","background-image":"","background-repeat":"repeat","background-position":"center center","background-size":"auto","background-attachment":"scroll","background-type":"","background-media":"","overlay-type":"","overlay-color":"","overlay-opacity":"","overlay-gradient":""}}},"product_brand":[],"product_cat":[31],"product_tag":[2965,2966,2901,2964,1492,2097],"class_list":{"0":"post-10377","1":"product","2":"type-product","3":"status-publish","4":"has-post-thumbnail","6":"product_cat-grozine-literatura","7":"product_tag-atpirkimas","8":"product_tag-britu-rasytojas","9":"product_tag-drama","10":"product_tag-ian-mcewan","11":"product_tag-literatura","12":"product_tag-morale","13":"desktop-align-left","14":"tablet-align-left","15":"mobile-align-left","17":"first","18":"instock","19":"shipping-taxable","20":"purchasable","21":"product-type-simple"},"acf":[],"yoast_head":"<!-- This site is optimized with the Yoast SEO plugin v27.4 - https:\/\/yoast.com\/product\/yoast-seo-wordpress\/ -->\n<title>Atpirkimas<\/title>\n<meta name=\"description\" content=\"Kar\u0161t\u0105 1935 met\u0173 vasaros dien\u0105 trylikamet\u0117 Brioni pro lang\u0105 i\u0161vysta, kaip jos sesuo Sesilija nusivelka drabu\u017eius ir pasineria \u012f dvaro sode esan\u010dio fontano basein\u0105, o netoliese stovi Robis Turneris, jos vaikyst\u0117s draugas, kaip ir Sesilija, neseniai gr\u012f\u017e\u0119s i\u0161 Kembrid\u017eo.  Iki \u0161ios dienos pabaigos trejeto jaun\u0173 \u017emoni\u0173 likimas pasikeis visam laikui. Robis ir Sesilija per\u017eengs rib\u0105, kurios egzistavimo iki tol jie n\u0117 ne\u012fsivaizdavo, ir taps daug jaunesn\u0117s mergait\u0117s vaizduot\u0117s aukomis. Tuomet keistokas sesers poelgis ir netik\u0117ta gerai pa\u017e\u012fstamo vaikino reakcija pro lang\u0105 stebin\u010diai Brioni pasirod\u0117 tarsi nesuvokiama misterija, o to nesuvokimo padarinys \u2013 trylikamet\u0117s nusikaltimas, kur\u012f atpirkti ji m\u0117gins vis\u0105 savo likus\u012f gyvenim\u0105.\" \/>\n<meta name=\"robots\" content=\"index, follow, max-snippet:-1, max-image-preview:large, max-video-preview:-1\" \/>\n<link rel=\"canonical\" href=\"https:\/\/skaitytaknyga.lt\/en\/produktas\/ian-mcewan-atpirkimas-geltoni-lapai\/\" \/>\n<meta property=\"og:locale\" content=\"en_GB\" \/>\n<meta property=\"og:locale:alternate\" content=\"lt_LT\" \/>\n<meta property=\"og:type\" content=\"article\" \/>\n<meta property=\"og:title\" content=\"Atpirkimas\" \/>\n<meta property=\"og:description\" content=\"Kar\u0161t\u0105 1935 met\u0173 vasaros dien\u0105 trylikamet\u0117 Brioni pro lang\u0105 i\u0161vysta, kaip jos sesuo Sesilija nusivelka drabu\u017eius ir pasineria \u012f dvaro sode esan\u010dio fontano basein\u0105, o netoliese stovi Robis Turneris, jos vaikyst\u0117s draugas, kaip ir Sesilija, neseniai gr\u012f\u017e\u0119s i\u0161 Kembrid\u017eo.  Iki \u0161ios dienos pabaigos trejeto jaun\u0173 \u017emoni\u0173 likimas pasikeis visam laikui. Robis ir Sesilija per\u017eengs rib\u0105, kurios egzistavimo iki tol jie n\u0117 ne\u012fsivaizdavo, ir taps daug jaunesn\u0117s mergait\u0117s vaizduot\u0117s aukomis. Tuomet keistokas sesers poelgis ir netik\u0117ta gerai pa\u017e\u012fstamo vaikino reakcija pro lang\u0105 stebin\u010diai Brioni pasirod\u0117 tarsi nesuvokiama misterija, o to nesuvokimo padarinys \u2013 trylikamet\u0117s nusikaltimas, kur\u012f atpirkti ji m\u0117gins vis\u0105 savo likus\u012f gyvenim\u0105.\" \/>\n<meta property=\"og:url\" content=\"https:\/\/skaitytaknyga.lt\/en\/produktas\/ian-mcewan-atpirkimas-geltoni-lapai\/\" \/>\n<meta property=\"og:site_name\" content=\"Skaitytaknyga\" \/>\n<meta property=\"article:publisher\" content=\"https:\/\/www.facebook.com\/skaitytaknyga\/\" \/>\n<meta property=\"article:modified_time\" content=\"2025-09-12T19:22:04+00:00\" \/>\n<meta property=\"og:image\" content=\"https:\/\/skaitytaknyga.lt\/wp-content\/uploads\/2024\/05\/1462880046_img0006.jpg\" \/>\n\t<meta property=\"og:image:width\" content=\"512\" \/>\n\t<meta property=\"og:image:height\" content=\"800\" \/>\n\t<meta property=\"og:image:type\" content=\"image\/jpeg\" \/>\n<meta name=\"twitter:card\" content=\"summary_large_image\" \/>\n<meta name=\"twitter:label1\" content=\"Estimated reading time\" \/>\n\t<meta name=\"twitter:data1\" content=\"1 minute\" \/>\n<script type=\"application\/ld+json\" class=\"yoast-schema-graph\">{\"@context\":\"https:\\\/\\\/schema.org\",\"@graph\":[{\"@type\":\"WebPage\",\"@id\":\"https:\\\/\\\/skaitytaknyga.lt\\\/produktas\\\/ian-mcewan-atpirkimas-geltoni-lapai\\\/\",\"url\":\"https:\\\/\\\/skaitytaknyga.lt\\\/produktas\\\/ian-mcewan-atpirkimas-geltoni-lapai\\\/\",\"name\":\"Atpirkimas\",\"isPartOf\":{\"@id\":\"https:\\\/\\\/skaitytaknyga.lt\\\/#website\"},\"primaryImageOfPage\":{\"@id\":\"https:\\\/\\\/skaitytaknyga.lt\\\/produktas\\\/ian-mcewan-atpirkimas-geltoni-lapai\\\/#primaryimage\"},\"image\":{\"@id\":\"https:\\\/\\\/skaitytaknyga.lt\\\/produktas\\\/ian-mcewan-atpirkimas-geltoni-lapai\\\/#primaryimage\"},\"thumbnailUrl\":\"https:\\\/\\\/skaitytaknyga.lt\\\/wp-content\\\/uploads\\\/2024\\\/05\\\/1462880046_img0006.jpg\",\"datePublished\":\"2024-05-04T18:14:25+00:00\",\"dateModified\":\"2025-09-12T19:22:04+00:00\",\"description\":\"Kar\u0161t\u0105 1935 met\u0173 vasaros dien\u0105 trylikamet\u0117 Brioni pro lang\u0105 i\u0161vysta, kaip jos sesuo Sesilija nusivelka drabu\u017eius ir pasineria \u012f dvaro sode esan\u010dio fontano basein\u0105, o netoliese stovi Robis Turneris, jos vaikyst\u0117s draugas, kaip ir Sesilija, neseniai gr\u012f\u017e\u0119s i\u0161 Kembrid\u017eo. Iki \u0161ios dienos pabaigos trejeto jaun\u0173 \u017emoni\u0173 likimas pasikeis visam laikui. Robis ir Sesilija per\u017eengs rib\u0105, kurios egzistavimo iki tol jie n\u0117 ne\u012fsivaizdavo, ir taps daug jaunesn\u0117s mergait\u0117s vaizduot\u0117s aukomis. Tuomet keistokas sesers poelgis ir netik\u0117ta gerai pa\u017e\u012fstamo vaikino reakcija pro lang\u0105 stebin\u010diai Brioni pasirod\u0117 tarsi nesuvokiama misterija, o to nesuvokimo padarinys \u2013 trylikamet\u0117s nusikaltimas, kur\u012f atpirkti ji m\u0117gins vis\u0105 savo likus\u012f gyvenim\u0105.\",\"breadcrumb\":{\"@id\":\"https:\\\/\\\/skaitytaknyga.lt\\\/produktas\\\/ian-mcewan-atpirkimas-geltoni-lapai\\\/#breadcrumb\"},\"inLanguage\":\"en-GB\",\"potentialAction\":[{\"@type\":\"ReadAction\",\"target\":[\"https:\\\/\\\/skaitytaknyga.lt\\\/produktas\\\/ian-mcewan-atpirkimas-geltoni-lapai\\\/\"]}]},{\"@type\":\"ImageObject\",\"inLanguage\":\"en-GB\",\"@id\":\"https:\\\/\\\/skaitytaknyga.lt\\\/produktas\\\/ian-mcewan-atpirkimas-geltoni-lapai\\\/#primaryimage\",\"url\":\"https:\\\/\\\/skaitytaknyga.lt\\\/wp-content\\\/uploads\\\/2024\\\/05\\\/1462880046_img0006.jpg\",\"contentUrl\":\"https:\\\/\\\/skaitytaknyga.lt\\\/wp-content\\\/uploads\\\/2024\\\/05\\\/1462880046_img0006.jpg\",\"width\":512,\"height\":800},{\"@type\":\"BreadcrumbList\",\"@id\":\"https:\\\/\\\/skaitytaknyga.lt\\\/produktas\\\/ian-mcewan-atpirkimas-geltoni-lapai\\\/#breadcrumb\",\"itemListElement\":[{\"@type\":\"ListItem\",\"position\":1,\"name\":\"Home\",\"item\":\"https:\\\/\\\/skaitytaknyga.lt\\\/\"},{\"@type\":\"ListItem\",\"position\":2,\"name\":\"Parduotuv\u0117\",\"item\":\"https:\\\/\\\/skaitytaknyga.lt\\\/knygu-parduotuve\\\/\"},{\"@type\":\"ListItem\",\"position\":3,\"name\":\"Atpirkimas\"}]},{\"@type\":\"WebSite\",\"@id\":\"https:\\\/\\\/skaitytaknyga.lt\\\/#website\",\"url\":\"https:\\\/\\\/skaitytaknyga.lt\\\/\",\"name\":\"skaitytaknyga.lt\",\"description\":\"Skaitytaknyga.lt \u2013 tai ma\u017eas \u0161eimos verslas, kuris prasid\u0117jo nuo meil\u0117s knygoms ir siekio i\u0161gelb\u0117ti knygas nuo likimo prie konteinerio. Kas vienam nereikalingas daiktas \u2013 kitam lobis, o mes esame tarpininkai, kurie padeda abiems tapti laimingesniems ???? \u017dinome kaip nelengva i\u0161gyventi ma\u017eiems verslams, tad nuo \u0161iol, \u010dia rasite ir kit\u0173, ma\u017e\u0173 \u0161eim\u0173 versl\u0173, rank\u0173 darbo, dovan\u0173 sau ir artimiesiems.\",\"publisher\":{\"@id\":\"https:\\\/\\\/skaitytaknyga.lt\\\/#organization\"},\"potentialAction\":[{\"@type\":\"SearchAction\",\"target\":{\"@type\":\"EntryPoint\",\"urlTemplate\":\"https:\\\/\\\/skaitytaknyga.lt\\\/?s={search_term_string}\"},\"query-input\":{\"@type\":\"PropertyValueSpecification\",\"valueRequired\":true,\"valueName\":\"search_term_string\"}}],\"inLanguage\":\"en-GB\"},{\"@type\":\"Organization\",\"@id\":\"https:\\\/\\\/skaitytaknyga.lt\\\/#organization\",\"name\":\"skaitytaknyga.lt\",\"url\":\"https:\\\/\\\/skaitytaknyga.lt\\\/\",\"logo\":{\"@type\":\"ImageObject\",\"inLanguage\":\"en-GB\",\"@id\":\"https:\\\/\\\/skaitytaknyga.lt\\\/#\\\/schema\\\/logo\\\/image\\\/\",\"url\":\"https:\\\/\\\/skaitytaknyga.lt\\\/wp-content\\\/uploads\\\/2024\\\/05\\\/cropped-cropped-cropped-02_00843_jt3bggkj1j3HLc7SyY6rEUpg.jpeg\",\"contentUrl\":\"https:\\\/\\\/skaitytaknyga.lt\\\/wp-content\\\/uploads\\\/2024\\\/05\\\/cropped-cropped-cropped-02_00843_jt3bggkj1j3HLc7SyY6rEUpg.jpeg\",\"width\":1600,\"height\":1600,\"caption\":\"skaitytaknyga.lt\"},\"image\":{\"@id\":\"https:\\\/\\\/skaitytaknyga.lt\\\/#\\\/schema\\\/logo\\\/image\\\/\"},\"sameAs\":[\"https:\\\/\\\/www.facebook.com\\\/skaitytaknyga\\\/\"]}]}<\/script>\n<!-- \/ Yoast SEO plugin. -->","yoast_head_json":{"title":"Atpirkimas","description":"Kar\u0161t\u0105 1935 met\u0173 vasaros dien\u0105 trylikamet\u0117 Brioni pro lang\u0105 i\u0161vysta, kaip jos sesuo Sesilija nusivelka drabu\u017eius ir pasineria \u012f dvaro sode esan\u010dio fontano basein\u0105, o netoliese stovi Robis Turneris, jos vaikyst\u0117s draugas, kaip ir Sesilija, neseniai gr\u012f\u017e\u0119s i\u0161 Kembrid\u017eo.  Iki \u0161ios dienos pabaigos trejeto jaun\u0173 \u017emoni\u0173 likimas pasikeis visam laikui. Robis ir Sesilija per\u017eengs rib\u0105, kurios egzistavimo iki tol jie n\u0117 ne\u012fsivaizdavo, ir taps daug jaunesn\u0117s mergait\u0117s vaizduot\u0117s aukomis. Tuomet keistokas sesers poelgis ir netik\u0117ta gerai pa\u017e\u012fstamo vaikino reakcija pro lang\u0105 stebin\u010diai Brioni pasirod\u0117 tarsi nesuvokiama misterija, o to nesuvokimo padarinys \u2013 trylikamet\u0117s nusikaltimas, kur\u012f atpirkti ji m\u0117gins vis\u0105 savo likus\u012f gyvenim\u0105.","robots":{"index":"index","follow":"follow","max-snippet":"max-snippet:-1","max-image-preview":"max-image-preview:large","max-video-preview":"max-video-preview:-1"},"canonical":"https:\/\/skaitytaknyga.lt\/en\/produktas\/ian-mcewan-atpirkimas-geltoni-lapai\/","og_locale":"en_GB","og_type":"article","og_title":"[:lt]Atpirkimas[:] - Skaitytaknyga","og_description":"Kar\u0161t\u0105 1935 met\u0173 vasaros dien\u0105 trylikamet\u0117 Brioni pro lang\u0105 i\u0161vysta, kaip jos sesuo Sesilija nusivelka drabu\u017eius ir pasineria \u012f dvaro sode esan\u010dio fontano basein\u0105, o netoliese stovi Robis Turneris, jos vaikyst\u0117s draugas, kaip ir Sesilija, neseniai gr\u012f\u017e\u0119s i\u0161 Kembrid\u017eo.  Iki \u0161ios dienos pabaigos trejeto jaun\u0173 \u017emoni\u0173 likimas pasikeis visam laikui. Robis ir Sesilija per\u017eengs rib\u0105, kurios egzistavimo iki tol jie n\u0117 ne\u012fsivaizdavo, ir taps daug jaunesn\u0117s mergait\u0117s vaizduot\u0117s aukomis. Tuomet keistokas sesers poelgis ir netik\u0117ta gerai pa\u017e\u012fstamo vaikino reakcija pro lang\u0105 stebin\u010diai Brioni pasirod\u0117 tarsi nesuvokiama misterija, o to nesuvokimo padarinys \u2013 trylikamet\u0117s nusikaltimas, kur\u012f atpirkti ji m\u0117gins vis\u0105 savo likus\u012f gyvenim\u0105.","og_url":"https:\/\/skaitytaknyga.lt\/en\/produktas\/ian-mcewan-atpirkimas-geltoni-lapai\/","og_site_name":"Skaitytaknyga","article_publisher":"https:\/\/www.facebook.com\/skaitytaknyga\/","article_modified_time":"2025-09-12T19:22:04+00:00","og_image":[{"width":512,"height":800,"url":"https:\/\/skaitytaknyga.lt\/wp-content\/uploads\/2024\/05\/1462880046_img0006.jpg","type":"image\/jpeg"}],"twitter_card":"summary_large_image","twitter_misc":{"Estimated reading time":"1 minute"},"schema":{"@context":"https:\/\/schema.org","@graph":[{"@type":"WebPage","@id":"https:\/\/skaitytaknyga.lt\/produktas\/ian-mcewan-atpirkimas-geltoni-lapai\/","url":"https:\/\/skaitytaknyga.lt\/produktas\/ian-mcewan-atpirkimas-geltoni-lapai\/","name":"Atpirkimas","isPartOf":{"@id":"https:\/\/skaitytaknyga.lt\/#website"},"primaryImageOfPage":{"@id":"https:\/\/skaitytaknyga.lt\/produktas\/ian-mcewan-atpirkimas-geltoni-lapai\/#primaryimage"},"image":{"@id":"https:\/\/skaitytaknyga.lt\/produktas\/ian-mcewan-atpirkimas-geltoni-lapai\/#primaryimage"},"thumbnailUrl":"https:\/\/skaitytaknyga.lt\/wp-content\/uploads\/2024\/05\/1462880046_img0006.jpg","datePublished":"2024-05-04T18:14:25+00:00","dateModified":"2025-09-12T19:22:04+00:00","description":"Kar\u0161t\u0105 1935 met\u0173 vasaros dien\u0105 trylikamet\u0117 Brioni pro lang\u0105 i\u0161vysta, kaip jos sesuo Sesilija nusivelka drabu\u017eius ir pasineria \u012f dvaro sode esan\u010dio fontano basein\u0105, o netoliese stovi Robis Turneris, jos vaikyst\u0117s draugas, kaip ir Sesilija, neseniai gr\u012f\u017e\u0119s i\u0161 Kembrid\u017eo. Iki \u0161ios dienos pabaigos trejeto jaun\u0173 \u017emoni\u0173 likimas pasikeis visam laikui. Robis ir Sesilija per\u017eengs rib\u0105, kurios egzistavimo iki tol jie n\u0117 ne\u012fsivaizdavo, ir taps daug jaunesn\u0117s mergait\u0117s vaizduot\u0117s aukomis. Tuomet keistokas sesers poelgis ir netik\u0117ta gerai pa\u017e\u012fstamo vaikino reakcija pro lang\u0105 stebin\u010diai Brioni pasirod\u0117 tarsi nesuvokiama misterija, o to nesuvokimo padarinys \u2013 trylikamet\u0117s nusikaltimas, kur\u012f atpirkti ji m\u0117gins vis\u0105 savo likus\u012f gyvenim\u0105.","breadcrumb":{"@id":"https:\/\/skaitytaknyga.lt\/produktas\/ian-mcewan-atpirkimas-geltoni-lapai\/#breadcrumb"},"inLanguage":"en-GB","potentialAction":[{"@type":"ReadAction","target":["https:\/\/skaitytaknyga.lt\/produktas\/ian-mcewan-atpirkimas-geltoni-lapai\/"]}]},{"@type":"ImageObject","inLanguage":"en-GB","@id":"https:\/\/skaitytaknyga.lt\/produktas\/ian-mcewan-atpirkimas-geltoni-lapai\/#primaryimage","url":"https:\/\/skaitytaknyga.lt\/wp-content\/uploads\/2024\/05\/1462880046_img0006.jpg","contentUrl":"https:\/\/skaitytaknyga.lt\/wp-content\/uploads\/2024\/05\/1462880046_img0006.jpg","width":512,"height":800},{"@type":"BreadcrumbList","@id":"https:\/\/skaitytaknyga.lt\/produktas\/ian-mcewan-atpirkimas-geltoni-lapai\/#breadcrumb","itemListElement":[{"@type":"ListItem","position":1,"name":"Home","item":"https:\/\/skaitytaknyga.lt\/"},{"@type":"ListItem","position":2,"name":"Parduotuv\u0117","item":"https:\/\/skaitytaknyga.lt\/knygu-parduotuve\/"},{"@type":"ListItem","position":3,"name":"Atpirkimas"}]},{"@type":"WebSite","@id":"https:\/\/skaitytaknyga.lt\/#website","url":"https:\/\/skaitytaknyga.lt\/","name":"skaitytaknyga.lt","description":"Skaitytaknyga.lt \u2013 tai ma\u017eas \u0161eimos verslas, kuris prasid\u0117jo nuo meil\u0117s knygoms ir siekio i\u0161gelb\u0117ti knygas nuo likimo prie konteinerio. Kas vienam nereikalingas daiktas \u2013 kitam lobis, o mes esame tarpininkai, kurie padeda abiems tapti laimingesniems ???? \u017dinome kaip nelengva i\u0161gyventi ma\u017eiems verslams, tad nuo \u0161iol, \u010dia rasite ir kit\u0173, ma\u017e\u0173 \u0161eim\u0173 versl\u0173, rank\u0173 darbo, dovan\u0173 sau ir artimiesiems.","publisher":{"@id":"https:\/\/skaitytaknyga.lt\/#organization"},"potentialAction":[{"@type":"SearchAction","target":{"@type":"EntryPoint","urlTemplate":"https:\/\/skaitytaknyga.lt\/?s={search_term_string}"},"query-input":{"@type":"PropertyValueSpecification","valueRequired":true,"valueName":"search_term_string"}}],"inLanguage":"en-GB"},{"@type":"Organization","@id":"https:\/\/skaitytaknyga.lt\/#organization","name":"skaitytaknyga.lt","url":"https:\/\/skaitytaknyga.lt\/","logo":{"@type":"ImageObject","inLanguage":"en-GB","@id":"https:\/\/skaitytaknyga.lt\/#\/schema\/logo\/image\/","url":"https:\/\/skaitytaknyga.lt\/wp-content\/uploads\/2024\/05\/cropped-cropped-cropped-02_00843_jt3bggkj1j3HLc7SyY6rEUpg.jpeg","contentUrl":"https:\/\/skaitytaknyga.lt\/wp-content\/uploads\/2024\/05\/cropped-cropped-cropped-02_00843_jt3bggkj1j3HLc7SyY6rEUpg.jpeg","width":1600,"height":1600,"caption":"skaitytaknyga.lt"},"image":{"@id":"https:\/\/skaitytaknyga.lt\/#\/schema\/logo\/image\/"},"sameAs":["https:\/\/www.facebook.com\/skaitytaknyga\/"]}]}},"_links":{"self":[{"href":"https:\/\/skaitytaknyga.lt\/en\/wp-json\/wp\/v2\/product\/10377","targetHints":{"allow":["GET"]}}],"collection":[{"href":"https:\/\/skaitytaknyga.lt\/en\/wp-json\/wp\/v2\/product"}],"about":[{"href":"https:\/\/skaitytaknyga.lt\/en\/wp-json\/wp\/v2\/types\/product"}],"replies":[{"embeddable":true,"href":"https:\/\/skaitytaknyga.lt\/en\/wp-json\/wp\/v2\/comments?post=10377"}],"wp:featuredmedia":[{"embeddable":true,"href":"https:\/\/skaitytaknyga.lt\/en\/wp-json\/wp\/v2\/media\/10423"}],"wp:attachment":[{"href":"https:\/\/skaitytaknyga.lt\/en\/wp-json\/wp\/v2\/media?parent=10377"}],"wp:term":[{"taxonomy":"product_brand","embeddable":true,"href":"https:\/\/skaitytaknyga.lt\/en\/wp-json\/wp\/v2\/product_brand?post=10377"},{"taxonomy":"product_cat","embeddable":true,"href":"https:\/\/skaitytaknyga.lt\/en\/wp-json\/wp\/v2\/product_cat?post=10377"},{"taxonomy":"product_tag","embeddable":true,"href":"https:\/\/skaitytaknyga.lt\/en\/wp-json\/wp\/v2\/product_tag?post=10377"}],"curies":[{"name":"wp","href":"https:\/\/api.w.org\/{rel}","templated":true}]}}