{"id":10376,"date":"2024-05-04T18:14:25","date_gmt":"2024-05-04T18:14:25","guid":{"rendered":"https:\/\/skaitytaknyga.lt\/?post_type=product&#038;p=10376"},"modified":"2024-05-04T18:15:47","modified_gmt":"2024-05-04T18:15:47","slug":"natalie-meg-evans-sukneliu-vagile-geltoni-lapai","status":"publish","type":"product","link":"https:\/\/skaitytaknyga.lt\/en\/produktas\/natalie-meg-evans-sukneliu-vagile-geltoni-lapai\/","title":{"rendered":"Natalie Meg Evans \u201eSukneli\u0173 vagil\u0117\u201c (Geltoni lapai)"},"content":{"rendered":"<p>Romanas\u00a0<em>\u201eSukneli\u0173 vagil\u0117\u201c<\/em>\u00a0\u2013 daugiabriaunis pasakojimas, kurio veiksmas vyksta ketvirtojo de\u0161imtme\u010dio Pary\u017eiuje. Paslap\u010di\u0173 ir nuod\u0117mi\u0173 kupiname \u017e\u0117rin\u010diame mados pasaulyje nestinga brangi\u0173 \u0161ilkini\u0173 sukneli\u0173, akinan\u010di\u0173 pasirodym\u0173, svajoni\u0173, meil\u0117s, pavydo ir pavojing\u0173 \u017eaidim\u0173. Pagrindin\u0117 knygos heroj\u0117 Aliks\u0117 ry\u017etingai siekia \u012fsitvirtinti mados pasaulyje, bet kad tai \u012fgyvendint\u0173, jai tenka priimti rizikingus, kartais net beproti\u0161kus sprendimus. Puikiai para\u0161yta knyga, kvie\u010dianti pasinerti \u012f spalving\u0105 Pary\u017eiaus gyvenim\u0105 ir permaining\u0105 istorij\u0105. Negal\u0117site atsipl\u0117\u0161ti nuo \u0161ios knygos.<\/p>\n","protected":false},"excerpt":{"rendered":"<p>Romanas\u00a0<em>\u201eSukneli\u0173 vagil\u0117\u201c<\/em>\u00a0\u2013 daugiabriaunis pasakojimas, kurio veiksmas vyksta ketvirtojo de\u0161imtme\u010dio Pary\u017eiuje. Paslap\u010di\u0173 ir nuod\u0117mi\u0173 kupiname \u017e\u0117rin\u010diame mados pasaulyje nestinga brangi\u0173 \u0161ilkini\u0173 sukneli\u0173, akinan\u010di\u0173 pasirodym\u0173, svajoni\u0173, meil\u0117s, pavydo ir pavojing\u0173 \u017eaidim\u0173. Pagrindin\u0117 knygos heroj\u0117 Aliks\u0117 ry\u017etingai siekia \u012fsitvirtinti mados pasaulyje, bet kad tai \u012fgyvendint\u0173, jai tenka priimti rizikingus, kartais net beproti\u0161kus sprendimus. Puikiai para\u0161yta knyga, kvie\u010dianti pasinerti \u012f spalving\u0105 Pary\u017eiaus gyvenim\u0105 ir permaining\u0105 istorij\u0105. Negal\u0117site atsipl\u0117\u0161ti nuo \u0161ios knygos.<\/p>\n","protected":false},"featured_media":10422,"comment_status":"closed","ping_status":"closed","template":"","meta":{"_acf_changed":false,"site-sidebar-layout":"default","site-content-layout":"","ast-site-content-layout":"default","site-content-style":"default","site-sidebar-style":"default","ast-global-header-display":"","ast-banner-title-visibility":"","ast-main-header-display":"","ast-hfb-above-header-display":"","ast-hfb-below-header-display":"","ast-hfb-mobile-header-display":"","site-post-title":"","ast-breadcrumbs-content":"","ast-featured-img":"","footer-sml-layout":"","ast-disable-related-posts":"","theme-transparent-header-meta":"","adv-header-id-meta":"","stick-header-meta":"","header-above-stick-meta":"","header-main-stick-meta":"","header-below-stick-meta":"","astra-migrate-meta-layouts":"default","ast-page-background-enabled":"default","ast-page-background-meta":{"desktop":{"background-color":"","background-image":"","background-repeat":"repeat","background-position":"center center","background-size":"auto","background-attachment":"scroll","background-type":"","background-media":"","overlay-type":"","overlay-color":"","overlay-opacity":"","overlay-gradient":""},"tablet":{"background-color":"","background-image":"","background-repeat":"repeat","background-position":"center center","background-size":"auto","background-attachment":"scroll","background-type":"","background-media":"","overlay-type":"","overlay-color":"","overlay-opacity":"","overlay-gradient":""},"mobile":{"background-color":"","background-image":"","background-repeat":"repeat","background-position":"center center","background-size":"auto","background-attachment":"scroll","background-type":"","background-media":"","overlay-type":"","overlay-color":"","overlay-opacity":"","overlay-gradient":""}},"ast-content-background-meta":{"desktop":{"background-color":"var(--ast-global-color-4)","background-image":"","background-repeat":"repeat","background-position":"center center","background-size":"auto","background-attachment":"scroll","background-type":"","background-media":"","overlay-type":"","overlay-color":"","overlay-opacity":"","overlay-gradient":""},"tablet":{"background-color":"var(--ast-global-color-4)","background-image":"","background-repeat":"repeat","background-position":"center center","background-size":"auto","background-attachment":"scroll","background-type":"","background-media":"","overlay-type":"","overlay-color":"","overlay-opacity":"","overlay-gradient":""},"mobile":{"background-color":"var(--ast-global-color-4)","background-image":"","background-repeat":"repeat","background-position":"center center","background-size":"auto","background-attachment":"scroll","background-type":"","background-media":"","overlay-type":"","overlay-color":"","overlay-opacity":"","overlay-gradient":""}}},"product_brand":[],"product_cat":[31],"product_tag":[],"class_list":{"0":"post-10376","1":"product","2":"type-product","3":"status-publish","4":"has-post-thumbnail","6":"product_cat-grozine-literatura","7":"desktop-align-left","8":"tablet-align-left","9":"mobile-align-left","11":"first","12":"instock","13":"shipping-taxable","14":"purchasable","15":"product-type-simple"},"acf":[],"yoast_head":"<!-- This site is optimized with the Yoast SEO plugin v27.4 - https:\/\/yoast.com\/product\/yoast-seo-wordpress\/ -->\n<title>Natalie Meg Evans \u201eSukneli\u0173 vagil\u0117\u201c (Geltoni lapai) - Skaitytaknyga<\/title>\n<meta name=\"description\" content=\"Romanas\u00a0\u201eSukneli\u0173 vagil\u0117\u201c\u00a0\u2013 daugiabriaunis pasakojimas, kurio veiksmas vyksta ketvirtojo de\u0161imtme\u010dio Pary\u017eiuje. Paslap\u010di\u0173 ir nuod\u0117mi\u0173 kupiname \u017e\u0117rin\u010diame mados pasaulyje nestinga brangi\u0173 \u0161ilkini\u0173 sukneli\u0173, akinan\u010di\u0173 pasirodym\u0173, svajoni\u0173, meil\u0117s, pavydo ir pavojing\u0173 \u017eaidim\u0173. Pagrindin\u0117 knygos heroj\u0117 Aliks\u0117 ry\u017etingai siekia \u012fsitvirtinti mados pasaulyje, bet kad tai \u012fgyvendint\u0173, jai tenka priimti rizikingus, kartais net beproti\u0161kus sprendimus. Puikiai para\u0161yta knyga, kvie\u010dianti pasinerti \u012f spalving\u0105 Pary\u017eiaus gyvenim\u0105 ir permaining\u0105 istorij\u0105. Negal\u0117site atsipl\u0117\u0161ti nuo \u0161ios knygos.\" \/>\n<meta name=\"robots\" content=\"index, follow, max-snippet:-1, max-image-preview:large, max-video-preview:-1\" \/>\n<link rel=\"canonical\" href=\"https:\/\/skaitytaknyga.lt\/en\/produktas\/natalie-meg-evans-sukneliu-vagile-geltoni-lapai\/\" \/>\n<meta property=\"og:locale\" content=\"en_GB\" \/>\n<meta property=\"og:locale:alternate\" content=\"lt_LT\" \/>\n<meta property=\"og:type\" content=\"article\" \/>\n<meta property=\"og:title\" content=\"Natalie Meg Evans \u201eSukneli\u0173 vagil\u0117\u201c (Geltoni lapai) - Skaitytaknyga\" \/>\n<meta property=\"og:description\" content=\"Romanas\u00a0\u201eSukneli\u0173 vagil\u0117\u201c\u00a0\u2013 daugiabriaunis pasakojimas, kurio veiksmas vyksta ketvirtojo de\u0161imtme\u010dio Pary\u017eiuje. Paslap\u010di\u0173 ir nuod\u0117mi\u0173 kupiname \u017e\u0117rin\u010diame mados pasaulyje nestinga brangi\u0173 \u0161ilkini\u0173 sukneli\u0173, akinan\u010di\u0173 pasirodym\u0173, svajoni\u0173, meil\u0117s, pavydo ir pavojing\u0173 \u017eaidim\u0173. Pagrindin\u0117 knygos heroj\u0117 Aliks\u0117 ry\u017etingai siekia \u012fsitvirtinti mados pasaulyje, bet kad tai \u012fgyvendint\u0173, jai tenka priimti rizikingus, kartais net beproti\u0161kus sprendimus. Puikiai para\u0161yta knyga, kvie\u010dianti pasinerti \u012f spalving\u0105 Pary\u017eiaus gyvenim\u0105 ir permaining\u0105 istorij\u0105. Negal\u0117site atsipl\u0117\u0161ti nuo \u0161ios knygos.\" \/>\n<meta property=\"og:url\" content=\"https:\/\/skaitytaknyga.lt\/en\/produktas\/natalie-meg-evans-sukneliu-vagile-geltoni-lapai\/\" \/>\n<meta property=\"og:site_name\" content=\"Skaitytaknyga\" \/>\n<meta property=\"article:publisher\" content=\"https:\/\/www.facebook.com\/skaitytaknyga\/\" \/>\n<meta property=\"article:modified_time\" content=\"2024-05-04T18:15:47+00:00\" \/>\n<meta property=\"og:image\" content=\"https:\/\/skaitytaknyga.lt\/wp-content\/uploads\/2024\/05\/1462887406_sukneliuvagile.jpg\" \/>\n\t<meta property=\"og:image:width\" content=\"487\" \/>\n\t<meta property=\"og:image:height\" content=\"799\" \/>\n\t<meta property=\"og:image:type\" content=\"image\/jpeg\" \/>\n<meta name=\"twitter:card\" content=\"summary_large_image\" \/>\n<script type=\"application\/ld+json\" class=\"yoast-schema-graph\">{\"@context\":\"https:\\\/\\\/schema.org\",\"@graph\":[{\"@type\":\"WebPage\",\"@id\":\"https:\\\/\\\/skaitytaknyga.lt\\\/produktas\\\/natalie-meg-evans-sukneliu-vagile-geltoni-lapai\\\/\",\"url\":\"https:\\\/\\\/skaitytaknyga.lt\\\/produktas\\\/natalie-meg-evans-sukneliu-vagile-geltoni-lapai\\\/\",\"name\":\"Natalie Meg Evans \u201eSukneli\u0173 vagil\u0117\u201c (Geltoni lapai) - Skaitytaknyga\",\"isPartOf\":{\"@id\":\"https:\\\/\\\/skaitytaknyga.lt\\\/#website\"},\"primaryImageOfPage\":{\"@id\":\"https:\\\/\\\/skaitytaknyga.lt\\\/produktas\\\/natalie-meg-evans-sukneliu-vagile-geltoni-lapai\\\/#primaryimage\"},\"image\":{\"@id\":\"https:\\\/\\\/skaitytaknyga.lt\\\/produktas\\\/natalie-meg-evans-sukneliu-vagile-geltoni-lapai\\\/#primaryimage\"},\"thumbnailUrl\":\"https:\\\/\\\/skaitytaknyga.lt\\\/wp-content\\\/uploads\\\/2024\\\/05\\\/1462887406_sukneliuvagile.jpg\",\"datePublished\":\"2024-05-04T18:14:25+00:00\",\"dateModified\":\"2024-05-04T18:15:47+00:00\",\"description\":\"Romanas\u00a0\u201eSukneli\u0173 vagil\u0117\u201c\u00a0\u2013 daugiabriaunis pasakojimas, kurio veiksmas vyksta ketvirtojo de\u0161imtme\u010dio Pary\u017eiuje. Paslap\u010di\u0173 ir nuod\u0117mi\u0173 kupiname \u017e\u0117rin\u010diame mados pasaulyje nestinga brangi\u0173 \u0161ilkini\u0173 sukneli\u0173, akinan\u010di\u0173 pasirodym\u0173, svajoni\u0173, meil\u0117s, pavydo ir pavojing\u0173 \u017eaidim\u0173. Pagrindin\u0117 knygos heroj\u0117 Aliks\u0117 ry\u017etingai siekia \u012fsitvirtinti mados pasaulyje, bet kad tai \u012fgyvendint\u0173, jai tenka priimti rizikingus, kartais net beproti\u0161kus sprendimus. Puikiai para\u0161yta knyga, kvie\u010dianti pasinerti \u012f spalving\u0105 Pary\u017eiaus gyvenim\u0105 ir permaining\u0105 istorij\u0105. Negal\u0117site atsipl\u0117\u0161ti nuo \u0161ios knygos.\",\"breadcrumb\":{\"@id\":\"https:\\\/\\\/skaitytaknyga.lt\\\/produktas\\\/natalie-meg-evans-sukneliu-vagile-geltoni-lapai\\\/#breadcrumb\"},\"inLanguage\":\"en-GB\",\"potentialAction\":[{\"@type\":\"ReadAction\",\"target\":[\"https:\\\/\\\/skaitytaknyga.lt\\\/produktas\\\/natalie-meg-evans-sukneliu-vagile-geltoni-lapai\\\/\"]}]},{\"@type\":\"ImageObject\",\"inLanguage\":\"en-GB\",\"@id\":\"https:\\\/\\\/skaitytaknyga.lt\\\/produktas\\\/natalie-meg-evans-sukneliu-vagile-geltoni-lapai\\\/#primaryimage\",\"url\":\"https:\\\/\\\/skaitytaknyga.lt\\\/wp-content\\\/uploads\\\/2024\\\/05\\\/1462887406_sukneliuvagile.jpg\",\"contentUrl\":\"https:\\\/\\\/skaitytaknyga.lt\\\/wp-content\\\/uploads\\\/2024\\\/05\\\/1462887406_sukneliuvagile.jpg\",\"width\":487,\"height\":799},{\"@type\":\"BreadcrumbList\",\"@id\":\"https:\\\/\\\/skaitytaknyga.lt\\\/produktas\\\/natalie-meg-evans-sukneliu-vagile-geltoni-lapai\\\/#breadcrumb\",\"itemListElement\":[{\"@type\":\"ListItem\",\"position\":1,\"name\":\"Home\",\"item\":\"https:\\\/\\\/skaitytaknyga.lt\\\/\"},{\"@type\":\"ListItem\",\"position\":2,\"name\":\"Parduotuv\u0117\",\"item\":\"https:\\\/\\\/skaitytaknyga.lt\\\/knygu-parduotuve\\\/\"},{\"@type\":\"ListItem\",\"position\":3,\"name\":\"Natalie Meg Evans \u201eSukneli\u0173 vagil\u0117\u201c (Geltoni lapai)\"}]},{\"@type\":\"WebSite\",\"@id\":\"https:\\\/\\\/skaitytaknyga.lt\\\/#website\",\"url\":\"https:\\\/\\\/skaitytaknyga.lt\\\/\",\"name\":\"skaitytaknyga.lt\",\"description\":\"Skaitytaknyga.lt \u2013 tai ma\u017eas \u0161eimos verslas, kuris prasid\u0117jo nuo meil\u0117s knygoms ir siekio i\u0161gelb\u0117ti knygas nuo likimo prie konteinerio. Kas vienam nereikalingas daiktas \u2013 kitam lobis, o mes esame tarpininkai, kurie padeda abiems tapti laimingesniems ???? \u017dinome kaip nelengva i\u0161gyventi ma\u017eiems verslams, tad nuo \u0161iol, \u010dia rasite ir kit\u0173, ma\u017e\u0173 \u0161eim\u0173 versl\u0173, rank\u0173 darbo, dovan\u0173 sau ir artimiesiems.\",\"publisher\":{\"@id\":\"https:\\\/\\\/skaitytaknyga.lt\\\/#organization\"},\"potentialAction\":[{\"@type\":\"SearchAction\",\"target\":{\"@type\":\"EntryPoint\",\"urlTemplate\":\"https:\\\/\\\/skaitytaknyga.lt\\\/?s={search_term_string}\"},\"query-input\":{\"@type\":\"PropertyValueSpecification\",\"valueRequired\":true,\"valueName\":\"search_term_string\"}}],\"inLanguage\":\"en-GB\"},{\"@type\":\"Organization\",\"@id\":\"https:\\\/\\\/skaitytaknyga.lt\\\/#organization\",\"name\":\"skaitytaknyga.lt\",\"url\":\"https:\\\/\\\/skaitytaknyga.lt\\\/\",\"logo\":{\"@type\":\"ImageObject\",\"inLanguage\":\"en-GB\",\"@id\":\"https:\\\/\\\/skaitytaknyga.lt\\\/#\\\/schema\\\/logo\\\/image\\\/\",\"url\":\"https:\\\/\\\/skaitytaknyga.lt\\\/wp-content\\\/uploads\\\/2024\\\/05\\\/cropped-cropped-cropped-02_00843_jt3bggkj1j3HLc7SyY6rEUpg.jpeg\",\"contentUrl\":\"https:\\\/\\\/skaitytaknyga.lt\\\/wp-content\\\/uploads\\\/2024\\\/05\\\/cropped-cropped-cropped-02_00843_jt3bggkj1j3HLc7SyY6rEUpg.jpeg\",\"width\":1600,\"height\":1600,\"caption\":\"skaitytaknyga.lt\"},\"image\":{\"@id\":\"https:\\\/\\\/skaitytaknyga.lt\\\/#\\\/schema\\\/logo\\\/image\\\/\"},\"sameAs\":[\"https:\\\/\\\/www.facebook.com\\\/skaitytaknyga\\\/\"]}]}<\/script>\n<!-- \/ Yoast SEO plugin. -->","yoast_head_json":{"title":"Natalie Meg Evans \u201eSukneli\u0173 vagil\u0117\u201c (Geltoni lapai) - Skaitytaknyga","description":"Romanas\u00a0\u201eSukneli\u0173 vagil\u0117\u201c\u00a0\u2013 daugiabriaunis pasakojimas, kurio veiksmas vyksta ketvirtojo de\u0161imtme\u010dio Pary\u017eiuje. Paslap\u010di\u0173 ir nuod\u0117mi\u0173 kupiname \u017e\u0117rin\u010diame mados pasaulyje nestinga brangi\u0173 \u0161ilkini\u0173 sukneli\u0173, akinan\u010di\u0173 pasirodym\u0173, svajoni\u0173, meil\u0117s, pavydo ir pavojing\u0173 \u017eaidim\u0173. Pagrindin\u0117 knygos heroj\u0117 Aliks\u0117 ry\u017etingai siekia \u012fsitvirtinti mados pasaulyje, bet kad tai \u012fgyvendint\u0173, jai tenka priimti rizikingus, kartais net beproti\u0161kus sprendimus. Puikiai para\u0161yta knyga, kvie\u010dianti pasinerti \u012f spalving\u0105 Pary\u017eiaus gyvenim\u0105 ir permaining\u0105 istorij\u0105. Negal\u0117site atsipl\u0117\u0161ti nuo \u0161ios knygos.","robots":{"index":"index","follow":"follow","max-snippet":"max-snippet:-1","max-image-preview":"max-image-preview:large","max-video-preview":"max-video-preview:-1"},"canonical":"https:\/\/skaitytaknyga.lt\/en\/produktas\/natalie-meg-evans-sukneliu-vagile-geltoni-lapai\/","og_locale":"en_GB","og_type":"article","og_title":"Natalie Meg Evans \u201eSukneli\u0173 vagil\u0117\u201c (Geltoni lapai) - Skaitytaknyga","og_description":"Romanas\u00a0\u201eSukneli\u0173 vagil\u0117\u201c\u00a0\u2013 daugiabriaunis pasakojimas, kurio veiksmas vyksta ketvirtojo de\u0161imtme\u010dio Pary\u017eiuje. Paslap\u010di\u0173 ir nuod\u0117mi\u0173 kupiname \u017e\u0117rin\u010diame mados pasaulyje nestinga brangi\u0173 \u0161ilkini\u0173 sukneli\u0173, akinan\u010di\u0173 pasirodym\u0173, svajoni\u0173, meil\u0117s, pavydo ir pavojing\u0173 \u017eaidim\u0173. Pagrindin\u0117 knygos heroj\u0117 Aliks\u0117 ry\u017etingai siekia \u012fsitvirtinti mados pasaulyje, bet kad tai \u012fgyvendint\u0173, jai tenka priimti rizikingus, kartais net beproti\u0161kus sprendimus. Puikiai para\u0161yta knyga, kvie\u010dianti pasinerti \u012f spalving\u0105 Pary\u017eiaus gyvenim\u0105 ir permaining\u0105 istorij\u0105. Negal\u0117site atsipl\u0117\u0161ti nuo \u0161ios knygos.","og_url":"https:\/\/skaitytaknyga.lt\/en\/produktas\/natalie-meg-evans-sukneliu-vagile-geltoni-lapai\/","og_site_name":"Skaitytaknyga","article_publisher":"https:\/\/www.facebook.com\/skaitytaknyga\/","article_modified_time":"2024-05-04T18:15:47+00:00","og_image":[{"width":487,"height":799,"url":"https:\/\/skaitytaknyga.lt\/wp-content\/uploads\/2024\/05\/1462887406_sukneliuvagile.jpg","type":"image\/jpeg"}],"twitter_card":"summary_large_image","schema":{"@context":"https:\/\/schema.org","@graph":[{"@type":"WebPage","@id":"https:\/\/skaitytaknyga.lt\/produktas\/natalie-meg-evans-sukneliu-vagile-geltoni-lapai\/","url":"https:\/\/skaitytaknyga.lt\/produktas\/natalie-meg-evans-sukneliu-vagile-geltoni-lapai\/","name":"Natalie Meg Evans \u201eSukneli\u0173 vagil\u0117\u201c (Geltoni lapai) - Skaitytaknyga","isPartOf":{"@id":"https:\/\/skaitytaknyga.lt\/#website"},"primaryImageOfPage":{"@id":"https:\/\/skaitytaknyga.lt\/produktas\/natalie-meg-evans-sukneliu-vagile-geltoni-lapai\/#primaryimage"},"image":{"@id":"https:\/\/skaitytaknyga.lt\/produktas\/natalie-meg-evans-sukneliu-vagile-geltoni-lapai\/#primaryimage"},"thumbnailUrl":"https:\/\/skaitytaknyga.lt\/wp-content\/uploads\/2024\/05\/1462887406_sukneliuvagile.jpg","datePublished":"2024-05-04T18:14:25+00:00","dateModified":"2024-05-04T18:15:47+00:00","description":"Romanas\u00a0\u201eSukneli\u0173 vagil\u0117\u201c\u00a0\u2013 daugiabriaunis pasakojimas, kurio veiksmas vyksta ketvirtojo de\u0161imtme\u010dio Pary\u017eiuje. Paslap\u010di\u0173 ir nuod\u0117mi\u0173 kupiname \u017e\u0117rin\u010diame mados pasaulyje nestinga brangi\u0173 \u0161ilkini\u0173 sukneli\u0173, akinan\u010di\u0173 pasirodym\u0173, svajoni\u0173, meil\u0117s, pavydo ir pavojing\u0173 \u017eaidim\u0173. Pagrindin\u0117 knygos heroj\u0117 Aliks\u0117 ry\u017etingai siekia \u012fsitvirtinti mados pasaulyje, bet kad tai \u012fgyvendint\u0173, jai tenka priimti rizikingus, kartais net beproti\u0161kus sprendimus. Puikiai para\u0161yta knyga, kvie\u010dianti pasinerti \u012f spalving\u0105 Pary\u017eiaus gyvenim\u0105 ir permaining\u0105 istorij\u0105. Negal\u0117site atsipl\u0117\u0161ti nuo \u0161ios knygos.","breadcrumb":{"@id":"https:\/\/skaitytaknyga.lt\/produktas\/natalie-meg-evans-sukneliu-vagile-geltoni-lapai\/#breadcrumb"},"inLanguage":"en-GB","potentialAction":[{"@type":"ReadAction","target":["https:\/\/skaitytaknyga.lt\/produktas\/natalie-meg-evans-sukneliu-vagile-geltoni-lapai\/"]}]},{"@type":"ImageObject","inLanguage":"en-GB","@id":"https:\/\/skaitytaknyga.lt\/produktas\/natalie-meg-evans-sukneliu-vagile-geltoni-lapai\/#primaryimage","url":"https:\/\/skaitytaknyga.lt\/wp-content\/uploads\/2024\/05\/1462887406_sukneliuvagile.jpg","contentUrl":"https:\/\/skaitytaknyga.lt\/wp-content\/uploads\/2024\/05\/1462887406_sukneliuvagile.jpg","width":487,"height":799},{"@type":"BreadcrumbList","@id":"https:\/\/skaitytaknyga.lt\/produktas\/natalie-meg-evans-sukneliu-vagile-geltoni-lapai\/#breadcrumb","itemListElement":[{"@type":"ListItem","position":1,"name":"Home","item":"https:\/\/skaitytaknyga.lt\/"},{"@type":"ListItem","position":2,"name":"Parduotuv\u0117","item":"https:\/\/skaitytaknyga.lt\/knygu-parduotuve\/"},{"@type":"ListItem","position":3,"name":"Natalie Meg Evans \u201eSukneli\u0173 vagil\u0117\u201c (Geltoni lapai)"}]},{"@type":"WebSite","@id":"https:\/\/skaitytaknyga.lt\/#website","url":"https:\/\/skaitytaknyga.lt\/","name":"skaitytaknyga.lt","description":"Skaitytaknyga.lt \u2013 tai ma\u017eas \u0161eimos verslas, kuris prasid\u0117jo nuo meil\u0117s knygoms ir siekio i\u0161gelb\u0117ti knygas nuo likimo prie konteinerio. Kas vienam nereikalingas daiktas \u2013 kitam lobis, o mes esame tarpininkai, kurie padeda abiems tapti laimingesniems ???? \u017dinome kaip nelengva i\u0161gyventi ma\u017eiems verslams, tad nuo \u0161iol, \u010dia rasite ir kit\u0173, ma\u017e\u0173 \u0161eim\u0173 versl\u0173, rank\u0173 darbo, dovan\u0173 sau ir artimiesiems.","publisher":{"@id":"https:\/\/skaitytaknyga.lt\/#organization"},"potentialAction":[{"@type":"SearchAction","target":{"@type":"EntryPoint","urlTemplate":"https:\/\/skaitytaknyga.lt\/?s={search_term_string}"},"query-input":{"@type":"PropertyValueSpecification","valueRequired":true,"valueName":"search_term_string"}}],"inLanguage":"en-GB"},{"@type":"Organization","@id":"https:\/\/skaitytaknyga.lt\/#organization","name":"skaitytaknyga.lt","url":"https:\/\/skaitytaknyga.lt\/","logo":{"@type":"ImageObject","inLanguage":"en-GB","@id":"https:\/\/skaitytaknyga.lt\/#\/schema\/logo\/image\/","url":"https:\/\/skaitytaknyga.lt\/wp-content\/uploads\/2024\/05\/cropped-cropped-cropped-02_00843_jt3bggkj1j3HLc7SyY6rEUpg.jpeg","contentUrl":"https:\/\/skaitytaknyga.lt\/wp-content\/uploads\/2024\/05\/cropped-cropped-cropped-02_00843_jt3bggkj1j3HLc7SyY6rEUpg.jpeg","width":1600,"height":1600,"caption":"skaitytaknyga.lt"},"image":{"@id":"https:\/\/skaitytaknyga.lt\/#\/schema\/logo\/image\/"},"sameAs":["https:\/\/www.facebook.com\/skaitytaknyga\/"]}]}},"_links":{"self":[{"href":"https:\/\/skaitytaknyga.lt\/en\/wp-json\/wp\/v2\/product\/10376","targetHints":{"allow":["GET"]}}],"collection":[{"href":"https:\/\/skaitytaknyga.lt\/en\/wp-json\/wp\/v2\/product"}],"about":[{"href":"https:\/\/skaitytaknyga.lt\/en\/wp-json\/wp\/v2\/types\/product"}],"replies":[{"embeddable":true,"href":"https:\/\/skaitytaknyga.lt\/en\/wp-json\/wp\/v2\/comments?post=10376"}],"wp:featuredmedia":[{"embeddable":true,"href":"https:\/\/skaitytaknyga.lt\/en\/wp-json\/wp\/v2\/media\/10422"}],"wp:attachment":[{"href":"https:\/\/skaitytaknyga.lt\/en\/wp-json\/wp\/v2\/media?parent=10376"}],"wp:term":[{"taxonomy":"product_brand","embeddable":true,"href":"https:\/\/skaitytaknyga.lt\/en\/wp-json\/wp\/v2\/product_brand?post=10376"},{"taxonomy":"product_cat","embeddable":true,"href":"https:\/\/skaitytaknyga.lt\/en\/wp-json\/wp\/v2\/product_cat?post=10376"},{"taxonomy":"product_tag","embeddable":true,"href":"https:\/\/skaitytaknyga.lt\/en\/wp-json\/wp\/v2\/product_tag?post=10376"}],"curies":[{"name":"wp","href":"https:\/\/api.w.org\/{rel}","templated":true}]}}