{"id":10362,"date":"2024-05-04T18:14:00","date_gmt":"2024-05-04T18:14:00","guid":{"rendered":"https:\/\/skaitytaknyga.lt\/?post_type=product&#038;p=10362"},"modified":"2025-07-12T10:24:58","modified_gmt":"2025-07-12T07:24:58","slug":"karalius-zaliabarzdis","status":"publish","type":"product","link":"https:\/\/skaitytaknyga.lt\/en\/produktas\/karalius-zaliabarzdis\/","title":{"rendered":"Karalius \u017daliabarzdis"},"content":{"rendered":"<p>Nuostabus pasak\u0173 pasaulis. Auga dang\u0173 remiantys med\u017eiai, minties greitumu skrieja \u0161e\u0161iakojai \u017eirgai, gyvat\u0117s daro did\u017eiausius stebuklus, gyvena \u0161e\u0161iagalviai ir devyngalviai slibinai. \u010cia sutiksime ir apsukr\u0173 \u010digon\u0105, ir atitarnavus\u012f kareiv\u012f, ir gob\u0161\u0173 turtuol\u012f.<\/p>\n<div class=\"bt\"><img decoding=\"async\" class=\"block fr\" src=\"https:\/\/iknyga.lt\/img\/cor\/foot-3.gif\" alt=\"\" \/><\/div>\n<p>I\u0161 serijos &#8220;Pasaulio pasakos&#8221;. Vengr\u0173 pasakos<\/p>\n","protected":false},"excerpt":{"rendered":"<p>Nuostabus pasak\u0173 pasaulis. Auga dang\u0173 remiantys med\u017eiai, minties greitumu skrieja \u0161e\u0161iakojai \u017eirgai, gyvat\u0117s daro did\u017eiausius stebuklus, gyvena \u0161e\u0161iagalviai ir devyngalviai slibinai. \u010cia sutiksime ir apsukr\u0173 \u010digon\u0105, ir atitarnavus\u012f kareiv\u012f, ir gob\u0161\u0173 turtuol\u012f.<\/p>\n<div class=\"bt\"><img decoding=\"async\" class=\"block fr\" src=\"https:\/\/iknyga.lt\/img\/cor\/foot-3.gif\" alt=\"\" \/><\/div>\n<p>I\u0161 serijos &#8220;Pasaulio pasakos&#8221;. Vengr\u0173 pasakos<\/p>\n","protected":false},"featured_media":10410,"comment_status":"closed","ping_status":"closed","template":"","meta":{"_acf_changed":false,"site-sidebar-layout":"default","site-content-layout":"","ast-site-content-layout":"default","site-content-style":"default","site-sidebar-style":"default","ast-global-header-display":"","ast-banner-title-visibility":"","ast-main-header-display":"","ast-hfb-above-header-display":"","ast-hfb-below-header-display":"","ast-hfb-mobile-header-display":"","site-post-title":"","ast-breadcrumbs-content":"","ast-featured-img":"","footer-sml-layout":"","ast-disable-related-posts":"","theme-transparent-header-meta":"","adv-header-id-meta":"","stick-header-meta":"","header-above-stick-meta":"","header-main-stick-meta":"","header-below-stick-meta":"","astra-migrate-meta-layouts":"default","ast-page-background-enabled":"default","ast-page-background-meta":{"desktop":{"background-color":"","background-image":"","background-repeat":"repeat","background-position":"center center","background-size":"auto","background-attachment":"scroll","background-type":"","background-media":"","overlay-type":"","overlay-color":"","overlay-opacity":"","overlay-gradient":""},"tablet":{"background-color":"","background-image":"","background-repeat":"repeat","background-position":"center center","background-size":"auto","background-attachment":"scroll","background-type":"","background-media":"","overlay-type":"","overlay-color":"","overlay-opacity":"","overlay-gradient":""},"mobile":{"background-color":"","background-image":"","background-repeat":"repeat","background-position":"center center","background-size":"auto","background-attachment":"scroll","background-type":"","background-media":"","overlay-type":"","overlay-color":"","overlay-opacity":"","overlay-gradient":""}},"ast-content-background-meta":{"desktop":{"background-color":"var(--ast-global-color-4)","background-image":"","background-repeat":"repeat","background-position":"center center","background-size":"auto","background-attachment":"scroll","background-type":"","background-media":"","overlay-type":"","overlay-color":"","overlay-opacity":"","overlay-gradient":""},"tablet":{"background-color":"var(--ast-global-color-4)","background-image":"","background-repeat":"repeat","background-position":"center center","background-size":"auto","background-attachment":"scroll","background-type":"","background-media":"","overlay-type":"","overlay-color":"","overlay-opacity":"","overlay-gradient":""},"mobile":{"background-color":"var(--ast-global-color-4)","background-image":"","background-repeat":"repeat","background-position":"center center","background-size":"auto","background-attachment":"scroll","background-type":"","background-media":"","overlay-type":"","overlay-color":"","overlay-opacity":"","overlay-gradient":""}}},"product_brand":[],"product_cat":[293,35],"product_tag":[434],"class_list":{"0":"post-10362","1":"product","2":"type-product","3":"status-publish","4":"has-post-thumbnail","6":"product_cat-etnografija-liaudies-kuryba","7":"product_cat-vaikams-ir-paaugliams","8":"product_tag-pasaulio-pasakos","9":"desktop-align-left","10":"tablet-align-left","11":"mobile-align-left","13":"first","14":"instock","15":"shipping-taxable","16":"purchasable","17":"product-type-simple"},"acf":[],"yoast_head":"<!-- This site is optimized with the Yoast SEO plugin v27.0 - https:\/\/yoast.com\/product\/yoast-seo-wordpress\/ -->\n<title>Karalius \u017daliabarzdis - Skaitytaknyga<\/title>\n<meta name=\"description\" content=\"Nuostabus pasak\u0173 pasaulis. Auga dang\u0173 remiantys med\u017eiai, minties greitumu skrieja \u0161e\u0161iakojai \u017eirgai, gyvat\u0117s daro did\u017eiausius stebuklus, gyvena \u0161e\u0161iagalviai ir devyngalviai slibinai. \u010cia sutiksime ir apsukr\u0173 \u010digon\u0105, ir atitarnavus\u012f kareiv\u012f, ir gob\u0161\u0173 turtuol\u012f.  I\u0161 serijos &quot;Pasaulio pasakos&quot;. Vengr\u0173 pasakos\" \/>\n<meta name=\"robots\" content=\"index, follow, max-snippet:-1, max-image-preview:large, max-video-preview:-1\" \/>\n<link rel=\"canonical\" href=\"https:\/\/skaitytaknyga.lt\/en\/produktas\/karalius-zaliabarzdis\/\" \/>\n<meta property=\"og:locale\" content=\"en_GB\" \/>\n<meta property=\"og:locale:alternate\" content=\"lt_LT\" \/>\n<meta property=\"og:type\" content=\"article\" \/>\n<meta property=\"og:title\" content=\"Karalius \u017daliabarzdis - Skaitytaknyga\" \/>\n<meta property=\"og:description\" content=\"Nuostabus pasak\u0173 pasaulis. Auga dang\u0173 remiantys med\u017eiai, minties greitumu skrieja \u0161e\u0161iakojai \u017eirgai, gyvat\u0117s daro did\u017eiausius stebuklus, gyvena \u0161e\u0161iagalviai ir devyngalviai slibinai. \u010cia sutiksime ir apsukr\u0173 \u010digon\u0105, ir atitarnavus\u012f kareiv\u012f, ir gob\u0161\u0173 turtuol\u012f.  I\u0161 serijos &quot;Pasaulio pasakos&quot;. Vengr\u0173 pasakos\" \/>\n<meta property=\"og:url\" content=\"https:\/\/skaitytaknyga.lt\/en\/produktas\/karalius-zaliabarzdis\/\" \/>\n<meta property=\"og:site_name\" content=\"Skaitytaknyga\" \/>\n<meta property=\"article:publisher\" content=\"https:\/\/www.facebook.com\/skaitytaknyga\/\" \/>\n<meta property=\"article:modified_time\" content=\"2025-07-12T07:24:58+00:00\" \/>\n<meta property=\"og:image\" content=\"https:\/\/skaitytaknyga.lt\/wp-content\/uploads\/2024\/05\/1647591121_scan_10.jpg\" \/>\n\t<meta property=\"og:image:width\" content=\"531\" \/>\n\t<meta property=\"og:image:height\" content=\"800\" \/>\n\t<meta property=\"og:image:type\" content=\"image\/jpeg\" \/>\n<meta name=\"twitter:card\" content=\"summary_large_image\" \/>\n<script type=\"application\/ld+json\" class=\"yoast-schema-graph\">{\"@context\":\"https:\/\/schema.org\",\"@graph\":[{\"@type\":\"WebPage\",\"@id\":\"https:\/\/skaitytaknyga.lt\/produktas\/karalius-zaliabarzdis\/\",\"url\":\"https:\/\/skaitytaknyga.lt\/produktas\/karalius-zaliabarzdis\/\",\"name\":\"Karalius \u017daliabarzdis - Skaitytaknyga\",\"isPartOf\":{\"@id\":\"https:\/\/skaitytaknyga.lt\/#website\"},\"primaryImageOfPage\":{\"@id\":\"https:\/\/skaitytaknyga.lt\/produktas\/karalius-zaliabarzdis\/#primaryimage\"},\"image\":{\"@id\":\"https:\/\/skaitytaknyga.lt\/produktas\/karalius-zaliabarzdis\/#primaryimage\"},\"thumbnailUrl\":\"https:\/\/skaitytaknyga.lt\/wp-content\/uploads\/2024\/05\/1647591121_scan_10.jpg\",\"datePublished\":\"2024-05-04T18:14:00+00:00\",\"dateModified\":\"2025-07-12T07:24:58+00:00\",\"description\":\"Nuostabus pasak\u0173 pasaulis. Auga dang\u0173 remiantys med\u017eiai, minties greitumu skrieja \u0161e\u0161iakojai \u017eirgai, gyvat\u0117s daro did\u017eiausius stebuklus, gyvena \u0161e\u0161iagalviai ir devyngalviai slibinai. \u010cia sutiksime ir apsukr\u0173 \u010digon\u0105, ir atitarnavus\u012f kareiv\u012f, ir gob\u0161\u0173 turtuol\u012f. I\u0161 serijos \\\"Pasaulio pasakos\\\". Vengr\u0173 pasakos\",\"breadcrumb\":{\"@id\":\"https:\/\/skaitytaknyga.lt\/produktas\/karalius-zaliabarzdis\/#breadcrumb\"},\"inLanguage\":\"en-GB\",\"potentialAction\":[{\"@type\":\"ReadAction\",\"target\":[\"https:\/\/skaitytaknyga.lt\/produktas\/karalius-zaliabarzdis\/\"]}]},{\"@type\":\"ImageObject\",\"inLanguage\":\"en-GB\",\"@id\":\"https:\/\/skaitytaknyga.lt\/produktas\/karalius-zaliabarzdis\/#primaryimage\",\"url\":\"https:\/\/skaitytaknyga.lt\/wp-content\/uploads\/2024\/05\/1647591121_scan_10.jpg\",\"contentUrl\":\"https:\/\/skaitytaknyga.lt\/wp-content\/uploads\/2024\/05\/1647591121_scan_10.jpg\",\"width\":531,\"height\":800},{\"@type\":\"BreadcrumbList\",\"@id\":\"https:\/\/skaitytaknyga.lt\/produktas\/karalius-zaliabarzdis\/#breadcrumb\",\"itemListElement\":[{\"@type\":\"ListItem\",\"position\":1,\"name\":\"Home\",\"item\":\"https:\/\/skaitytaknyga.lt\/\"},{\"@type\":\"ListItem\",\"position\":2,\"name\":\"Parduotuv\u0117\",\"item\":\"https:\/\/skaitytaknyga.lt\/knygu-parduotuve\/\"},{\"@type\":\"ListItem\",\"position\":3,\"name\":\"Karalius \u017daliabarzdis\"}]},{\"@type\":\"WebSite\",\"@id\":\"https:\/\/skaitytaknyga.lt\/#website\",\"url\":\"https:\/\/skaitytaknyga.lt\/\",\"name\":\"skaitytaknyga.lt\",\"description\":\"Skaitytaknyga.lt \u2013 tai ma\u017eas \u0161eimos verslas, kuris prasid\u0117jo nuo meil\u0117s knygoms ir siekio i\u0161gelb\u0117ti knygas nuo likimo prie konteinerio. Kas vienam nereikalingas daiktas \u2013 kitam lobis, o mes esame tarpininkai, kurie padeda abiems tapti laimingesniems ???? \u017dinome kaip nelengva i\u0161gyventi ma\u017eiems verslams, tad nuo \u0161iol, \u010dia rasite ir kit\u0173, ma\u017e\u0173 \u0161eim\u0173 versl\u0173, rank\u0173 darbo, dovan\u0173 sau ir artimiesiems.\",\"publisher\":{\"@id\":\"https:\/\/skaitytaknyga.lt\/#organization\"},\"potentialAction\":[{\"@type\":\"SearchAction\",\"target\":{\"@type\":\"EntryPoint\",\"urlTemplate\":\"https:\/\/skaitytaknyga.lt\/?s={search_term_string}\"},\"query-input\":{\"@type\":\"PropertyValueSpecification\",\"valueRequired\":true,\"valueName\":\"search_term_string\"}}],\"inLanguage\":\"en-GB\"},{\"@type\":\"Organization\",\"@id\":\"https:\/\/skaitytaknyga.lt\/#organization\",\"name\":\"skaitytaknyga.lt\",\"url\":\"https:\/\/skaitytaknyga.lt\/\",\"logo\":{\"@type\":\"ImageObject\",\"inLanguage\":\"en-GB\",\"@id\":\"https:\/\/skaitytaknyga.lt\/#\/schema\/logo\/image\/\",\"url\":\"https:\/\/skaitytaknyga.lt\/wp-content\/uploads\/2024\/05\/cropped-cropped-cropped-02_00843_jt3bggkj1j3HLc7SyY6rEUpg.jpeg\",\"contentUrl\":\"https:\/\/skaitytaknyga.lt\/wp-content\/uploads\/2024\/05\/cropped-cropped-cropped-02_00843_jt3bggkj1j3HLc7SyY6rEUpg.jpeg\",\"width\":1600,\"height\":1600,\"caption\":\"skaitytaknyga.lt\"},\"image\":{\"@id\":\"https:\/\/skaitytaknyga.lt\/#\/schema\/logo\/image\/\"},\"sameAs\":[\"https:\/\/www.facebook.com\/skaitytaknyga\/\"]}]}<\/script>\n<!-- \/ Yoast SEO plugin. -->","yoast_head_json":{"title":"Karalius \u017daliabarzdis - Skaitytaknyga","description":"Nuostabus pasak\u0173 pasaulis. Auga dang\u0173 remiantys med\u017eiai, minties greitumu skrieja \u0161e\u0161iakojai \u017eirgai, gyvat\u0117s daro did\u017eiausius stebuklus, gyvena \u0161e\u0161iagalviai ir devyngalviai slibinai. \u010cia sutiksime ir apsukr\u0173 \u010digon\u0105, ir atitarnavus\u012f kareiv\u012f, ir gob\u0161\u0173 turtuol\u012f.  I\u0161 serijos \"Pasaulio pasakos\". Vengr\u0173 pasakos","robots":{"index":"index","follow":"follow","max-snippet":"max-snippet:-1","max-image-preview":"max-image-preview:large","max-video-preview":"max-video-preview:-1"},"canonical":"https:\/\/skaitytaknyga.lt\/en\/produktas\/karalius-zaliabarzdis\/","og_locale":"en_GB","og_type":"article","og_title":"Karalius \u017daliabarzdis - Skaitytaknyga","og_description":"Nuostabus pasak\u0173 pasaulis. Auga dang\u0173 remiantys med\u017eiai, minties greitumu skrieja \u0161e\u0161iakojai \u017eirgai, gyvat\u0117s daro did\u017eiausius stebuklus, gyvena \u0161e\u0161iagalviai ir devyngalviai slibinai. \u010cia sutiksime ir apsukr\u0173 \u010digon\u0105, ir atitarnavus\u012f kareiv\u012f, ir gob\u0161\u0173 turtuol\u012f.  I\u0161 serijos \"Pasaulio pasakos\". Vengr\u0173 pasakos","og_url":"https:\/\/skaitytaknyga.lt\/en\/produktas\/karalius-zaliabarzdis\/","og_site_name":"Skaitytaknyga","article_publisher":"https:\/\/www.facebook.com\/skaitytaknyga\/","article_modified_time":"2025-07-12T07:24:58+00:00","og_image":[{"width":531,"height":800,"url":"https:\/\/skaitytaknyga.lt\/wp-content\/uploads\/2024\/05\/1647591121_scan_10.jpg","type":"image\/jpeg"}],"twitter_card":"summary_large_image","schema":{"@context":"https:\/\/schema.org","@graph":[{"@type":"WebPage","@id":"https:\/\/skaitytaknyga.lt\/produktas\/karalius-zaliabarzdis\/","url":"https:\/\/skaitytaknyga.lt\/produktas\/karalius-zaliabarzdis\/","name":"Karalius \u017daliabarzdis - Skaitytaknyga","isPartOf":{"@id":"https:\/\/skaitytaknyga.lt\/#website"},"primaryImageOfPage":{"@id":"https:\/\/skaitytaknyga.lt\/produktas\/karalius-zaliabarzdis\/#primaryimage"},"image":{"@id":"https:\/\/skaitytaknyga.lt\/produktas\/karalius-zaliabarzdis\/#primaryimage"},"thumbnailUrl":"https:\/\/skaitytaknyga.lt\/wp-content\/uploads\/2024\/05\/1647591121_scan_10.jpg","datePublished":"2024-05-04T18:14:00+00:00","dateModified":"2025-07-12T07:24:58+00:00","description":"Nuostabus pasak\u0173 pasaulis. Auga dang\u0173 remiantys med\u017eiai, minties greitumu skrieja \u0161e\u0161iakojai \u017eirgai, gyvat\u0117s daro did\u017eiausius stebuklus, gyvena \u0161e\u0161iagalviai ir devyngalviai slibinai. \u010cia sutiksime ir apsukr\u0173 \u010digon\u0105, ir atitarnavus\u012f kareiv\u012f, ir gob\u0161\u0173 turtuol\u012f. I\u0161 serijos \"Pasaulio pasakos\". Vengr\u0173 pasakos","breadcrumb":{"@id":"https:\/\/skaitytaknyga.lt\/produktas\/karalius-zaliabarzdis\/#breadcrumb"},"inLanguage":"en-GB","potentialAction":[{"@type":"ReadAction","target":["https:\/\/skaitytaknyga.lt\/produktas\/karalius-zaliabarzdis\/"]}]},{"@type":"ImageObject","inLanguage":"en-GB","@id":"https:\/\/skaitytaknyga.lt\/produktas\/karalius-zaliabarzdis\/#primaryimage","url":"https:\/\/skaitytaknyga.lt\/wp-content\/uploads\/2024\/05\/1647591121_scan_10.jpg","contentUrl":"https:\/\/skaitytaknyga.lt\/wp-content\/uploads\/2024\/05\/1647591121_scan_10.jpg","width":531,"height":800},{"@type":"BreadcrumbList","@id":"https:\/\/skaitytaknyga.lt\/produktas\/karalius-zaliabarzdis\/#breadcrumb","itemListElement":[{"@type":"ListItem","position":1,"name":"Home","item":"https:\/\/skaitytaknyga.lt\/"},{"@type":"ListItem","position":2,"name":"Parduotuv\u0117","item":"https:\/\/skaitytaknyga.lt\/knygu-parduotuve\/"},{"@type":"ListItem","position":3,"name":"Karalius \u017daliabarzdis"}]},{"@type":"WebSite","@id":"https:\/\/skaitytaknyga.lt\/#website","url":"https:\/\/skaitytaknyga.lt\/","name":"skaitytaknyga.lt","description":"Skaitytaknyga.lt \u2013 tai ma\u017eas \u0161eimos verslas, kuris prasid\u0117jo nuo meil\u0117s knygoms ir siekio i\u0161gelb\u0117ti knygas nuo likimo prie konteinerio. Kas vienam nereikalingas daiktas \u2013 kitam lobis, o mes esame tarpininkai, kurie padeda abiems tapti laimingesniems ???? \u017dinome kaip nelengva i\u0161gyventi ma\u017eiems verslams, tad nuo \u0161iol, \u010dia rasite ir kit\u0173, ma\u017e\u0173 \u0161eim\u0173 versl\u0173, rank\u0173 darbo, dovan\u0173 sau ir artimiesiems.","publisher":{"@id":"https:\/\/skaitytaknyga.lt\/#organization"},"potentialAction":[{"@type":"SearchAction","target":{"@type":"EntryPoint","urlTemplate":"https:\/\/skaitytaknyga.lt\/?s={search_term_string}"},"query-input":{"@type":"PropertyValueSpecification","valueRequired":true,"valueName":"search_term_string"}}],"inLanguage":"en-GB"},{"@type":"Organization","@id":"https:\/\/skaitytaknyga.lt\/#organization","name":"skaitytaknyga.lt","url":"https:\/\/skaitytaknyga.lt\/","logo":{"@type":"ImageObject","inLanguage":"en-GB","@id":"https:\/\/skaitytaknyga.lt\/#\/schema\/logo\/image\/","url":"https:\/\/skaitytaknyga.lt\/wp-content\/uploads\/2024\/05\/cropped-cropped-cropped-02_00843_jt3bggkj1j3HLc7SyY6rEUpg.jpeg","contentUrl":"https:\/\/skaitytaknyga.lt\/wp-content\/uploads\/2024\/05\/cropped-cropped-cropped-02_00843_jt3bggkj1j3HLc7SyY6rEUpg.jpeg","width":1600,"height":1600,"caption":"skaitytaknyga.lt"},"image":{"@id":"https:\/\/skaitytaknyga.lt\/#\/schema\/logo\/image\/"},"sameAs":["https:\/\/www.facebook.com\/skaitytaknyga\/"]}]}},"_links":{"self":[{"href":"https:\/\/skaitytaknyga.lt\/en\/wp-json\/wp\/v2\/product\/10362","targetHints":{"allow":["GET"]}}],"collection":[{"href":"https:\/\/skaitytaknyga.lt\/en\/wp-json\/wp\/v2\/product"}],"about":[{"href":"https:\/\/skaitytaknyga.lt\/en\/wp-json\/wp\/v2\/types\/product"}],"replies":[{"embeddable":true,"href":"https:\/\/skaitytaknyga.lt\/en\/wp-json\/wp\/v2\/comments?post=10362"}],"wp:featuredmedia":[{"embeddable":true,"href":"https:\/\/skaitytaknyga.lt\/en\/wp-json\/wp\/v2\/media\/10410"}],"wp:attachment":[{"href":"https:\/\/skaitytaknyga.lt\/en\/wp-json\/wp\/v2\/media?parent=10362"}],"wp:term":[{"taxonomy":"product_brand","embeddable":true,"href":"https:\/\/skaitytaknyga.lt\/en\/wp-json\/wp\/v2\/product_brand?post=10362"},{"taxonomy":"product_cat","embeddable":true,"href":"https:\/\/skaitytaknyga.lt\/en\/wp-json\/wp\/v2\/product_cat?post=10362"},{"taxonomy":"product_tag","embeddable":true,"href":"https:\/\/skaitytaknyga.lt\/en\/wp-json\/wp\/v2\/product_tag?post=10362"}],"curies":[{"name":"wp","href":"https:\/\/api.w.org\/{rel}","templated":true}]}}