{"id":10354,"date":"2024-05-04T18:13:39","date_gmt":"2024-05-04T18:13:39","guid":{"rendered":"https:\/\/skaitytaknyga.lt\/?post_type=product&#038;p=10354"},"modified":"2024-05-04T18:15:05","modified_gmt":"2024-05-04T18:15:05","slug":"susan-mallery-buvusios-drauges-pageltes-virsus-kopija","status":"publish","type":"product","link":"https:\/\/skaitytaknyga.lt\/en\/produktas\/susan-mallery-buvusios-drauges-pageltes-virsus-kopija\/","title":{"rendered":"Susan Mallery \u201eBuvusios draug\u0117s\u201c (pagelt\u0119s vir\u0161us) (Kopija)"},"content":{"rendered":"<p>Mi\u0161el\u0117 Sanderson atrodo stipri, nepriklausoma moteris. Bet \u0161irdyje ji vis dar \u012fskaudinta mergina, kuri genama kalt\u0117s jausmo pab\u0117go i\u0161 nam\u0173. Po daugelio met\u0173 Mi\u0161el\u0117 gr\u012f\u017eta \u012f idili\u0161k\u0105 Blekberio sal\u0105 atgauti tai, kas jai priklauso. Ta\u010diau dabar jos namuose gyvena ir jos u\u017eeigai vadovauja moteris, kuri\u0105 ma\u017eiausiai nori matyti.<\/p>\n<p>Karl\u0117 Viljams ir Mi\u0161el\u0117 kadaise buvo neperskiriamos draug\u0117s \u2013 iki lemtingos i\u0161davyst\u0117s. Vieni\u0161a motina Karl\u0117 vis\u0105 gyvenim\u0105 kent\u0117 nuo paskal\u0173, melo ir paslap\u010di\u0173, bet galiausiai jai pavyko \u012fsitvirtinti. Jei Blekberio salos u\u017eeiga \u017elugs, ji nusitemps Karl\u0119 su dukrele kartu.<\/p>\n<p>Buvusios draug\u0117s priverstos sudaryti trapias paliaubas.<\/p>\n<p>Tikrovi\u0161kas, nerimastingas ir \u0161iltas bestseleri\u0173 autor\u0117s Susan Mallery pasakojimas apie sugr\u012f\u017eim\u0105 namo. Pama\u017eu prie\u0161 skaitytoj\u0173 akis veriasi dvi moteris siejanti praeitis, atskleisdama nepagra\u017eintus i\u0161gyvenimus, nelengvai priimamus sprendimus; i\u0161maniai rutuliojama istorija prikaustys d\u0117mes\u012f&#8230;<\/p>\n","protected":false},"excerpt":{"rendered":"<p>Mi\u0161el\u0117 Sanderson atrodo stipri, nepriklausoma moteris. Bet \u0161irdyje ji vis dar \u012fskaudinta mergina, kuri genama kalt\u0117s jausmo pab\u0117go i\u0161 nam\u0173. Po daugelio met\u0173 Mi\u0161el\u0117 gr\u012f\u017eta \u012f idili\u0161k\u0105 Blekberio sal\u0105 atgauti tai, kas jai priklauso. Ta\u010diau dabar jos namuose gyvena ir jos u\u017eeigai vadovauja moteris, kuri\u0105 ma\u017eiausiai nori matyti.<\/p>\n<p>Karl\u0117 Viljams ir Mi\u0161el\u0117 kadaise buvo neperskiriamos draug\u0117s \u2013 iki lemtingos i\u0161davyst\u0117s. Vieni\u0161a motina Karl\u0117 vis\u0105 gyvenim\u0105 kent\u0117 nuo paskal\u0173, melo ir paslap\u010di\u0173, bet galiausiai jai pavyko \u012fsitvirtinti. Jei Blekberio salos u\u017eeiga \u017elugs, ji nusitemps Karl\u0119 su dukrele kartu.<\/p>\n<p>Buvusios draug\u0117s priverstos sudaryti trapias paliaubas.<\/p>\n<p>Tikrovi\u0161kas, nerimastingas ir \u0161iltas bestseleri\u0173 autor\u0117s Susan Mallery pasakojimas apie sugr\u012f\u017eim\u0105 namo. Pama\u017eu prie\u0161 skaitytoj\u0173 akis veriasi dvi moteris siejanti praeitis, atskleisdama nepagra\u017eintus i\u0161gyvenimus, nelengvai priimamus sprendimus; i\u0161maniai rutuliojama istorija prikaustys d\u0117mes\u012f&#8230;<\/p>\n","protected":false},"featured_media":10399,"comment_status":"closed","ping_status":"closed","template":"","meta":{"_acf_changed":false,"site-sidebar-layout":"default","site-content-layout":"","ast-site-content-layout":"default","site-content-style":"default","site-sidebar-style":"default","ast-global-header-display":"","ast-banner-title-visibility":"","ast-main-header-display":"","ast-hfb-above-header-display":"","ast-hfb-below-header-display":"","ast-hfb-mobile-header-display":"","site-post-title":"","ast-breadcrumbs-content":"","ast-featured-img":"","footer-sml-layout":"","ast-disable-related-posts":"","theme-transparent-header-meta":"","adv-header-id-meta":"","stick-header-meta":"","header-above-stick-meta":"","header-main-stick-meta":"","header-below-stick-meta":"","astra-migrate-meta-layouts":"default","ast-page-background-enabled":"default","ast-page-background-meta":{"desktop":{"background-color":"","background-image":"","background-repeat":"repeat","background-position":"center center","background-size":"auto","background-attachment":"scroll","background-type":"","background-media":"","overlay-type":"","overlay-color":"","overlay-opacity":"","overlay-gradient":""},"tablet":{"background-color":"","background-image":"","background-repeat":"repeat","background-position":"center center","background-size":"auto","background-attachment":"scroll","background-type":"","background-media":"","overlay-type":"","overlay-color":"","overlay-opacity":"","overlay-gradient":""},"mobile":{"background-color":"","background-image":"","background-repeat":"repeat","background-position":"center center","background-size":"auto","background-attachment":"scroll","background-type":"","background-media":"","overlay-type":"","overlay-color":"","overlay-opacity":"","overlay-gradient":""}},"ast-content-background-meta":{"desktop":{"background-color":"var(--ast-global-color-4)","background-image":"","background-repeat":"repeat","background-position":"center center","background-size":"auto","background-attachment":"scroll","background-type":"","background-media":"","overlay-type":"","overlay-color":"","overlay-opacity":"","overlay-gradient":""},"tablet":{"background-color":"var(--ast-global-color-4)","background-image":"","background-repeat":"repeat","background-position":"center center","background-size":"auto","background-attachment":"scroll","background-type":"","background-media":"","overlay-type":"","overlay-color":"","overlay-opacity":"","overlay-gradient":""},"mobile":{"background-color":"var(--ast-global-color-4)","background-image":"","background-repeat":"repeat","background-position":"center center","background-size":"auto","background-attachment":"scroll","background-type":"","background-media":"","overlay-type":"","overlay-color":"","overlay-opacity":"","overlay-gradient":""}}},"product_brand":[],"product_cat":[31],"product_tag":[],"class_list":{"0":"post-10354","1":"product","2":"type-product","3":"status-publish","4":"has-post-thumbnail","6":"product_cat-grozine-literatura","7":"desktop-align-left","8":"tablet-align-left","9":"mobile-align-left","11":"first","12":"instock","13":"shipping-taxable","14":"purchasable","15":"product-type-simple"},"acf":[],"yoast_head":"<!-- This site is optimized with the Yoast SEO plugin v27.4 - https:\/\/yoast.com\/product\/yoast-seo-wordpress\/ -->\n<title>Susan Mallery \u201eBuvusios draug\u0117s\u201c (pagelt\u0119s vir\u0161us) (Kopija) - Skaitytaknyga<\/title>\n<meta name=\"description\" content=\"Mi\u0161el\u0117 Sanderson atrodo stipri, nepriklausoma moteris. Bet \u0161irdyje ji vis dar \u012fskaudinta mergina, kuri genama kalt\u0117s jausmo pab\u0117go i\u0161 nam\u0173. Po daugelio met\u0173 Mi\u0161el\u0117 gr\u012f\u017eta \u012f idili\u0161k\u0105 Blekberio sal\u0105 atgauti tai, kas jai priklauso. Ta\u010diau dabar jos namuose gyvena ir jos u\u017eeigai vadovauja moteris, kuri\u0105 ma\u017eiausiai nori matyti.  Karl\u0117 Viljams ir Mi\u0161el\u0117 kadaise buvo neperskiriamos draug\u0117s \u2013 iki lemtingos i\u0161davyst\u0117s. Vieni\u0161a motina Karl\u0117 vis\u0105 gyvenim\u0105 kent\u0117 nuo paskal\u0173, melo ir paslap\u010di\u0173, bet galiausiai jai pavyko \u012fsitvirtinti. Jei Blekberio salos u\u017eeiga \u017elugs, ji nusitemps Karl\u0119 su dukrele kartu.  Buvusios draug\u0117s priverstos sudaryti trapias paliaubas.  Tikrovi\u0161kas, nerimastingas ir \u0161iltas bestseleri\u0173 autor\u0117s Susan Mallery pasakojimas apie sugr\u012f\u017eim\u0105 namo. Pama\u017eu prie\u0161 skaitytoj\u0173 akis veriasi dvi moteris siejanti praeitis, atskleisdama nepagra\u017eintus i\u0161gyvenimus, nelengvai priimamus sprendimus; i\u0161maniai rutuliojama istorija prikaustys d\u0117mes\u012f...\" \/>\n<meta name=\"robots\" content=\"index, follow, max-snippet:-1, max-image-preview:large, max-video-preview:-1\" \/>\n<link rel=\"canonical\" href=\"https:\/\/skaitytaknyga.lt\/en\/produktas\/susan-mallery-buvusios-drauges-pageltes-virsus-kopija\/\" \/>\n<meta property=\"og:locale\" content=\"en_GB\" \/>\n<meta property=\"og:locale:alternate\" content=\"lt_LT\" \/>\n<meta property=\"og:type\" content=\"article\" \/>\n<meta property=\"og:title\" content=\"Susan Mallery \u201eBuvusios draug\u0117s\u201c (pagelt\u0119s vir\u0161us) (Kopija) - Skaitytaknyga\" \/>\n<meta property=\"og:description\" content=\"Mi\u0161el\u0117 Sanderson atrodo stipri, nepriklausoma moteris. Bet \u0161irdyje ji vis dar \u012fskaudinta mergina, kuri genama kalt\u0117s jausmo pab\u0117go i\u0161 nam\u0173. Po daugelio met\u0173 Mi\u0161el\u0117 gr\u012f\u017eta \u012f idili\u0161k\u0105 Blekberio sal\u0105 atgauti tai, kas jai priklauso. Ta\u010diau dabar jos namuose gyvena ir jos u\u017eeigai vadovauja moteris, kuri\u0105 ma\u017eiausiai nori matyti.  Karl\u0117 Viljams ir Mi\u0161el\u0117 kadaise buvo neperskiriamos draug\u0117s \u2013 iki lemtingos i\u0161davyst\u0117s. Vieni\u0161a motina Karl\u0117 vis\u0105 gyvenim\u0105 kent\u0117 nuo paskal\u0173, melo ir paslap\u010di\u0173, bet galiausiai jai pavyko \u012fsitvirtinti. Jei Blekberio salos u\u017eeiga \u017elugs, ji nusitemps Karl\u0119 su dukrele kartu.  Buvusios draug\u0117s priverstos sudaryti trapias paliaubas.  Tikrovi\u0161kas, nerimastingas ir \u0161iltas bestseleri\u0173 autor\u0117s Susan Mallery pasakojimas apie sugr\u012f\u017eim\u0105 namo. Pama\u017eu prie\u0161 skaitytoj\u0173 akis veriasi dvi moteris siejanti praeitis, atskleisdama nepagra\u017eintus i\u0161gyvenimus, nelengvai priimamus sprendimus; i\u0161maniai rutuliojama istorija prikaustys d\u0117mes\u012f...\" \/>\n<meta property=\"og:url\" content=\"https:\/\/skaitytaknyga.lt\/en\/produktas\/susan-mallery-buvusios-drauges-pageltes-virsus-kopija\/\" \/>\n<meta property=\"og:site_name\" content=\"Skaitytaknyga\" \/>\n<meta property=\"article:publisher\" content=\"https:\/\/www.facebook.com\/skaitytaknyga\/\" \/>\n<meta property=\"article:modified_time\" content=\"2024-05-04T18:15:05+00:00\" \/>\n<meta property=\"og:image\" content=\"https:\/\/skaitytaknyga.lt\/wp-content\/uploads\/2024\/05\/1462883089_3d-buvusios-drauges-150dpi.jpg\" \/>\n\t<meta property=\"og:image:width\" content=\"303\" \/>\n\t<meta property=\"og:image:height\" content=\"436\" \/>\n\t<meta property=\"og:image:type\" content=\"image\/jpeg\" \/>\n<meta name=\"twitter:card\" content=\"summary_large_image\" \/>\n<meta name=\"twitter:label1\" content=\"Estimated reading time\" \/>\n\t<meta name=\"twitter:data1\" content=\"1 minute\" \/>\n<script type=\"application\/ld+json\" class=\"yoast-schema-graph\">{\"@context\":\"https:\\\/\\\/schema.org\",\"@graph\":[{\"@type\":\"WebPage\",\"@id\":\"https:\\\/\\\/skaitytaknyga.lt\\\/produktas\\\/susan-mallery-buvusios-drauges-pageltes-virsus-kopija\\\/\",\"url\":\"https:\\\/\\\/skaitytaknyga.lt\\\/produktas\\\/susan-mallery-buvusios-drauges-pageltes-virsus-kopija\\\/\",\"name\":\"Susan Mallery \u201eBuvusios draug\u0117s\u201c (pagelt\u0119s vir\u0161us) (Kopija) - Skaitytaknyga\",\"isPartOf\":{\"@id\":\"https:\\\/\\\/skaitytaknyga.lt\\\/#website\"},\"primaryImageOfPage\":{\"@id\":\"https:\\\/\\\/skaitytaknyga.lt\\\/produktas\\\/susan-mallery-buvusios-drauges-pageltes-virsus-kopija\\\/#primaryimage\"},\"image\":{\"@id\":\"https:\\\/\\\/skaitytaknyga.lt\\\/produktas\\\/susan-mallery-buvusios-drauges-pageltes-virsus-kopija\\\/#primaryimage\"},\"thumbnailUrl\":\"https:\\\/\\\/skaitytaknyga.lt\\\/wp-content\\\/uploads\\\/2024\\\/05\\\/1462883089_3d-buvusios-drauges-150dpi.jpg\",\"datePublished\":\"2024-05-04T18:13:39+00:00\",\"dateModified\":\"2024-05-04T18:15:05+00:00\",\"description\":\"Mi\u0161el\u0117 Sanderson atrodo stipri, nepriklausoma moteris. Bet \u0161irdyje ji vis dar \u012fskaudinta mergina, kuri genama kalt\u0117s jausmo pab\u0117go i\u0161 nam\u0173. Po daugelio met\u0173 Mi\u0161el\u0117 gr\u012f\u017eta \u012f idili\u0161k\u0105 Blekberio sal\u0105 atgauti tai, kas jai priklauso. Ta\u010diau dabar jos namuose gyvena ir jos u\u017eeigai vadovauja moteris, kuri\u0105 ma\u017eiausiai nori matyti. Karl\u0117 Viljams ir Mi\u0161el\u0117 kadaise buvo neperskiriamos draug\u0117s \u2013 iki lemtingos i\u0161davyst\u0117s. Vieni\u0161a motina Karl\u0117 vis\u0105 gyvenim\u0105 kent\u0117 nuo paskal\u0173, melo ir paslap\u010di\u0173, bet galiausiai jai pavyko \u012fsitvirtinti. Jei Blekberio salos u\u017eeiga \u017elugs, ji nusitemps Karl\u0119 su dukrele kartu. Buvusios draug\u0117s priverstos sudaryti trapias paliaubas. Tikrovi\u0161kas, nerimastingas ir \u0161iltas bestseleri\u0173 autor\u0117s Susan Mallery pasakojimas apie sugr\u012f\u017eim\u0105 namo. Pama\u017eu prie\u0161 skaitytoj\u0173 akis veriasi dvi moteris siejanti praeitis, atskleisdama nepagra\u017eintus i\u0161gyvenimus, nelengvai priimamus sprendimus; i\u0161maniai rutuliojama istorija prikaustys d\u0117mes\u012f...\",\"breadcrumb\":{\"@id\":\"https:\\\/\\\/skaitytaknyga.lt\\\/produktas\\\/susan-mallery-buvusios-drauges-pageltes-virsus-kopija\\\/#breadcrumb\"},\"inLanguage\":\"en-GB\",\"potentialAction\":[{\"@type\":\"ReadAction\",\"target\":[\"https:\\\/\\\/skaitytaknyga.lt\\\/produktas\\\/susan-mallery-buvusios-drauges-pageltes-virsus-kopija\\\/\"]}]},{\"@type\":\"ImageObject\",\"inLanguage\":\"en-GB\",\"@id\":\"https:\\\/\\\/skaitytaknyga.lt\\\/produktas\\\/susan-mallery-buvusios-drauges-pageltes-virsus-kopija\\\/#primaryimage\",\"url\":\"https:\\\/\\\/skaitytaknyga.lt\\\/wp-content\\\/uploads\\\/2024\\\/05\\\/1462883089_3d-buvusios-drauges-150dpi.jpg\",\"contentUrl\":\"https:\\\/\\\/skaitytaknyga.lt\\\/wp-content\\\/uploads\\\/2024\\\/05\\\/1462883089_3d-buvusios-drauges-150dpi.jpg\",\"width\":303,\"height\":436},{\"@type\":\"BreadcrumbList\",\"@id\":\"https:\\\/\\\/skaitytaknyga.lt\\\/produktas\\\/susan-mallery-buvusios-drauges-pageltes-virsus-kopija\\\/#breadcrumb\",\"itemListElement\":[{\"@type\":\"ListItem\",\"position\":1,\"name\":\"Home\",\"item\":\"https:\\\/\\\/skaitytaknyga.lt\\\/\"},{\"@type\":\"ListItem\",\"position\":2,\"name\":\"Parduotuv\u0117\",\"item\":\"https:\\\/\\\/skaitytaknyga.lt\\\/knygu-parduotuve\\\/\"},{\"@type\":\"ListItem\",\"position\":3,\"name\":\"Susan Mallery \u201eBuvusios draug\u0117s\u201c (pagelt\u0119s vir\u0161us) (Kopija)\"}]},{\"@type\":\"WebSite\",\"@id\":\"https:\\\/\\\/skaitytaknyga.lt\\\/#website\",\"url\":\"https:\\\/\\\/skaitytaknyga.lt\\\/\",\"name\":\"skaitytaknyga.lt\",\"description\":\"Skaitytaknyga.lt \u2013 tai ma\u017eas \u0161eimos verslas, kuris prasid\u0117jo nuo meil\u0117s knygoms ir siekio i\u0161gelb\u0117ti knygas nuo likimo prie konteinerio. Kas vienam nereikalingas daiktas \u2013 kitam lobis, o mes esame tarpininkai, kurie padeda abiems tapti laimingesniems ???? \u017dinome kaip nelengva i\u0161gyventi ma\u017eiems verslams, tad nuo \u0161iol, \u010dia rasite ir kit\u0173, ma\u017e\u0173 \u0161eim\u0173 versl\u0173, rank\u0173 darbo, dovan\u0173 sau ir artimiesiems.\",\"publisher\":{\"@id\":\"https:\\\/\\\/skaitytaknyga.lt\\\/#organization\"},\"potentialAction\":[{\"@type\":\"SearchAction\",\"target\":{\"@type\":\"EntryPoint\",\"urlTemplate\":\"https:\\\/\\\/skaitytaknyga.lt\\\/?s={search_term_string}\"},\"query-input\":{\"@type\":\"PropertyValueSpecification\",\"valueRequired\":true,\"valueName\":\"search_term_string\"}}],\"inLanguage\":\"en-GB\"},{\"@type\":\"Organization\",\"@id\":\"https:\\\/\\\/skaitytaknyga.lt\\\/#organization\",\"name\":\"skaitytaknyga.lt\",\"url\":\"https:\\\/\\\/skaitytaknyga.lt\\\/\",\"logo\":{\"@type\":\"ImageObject\",\"inLanguage\":\"en-GB\",\"@id\":\"https:\\\/\\\/skaitytaknyga.lt\\\/#\\\/schema\\\/logo\\\/image\\\/\",\"url\":\"https:\\\/\\\/skaitytaknyga.lt\\\/wp-content\\\/uploads\\\/2024\\\/05\\\/cropped-cropped-cropped-02_00843_jt3bggkj1j3HLc7SyY6rEUpg.jpeg\",\"contentUrl\":\"https:\\\/\\\/skaitytaknyga.lt\\\/wp-content\\\/uploads\\\/2024\\\/05\\\/cropped-cropped-cropped-02_00843_jt3bggkj1j3HLc7SyY6rEUpg.jpeg\",\"width\":1600,\"height\":1600,\"caption\":\"skaitytaknyga.lt\"},\"image\":{\"@id\":\"https:\\\/\\\/skaitytaknyga.lt\\\/#\\\/schema\\\/logo\\\/image\\\/\"},\"sameAs\":[\"https:\\\/\\\/www.facebook.com\\\/skaitytaknyga\\\/\"]}]}<\/script>\n<!-- \/ Yoast SEO plugin. -->","yoast_head_json":{"title":"Susan Mallery \u201eBuvusios draug\u0117s\u201c (pagelt\u0119s vir\u0161us) (Kopija) - Skaitytaknyga","description":"Mi\u0161el\u0117 Sanderson atrodo stipri, nepriklausoma moteris. Bet \u0161irdyje ji vis dar \u012fskaudinta mergina, kuri genama kalt\u0117s jausmo pab\u0117go i\u0161 nam\u0173. Po daugelio met\u0173 Mi\u0161el\u0117 gr\u012f\u017eta \u012f idili\u0161k\u0105 Blekberio sal\u0105 atgauti tai, kas jai priklauso. Ta\u010diau dabar jos namuose gyvena ir jos u\u017eeigai vadovauja moteris, kuri\u0105 ma\u017eiausiai nori matyti.  Karl\u0117 Viljams ir Mi\u0161el\u0117 kadaise buvo neperskiriamos draug\u0117s \u2013 iki lemtingos i\u0161davyst\u0117s. Vieni\u0161a motina Karl\u0117 vis\u0105 gyvenim\u0105 kent\u0117 nuo paskal\u0173, melo ir paslap\u010di\u0173, bet galiausiai jai pavyko \u012fsitvirtinti. Jei Blekberio salos u\u017eeiga \u017elugs, ji nusitemps Karl\u0119 su dukrele kartu.  Buvusios draug\u0117s priverstos sudaryti trapias paliaubas.  Tikrovi\u0161kas, nerimastingas ir \u0161iltas bestseleri\u0173 autor\u0117s Susan Mallery pasakojimas apie sugr\u012f\u017eim\u0105 namo. Pama\u017eu prie\u0161 skaitytoj\u0173 akis veriasi dvi moteris siejanti praeitis, atskleisdama nepagra\u017eintus i\u0161gyvenimus, nelengvai priimamus sprendimus; i\u0161maniai rutuliojama istorija prikaustys d\u0117mes\u012f...","robots":{"index":"index","follow":"follow","max-snippet":"max-snippet:-1","max-image-preview":"max-image-preview:large","max-video-preview":"max-video-preview:-1"},"canonical":"https:\/\/skaitytaknyga.lt\/en\/produktas\/susan-mallery-buvusios-drauges-pageltes-virsus-kopija\/","og_locale":"en_GB","og_type":"article","og_title":"Susan Mallery \u201eBuvusios draug\u0117s\u201c (pagelt\u0119s vir\u0161us) (Kopija) - Skaitytaknyga","og_description":"Mi\u0161el\u0117 Sanderson atrodo stipri, nepriklausoma moteris. Bet \u0161irdyje ji vis dar \u012fskaudinta mergina, kuri genama kalt\u0117s jausmo pab\u0117go i\u0161 nam\u0173. Po daugelio met\u0173 Mi\u0161el\u0117 gr\u012f\u017eta \u012f idili\u0161k\u0105 Blekberio sal\u0105 atgauti tai, kas jai priklauso. Ta\u010diau dabar jos namuose gyvena ir jos u\u017eeigai vadovauja moteris, kuri\u0105 ma\u017eiausiai nori matyti.  Karl\u0117 Viljams ir Mi\u0161el\u0117 kadaise buvo neperskiriamos draug\u0117s \u2013 iki lemtingos i\u0161davyst\u0117s. Vieni\u0161a motina Karl\u0117 vis\u0105 gyvenim\u0105 kent\u0117 nuo paskal\u0173, melo ir paslap\u010di\u0173, bet galiausiai jai pavyko \u012fsitvirtinti. Jei Blekberio salos u\u017eeiga \u017elugs, ji nusitemps Karl\u0119 su dukrele kartu.  Buvusios draug\u0117s priverstos sudaryti trapias paliaubas.  Tikrovi\u0161kas, nerimastingas ir \u0161iltas bestseleri\u0173 autor\u0117s Susan Mallery pasakojimas apie sugr\u012f\u017eim\u0105 namo. Pama\u017eu prie\u0161 skaitytoj\u0173 akis veriasi dvi moteris siejanti praeitis, atskleisdama nepagra\u017eintus i\u0161gyvenimus, nelengvai priimamus sprendimus; i\u0161maniai rutuliojama istorija prikaustys d\u0117mes\u012f...","og_url":"https:\/\/skaitytaknyga.lt\/en\/produktas\/susan-mallery-buvusios-drauges-pageltes-virsus-kopija\/","og_site_name":"Skaitytaknyga","article_publisher":"https:\/\/www.facebook.com\/skaitytaknyga\/","article_modified_time":"2024-05-04T18:15:05+00:00","og_image":[{"width":303,"height":436,"url":"https:\/\/skaitytaknyga.lt\/wp-content\/uploads\/2024\/05\/1462883089_3d-buvusios-drauges-150dpi.jpg","type":"image\/jpeg"}],"twitter_card":"summary_large_image","twitter_misc":{"Estimated reading time":"1 minute"},"schema":{"@context":"https:\/\/schema.org","@graph":[{"@type":"WebPage","@id":"https:\/\/skaitytaknyga.lt\/produktas\/susan-mallery-buvusios-drauges-pageltes-virsus-kopija\/","url":"https:\/\/skaitytaknyga.lt\/produktas\/susan-mallery-buvusios-drauges-pageltes-virsus-kopija\/","name":"Susan Mallery \u201eBuvusios draug\u0117s\u201c (pagelt\u0119s vir\u0161us) (Kopija) - Skaitytaknyga","isPartOf":{"@id":"https:\/\/skaitytaknyga.lt\/#website"},"primaryImageOfPage":{"@id":"https:\/\/skaitytaknyga.lt\/produktas\/susan-mallery-buvusios-drauges-pageltes-virsus-kopija\/#primaryimage"},"image":{"@id":"https:\/\/skaitytaknyga.lt\/produktas\/susan-mallery-buvusios-drauges-pageltes-virsus-kopija\/#primaryimage"},"thumbnailUrl":"https:\/\/skaitytaknyga.lt\/wp-content\/uploads\/2024\/05\/1462883089_3d-buvusios-drauges-150dpi.jpg","datePublished":"2024-05-04T18:13:39+00:00","dateModified":"2024-05-04T18:15:05+00:00","description":"Mi\u0161el\u0117 Sanderson atrodo stipri, nepriklausoma moteris. Bet \u0161irdyje ji vis dar \u012fskaudinta mergina, kuri genama kalt\u0117s jausmo pab\u0117go i\u0161 nam\u0173. Po daugelio met\u0173 Mi\u0161el\u0117 gr\u012f\u017eta \u012f idili\u0161k\u0105 Blekberio sal\u0105 atgauti tai, kas jai priklauso. Ta\u010diau dabar jos namuose gyvena ir jos u\u017eeigai vadovauja moteris, kuri\u0105 ma\u017eiausiai nori matyti. Karl\u0117 Viljams ir Mi\u0161el\u0117 kadaise buvo neperskiriamos draug\u0117s \u2013 iki lemtingos i\u0161davyst\u0117s. Vieni\u0161a motina Karl\u0117 vis\u0105 gyvenim\u0105 kent\u0117 nuo paskal\u0173, melo ir paslap\u010di\u0173, bet galiausiai jai pavyko \u012fsitvirtinti. Jei Blekberio salos u\u017eeiga \u017elugs, ji nusitemps Karl\u0119 su dukrele kartu. Buvusios draug\u0117s priverstos sudaryti trapias paliaubas. Tikrovi\u0161kas, nerimastingas ir \u0161iltas bestseleri\u0173 autor\u0117s Susan Mallery pasakojimas apie sugr\u012f\u017eim\u0105 namo. Pama\u017eu prie\u0161 skaitytoj\u0173 akis veriasi dvi moteris siejanti praeitis, atskleisdama nepagra\u017eintus i\u0161gyvenimus, nelengvai priimamus sprendimus; i\u0161maniai rutuliojama istorija prikaustys d\u0117mes\u012f...","breadcrumb":{"@id":"https:\/\/skaitytaknyga.lt\/produktas\/susan-mallery-buvusios-drauges-pageltes-virsus-kopija\/#breadcrumb"},"inLanguage":"en-GB","potentialAction":[{"@type":"ReadAction","target":["https:\/\/skaitytaknyga.lt\/produktas\/susan-mallery-buvusios-drauges-pageltes-virsus-kopija\/"]}]},{"@type":"ImageObject","inLanguage":"en-GB","@id":"https:\/\/skaitytaknyga.lt\/produktas\/susan-mallery-buvusios-drauges-pageltes-virsus-kopija\/#primaryimage","url":"https:\/\/skaitytaknyga.lt\/wp-content\/uploads\/2024\/05\/1462883089_3d-buvusios-drauges-150dpi.jpg","contentUrl":"https:\/\/skaitytaknyga.lt\/wp-content\/uploads\/2024\/05\/1462883089_3d-buvusios-drauges-150dpi.jpg","width":303,"height":436},{"@type":"BreadcrumbList","@id":"https:\/\/skaitytaknyga.lt\/produktas\/susan-mallery-buvusios-drauges-pageltes-virsus-kopija\/#breadcrumb","itemListElement":[{"@type":"ListItem","position":1,"name":"Home","item":"https:\/\/skaitytaknyga.lt\/"},{"@type":"ListItem","position":2,"name":"Parduotuv\u0117","item":"https:\/\/skaitytaknyga.lt\/knygu-parduotuve\/"},{"@type":"ListItem","position":3,"name":"Susan Mallery \u201eBuvusios draug\u0117s\u201c (pagelt\u0119s vir\u0161us) (Kopija)"}]},{"@type":"WebSite","@id":"https:\/\/skaitytaknyga.lt\/#website","url":"https:\/\/skaitytaknyga.lt\/","name":"skaitytaknyga.lt","description":"Skaitytaknyga.lt \u2013 tai ma\u017eas \u0161eimos verslas, kuris prasid\u0117jo nuo meil\u0117s knygoms ir siekio i\u0161gelb\u0117ti knygas nuo likimo prie konteinerio. Kas vienam nereikalingas daiktas \u2013 kitam lobis, o mes esame tarpininkai, kurie padeda abiems tapti laimingesniems ???? \u017dinome kaip nelengva i\u0161gyventi ma\u017eiems verslams, tad nuo \u0161iol, \u010dia rasite ir kit\u0173, ma\u017e\u0173 \u0161eim\u0173 versl\u0173, rank\u0173 darbo, dovan\u0173 sau ir artimiesiems.","publisher":{"@id":"https:\/\/skaitytaknyga.lt\/#organization"},"potentialAction":[{"@type":"SearchAction","target":{"@type":"EntryPoint","urlTemplate":"https:\/\/skaitytaknyga.lt\/?s={search_term_string}"},"query-input":{"@type":"PropertyValueSpecification","valueRequired":true,"valueName":"search_term_string"}}],"inLanguage":"en-GB"},{"@type":"Organization","@id":"https:\/\/skaitytaknyga.lt\/#organization","name":"skaitytaknyga.lt","url":"https:\/\/skaitytaknyga.lt\/","logo":{"@type":"ImageObject","inLanguage":"en-GB","@id":"https:\/\/skaitytaknyga.lt\/#\/schema\/logo\/image\/","url":"https:\/\/skaitytaknyga.lt\/wp-content\/uploads\/2024\/05\/cropped-cropped-cropped-02_00843_jt3bggkj1j3HLc7SyY6rEUpg.jpeg","contentUrl":"https:\/\/skaitytaknyga.lt\/wp-content\/uploads\/2024\/05\/cropped-cropped-cropped-02_00843_jt3bggkj1j3HLc7SyY6rEUpg.jpeg","width":1600,"height":1600,"caption":"skaitytaknyga.lt"},"image":{"@id":"https:\/\/skaitytaknyga.lt\/#\/schema\/logo\/image\/"},"sameAs":["https:\/\/www.facebook.com\/skaitytaknyga\/"]}]}},"_links":{"self":[{"href":"https:\/\/skaitytaknyga.lt\/en\/wp-json\/wp\/v2\/product\/10354","targetHints":{"allow":["GET"]}}],"collection":[{"href":"https:\/\/skaitytaknyga.lt\/en\/wp-json\/wp\/v2\/product"}],"about":[{"href":"https:\/\/skaitytaknyga.lt\/en\/wp-json\/wp\/v2\/types\/product"}],"replies":[{"embeddable":true,"href":"https:\/\/skaitytaknyga.lt\/en\/wp-json\/wp\/v2\/comments?post=10354"}],"wp:featuredmedia":[{"embeddable":true,"href":"https:\/\/skaitytaknyga.lt\/en\/wp-json\/wp\/v2\/media\/10399"}],"wp:attachment":[{"href":"https:\/\/skaitytaknyga.lt\/en\/wp-json\/wp\/v2\/media?parent=10354"}],"wp:term":[{"taxonomy":"product_brand","embeddable":true,"href":"https:\/\/skaitytaknyga.lt\/en\/wp-json\/wp\/v2\/product_brand?post=10354"},{"taxonomy":"product_cat","embeddable":true,"href":"https:\/\/skaitytaknyga.lt\/en\/wp-json\/wp\/v2\/product_cat?post=10354"},{"taxonomy":"product_tag","embeddable":true,"href":"https:\/\/skaitytaknyga.lt\/en\/wp-json\/wp\/v2\/product_tag?post=10354"}],"curies":[{"name":"wp","href":"https:\/\/api.w.org\/{rel}","templated":true}]}}