{"id":10352,"date":"2024-05-04T18:13:38","date_gmt":"2024-05-04T18:13:38","guid":{"rendered":"https:\/\/skaitytaknyga.lt\/?post_type=product&#038;p=10352"},"modified":"2026-03-05T16:00:48","modified_gmt":"2026-03-05T14:00:48","slug":"leif-g-w-persson-linda-kaip-is-lindos-zmogzudystes-pagelte-lapai","status":"publish","type":"product","link":"https:\/\/skaitytaknyga.lt\/en\/produktas\/leif-g-w-persson-linda-kaip-is-lindos-zmogzudystes-pagelte-lapai\/","title":{"rendered":"Linda, kaip i\u0161 Lindos \u017emog\u017eudyst\u0117s"},"content":{"rendered":"<p>Ne\u012ftikimai Kar\u0161tos \u0160vedi\u0161kos Vasaros Viduryje Randama Nu\u017eudyta Jauna Vek\u0161\u0117s Policijos Akademijos Student\u0117. K\u0105 Jauna Atsargi Moteris Gal\u0117jo Laisva Valia \u012esileisti \u012e But\u0105 V\u0117l\u0173 Vakar\u0105? \u012etarimas Krinta Ant Sav\u0173, Koleg\u0173. Paspartinti Tyrimo I\u0161 Stokholmo Be Didelio Noro Atvyksta Policijos Inspektorius Evertas Bekstriomas. Egoisti\u0161kas, Tu\u0161\u010diagarbis Ir Viskam I\u0161ankstines Nuostatas Paruo\u0161\u0119s Bekstriomas Neturi Nei Pareigos, Nei Atsakomyb\u0117s Jausmo; Visus, I\u0161skyrus Save, Laiko Kvailiais, O Bent Kiek \u0160iltesnius Jausmus Jau\u010dia Tik Savo Auksinei \u017duvelei Ir Alkoholio Buteliui. Kad I\u0161painiot\u0173 Nusikaltim\u0105, Visko Ma\u010diusiai Jo Komandai Teks Sekti Menkomis U\u017euominomis, Kurios Liko Bekompromisi\u0161kam Vadovui \u201eAt\u0161ald\u017eius\u201c P\u0117dsakus.<br \/>\nKupina Juodojo Humoro, Prikaustanti Ir Brutaliai Realisti\u0161ka Knyga Linda, Kaip I\u0161 Lindos \u017dmog\u017eudyst\u0117s Yra Detektyv\u0173 \u017danro Fenomenas. Po Jo Ellroy\u2019aus, Lehane\u2019o Ir McBaino K\u016briniai Atrodo Kaip Pasakait\u0117s Vaikams. Negana To, Kad Vietoj Teigiamo Herojaus \u201eGauni\u201c Antipati\u0161k\u0105 Tip\u0105, O Policijos Tyrimo Apra\u0161ymas Ver\u010dia Gail\u0117tis \u0160vedijos Pilie\u010di\u0173, Everto Paveikslas Kelia Juok\u0105 Ir&#8230; Simpatij\u0105.<\/p>\n","protected":false},"excerpt":{"rendered":"<p>Ne\u012ftikimai Kar\u0161tos \u0160vedi\u0161kos Vasaros Viduryje Randama Nu\u017eudyta Jauna Vek\u0161\u0117s Policijos Akademijos Student\u0117. K\u0105 Jauna Atsargi Moteris Gal\u0117jo Laisva Valia \u012esileisti \u012e But\u0105 V\u0117l\u0173 Vakar\u0105? \u012etarimas Krinta Ant Sav\u0173, Koleg\u0173. Paspartinti Tyrimo I\u0161 Stokholmo Be Didelio Noro Atvyksta Policijos Inspektorius Evertas Bekstriomas. Egoisti\u0161kas, Tu\u0161\u010diagarbis Ir Viskam I\u0161ankstines Nuostatas Paruo\u0161\u0119s Bekstriomas Neturi Nei Pareigos, Nei Atsakomyb\u0117s Jausmo; Visus, I\u0161skyrus Save, Laiko Kvailiais, O Bent Kiek \u0160iltesnius Jausmus Jau\u010dia Tik Savo Auksinei \u017duvelei Ir Alkoholio Buteliui. Kad I\u0161painiot\u0173 Nusikaltim\u0105, Visko Ma\u010diusiai Jo Komandai Teks Sekti Menkomis U\u017euominomis, Kurios Liko Bekompromisi\u0161kam Vadovui \u201eAt\u0161ald\u017eius\u201c P\u0117dsakus.<br \/>\nKupina Juodojo Humoro, Prikaustanti Ir Brutaliai Realisti\u0161ka Knyga Linda, Kaip I\u0161 Lindos \u017dmog\u017eudyst\u0117s Yra Detektyv\u0173 \u017danro Fenomenas. Po Jo Ellroy\u2019aus, Lehane\u2019o Ir McBaino K\u016briniai Atrodo Kaip Pasakait\u0117s Vaikams. Negana To, Kad Vietoj Teigiamo Herojaus \u201eGauni\u201c Antipati\u0161k\u0105 Tip\u0105, O Policijos Tyrimo Apra\u0161ymas Ver\u010dia Gail\u0117tis \u0160vedijos Pilie\u010di\u0173, Everto Paveikslas Kelia Juok\u0105 Ir&#8230; Simpatij\u0105.<\/p>\n","protected":false},"featured_media":10397,"comment_status":"closed","ping_status":"closed","template":"","meta":{"_acf_changed":false,"site-sidebar-layout":"default","site-content-layout":"","ast-site-content-layout":"default","site-content-style":"default","site-sidebar-style":"default","ast-global-header-display":"","ast-banner-title-visibility":"","ast-main-header-display":"","ast-hfb-above-header-display":"","ast-hfb-below-header-display":"","ast-hfb-mobile-header-display":"","site-post-title":"","ast-breadcrumbs-content":"","ast-featured-img":"","footer-sml-layout":"","ast-disable-related-posts":"","theme-transparent-header-meta":"","adv-header-id-meta":"","stick-header-meta":"","header-above-stick-meta":"","header-main-stick-meta":"","header-below-stick-meta":"","astra-migrate-meta-layouts":"default","ast-page-background-enabled":"default","ast-page-background-meta":{"desktop":{"background-color":"","background-image":"","background-repeat":"repeat","background-position":"center center","background-size":"auto","background-attachment":"scroll","background-type":"","background-media":"","overlay-type":"","overlay-color":"","overlay-opacity":"","overlay-gradient":""},"tablet":{"background-color":"","background-image":"","background-repeat":"repeat","background-position":"center center","background-size":"auto","background-attachment":"scroll","background-type":"","background-media":"","overlay-type":"","overlay-color":"","overlay-opacity":"","overlay-gradient":""},"mobile":{"background-color":"","background-image":"","background-repeat":"repeat","background-position":"center center","background-size":"auto","background-attachment":"scroll","background-type":"","background-media":"","overlay-type":"","overlay-color":"","overlay-opacity":"","overlay-gradient":""}},"ast-content-background-meta":{"desktop":{"background-color":"var(--ast-global-color-4)","background-image":"","background-repeat":"repeat","background-position":"center center","background-size":"auto","background-attachment":"scroll","background-type":"","background-media":"","overlay-type":"","overlay-color":"","overlay-opacity":"","overlay-gradient":""},"tablet":{"background-color":"var(--ast-global-color-4)","background-image":"","background-repeat":"repeat","background-position":"center center","background-size":"auto","background-attachment":"scroll","background-type":"","background-media":"","overlay-type":"","overlay-color":"","overlay-opacity":"","overlay-gradient":""},"mobile":{"background-color":"var(--ast-global-color-4)","background-image":"","background-repeat":"repeat","background-position":"center center","background-size":"auto","background-attachment":"scroll","background-type":"","background-media":"","overlay-type":"","overlay-color":"","overlay-opacity":"","overlay-gradient":""}}},"product_brand":[],"product_cat":[9581],"product_tag":[1476,2314,2312,2155,2313],"class_list":{"0":"post-10352","1":"product","2":"type-product","3":"status-publish","4":"has-post-thumbnail","6":"product_cat-kriminaliniai-romanai","7":"product_tag-detektyvas","8":"product_tag-leif-g-w-persson","9":"product_tag-nusikaltimas","10":"product_tag-psichologinis-trileris","11":"product_tag-zmogzudystes-tyrimas","12":"desktop-align-left","13":"tablet-align-left","14":"mobile-align-left","16":"first","17":"instock","18":"shipping-taxable","19":"purchasable","20":"product-type-simple"},"acf":[],"yoast_head":"<!-- This site is optimized with the Yoast SEO plugin v27.0 - https:\/\/yoast.com\/product\/yoast-seo-wordpress\/ -->\n<title>Linda, kaip i\u0161 Lindos \u017emog\u017eudyst\u0117s<\/title>\n<meta name=\"description\" content=\"Ne\u012ftikimai Kar\u0161tos \u0160vedi\u0161kos Vasaros Viduryje Randama Nu\u017eudyta Jauna Vek\u0161\u0117s Policijos Akademijos Student\u0117. K\u0105 Jauna Atsargi Moteris Gal\u0117jo Laisva Valia \u012esileisti \u012e But\u0105 V\u0117l\u0173 Vakar\u0105? \u012etarimas Krinta Ant Sav\u0173, Koleg\u0173. Paspartinti Tyrimo I\u0161 Stokholmo Be Didelio Noro Atvyksta Policijos Inspektorius Evertas Bekstriomas. Egoisti\u0161kas, Tu\u0161\u010diagarbis Ir Viskam I\u0161ankstines Nuostatas Paruo\u0161\u0119s Bekstriomas Neturi Nei Pareigos, Nei Atsakomyb\u0117s Jausmo; Visus, I\u0161skyrus Save, Laiko Kvailiais, O Bent Kiek \u0160iltesnius Jausmus Jau\u010dia Tik Savo Auksinei \u017duvelei Ir Alkoholio Buteliui. Kad I\u0161painiot\u0173 Nusikaltim\u0105, Visko Ma\u010diusiai Jo Komandai Teks Sekti Menkomis U\u017euominomis, Kurios Liko Bekompromisi\u0161kam Vadovui \u201eAt\u0161ald\u017eius\u201c P\u0117dsakus. Kupina Juodojo Humoro, Prikaustanti Ir Brutaliai Realisti\u0161ka Knyga Linda, Kaip I\u0161 Lindos \u017dmog\u017eudyst\u0117s Yra Detektyv\u0173 \u017danro Fenomenas. Po Jo Ellroy\u2019aus, Lehane\u2019o Ir McBaino K\u016briniai Atrodo Kaip Pasakait\u0117s Vaikams. Negana To, Kad Vietoj Teigiamo Herojaus \u201eGauni\u201c Antipati\u0161k\u0105 Tip\u0105, O Policijos Tyrimo Apra\u0161ymas Ver\u010dia Gail\u0117tis \u0160vedijos Pilie\u010di\u0173, Everto Paveikslas Kelia Juok\u0105 Ir... Simpatij\u0105.\" \/>\n<meta name=\"robots\" content=\"index, follow, max-snippet:-1, max-image-preview:large, max-video-preview:-1\" \/>\n<link rel=\"canonical\" href=\"https:\/\/skaitytaknyga.lt\/en\/produktas\/leif-g-w-persson-linda-kaip-is-lindos-zmogzudystes-pagelte-lapai\/\" \/>\n<meta property=\"og:locale\" content=\"en_GB\" \/>\n<meta property=\"og:locale:alternate\" content=\"lt_LT\" \/>\n<meta property=\"og:type\" content=\"article\" \/>\n<meta property=\"og:title\" content=\"Linda, kaip i\u0161 Lindos \u017emog\u017eudyst\u0117s\" \/>\n<meta property=\"og:description\" content=\"Ne\u012ftikimai Kar\u0161tos \u0160vedi\u0161kos Vasaros Viduryje Randama Nu\u017eudyta Jauna Vek\u0161\u0117s Policijos Akademijos Student\u0117. K\u0105 Jauna Atsargi Moteris Gal\u0117jo Laisva Valia \u012esileisti \u012e But\u0105 V\u0117l\u0173 Vakar\u0105? \u012etarimas Krinta Ant Sav\u0173, Koleg\u0173. Paspartinti Tyrimo I\u0161 Stokholmo Be Didelio Noro Atvyksta Policijos Inspektorius Evertas Bekstriomas. Egoisti\u0161kas, Tu\u0161\u010diagarbis Ir Viskam I\u0161ankstines Nuostatas Paruo\u0161\u0119s Bekstriomas Neturi Nei Pareigos, Nei Atsakomyb\u0117s Jausmo; Visus, I\u0161skyrus Save, Laiko Kvailiais, O Bent Kiek \u0160iltesnius Jausmus Jau\u010dia Tik Savo Auksinei \u017duvelei Ir Alkoholio Buteliui. Kad I\u0161painiot\u0173 Nusikaltim\u0105, Visko Ma\u010diusiai Jo Komandai Teks Sekti Menkomis U\u017euominomis, Kurios Liko Bekompromisi\u0161kam Vadovui \u201eAt\u0161ald\u017eius\u201c P\u0117dsakus. Kupina Juodojo Humoro, Prikaustanti Ir Brutaliai Realisti\u0161ka Knyga Linda, Kaip I\u0161 Lindos \u017dmog\u017eudyst\u0117s Yra Detektyv\u0173 \u017danro Fenomenas. Po Jo Ellroy\u2019aus, Lehane\u2019o Ir McBaino K\u016briniai Atrodo Kaip Pasakait\u0117s Vaikams. Negana To, Kad Vietoj Teigiamo Herojaus \u201eGauni\u201c Antipati\u0161k\u0105 Tip\u0105, O Policijos Tyrimo Apra\u0161ymas Ver\u010dia Gail\u0117tis \u0160vedijos Pilie\u010di\u0173, Everto Paveikslas Kelia Juok\u0105 Ir... Simpatij\u0105.\" \/>\n<meta property=\"og:url\" content=\"https:\/\/skaitytaknyga.lt\/en\/produktas\/leif-g-w-persson-linda-kaip-is-lindos-zmogzudystes-pagelte-lapai\/\" \/>\n<meta property=\"og:site_name\" content=\"Skaitytaknyga\" \/>\n<meta property=\"article:publisher\" content=\"https:\/\/www.facebook.com\/skaitytaknyga\/\" \/>\n<meta property=\"article:modified_time\" content=\"2026-03-05T14:00:48+00:00\" \/>\n<meta property=\"og:image\" content=\"https:\/\/skaitytaknyga.lt\/wp-content\/uploads\/2024\/05\/1462885859_lindavirselis2d1400.jpg\" \/>\n\t<meta property=\"og:image:width\" content=\"535\" \/>\n\t<meta property=\"og:image:height\" content=\"800\" \/>\n\t<meta property=\"og:image:type\" content=\"image\/jpeg\" \/>\n<meta name=\"twitter:card\" content=\"summary_large_image\" \/>\n<meta name=\"twitter:label1\" content=\"Estimated reading time\" \/>\n\t<meta name=\"twitter:data1\" content=\"1 minute\" \/>\n<script type=\"application\/ld+json\" class=\"yoast-schema-graph\">{\"@context\":\"https:\/\/schema.org\",\"@graph\":[{\"@type\":\"WebPage\",\"@id\":\"https:\/\/skaitytaknyga.lt\/produktas\/leif-g-w-persson-linda-kaip-is-lindos-zmogzudystes-pagelte-lapai\/\",\"url\":\"https:\/\/skaitytaknyga.lt\/produktas\/leif-g-w-persson-linda-kaip-is-lindos-zmogzudystes-pagelte-lapai\/\",\"name\":\"Linda, kaip i\u0161 Lindos \u017emog\u017eudyst\u0117s\",\"isPartOf\":{\"@id\":\"https:\/\/skaitytaknyga.lt\/#website\"},\"primaryImageOfPage\":{\"@id\":\"https:\/\/skaitytaknyga.lt\/produktas\/leif-g-w-persson-linda-kaip-is-lindos-zmogzudystes-pagelte-lapai\/#primaryimage\"},\"image\":{\"@id\":\"https:\/\/skaitytaknyga.lt\/produktas\/leif-g-w-persson-linda-kaip-is-lindos-zmogzudystes-pagelte-lapai\/#primaryimage\"},\"thumbnailUrl\":\"https:\/\/skaitytaknyga.lt\/wp-content\/uploads\/2024\/05\/1462885859_lindavirselis2d1400.jpg\",\"datePublished\":\"2024-05-04T18:13:38+00:00\",\"dateModified\":\"2026-03-05T14:00:48+00:00\",\"description\":\"Ne\u012ftikimai Kar\u0161tos \u0160vedi\u0161kos Vasaros Viduryje Randama Nu\u017eudyta Jauna Vek\u0161\u0117s Policijos Akademijos Student\u0117. K\u0105 Jauna Atsargi Moteris Gal\u0117jo Laisva Valia \u012esileisti \u012e But\u0105 V\u0117l\u0173 Vakar\u0105? \u012etarimas Krinta Ant Sav\u0173, Koleg\u0173. Paspartinti Tyrimo I\u0161 Stokholmo Be Didelio Noro Atvyksta Policijos Inspektorius Evertas Bekstriomas. Egoisti\u0161kas, Tu\u0161\u010diagarbis Ir Viskam I\u0161ankstines Nuostatas Paruo\u0161\u0119s Bekstriomas Neturi Nei Pareigos, Nei Atsakomyb\u0117s Jausmo; Visus, I\u0161skyrus Save, Laiko Kvailiais, O Bent Kiek \u0160iltesnius Jausmus Jau\u010dia Tik Savo Auksinei \u017duvelei Ir Alkoholio Buteliui. Kad I\u0161painiot\u0173 Nusikaltim\u0105, Visko Ma\u010diusiai Jo Komandai Teks Sekti Menkomis U\u017euominomis, Kurios Liko Bekompromisi\u0161kam Vadovui \u201eAt\u0161ald\u017eius\u201c P\u0117dsakus. Kupina Juodojo Humoro, Prikaustanti Ir Brutaliai Realisti\u0161ka Knyga Linda, Kaip I\u0161 Lindos \u017dmog\u017eudyst\u0117s Yra Detektyv\u0173 \u017danro Fenomenas. Po Jo Ellroy\u2019aus, Lehane\u2019o Ir McBaino K\u016briniai Atrodo Kaip Pasakait\u0117s Vaikams. Negana To, Kad Vietoj Teigiamo Herojaus \u201eGauni\u201c Antipati\u0161k\u0105 Tip\u0105, O Policijos Tyrimo Apra\u0161ymas Ver\u010dia Gail\u0117tis \u0160vedijos Pilie\u010di\u0173, Everto Paveikslas Kelia Juok\u0105 Ir... Simpatij\u0105.\",\"breadcrumb\":{\"@id\":\"https:\/\/skaitytaknyga.lt\/produktas\/leif-g-w-persson-linda-kaip-is-lindos-zmogzudystes-pagelte-lapai\/#breadcrumb\"},\"inLanguage\":\"en-GB\",\"potentialAction\":[{\"@type\":\"ReadAction\",\"target\":[\"https:\/\/skaitytaknyga.lt\/produktas\/leif-g-w-persson-linda-kaip-is-lindos-zmogzudystes-pagelte-lapai\/\"]}]},{\"@type\":\"ImageObject\",\"inLanguage\":\"en-GB\",\"@id\":\"https:\/\/skaitytaknyga.lt\/produktas\/leif-g-w-persson-linda-kaip-is-lindos-zmogzudystes-pagelte-lapai\/#primaryimage\",\"url\":\"https:\/\/skaitytaknyga.lt\/wp-content\/uploads\/2024\/05\/1462885859_lindavirselis2d1400.jpg\",\"contentUrl\":\"https:\/\/skaitytaknyga.lt\/wp-content\/uploads\/2024\/05\/1462885859_lindavirselis2d1400.jpg\",\"width\":535,\"height\":800},{\"@type\":\"BreadcrumbList\",\"@id\":\"https:\/\/skaitytaknyga.lt\/produktas\/leif-g-w-persson-linda-kaip-is-lindos-zmogzudystes-pagelte-lapai\/#breadcrumb\",\"itemListElement\":[{\"@type\":\"ListItem\",\"position\":1,\"name\":\"Home\",\"item\":\"https:\/\/skaitytaknyga.lt\/\"},{\"@type\":\"ListItem\",\"position\":2,\"name\":\"Parduotuv\u0117\",\"item\":\"https:\/\/skaitytaknyga.lt\/knygu-parduotuve\/\"},{\"@type\":\"ListItem\",\"position\":3,\"name\":\"Linda, kaip i\u0161 Lindos \u017emog\u017eudyst\u0117s\"}]},{\"@type\":\"WebSite\",\"@id\":\"https:\/\/skaitytaknyga.lt\/#website\",\"url\":\"https:\/\/skaitytaknyga.lt\/\",\"name\":\"skaitytaknyga.lt\",\"description\":\"Skaitytaknyga.lt \u2013 tai ma\u017eas \u0161eimos verslas, kuris prasid\u0117jo nuo meil\u0117s knygoms ir siekio i\u0161gelb\u0117ti knygas nuo likimo prie konteinerio. Kas vienam nereikalingas daiktas \u2013 kitam lobis, o mes esame tarpininkai, kurie padeda abiems tapti laimingesniems ???? \u017dinome kaip nelengva i\u0161gyventi ma\u017eiems verslams, tad nuo \u0161iol, \u010dia rasite ir kit\u0173, ma\u017e\u0173 \u0161eim\u0173 versl\u0173, rank\u0173 darbo, dovan\u0173 sau ir artimiesiems.\",\"publisher\":{\"@id\":\"https:\/\/skaitytaknyga.lt\/#organization\"},\"potentialAction\":[{\"@type\":\"SearchAction\",\"target\":{\"@type\":\"EntryPoint\",\"urlTemplate\":\"https:\/\/skaitytaknyga.lt\/?s={search_term_string}\"},\"query-input\":{\"@type\":\"PropertyValueSpecification\",\"valueRequired\":true,\"valueName\":\"search_term_string\"}}],\"inLanguage\":\"en-GB\"},{\"@type\":\"Organization\",\"@id\":\"https:\/\/skaitytaknyga.lt\/#organization\",\"name\":\"skaitytaknyga.lt\",\"url\":\"https:\/\/skaitytaknyga.lt\/\",\"logo\":{\"@type\":\"ImageObject\",\"inLanguage\":\"en-GB\",\"@id\":\"https:\/\/skaitytaknyga.lt\/#\/schema\/logo\/image\/\",\"url\":\"https:\/\/skaitytaknyga.lt\/wp-content\/uploads\/2024\/05\/cropped-cropped-cropped-02_00843_jt3bggkj1j3HLc7SyY6rEUpg.jpeg\",\"contentUrl\":\"https:\/\/skaitytaknyga.lt\/wp-content\/uploads\/2024\/05\/cropped-cropped-cropped-02_00843_jt3bggkj1j3HLc7SyY6rEUpg.jpeg\",\"width\":1600,\"height\":1600,\"caption\":\"skaitytaknyga.lt\"},\"image\":{\"@id\":\"https:\/\/skaitytaknyga.lt\/#\/schema\/logo\/image\/\"},\"sameAs\":[\"https:\/\/www.facebook.com\/skaitytaknyga\/\"]}]}<\/script>\n<!-- \/ Yoast SEO plugin. -->","yoast_head_json":{"title":"Linda, kaip i\u0161 Lindos \u017emog\u017eudyst\u0117s","description":"Ne\u012ftikimai Kar\u0161tos \u0160vedi\u0161kos Vasaros Viduryje Randama Nu\u017eudyta Jauna Vek\u0161\u0117s Policijos Akademijos Student\u0117. K\u0105 Jauna Atsargi Moteris Gal\u0117jo Laisva Valia \u012esileisti \u012e But\u0105 V\u0117l\u0173 Vakar\u0105? \u012etarimas Krinta Ant Sav\u0173, Koleg\u0173. Paspartinti Tyrimo I\u0161 Stokholmo Be Didelio Noro Atvyksta Policijos Inspektorius Evertas Bekstriomas. Egoisti\u0161kas, Tu\u0161\u010diagarbis Ir Viskam I\u0161ankstines Nuostatas Paruo\u0161\u0119s Bekstriomas Neturi Nei Pareigos, Nei Atsakomyb\u0117s Jausmo; Visus, I\u0161skyrus Save, Laiko Kvailiais, O Bent Kiek \u0160iltesnius Jausmus Jau\u010dia Tik Savo Auksinei \u017duvelei Ir Alkoholio Buteliui. Kad I\u0161painiot\u0173 Nusikaltim\u0105, Visko Ma\u010diusiai Jo Komandai Teks Sekti Menkomis U\u017euominomis, Kurios Liko Bekompromisi\u0161kam Vadovui \u201eAt\u0161ald\u017eius\u201c P\u0117dsakus. Kupina Juodojo Humoro, Prikaustanti Ir Brutaliai Realisti\u0161ka Knyga Linda, Kaip I\u0161 Lindos \u017dmog\u017eudyst\u0117s Yra Detektyv\u0173 \u017danro Fenomenas. Po Jo Ellroy\u2019aus, Lehane\u2019o Ir McBaino K\u016briniai Atrodo Kaip Pasakait\u0117s Vaikams. Negana To, Kad Vietoj Teigiamo Herojaus \u201eGauni\u201c Antipati\u0161k\u0105 Tip\u0105, O Policijos Tyrimo Apra\u0161ymas Ver\u010dia Gail\u0117tis \u0160vedijos Pilie\u010di\u0173, Everto Paveikslas Kelia Juok\u0105 Ir... Simpatij\u0105.","robots":{"index":"index","follow":"follow","max-snippet":"max-snippet:-1","max-image-preview":"max-image-preview:large","max-video-preview":"max-video-preview:-1"},"canonical":"https:\/\/skaitytaknyga.lt\/en\/produktas\/leif-g-w-persson-linda-kaip-is-lindos-zmogzudystes-pagelte-lapai\/","og_locale":"en_GB","og_type":"article","og_title":"[:lt]Linda, kaip i\u0161 Lindos \u017emog\u017eudyst\u0117s[:] - Skaitytaknyga","og_description":"Ne\u012ftikimai Kar\u0161tos \u0160vedi\u0161kos Vasaros Viduryje Randama Nu\u017eudyta Jauna Vek\u0161\u0117s Policijos Akademijos Student\u0117. K\u0105 Jauna Atsargi Moteris Gal\u0117jo Laisva Valia \u012esileisti \u012e But\u0105 V\u0117l\u0173 Vakar\u0105? \u012etarimas Krinta Ant Sav\u0173, Koleg\u0173. Paspartinti Tyrimo I\u0161 Stokholmo Be Didelio Noro Atvyksta Policijos Inspektorius Evertas Bekstriomas. Egoisti\u0161kas, Tu\u0161\u010diagarbis Ir Viskam I\u0161ankstines Nuostatas Paruo\u0161\u0119s Bekstriomas Neturi Nei Pareigos, Nei Atsakomyb\u0117s Jausmo; Visus, I\u0161skyrus Save, Laiko Kvailiais, O Bent Kiek \u0160iltesnius Jausmus Jau\u010dia Tik Savo Auksinei \u017duvelei Ir Alkoholio Buteliui. Kad I\u0161painiot\u0173 Nusikaltim\u0105, Visko Ma\u010diusiai Jo Komandai Teks Sekti Menkomis U\u017euominomis, Kurios Liko Bekompromisi\u0161kam Vadovui \u201eAt\u0161ald\u017eius\u201c P\u0117dsakus. Kupina Juodojo Humoro, Prikaustanti Ir Brutaliai Realisti\u0161ka Knyga Linda, Kaip I\u0161 Lindos \u017dmog\u017eudyst\u0117s Yra Detektyv\u0173 \u017danro Fenomenas. Po Jo Ellroy\u2019aus, Lehane\u2019o Ir McBaino K\u016briniai Atrodo Kaip Pasakait\u0117s Vaikams. Negana To, Kad Vietoj Teigiamo Herojaus \u201eGauni\u201c Antipati\u0161k\u0105 Tip\u0105, O Policijos Tyrimo Apra\u0161ymas Ver\u010dia Gail\u0117tis \u0160vedijos Pilie\u010di\u0173, Everto Paveikslas Kelia Juok\u0105 Ir... Simpatij\u0105.","og_url":"https:\/\/skaitytaknyga.lt\/en\/produktas\/leif-g-w-persson-linda-kaip-is-lindos-zmogzudystes-pagelte-lapai\/","og_site_name":"Skaitytaknyga","article_publisher":"https:\/\/www.facebook.com\/skaitytaknyga\/","article_modified_time":"2026-03-05T14:00:48+00:00","og_image":[{"width":535,"height":800,"url":"https:\/\/skaitytaknyga.lt\/wp-content\/uploads\/2024\/05\/1462885859_lindavirselis2d1400.jpg","type":"image\/jpeg"}],"twitter_card":"summary_large_image","twitter_misc":{"Estimated reading time":"1 minute"},"schema":{"@context":"https:\/\/schema.org","@graph":[{"@type":"WebPage","@id":"https:\/\/skaitytaknyga.lt\/produktas\/leif-g-w-persson-linda-kaip-is-lindos-zmogzudystes-pagelte-lapai\/","url":"https:\/\/skaitytaknyga.lt\/produktas\/leif-g-w-persson-linda-kaip-is-lindos-zmogzudystes-pagelte-lapai\/","name":"Linda, kaip i\u0161 Lindos \u017emog\u017eudyst\u0117s","isPartOf":{"@id":"https:\/\/skaitytaknyga.lt\/#website"},"primaryImageOfPage":{"@id":"https:\/\/skaitytaknyga.lt\/produktas\/leif-g-w-persson-linda-kaip-is-lindos-zmogzudystes-pagelte-lapai\/#primaryimage"},"image":{"@id":"https:\/\/skaitytaknyga.lt\/produktas\/leif-g-w-persson-linda-kaip-is-lindos-zmogzudystes-pagelte-lapai\/#primaryimage"},"thumbnailUrl":"https:\/\/skaitytaknyga.lt\/wp-content\/uploads\/2024\/05\/1462885859_lindavirselis2d1400.jpg","datePublished":"2024-05-04T18:13:38+00:00","dateModified":"2026-03-05T14:00:48+00:00","description":"Ne\u012ftikimai Kar\u0161tos \u0160vedi\u0161kos Vasaros Viduryje Randama Nu\u017eudyta Jauna Vek\u0161\u0117s Policijos Akademijos Student\u0117. K\u0105 Jauna Atsargi Moteris Gal\u0117jo Laisva Valia \u012esileisti \u012e But\u0105 V\u0117l\u0173 Vakar\u0105? \u012etarimas Krinta Ant Sav\u0173, Koleg\u0173. Paspartinti Tyrimo I\u0161 Stokholmo Be Didelio Noro Atvyksta Policijos Inspektorius Evertas Bekstriomas. Egoisti\u0161kas, Tu\u0161\u010diagarbis Ir Viskam I\u0161ankstines Nuostatas Paruo\u0161\u0119s Bekstriomas Neturi Nei Pareigos, Nei Atsakomyb\u0117s Jausmo; Visus, I\u0161skyrus Save, Laiko Kvailiais, O Bent Kiek \u0160iltesnius Jausmus Jau\u010dia Tik Savo Auksinei \u017duvelei Ir Alkoholio Buteliui. Kad I\u0161painiot\u0173 Nusikaltim\u0105, Visko Ma\u010diusiai Jo Komandai Teks Sekti Menkomis U\u017euominomis, Kurios Liko Bekompromisi\u0161kam Vadovui \u201eAt\u0161ald\u017eius\u201c P\u0117dsakus. Kupina Juodojo Humoro, Prikaustanti Ir Brutaliai Realisti\u0161ka Knyga Linda, Kaip I\u0161 Lindos \u017dmog\u017eudyst\u0117s Yra Detektyv\u0173 \u017danro Fenomenas. Po Jo Ellroy\u2019aus, Lehane\u2019o Ir McBaino K\u016briniai Atrodo Kaip Pasakait\u0117s Vaikams. Negana To, Kad Vietoj Teigiamo Herojaus \u201eGauni\u201c Antipati\u0161k\u0105 Tip\u0105, O Policijos Tyrimo Apra\u0161ymas Ver\u010dia Gail\u0117tis \u0160vedijos Pilie\u010di\u0173, Everto Paveikslas Kelia Juok\u0105 Ir... Simpatij\u0105.","breadcrumb":{"@id":"https:\/\/skaitytaknyga.lt\/produktas\/leif-g-w-persson-linda-kaip-is-lindos-zmogzudystes-pagelte-lapai\/#breadcrumb"},"inLanguage":"en-GB","potentialAction":[{"@type":"ReadAction","target":["https:\/\/skaitytaknyga.lt\/produktas\/leif-g-w-persson-linda-kaip-is-lindos-zmogzudystes-pagelte-lapai\/"]}]},{"@type":"ImageObject","inLanguage":"en-GB","@id":"https:\/\/skaitytaknyga.lt\/produktas\/leif-g-w-persson-linda-kaip-is-lindos-zmogzudystes-pagelte-lapai\/#primaryimage","url":"https:\/\/skaitytaknyga.lt\/wp-content\/uploads\/2024\/05\/1462885859_lindavirselis2d1400.jpg","contentUrl":"https:\/\/skaitytaknyga.lt\/wp-content\/uploads\/2024\/05\/1462885859_lindavirselis2d1400.jpg","width":535,"height":800},{"@type":"BreadcrumbList","@id":"https:\/\/skaitytaknyga.lt\/produktas\/leif-g-w-persson-linda-kaip-is-lindos-zmogzudystes-pagelte-lapai\/#breadcrumb","itemListElement":[{"@type":"ListItem","position":1,"name":"Home","item":"https:\/\/skaitytaknyga.lt\/"},{"@type":"ListItem","position":2,"name":"Parduotuv\u0117","item":"https:\/\/skaitytaknyga.lt\/knygu-parduotuve\/"},{"@type":"ListItem","position":3,"name":"Linda, kaip i\u0161 Lindos \u017emog\u017eudyst\u0117s"}]},{"@type":"WebSite","@id":"https:\/\/skaitytaknyga.lt\/#website","url":"https:\/\/skaitytaknyga.lt\/","name":"skaitytaknyga.lt","description":"Skaitytaknyga.lt \u2013 tai ma\u017eas \u0161eimos verslas, kuris prasid\u0117jo nuo meil\u0117s knygoms ir siekio i\u0161gelb\u0117ti knygas nuo likimo prie konteinerio. Kas vienam nereikalingas daiktas \u2013 kitam lobis, o mes esame tarpininkai, kurie padeda abiems tapti laimingesniems ???? \u017dinome kaip nelengva i\u0161gyventi ma\u017eiems verslams, tad nuo \u0161iol, \u010dia rasite ir kit\u0173, ma\u017e\u0173 \u0161eim\u0173 versl\u0173, rank\u0173 darbo, dovan\u0173 sau ir artimiesiems.","publisher":{"@id":"https:\/\/skaitytaknyga.lt\/#organization"},"potentialAction":[{"@type":"SearchAction","target":{"@type":"EntryPoint","urlTemplate":"https:\/\/skaitytaknyga.lt\/?s={search_term_string}"},"query-input":{"@type":"PropertyValueSpecification","valueRequired":true,"valueName":"search_term_string"}}],"inLanguage":"en-GB"},{"@type":"Organization","@id":"https:\/\/skaitytaknyga.lt\/#organization","name":"skaitytaknyga.lt","url":"https:\/\/skaitytaknyga.lt\/","logo":{"@type":"ImageObject","inLanguage":"en-GB","@id":"https:\/\/skaitytaknyga.lt\/#\/schema\/logo\/image\/","url":"https:\/\/skaitytaknyga.lt\/wp-content\/uploads\/2024\/05\/cropped-cropped-cropped-02_00843_jt3bggkj1j3HLc7SyY6rEUpg.jpeg","contentUrl":"https:\/\/skaitytaknyga.lt\/wp-content\/uploads\/2024\/05\/cropped-cropped-cropped-02_00843_jt3bggkj1j3HLc7SyY6rEUpg.jpeg","width":1600,"height":1600,"caption":"skaitytaknyga.lt"},"image":{"@id":"https:\/\/skaitytaknyga.lt\/#\/schema\/logo\/image\/"},"sameAs":["https:\/\/www.facebook.com\/skaitytaknyga\/"]}]}},"_links":{"self":[{"href":"https:\/\/skaitytaknyga.lt\/en\/wp-json\/wp\/v2\/product\/10352","targetHints":{"allow":["GET"]}}],"collection":[{"href":"https:\/\/skaitytaknyga.lt\/en\/wp-json\/wp\/v2\/product"}],"about":[{"href":"https:\/\/skaitytaknyga.lt\/en\/wp-json\/wp\/v2\/types\/product"}],"replies":[{"embeddable":true,"href":"https:\/\/skaitytaknyga.lt\/en\/wp-json\/wp\/v2\/comments?post=10352"}],"wp:featuredmedia":[{"embeddable":true,"href":"https:\/\/skaitytaknyga.lt\/en\/wp-json\/wp\/v2\/media\/10397"}],"wp:attachment":[{"href":"https:\/\/skaitytaknyga.lt\/en\/wp-json\/wp\/v2\/media?parent=10352"}],"wp:term":[{"taxonomy":"product_brand","embeddable":true,"href":"https:\/\/skaitytaknyga.lt\/en\/wp-json\/wp\/v2\/product_brand?post=10352"},{"taxonomy":"product_cat","embeddable":true,"href":"https:\/\/skaitytaknyga.lt\/en\/wp-json\/wp\/v2\/product_cat?post=10352"},{"taxonomy":"product_tag","embeddable":true,"href":"https:\/\/skaitytaknyga.lt\/en\/wp-json\/wp\/v2\/product_tag?post=10352"}],"curies":[{"name":"wp","href":"https:\/\/api.w.org\/{rel}","templated":true}]}}