{"id":10342,"date":"2024-05-04T18:13:16","date_gmt":"2024-05-04T18:13:16","guid":{"rendered":"https:\/\/skaitytaknyga.lt\/?post_type=product&#038;p=10342"},"modified":"2024-05-04T18:14:46","modified_gmt":"2024-05-04T18:14:46","slug":"elizabeth-craft-shea-olsen-gele-pagelte-lapai","status":"publish","type":"product","link":"https:\/\/skaitytaknyga.lt\/en\/produktas\/elizabeth-craft-shea-olsen-gele-pagelte-lapai\/","title":{"rendered":"Elizabeth Craft, Shea Olsen \u201eG\u0117l\u0117\u201c (pagelt\u0119 lapai)"},"content":{"rendered":"<p>\u0160tai ko a\u0161 visuomet siekiau:<\/p>\n<p>\u2013 b\u016bti pirm\u016bne savo klas\u0117je;<\/p>\n<p>\u2013 daryti visk\u0105, kad mo\u010diut\u0117 manimi did\u017eiuot\u0173si;<\/p>\n<p>\u2013 o svarbiausia, tro\u0161kau \u012frodyti, kad galiu pasiekti tai, ko visa mano \u0161eima ne\u012fsteng\u0117 \u2013 \u012fstoti \u012f Stanfordo universitet\u0105.<\/p>\n<p>Mano mama ir sesuo per daug r\u016bpinosi nereik\u0161mingais ir tu\u0161\u010diais dalykais, tarsi aps\u0117stos ie\u0161kojo meil\u0117s tol, kol i\u0161 rank\u0173 i\u0161leido savo ateit\u012f. Ir kol galiausiai prarado visk\u0105.<\/p>\n<p>Steb\u0117dama j\u0173 gyvenim\u0105 pa\u017ead\u0117jau sau, kad jokiam vaikinui neleisiu man\u0119s bla\u0161kyti, niekas man nesutrukdys siekti savo tiksl\u0173. T\u0105 pa\u017ead\u0117jau ir savo mo\u010diutei.<\/p>\n<p>Ta\u010diau visa tai buvo prie\u0161 sutinkant Teit\u0105&#8230;<\/p>\n","protected":false},"excerpt":{"rendered":"<p>\u0160tai ko a\u0161 visuomet siekiau:<\/p>\n<p>\u2013 b\u016bti pirm\u016bne savo klas\u0117je;<\/p>\n<p>\u2013 daryti visk\u0105, kad mo\u010diut\u0117 manimi did\u017eiuot\u0173si;<\/p>\n<p>\u2013 o svarbiausia, tro\u0161kau \u012frodyti, kad galiu pasiekti tai, ko visa mano \u0161eima ne\u012fsteng\u0117 \u2013 \u012fstoti \u012f Stanfordo universitet\u0105.<\/p>\n<p>Mano mama ir sesuo per daug r\u016bpinosi nereik\u0161mingais ir tu\u0161\u010diais dalykais, tarsi aps\u0117stos ie\u0161kojo meil\u0117s tol, kol i\u0161 rank\u0173 i\u0161leido savo ateit\u012f. Ir kol galiausiai prarado visk\u0105.<\/p>\n<p>Steb\u0117dama j\u0173 gyvenim\u0105 pa\u017ead\u0117jau sau, kad jokiam vaikinui neleisiu man\u0119s bla\u0161kyti, niekas man nesutrukdys siekti savo tiksl\u0173. T\u0105 pa\u017ead\u0117jau ir savo mo\u010diutei.<\/p>\n<p>Ta\u010diau visa tai buvo prie\u0161 sutinkant Teit\u0105&#8230;<\/p>\n","protected":false},"featured_media":10386,"comment_status":"closed","ping_status":"closed","template":"","meta":{"_acf_changed":false,"site-sidebar-layout":"default","site-content-layout":"","ast-site-content-layout":"default","site-content-style":"default","site-sidebar-style":"default","ast-global-header-display":"","ast-banner-title-visibility":"","ast-main-header-display":"","ast-hfb-above-header-display":"","ast-hfb-below-header-display":"","ast-hfb-mobile-header-display":"","site-post-title":"","ast-breadcrumbs-content":"","ast-featured-img":"","footer-sml-layout":"","ast-disable-related-posts":"","theme-transparent-header-meta":"","adv-header-id-meta":"","stick-header-meta":"","header-above-stick-meta":"","header-main-stick-meta":"","header-below-stick-meta":"","astra-migrate-meta-layouts":"default","ast-page-background-enabled":"default","ast-page-background-meta":{"desktop":{"background-color":"","background-image":"","background-repeat":"repeat","background-position":"center center","background-size":"auto","background-attachment":"scroll","background-type":"","background-media":"","overlay-type":"","overlay-color":"","overlay-opacity":"","overlay-gradient":""},"tablet":{"background-color":"","background-image":"","background-repeat":"repeat","background-position":"center center","background-size":"auto","background-attachment":"scroll","background-type":"","background-media":"","overlay-type":"","overlay-color":"","overlay-opacity":"","overlay-gradient":""},"mobile":{"background-color":"","background-image":"","background-repeat":"repeat","background-position":"center center","background-size":"auto","background-attachment":"scroll","background-type":"","background-media":"","overlay-type":"","overlay-color":"","overlay-opacity":"","overlay-gradient":""}},"ast-content-background-meta":{"desktop":{"background-color":"var(--ast-global-color-4)","background-image":"","background-repeat":"repeat","background-position":"center center","background-size":"auto","background-attachment":"scroll","background-type":"","background-media":"","overlay-type":"","overlay-color":"","overlay-opacity":"","overlay-gradient":""},"tablet":{"background-color":"var(--ast-global-color-4)","background-image":"","background-repeat":"repeat","background-position":"center center","background-size":"auto","background-attachment":"scroll","background-type":"","background-media":"","overlay-type":"","overlay-color":"","overlay-opacity":"","overlay-gradient":""},"mobile":{"background-color":"var(--ast-global-color-4)","background-image":"","background-repeat":"repeat","background-position":"center center","background-size":"auto","background-attachment":"scroll","background-type":"","background-media":"","overlay-type":"","overlay-color":"","overlay-opacity":"","overlay-gradient":""}}},"product_brand":[],"product_cat":[31],"product_tag":[],"class_list":{"0":"post-10342","1":"product","2":"type-product","3":"status-publish","4":"has-post-thumbnail","6":"product_cat-grozine-literatura","7":"desktop-align-left","8":"tablet-align-left","9":"mobile-align-left","11":"first","12":"instock","13":"shipping-taxable","14":"purchasable","15":"product-type-simple"},"acf":[],"yoast_head":"<!-- This site is optimized with the Yoast SEO plugin v27.4 - https:\/\/yoast.com\/product\/yoast-seo-wordpress\/ -->\n<title>Elizabeth Craft, Shea Olsen \u201eG\u0117l\u0117\u201c (pagelt\u0119 lapai) - Skaitytaknyga<\/title>\n<meta name=\"description\" content=\"\u0160tai ko a\u0161 visuomet siekiau:  \u2013 b\u016bti pirm\u016bne savo klas\u0117je;  \u2013 daryti visk\u0105, kad mo\u010diut\u0117 manimi did\u017eiuot\u0173si;  \u2013 o svarbiausia, tro\u0161kau \u012frodyti, kad galiu pasiekti tai, ko visa mano \u0161eima ne\u012fsteng\u0117 \u2013 \u012fstoti \u012f Stanfordo universitet\u0105.  Mano mama ir sesuo per daug r\u016bpinosi nereik\u0161mingais ir tu\u0161\u010diais dalykais, tarsi aps\u0117stos ie\u0161kojo meil\u0117s tol, kol i\u0161 rank\u0173 i\u0161leido savo ateit\u012f. Ir kol galiausiai prarado visk\u0105.  Steb\u0117dama j\u0173 gyvenim\u0105 pa\u017ead\u0117jau sau, kad jokiam vaikinui neleisiu man\u0119s bla\u0161kyti, niekas man nesutrukdys siekti savo tiksl\u0173. T\u0105 pa\u017ead\u0117jau ir savo mo\u010diutei.  Ta\u010diau visa tai buvo prie\u0161 sutinkant Teit\u0105...\" \/>\n<meta name=\"robots\" content=\"index, follow, max-snippet:-1, max-image-preview:large, max-video-preview:-1\" \/>\n<link rel=\"canonical\" href=\"https:\/\/skaitytaknyga.lt\/en\/produktas\/elizabeth-craft-shea-olsen-gele-pagelte-lapai\/\" \/>\n<meta property=\"og:locale\" content=\"en_GB\" \/>\n<meta property=\"og:locale:alternate\" content=\"lt_LT\" \/>\n<meta property=\"og:type\" content=\"article\" \/>\n<meta property=\"og:title\" content=\"Elizabeth Craft, Shea Olsen \u201eG\u0117l\u0117\u201c (pagelt\u0119 lapai) - Skaitytaknyga\" \/>\n<meta property=\"og:description\" content=\"\u0160tai ko a\u0161 visuomet siekiau:  \u2013 b\u016bti pirm\u016bne savo klas\u0117je;  \u2013 daryti visk\u0105, kad mo\u010diut\u0117 manimi did\u017eiuot\u0173si;  \u2013 o svarbiausia, tro\u0161kau \u012frodyti, kad galiu pasiekti tai, ko visa mano \u0161eima ne\u012fsteng\u0117 \u2013 \u012fstoti \u012f Stanfordo universitet\u0105.  Mano mama ir sesuo per daug r\u016bpinosi nereik\u0161mingais ir tu\u0161\u010diais dalykais, tarsi aps\u0117stos ie\u0161kojo meil\u0117s tol, kol i\u0161 rank\u0173 i\u0161leido savo ateit\u012f. Ir kol galiausiai prarado visk\u0105.  Steb\u0117dama j\u0173 gyvenim\u0105 pa\u017ead\u0117jau sau, kad jokiam vaikinui neleisiu man\u0119s bla\u0161kyti, niekas man nesutrukdys siekti savo tiksl\u0173. T\u0105 pa\u017ead\u0117jau ir savo mo\u010diutei.  Ta\u010diau visa tai buvo prie\u0161 sutinkant Teit\u0105...\" \/>\n<meta property=\"og:url\" content=\"https:\/\/skaitytaknyga.lt\/en\/produktas\/elizabeth-craft-shea-olsen-gele-pagelte-lapai\/\" \/>\n<meta property=\"og:site_name\" content=\"Skaitytaknyga\" \/>\n<meta property=\"article:publisher\" content=\"https:\/\/www.facebook.com\/skaitytaknyga\/\" \/>\n<meta property=\"article:modified_time\" content=\"2024-05-04T18:14:46+00:00\" \/>\n<meta property=\"og:image\" content=\"https:\/\/skaitytaknyga.lt\/wp-content\/uploads\/2024\/05\/1486395121_gele.png\" \/>\n\t<meta property=\"og:image:width\" content=\"267\" \/>\n\t<meta property=\"og:image:height\" content=\"398\" \/>\n\t<meta property=\"og:image:type\" content=\"image\/png\" \/>\n<meta name=\"twitter:card\" content=\"summary_large_image\" \/>\n<meta name=\"twitter:label1\" content=\"Estimated reading time\" \/>\n\t<meta name=\"twitter:data1\" content=\"1 minute\" \/>\n<script type=\"application\/ld+json\" class=\"yoast-schema-graph\">{\"@context\":\"https:\\\/\\\/schema.org\",\"@graph\":[{\"@type\":\"WebPage\",\"@id\":\"https:\\\/\\\/skaitytaknyga.lt\\\/produktas\\\/elizabeth-craft-shea-olsen-gele-pagelte-lapai\\\/\",\"url\":\"https:\\\/\\\/skaitytaknyga.lt\\\/produktas\\\/elizabeth-craft-shea-olsen-gele-pagelte-lapai\\\/\",\"name\":\"Elizabeth Craft, Shea Olsen \u201eG\u0117l\u0117\u201c (pagelt\u0119 lapai) - Skaitytaknyga\",\"isPartOf\":{\"@id\":\"https:\\\/\\\/skaitytaknyga.lt\\\/#website\"},\"primaryImageOfPage\":{\"@id\":\"https:\\\/\\\/skaitytaknyga.lt\\\/produktas\\\/elizabeth-craft-shea-olsen-gele-pagelte-lapai\\\/#primaryimage\"},\"image\":{\"@id\":\"https:\\\/\\\/skaitytaknyga.lt\\\/produktas\\\/elizabeth-craft-shea-olsen-gele-pagelte-lapai\\\/#primaryimage\"},\"thumbnailUrl\":\"https:\\\/\\\/skaitytaknyga.lt\\\/wp-content\\\/uploads\\\/2024\\\/05\\\/1486395121_gele.png\",\"datePublished\":\"2024-05-04T18:13:16+00:00\",\"dateModified\":\"2024-05-04T18:14:46+00:00\",\"description\":\"\u0160tai ko a\u0161 visuomet siekiau: \u2013 b\u016bti pirm\u016bne savo klas\u0117je; \u2013 daryti visk\u0105, kad mo\u010diut\u0117 manimi did\u017eiuot\u0173si; \u2013 o svarbiausia, tro\u0161kau \u012frodyti, kad galiu pasiekti tai, ko visa mano \u0161eima ne\u012fsteng\u0117 \u2013 \u012fstoti \u012f Stanfordo universitet\u0105. Mano mama ir sesuo per daug r\u016bpinosi nereik\u0161mingais ir tu\u0161\u010diais dalykais, tarsi aps\u0117stos ie\u0161kojo meil\u0117s tol, kol i\u0161 rank\u0173 i\u0161leido savo ateit\u012f. Ir kol galiausiai prarado visk\u0105. Steb\u0117dama j\u0173 gyvenim\u0105 pa\u017ead\u0117jau sau, kad jokiam vaikinui neleisiu man\u0119s bla\u0161kyti, niekas man nesutrukdys siekti savo tiksl\u0173. T\u0105 pa\u017ead\u0117jau ir savo mo\u010diutei. Ta\u010diau visa tai buvo prie\u0161 sutinkant Teit\u0105...\",\"breadcrumb\":{\"@id\":\"https:\\\/\\\/skaitytaknyga.lt\\\/produktas\\\/elizabeth-craft-shea-olsen-gele-pagelte-lapai\\\/#breadcrumb\"},\"inLanguage\":\"en-GB\",\"potentialAction\":[{\"@type\":\"ReadAction\",\"target\":[\"https:\\\/\\\/skaitytaknyga.lt\\\/produktas\\\/elizabeth-craft-shea-olsen-gele-pagelte-lapai\\\/\"]}]},{\"@type\":\"ImageObject\",\"inLanguage\":\"en-GB\",\"@id\":\"https:\\\/\\\/skaitytaknyga.lt\\\/produktas\\\/elizabeth-craft-shea-olsen-gele-pagelte-lapai\\\/#primaryimage\",\"url\":\"https:\\\/\\\/skaitytaknyga.lt\\\/wp-content\\\/uploads\\\/2024\\\/05\\\/1486395121_gele.png\",\"contentUrl\":\"https:\\\/\\\/skaitytaknyga.lt\\\/wp-content\\\/uploads\\\/2024\\\/05\\\/1486395121_gele.png\",\"width\":267,\"height\":398},{\"@type\":\"BreadcrumbList\",\"@id\":\"https:\\\/\\\/skaitytaknyga.lt\\\/produktas\\\/elizabeth-craft-shea-olsen-gele-pagelte-lapai\\\/#breadcrumb\",\"itemListElement\":[{\"@type\":\"ListItem\",\"position\":1,\"name\":\"Home\",\"item\":\"https:\\\/\\\/skaitytaknyga.lt\\\/\"},{\"@type\":\"ListItem\",\"position\":2,\"name\":\"Parduotuv\u0117\",\"item\":\"https:\\\/\\\/skaitytaknyga.lt\\\/knygu-parduotuve\\\/\"},{\"@type\":\"ListItem\",\"position\":3,\"name\":\"Elizabeth Craft, Shea Olsen \u201eG\u0117l\u0117\u201c (pagelt\u0119 lapai)\"}]},{\"@type\":\"WebSite\",\"@id\":\"https:\\\/\\\/skaitytaknyga.lt\\\/#website\",\"url\":\"https:\\\/\\\/skaitytaknyga.lt\\\/\",\"name\":\"skaitytaknyga.lt\",\"description\":\"Skaitytaknyga.lt \u2013 tai ma\u017eas \u0161eimos verslas, kuris prasid\u0117jo nuo meil\u0117s knygoms ir siekio i\u0161gelb\u0117ti knygas nuo likimo prie konteinerio. Kas vienam nereikalingas daiktas \u2013 kitam lobis, o mes esame tarpininkai, kurie padeda abiems tapti laimingesniems ???? \u017dinome kaip nelengva i\u0161gyventi ma\u017eiems verslams, tad nuo \u0161iol, \u010dia rasite ir kit\u0173, ma\u017e\u0173 \u0161eim\u0173 versl\u0173, rank\u0173 darbo, dovan\u0173 sau ir artimiesiems.\",\"publisher\":{\"@id\":\"https:\\\/\\\/skaitytaknyga.lt\\\/#organization\"},\"potentialAction\":[{\"@type\":\"SearchAction\",\"target\":{\"@type\":\"EntryPoint\",\"urlTemplate\":\"https:\\\/\\\/skaitytaknyga.lt\\\/?s={search_term_string}\"},\"query-input\":{\"@type\":\"PropertyValueSpecification\",\"valueRequired\":true,\"valueName\":\"search_term_string\"}}],\"inLanguage\":\"en-GB\"},{\"@type\":\"Organization\",\"@id\":\"https:\\\/\\\/skaitytaknyga.lt\\\/#organization\",\"name\":\"skaitytaknyga.lt\",\"url\":\"https:\\\/\\\/skaitytaknyga.lt\\\/\",\"logo\":{\"@type\":\"ImageObject\",\"inLanguage\":\"en-GB\",\"@id\":\"https:\\\/\\\/skaitytaknyga.lt\\\/#\\\/schema\\\/logo\\\/image\\\/\",\"url\":\"https:\\\/\\\/skaitytaknyga.lt\\\/wp-content\\\/uploads\\\/2024\\\/05\\\/cropped-cropped-cropped-02_00843_jt3bggkj1j3HLc7SyY6rEUpg.jpeg\",\"contentUrl\":\"https:\\\/\\\/skaitytaknyga.lt\\\/wp-content\\\/uploads\\\/2024\\\/05\\\/cropped-cropped-cropped-02_00843_jt3bggkj1j3HLc7SyY6rEUpg.jpeg\",\"width\":1600,\"height\":1600,\"caption\":\"skaitytaknyga.lt\"},\"image\":{\"@id\":\"https:\\\/\\\/skaitytaknyga.lt\\\/#\\\/schema\\\/logo\\\/image\\\/\"},\"sameAs\":[\"https:\\\/\\\/www.facebook.com\\\/skaitytaknyga\\\/\"]}]}<\/script>\n<!-- \/ Yoast SEO plugin. -->","yoast_head_json":{"title":"Elizabeth Craft, Shea Olsen \u201eG\u0117l\u0117\u201c (pagelt\u0119 lapai) - Skaitytaknyga","description":"\u0160tai ko a\u0161 visuomet siekiau:  \u2013 b\u016bti pirm\u016bne savo klas\u0117je;  \u2013 daryti visk\u0105, kad mo\u010diut\u0117 manimi did\u017eiuot\u0173si;  \u2013 o svarbiausia, tro\u0161kau \u012frodyti, kad galiu pasiekti tai, ko visa mano \u0161eima ne\u012fsteng\u0117 \u2013 \u012fstoti \u012f Stanfordo universitet\u0105.  Mano mama ir sesuo per daug r\u016bpinosi nereik\u0161mingais ir tu\u0161\u010diais dalykais, tarsi aps\u0117stos ie\u0161kojo meil\u0117s tol, kol i\u0161 rank\u0173 i\u0161leido savo ateit\u012f. Ir kol galiausiai prarado visk\u0105.  Steb\u0117dama j\u0173 gyvenim\u0105 pa\u017ead\u0117jau sau, kad jokiam vaikinui neleisiu man\u0119s bla\u0161kyti, niekas man nesutrukdys siekti savo tiksl\u0173. T\u0105 pa\u017ead\u0117jau ir savo mo\u010diutei.  Ta\u010diau visa tai buvo prie\u0161 sutinkant Teit\u0105...","robots":{"index":"index","follow":"follow","max-snippet":"max-snippet:-1","max-image-preview":"max-image-preview:large","max-video-preview":"max-video-preview:-1"},"canonical":"https:\/\/skaitytaknyga.lt\/en\/produktas\/elizabeth-craft-shea-olsen-gele-pagelte-lapai\/","og_locale":"en_GB","og_type":"article","og_title":"Elizabeth Craft, Shea Olsen \u201eG\u0117l\u0117\u201c (pagelt\u0119 lapai) - Skaitytaknyga","og_description":"\u0160tai ko a\u0161 visuomet siekiau:  \u2013 b\u016bti pirm\u016bne savo klas\u0117je;  \u2013 daryti visk\u0105, kad mo\u010diut\u0117 manimi did\u017eiuot\u0173si;  \u2013 o svarbiausia, tro\u0161kau \u012frodyti, kad galiu pasiekti tai, ko visa mano \u0161eima ne\u012fsteng\u0117 \u2013 \u012fstoti \u012f Stanfordo universitet\u0105.  Mano mama ir sesuo per daug r\u016bpinosi nereik\u0161mingais ir tu\u0161\u010diais dalykais, tarsi aps\u0117stos ie\u0161kojo meil\u0117s tol, kol i\u0161 rank\u0173 i\u0161leido savo ateit\u012f. Ir kol galiausiai prarado visk\u0105.  Steb\u0117dama j\u0173 gyvenim\u0105 pa\u017ead\u0117jau sau, kad jokiam vaikinui neleisiu man\u0119s bla\u0161kyti, niekas man nesutrukdys siekti savo tiksl\u0173. T\u0105 pa\u017ead\u0117jau ir savo mo\u010diutei.  Ta\u010diau visa tai buvo prie\u0161 sutinkant Teit\u0105...","og_url":"https:\/\/skaitytaknyga.lt\/en\/produktas\/elizabeth-craft-shea-olsen-gele-pagelte-lapai\/","og_site_name":"Skaitytaknyga","article_publisher":"https:\/\/www.facebook.com\/skaitytaknyga\/","article_modified_time":"2024-05-04T18:14:46+00:00","og_image":[{"width":267,"height":398,"url":"https:\/\/skaitytaknyga.lt\/wp-content\/uploads\/2024\/05\/1486395121_gele.png","type":"image\/png"}],"twitter_card":"summary_large_image","twitter_misc":{"Estimated reading time":"1 minute"},"schema":{"@context":"https:\/\/schema.org","@graph":[{"@type":"WebPage","@id":"https:\/\/skaitytaknyga.lt\/produktas\/elizabeth-craft-shea-olsen-gele-pagelte-lapai\/","url":"https:\/\/skaitytaknyga.lt\/produktas\/elizabeth-craft-shea-olsen-gele-pagelte-lapai\/","name":"Elizabeth Craft, Shea Olsen \u201eG\u0117l\u0117\u201c (pagelt\u0119 lapai) - Skaitytaknyga","isPartOf":{"@id":"https:\/\/skaitytaknyga.lt\/#website"},"primaryImageOfPage":{"@id":"https:\/\/skaitytaknyga.lt\/produktas\/elizabeth-craft-shea-olsen-gele-pagelte-lapai\/#primaryimage"},"image":{"@id":"https:\/\/skaitytaknyga.lt\/produktas\/elizabeth-craft-shea-olsen-gele-pagelte-lapai\/#primaryimage"},"thumbnailUrl":"https:\/\/skaitytaknyga.lt\/wp-content\/uploads\/2024\/05\/1486395121_gele.png","datePublished":"2024-05-04T18:13:16+00:00","dateModified":"2024-05-04T18:14:46+00:00","description":"\u0160tai ko a\u0161 visuomet siekiau: \u2013 b\u016bti pirm\u016bne savo klas\u0117je; \u2013 daryti visk\u0105, kad mo\u010diut\u0117 manimi did\u017eiuot\u0173si; \u2013 o svarbiausia, tro\u0161kau \u012frodyti, kad galiu pasiekti tai, ko visa mano \u0161eima ne\u012fsteng\u0117 \u2013 \u012fstoti \u012f Stanfordo universitet\u0105. Mano mama ir sesuo per daug r\u016bpinosi nereik\u0161mingais ir tu\u0161\u010diais dalykais, tarsi aps\u0117stos ie\u0161kojo meil\u0117s tol, kol i\u0161 rank\u0173 i\u0161leido savo ateit\u012f. Ir kol galiausiai prarado visk\u0105. Steb\u0117dama j\u0173 gyvenim\u0105 pa\u017ead\u0117jau sau, kad jokiam vaikinui neleisiu man\u0119s bla\u0161kyti, niekas man nesutrukdys siekti savo tiksl\u0173. T\u0105 pa\u017ead\u0117jau ir savo mo\u010diutei. Ta\u010diau visa tai buvo prie\u0161 sutinkant Teit\u0105...","breadcrumb":{"@id":"https:\/\/skaitytaknyga.lt\/produktas\/elizabeth-craft-shea-olsen-gele-pagelte-lapai\/#breadcrumb"},"inLanguage":"en-GB","potentialAction":[{"@type":"ReadAction","target":["https:\/\/skaitytaknyga.lt\/produktas\/elizabeth-craft-shea-olsen-gele-pagelte-lapai\/"]}]},{"@type":"ImageObject","inLanguage":"en-GB","@id":"https:\/\/skaitytaknyga.lt\/produktas\/elizabeth-craft-shea-olsen-gele-pagelte-lapai\/#primaryimage","url":"https:\/\/skaitytaknyga.lt\/wp-content\/uploads\/2024\/05\/1486395121_gele.png","contentUrl":"https:\/\/skaitytaknyga.lt\/wp-content\/uploads\/2024\/05\/1486395121_gele.png","width":267,"height":398},{"@type":"BreadcrumbList","@id":"https:\/\/skaitytaknyga.lt\/produktas\/elizabeth-craft-shea-olsen-gele-pagelte-lapai\/#breadcrumb","itemListElement":[{"@type":"ListItem","position":1,"name":"Home","item":"https:\/\/skaitytaknyga.lt\/"},{"@type":"ListItem","position":2,"name":"Parduotuv\u0117","item":"https:\/\/skaitytaknyga.lt\/knygu-parduotuve\/"},{"@type":"ListItem","position":3,"name":"Elizabeth Craft, Shea Olsen \u201eG\u0117l\u0117\u201c (pagelt\u0119 lapai)"}]},{"@type":"WebSite","@id":"https:\/\/skaitytaknyga.lt\/#website","url":"https:\/\/skaitytaknyga.lt\/","name":"skaitytaknyga.lt","description":"Skaitytaknyga.lt \u2013 tai ma\u017eas \u0161eimos verslas, kuris prasid\u0117jo nuo meil\u0117s knygoms ir siekio i\u0161gelb\u0117ti knygas nuo likimo prie konteinerio. Kas vienam nereikalingas daiktas \u2013 kitam lobis, o mes esame tarpininkai, kurie padeda abiems tapti laimingesniems ???? \u017dinome kaip nelengva i\u0161gyventi ma\u017eiems verslams, tad nuo \u0161iol, \u010dia rasite ir kit\u0173, ma\u017e\u0173 \u0161eim\u0173 versl\u0173, rank\u0173 darbo, dovan\u0173 sau ir artimiesiems.","publisher":{"@id":"https:\/\/skaitytaknyga.lt\/#organization"},"potentialAction":[{"@type":"SearchAction","target":{"@type":"EntryPoint","urlTemplate":"https:\/\/skaitytaknyga.lt\/?s={search_term_string}"},"query-input":{"@type":"PropertyValueSpecification","valueRequired":true,"valueName":"search_term_string"}}],"inLanguage":"en-GB"},{"@type":"Organization","@id":"https:\/\/skaitytaknyga.lt\/#organization","name":"skaitytaknyga.lt","url":"https:\/\/skaitytaknyga.lt\/","logo":{"@type":"ImageObject","inLanguage":"en-GB","@id":"https:\/\/skaitytaknyga.lt\/#\/schema\/logo\/image\/","url":"https:\/\/skaitytaknyga.lt\/wp-content\/uploads\/2024\/05\/cropped-cropped-cropped-02_00843_jt3bggkj1j3HLc7SyY6rEUpg.jpeg","contentUrl":"https:\/\/skaitytaknyga.lt\/wp-content\/uploads\/2024\/05\/cropped-cropped-cropped-02_00843_jt3bggkj1j3HLc7SyY6rEUpg.jpeg","width":1600,"height":1600,"caption":"skaitytaknyga.lt"},"image":{"@id":"https:\/\/skaitytaknyga.lt\/#\/schema\/logo\/image\/"},"sameAs":["https:\/\/www.facebook.com\/skaitytaknyga\/"]}]}},"_links":{"self":[{"href":"https:\/\/skaitytaknyga.lt\/en\/wp-json\/wp\/v2\/product\/10342","targetHints":{"allow":["GET"]}}],"collection":[{"href":"https:\/\/skaitytaknyga.lt\/en\/wp-json\/wp\/v2\/product"}],"about":[{"href":"https:\/\/skaitytaknyga.lt\/en\/wp-json\/wp\/v2\/types\/product"}],"replies":[{"embeddable":true,"href":"https:\/\/skaitytaknyga.lt\/en\/wp-json\/wp\/v2\/comments?post=10342"}],"wp:featuredmedia":[{"embeddable":true,"href":"https:\/\/skaitytaknyga.lt\/en\/wp-json\/wp\/v2\/media\/10386"}],"wp:attachment":[{"href":"https:\/\/skaitytaknyga.lt\/en\/wp-json\/wp\/v2\/media?parent=10342"}],"wp:term":[{"taxonomy":"product_brand","embeddable":true,"href":"https:\/\/skaitytaknyga.lt\/en\/wp-json\/wp\/v2\/product_brand?post=10342"},{"taxonomy":"product_cat","embeddable":true,"href":"https:\/\/skaitytaknyga.lt\/en\/wp-json\/wp\/v2\/product_cat?post=10342"},{"taxonomy":"product_tag","embeddable":true,"href":"https:\/\/skaitytaknyga.lt\/en\/wp-json\/wp\/v2\/product_tag?post=10342"}],"curies":[{"name":"wp","href":"https:\/\/api.w.org\/{rel}","templated":true}]}}