{"id":10340,"date":"2024-05-04T18:13:16","date_gmt":"2024-05-04T18:13:16","guid":{"rendered":"https:\/\/skaitytaknyga.lt\/?post_type=product&#038;p=10340"},"modified":"2024-05-04T18:14:40","modified_gmt":"2024-05-04T18:14:40","slug":"mhairi-mcfarlane-kai-vel-tave-sutiksiu-paglelte-lapai","status":"publish","type":"product","link":"https:\/\/skaitytaknyga.lt\/en\/produktas\/mhairi-mcfarlane-kai-vel-tave-sutiksiu-paglelte-lapai\/","title":{"rendered":"Mhairi McFarlane \u201eKai v\u0117l tave sutiksiu\u201c (paglelt\u0119 lapai)"},"content":{"rendered":"<p>\u201eKai v\u0117l tave sutiksiu\u201c \u2013 nuo\u0161irdi, jaudinanti, kupina humoro istorija \u012ftrauks \u012f \u012fvyki\u0173 s\u016bkur\u012f nuo pirm\u0173 eilu\u010di\u0173. Tai \u0161maik\u0161ti populiaraus romano \u201eI\u0161 pirmo \u017evilgsnio\u201c autor\u0117s knyga.<\/p>\n<p>Ana Alesi, gra\u017euol\u0117 istorik\u0117, tikra a\u0161trialie\u017euv\u0117, ie\u0161ko malonaus vyri\u0161kio, su kuriuo gal\u0117t\u0173 pasikalb\u0117ti intelektualiomis temomis ir patirti meil\u0117s roman\u0173 vert\u0173 akimirk\u0173.<\/p>\n<p>Nepaisydama vis\u0173 t\u0173 mulki\u0173, su kuriais po pa\u017ein\u010di\u0173 internete jai vis tenka eiti \u012f pasimatymus, Ana vis tiek jau\u010diasi labai laiminga \u2013 ji jauna, puikiai atrodo ir dirba m\u0117gstam\u0105 darb\u0105. Taigi gyvenimas susiklost\u0117 geriau, nei b\u016bt\u0173 gal\u0117jusi pasvajoti. Tik viena smulkmena&#8230; Ana mielai atsikratyt\u0173 prisiminim\u0173 apie mokykloje patirtas paty\u010dias.<\/p>\n<p>Taigi, kai D\u017eeimsas Freizeris, Anos baisiausio mokykloje patirto ko\u0161maro kaltininkas, v\u0117l gr\u012f\u017eta \u012f jos gyvenim\u0105, merginos pasaulis apsiver\u010dia auk\u0161tyn kojomis. Atrodo, kad D\u017eeimsas dabar jau visai kitas \u017emogus. Mandagus. Subrend\u0119s. Netgi linksmas. Juk \u017emon\u0117s kei\u010diasi? Bet kod\u0117l tuomet Ana niekaip negali atsikratyti jausmo, kad \u0161ituo vyruku negalima pasitik\u0117ti?<\/p>\n","protected":false},"excerpt":{"rendered":"<p>\u201eKai v\u0117l tave sutiksiu\u201c \u2013 nuo\u0161irdi, jaudinanti, kupina humoro istorija \u012ftrauks \u012f \u012fvyki\u0173 s\u016bkur\u012f nuo pirm\u0173 eilu\u010di\u0173. Tai \u0161maik\u0161ti populiaraus romano \u201eI\u0161 pirmo \u017evilgsnio\u201c autor\u0117s knyga.<\/p>\n<p>Ana Alesi, gra\u017euol\u0117 istorik\u0117, tikra a\u0161trialie\u017euv\u0117, ie\u0161ko malonaus vyri\u0161kio, su kuriuo gal\u0117t\u0173 pasikalb\u0117ti intelektualiomis temomis ir patirti meil\u0117s roman\u0173 vert\u0173 akimirk\u0173.<\/p>\n<p>Nepaisydama vis\u0173 t\u0173 mulki\u0173, su kuriais po pa\u017ein\u010di\u0173 internete jai vis tenka eiti \u012f pasimatymus, Ana vis tiek jau\u010diasi labai laiminga \u2013 ji jauna, puikiai atrodo ir dirba m\u0117gstam\u0105 darb\u0105. Taigi gyvenimas susiklost\u0117 geriau, nei b\u016bt\u0173 gal\u0117jusi pasvajoti. Tik viena smulkmena&#8230; Ana mielai atsikratyt\u0173 prisiminim\u0173 apie mokykloje patirtas paty\u010dias.<\/p>\n<p>Taigi, kai D\u017eeimsas Freizeris, Anos baisiausio mokykloje patirto ko\u0161maro kaltininkas, v\u0117l gr\u012f\u017eta \u012f jos gyvenim\u0105, merginos pasaulis apsiver\u010dia auk\u0161tyn kojomis. Atrodo, kad D\u017eeimsas dabar jau visai kitas \u017emogus. Mandagus. Subrend\u0119s. Netgi linksmas. Juk \u017emon\u0117s kei\u010diasi? Bet kod\u0117l tuomet Ana niekaip negali atsikratyti jausmo, kad \u0161ituo vyruku negalima pasitik\u0117ti?<\/p>\n","protected":false},"featured_media":10384,"comment_status":"closed","ping_status":"closed","template":"","meta":{"_acf_changed":false,"site-sidebar-layout":"default","site-content-layout":"","ast-site-content-layout":"default","site-content-style":"default","site-sidebar-style":"default","ast-global-header-display":"","ast-banner-title-visibility":"","ast-main-header-display":"","ast-hfb-above-header-display":"","ast-hfb-below-header-display":"","ast-hfb-mobile-header-display":"","site-post-title":"","ast-breadcrumbs-content":"","ast-featured-img":"","footer-sml-layout":"","ast-disable-related-posts":"","theme-transparent-header-meta":"","adv-header-id-meta":"","stick-header-meta":"","header-above-stick-meta":"","header-main-stick-meta":"","header-below-stick-meta":"","astra-migrate-meta-layouts":"default","ast-page-background-enabled":"default","ast-page-background-meta":{"desktop":{"background-color":"","background-image":"","background-repeat":"repeat","background-position":"center center","background-size":"auto","background-attachment":"scroll","background-type":"","background-media":"","overlay-type":"","overlay-color":"","overlay-opacity":"","overlay-gradient":""},"tablet":{"background-color":"","background-image":"","background-repeat":"repeat","background-position":"center center","background-size":"auto","background-attachment":"scroll","background-type":"","background-media":"","overlay-type":"","overlay-color":"","overlay-opacity":"","overlay-gradient":""},"mobile":{"background-color":"","background-image":"","background-repeat":"repeat","background-position":"center center","background-size":"auto","background-attachment":"scroll","background-type":"","background-media":"","overlay-type":"","overlay-color":"","overlay-opacity":"","overlay-gradient":""}},"ast-content-background-meta":{"desktop":{"background-color":"var(--ast-global-color-4)","background-image":"","background-repeat":"repeat","background-position":"center center","background-size":"auto","background-attachment":"scroll","background-type":"","background-media":"","overlay-type":"","overlay-color":"","overlay-opacity":"","overlay-gradient":""},"tablet":{"background-color":"var(--ast-global-color-4)","background-image":"","background-repeat":"repeat","background-position":"center center","background-size":"auto","background-attachment":"scroll","background-type":"","background-media":"","overlay-type":"","overlay-color":"","overlay-opacity":"","overlay-gradient":""},"mobile":{"background-color":"var(--ast-global-color-4)","background-image":"","background-repeat":"repeat","background-position":"center center","background-size":"auto","background-attachment":"scroll","background-type":"","background-media":"","overlay-type":"","overlay-color":"","overlay-opacity":"","overlay-gradient":""}}},"product_brand":[],"product_cat":[31],"product_tag":[],"class_list":{"0":"post-10340","1":"product","2":"type-product","3":"status-publish","4":"has-post-thumbnail","6":"product_cat-grozine-literatura","7":"desktop-align-left","8":"tablet-align-left","9":"mobile-align-left","11":"first","12":"instock","13":"shipping-taxable","14":"purchasable","15":"product-type-simple"},"acf":[],"yoast_head":"<!-- This site is optimized with the Yoast SEO plugin v27.4 - https:\/\/yoast.com\/product\/yoast-seo-wordpress\/ -->\n<title>Mhairi McFarlane \u201eKai v\u0117l tave sutiksiu\u201c (paglelt\u0119 lapai) - Skaitytaknyga<\/title>\n<meta name=\"description\" content=\"\u201eKai v\u0117l tave sutiksiu\u201c \u2013 nuo\u0161irdi, jaudinanti, kupina humoro istorija \u012ftrauks \u012f \u012fvyki\u0173 s\u016bkur\u012f nuo pirm\u0173 eilu\u010di\u0173. Tai \u0161maik\u0161ti populiaraus romano \u201eI\u0161 pirmo \u017evilgsnio\u201c autor\u0117s knyga.  Ana Alesi, gra\u017euol\u0117 istorik\u0117, tikra a\u0161trialie\u017euv\u0117, ie\u0161ko malonaus vyri\u0161kio, su kuriuo gal\u0117t\u0173 pasikalb\u0117ti intelektualiomis temomis ir patirti meil\u0117s roman\u0173 vert\u0173 akimirk\u0173.  Nepaisydama vis\u0173 t\u0173 mulki\u0173, su kuriais po pa\u017ein\u010di\u0173 internete jai vis tenka eiti \u012f pasimatymus, Ana vis tiek jau\u010diasi labai laiminga \u2013 ji jauna, puikiai atrodo ir dirba m\u0117gstam\u0105 darb\u0105. Taigi gyvenimas susiklost\u0117 geriau, nei b\u016bt\u0173 gal\u0117jusi pasvajoti. Tik viena smulkmena... Ana mielai atsikratyt\u0173 prisiminim\u0173 apie mokykloje patirtas paty\u010dias.  Taigi, kai D\u017eeimsas Freizeris, Anos baisiausio mokykloje patirto ko\u0161maro kaltininkas, v\u0117l gr\u012f\u017eta \u012f jos gyvenim\u0105, merginos pasaulis apsiver\u010dia auk\u0161tyn kojomis. Atrodo, kad D\u017eeimsas dabar jau visai kitas \u017emogus. Mandagus. Subrend\u0119s. Netgi linksmas. Juk \u017emon\u0117s kei\u010diasi? Bet kod\u0117l tuomet Ana niekaip negali atsikratyti jausmo, kad \u0161ituo vyruku negalima pasitik\u0117ti?\" \/>\n<meta name=\"robots\" content=\"index, follow, max-snippet:-1, max-image-preview:large, max-video-preview:-1\" \/>\n<link rel=\"canonical\" href=\"https:\/\/skaitytaknyga.lt\/en\/produktas\/mhairi-mcfarlane-kai-vel-tave-sutiksiu-paglelte-lapai\/\" \/>\n<meta property=\"og:locale\" content=\"en_GB\" \/>\n<meta property=\"og:locale:alternate\" content=\"lt_LT\" \/>\n<meta property=\"og:type\" content=\"article\" \/>\n<meta property=\"og:title\" content=\"Mhairi McFarlane \u201eKai v\u0117l tave sutiksiu\u201c (paglelt\u0119 lapai) - Skaitytaknyga\" \/>\n<meta property=\"og:description\" content=\"\u201eKai v\u0117l tave sutiksiu\u201c \u2013 nuo\u0161irdi, jaudinanti, kupina humoro istorija \u012ftrauks \u012f \u012fvyki\u0173 s\u016bkur\u012f nuo pirm\u0173 eilu\u010di\u0173. Tai \u0161maik\u0161ti populiaraus romano \u201eI\u0161 pirmo \u017evilgsnio\u201c autor\u0117s knyga.  Ana Alesi, gra\u017euol\u0117 istorik\u0117, tikra a\u0161trialie\u017euv\u0117, ie\u0161ko malonaus vyri\u0161kio, su kuriuo gal\u0117t\u0173 pasikalb\u0117ti intelektualiomis temomis ir patirti meil\u0117s roman\u0173 vert\u0173 akimirk\u0173.  Nepaisydama vis\u0173 t\u0173 mulki\u0173, su kuriais po pa\u017ein\u010di\u0173 internete jai vis tenka eiti \u012f pasimatymus, Ana vis tiek jau\u010diasi labai laiminga \u2013 ji jauna, puikiai atrodo ir dirba m\u0117gstam\u0105 darb\u0105. Taigi gyvenimas susiklost\u0117 geriau, nei b\u016bt\u0173 gal\u0117jusi pasvajoti. Tik viena smulkmena... Ana mielai atsikratyt\u0173 prisiminim\u0173 apie mokykloje patirtas paty\u010dias.  Taigi, kai D\u017eeimsas Freizeris, Anos baisiausio mokykloje patirto ko\u0161maro kaltininkas, v\u0117l gr\u012f\u017eta \u012f jos gyvenim\u0105, merginos pasaulis apsiver\u010dia auk\u0161tyn kojomis. Atrodo, kad D\u017eeimsas dabar jau visai kitas \u017emogus. Mandagus. Subrend\u0119s. Netgi linksmas. Juk \u017emon\u0117s kei\u010diasi? Bet kod\u0117l tuomet Ana niekaip negali atsikratyti jausmo, kad \u0161ituo vyruku negalima pasitik\u0117ti?\" \/>\n<meta property=\"og:url\" content=\"https:\/\/skaitytaknyga.lt\/en\/produktas\/mhairi-mcfarlane-kai-vel-tave-sutiksiu-paglelte-lapai\/\" \/>\n<meta property=\"og:site_name\" content=\"Skaitytaknyga\" \/>\n<meta property=\"article:publisher\" content=\"https:\/\/www.facebook.com\/skaitytaknyga\/\" \/>\n<meta property=\"article:modified_time\" content=\"2024-05-04T18:14:40+00:00\" \/>\n<meta property=\"og:image\" content=\"https:\/\/skaitytaknyga.lt\/wp-content\/uploads\/2024\/05\/1462885339_dsc3609-e1648227793324.jpg\" \/>\n\t<meta property=\"og:image:width\" content=\"366\" \/>\n\t<meta property=\"og:image:height\" content=\"554\" \/>\n\t<meta property=\"og:image:type\" content=\"image\/jpeg\" \/>\n<meta name=\"twitter:card\" content=\"summary_large_image\" \/>\n<meta name=\"twitter:label1\" content=\"Estimated reading time\" \/>\n\t<meta name=\"twitter:data1\" content=\"1 minute\" \/>\n<script type=\"application\/ld+json\" class=\"yoast-schema-graph\">{\"@context\":\"https:\\\/\\\/schema.org\",\"@graph\":[{\"@type\":\"WebPage\",\"@id\":\"https:\\\/\\\/skaitytaknyga.lt\\\/produktas\\\/mhairi-mcfarlane-kai-vel-tave-sutiksiu-paglelte-lapai\\\/\",\"url\":\"https:\\\/\\\/skaitytaknyga.lt\\\/produktas\\\/mhairi-mcfarlane-kai-vel-tave-sutiksiu-paglelte-lapai\\\/\",\"name\":\"Mhairi McFarlane \u201eKai v\u0117l tave sutiksiu\u201c (paglelt\u0119 lapai) - Skaitytaknyga\",\"isPartOf\":{\"@id\":\"https:\\\/\\\/skaitytaknyga.lt\\\/#website\"},\"primaryImageOfPage\":{\"@id\":\"https:\\\/\\\/skaitytaknyga.lt\\\/produktas\\\/mhairi-mcfarlane-kai-vel-tave-sutiksiu-paglelte-lapai\\\/#primaryimage\"},\"image\":{\"@id\":\"https:\\\/\\\/skaitytaknyga.lt\\\/produktas\\\/mhairi-mcfarlane-kai-vel-tave-sutiksiu-paglelte-lapai\\\/#primaryimage\"},\"thumbnailUrl\":\"https:\\\/\\\/skaitytaknyga.lt\\\/wp-content\\\/uploads\\\/2024\\\/05\\\/1462885339_dsc3609-e1648227793324.jpg\",\"datePublished\":\"2024-05-04T18:13:16+00:00\",\"dateModified\":\"2024-05-04T18:14:40+00:00\",\"description\":\"\u201eKai v\u0117l tave sutiksiu\u201c \u2013 nuo\u0161irdi, jaudinanti, kupina humoro istorija \u012ftrauks \u012f \u012fvyki\u0173 s\u016bkur\u012f nuo pirm\u0173 eilu\u010di\u0173. Tai \u0161maik\u0161ti populiaraus romano \u201eI\u0161 pirmo \u017evilgsnio\u201c autor\u0117s knyga. Ana Alesi, gra\u017euol\u0117 istorik\u0117, tikra a\u0161trialie\u017euv\u0117, ie\u0161ko malonaus vyri\u0161kio, su kuriuo gal\u0117t\u0173 pasikalb\u0117ti intelektualiomis temomis ir patirti meil\u0117s roman\u0173 vert\u0173 akimirk\u0173. Nepaisydama vis\u0173 t\u0173 mulki\u0173, su kuriais po pa\u017ein\u010di\u0173 internete jai vis tenka eiti \u012f pasimatymus, Ana vis tiek jau\u010diasi labai laiminga \u2013 ji jauna, puikiai atrodo ir dirba m\u0117gstam\u0105 darb\u0105. Taigi gyvenimas susiklost\u0117 geriau, nei b\u016bt\u0173 gal\u0117jusi pasvajoti. Tik viena smulkmena... Ana mielai atsikratyt\u0173 prisiminim\u0173 apie mokykloje patirtas paty\u010dias. Taigi, kai D\u017eeimsas Freizeris, Anos baisiausio mokykloje patirto ko\u0161maro kaltininkas, v\u0117l gr\u012f\u017eta \u012f jos gyvenim\u0105, merginos pasaulis apsiver\u010dia auk\u0161tyn kojomis. Atrodo, kad D\u017eeimsas dabar jau visai kitas \u017emogus. Mandagus. Subrend\u0119s. Netgi linksmas. Juk \u017emon\u0117s kei\u010diasi? Bet kod\u0117l tuomet Ana niekaip negali atsikratyti jausmo, kad \u0161ituo vyruku negalima pasitik\u0117ti?\",\"breadcrumb\":{\"@id\":\"https:\\\/\\\/skaitytaknyga.lt\\\/produktas\\\/mhairi-mcfarlane-kai-vel-tave-sutiksiu-paglelte-lapai\\\/#breadcrumb\"},\"inLanguage\":\"en-GB\",\"potentialAction\":[{\"@type\":\"ReadAction\",\"target\":[\"https:\\\/\\\/skaitytaknyga.lt\\\/produktas\\\/mhairi-mcfarlane-kai-vel-tave-sutiksiu-paglelte-lapai\\\/\"]}]},{\"@type\":\"ImageObject\",\"inLanguage\":\"en-GB\",\"@id\":\"https:\\\/\\\/skaitytaknyga.lt\\\/produktas\\\/mhairi-mcfarlane-kai-vel-tave-sutiksiu-paglelte-lapai\\\/#primaryimage\",\"url\":\"https:\\\/\\\/skaitytaknyga.lt\\\/wp-content\\\/uploads\\\/2024\\\/05\\\/1462885339_dsc3609-e1648227793324.jpg\",\"contentUrl\":\"https:\\\/\\\/skaitytaknyga.lt\\\/wp-content\\\/uploads\\\/2024\\\/05\\\/1462885339_dsc3609-e1648227793324.jpg\",\"width\":366,\"height\":554},{\"@type\":\"BreadcrumbList\",\"@id\":\"https:\\\/\\\/skaitytaknyga.lt\\\/produktas\\\/mhairi-mcfarlane-kai-vel-tave-sutiksiu-paglelte-lapai\\\/#breadcrumb\",\"itemListElement\":[{\"@type\":\"ListItem\",\"position\":1,\"name\":\"Home\",\"item\":\"https:\\\/\\\/skaitytaknyga.lt\\\/\"},{\"@type\":\"ListItem\",\"position\":2,\"name\":\"Parduotuv\u0117\",\"item\":\"https:\\\/\\\/skaitytaknyga.lt\\\/knygu-parduotuve\\\/\"},{\"@type\":\"ListItem\",\"position\":3,\"name\":\"Mhairi McFarlane \u201eKai v\u0117l tave sutiksiu\u201c (paglelt\u0119 lapai)\"}]},{\"@type\":\"WebSite\",\"@id\":\"https:\\\/\\\/skaitytaknyga.lt\\\/#website\",\"url\":\"https:\\\/\\\/skaitytaknyga.lt\\\/\",\"name\":\"skaitytaknyga.lt\",\"description\":\"Skaitytaknyga.lt \u2013 tai ma\u017eas \u0161eimos verslas, kuris prasid\u0117jo nuo meil\u0117s knygoms ir siekio i\u0161gelb\u0117ti knygas nuo likimo prie konteinerio. Kas vienam nereikalingas daiktas \u2013 kitam lobis, o mes esame tarpininkai, kurie padeda abiems tapti laimingesniems ???? \u017dinome kaip nelengva i\u0161gyventi ma\u017eiems verslams, tad nuo \u0161iol, \u010dia rasite ir kit\u0173, ma\u017e\u0173 \u0161eim\u0173 versl\u0173, rank\u0173 darbo, dovan\u0173 sau ir artimiesiems.\",\"publisher\":{\"@id\":\"https:\\\/\\\/skaitytaknyga.lt\\\/#organization\"},\"potentialAction\":[{\"@type\":\"SearchAction\",\"target\":{\"@type\":\"EntryPoint\",\"urlTemplate\":\"https:\\\/\\\/skaitytaknyga.lt\\\/?s={search_term_string}\"},\"query-input\":{\"@type\":\"PropertyValueSpecification\",\"valueRequired\":true,\"valueName\":\"search_term_string\"}}],\"inLanguage\":\"en-GB\"},{\"@type\":\"Organization\",\"@id\":\"https:\\\/\\\/skaitytaknyga.lt\\\/#organization\",\"name\":\"skaitytaknyga.lt\",\"url\":\"https:\\\/\\\/skaitytaknyga.lt\\\/\",\"logo\":{\"@type\":\"ImageObject\",\"inLanguage\":\"en-GB\",\"@id\":\"https:\\\/\\\/skaitytaknyga.lt\\\/#\\\/schema\\\/logo\\\/image\\\/\",\"url\":\"https:\\\/\\\/skaitytaknyga.lt\\\/wp-content\\\/uploads\\\/2024\\\/05\\\/cropped-cropped-cropped-02_00843_jt3bggkj1j3HLc7SyY6rEUpg.jpeg\",\"contentUrl\":\"https:\\\/\\\/skaitytaknyga.lt\\\/wp-content\\\/uploads\\\/2024\\\/05\\\/cropped-cropped-cropped-02_00843_jt3bggkj1j3HLc7SyY6rEUpg.jpeg\",\"width\":1600,\"height\":1600,\"caption\":\"skaitytaknyga.lt\"},\"image\":{\"@id\":\"https:\\\/\\\/skaitytaknyga.lt\\\/#\\\/schema\\\/logo\\\/image\\\/\"},\"sameAs\":[\"https:\\\/\\\/www.facebook.com\\\/skaitytaknyga\\\/\"]}]}<\/script>\n<!-- \/ Yoast SEO plugin. -->","yoast_head_json":{"title":"Mhairi McFarlane \u201eKai v\u0117l tave sutiksiu\u201c (paglelt\u0119 lapai) - Skaitytaknyga","description":"\u201eKai v\u0117l tave sutiksiu\u201c \u2013 nuo\u0161irdi, jaudinanti, kupina humoro istorija \u012ftrauks \u012f \u012fvyki\u0173 s\u016bkur\u012f nuo pirm\u0173 eilu\u010di\u0173. Tai \u0161maik\u0161ti populiaraus romano \u201eI\u0161 pirmo \u017evilgsnio\u201c autor\u0117s knyga.  Ana Alesi, gra\u017euol\u0117 istorik\u0117, tikra a\u0161trialie\u017euv\u0117, ie\u0161ko malonaus vyri\u0161kio, su kuriuo gal\u0117t\u0173 pasikalb\u0117ti intelektualiomis temomis ir patirti meil\u0117s roman\u0173 vert\u0173 akimirk\u0173.  Nepaisydama vis\u0173 t\u0173 mulki\u0173, su kuriais po pa\u017ein\u010di\u0173 internete jai vis tenka eiti \u012f pasimatymus, Ana vis tiek jau\u010diasi labai laiminga \u2013 ji jauna, puikiai atrodo ir dirba m\u0117gstam\u0105 darb\u0105. Taigi gyvenimas susiklost\u0117 geriau, nei b\u016bt\u0173 gal\u0117jusi pasvajoti. Tik viena smulkmena... Ana mielai atsikratyt\u0173 prisiminim\u0173 apie mokykloje patirtas paty\u010dias.  Taigi, kai D\u017eeimsas Freizeris, Anos baisiausio mokykloje patirto ko\u0161maro kaltininkas, v\u0117l gr\u012f\u017eta \u012f jos gyvenim\u0105, merginos pasaulis apsiver\u010dia auk\u0161tyn kojomis. Atrodo, kad D\u017eeimsas dabar jau visai kitas \u017emogus. Mandagus. Subrend\u0119s. Netgi linksmas. Juk \u017emon\u0117s kei\u010diasi? Bet kod\u0117l tuomet Ana niekaip negali atsikratyti jausmo, kad \u0161ituo vyruku negalima pasitik\u0117ti?","robots":{"index":"index","follow":"follow","max-snippet":"max-snippet:-1","max-image-preview":"max-image-preview:large","max-video-preview":"max-video-preview:-1"},"canonical":"https:\/\/skaitytaknyga.lt\/en\/produktas\/mhairi-mcfarlane-kai-vel-tave-sutiksiu-paglelte-lapai\/","og_locale":"en_GB","og_type":"article","og_title":"Mhairi McFarlane \u201eKai v\u0117l tave sutiksiu\u201c (paglelt\u0119 lapai) - Skaitytaknyga","og_description":"\u201eKai v\u0117l tave sutiksiu\u201c \u2013 nuo\u0161irdi, jaudinanti, kupina humoro istorija \u012ftrauks \u012f \u012fvyki\u0173 s\u016bkur\u012f nuo pirm\u0173 eilu\u010di\u0173. Tai \u0161maik\u0161ti populiaraus romano \u201eI\u0161 pirmo \u017evilgsnio\u201c autor\u0117s knyga.  Ana Alesi, gra\u017euol\u0117 istorik\u0117, tikra a\u0161trialie\u017euv\u0117, ie\u0161ko malonaus vyri\u0161kio, su kuriuo gal\u0117t\u0173 pasikalb\u0117ti intelektualiomis temomis ir patirti meil\u0117s roman\u0173 vert\u0173 akimirk\u0173.  Nepaisydama vis\u0173 t\u0173 mulki\u0173, su kuriais po pa\u017ein\u010di\u0173 internete jai vis tenka eiti \u012f pasimatymus, Ana vis tiek jau\u010diasi labai laiminga \u2013 ji jauna, puikiai atrodo ir dirba m\u0117gstam\u0105 darb\u0105. Taigi gyvenimas susiklost\u0117 geriau, nei b\u016bt\u0173 gal\u0117jusi pasvajoti. Tik viena smulkmena... Ana mielai atsikratyt\u0173 prisiminim\u0173 apie mokykloje patirtas paty\u010dias.  Taigi, kai D\u017eeimsas Freizeris, Anos baisiausio mokykloje patirto ko\u0161maro kaltininkas, v\u0117l gr\u012f\u017eta \u012f jos gyvenim\u0105, merginos pasaulis apsiver\u010dia auk\u0161tyn kojomis. Atrodo, kad D\u017eeimsas dabar jau visai kitas \u017emogus. Mandagus. Subrend\u0119s. Netgi linksmas. Juk \u017emon\u0117s kei\u010diasi? Bet kod\u0117l tuomet Ana niekaip negali atsikratyti jausmo, kad \u0161ituo vyruku negalima pasitik\u0117ti?","og_url":"https:\/\/skaitytaknyga.lt\/en\/produktas\/mhairi-mcfarlane-kai-vel-tave-sutiksiu-paglelte-lapai\/","og_site_name":"Skaitytaknyga","article_publisher":"https:\/\/www.facebook.com\/skaitytaknyga\/","article_modified_time":"2024-05-04T18:14:40+00:00","og_image":[{"width":366,"height":554,"url":"https:\/\/skaitytaknyga.lt\/wp-content\/uploads\/2024\/05\/1462885339_dsc3609-e1648227793324.jpg","type":"image\/jpeg"}],"twitter_card":"summary_large_image","twitter_misc":{"Estimated reading time":"1 minute"},"schema":{"@context":"https:\/\/schema.org","@graph":[{"@type":"WebPage","@id":"https:\/\/skaitytaknyga.lt\/produktas\/mhairi-mcfarlane-kai-vel-tave-sutiksiu-paglelte-lapai\/","url":"https:\/\/skaitytaknyga.lt\/produktas\/mhairi-mcfarlane-kai-vel-tave-sutiksiu-paglelte-lapai\/","name":"Mhairi McFarlane \u201eKai v\u0117l tave sutiksiu\u201c (paglelt\u0119 lapai) - Skaitytaknyga","isPartOf":{"@id":"https:\/\/skaitytaknyga.lt\/#website"},"primaryImageOfPage":{"@id":"https:\/\/skaitytaknyga.lt\/produktas\/mhairi-mcfarlane-kai-vel-tave-sutiksiu-paglelte-lapai\/#primaryimage"},"image":{"@id":"https:\/\/skaitytaknyga.lt\/produktas\/mhairi-mcfarlane-kai-vel-tave-sutiksiu-paglelte-lapai\/#primaryimage"},"thumbnailUrl":"https:\/\/skaitytaknyga.lt\/wp-content\/uploads\/2024\/05\/1462885339_dsc3609-e1648227793324.jpg","datePublished":"2024-05-04T18:13:16+00:00","dateModified":"2024-05-04T18:14:40+00:00","description":"\u201eKai v\u0117l tave sutiksiu\u201c \u2013 nuo\u0161irdi, jaudinanti, kupina humoro istorija \u012ftrauks \u012f \u012fvyki\u0173 s\u016bkur\u012f nuo pirm\u0173 eilu\u010di\u0173. Tai \u0161maik\u0161ti populiaraus romano \u201eI\u0161 pirmo \u017evilgsnio\u201c autor\u0117s knyga. Ana Alesi, gra\u017euol\u0117 istorik\u0117, tikra a\u0161trialie\u017euv\u0117, ie\u0161ko malonaus vyri\u0161kio, su kuriuo gal\u0117t\u0173 pasikalb\u0117ti intelektualiomis temomis ir patirti meil\u0117s roman\u0173 vert\u0173 akimirk\u0173. Nepaisydama vis\u0173 t\u0173 mulki\u0173, su kuriais po pa\u017ein\u010di\u0173 internete jai vis tenka eiti \u012f pasimatymus, Ana vis tiek jau\u010diasi labai laiminga \u2013 ji jauna, puikiai atrodo ir dirba m\u0117gstam\u0105 darb\u0105. Taigi gyvenimas susiklost\u0117 geriau, nei b\u016bt\u0173 gal\u0117jusi pasvajoti. Tik viena smulkmena... Ana mielai atsikratyt\u0173 prisiminim\u0173 apie mokykloje patirtas paty\u010dias. Taigi, kai D\u017eeimsas Freizeris, Anos baisiausio mokykloje patirto ko\u0161maro kaltininkas, v\u0117l gr\u012f\u017eta \u012f jos gyvenim\u0105, merginos pasaulis apsiver\u010dia auk\u0161tyn kojomis. Atrodo, kad D\u017eeimsas dabar jau visai kitas \u017emogus. Mandagus. Subrend\u0119s. Netgi linksmas. Juk \u017emon\u0117s kei\u010diasi? Bet kod\u0117l tuomet Ana niekaip negali atsikratyti jausmo, kad \u0161ituo vyruku negalima pasitik\u0117ti?","breadcrumb":{"@id":"https:\/\/skaitytaknyga.lt\/produktas\/mhairi-mcfarlane-kai-vel-tave-sutiksiu-paglelte-lapai\/#breadcrumb"},"inLanguage":"en-GB","potentialAction":[{"@type":"ReadAction","target":["https:\/\/skaitytaknyga.lt\/produktas\/mhairi-mcfarlane-kai-vel-tave-sutiksiu-paglelte-lapai\/"]}]},{"@type":"ImageObject","inLanguage":"en-GB","@id":"https:\/\/skaitytaknyga.lt\/produktas\/mhairi-mcfarlane-kai-vel-tave-sutiksiu-paglelte-lapai\/#primaryimage","url":"https:\/\/skaitytaknyga.lt\/wp-content\/uploads\/2024\/05\/1462885339_dsc3609-e1648227793324.jpg","contentUrl":"https:\/\/skaitytaknyga.lt\/wp-content\/uploads\/2024\/05\/1462885339_dsc3609-e1648227793324.jpg","width":366,"height":554},{"@type":"BreadcrumbList","@id":"https:\/\/skaitytaknyga.lt\/produktas\/mhairi-mcfarlane-kai-vel-tave-sutiksiu-paglelte-lapai\/#breadcrumb","itemListElement":[{"@type":"ListItem","position":1,"name":"Home","item":"https:\/\/skaitytaknyga.lt\/"},{"@type":"ListItem","position":2,"name":"Parduotuv\u0117","item":"https:\/\/skaitytaknyga.lt\/knygu-parduotuve\/"},{"@type":"ListItem","position":3,"name":"Mhairi McFarlane \u201eKai v\u0117l tave sutiksiu\u201c (paglelt\u0119 lapai)"}]},{"@type":"WebSite","@id":"https:\/\/skaitytaknyga.lt\/#website","url":"https:\/\/skaitytaknyga.lt\/","name":"skaitytaknyga.lt","description":"Skaitytaknyga.lt \u2013 tai ma\u017eas \u0161eimos verslas, kuris prasid\u0117jo nuo meil\u0117s knygoms ir siekio i\u0161gelb\u0117ti knygas nuo likimo prie konteinerio. Kas vienam nereikalingas daiktas \u2013 kitam lobis, o mes esame tarpininkai, kurie padeda abiems tapti laimingesniems ???? \u017dinome kaip nelengva i\u0161gyventi ma\u017eiems verslams, tad nuo \u0161iol, \u010dia rasite ir kit\u0173, ma\u017e\u0173 \u0161eim\u0173 versl\u0173, rank\u0173 darbo, dovan\u0173 sau ir artimiesiems.","publisher":{"@id":"https:\/\/skaitytaknyga.lt\/#organization"},"potentialAction":[{"@type":"SearchAction","target":{"@type":"EntryPoint","urlTemplate":"https:\/\/skaitytaknyga.lt\/?s={search_term_string}"},"query-input":{"@type":"PropertyValueSpecification","valueRequired":true,"valueName":"search_term_string"}}],"inLanguage":"en-GB"},{"@type":"Organization","@id":"https:\/\/skaitytaknyga.lt\/#organization","name":"skaitytaknyga.lt","url":"https:\/\/skaitytaknyga.lt\/","logo":{"@type":"ImageObject","inLanguage":"en-GB","@id":"https:\/\/skaitytaknyga.lt\/#\/schema\/logo\/image\/","url":"https:\/\/skaitytaknyga.lt\/wp-content\/uploads\/2024\/05\/cropped-cropped-cropped-02_00843_jt3bggkj1j3HLc7SyY6rEUpg.jpeg","contentUrl":"https:\/\/skaitytaknyga.lt\/wp-content\/uploads\/2024\/05\/cropped-cropped-cropped-02_00843_jt3bggkj1j3HLc7SyY6rEUpg.jpeg","width":1600,"height":1600,"caption":"skaitytaknyga.lt"},"image":{"@id":"https:\/\/skaitytaknyga.lt\/#\/schema\/logo\/image\/"},"sameAs":["https:\/\/www.facebook.com\/skaitytaknyga\/"]}]}},"_links":{"self":[{"href":"https:\/\/skaitytaknyga.lt\/en\/wp-json\/wp\/v2\/product\/10340","targetHints":{"allow":["GET"]}}],"collection":[{"href":"https:\/\/skaitytaknyga.lt\/en\/wp-json\/wp\/v2\/product"}],"about":[{"href":"https:\/\/skaitytaknyga.lt\/en\/wp-json\/wp\/v2\/types\/product"}],"replies":[{"embeddable":true,"href":"https:\/\/skaitytaknyga.lt\/en\/wp-json\/wp\/v2\/comments?post=10340"}],"wp:featuredmedia":[{"embeddable":true,"href":"https:\/\/skaitytaknyga.lt\/en\/wp-json\/wp\/v2\/media\/10384"}],"wp:attachment":[{"href":"https:\/\/skaitytaknyga.lt\/en\/wp-json\/wp\/v2\/media?parent=10340"}],"wp:term":[{"taxonomy":"product_brand","embeddable":true,"href":"https:\/\/skaitytaknyga.lt\/en\/wp-json\/wp\/v2\/product_brand?post=10340"},{"taxonomy":"product_cat","embeddable":true,"href":"https:\/\/skaitytaknyga.lt\/en\/wp-json\/wp\/v2\/product_cat?post=10340"},{"taxonomy":"product_tag","embeddable":true,"href":"https:\/\/skaitytaknyga.lt\/en\/wp-json\/wp\/v2\/product_tag?post=10340"}],"curies":[{"name":"wp","href":"https:\/\/api.w.org\/{rel}","templated":true}]}}