{"id":10327,"date":"2024-05-04T18:12:53","date_gmt":"2024-05-04T18:12:53","guid":{"rendered":"https:\/\/skaitytaknyga.lt\/?post_type=product&#038;p=10327"},"modified":"2026-03-05T12:19:37","modified_gmt":"2026-03-05T10:19:37","slug":"susannah-cahalan-liepsnojancios-smegenys-mano-beprotybes-menuo","status":"publish","type":"product","link":"https:\/\/skaitytaknyga.lt\/en\/produktas\/susannah-cahalan-liepsnojancios-smegenys-mano-beprotybes-menuo\/","title":{"rendered":"Susannah Cahalan \u201eLiepsnojan\u010dios smegenys. Mano beprotyb\u0117s m\u0117nuo\u201c"},"content":{"rendered":"<p>24-eri\u0173 Susannah Cahalan atsibudo ligonin\u0117s palatoje viena, priri\u0161ta prie lovos. Negal\u0117jo nei jud\u0117ti, nei kalb\u0117ti. Neprisimin\u0117, kaip ten atsid\u016br\u0117. Dar visai neseniai ji buvo perspektyvi, sveika ir laiminga moteris, dirbanti dideliame Niujorko laikra\u0161tyje, k\u0105 tik u\u017emezgusi pirmus rimtus santykius&#8230; Ir akimirksniu tapo nestabilia, agresyvia psichine ligone. Kas nutiko?<\/p>\n<p>Tai jaudinantis medicininis detektyvas, \u0161iurpi, bet visi\u0161kai reali istorija apie jaunos moters pastangas atsikovoti tapatyb\u0119. Knyga apie kryt\u012f \u012f beprotyb\u0119, \u012fkvepiant\u012f \u0161eimos tik\u0117jim\u0105 ir apie diagnoz\u0119, kuria sunku patik\u0117ti.<\/p>\n<p><strong>Susannah Cahalan<\/strong>\u00a0\u2013 \u201eNew York Post&#8221; \u017eurnalist\u0117 jau de\u0161imt met\u0173. U\u017e straipsn\u012f \u201eMano paslaptingas prarastas beprotyb\u0117s m\u0117nuo&#8221;, kuriuo pagr\u012fsta \u0161i knyga, gavo Sil\u016bro apdovanojim\u0105. Pagal knyg\u0105 yra sukurtas filmas (\u201eBrain on Fire&#8221;, 2016).<\/p>\n","protected":false},"excerpt":{"rendered":"<p>24-eri\u0173 Susannah Cahalan atsibudo ligonin\u0117s palatoje viena, priri\u0161ta prie lovos. Negal\u0117jo nei jud\u0117ti, nei kalb\u0117ti. Neprisimin\u0117, kaip ten atsid\u016br\u0117. Dar visai neseniai ji buvo perspektyvi, sveika ir laiminga moteris, dirbanti dideliame Niujorko laikra\u0161tyje, k\u0105 tik u\u017emezgusi pirmus rimtus santykius&#8230; Ir akimirksniu tapo nestabilia, agresyvia psichine ligone. Kas nutiko?<\/p>\n<p>Tai jaudinantis medicininis detektyvas, \u0161iurpi, bet visi\u0161kai reali istorija apie jaunos moters pastangas atsikovoti tapatyb\u0119. Knyga apie kryt\u012f \u012f beprotyb\u0119, \u012fkvepiant\u012f \u0161eimos tik\u0117jim\u0105 ir apie diagnoz\u0119, kuria sunku patik\u0117ti.<\/p>\n<p><strong>Susannah Cahalan<\/strong>\u00a0\u2013 \u201eNew York Post&#8221; \u017eurnalist\u0117 jau de\u0161imt met\u0173. U\u017e straipsn\u012f \u201eMano paslaptingas prarastas beprotyb\u0117s m\u0117nuo&#8221;, kuriuo pagr\u012fsta \u0161i knyga, gavo Sil\u016bro apdovanojim\u0105. Pagal knyg\u0105 yra sukurtas filmas (\u201eBrain on Fire&#8221;, 2016).<\/p>\n","protected":false},"featured_media":10372,"comment_status":"closed","ping_status":"closed","template":"","meta":{"_acf_changed":false,"site-sidebar-layout":"default","site-content-layout":"","ast-site-content-layout":"default","site-content-style":"default","site-sidebar-style":"default","ast-global-header-display":"","ast-banner-title-visibility":"","ast-main-header-display":"","ast-hfb-above-header-display":"","ast-hfb-below-header-display":"","ast-hfb-mobile-header-display":"","site-post-title":"","ast-breadcrumbs-content":"","ast-featured-img":"","footer-sml-layout":"","ast-disable-related-posts":"","theme-transparent-header-meta":"","adv-header-id-meta":"","stick-header-meta":"","header-above-stick-meta":"","header-main-stick-meta":"","header-below-stick-meta":"","astra-migrate-meta-layouts":"default","ast-page-background-enabled":"default","ast-page-background-meta":{"desktop":{"background-color":"","background-image":"","background-repeat":"repeat","background-position":"center center","background-size":"auto","background-attachment":"scroll","background-type":"","background-media":"","overlay-type":"","overlay-color":"","overlay-opacity":"","overlay-gradient":""},"tablet":{"background-color":"","background-image":"","background-repeat":"repeat","background-position":"center center","background-size":"auto","background-attachment":"scroll","background-type":"","background-media":"","overlay-type":"","overlay-color":"","overlay-opacity":"","overlay-gradient":""},"mobile":{"background-color":"","background-image":"","background-repeat":"repeat","background-position":"center center","background-size":"auto","background-attachment":"scroll","background-type":"","background-media":"","overlay-type":"","overlay-color":"","overlay-opacity":"","overlay-gradient":""}},"ast-content-background-meta":{"desktop":{"background-color":"var(--ast-global-color-4)","background-image":"","background-repeat":"repeat","background-position":"center center","background-size":"auto","background-attachment":"scroll","background-type":"","background-media":"","overlay-type":"","overlay-color":"","overlay-opacity":"","overlay-gradient":""},"tablet":{"background-color":"var(--ast-global-color-4)","background-image":"","background-repeat":"repeat","background-position":"center center","background-size":"auto","background-attachment":"scroll","background-type":"","background-media":"","overlay-type":"","overlay-color":"","overlay-opacity":"","overlay-gradient":""},"mobile":{"background-color":"var(--ast-global-color-4)","background-image":"","background-repeat":"repeat","background-position":"center center","background-size":"auto","background-attachment":"scroll","background-type":"","background-media":"","overlay-type":"","overlay-color":"","overlay-opacity":"","overlay-gradient":""}}},"product_brand":[],"product_cat":[9580],"product_tag":[],"class_list":{"0":"post-10327","1":"product","2":"type-product","3":"status-publish","4":"has-post-thumbnail","6":"product_cat-psichologiniai-detektyvai","7":"pa_leidimo-metai-647","8":"pa_virselis-kietas","9":"desktop-align-left","10":"tablet-align-left","11":"mobile-align-left","13":"first","14":"outofstock","15":"shipping-taxable","16":"purchasable","17":"product-type-simple"},"acf":[],"yoast_head":"<!-- This site is optimized with the Yoast SEO plugin v27.0 - https:\/\/yoast.com\/product\/yoast-seo-wordpress\/ -->\n<title>Susannah Cahalan \u201eLiepsnojan\u010dios smegenys. Mano beprotyb\u0117s m\u0117nuo\u201c<\/title>\n<meta name=\"description\" content=\"24-eri\u0173 Susannah Cahalan atsibudo ligonin\u0117s palatoje viena, priri\u0161ta prie lovos. Negal\u0117jo nei jud\u0117ti, nei kalb\u0117ti. Neprisimin\u0117, kaip ten atsid\u016br\u0117. Dar visai neseniai ji buvo perspektyvi, sveika ir laiminga moteris, dirbanti dideliame Niujorko laikra\u0161tyje, k\u0105 tik u\u017emezgusi pirmus rimtus santykius... Ir akimirksniu tapo nestabilia, agresyvia psichine ligone. Kas nutiko?  Tai jaudinantis medicininis detektyvas, \u0161iurpi, bet visi\u0161kai reali istorija apie jaunos moters pastangas atsikovoti tapatyb\u0119. Knyga apie kryt\u012f \u012f beprotyb\u0119, \u012fkvepiant\u012f \u0161eimos tik\u0117jim\u0105 ir apie diagnoz\u0119, kuria sunku patik\u0117ti.  Susannah Cahalan\u00a0\u2013 \u201eNew York Post&quot; \u017eurnalist\u0117 jau de\u0161imt met\u0173. U\u017e straipsn\u012f \u201eMano paslaptingas prarastas beprotyb\u0117s m\u0117nuo&quot;, kuriuo pagr\u012fsta \u0161i knyga, gavo Sil\u016bro apdovanojim\u0105. Pagal knyg\u0105 yra sukurtas filmas (\u201eBrain on Fire&quot;, 2016).\" \/>\n<meta name=\"robots\" content=\"index, follow, max-snippet:-1, max-image-preview:large, max-video-preview:-1\" \/>\n<link rel=\"canonical\" href=\"https:\/\/skaitytaknyga.lt\/en\/produktas\/susannah-cahalan-liepsnojancios-smegenys-mano-beprotybes-menuo\/\" \/>\n<meta property=\"og:locale\" content=\"en_GB\" \/>\n<meta property=\"og:locale:alternate\" content=\"lt_LT\" \/>\n<meta property=\"og:type\" content=\"article\" \/>\n<meta property=\"og:title\" content=\"Susannah Cahalan \u201eLiepsnojan\u010dios smegenys. Mano beprotyb\u0117s m\u0117nuo\u201c\" \/>\n<meta property=\"og:description\" content=\"24-eri\u0173 Susannah Cahalan atsibudo ligonin\u0117s palatoje viena, priri\u0161ta prie lovos. Negal\u0117jo nei jud\u0117ti, nei kalb\u0117ti. Neprisimin\u0117, kaip ten atsid\u016br\u0117. Dar visai neseniai ji buvo perspektyvi, sveika ir laiminga moteris, dirbanti dideliame Niujorko laikra\u0161tyje, k\u0105 tik u\u017emezgusi pirmus rimtus santykius... Ir akimirksniu tapo nestabilia, agresyvia psichine ligone. Kas nutiko?  Tai jaudinantis medicininis detektyvas, \u0161iurpi, bet visi\u0161kai reali istorija apie jaunos moters pastangas atsikovoti tapatyb\u0119. Knyga apie kryt\u012f \u012f beprotyb\u0119, \u012fkvepiant\u012f \u0161eimos tik\u0117jim\u0105 ir apie diagnoz\u0119, kuria sunku patik\u0117ti.  Susannah Cahalan\u00a0\u2013 \u201eNew York Post&quot; \u017eurnalist\u0117 jau de\u0161imt met\u0173. U\u017e straipsn\u012f \u201eMano paslaptingas prarastas beprotyb\u0117s m\u0117nuo&quot;, kuriuo pagr\u012fsta \u0161i knyga, gavo Sil\u016bro apdovanojim\u0105. Pagal knyg\u0105 yra sukurtas filmas (\u201eBrain on Fire&quot;, 2016).\" \/>\n<meta property=\"og:url\" content=\"https:\/\/skaitytaknyga.lt\/en\/produktas\/susannah-cahalan-liepsnojancios-smegenys-mano-beprotybes-menuo\/\" \/>\n<meta property=\"og:site_name\" content=\"Skaitytaknyga\" \/>\n<meta property=\"article:publisher\" content=\"https:\/\/www.facebook.com\/skaitytaknyga\/\" \/>\n<meta property=\"article:modified_time\" content=\"2026-03-05T10:19:37+00:00\" \/>\n<meta property=\"og:image\" content=\"https:\/\/skaitytaknyga.lt\/wp-content\/uploads\/2024\/05\/1512550121_Susannah_Cahalan_-_Liepsnojancios_smegenys_-_virselis_internetui.jpg\" \/>\n\t<meta property=\"og:image:width\" content=\"552\" \/>\n\t<meta property=\"og:image:height\" content=\"799\" \/>\n\t<meta property=\"og:image:type\" content=\"image\/jpeg\" \/>\n<meta name=\"twitter:card\" content=\"summary_large_image\" \/>\n<meta name=\"twitter:label1\" content=\"Estimated reading time\" \/>\n\t<meta name=\"twitter:data1\" content=\"1 minute\" \/>\n<script type=\"application\/ld+json\" class=\"yoast-schema-graph\">{\"@context\":\"https:\/\/schema.org\",\"@graph\":[{\"@type\":\"WebPage\",\"@id\":\"https:\/\/skaitytaknyga.lt\/produktas\/susannah-cahalan-liepsnojancios-smegenys-mano-beprotybes-menuo\/\",\"url\":\"https:\/\/skaitytaknyga.lt\/produktas\/susannah-cahalan-liepsnojancios-smegenys-mano-beprotybes-menuo\/\",\"name\":\"Susannah Cahalan \u201eLiepsnojan\u010dios smegenys. Mano beprotyb\u0117s m\u0117nuo\u201c\",\"isPartOf\":{\"@id\":\"https:\/\/skaitytaknyga.lt\/#website\"},\"primaryImageOfPage\":{\"@id\":\"https:\/\/skaitytaknyga.lt\/produktas\/susannah-cahalan-liepsnojancios-smegenys-mano-beprotybes-menuo\/#primaryimage\"},\"image\":{\"@id\":\"https:\/\/skaitytaknyga.lt\/produktas\/susannah-cahalan-liepsnojancios-smegenys-mano-beprotybes-menuo\/#primaryimage\"},\"thumbnailUrl\":\"https:\/\/skaitytaknyga.lt\/wp-content\/uploads\/2024\/05\/1512550121_Susannah_Cahalan_-_Liepsnojancios_smegenys_-_virselis_internetui.jpg\",\"datePublished\":\"2024-05-04T18:12:53+00:00\",\"dateModified\":\"2026-03-05T10:19:37+00:00\",\"description\":\"24-eri\u0173 Susannah Cahalan atsibudo ligonin\u0117s palatoje viena, priri\u0161ta prie lovos. Negal\u0117jo nei jud\u0117ti, nei kalb\u0117ti. Neprisimin\u0117, kaip ten atsid\u016br\u0117. Dar visai neseniai ji buvo perspektyvi, sveika ir laiminga moteris, dirbanti dideliame Niujorko laikra\u0161tyje, k\u0105 tik u\u017emezgusi pirmus rimtus santykius... Ir akimirksniu tapo nestabilia, agresyvia psichine ligone. Kas nutiko? Tai jaudinantis medicininis detektyvas, \u0161iurpi, bet visi\u0161kai reali istorija apie jaunos moters pastangas atsikovoti tapatyb\u0119. Knyga apie kryt\u012f \u012f beprotyb\u0119, \u012fkvepiant\u012f \u0161eimos tik\u0117jim\u0105 ir apie diagnoz\u0119, kuria sunku patik\u0117ti. Susannah Cahalan\u00a0\u2013 \u201eNew York Post\\\" \u017eurnalist\u0117 jau de\u0161imt met\u0173. U\u017e straipsn\u012f \u201eMano paslaptingas prarastas beprotyb\u0117s m\u0117nuo\\\", kuriuo pagr\u012fsta \u0161i knyga, gavo Sil\u016bro apdovanojim\u0105. Pagal knyg\u0105 yra sukurtas filmas (\u201eBrain on Fire\\\", 2016).\",\"breadcrumb\":{\"@id\":\"https:\/\/skaitytaknyga.lt\/produktas\/susannah-cahalan-liepsnojancios-smegenys-mano-beprotybes-menuo\/#breadcrumb\"},\"inLanguage\":\"en-GB\",\"potentialAction\":[{\"@type\":\"ReadAction\",\"target\":[\"https:\/\/skaitytaknyga.lt\/produktas\/susannah-cahalan-liepsnojancios-smegenys-mano-beprotybes-menuo\/\"]}]},{\"@type\":\"ImageObject\",\"inLanguage\":\"en-GB\",\"@id\":\"https:\/\/skaitytaknyga.lt\/produktas\/susannah-cahalan-liepsnojancios-smegenys-mano-beprotybes-menuo\/#primaryimage\",\"url\":\"https:\/\/skaitytaknyga.lt\/wp-content\/uploads\/2024\/05\/1512550121_Susannah_Cahalan_-_Liepsnojancios_smegenys_-_virselis_internetui.jpg\",\"contentUrl\":\"https:\/\/skaitytaknyga.lt\/wp-content\/uploads\/2024\/05\/1512550121_Susannah_Cahalan_-_Liepsnojancios_smegenys_-_virselis_internetui.jpg\",\"width\":552,\"height\":799},{\"@type\":\"BreadcrumbList\",\"@id\":\"https:\/\/skaitytaknyga.lt\/produktas\/susannah-cahalan-liepsnojancios-smegenys-mano-beprotybes-menuo\/#breadcrumb\",\"itemListElement\":[{\"@type\":\"ListItem\",\"position\":1,\"name\":\"Home\",\"item\":\"https:\/\/skaitytaknyga.lt\/\"},{\"@type\":\"ListItem\",\"position\":2,\"name\":\"Parduotuv\u0117\",\"item\":\"https:\/\/skaitytaknyga.lt\/knygu-parduotuve\/\"},{\"@type\":\"ListItem\",\"position\":3,\"name\":\"Susannah Cahalan \u201eLiepsnojan\u010dios smegenys. Mano beprotyb\u0117s m\u0117nuo\u201c\"}]},{\"@type\":\"WebSite\",\"@id\":\"https:\/\/skaitytaknyga.lt\/#website\",\"url\":\"https:\/\/skaitytaknyga.lt\/\",\"name\":\"skaitytaknyga.lt\",\"description\":\"Skaitytaknyga.lt \u2013 tai ma\u017eas \u0161eimos verslas, kuris prasid\u0117jo nuo meil\u0117s knygoms ir siekio i\u0161gelb\u0117ti knygas nuo likimo prie konteinerio. Kas vienam nereikalingas daiktas \u2013 kitam lobis, o mes esame tarpininkai, kurie padeda abiems tapti laimingesniems ???? \u017dinome kaip nelengva i\u0161gyventi ma\u017eiems verslams, tad nuo \u0161iol, \u010dia rasite ir kit\u0173, ma\u017e\u0173 \u0161eim\u0173 versl\u0173, rank\u0173 darbo, dovan\u0173 sau ir artimiesiems.\",\"publisher\":{\"@id\":\"https:\/\/skaitytaknyga.lt\/#organization\"},\"potentialAction\":[{\"@type\":\"SearchAction\",\"target\":{\"@type\":\"EntryPoint\",\"urlTemplate\":\"https:\/\/skaitytaknyga.lt\/?s={search_term_string}\"},\"query-input\":{\"@type\":\"PropertyValueSpecification\",\"valueRequired\":true,\"valueName\":\"search_term_string\"}}],\"inLanguage\":\"en-GB\"},{\"@type\":\"Organization\",\"@id\":\"https:\/\/skaitytaknyga.lt\/#organization\",\"name\":\"skaitytaknyga.lt\",\"url\":\"https:\/\/skaitytaknyga.lt\/\",\"logo\":{\"@type\":\"ImageObject\",\"inLanguage\":\"en-GB\",\"@id\":\"https:\/\/skaitytaknyga.lt\/#\/schema\/logo\/image\/\",\"url\":\"https:\/\/skaitytaknyga.lt\/wp-content\/uploads\/2024\/05\/cropped-cropped-cropped-02_00843_jt3bggkj1j3HLc7SyY6rEUpg.jpeg\",\"contentUrl\":\"https:\/\/skaitytaknyga.lt\/wp-content\/uploads\/2024\/05\/cropped-cropped-cropped-02_00843_jt3bggkj1j3HLc7SyY6rEUpg.jpeg\",\"width\":1600,\"height\":1600,\"caption\":\"skaitytaknyga.lt\"},\"image\":{\"@id\":\"https:\/\/skaitytaknyga.lt\/#\/schema\/logo\/image\/\"},\"sameAs\":[\"https:\/\/www.facebook.com\/skaitytaknyga\/\"]}]}<\/script>\n<!-- \/ Yoast SEO plugin. -->","yoast_head_json":{"title":"Susannah Cahalan \u201eLiepsnojan\u010dios smegenys. Mano beprotyb\u0117s m\u0117nuo\u201c","description":"24-eri\u0173 Susannah Cahalan atsibudo ligonin\u0117s palatoje viena, priri\u0161ta prie lovos. Negal\u0117jo nei jud\u0117ti, nei kalb\u0117ti. Neprisimin\u0117, kaip ten atsid\u016br\u0117. Dar visai neseniai ji buvo perspektyvi, sveika ir laiminga moteris, dirbanti dideliame Niujorko laikra\u0161tyje, k\u0105 tik u\u017emezgusi pirmus rimtus santykius... Ir akimirksniu tapo nestabilia, agresyvia psichine ligone. Kas nutiko?  Tai jaudinantis medicininis detektyvas, \u0161iurpi, bet visi\u0161kai reali istorija apie jaunos moters pastangas atsikovoti tapatyb\u0119. Knyga apie kryt\u012f \u012f beprotyb\u0119, \u012fkvepiant\u012f \u0161eimos tik\u0117jim\u0105 ir apie diagnoz\u0119, kuria sunku patik\u0117ti.  Susannah Cahalan\u00a0\u2013 \u201eNew York Post\" \u017eurnalist\u0117 jau de\u0161imt met\u0173. U\u017e straipsn\u012f \u201eMano paslaptingas prarastas beprotyb\u0117s m\u0117nuo\", kuriuo pagr\u012fsta \u0161i knyga, gavo Sil\u016bro apdovanojim\u0105. Pagal knyg\u0105 yra sukurtas filmas (\u201eBrain on Fire\", 2016).","robots":{"index":"index","follow":"follow","max-snippet":"max-snippet:-1","max-image-preview":"max-image-preview:large","max-video-preview":"max-video-preview:-1"},"canonical":"https:\/\/skaitytaknyga.lt\/en\/produktas\/susannah-cahalan-liepsnojancios-smegenys-mano-beprotybes-menuo\/","og_locale":"en_GB","og_type":"article","og_title":"[:lt]Susannah Cahalan \u201eLiepsnojan\u010dios smegenys. Mano beprotyb\u0117s m\u0117nuo\u201c[:] - Skaitytaknyga","og_description":"24-eri\u0173 Susannah Cahalan atsibudo ligonin\u0117s palatoje viena, priri\u0161ta prie lovos. Negal\u0117jo nei jud\u0117ti, nei kalb\u0117ti. Neprisimin\u0117, kaip ten atsid\u016br\u0117. Dar visai neseniai ji buvo perspektyvi, sveika ir laiminga moteris, dirbanti dideliame Niujorko laikra\u0161tyje, k\u0105 tik u\u017emezgusi pirmus rimtus santykius... Ir akimirksniu tapo nestabilia, agresyvia psichine ligone. Kas nutiko?  Tai jaudinantis medicininis detektyvas, \u0161iurpi, bet visi\u0161kai reali istorija apie jaunos moters pastangas atsikovoti tapatyb\u0119. Knyga apie kryt\u012f \u012f beprotyb\u0119, \u012fkvepiant\u012f \u0161eimos tik\u0117jim\u0105 ir apie diagnoz\u0119, kuria sunku patik\u0117ti.  Susannah Cahalan\u00a0\u2013 \u201eNew York Post\" \u017eurnalist\u0117 jau de\u0161imt met\u0173. U\u017e straipsn\u012f \u201eMano paslaptingas prarastas beprotyb\u0117s m\u0117nuo\", kuriuo pagr\u012fsta \u0161i knyga, gavo Sil\u016bro apdovanojim\u0105. Pagal knyg\u0105 yra sukurtas filmas (\u201eBrain on Fire\", 2016).","og_url":"https:\/\/skaitytaknyga.lt\/en\/produktas\/susannah-cahalan-liepsnojancios-smegenys-mano-beprotybes-menuo\/","og_site_name":"Skaitytaknyga","article_publisher":"https:\/\/www.facebook.com\/skaitytaknyga\/","article_modified_time":"2026-03-05T10:19:37+00:00","og_image":[{"width":552,"height":799,"url":"https:\/\/skaitytaknyga.lt\/wp-content\/uploads\/2024\/05\/1512550121_Susannah_Cahalan_-_Liepsnojancios_smegenys_-_virselis_internetui.jpg","type":"image\/jpeg"}],"twitter_card":"summary_large_image","twitter_misc":{"Estimated reading time":"1 minute"},"schema":{"@context":"https:\/\/schema.org","@graph":[{"@type":"WebPage","@id":"https:\/\/skaitytaknyga.lt\/produktas\/susannah-cahalan-liepsnojancios-smegenys-mano-beprotybes-menuo\/","url":"https:\/\/skaitytaknyga.lt\/produktas\/susannah-cahalan-liepsnojancios-smegenys-mano-beprotybes-menuo\/","name":"Susannah Cahalan \u201eLiepsnojan\u010dios smegenys. Mano beprotyb\u0117s m\u0117nuo\u201c","isPartOf":{"@id":"https:\/\/skaitytaknyga.lt\/#website"},"primaryImageOfPage":{"@id":"https:\/\/skaitytaknyga.lt\/produktas\/susannah-cahalan-liepsnojancios-smegenys-mano-beprotybes-menuo\/#primaryimage"},"image":{"@id":"https:\/\/skaitytaknyga.lt\/produktas\/susannah-cahalan-liepsnojancios-smegenys-mano-beprotybes-menuo\/#primaryimage"},"thumbnailUrl":"https:\/\/skaitytaknyga.lt\/wp-content\/uploads\/2024\/05\/1512550121_Susannah_Cahalan_-_Liepsnojancios_smegenys_-_virselis_internetui.jpg","datePublished":"2024-05-04T18:12:53+00:00","dateModified":"2026-03-05T10:19:37+00:00","description":"24-eri\u0173 Susannah Cahalan atsibudo ligonin\u0117s palatoje viena, priri\u0161ta prie lovos. Negal\u0117jo nei jud\u0117ti, nei kalb\u0117ti. Neprisimin\u0117, kaip ten atsid\u016br\u0117. Dar visai neseniai ji buvo perspektyvi, sveika ir laiminga moteris, dirbanti dideliame Niujorko laikra\u0161tyje, k\u0105 tik u\u017emezgusi pirmus rimtus santykius... Ir akimirksniu tapo nestabilia, agresyvia psichine ligone. Kas nutiko? Tai jaudinantis medicininis detektyvas, \u0161iurpi, bet visi\u0161kai reali istorija apie jaunos moters pastangas atsikovoti tapatyb\u0119. Knyga apie kryt\u012f \u012f beprotyb\u0119, \u012fkvepiant\u012f \u0161eimos tik\u0117jim\u0105 ir apie diagnoz\u0119, kuria sunku patik\u0117ti. Susannah Cahalan\u00a0\u2013 \u201eNew York Post\" \u017eurnalist\u0117 jau de\u0161imt met\u0173. U\u017e straipsn\u012f \u201eMano paslaptingas prarastas beprotyb\u0117s m\u0117nuo\", kuriuo pagr\u012fsta \u0161i knyga, gavo Sil\u016bro apdovanojim\u0105. Pagal knyg\u0105 yra sukurtas filmas (\u201eBrain on Fire\", 2016).","breadcrumb":{"@id":"https:\/\/skaitytaknyga.lt\/produktas\/susannah-cahalan-liepsnojancios-smegenys-mano-beprotybes-menuo\/#breadcrumb"},"inLanguage":"en-GB","potentialAction":[{"@type":"ReadAction","target":["https:\/\/skaitytaknyga.lt\/produktas\/susannah-cahalan-liepsnojancios-smegenys-mano-beprotybes-menuo\/"]}]},{"@type":"ImageObject","inLanguage":"en-GB","@id":"https:\/\/skaitytaknyga.lt\/produktas\/susannah-cahalan-liepsnojancios-smegenys-mano-beprotybes-menuo\/#primaryimage","url":"https:\/\/skaitytaknyga.lt\/wp-content\/uploads\/2024\/05\/1512550121_Susannah_Cahalan_-_Liepsnojancios_smegenys_-_virselis_internetui.jpg","contentUrl":"https:\/\/skaitytaknyga.lt\/wp-content\/uploads\/2024\/05\/1512550121_Susannah_Cahalan_-_Liepsnojancios_smegenys_-_virselis_internetui.jpg","width":552,"height":799},{"@type":"BreadcrumbList","@id":"https:\/\/skaitytaknyga.lt\/produktas\/susannah-cahalan-liepsnojancios-smegenys-mano-beprotybes-menuo\/#breadcrumb","itemListElement":[{"@type":"ListItem","position":1,"name":"Home","item":"https:\/\/skaitytaknyga.lt\/"},{"@type":"ListItem","position":2,"name":"Parduotuv\u0117","item":"https:\/\/skaitytaknyga.lt\/knygu-parduotuve\/"},{"@type":"ListItem","position":3,"name":"Susannah Cahalan \u201eLiepsnojan\u010dios smegenys. Mano beprotyb\u0117s m\u0117nuo\u201c"}]},{"@type":"WebSite","@id":"https:\/\/skaitytaknyga.lt\/#website","url":"https:\/\/skaitytaknyga.lt\/","name":"skaitytaknyga.lt","description":"Skaitytaknyga.lt \u2013 tai ma\u017eas \u0161eimos verslas, kuris prasid\u0117jo nuo meil\u0117s knygoms ir siekio i\u0161gelb\u0117ti knygas nuo likimo prie konteinerio. Kas vienam nereikalingas daiktas \u2013 kitam lobis, o mes esame tarpininkai, kurie padeda abiems tapti laimingesniems ???? \u017dinome kaip nelengva i\u0161gyventi ma\u017eiems verslams, tad nuo \u0161iol, \u010dia rasite ir kit\u0173, ma\u017e\u0173 \u0161eim\u0173 versl\u0173, rank\u0173 darbo, dovan\u0173 sau ir artimiesiems.","publisher":{"@id":"https:\/\/skaitytaknyga.lt\/#organization"},"potentialAction":[{"@type":"SearchAction","target":{"@type":"EntryPoint","urlTemplate":"https:\/\/skaitytaknyga.lt\/?s={search_term_string}"},"query-input":{"@type":"PropertyValueSpecification","valueRequired":true,"valueName":"search_term_string"}}],"inLanguage":"en-GB"},{"@type":"Organization","@id":"https:\/\/skaitytaknyga.lt\/#organization","name":"skaitytaknyga.lt","url":"https:\/\/skaitytaknyga.lt\/","logo":{"@type":"ImageObject","inLanguage":"en-GB","@id":"https:\/\/skaitytaknyga.lt\/#\/schema\/logo\/image\/","url":"https:\/\/skaitytaknyga.lt\/wp-content\/uploads\/2024\/05\/cropped-cropped-cropped-02_00843_jt3bggkj1j3HLc7SyY6rEUpg.jpeg","contentUrl":"https:\/\/skaitytaknyga.lt\/wp-content\/uploads\/2024\/05\/cropped-cropped-cropped-02_00843_jt3bggkj1j3HLc7SyY6rEUpg.jpeg","width":1600,"height":1600,"caption":"skaitytaknyga.lt"},"image":{"@id":"https:\/\/skaitytaknyga.lt\/#\/schema\/logo\/image\/"},"sameAs":["https:\/\/www.facebook.com\/skaitytaknyga\/"]}]}},"_links":{"self":[{"href":"https:\/\/skaitytaknyga.lt\/en\/wp-json\/wp\/v2\/product\/10327","targetHints":{"allow":["GET"]}}],"collection":[{"href":"https:\/\/skaitytaknyga.lt\/en\/wp-json\/wp\/v2\/product"}],"about":[{"href":"https:\/\/skaitytaknyga.lt\/en\/wp-json\/wp\/v2\/types\/product"}],"replies":[{"embeddable":true,"href":"https:\/\/skaitytaknyga.lt\/en\/wp-json\/wp\/v2\/comments?post=10327"}],"wp:featuredmedia":[{"embeddable":true,"href":"https:\/\/skaitytaknyga.lt\/en\/wp-json\/wp\/v2\/media\/10372"}],"wp:attachment":[{"href":"https:\/\/skaitytaknyga.lt\/en\/wp-json\/wp\/v2\/media?parent=10327"}],"wp:term":[{"taxonomy":"product_brand","embeddable":true,"href":"https:\/\/skaitytaknyga.lt\/en\/wp-json\/wp\/v2\/product_brand?post=10327"},{"taxonomy":"product_cat","embeddable":true,"href":"https:\/\/skaitytaknyga.lt\/en\/wp-json\/wp\/v2\/product_cat?post=10327"},{"taxonomy":"product_tag","embeddable":true,"href":"https:\/\/skaitytaknyga.lt\/en\/wp-json\/wp\/v2\/product_tag?post=10327"}],"curies":[{"name":"wp","href":"https:\/\/api.w.org\/{rel}","templated":true}]}}