{"id":10313,"date":"2024-05-04T18:12:27","date_gmt":"2024-05-04T18:12:27","guid":{"rendered":"https:\/\/skaitytaknyga.lt\/?post_type=product&#038;p=10313"},"modified":"2024-05-04T18:13:54","modified_gmt":"2024-05-04T18:13:54","slug":"kas-butu-jei-zmones-butu-panasus-i-gyvunus-yra-skaitymo-zymiu","status":"publish","type":"product","link":"https:\/\/skaitytaknyga.lt\/en\/produktas\/kas-butu-jei-zmones-butu-panasus-i-gyvunus-yra-skaitymo-zymiu\/","title":{"rendered":"Kas b\u016bt\u0173, jei\u2026 \u017emon\u0117s b\u016bt\u0173 pana\u0161\u016bs \u012f gyv\u016bnus (Yra skaitymo \u017eymi\u0173)"},"content":{"rendered":"<p>Visoms mergait\u0117ms ir visiems berniukams skirta \u0161maik\u0161\u010diausia leidyklos knyga\u00a0<b>\u201eKas b\u016bt\u0173, jei\u2026 \u017emon\u0117s b\u016bt\u0173 pana\u0161\u016bs \u012f gyv\u016bnus\u201c<\/b>.<\/p>\n<p>Pasitelkus vaizduot\u0119, su geru humoro jausmu sklaidant knygos \u201eKas b\u016bt\u0173, jei\u2026 \u017emon\u0117s b\u016bt\u0173 pana\u0161\u016bs \u012f gyv\u016bnus\u201c puslapius, paai\u0161k\u0117s, koks \u012fdomus ir keistas yra pasaulis \u017ei\u016brint \u012f j\u012f gyv\u016bn\u0173 akimis.<br \/>\nI\u0161laisvink savo vaizduot\u0119 ir atrask linksmas gyv\u016bn\u0173 grimasas \u017emoni\u0173 kasdienyb\u0117je. \u0160ioje knygoje pateikta tokia daugyb\u0117 fakt\u0173 apie gyv\u016bn\u0173 karalyst\u0119, jog tikrai leipsi juokais arba apstulbsi i\u0161 nuostabos!<\/p>\n<p>Kas b\u016bt\u0173, jei tur\u0117tum\u0117te dvi galvas, gal\u0117tum\u0117te maist\u0105 ragauti p\u0117domis, pusry\u010diams valgytum\u0117te akmenis, gal\u0117tum\u0117te skraidyti taip auk\u0161tai kaip l\u0117ktuvai ar tur\u0117tum\u0117te milijon\u0105 broliuk\u0173 ir sesu\u010di\u0173?<br \/>\nPasaulis tikrai apsiverst\u0173 auk\u0161tyn kojomis, ta\u010diau taip \u2013 juk dar \u012fdomiau!<\/p>\n","protected":false},"excerpt":{"rendered":"<p>Visoms mergait\u0117ms ir visiems berniukams skirta \u0161maik\u0161\u010diausia leidyklos knyga\u00a0<b>\u201eKas b\u016bt\u0173, jei\u2026 \u017emon\u0117s b\u016bt\u0173 pana\u0161\u016bs \u012f gyv\u016bnus\u201c<\/b>.<\/p>\n<p>Pasitelkus vaizduot\u0119, su geru humoro jausmu sklaidant knygos \u201eKas b\u016bt\u0173, jei\u2026 \u017emon\u0117s b\u016bt\u0173 pana\u0161\u016bs \u012f gyv\u016bnus\u201c puslapius, paai\u0161k\u0117s, koks \u012fdomus ir keistas yra pasaulis \u017ei\u016brint \u012f j\u012f gyv\u016bn\u0173 akimis.<br \/>\nI\u0161laisvink savo vaizduot\u0119 ir atrask linksmas gyv\u016bn\u0173 grimasas \u017emoni\u0173 kasdienyb\u0117je. \u0160ioje knygoje pateikta tokia daugyb\u0117 fakt\u0173 apie gyv\u016bn\u0173 karalyst\u0119, jog tikrai leipsi juokais arba apstulbsi i\u0161 nuostabos!<\/p>\n<p>Kas b\u016bt\u0173, jei tur\u0117tum\u0117te dvi galvas, gal\u0117tum\u0117te maist\u0105 ragauti p\u0117domis, pusry\u010diams valgytum\u0117te akmenis, gal\u0117tum\u0117te skraidyti taip auk\u0161tai kaip l\u0117ktuvai ar tur\u0117tum\u0117te milijon\u0105 broliuk\u0173 ir sesu\u010di\u0173?<br \/>\nPasaulis tikrai apsiverst\u0173 auk\u0161tyn kojomis, ta\u010diau taip \u2013 juk dar \u012fdomiau!<\/p>\n","protected":false},"featured_media":10359,"comment_status":"closed","ping_status":"closed","template":"","meta":{"_acf_changed":false,"site-sidebar-layout":"default","site-content-layout":"","ast-site-content-layout":"default","site-content-style":"default","site-sidebar-style":"default","ast-global-header-display":"","ast-banner-title-visibility":"","ast-main-header-display":"","ast-hfb-above-header-display":"","ast-hfb-below-header-display":"","ast-hfb-mobile-header-display":"","site-post-title":"","ast-breadcrumbs-content":"","ast-featured-img":"","footer-sml-layout":"","ast-disable-related-posts":"","theme-transparent-header-meta":"","adv-header-id-meta":"","stick-header-meta":"","header-above-stick-meta":"","header-main-stick-meta":"","header-below-stick-meta":"","astra-migrate-meta-layouts":"default","ast-page-background-enabled":"default","ast-page-background-meta":{"desktop":{"background-color":"","background-image":"","background-repeat":"repeat","background-position":"center center","background-size":"auto","background-attachment":"scroll","background-type":"","background-media":"","overlay-type":"","overlay-color":"","overlay-opacity":"","overlay-gradient":""},"tablet":{"background-color":"","background-image":"","background-repeat":"repeat","background-position":"center center","background-size":"auto","background-attachment":"scroll","background-type":"","background-media":"","overlay-type":"","overlay-color":"","overlay-opacity":"","overlay-gradient":""},"mobile":{"background-color":"","background-image":"","background-repeat":"repeat","background-position":"center center","background-size":"auto","background-attachment":"scroll","background-type":"","background-media":"","overlay-type":"","overlay-color":"","overlay-opacity":"","overlay-gradient":""}},"ast-content-background-meta":{"desktop":{"background-color":"var(--ast-global-color-4)","background-image":"","background-repeat":"repeat","background-position":"center center","background-size":"auto","background-attachment":"scroll","background-type":"","background-media":"","overlay-type":"","overlay-color":"","overlay-opacity":"","overlay-gradient":""},"tablet":{"background-color":"var(--ast-global-color-4)","background-image":"","background-repeat":"repeat","background-position":"center center","background-size":"auto","background-attachment":"scroll","background-type":"","background-media":"","overlay-type":"","overlay-color":"","overlay-opacity":"","overlay-gradient":""},"mobile":{"background-color":"var(--ast-global-color-4)","background-image":"","background-repeat":"repeat","background-position":"center center","background-size":"auto","background-attachment":"scroll","background-type":"","background-media":"","overlay-type":"","overlay-color":"","overlay-opacity":"","overlay-gradient":""}}},"product_brand":[],"product_cat":[35],"product_tag":[],"class_list":{"0":"post-10313","1":"product","2":"type-product","3":"status-publish","4":"has-post-thumbnail","6":"product_cat-vaikams-ir-paaugliams","7":"desktop-align-left","8":"tablet-align-left","9":"mobile-align-left","11":"first","12":"instock","13":"shipping-taxable","14":"purchasable","15":"product-type-simple"},"acf":[],"yoast_head":"<!-- This site is optimized with the Yoast SEO plugin v27.4 - https:\/\/yoast.com\/product\/yoast-seo-wordpress\/ -->\n<title>Kas b\u016bt\u0173, jei\u2026 \u017emon\u0117s b\u016bt\u0173 pana\u0161\u016bs \u012f gyv\u016bnus (Yra skaitymo \u017eymi\u0173) - Skaitytaknyga<\/title>\n<meta name=\"description\" content=\"Visoms mergait\u0117ms ir visiems berniukams skirta \u0161maik\u0161\u010diausia leidyklos knyga\u00a0\u201eKas b\u016bt\u0173, jei\u2026 \u017emon\u0117s b\u016bt\u0173 pana\u0161\u016bs \u012f gyv\u016bnus\u201c.  Pasitelkus vaizduot\u0119, su geru humoro jausmu sklaidant knygos \u201eKas b\u016bt\u0173, jei\u2026 \u017emon\u0117s b\u016bt\u0173 pana\u0161\u016bs \u012f gyv\u016bnus\u201c puslapius, paai\u0161k\u0117s, koks \u012fdomus ir keistas yra pasaulis \u017ei\u016brint \u012f j\u012f gyv\u016bn\u0173 akimis. I\u0161laisvink savo vaizduot\u0119 ir atrask linksmas gyv\u016bn\u0173 grimasas \u017emoni\u0173 kasdienyb\u0117je. \u0160ioje knygoje pateikta tokia daugyb\u0117 fakt\u0173 apie gyv\u016bn\u0173 karalyst\u0119, jog tikrai leipsi juokais arba apstulbsi i\u0161 nuostabos!  Kas b\u016bt\u0173, jei tur\u0117tum\u0117te dvi galvas, gal\u0117tum\u0117te maist\u0105 ragauti p\u0117domis, pusry\u010diams valgytum\u0117te akmenis, gal\u0117tum\u0117te skraidyti taip auk\u0161tai kaip l\u0117ktuvai ar tur\u0117tum\u0117te milijon\u0105 broliuk\u0173 ir sesu\u010di\u0173? Pasaulis tikrai apsiverst\u0173 auk\u0161tyn kojomis, ta\u010diau taip \u2013 juk dar \u012fdomiau!\" \/>\n<meta name=\"robots\" content=\"index, follow, max-snippet:-1, max-image-preview:large, max-video-preview:-1\" \/>\n<link rel=\"canonical\" href=\"https:\/\/skaitytaknyga.lt\/en\/produktas\/kas-butu-jei-zmones-butu-panasus-i-gyvunus-yra-skaitymo-zymiu\/\" \/>\n<meta property=\"og:locale\" content=\"en_GB\" \/>\n<meta property=\"og:locale:alternate\" content=\"lt_LT\" \/>\n<meta property=\"og:type\" content=\"article\" \/>\n<meta property=\"og:title\" content=\"Kas b\u016bt\u0173, jei\u2026 \u017emon\u0117s b\u016bt\u0173 pana\u0161\u016bs \u012f gyv\u016bnus (Yra skaitymo \u017eymi\u0173) - Skaitytaknyga\" \/>\n<meta property=\"og:description\" content=\"Visoms mergait\u0117ms ir visiems berniukams skirta \u0161maik\u0161\u010diausia leidyklos knyga\u00a0\u201eKas b\u016bt\u0173, jei\u2026 \u017emon\u0117s b\u016bt\u0173 pana\u0161\u016bs \u012f gyv\u016bnus\u201c.  Pasitelkus vaizduot\u0119, su geru humoro jausmu sklaidant knygos \u201eKas b\u016bt\u0173, jei\u2026 \u017emon\u0117s b\u016bt\u0173 pana\u0161\u016bs \u012f gyv\u016bnus\u201c puslapius, paai\u0161k\u0117s, koks \u012fdomus ir keistas yra pasaulis \u017ei\u016brint \u012f j\u012f gyv\u016bn\u0173 akimis. I\u0161laisvink savo vaizduot\u0119 ir atrask linksmas gyv\u016bn\u0173 grimasas \u017emoni\u0173 kasdienyb\u0117je. \u0160ioje knygoje pateikta tokia daugyb\u0117 fakt\u0173 apie gyv\u016bn\u0173 karalyst\u0119, jog tikrai leipsi juokais arba apstulbsi i\u0161 nuostabos!  Kas b\u016bt\u0173, jei tur\u0117tum\u0117te dvi galvas, gal\u0117tum\u0117te maist\u0105 ragauti p\u0117domis, pusry\u010diams valgytum\u0117te akmenis, gal\u0117tum\u0117te skraidyti taip auk\u0161tai kaip l\u0117ktuvai ar tur\u0117tum\u0117te milijon\u0105 broliuk\u0173 ir sesu\u010di\u0173? Pasaulis tikrai apsiverst\u0173 auk\u0161tyn kojomis, ta\u010diau taip \u2013 juk dar \u012fdomiau!\" \/>\n<meta property=\"og:url\" content=\"https:\/\/skaitytaknyga.lt\/en\/produktas\/kas-butu-jei-zmones-butu-panasus-i-gyvunus-yra-skaitymo-zymiu\/\" \/>\n<meta property=\"og:site_name\" content=\"Skaitytaknyga\" \/>\n<meta property=\"article:publisher\" content=\"https:\/\/www.facebook.com\/skaitytaknyga\/\" \/>\n<meta property=\"article:modified_time\" content=\"2024-05-04T18:13:54+00:00\" \/>\n<meta property=\"og:image\" content=\"https:\/\/skaitytaknyga.lt\/wp-content\/uploads\/2024\/05\/1462885025_img0010-001.jpg\" \/>\n\t<meta property=\"og:image:width\" content=\"527\" \/>\n\t<meta property=\"og:image:height\" content=\"800\" \/>\n\t<meta property=\"og:image:type\" content=\"image\/jpeg\" \/>\n<meta name=\"twitter:card\" content=\"summary_large_image\" \/>\n<meta name=\"twitter:label1\" content=\"Estimated reading time\" \/>\n\t<meta name=\"twitter:data1\" content=\"1 minute\" \/>\n<script type=\"application\/ld+json\" class=\"yoast-schema-graph\">{\"@context\":\"https:\\\/\\\/schema.org\",\"@graph\":[{\"@type\":\"WebPage\",\"@id\":\"https:\\\/\\\/skaitytaknyga.lt\\\/produktas\\\/kas-butu-jei-zmones-butu-panasus-i-gyvunus-yra-skaitymo-zymiu\\\/\",\"url\":\"https:\\\/\\\/skaitytaknyga.lt\\\/produktas\\\/kas-butu-jei-zmones-butu-panasus-i-gyvunus-yra-skaitymo-zymiu\\\/\",\"name\":\"Kas b\u016bt\u0173, jei\u2026 \u017emon\u0117s b\u016bt\u0173 pana\u0161\u016bs \u012f gyv\u016bnus (Yra skaitymo \u017eymi\u0173) - Skaitytaknyga\",\"isPartOf\":{\"@id\":\"https:\\\/\\\/skaitytaknyga.lt\\\/#website\"},\"primaryImageOfPage\":{\"@id\":\"https:\\\/\\\/skaitytaknyga.lt\\\/produktas\\\/kas-butu-jei-zmones-butu-panasus-i-gyvunus-yra-skaitymo-zymiu\\\/#primaryimage\"},\"image\":{\"@id\":\"https:\\\/\\\/skaitytaknyga.lt\\\/produktas\\\/kas-butu-jei-zmones-butu-panasus-i-gyvunus-yra-skaitymo-zymiu\\\/#primaryimage\"},\"thumbnailUrl\":\"https:\\\/\\\/skaitytaknyga.lt\\\/wp-content\\\/uploads\\\/2024\\\/05\\\/1462885025_img0010-001.jpg\",\"datePublished\":\"2024-05-04T18:12:27+00:00\",\"dateModified\":\"2024-05-04T18:13:54+00:00\",\"description\":\"Visoms mergait\u0117ms ir visiems berniukams skirta \u0161maik\u0161\u010diausia leidyklos knyga\u00a0\u201eKas b\u016bt\u0173, jei\u2026 \u017emon\u0117s b\u016bt\u0173 pana\u0161\u016bs \u012f gyv\u016bnus\u201c. Pasitelkus vaizduot\u0119, su geru humoro jausmu sklaidant knygos \u201eKas b\u016bt\u0173, jei\u2026 \u017emon\u0117s b\u016bt\u0173 pana\u0161\u016bs \u012f gyv\u016bnus\u201c puslapius, paai\u0161k\u0117s, koks \u012fdomus ir keistas yra pasaulis \u017ei\u016brint \u012f j\u012f gyv\u016bn\u0173 akimis. I\u0161laisvink savo vaizduot\u0119 ir atrask linksmas gyv\u016bn\u0173 grimasas \u017emoni\u0173 kasdienyb\u0117je. \u0160ioje knygoje pateikta tokia daugyb\u0117 fakt\u0173 apie gyv\u016bn\u0173 karalyst\u0119, jog tikrai leipsi juokais arba apstulbsi i\u0161 nuostabos! Kas b\u016bt\u0173, jei tur\u0117tum\u0117te dvi galvas, gal\u0117tum\u0117te maist\u0105 ragauti p\u0117domis, pusry\u010diams valgytum\u0117te akmenis, gal\u0117tum\u0117te skraidyti taip auk\u0161tai kaip l\u0117ktuvai ar tur\u0117tum\u0117te milijon\u0105 broliuk\u0173 ir sesu\u010di\u0173? Pasaulis tikrai apsiverst\u0173 auk\u0161tyn kojomis, ta\u010diau taip \u2013 juk dar \u012fdomiau!\",\"breadcrumb\":{\"@id\":\"https:\\\/\\\/skaitytaknyga.lt\\\/produktas\\\/kas-butu-jei-zmones-butu-panasus-i-gyvunus-yra-skaitymo-zymiu\\\/#breadcrumb\"},\"inLanguage\":\"en-GB\",\"potentialAction\":[{\"@type\":\"ReadAction\",\"target\":[\"https:\\\/\\\/skaitytaknyga.lt\\\/produktas\\\/kas-butu-jei-zmones-butu-panasus-i-gyvunus-yra-skaitymo-zymiu\\\/\"]}]},{\"@type\":\"ImageObject\",\"inLanguage\":\"en-GB\",\"@id\":\"https:\\\/\\\/skaitytaknyga.lt\\\/produktas\\\/kas-butu-jei-zmones-butu-panasus-i-gyvunus-yra-skaitymo-zymiu\\\/#primaryimage\",\"url\":\"https:\\\/\\\/skaitytaknyga.lt\\\/wp-content\\\/uploads\\\/2024\\\/05\\\/1462885025_img0010-001.jpg\",\"contentUrl\":\"https:\\\/\\\/skaitytaknyga.lt\\\/wp-content\\\/uploads\\\/2024\\\/05\\\/1462885025_img0010-001.jpg\",\"width\":527,\"height\":800},{\"@type\":\"BreadcrumbList\",\"@id\":\"https:\\\/\\\/skaitytaknyga.lt\\\/produktas\\\/kas-butu-jei-zmones-butu-panasus-i-gyvunus-yra-skaitymo-zymiu\\\/#breadcrumb\",\"itemListElement\":[{\"@type\":\"ListItem\",\"position\":1,\"name\":\"Home\",\"item\":\"https:\\\/\\\/skaitytaknyga.lt\\\/\"},{\"@type\":\"ListItem\",\"position\":2,\"name\":\"Parduotuv\u0117\",\"item\":\"https:\\\/\\\/skaitytaknyga.lt\\\/knygu-parduotuve\\\/\"},{\"@type\":\"ListItem\",\"position\":3,\"name\":\"Kas b\u016bt\u0173, jei\u2026 \u017emon\u0117s b\u016bt\u0173 pana\u0161\u016bs \u012f gyv\u016bnus (Yra skaitymo \u017eymi\u0173)\"}]},{\"@type\":\"WebSite\",\"@id\":\"https:\\\/\\\/skaitytaknyga.lt\\\/#website\",\"url\":\"https:\\\/\\\/skaitytaknyga.lt\\\/\",\"name\":\"skaitytaknyga.lt\",\"description\":\"Skaitytaknyga.lt \u2013 tai ma\u017eas \u0161eimos verslas, kuris prasid\u0117jo nuo meil\u0117s knygoms ir siekio i\u0161gelb\u0117ti knygas nuo likimo prie konteinerio. Kas vienam nereikalingas daiktas \u2013 kitam lobis, o mes esame tarpininkai, kurie padeda abiems tapti laimingesniems ???? \u017dinome kaip nelengva i\u0161gyventi ma\u017eiems verslams, tad nuo \u0161iol, \u010dia rasite ir kit\u0173, ma\u017e\u0173 \u0161eim\u0173 versl\u0173, rank\u0173 darbo, dovan\u0173 sau ir artimiesiems.\",\"publisher\":{\"@id\":\"https:\\\/\\\/skaitytaknyga.lt\\\/#organization\"},\"potentialAction\":[{\"@type\":\"SearchAction\",\"target\":{\"@type\":\"EntryPoint\",\"urlTemplate\":\"https:\\\/\\\/skaitytaknyga.lt\\\/?s={search_term_string}\"},\"query-input\":{\"@type\":\"PropertyValueSpecification\",\"valueRequired\":true,\"valueName\":\"search_term_string\"}}],\"inLanguage\":\"en-GB\"},{\"@type\":\"Organization\",\"@id\":\"https:\\\/\\\/skaitytaknyga.lt\\\/#organization\",\"name\":\"skaitytaknyga.lt\",\"url\":\"https:\\\/\\\/skaitytaknyga.lt\\\/\",\"logo\":{\"@type\":\"ImageObject\",\"inLanguage\":\"en-GB\",\"@id\":\"https:\\\/\\\/skaitytaknyga.lt\\\/#\\\/schema\\\/logo\\\/image\\\/\",\"url\":\"https:\\\/\\\/skaitytaknyga.lt\\\/wp-content\\\/uploads\\\/2024\\\/05\\\/cropped-cropped-cropped-02_00843_jt3bggkj1j3HLc7SyY6rEUpg.jpeg\",\"contentUrl\":\"https:\\\/\\\/skaitytaknyga.lt\\\/wp-content\\\/uploads\\\/2024\\\/05\\\/cropped-cropped-cropped-02_00843_jt3bggkj1j3HLc7SyY6rEUpg.jpeg\",\"width\":1600,\"height\":1600,\"caption\":\"skaitytaknyga.lt\"},\"image\":{\"@id\":\"https:\\\/\\\/skaitytaknyga.lt\\\/#\\\/schema\\\/logo\\\/image\\\/\"},\"sameAs\":[\"https:\\\/\\\/www.facebook.com\\\/skaitytaknyga\\\/\"]}]}<\/script>\n<!-- \/ Yoast SEO plugin. -->","yoast_head_json":{"title":"Kas b\u016bt\u0173, jei\u2026 \u017emon\u0117s b\u016bt\u0173 pana\u0161\u016bs \u012f gyv\u016bnus (Yra skaitymo \u017eymi\u0173) - Skaitytaknyga","description":"Visoms mergait\u0117ms ir visiems berniukams skirta \u0161maik\u0161\u010diausia leidyklos knyga\u00a0\u201eKas b\u016bt\u0173, jei\u2026 \u017emon\u0117s b\u016bt\u0173 pana\u0161\u016bs \u012f gyv\u016bnus\u201c.  Pasitelkus vaizduot\u0119, su geru humoro jausmu sklaidant knygos \u201eKas b\u016bt\u0173, jei\u2026 \u017emon\u0117s b\u016bt\u0173 pana\u0161\u016bs \u012f gyv\u016bnus\u201c puslapius, paai\u0161k\u0117s, koks \u012fdomus ir keistas yra pasaulis \u017ei\u016brint \u012f j\u012f gyv\u016bn\u0173 akimis. I\u0161laisvink savo vaizduot\u0119 ir atrask linksmas gyv\u016bn\u0173 grimasas \u017emoni\u0173 kasdienyb\u0117je. \u0160ioje knygoje pateikta tokia daugyb\u0117 fakt\u0173 apie gyv\u016bn\u0173 karalyst\u0119, jog tikrai leipsi juokais arba apstulbsi i\u0161 nuostabos!  Kas b\u016bt\u0173, jei tur\u0117tum\u0117te dvi galvas, gal\u0117tum\u0117te maist\u0105 ragauti p\u0117domis, pusry\u010diams valgytum\u0117te akmenis, gal\u0117tum\u0117te skraidyti taip auk\u0161tai kaip l\u0117ktuvai ar tur\u0117tum\u0117te milijon\u0105 broliuk\u0173 ir sesu\u010di\u0173? Pasaulis tikrai apsiverst\u0173 auk\u0161tyn kojomis, ta\u010diau taip \u2013 juk dar \u012fdomiau!","robots":{"index":"index","follow":"follow","max-snippet":"max-snippet:-1","max-image-preview":"max-image-preview:large","max-video-preview":"max-video-preview:-1"},"canonical":"https:\/\/skaitytaknyga.lt\/en\/produktas\/kas-butu-jei-zmones-butu-panasus-i-gyvunus-yra-skaitymo-zymiu\/","og_locale":"en_GB","og_type":"article","og_title":"Kas b\u016bt\u0173, jei\u2026 \u017emon\u0117s b\u016bt\u0173 pana\u0161\u016bs \u012f gyv\u016bnus (Yra skaitymo \u017eymi\u0173) - Skaitytaknyga","og_description":"Visoms mergait\u0117ms ir visiems berniukams skirta \u0161maik\u0161\u010diausia leidyklos knyga\u00a0\u201eKas b\u016bt\u0173, jei\u2026 \u017emon\u0117s b\u016bt\u0173 pana\u0161\u016bs \u012f gyv\u016bnus\u201c.  Pasitelkus vaizduot\u0119, su geru humoro jausmu sklaidant knygos \u201eKas b\u016bt\u0173, jei\u2026 \u017emon\u0117s b\u016bt\u0173 pana\u0161\u016bs \u012f gyv\u016bnus\u201c puslapius, paai\u0161k\u0117s, koks \u012fdomus ir keistas yra pasaulis \u017ei\u016brint \u012f j\u012f gyv\u016bn\u0173 akimis. I\u0161laisvink savo vaizduot\u0119 ir atrask linksmas gyv\u016bn\u0173 grimasas \u017emoni\u0173 kasdienyb\u0117je. \u0160ioje knygoje pateikta tokia daugyb\u0117 fakt\u0173 apie gyv\u016bn\u0173 karalyst\u0119, jog tikrai leipsi juokais arba apstulbsi i\u0161 nuostabos!  Kas b\u016bt\u0173, jei tur\u0117tum\u0117te dvi galvas, gal\u0117tum\u0117te maist\u0105 ragauti p\u0117domis, pusry\u010diams valgytum\u0117te akmenis, gal\u0117tum\u0117te skraidyti taip auk\u0161tai kaip l\u0117ktuvai ar tur\u0117tum\u0117te milijon\u0105 broliuk\u0173 ir sesu\u010di\u0173? Pasaulis tikrai apsiverst\u0173 auk\u0161tyn kojomis, ta\u010diau taip \u2013 juk dar \u012fdomiau!","og_url":"https:\/\/skaitytaknyga.lt\/en\/produktas\/kas-butu-jei-zmones-butu-panasus-i-gyvunus-yra-skaitymo-zymiu\/","og_site_name":"Skaitytaknyga","article_publisher":"https:\/\/www.facebook.com\/skaitytaknyga\/","article_modified_time":"2024-05-04T18:13:54+00:00","og_image":[{"width":527,"height":800,"url":"https:\/\/skaitytaknyga.lt\/wp-content\/uploads\/2024\/05\/1462885025_img0010-001.jpg","type":"image\/jpeg"}],"twitter_card":"summary_large_image","twitter_misc":{"Estimated reading time":"1 minute"},"schema":{"@context":"https:\/\/schema.org","@graph":[{"@type":"WebPage","@id":"https:\/\/skaitytaknyga.lt\/produktas\/kas-butu-jei-zmones-butu-panasus-i-gyvunus-yra-skaitymo-zymiu\/","url":"https:\/\/skaitytaknyga.lt\/produktas\/kas-butu-jei-zmones-butu-panasus-i-gyvunus-yra-skaitymo-zymiu\/","name":"Kas b\u016bt\u0173, jei\u2026 \u017emon\u0117s b\u016bt\u0173 pana\u0161\u016bs \u012f gyv\u016bnus (Yra skaitymo \u017eymi\u0173) - Skaitytaknyga","isPartOf":{"@id":"https:\/\/skaitytaknyga.lt\/#website"},"primaryImageOfPage":{"@id":"https:\/\/skaitytaknyga.lt\/produktas\/kas-butu-jei-zmones-butu-panasus-i-gyvunus-yra-skaitymo-zymiu\/#primaryimage"},"image":{"@id":"https:\/\/skaitytaknyga.lt\/produktas\/kas-butu-jei-zmones-butu-panasus-i-gyvunus-yra-skaitymo-zymiu\/#primaryimage"},"thumbnailUrl":"https:\/\/skaitytaknyga.lt\/wp-content\/uploads\/2024\/05\/1462885025_img0010-001.jpg","datePublished":"2024-05-04T18:12:27+00:00","dateModified":"2024-05-04T18:13:54+00:00","description":"Visoms mergait\u0117ms ir visiems berniukams skirta \u0161maik\u0161\u010diausia leidyklos knyga\u00a0\u201eKas b\u016bt\u0173, jei\u2026 \u017emon\u0117s b\u016bt\u0173 pana\u0161\u016bs \u012f gyv\u016bnus\u201c. Pasitelkus vaizduot\u0119, su geru humoro jausmu sklaidant knygos \u201eKas b\u016bt\u0173, jei\u2026 \u017emon\u0117s b\u016bt\u0173 pana\u0161\u016bs \u012f gyv\u016bnus\u201c puslapius, paai\u0161k\u0117s, koks \u012fdomus ir keistas yra pasaulis \u017ei\u016brint \u012f j\u012f gyv\u016bn\u0173 akimis. I\u0161laisvink savo vaizduot\u0119 ir atrask linksmas gyv\u016bn\u0173 grimasas \u017emoni\u0173 kasdienyb\u0117je. \u0160ioje knygoje pateikta tokia daugyb\u0117 fakt\u0173 apie gyv\u016bn\u0173 karalyst\u0119, jog tikrai leipsi juokais arba apstulbsi i\u0161 nuostabos! Kas b\u016bt\u0173, jei tur\u0117tum\u0117te dvi galvas, gal\u0117tum\u0117te maist\u0105 ragauti p\u0117domis, pusry\u010diams valgytum\u0117te akmenis, gal\u0117tum\u0117te skraidyti taip auk\u0161tai kaip l\u0117ktuvai ar tur\u0117tum\u0117te milijon\u0105 broliuk\u0173 ir sesu\u010di\u0173? Pasaulis tikrai apsiverst\u0173 auk\u0161tyn kojomis, ta\u010diau taip \u2013 juk dar \u012fdomiau!","breadcrumb":{"@id":"https:\/\/skaitytaknyga.lt\/produktas\/kas-butu-jei-zmones-butu-panasus-i-gyvunus-yra-skaitymo-zymiu\/#breadcrumb"},"inLanguage":"en-GB","potentialAction":[{"@type":"ReadAction","target":["https:\/\/skaitytaknyga.lt\/produktas\/kas-butu-jei-zmones-butu-panasus-i-gyvunus-yra-skaitymo-zymiu\/"]}]},{"@type":"ImageObject","inLanguage":"en-GB","@id":"https:\/\/skaitytaknyga.lt\/produktas\/kas-butu-jei-zmones-butu-panasus-i-gyvunus-yra-skaitymo-zymiu\/#primaryimage","url":"https:\/\/skaitytaknyga.lt\/wp-content\/uploads\/2024\/05\/1462885025_img0010-001.jpg","contentUrl":"https:\/\/skaitytaknyga.lt\/wp-content\/uploads\/2024\/05\/1462885025_img0010-001.jpg","width":527,"height":800},{"@type":"BreadcrumbList","@id":"https:\/\/skaitytaknyga.lt\/produktas\/kas-butu-jei-zmones-butu-panasus-i-gyvunus-yra-skaitymo-zymiu\/#breadcrumb","itemListElement":[{"@type":"ListItem","position":1,"name":"Home","item":"https:\/\/skaitytaknyga.lt\/"},{"@type":"ListItem","position":2,"name":"Parduotuv\u0117","item":"https:\/\/skaitytaknyga.lt\/knygu-parduotuve\/"},{"@type":"ListItem","position":3,"name":"Kas b\u016bt\u0173, jei\u2026 \u017emon\u0117s b\u016bt\u0173 pana\u0161\u016bs \u012f gyv\u016bnus (Yra skaitymo \u017eymi\u0173)"}]},{"@type":"WebSite","@id":"https:\/\/skaitytaknyga.lt\/#website","url":"https:\/\/skaitytaknyga.lt\/","name":"skaitytaknyga.lt","description":"Skaitytaknyga.lt \u2013 tai ma\u017eas \u0161eimos verslas, kuris prasid\u0117jo nuo meil\u0117s knygoms ir siekio i\u0161gelb\u0117ti knygas nuo likimo prie konteinerio. Kas vienam nereikalingas daiktas \u2013 kitam lobis, o mes esame tarpininkai, kurie padeda abiems tapti laimingesniems ???? \u017dinome kaip nelengva i\u0161gyventi ma\u017eiems verslams, tad nuo \u0161iol, \u010dia rasite ir kit\u0173, ma\u017e\u0173 \u0161eim\u0173 versl\u0173, rank\u0173 darbo, dovan\u0173 sau ir artimiesiems.","publisher":{"@id":"https:\/\/skaitytaknyga.lt\/#organization"},"potentialAction":[{"@type":"SearchAction","target":{"@type":"EntryPoint","urlTemplate":"https:\/\/skaitytaknyga.lt\/?s={search_term_string}"},"query-input":{"@type":"PropertyValueSpecification","valueRequired":true,"valueName":"search_term_string"}}],"inLanguage":"en-GB"},{"@type":"Organization","@id":"https:\/\/skaitytaknyga.lt\/#organization","name":"skaitytaknyga.lt","url":"https:\/\/skaitytaknyga.lt\/","logo":{"@type":"ImageObject","inLanguage":"en-GB","@id":"https:\/\/skaitytaknyga.lt\/#\/schema\/logo\/image\/","url":"https:\/\/skaitytaknyga.lt\/wp-content\/uploads\/2024\/05\/cropped-cropped-cropped-02_00843_jt3bggkj1j3HLc7SyY6rEUpg.jpeg","contentUrl":"https:\/\/skaitytaknyga.lt\/wp-content\/uploads\/2024\/05\/cropped-cropped-cropped-02_00843_jt3bggkj1j3HLc7SyY6rEUpg.jpeg","width":1600,"height":1600,"caption":"skaitytaknyga.lt"},"image":{"@id":"https:\/\/skaitytaknyga.lt\/#\/schema\/logo\/image\/"},"sameAs":["https:\/\/www.facebook.com\/skaitytaknyga\/"]}]}},"_links":{"self":[{"href":"https:\/\/skaitytaknyga.lt\/en\/wp-json\/wp\/v2\/product\/10313","targetHints":{"allow":["GET"]}}],"collection":[{"href":"https:\/\/skaitytaknyga.lt\/en\/wp-json\/wp\/v2\/product"}],"about":[{"href":"https:\/\/skaitytaknyga.lt\/en\/wp-json\/wp\/v2\/types\/product"}],"replies":[{"embeddable":true,"href":"https:\/\/skaitytaknyga.lt\/en\/wp-json\/wp\/v2\/comments?post=10313"}],"wp:featuredmedia":[{"embeddable":true,"href":"https:\/\/skaitytaknyga.lt\/en\/wp-json\/wp\/v2\/media\/10359"}],"wp:attachment":[{"href":"https:\/\/skaitytaknyga.lt\/en\/wp-json\/wp\/v2\/media?parent=10313"}],"wp:term":[{"taxonomy":"product_brand","embeddable":true,"href":"https:\/\/skaitytaknyga.lt\/en\/wp-json\/wp\/v2\/product_brand?post=10313"},{"taxonomy":"product_cat","embeddable":true,"href":"https:\/\/skaitytaknyga.lt\/en\/wp-json\/wp\/v2\/product_cat?post=10313"},{"taxonomy":"product_tag","embeddable":true,"href":"https:\/\/skaitytaknyga.lt\/en\/wp-json\/wp\/v2\/product_tag?post=10313"}],"curies":[{"name":"wp","href":"https:\/\/api.w.org\/{rel}","templated":true}]}}