{"id":10312,"date":"2024-05-04T18:12:26","date_gmt":"2024-05-04T18:12:26","guid":{"rendered":"https:\/\/skaitytaknyga.lt\/?post_type=product&#038;p=10312"},"modified":"2026-03-05T13:28:43","modified_gmt":"2026-03-05T11:28:43","slug":"a-kristi-trylika-galvosukiu","status":"publish","type":"product","link":"https:\/\/skaitytaknyga.lt\/en\/produktas\/a-kristi-trylika-galvosukiu\/","title":{"rendered":"A. Kristi \u201eTrylika galvos\u016bki\u0173\u201c"},"content":{"rendered":"<div class=\"book-descript-wrapper\">\n<section class=\"product-descript more-content-wrapper\">\n<div class=\"\">\n<p>Vien\u0105 antradien\u012f, vakare, mis Marpl namuose susirenka keletas sve\u010di\u0173 ir pokalbis pakrypsta apie nei\u0161ai\u0161kinus nusikaltimus&#8230;<\/p>\n<p>&#8230;apie pasirodan\u010dias ir v\u0117l i\u0161nykstan\u010dias kraujo d\u0117mes;<br \/>\napie vag\u012f, dar kart\u0105 \u012fvykdant\u012f t\u0105 pat\u012f nusikaltim\u0105;<br \/>\napie tai, k\u0105 pa\u0161nib\u017ed\u0117jo mir\u0161tantis apnuodytas \u017emogus;<br \/>\napie keist\u0105 nematom\u0105 testament\u0105;<\/p>\n<p>apie ai\u0161kiareg\u0119, i\u0161prana\u0161avusi\u0105, kad m\u0117lynoji pelargonija \u012fsp\u0117s apie art\u0117jan\u010di\u0105 mirt\u012f&#8230;<\/p>\n<p>Pabandykite nurungti \u201eAntradienio vakar\u0173 klubo\u201c dalyvius savo nuovokumu!<\/p>\n<\/div>\n<\/section>\n<\/div>\n","protected":false},"excerpt":{"rendered":"<div class=\"book-descript-wrapper\">\n<section class=\"product-descript more-content-wrapper\">\n<div class=\"\">\n<p>Vien\u0105 antradien\u012f, vakare, mis Marpl namuose susirenka keletas sve\u010di\u0173 ir pokalbis pakrypsta apie nei\u0161ai\u0161kinus nusikaltimus&#8230;<\/p>\n<p>&#8230;apie pasirodan\u010dias ir v\u0117l i\u0161nykstan\u010dias kraujo d\u0117mes;<br \/>\napie vag\u012f, dar kart\u0105 \u012fvykdant\u012f t\u0105 pat\u012f nusikaltim\u0105;<br \/>\napie tai, k\u0105 pa\u0161nib\u017ed\u0117jo mir\u0161tantis apnuodytas \u017emogus;<br \/>\napie keist\u0105 nematom\u0105 testament\u0105;<\/p>\n<p>apie ai\u0161kiareg\u0119, i\u0161prana\u0161avusi\u0105, kad m\u0117lynoji pelargonija \u012fsp\u0117s apie art\u0117jan\u010di\u0105 mirt\u012f&#8230;<\/p>\n<p>Pabandykite nurungti \u201eAntradienio vakar\u0173 klubo\u201c dalyvius savo nuovokumu!<\/p>\n<\/div>\n<\/section>\n<\/div>\n","protected":false},"featured_media":10360,"comment_status":"closed","ping_status":"closed","template":"","meta":{"_acf_changed":false,"site-sidebar-layout":"default","site-content-layout":"","ast-site-content-layout":"default","site-content-style":"default","site-sidebar-style":"default","ast-global-header-display":"","ast-banner-title-visibility":"","ast-main-header-display":"","ast-hfb-above-header-display":"","ast-hfb-below-header-display":"","ast-hfb-mobile-header-display":"","site-post-title":"","ast-breadcrumbs-content":"","ast-featured-img":"","footer-sml-layout":"","ast-disable-related-posts":"","theme-transparent-header-meta":"","adv-header-id-meta":"","stick-header-meta":"","header-above-stick-meta":"","header-main-stick-meta":"","header-below-stick-meta":"","astra-migrate-meta-layouts":"default","ast-page-background-enabled":"default","ast-page-background-meta":{"desktop":{"background-color":"","background-image":"","background-repeat":"repeat","background-position":"center center","background-size":"auto","background-attachment":"scroll","background-type":"","background-media":"","overlay-type":"","overlay-color":"","overlay-opacity":"","overlay-gradient":""},"tablet":{"background-color":"","background-image":"","background-repeat":"repeat","background-position":"center center","background-size":"auto","background-attachment":"scroll","background-type":"","background-media":"","overlay-type":"","overlay-color":"","overlay-opacity":"","overlay-gradient":""},"mobile":{"background-color":"","background-image":"","background-repeat":"repeat","background-position":"center center","background-size":"auto","background-attachment":"scroll","background-type":"","background-media":"","overlay-type":"","overlay-color":"","overlay-opacity":"","overlay-gradient":""}},"ast-content-background-meta":{"desktop":{"background-color":"var(--ast-global-color-4)","background-image":"","background-repeat":"repeat","background-position":"center center","background-size":"auto","background-attachment":"scroll","background-type":"","background-media":"","overlay-type":"","overlay-color":"","overlay-opacity":"","overlay-gradient":""},"tablet":{"background-color":"var(--ast-global-color-4)","background-image":"","background-repeat":"repeat","background-position":"center center","background-size":"auto","background-attachment":"scroll","background-type":"","background-media":"","overlay-type":"","overlay-color":"","overlay-opacity":"","overlay-gradient":""},"mobile":{"background-color":"var(--ast-global-color-4)","background-image":"","background-repeat":"repeat","background-position":"center center","background-size":"auto","background-attachment":"scroll","background-type":"","background-media":"","overlay-type":"","overlay-color":"","overlay-opacity":"","overlay-gradient":""}}},"product_brand":[],"product_cat":[9581],"product_tag":[],"class_list":{"0":"post-10312","1":"product","2":"type-product","3":"status-publish","4":"has-post-thumbnail","6":"product_cat-kriminaliniai-romanai","7":"desktop-align-left","8":"tablet-align-left","9":"mobile-align-left","11":"first","12":"outofstock","13":"shipping-taxable","14":"purchasable","15":"product-type-simple"},"acf":[],"yoast_head":"<!-- This site is optimized with the Yoast SEO plugin v27.4 - https:\/\/yoast.com\/product\/yoast-seo-wordpress\/ -->\n<title>A. Kristi \u201eTrylika galvos\u016bki\u0173\u201c - Skaitytaknyga<\/title>\n<meta name=\"description\" content=\"Vien\u0105 antradien\u012f, vakare, mis Marpl namuose susirenka keletas sve\u010di\u0173 ir pokalbis pakrypsta apie nei\u0161ai\u0161kinus nusikaltimus...  ...apie pasirodan\u010dias ir v\u0117l i\u0161nykstan\u010dias kraujo d\u0117mes; apie vag\u012f, dar kart\u0105 \u012fvykdant\u012f t\u0105 pat\u012f nusikaltim\u0105; apie tai, k\u0105 pa\u0161nib\u017ed\u0117jo mir\u0161tantis apnuodytas \u017emogus; apie keist\u0105 nematom\u0105 testament\u0105;  apie ai\u0161kiareg\u0119, i\u0161prana\u0161avusi\u0105, kad m\u0117lynoji pelargonija \u012fsp\u0117s apie art\u0117jan\u010di\u0105 mirt\u012f...  Pabandykite nurungti \u201eAntradienio vakar\u0173 klubo\u201c dalyvius savo nuovokumu!\" \/>\n<meta name=\"robots\" content=\"index, follow, max-snippet:-1, max-image-preview:large, max-video-preview:-1\" \/>\n<link rel=\"canonical\" href=\"https:\/\/skaitytaknyga.lt\/en\/produktas\/a-kristi-trylika-galvosukiu\/\" \/>\n<meta property=\"og:locale\" content=\"en_GB\" \/>\n<meta property=\"og:locale:alternate\" content=\"lt_LT\" \/>\n<meta property=\"og:type\" content=\"article\" \/>\n<meta property=\"og:title\" content=\"A. Kristi \u201eTrylika galvos\u016bki\u0173\u201c - Skaitytaknyga\" \/>\n<meta property=\"og:description\" content=\"Vien\u0105 antradien\u012f, vakare, mis Marpl namuose susirenka keletas sve\u010di\u0173 ir pokalbis pakrypsta apie nei\u0161ai\u0161kinus nusikaltimus...  ...apie pasirodan\u010dias ir v\u0117l i\u0161nykstan\u010dias kraujo d\u0117mes; apie vag\u012f, dar kart\u0105 \u012fvykdant\u012f t\u0105 pat\u012f nusikaltim\u0105; apie tai, k\u0105 pa\u0161nib\u017ed\u0117jo mir\u0161tantis apnuodytas \u017emogus; apie keist\u0105 nematom\u0105 testament\u0105;  apie ai\u0161kiareg\u0119, i\u0161prana\u0161avusi\u0105, kad m\u0117lynoji pelargonija \u012fsp\u0117s apie art\u0117jan\u010di\u0105 mirt\u012f...  Pabandykite nurungti \u201eAntradienio vakar\u0173 klubo\u201c dalyvius savo nuovokumu!\" \/>\n<meta property=\"og:url\" content=\"https:\/\/skaitytaknyga.lt\/en\/produktas\/a-kristi-trylika-galvosukiu\/\" \/>\n<meta property=\"og:site_name\" content=\"Skaitytaknyga\" \/>\n<meta property=\"article:publisher\" content=\"https:\/\/www.facebook.com\/skaitytaknyga\/\" \/>\n<meta property=\"article:modified_time\" content=\"2026-03-05T11:28:43+00:00\" \/>\n<meta property=\"og:image\" content=\"https:\/\/skaitytaknyga.lt\/wp-content\/uploads\/2024\/05\/1462885986_img0034-001.jpg\" \/>\n\t<meta property=\"og:image:width\" content=\"458\" \/>\n\t<meta property=\"og:image:height\" content=\"800\" \/>\n\t<meta property=\"og:image:type\" content=\"image\/jpeg\" \/>\n<meta name=\"twitter:card\" content=\"summary_large_image\" \/>\n<script type=\"application\/ld+json\" class=\"yoast-schema-graph\">{\"@context\":\"https:\\\/\\\/schema.org\",\"@graph\":[{\"@type\":\"WebPage\",\"@id\":\"https:\\\/\\\/skaitytaknyga.lt\\\/produktas\\\/a-kristi-trylika-galvosukiu\\\/\",\"url\":\"https:\\\/\\\/skaitytaknyga.lt\\\/produktas\\\/a-kristi-trylika-galvosukiu\\\/\",\"name\":\"A. Kristi \u201eTrylika galvos\u016bki\u0173\u201c - Skaitytaknyga\",\"isPartOf\":{\"@id\":\"https:\\\/\\\/skaitytaknyga.lt\\\/#website\"},\"primaryImageOfPage\":{\"@id\":\"https:\\\/\\\/skaitytaknyga.lt\\\/produktas\\\/a-kristi-trylika-galvosukiu\\\/#primaryimage\"},\"image\":{\"@id\":\"https:\\\/\\\/skaitytaknyga.lt\\\/produktas\\\/a-kristi-trylika-galvosukiu\\\/#primaryimage\"},\"thumbnailUrl\":\"https:\\\/\\\/skaitytaknyga.lt\\\/wp-content\\\/uploads\\\/2024\\\/05\\\/1462885986_img0034-001.jpg\",\"datePublished\":\"2024-05-04T18:12:26+00:00\",\"dateModified\":\"2026-03-05T11:28:43+00:00\",\"description\":\"Vien\u0105 antradien\u012f, vakare, mis Marpl namuose susirenka keletas sve\u010di\u0173 ir pokalbis pakrypsta apie nei\u0161ai\u0161kinus nusikaltimus... ...apie pasirodan\u010dias ir v\u0117l i\u0161nykstan\u010dias kraujo d\u0117mes; apie vag\u012f, dar kart\u0105 \u012fvykdant\u012f t\u0105 pat\u012f nusikaltim\u0105; apie tai, k\u0105 pa\u0161nib\u017ed\u0117jo mir\u0161tantis apnuodytas \u017emogus; apie keist\u0105 nematom\u0105 testament\u0105; apie ai\u0161kiareg\u0119, i\u0161prana\u0161avusi\u0105, kad m\u0117lynoji pelargonija \u012fsp\u0117s apie art\u0117jan\u010di\u0105 mirt\u012f... Pabandykite nurungti \u201eAntradienio vakar\u0173 klubo\u201c dalyvius savo nuovokumu!\",\"breadcrumb\":{\"@id\":\"https:\\\/\\\/skaitytaknyga.lt\\\/produktas\\\/a-kristi-trylika-galvosukiu\\\/#breadcrumb\"},\"inLanguage\":\"en-GB\",\"potentialAction\":[{\"@type\":\"ReadAction\",\"target\":[\"https:\\\/\\\/skaitytaknyga.lt\\\/produktas\\\/a-kristi-trylika-galvosukiu\\\/\"]}]},{\"@type\":\"ImageObject\",\"inLanguage\":\"en-GB\",\"@id\":\"https:\\\/\\\/skaitytaknyga.lt\\\/produktas\\\/a-kristi-trylika-galvosukiu\\\/#primaryimage\",\"url\":\"https:\\\/\\\/skaitytaknyga.lt\\\/wp-content\\\/uploads\\\/2024\\\/05\\\/1462885986_img0034-001.jpg\",\"contentUrl\":\"https:\\\/\\\/skaitytaknyga.lt\\\/wp-content\\\/uploads\\\/2024\\\/05\\\/1462885986_img0034-001.jpg\",\"width\":458,\"height\":800},{\"@type\":\"BreadcrumbList\",\"@id\":\"https:\\\/\\\/skaitytaknyga.lt\\\/produktas\\\/a-kristi-trylika-galvosukiu\\\/#breadcrumb\",\"itemListElement\":[{\"@type\":\"ListItem\",\"position\":1,\"name\":\"Home\",\"item\":\"https:\\\/\\\/skaitytaknyga.lt\\\/\"},{\"@type\":\"ListItem\",\"position\":2,\"name\":\"Parduotuv\u0117\",\"item\":\"https:\\\/\\\/skaitytaknyga.lt\\\/knygu-parduotuve\\\/\"},{\"@type\":\"ListItem\",\"position\":3,\"name\":\"A. Kristi \u201eTrylika galvos\u016bki\u0173\u201c\"}]},{\"@type\":\"WebSite\",\"@id\":\"https:\\\/\\\/skaitytaknyga.lt\\\/#website\",\"url\":\"https:\\\/\\\/skaitytaknyga.lt\\\/\",\"name\":\"skaitytaknyga.lt\",\"description\":\"Skaitytaknyga.lt \u2013 tai ma\u017eas \u0161eimos verslas, kuris prasid\u0117jo nuo meil\u0117s knygoms ir siekio i\u0161gelb\u0117ti knygas nuo likimo prie konteinerio. Kas vienam nereikalingas daiktas \u2013 kitam lobis, o mes esame tarpininkai, kurie padeda abiems tapti laimingesniems ???? \u017dinome kaip nelengva i\u0161gyventi ma\u017eiems verslams, tad nuo \u0161iol, \u010dia rasite ir kit\u0173, ma\u017e\u0173 \u0161eim\u0173 versl\u0173, rank\u0173 darbo, dovan\u0173 sau ir artimiesiems.\",\"publisher\":{\"@id\":\"https:\\\/\\\/skaitytaknyga.lt\\\/#organization\"},\"potentialAction\":[{\"@type\":\"SearchAction\",\"target\":{\"@type\":\"EntryPoint\",\"urlTemplate\":\"https:\\\/\\\/skaitytaknyga.lt\\\/?s={search_term_string}\"},\"query-input\":{\"@type\":\"PropertyValueSpecification\",\"valueRequired\":true,\"valueName\":\"search_term_string\"}}],\"inLanguage\":\"en-GB\"},{\"@type\":\"Organization\",\"@id\":\"https:\\\/\\\/skaitytaknyga.lt\\\/#organization\",\"name\":\"skaitytaknyga.lt\",\"url\":\"https:\\\/\\\/skaitytaknyga.lt\\\/\",\"logo\":{\"@type\":\"ImageObject\",\"inLanguage\":\"en-GB\",\"@id\":\"https:\\\/\\\/skaitytaknyga.lt\\\/#\\\/schema\\\/logo\\\/image\\\/\",\"url\":\"https:\\\/\\\/skaitytaknyga.lt\\\/wp-content\\\/uploads\\\/2024\\\/05\\\/cropped-cropped-cropped-02_00843_jt3bggkj1j3HLc7SyY6rEUpg.jpeg\",\"contentUrl\":\"https:\\\/\\\/skaitytaknyga.lt\\\/wp-content\\\/uploads\\\/2024\\\/05\\\/cropped-cropped-cropped-02_00843_jt3bggkj1j3HLc7SyY6rEUpg.jpeg\",\"width\":1600,\"height\":1600,\"caption\":\"skaitytaknyga.lt\"},\"image\":{\"@id\":\"https:\\\/\\\/skaitytaknyga.lt\\\/#\\\/schema\\\/logo\\\/image\\\/\"},\"sameAs\":[\"https:\\\/\\\/www.facebook.com\\\/skaitytaknyga\\\/\"]}]}<\/script>\n<!-- \/ Yoast SEO plugin. -->","yoast_head_json":{"title":"A. Kristi \u201eTrylika galvos\u016bki\u0173\u201c - Skaitytaknyga","description":"Vien\u0105 antradien\u012f, vakare, mis Marpl namuose susirenka keletas sve\u010di\u0173 ir pokalbis pakrypsta apie nei\u0161ai\u0161kinus nusikaltimus...  ...apie pasirodan\u010dias ir v\u0117l i\u0161nykstan\u010dias kraujo d\u0117mes; apie vag\u012f, dar kart\u0105 \u012fvykdant\u012f t\u0105 pat\u012f nusikaltim\u0105; apie tai, k\u0105 pa\u0161nib\u017ed\u0117jo mir\u0161tantis apnuodytas \u017emogus; apie keist\u0105 nematom\u0105 testament\u0105;  apie ai\u0161kiareg\u0119, i\u0161prana\u0161avusi\u0105, kad m\u0117lynoji pelargonija \u012fsp\u0117s apie art\u0117jan\u010di\u0105 mirt\u012f...  Pabandykite nurungti \u201eAntradienio vakar\u0173 klubo\u201c dalyvius savo nuovokumu!","robots":{"index":"index","follow":"follow","max-snippet":"max-snippet:-1","max-image-preview":"max-image-preview:large","max-video-preview":"max-video-preview:-1"},"canonical":"https:\/\/skaitytaknyga.lt\/en\/produktas\/a-kristi-trylika-galvosukiu\/","og_locale":"en_GB","og_type":"article","og_title":"A. Kristi \u201eTrylika galvos\u016bki\u0173\u201c - Skaitytaknyga","og_description":"Vien\u0105 antradien\u012f, vakare, mis Marpl namuose susirenka keletas sve\u010di\u0173 ir pokalbis pakrypsta apie nei\u0161ai\u0161kinus nusikaltimus...  ...apie pasirodan\u010dias ir v\u0117l i\u0161nykstan\u010dias kraujo d\u0117mes; apie vag\u012f, dar kart\u0105 \u012fvykdant\u012f t\u0105 pat\u012f nusikaltim\u0105; apie tai, k\u0105 pa\u0161nib\u017ed\u0117jo mir\u0161tantis apnuodytas \u017emogus; apie keist\u0105 nematom\u0105 testament\u0105;  apie ai\u0161kiareg\u0119, i\u0161prana\u0161avusi\u0105, kad m\u0117lynoji pelargonija \u012fsp\u0117s apie art\u0117jan\u010di\u0105 mirt\u012f...  Pabandykite nurungti \u201eAntradienio vakar\u0173 klubo\u201c dalyvius savo nuovokumu!","og_url":"https:\/\/skaitytaknyga.lt\/en\/produktas\/a-kristi-trylika-galvosukiu\/","og_site_name":"Skaitytaknyga","article_publisher":"https:\/\/www.facebook.com\/skaitytaknyga\/","article_modified_time":"2026-03-05T11:28:43+00:00","og_image":[{"width":458,"height":800,"url":"https:\/\/skaitytaknyga.lt\/wp-content\/uploads\/2024\/05\/1462885986_img0034-001.jpg","type":"image\/jpeg"}],"twitter_card":"summary_large_image","schema":{"@context":"https:\/\/schema.org","@graph":[{"@type":"WebPage","@id":"https:\/\/skaitytaknyga.lt\/produktas\/a-kristi-trylika-galvosukiu\/","url":"https:\/\/skaitytaknyga.lt\/produktas\/a-kristi-trylika-galvosukiu\/","name":"A. Kristi \u201eTrylika galvos\u016bki\u0173\u201c - Skaitytaknyga","isPartOf":{"@id":"https:\/\/skaitytaknyga.lt\/#website"},"primaryImageOfPage":{"@id":"https:\/\/skaitytaknyga.lt\/produktas\/a-kristi-trylika-galvosukiu\/#primaryimage"},"image":{"@id":"https:\/\/skaitytaknyga.lt\/produktas\/a-kristi-trylika-galvosukiu\/#primaryimage"},"thumbnailUrl":"https:\/\/skaitytaknyga.lt\/wp-content\/uploads\/2024\/05\/1462885986_img0034-001.jpg","datePublished":"2024-05-04T18:12:26+00:00","dateModified":"2026-03-05T11:28:43+00:00","description":"Vien\u0105 antradien\u012f, vakare, mis Marpl namuose susirenka keletas sve\u010di\u0173 ir pokalbis pakrypsta apie nei\u0161ai\u0161kinus nusikaltimus... ...apie pasirodan\u010dias ir v\u0117l i\u0161nykstan\u010dias kraujo d\u0117mes; apie vag\u012f, dar kart\u0105 \u012fvykdant\u012f t\u0105 pat\u012f nusikaltim\u0105; apie tai, k\u0105 pa\u0161nib\u017ed\u0117jo mir\u0161tantis apnuodytas \u017emogus; apie keist\u0105 nematom\u0105 testament\u0105; apie ai\u0161kiareg\u0119, i\u0161prana\u0161avusi\u0105, kad m\u0117lynoji pelargonija \u012fsp\u0117s apie art\u0117jan\u010di\u0105 mirt\u012f... Pabandykite nurungti \u201eAntradienio vakar\u0173 klubo\u201c dalyvius savo nuovokumu!","breadcrumb":{"@id":"https:\/\/skaitytaknyga.lt\/produktas\/a-kristi-trylika-galvosukiu\/#breadcrumb"},"inLanguage":"en-GB","potentialAction":[{"@type":"ReadAction","target":["https:\/\/skaitytaknyga.lt\/produktas\/a-kristi-trylika-galvosukiu\/"]}]},{"@type":"ImageObject","inLanguage":"en-GB","@id":"https:\/\/skaitytaknyga.lt\/produktas\/a-kristi-trylika-galvosukiu\/#primaryimage","url":"https:\/\/skaitytaknyga.lt\/wp-content\/uploads\/2024\/05\/1462885986_img0034-001.jpg","contentUrl":"https:\/\/skaitytaknyga.lt\/wp-content\/uploads\/2024\/05\/1462885986_img0034-001.jpg","width":458,"height":800},{"@type":"BreadcrumbList","@id":"https:\/\/skaitytaknyga.lt\/produktas\/a-kristi-trylika-galvosukiu\/#breadcrumb","itemListElement":[{"@type":"ListItem","position":1,"name":"Home","item":"https:\/\/skaitytaknyga.lt\/"},{"@type":"ListItem","position":2,"name":"Parduotuv\u0117","item":"https:\/\/skaitytaknyga.lt\/knygu-parduotuve\/"},{"@type":"ListItem","position":3,"name":"A. Kristi \u201eTrylika galvos\u016bki\u0173\u201c"}]},{"@type":"WebSite","@id":"https:\/\/skaitytaknyga.lt\/#website","url":"https:\/\/skaitytaknyga.lt\/","name":"skaitytaknyga.lt","description":"Skaitytaknyga.lt \u2013 tai ma\u017eas \u0161eimos verslas, kuris prasid\u0117jo nuo meil\u0117s knygoms ir siekio i\u0161gelb\u0117ti knygas nuo likimo prie konteinerio. Kas vienam nereikalingas daiktas \u2013 kitam lobis, o mes esame tarpininkai, kurie padeda abiems tapti laimingesniems ???? \u017dinome kaip nelengva i\u0161gyventi ma\u017eiems verslams, tad nuo \u0161iol, \u010dia rasite ir kit\u0173, ma\u017e\u0173 \u0161eim\u0173 versl\u0173, rank\u0173 darbo, dovan\u0173 sau ir artimiesiems.","publisher":{"@id":"https:\/\/skaitytaknyga.lt\/#organization"},"potentialAction":[{"@type":"SearchAction","target":{"@type":"EntryPoint","urlTemplate":"https:\/\/skaitytaknyga.lt\/?s={search_term_string}"},"query-input":{"@type":"PropertyValueSpecification","valueRequired":true,"valueName":"search_term_string"}}],"inLanguage":"en-GB"},{"@type":"Organization","@id":"https:\/\/skaitytaknyga.lt\/#organization","name":"skaitytaknyga.lt","url":"https:\/\/skaitytaknyga.lt\/","logo":{"@type":"ImageObject","inLanguage":"en-GB","@id":"https:\/\/skaitytaknyga.lt\/#\/schema\/logo\/image\/","url":"https:\/\/skaitytaknyga.lt\/wp-content\/uploads\/2024\/05\/cropped-cropped-cropped-02_00843_jt3bggkj1j3HLc7SyY6rEUpg.jpeg","contentUrl":"https:\/\/skaitytaknyga.lt\/wp-content\/uploads\/2024\/05\/cropped-cropped-cropped-02_00843_jt3bggkj1j3HLc7SyY6rEUpg.jpeg","width":1600,"height":1600,"caption":"skaitytaknyga.lt"},"image":{"@id":"https:\/\/skaitytaknyga.lt\/#\/schema\/logo\/image\/"},"sameAs":["https:\/\/www.facebook.com\/skaitytaknyga\/"]}]}},"_links":{"self":[{"href":"https:\/\/skaitytaknyga.lt\/en\/wp-json\/wp\/v2\/product\/10312","targetHints":{"allow":["GET"]}}],"collection":[{"href":"https:\/\/skaitytaknyga.lt\/en\/wp-json\/wp\/v2\/product"}],"about":[{"href":"https:\/\/skaitytaknyga.lt\/en\/wp-json\/wp\/v2\/types\/product"}],"replies":[{"embeddable":true,"href":"https:\/\/skaitytaknyga.lt\/en\/wp-json\/wp\/v2\/comments?post=10312"}],"wp:featuredmedia":[{"embeddable":true,"href":"https:\/\/skaitytaknyga.lt\/en\/wp-json\/wp\/v2\/media\/10360"}],"wp:attachment":[{"href":"https:\/\/skaitytaknyga.lt\/en\/wp-json\/wp\/v2\/media?parent=10312"}],"wp:term":[{"taxonomy":"product_brand","embeddable":true,"href":"https:\/\/skaitytaknyga.lt\/en\/wp-json\/wp\/v2\/product_brand?post=10312"},{"taxonomy":"product_cat","embeddable":true,"href":"https:\/\/skaitytaknyga.lt\/en\/wp-json\/wp\/v2\/product_cat?post=10312"},{"taxonomy":"product_tag","embeddable":true,"href":"https:\/\/skaitytaknyga.lt\/en\/wp-json\/wp\/v2\/product_tag?post=10312"}],"curies":[{"name":"wp","href":"https:\/\/api.w.org\/{rel}","templated":true}]}}