{"id":10292,"date":"2024-05-04T21:11:23","date_gmt":"2024-05-04T18:11:23","guid":{"rendered":"https:\/\/skaitytaknyga.lt\/?post_type=product&#038;p=10292"},"modified":"2025-06-12T10:54:57","modified_gmt":"2025-06-12T07:54:57","slug":"ferencas-jorsis-kapitonas-tenkesas-nr-94","status":"publish","type":"product","link":"https:\/\/skaitytaknyga.lt\/en\/produktas\/ferencas-jorsis-kapitonas-tenkesas-nr-94\/","title":{"rendered":"Kapitonas Tenke\u0161as  (Nr. 94)"},"content":{"rendered":"<p>Ferencas Jor\u0161is (1927-1994) \u2013 vengr\u0173 prozininkas, dramaturgas, Atilos Jo\u017eefo premijos laureatas (1984), para\u0161\u0119s daug gro\u017ein\u0117s literat\u016bros k\u016brini\u0173. Ta\u010diau labiausiai j\u012f i\u0161garsino romanas ir filmas \u201eKapitonas Tenke\u0161as\u201c.<\/p>\n<p>Kapitonas Tenke\u0161as \u2013 Habsburg\u0173 pulkininko barono Eber\u0161teino siaubas! Tai per j\u012f niekaip nesiseka susitvarkyti su tais vengr\u0173 kaimie\u010diais: i\u0161reikalauti i\u0161 j\u0173 duokl\u0117s ir kontribucijos! \u0160is \u017emogus \u2013 baisus mai\u0161tininkas. Jis ir kursto gyventojus neklausyti jo didenyb\u0117s imperatoriaus vald\u017eios. Tenke\u0161\u0105 b\u016btinai reikia su\u010diupti, kad ir kas b\u016bt\u0173: \u201ePilsim i\u0161 patrankos! U\u017emu\u0161im kad ir vis\u0105 \u0161imt\u0105, bet kad tik tarp j\u0173 b\u016bt\u0173 kapitonas Tenke\u0161as!\u201c<\/p>\n","protected":false},"excerpt":{"rendered":"<p>Ferencas Jor\u0161is (1927-1994) \u2013 vengr\u0173 prozininkas, dramaturgas, Atilos Jo\u017eefo premijos laureatas (1984), para\u0161\u0119s daug gro\u017ein\u0117s literat\u016bros k\u016brini\u0173. Ta\u010diau labiausiai j\u012f i\u0161garsino romanas ir filmas \u201eKapitonas Tenke\u0161as\u201c.<\/p>\n<p>Kapitonas Tenke\u0161as \u2013 Habsburg\u0173 pulkininko barono Eber\u0161teino siaubas! Tai per j\u012f niekaip nesiseka susitvarkyti su tais vengr\u0173 kaimie\u010diais: i\u0161reikalauti i\u0161 j\u0173 duokl\u0117s ir kontribucijos! \u0160is \u017emogus \u2013 baisus mai\u0161tininkas. Jis ir kursto gyventojus neklausyti jo didenyb\u0117s imperatoriaus vald\u017eios. Tenke\u0161\u0105 b\u016btinai reikia su\u010diupti, kad ir kas b\u016bt\u0173: \u201ePilsim i\u0161 patrankos! U\u017emu\u0161im kad ir vis\u0105 \u0161imt\u0105, bet kad tik tarp j\u0173 b\u016bt\u0173 kapitonas Tenke\u0161as!\u201c<\/p>\n","protected":false},"featured_media":10337,"comment_status":"closed","ping_status":"closed","template":"","meta":{"_acf_changed":false,"site-sidebar-layout":"default","site-content-layout":"","ast-site-content-layout":"default","site-content-style":"default","site-sidebar-style":"default","ast-global-header-display":"","ast-banner-title-visibility":"","ast-main-header-display":"","ast-hfb-above-header-display":"","ast-hfb-below-header-display":"","ast-hfb-mobile-header-display":"","site-post-title":"","ast-breadcrumbs-content":"","ast-featured-img":"","footer-sml-layout":"","ast-disable-related-posts":"","theme-transparent-header-meta":"","adv-header-id-meta":"","stick-header-meta":"","header-above-stick-meta":"","header-main-stick-meta":"","header-below-stick-meta":"","astra-migrate-meta-layouts":"default","ast-page-background-enabled":"default","ast-page-background-meta":{"desktop":{"background-color":"","background-image":"","background-repeat":"repeat","background-position":"center center","background-size":"auto","background-attachment":"scroll","background-type":"","background-media":"","overlay-type":"","overlay-color":"","overlay-opacity":"","overlay-gradient":""},"tablet":{"background-color":"","background-image":"","background-repeat":"repeat","background-position":"center center","background-size":"auto","background-attachment":"scroll","background-type":"","background-media":"","overlay-type":"","overlay-color":"","overlay-opacity":"","overlay-gradient":""},"mobile":{"background-color":"","background-image":"","background-repeat":"repeat","background-position":"center center","background-size":"auto","background-attachment":"scroll","background-type":"","background-media":"","overlay-type":"","overlay-color":"","overlay-opacity":"","overlay-gradient":""}},"ast-content-background-meta":{"desktop":{"background-color":"var(--ast-global-color-4)","background-image":"","background-repeat":"repeat","background-position":"center center","background-size":"auto","background-attachment":"scroll","background-type":"","background-media":"","overlay-type":"","overlay-color":"","overlay-opacity":"","overlay-gradient":""},"tablet":{"background-color":"var(--ast-global-color-4)","background-image":"","background-repeat":"repeat","background-position":"center center","background-size":"auto","background-attachment":"scroll","background-type":"","background-media":"","overlay-type":"","overlay-color":"","overlay-opacity":"","overlay-gradient":""},"mobile":{"background-color":"var(--ast-global-color-4)","background-image":"","background-repeat":"repeat","background-position":"center center","background-size":"auto","background-attachment":"scroll","background-type":"","background-media":"","overlay-type":"","overlay-color":"","overlay-opacity":"","overlay-gradient":""}}},"product_brand":[],"product_cat":[484],"product_tag":[4118,2069,4119],"class_list":{"0":"post-10292","1":"product","2":"type-product","3":"status-publish","4":"has-post-thumbnail","6":"product_cat-drasiuju-keliai","7":"product_tag-ferencas-jorsis","8":"product_tag-istorinis-romanas","9":"product_tag-vengru-literatura","10":"desktop-align-left","11":"tablet-align-left","12":"mobile-align-left","14":"first","15":"instock","16":"shipping-taxable","17":"purchasable","18":"product-type-simple"},"acf":[],"yoast_head":"<!-- This site is optimized with the Yoast SEO plugin v27.0 - https:\/\/yoast.com\/product\/yoast-seo-wordpress\/ -->\n<title>Kapitonas Tenke\u0161as (Nr. 94)<\/title>\n<meta name=\"description\" content=\"Ferencas Jor\u0161is (1927-1994) \u2013 vengr\u0173 prozininkas, dramaturgas, Atilos Jo\u017eefo premijos laureatas (1984), para\u0161\u0119s daug gro\u017ein\u0117s literat\u016bros k\u016brini\u0173. Ta\u010diau labiausiai j\u012f i\u0161garsino romanas ir filmas \u201eKapitonas Tenke\u0161as\u201c. Kapitonas Tenke\u0161as \u2013 Habsburg\u0173 pulkininko barono Eber\u0161teino siaubas! Tai per j\u012f niekaip nesiseka susitvarkyti su tais vengr\u0173 kaimie\u010diais: i\u0161reikalauti i\u0161 j\u0173 duokl\u0117s ir kontribucijos! \u0160is \u017emogus \u2013 baisus mai\u0161tininkas. Jis ir kursto gyventojus neklausyti jo didenyb\u0117s imperatoriaus vald\u017eios. Tenke\u0161\u0105 b\u016btinai reikia su\u010diupti, kad ir kas b\u016bt\u0173: \u201ePilsim i\u0161 patrankos! U\u017emu\u0161im kad ir vis\u0105 \u0161imt\u0105, bet kad tik tarp j\u0173 b\u016bt\u0173 kapitonas Tenke\u0161as!\u201c\" \/>\n<meta name=\"robots\" content=\"index, follow, max-snippet:-1, max-image-preview:large, max-video-preview:-1\" \/>\n<link rel=\"canonical\" href=\"https:\/\/skaitytaknyga.lt\/en\/produktas\/ferencas-jorsis-kapitonas-tenkesas-nr-94\/\" \/>\n<meta property=\"og:locale\" content=\"en_GB\" \/>\n<meta property=\"og:locale:alternate\" content=\"lt_LT\" \/>\n<meta property=\"og:type\" content=\"article\" \/>\n<meta property=\"og:title\" content=\"Kapitonas Tenke\u0161as (Nr. 94)\" \/>\n<meta property=\"og:description\" content=\"Ferencas Jor\u0161is (1927-1994) \u2013 vengr\u0173 prozininkas, dramaturgas, Atilos Jo\u017eefo premijos laureatas (1984), para\u0161\u0119s daug gro\u017ein\u0117s literat\u016bros k\u016brini\u0173. Ta\u010diau labiausiai j\u012f i\u0161garsino romanas ir filmas \u201eKapitonas Tenke\u0161as\u201c. Kapitonas Tenke\u0161as \u2013 Habsburg\u0173 pulkininko barono Eber\u0161teino siaubas! Tai per j\u012f niekaip nesiseka susitvarkyti su tais vengr\u0173 kaimie\u010diais: i\u0161reikalauti i\u0161 j\u0173 duokl\u0117s ir kontribucijos! \u0160is \u017emogus \u2013 baisus mai\u0161tininkas. Jis ir kursto gyventojus neklausyti jo didenyb\u0117s imperatoriaus vald\u017eios. Tenke\u0161\u0105 b\u016btinai reikia su\u010diupti, kad ir kas b\u016bt\u0173: \u201ePilsim i\u0161 patrankos! U\u017emu\u0161im kad ir vis\u0105 \u0161imt\u0105, bet kad tik tarp j\u0173 b\u016bt\u0173 kapitonas Tenke\u0161as!\u201c\" \/>\n<meta property=\"og:url\" content=\"https:\/\/skaitytaknyga.lt\/en\/produktas\/ferencas-jorsis-kapitonas-tenkesas-nr-94\/\" \/>\n<meta property=\"og:site_name\" content=\"Skaitytaknyga\" \/>\n<meta property=\"article:publisher\" content=\"https:\/\/www.facebook.com\/skaitytaknyga\/\" \/>\n<meta property=\"article:modified_time\" content=\"2025-06-12T07:54:57+00:00\" \/>\n<meta property=\"og:image\" content=\"https:\/\/skaitytaknyga.lt\/wp-content\/uploads\/2024\/05\/img-0017.jpg\" \/>\n\t<meta property=\"og:image:width\" content=\"263\" \/>\n\t<meta property=\"og:image:height\" content=\"430\" \/>\n\t<meta property=\"og:image:type\" content=\"image\/jpeg\" \/>\n<meta name=\"twitter:card\" content=\"summary_large_image\" \/>\n<meta name=\"twitter:label1\" content=\"Estimated reading time\" \/>\n\t<meta name=\"twitter:data1\" content=\"1 minute\" \/>\n<script type=\"application\/ld+json\" class=\"yoast-schema-graph\">{\"@context\":\"https:\/\/schema.org\",\"@graph\":[{\"@type\":\"WebPage\",\"@id\":\"https:\/\/skaitytaknyga.lt\/produktas\/ferencas-jorsis-kapitonas-tenkesas-nr-94\/\",\"url\":\"https:\/\/skaitytaknyga.lt\/produktas\/ferencas-jorsis-kapitonas-tenkesas-nr-94\/\",\"name\":\"Kapitonas Tenke\u0161as (Nr. 94)\",\"isPartOf\":{\"@id\":\"https:\/\/skaitytaknyga.lt\/#website\"},\"primaryImageOfPage\":{\"@id\":\"https:\/\/skaitytaknyga.lt\/produktas\/ferencas-jorsis-kapitonas-tenkesas-nr-94\/#primaryimage\"},\"image\":{\"@id\":\"https:\/\/skaitytaknyga.lt\/produktas\/ferencas-jorsis-kapitonas-tenkesas-nr-94\/#primaryimage\"},\"thumbnailUrl\":\"https:\/\/skaitytaknyga.lt\/wp-content\/uploads\/2024\/05\/img-0017.jpg\",\"datePublished\":\"2024-05-04T18:11:23+00:00\",\"dateModified\":\"2025-06-12T07:54:57+00:00\",\"description\":\"Ferencas Jor\u0161is (1927-1994) \u2013 vengr\u0173 prozininkas, dramaturgas, Atilos Jo\u017eefo premijos laureatas (1984), para\u0161\u0119s daug gro\u017ein\u0117s literat\u016bros k\u016brini\u0173. Ta\u010diau labiausiai j\u012f i\u0161garsino romanas ir filmas \u201eKapitonas Tenke\u0161as\u201c. Kapitonas Tenke\u0161as \u2013 Habsburg\u0173 pulkininko barono Eber\u0161teino siaubas! Tai per j\u012f niekaip nesiseka susitvarkyti su tais vengr\u0173 kaimie\u010diais: i\u0161reikalauti i\u0161 j\u0173 duokl\u0117s ir kontribucijos! \u0160is \u017emogus \u2013 baisus mai\u0161tininkas. Jis ir kursto gyventojus neklausyti jo didenyb\u0117s imperatoriaus vald\u017eios. Tenke\u0161\u0105 b\u016btinai reikia su\u010diupti, kad ir kas b\u016bt\u0173: \u201ePilsim i\u0161 patrankos! U\u017emu\u0161im kad ir vis\u0105 \u0161imt\u0105, bet kad tik tarp j\u0173 b\u016bt\u0173 kapitonas Tenke\u0161as!\u201c\",\"breadcrumb\":{\"@id\":\"https:\/\/skaitytaknyga.lt\/produktas\/ferencas-jorsis-kapitonas-tenkesas-nr-94\/#breadcrumb\"},\"inLanguage\":\"en-GB\",\"potentialAction\":[{\"@type\":\"ReadAction\",\"target\":[\"https:\/\/skaitytaknyga.lt\/produktas\/ferencas-jorsis-kapitonas-tenkesas-nr-94\/\"]}]},{\"@type\":\"ImageObject\",\"inLanguage\":\"en-GB\",\"@id\":\"https:\/\/skaitytaknyga.lt\/produktas\/ferencas-jorsis-kapitonas-tenkesas-nr-94\/#primaryimage\",\"url\":\"https:\/\/skaitytaknyga.lt\/wp-content\/uploads\/2024\/05\/img-0017.jpg\",\"contentUrl\":\"https:\/\/skaitytaknyga.lt\/wp-content\/uploads\/2024\/05\/img-0017.jpg\",\"width\":263,\"height\":430},{\"@type\":\"BreadcrumbList\",\"@id\":\"https:\/\/skaitytaknyga.lt\/produktas\/ferencas-jorsis-kapitonas-tenkesas-nr-94\/#breadcrumb\",\"itemListElement\":[{\"@type\":\"ListItem\",\"position\":1,\"name\":\"Home\",\"item\":\"https:\/\/skaitytaknyga.lt\/\"},{\"@type\":\"ListItem\",\"position\":2,\"name\":\"Parduotuv\u0117\",\"item\":\"https:\/\/skaitytaknyga.lt\/knygu-parduotuve\/\"},{\"@type\":\"ListItem\",\"position\":3,\"name\":\"Kapitonas Tenke\u0161as (Nr. 94)\"}]},{\"@type\":\"WebSite\",\"@id\":\"https:\/\/skaitytaknyga.lt\/#website\",\"url\":\"https:\/\/skaitytaknyga.lt\/\",\"name\":\"skaitytaknyga.lt\",\"description\":\"Skaitytaknyga.lt \u2013 tai ma\u017eas \u0161eimos verslas, kuris prasid\u0117jo nuo meil\u0117s knygoms ir siekio i\u0161gelb\u0117ti knygas nuo likimo prie konteinerio. Kas vienam nereikalingas daiktas \u2013 kitam lobis, o mes esame tarpininkai, kurie padeda abiems tapti laimingesniems ???? \u017dinome kaip nelengva i\u0161gyventi ma\u017eiems verslams, tad nuo \u0161iol, \u010dia rasite ir kit\u0173, ma\u017e\u0173 \u0161eim\u0173 versl\u0173, rank\u0173 darbo, dovan\u0173 sau ir artimiesiems.\",\"publisher\":{\"@id\":\"https:\/\/skaitytaknyga.lt\/#organization\"},\"potentialAction\":[{\"@type\":\"SearchAction\",\"target\":{\"@type\":\"EntryPoint\",\"urlTemplate\":\"https:\/\/skaitytaknyga.lt\/?s={search_term_string}\"},\"query-input\":{\"@type\":\"PropertyValueSpecification\",\"valueRequired\":true,\"valueName\":\"search_term_string\"}}],\"inLanguage\":\"en-GB\"},{\"@type\":\"Organization\",\"@id\":\"https:\/\/skaitytaknyga.lt\/#organization\",\"name\":\"skaitytaknyga.lt\",\"url\":\"https:\/\/skaitytaknyga.lt\/\",\"logo\":{\"@type\":\"ImageObject\",\"inLanguage\":\"en-GB\",\"@id\":\"https:\/\/skaitytaknyga.lt\/#\/schema\/logo\/image\/\",\"url\":\"https:\/\/skaitytaknyga.lt\/wp-content\/uploads\/2024\/05\/cropped-cropped-cropped-02_00843_jt3bggkj1j3HLc7SyY6rEUpg.jpeg\",\"contentUrl\":\"https:\/\/skaitytaknyga.lt\/wp-content\/uploads\/2024\/05\/cropped-cropped-cropped-02_00843_jt3bggkj1j3HLc7SyY6rEUpg.jpeg\",\"width\":1600,\"height\":1600,\"caption\":\"skaitytaknyga.lt\"},\"image\":{\"@id\":\"https:\/\/skaitytaknyga.lt\/#\/schema\/logo\/image\/\"},\"sameAs\":[\"https:\/\/www.facebook.com\/skaitytaknyga\/\"]}]}<\/script>\n<!-- \/ Yoast SEO plugin. -->","yoast_head_json":{"title":"Kapitonas Tenke\u0161as (Nr. 94)","description":"Ferencas Jor\u0161is (1927-1994) \u2013 vengr\u0173 prozininkas, dramaturgas, Atilos Jo\u017eefo premijos laureatas (1984), para\u0161\u0119s daug gro\u017ein\u0117s literat\u016bros k\u016brini\u0173. Ta\u010diau labiausiai j\u012f i\u0161garsino romanas ir filmas \u201eKapitonas Tenke\u0161as\u201c. Kapitonas Tenke\u0161as \u2013 Habsburg\u0173 pulkininko barono Eber\u0161teino siaubas! Tai per j\u012f niekaip nesiseka susitvarkyti su tais vengr\u0173 kaimie\u010diais: i\u0161reikalauti i\u0161 j\u0173 duokl\u0117s ir kontribucijos! \u0160is \u017emogus \u2013 baisus mai\u0161tininkas. Jis ir kursto gyventojus neklausyti jo didenyb\u0117s imperatoriaus vald\u017eios. Tenke\u0161\u0105 b\u016btinai reikia su\u010diupti, kad ir kas b\u016bt\u0173: \u201ePilsim i\u0161 patrankos! U\u017emu\u0161im kad ir vis\u0105 \u0161imt\u0105, bet kad tik tarp j\u0173 b\u016bt\u0173 kapitonas Tenke\u0161as!\u201c","robots":{"index":"index","follow":"follow","max-snippet":"max-snippet:-1","max-image-preview":"max-image-preview:large","max-video-preview":"max-video-preview:-1"},"canonical":"https:\/\/skaitytaknyga.lt\/en\/produktas\/ferencas-jorsis-kapitonas-tenkesas-nr-94\/","og_locale":"en_GB","og_type":"article","og_title":"[:lt]Kapitonas Tenke\u0161as (Nr. 94)[:] - Skaitytaknyga","og_description":"Ferencas Jor\u0161is (1927-1994) \u2013 vengr\u0173 prozininkas, dramaturgas, Atilos Jo\u017eefo premijos laureatas (1984), para\u0161\u0119s daug gro\u017ein\u0117s literat\u016bros k\u016brini\u0173. Ta\u010diau labiausiai j\u012f i\u0161garsino romanas ir filmas \u201eKapitonas Tenke\u0161as\u201c. Kapitonas Tenke\u0161as \u2013 Habsburg\u0173 pulkininko barono Eber\u0161teino siaubas! Tai per j\u012f niekaip nesiseka susitvarkyti su tais vengr\u0173 kaimie\u010diais: i\u0161reikalauti i\u0161 j\u0173 duokl\u0117s ir kontribucijos! \u0160is \u017emogus \u2013 baisus mai\u0161tininkas. Jis ir kursto gyventojus neklausyti jo didenyb\u0117s imperatoriaus vald\u017eios. Tenke\u0161\u0105 b\u016btinai reikia su\u010diupti, kad ir kas b\u016bt\u0173: \u201ePilsim i\u0161 patrankos! U\u017emu\u0161im kad ir vis\u0105 \u0161imt\u0105, bet kad tik tarp j\u0173 b\u016bt\u0173 kapitonas Tenke\u0161as!\u201c","og_url":"https:\/\/skaitytaknyga.lt\/en\/produktas\/ferencas-jorsis-kapitonas-tenkesas-nr-94\/","og_site_name":"Skaitytaknyga","article_publisher":"https:\/\/www.facebook.com\/skaitytaknyga\/","article_modified_time":"2025-06-12T07:54:57+00:00","og_image":[{"width":263,"height":430,"url":"https:\/\/skaitytaknyga.lt\/wp-content\/uploads\/2024\/05\/img-0017.jpg","type":"image\/jpeg"}],"twitter_card":"summary_large_image","twitter_misc":{"Estimated reading time":"1 minute"},"schema":{"@context":"https:\/\/schema.org","@graph":[{"@type":"WebPage","@id":"https:\/\/skaitytaknyga.lt\/produktas\/ferencas-jorsis-kapitonas-tenkesas-nr-94\/","url":"https:\/\/skaitytaknyga.lt\/produktas\/ferencas-jorsis-kapitonas-tenkesas-nr-94\/","name":"Kapitonas Tenke\u0161as (Nr. 94)","isPartOf":{"@id":"https:\/\/skaitytaknyga.lt\/#website"},"primaryImageOfPage":{"@id":"https:\/\/skaitytaknyga.lt\/produktas\/ferencas-jorsis-kapitonas-tenkesas-nr-94\/#primaryimage"},"image":{"@id":"https:\/\/skaitytaknyga.lt\/produktas\/ferencas-jorsis-kapitonas-tenkesas-nr-94\/#primaryimage"},"thumbnailUrl":"https:\/\/skaitytaknyga.lt\/wp-content\/uploads\/2024\/05\/img-0017.jpg","datePublished":"2024-05-04T18:11:23+00:00","dateModified":"2025-06-12T07:54:57+00:00","description":"Ferencas Jor\u0161is (1927-1994) \u2013 vengr\u0173 prozininkas, dramaturgas, Atilos Jo\u017eefo premijos laureatas (1984), para\u0161\u0119s daug gro\u017ein\u0117s literat\u016bros k\u016brini\u0173. Ta\u010diau labiausiai j\u012f i\u0161garsino romanas ir filmas \u201eKapitonas Tenke\u0161as\u201c. Kapitonas Tenke\u0161as \u2013 Habsburg\u0173 pulkininko barono Eber\u0161teino siaubas! Tai per j\u012f niekaip nesiseka susitvarkyti su tais vengr\u0173 kaimie\u010diais: i\u0161reikalauti i\u0161 j\u0173 duokl\u0117s ir kontribucijos! \u0160is \u017emogus \u2013 baisus mai\u0161tininkas. Jis ir kursto gyventojus neklausyti jo didenyb\u0117s imperatoriaus vald\u017eios. Tenke\u0161\u0105 b\u016btinai reikia su\u010diupti, kad ir kas b\u016bt\u0173: \u201ePilsim i\u0161 patrankos! U\u017emu\u0161im kad ir vis\u0105 \u0161imt\u0105, bet kad tik tarp j\u0173 b\u016bt\u0173 kapitonas Tenke\u0161as!\u201c","breadcrumb":{"@id":"https:\/\/skaitytaknyga.lt\/produktas\/ferencas-jorsis-kapitonas-tenkesas-nr-94\/#breadcrumb"},"inLanguage":"en-GB","potentialAction":[{"@type":"ReadAction","target":["https:\/\/skaitytaknyga.lt\/produktas\/ferencas-jorsis-kapitonas-tenkesas-nr-94\/"]}]},{"@type":"ImageObject","inLanguage":"en-GB","@id":"https:\/\/skaitytaknyga.lt\/produktas\/ferencas-jorsis-kapitonas-tenkesas-nr-94\/#primaryimage","url":"https:\/\/skaitytaknyga.lt\/wp-content\/uploads\/2024\/05\/img-0017.jpg","contentUrl":"https:\/\/skaitytaknyga.lt\/wp-content\/uploads\/2024\/05\/img-0017.jpg","width":263,"height":430},{"@type":"BreadcrumbList","@id":"https:\/\/skaitytaknyga.lt\/produktas\/ferencas-jorsis-kapitonas-tenkesas-nr-94\/#breadcrumb","itemListElement":[{"@type":"ListItem","position":1,"name":"Home","item":"https:\/\/skaitytaknyga.lt\/"},{"@type":"ListItem","position":2,"name":"Parduotuv\u0117","item":"https:\/\/skaitytaknyga.lt\/knygu-parduotuve\/"},{"@type":"ListItem","position":3,"name":"Kapitonas Tenke\u0161as (Nr. 94)"}]},{"@type":"WebSite","@id":"https:\/\/skaitytaknyga.lt\/#website","url":"https:\/\/skaitytaknyga.lt\/","name":"skaitytaknyga.lt","description":"Skaitytaknyga.lt \u2013 tai ma\u017eas \u0161eimos verslas, kuris prasid\u0117jo nuo meil\u0117s knygoms ir siekio i\u0161gelb\u0117ti knygas nuo likimo prie konteinerio. Kas vienam nereikalingas daiktas \u2013 kitam lobis, o mes esame tarpininkai, kurie padeda abiems tapti laimingesniems ???? \u017dinome kaip nelengva i\u0161gyventi ma\u017eiems verslams, tad nuo \u0161iol, \u010dia rasite ir kit\u0173, ma\u017e\u0173 \u0161eim\u0173 versl\u0173, rank\u0173 darbo, dovan\u0173 sau ir artimiesiems.","publisher":{"@id":"https:\/\/skaitytaknyga.lt\/#organization"},"potentialAction":[{"@type":"SearchAction","target":{"@type":"EntryPoint","urlTemplate":"https:\/\/skaitytaknyga.lt\/?s={search_term_string}"},"query-input":{"@type":"PropertyValueSpecification","valueRequired":true,"valueName":"search_term_string"}}],"inLanguage":"en-GB"},{"@type":"Organization","@id":"https:\/\/skaitytaknyga.lt\/#organization","name":"skaitytaknyga.lt","url":"https:\/\/skaitytaknyga.lt\/","logo":{"@type":"ImageObject","inLanguage":"en-GB","@id":"https:\/\/skaitytaknyga.lt\/#\/schema\/logo\/image\/","url":"https:\/\/skaitytaknyga.lt\/wp-content\/uploads\/2024\/05\/cropped-cropped-cropped-02_00843_jt3bggkj1j3HLc7SyY6rEUpg.jpeg","contentUrl":"https:\/\/skaitytaknyga.lt\/wp-content\/uploads\/2024\/05\/cropped-cropped-cropped-02_00843_jt3bggkj1j3HLc7SyY6rEUpg.jpeg","width":1600,"height":1600,"caption":"skaitytaknyga.lt"},"image":{"@id":"https:\/\/skaitytaknyga.lt\/#\/schema\/logo\/image\/"},"sameAs":["https:\/\/www.facebook.com\/skaitytaknyga\/"]}]}},"_links":{"self":[{"href":"https:\/\/skaitytaknyga.lt\/en\/wp-json\/wp\/v2\/product\/10292","targetHints":{"allow":["GET"]}}],"collection":[{"href":"https:\/\/skaitytaknyga.lt\/en\/wp-json\/wp\/v2\/product"}],"about":[{"href":"https:\/\/skaitytaknyga.lt\/en\/wp-json\/wp\/v2\/types\/product"}],"replies":[{"embeddable":true,"href":"https:\/\/skaitytaknyga.lt\/en\/wp-json\/wp\/v2\/comments?post=10292"}],"wp:featuredmedia":[{"embeddable":true,"href":"https:\/\/skaitytaknyga.lt\/en\/wp-json\/wp\/v2\/media\/10337"}],"wp:attachment":[{"href":"https:\/\/skaitytaknyga.lt\/en\/wp-json\/wp\/v2\/media?parent=10292"}],"wp:term":[{"taxonomy":"product_brand","embeddable":true,"href":"https:\/\/skaitytaknyga.lt\/en\/wp-json\/wp\/v2\/product_brand?post=10292"},{"taxonomy":"product_cat","embeddable":true,"href":"https:\/\/skaitytaknyga.lt\/en\/wp-json\/wp\/v2\/product_cat?post=10292"},{"taxonomy":"product_tag","embeddable":true,"href":"https:\/\/skaitytaknyga.lt\/en\/wp-json\/wp\/v2\/product_tag?post=10292"}],"curies":[{"name":"wp","href":"https:\/\/api.w.org\/{rel}","templated":true}]}}