{"id":10289,"date":"2024-05-04T18:11:23","date_gmt":"2024-05-04T18:11:23","guid":{"rendered":"https:\/\/skaitytaknyga.lt\/?post_type=product&#038;p=10289"},"modified":"2025-05-03T10:24:31","modified_gmt":"2025-05-03T07:24:31","slug":"rafaelis-dzovanjolis-spartakas-nr-143","status":"publish","type":"product","link":"https:\/\/skaitytaknyga.lt\/en\/produktas\/rafaelis-dzovanjolis-spartakas-nr-143\/","title":{"rendered":"Rafaelis D\u017eovanjolis \u201eSpartakas\u201c (Nr. 143)"},"content":{"rendered":"<p><strong>Rafaelis D\u017eovanjolis<\/strong>\u00a0(Raffaello Giovagnoli, 1838\u20131915) \u2013 populiarus ital\u0173 ra\u0161ytojas, istorikas, roman\u0173 ciklo apie Romos imperij\u0105 autorius. \u201eSpartakas\u201c \u2013 vertingiausias ir skaitomiausias \u0161io ciklo romanas. Spartakas \u2013 garsiausias vis\u0173 laik\u0173 gladiatorius, gyven\u0119s I a. pr. Kr. Gim\u0117 Trakijoje, rom\u0117n\u0173 buvo paimtas \u012f nelaisv\u0119, parduotas \u012f vergij\u0105 ir atiduotas \u012f Kapujos gladiatori\u0173 mokykl\u0105.<\/p>\n<p>I\u0161 jos su grupe gladiatori\u0173 pab\u0117go ir prad\u0117jo vadovauti verg\u0173 sukilimui. Jo vadovaujama sukilusi\u0173 verg\u0173 armija, kurioje, kai kuri\u0173 \u0161altini\u0173 teigimu, buvo apie 120000 \u017emoni\u0173, pasiek\u0117 net Mesinos s\u0105siaur\u012f, tik\u0117damasi su pirat\u0173 pagalba nusigauti iki Sicilijos. Ta\u010diau piratai nepasirod\u0117&#8230; Apie legendin\u012f kovotoj\u0105 sukurtas ne vienas filmas, keli mini serialai, romanai, baletas.<\/p>\n","protected":false},"excerpt":{"rendered":"<p><strong>Rafaelis D\u017eovanjolis<\/strong>\u00a0(Raffaello Giovagnoli, 1838\u20131915) \u2013 populiarus ital\u0173 ra\u0161ytojas, istorikas, roman\u0173 ciklo apie Romos imperij\u0105 autorius. \u201eSpartakas\u201c \u2013 vertingiausias ir skaitomiausias \u0161io ciklo romanas. Spartakas \u2013 garsiausias vis\u0173 laik\u0173 gladiatorius, gyven\u0119s I a. pr. Kr. Gim\u0117 Trakijoje, rom\u0117n\u0173 buvo paimtas \u012f nelaisv\u0119, parduotas \u012f vergij\u0105 ir atiduotas \u012f Kapujos gladiatori\u0173 mokykl\u0105.<\/p>\n<p>I\u0161 jos su grupe gladiatori\u0173 pab\u0117go ir prad\u0117jo vadovauti verg\u0173 sukilimui. Jo vadovaujama sukilusi\u0173 verg\u0173 armija, kurioje, kai kuri\u0173 \u0161altini\u0173 teigimu, buvo apie 120000 \u017emoni\u0173, pasiek\u0117 net Mesinos s\u0105siaur\u012f, tik\u0117damasi su pirat\u0173 pagalba nusigauti iki Sicilijos. Ta\u010diau piratai nepasirod\u0117&#8230; Apie legendin\u012f kovotoj\u0105 sukurtas ne vienas filmas, keli mini serialai, romanai, baletas.<\/p>\n","protected":false},"featured_media":10334,"comment_status":"closed","ping_status":"closed","template":"","meta":{"_acf_changed":false,"site-sidebar-layout":"default","site-content-layout":"","ast-site-content-layout":"default","site-content-style":"default","site-sidebar-style":"default","ast-global-header-display":"","ast-banner-title-visibility":"","ast-main-header-display":"","ast-hfb-above-header-display":"","ast-hfb-below-header-display":"","ast-hfb-mobile-header-display":"","site-post-title":"","ast-breadcrumbs-content":"","ast-featured-img":"","footer-sml-layout":"","ast-disable-related-posts":"","theme-transparent-header-meta":"","adv-header-id-meta":"","stick-header-meta":"","header-above-stick-meta":"","header-main-stick-meta":"","header-below-stick-meta":"","astra-migrate-meta-layouts":"default","ast-page-background-enabled":"default","ast-page-background-meta":{"desktop":{"background-color":"","background-image":"","background-repeat":"repeat","background-position":"center center","background-size":"auto","background-attachment":"scroll","background-type":"","background-media":"","overlay-type":"","overlay-color":"","overlay-opacity":"","overlay-gradient":""},"tablet":{"background-color":"","background-image":"","background-repeat":"repeat","background-position":"center center","background-size":"auto","background-attachment":"scroll","background-type":"","background-media":"","overlay-type":"","overlay-color":"","overlay-opacity":"","overlay-gradient":""},"mobile":{"background-color":"","background-image":"","background-repeat":"repeat","background-position":"center center","background-size":"auto","background-attachment":"scroll","background-type":"","background-media":"","overlay-type":"","overlay-color":"","overlay-opacity":"","overlay-gradient":""}},"ast-content-background-meta":{"desktop":{"background-color":"var(--ast-global-color-4)","background-image":"","background-repeat":"repeat","background-position":"center center","background-size":"auto","background-attachment":"scroll","background-type":"","background-media":"","overlay-type":"","overlay-color":"","overlay-opacity":"","overlay-gradient":""},"tablet":{"background-color":"var(--ast-global-color-4)","background-image":"","background-repeat":"repeat","background-position":"center center","background-size":"auto","background-attachment":"scroll","background-type":"","background-media":"","overlay-type":"","overlay-color":"","overlay-opacity":"","overlay-gradient":""},"mobile":{"background-color":"var(--ast-global-color-4)","background-image":"","background-repeat":"repeat","background-position":"center center","background-size":"auto","background-attachment":"scroll","background-type":"","background-media":"","overlay-type":"","overlay-color":"","overlay-opacity":"","overlay-gradient":""}}},"product_brand":[],"product_cat":[484],"product_tag":[],"class_list":{"0":"post-10289","1":"product","2":"type-product","3":"status-publish","4":"has-post-thumbnail","6":"product_cat-drasiuju-keliai","7":"desktop-align-left","8":"tablet-align-left","9":"mobile-align-left","11":"first","12":"instock","13":"shipping-taxable","14":"purchasable","15":"product-type-simple"},"acf":[],"yoast_head":"<!-- This site is optimized with the Yoast SEO plugin v27.4 - https:\/\/yoast.com\/product\/yoast-seo-wordpress\/ -->\n<title>Rafaelis D\u017eovanjolis \u201eSpartakas\u201c (Nr. 143) - Skaitytaknyga<\/title>\n<meta name=\"description\" content=\"Rafaelis D\u017eovanjolis\u00a0(Raffaello Giovagnoli, 1838\u20131915) \u2013 populiarus ital\u0173 ra\u0161ytojas, istorikas, roman\u0173 ciklo apie Romos imperij\u0105 autorius. \u201eSpartakas\u201c \u2013 vertingiausias ir skaitomiausias \u0161io ciklo romanas. Spartakas \u2013 garsiausias vis\u0173 laik\u0173 gladiatorius, gyven\u0119s I a. pr. Kr. Gim\u0117 Trakijoje, rom\u0117n\u0173 buvo paimtas \u012f nelaisv\u0119, parduotas \u012f vergij\u0105 ir atiduotas \u012f Kapujos gladiatori\u0173 mokykl\u0105.  I\u0161 jos su grupe gladiatori\u0173 pab\u0117go ir prad\u0117jo vadovauti verg\u0173 sukilimui. Jo vadovaujama sukilusi\u0173 verg\u0173 armija, kurioje, kai kuri\u0173 \u0161altini\u0173 teigimu, buvo apie 120000 \u017emoni\u0173, pasiek\u0117 net Mesinos s\u0105siaur\u012f, tik\u0117damasi su pirat\u0173 pagalba nusigauti iki Sicilijos. Ta\u010diau piratai nepasirod\u0117... Apie legendin\u012f kovotoj\u0105 sukurtas ne vienas filmas, keli mini serialai, romanai, baletas.\" \/>\n<meta name=\"robots\" content=\"index, follow, max-snippet:-1, max-image-preview:large, max-video-preview:-1\" \/>\n<link rel=\"canonical\" href=\"https:\/\/skaitytaknyga.lt\/en\/produktas\/rafaelis-dzovanjolis-spartakas-nr-143\/\" \/>\n<meta property=\"og:locale\" content=\"en_GB\" \/>\n<meta property=\"og:locale:alternate\" content=\"lt_LT\" \/>\n<meta property=\"og:type\" content=\"article\" \/>\n<meta property=\"og:title\" content=\"Rafaelis D\u017eovanjolis \u201eSpartakas\u201c (Nr. 143) - Skaitytaknyga\" \/>\n<meta property=\"og:description\" content=\"Rafaelis D\u017eovanjolis\u00a0(Raffaello Giovagnoli, 1838\u20131915) \u2013 populiarus ital\u0173 ra\u0161ytojas, istorikas, roman\u0173 ciklo apie Romos imperij\u0105 autorius. \u201eSpartakas\u201c \u2013 vertingiausias ir skaitomiausias \u0161io ciklo romanas. Spartakas \u2013 garsiausias vis\u0173 laik\u0173 gladiatorius, gyven\u0119s I a. pr. Kr. Gim\u0117 Trakijoje, rom\u0117n\u0173 buvo paimtas \u012f nelaisv\u0119, parduotas \u012f vergij\u0105 ir atiduotas \u012f Kapujos gladiatori\u0173 mokykl\u0105.  I\u0161 jos su grupe gladiatori\u0173 pab\u0117go ir prad\u0117jo vadovauti verg\u0173 sukilimui. Jo vadovaujama sukilusi\u0173 verg\u0173 armija, kurioje, kai kuri\u0173 \u0161altini\u0173 teigimu, buvo apie 120000 \u017emoni\u0173, pasiek\u0117 net Mesinos s\u0105siaur\u012f, tik\u0117damasi su pirat\u0173 pagalba nusigauti iki Sicilijos. Ta\u010diau piratai nepasirod\u0117... Apie legendin\u012f kovotoj\u0105 sukurtas ne vienas filmas, keli mini serialai, romanai, baletas.\" \/>\n<meta property=\"og:url\" content=\"https:\/\/skaitytaknyga.lt\/en\/produktas\/rafaelis-dzovanjolis-spartakas-nr-143\/\" \/>\n<meta property=\"og:site_name\" content=\"Skaitytaknyga\" \/>\n<meta property=\"article:publisher\" content=\"https:\/\/www.facebook.com\/skaitytaknyga\/\" \/>\n<meta property=\"article:modified_time\" content=\"2025-05-03T07:24:31+00:00\" \/>\n<meta property=\"og:image\" content=\"https:\/\/skaitytaknyga.lt\/wp-content\/uploads\/2024\/05\/1462878609_img0018.jpg\" \/>\n\t<meta property=\"og:image:width\" content=\"259\" \/>\n\t<meta property=\"og:image:height\" content=\"430\" \/>\n\t<meta property=\"og:image:type\" content=\"image\/jpeg\" \/>\n<meta name=\"twitter:card\" content=\"summary_large_image\" \/>\n<meta name=\"twitter:label1\" content=\"Estimated reading time\" \/>\n\t<meta name=\"twitter:data1\" content=\"1 minute\" \/>\n<script type=\"application\/ld+json\" class=\"yoast-schema-graph\">{\"@context\":\"https:\\\/\\\/schema.org\",\"@graph\":[{\"@type\":\"WebPage\",\"@id\":\"https:\\\/\\\/skaitytaknyga.lt\\\/produktas\\\/rafaelis-dzovanjolis-spartakas-nr-143\\\/\",\"url\":\"https:\\\/\\\/skaitytaknyga.lt\\\/produktas\\\/rafaelis-dzovanjolis-spartakas-nr-143\\\/\",\"name\":\"Rafaelis D\u017eovanjolis \u201eSpartakas\u201c (Nr. 143) - Skaitytaknyga\",\"isPartOf\":{\"@id\":\"https:\\\/\\\/skaitytaknyga.lt\\\/#website\"},\"primaryImageOfPage\":{\"@id\":\"https:\\\/\\\/skaitytaknyga.lt\\\/produktas\\\/rafaelis-dzovanjolis-spartakas-nr-143\\\/#primaryimage\"},\"image\":{\"@id\":\"https:\\\/\\\/skaitytaknyga.lt\\\/produktas\\\/rafaelis-dzovanjolis-spartakas-nr-143\\\/#primaryimage\"},\"thumbnailUrl\":\"https:\\\/\\\/skaitytaknyga.lt\\\/wp-content\\\/uploads\\\/2024\\\/05\\\/1462878609_img0018.jpg\",\"datePublished\":\"2024-05-04T18:11:23+00:00\",\"dateModified\":\"2025-05-03T07:24:31+00:00\",\"description\":\"Rafaelis D\u017eovanjolis\u00a0(Raffaello Giovagnoli, 1838\u20131915) \u2013 populiarus ital\u0173 ra\u0161ytojas, istorikas, roman\u0173 ciklo apie Romos imperij\u0105 autorius. \u201eSpartakas\u201c \u2013 vertingiausias ir skaitomiausias \u0161io ciklo romanas. Spartakas \u2013 garsiausias vis\u0173 laik\u0173 gladiatorius, gyven\u0119s I a. pr. Kr. Gim\u0117 Trakijoje, rom\u0117n\u0173 buvo paimtas \u012f nelaisv\u0119, parduotas \u012f vergij\u0105 ir atiduotas \u012f Kapujos gladiatori\u0173 mokykl\u0105. I\u0161 jos su grupe gladiatori\u0173 pab\u0117go ir prad\u0117jo vadovauti verg\u0173 sukilimui. Jo vadovaujama sukilusi\u0173 verg\u0173 armija, kurioje, kai kuri\u0173 \u0161altini\u0173 teigimu, buvo apie 120000 \u017emoni\u0173, pasiek\u0117 net Mesinos s\u0105siaur\u012f, tik\u0117damasi su pirat\u0173 pagalba nusigauti iki Sicilijos. Ta\u010diau piratai nepasirod\u0117... Apie legendin\u012f kovotoj\u0105 sukurtas ne vienas filmas, keli mini serialai, romanai, baletas.\",\"breadcrumb\":{\"@id\":\"https:\\\/\\\/skaitytaknyga.lt\\\/produktas\\\/rafaelis-dzovanjolis-spartakas-nr-143\\\/#breadcrumb\"},\"inLanguage\":\"en-GB\",\"potentialAction\":[{\"@type\":\"ReadAction\",\"target\":[\"https:\\\/\\\/skaitytaknyga.lt\\\/produktas\\\/rafaelis-dzovanjolis-spartakas-nr-143\\\/\"]}]},{\"@type\":\"ImageObject\",\"inLanguage\":\"en-GB\",\"@id\":\"https:\\\/\\\/skaitytaknyga.lt\\\/produktas\\\/rafaelis-dzovanjolis-spartakas-nr-143\\\/#primaryimage\",\"url\":\"https:\\\/\\\/skaitytaknyga.lt\\\/wp-content\\\/uploads\\\/2024\\\/05\\\/1462878609_img0018.jpg\",\"contentUrl\":\"https:\\\/\\\/skaitytaknyga.lt\\\/wp-content\\\/uploads\\\/2024\\\/05\\\/1462878609_img0018.jpg\",\"width\":259,\"height\":430},{\"@type\":\"BreadcrumbList\",\"@id\":\"https:\\\/\\\/skaitytaknyga.lt\\\/produktas\\\/rafaelis-dzovanjolis-spartakas-nr-143\\\/#breadcrumb\",\"itemListElement\":[{\"@type\":\"ListItem\",\"position\":1,\"name\":\"Home\",\"item\":\"https:\\\/\\\/skaitytaknyga.lt\\\/\"},{\"@type\":\"ListItem\",\"position\":2,\"name\":\"Parduotuv\u0117\",\"item\":\"https:\\\/\\\/skaitytaknyga.lt\\\/knygu-parduotuve\\\/\"},{\"@type\":\"ListItem\",\"position\":3,\"name\":\"Rafaelis D\u017eovanjolis \u201eSpartakas\u201c (Nr. 143)\"}]},{\"@type\":\"WebSite\",\"@id\":\"https:\\\/\\\/skaitytaknyga.lt\\\/#website\",\"url\":\"https:\\\/\\\/skaitytaknyga.lt\\\/\",\"name\":\"skaitytaknyga.lt\",\"description\":\"Skaitytaknyga.lt \u2013 tai ma\u017eas \u0161eimos verslas, kuris prasid\u0117jo nuo meil\u0117s knygoms ir siekio i\u0161gelb\u0117ti knygas nuo likimo prie konteinerio. Kas vienam nereikalingas daiktas \u2013 kitam lobis, o mes esame tarpininkai, kurie padeda abiems tapti laimingesniems ???? \u017dinome kaip nelengva i\u0161gyventi ma\u017eiems verslams, tad nuo \u0161iol, \u010dia rasite ir kit\u0173, ma\u017e\u0173 \u0161eim\u0173 versl\u0173, rank\u0173 darbo, dovan\u0173 sau ir artimiesiems.\",\"publisher\":{\"@id\":\"https:\\\/\\\/skaitytaknyga.lt\\\/#organization\"},\"potentialAction\":[{\"@type\":\"SearchAction\",\"target\":{\"@type\":\"EntryPoint\",\"urlTemplate\":\"https:\\\/\\\/skaitytaknyga.lt\\\/?s={search_term_string}\"},\"query-input\":{\"@type\":\"PropertyValueSpecification\",\"valueRequired\":true,\"valueName\":\"search_term_string\"}}],\"inLanguage\":\"en-GB\"},{\"@type\":\"Organization\",\"@id\":\"https:\\\/\\\/skaitytaknyga.lt\\\/#organization\",\"name\":\"skaitytaknyga.lt\",\"url\":\"https:\\\/\\\/skaitytaknyga.lt\\\/\",\"logo\":{\"@type\":\"ImageObject\",\"inLanguage\":\"en-GB\",\"@id\":\"https:\\\/\\\/skaitytaknyga.lt\\\/#\\\/schema\\\/logo\\\/image\\\/\",\"url\":\"https:\\\/\\\/skaitytaknyga.lt\\\/wp-content\\\/uploads\\\/2024\\\/05\\\/cropped-cropped-cropped-02_00843_jt3bggkj1j3HLc7SyY6rEUpg.jpeg\",\"contentUrl\":\"https:\\\/\\\/skaitytaknyga.lt\\\/wp-content\\\/uploads\\\/2024\\\/05\\\/cropped-cropped-cropped-02_00843_jt3bggkj1j3HLc7SyY6rEUpg.jpeg\",\"width\":1600,\"height\":1600,\"caption\":\"skaitytaknyga.lt\"},\"image\":{\"@id\":\"https:\\\/\\\/skaitytaknyga.lt\\\/#\\\/schema\\\/logo\\\/image\\\/\"},\"sameAs\":[\"https:\\\/\\\/www.facebook.com\\\/skaitytaknyga\\\/\"]}]}<\/script>\n<!-- \/ Yoast SEO plugin. -->","yoast_head_json":{"title":"Rafaelis D\u017eovanjolis \u201eSpartakas\u201c (Nr. 143) - Skaitytaknyga","description":"Rafaelis D\u017eovanjolis\u00a0(Raffaello Giovagnoli, 1838\u20131915) \u2013 populiarus ital\u0173 ra\u0161ytojas, istorikas, roman\u0173 ciklo apie Romos imperij\u0105 autorius. \u201eSpartakas\u201c \u2013 vertingiausias ir skaitomiausias \u0161io ciklo romanas. Spartakas \u2013 garsiausias vis\u0173 laik\u0173 gladiatorius, gyven\u0119s I a. pr. Kr. Gim\u0117 Trakijoje, rom\u0117n\u0173 buvo paimtas \u012f nelaisv\u0119, parduotas \u012f vergij\u0105 ir atiduotas \u012f Kapujos gladiatori\u0173 mokykl\u0105.  I\u0161 jos su grupe gladiatori\u0173 pab\u0117go ir prad\u0117jo vadovauti verg\u0173 sukilimui. Jo vadovaujama sukilusi\u0173 verg\u0173 armija, kurioje, kai kuri\u0173 \u0161altini\u0173 teigimu, buvo apie 120000 \u017emoni\u0173, pasiek\u0117 net Mesinos s\u0105siaur\u012f, tik\u0117damasi su pirat\u0173 pagalba nusigauti iki Sicilijos. Ta\u010diau piratai nepasirod\u0117... Apie legendin\u012f kovotoj\u0105 sukurtas ne vienas filmas, keli mini serialai, romanai, baletas.","robots":{"index":"index","follow":"follow","max-snippet":"max-snippet:-1","max-image-preview":"max-image-preview:large","max-video-preview":"max-video-preview:-1"},"canonical":"https:\/\/skaitytaknyga.lt\/en\/produktas\/rafaelis-dzovanjolis-spartakas-nr-143\/","og_locale":"en_GB","og_type":"article","og_title":"Rafaelis D\u017eovanjolis \u201eSpartakas\u201c (Nr. 143) - Skaitytaknyga","og_description":"Rafaelis D\u017eovanjolis\u00a0(Raffaello Giovagnoli, 1838\u20131915) \u2013 populiarus ital\u0173 ra\u0161ytojas, istorikas, roman\u0173 ciklo apie Romos imperij\u0105 autorius. \u201eSpartakas\u201c \u2013 vertingiausias ir skaitomiausias \u0161io ciklo romanas. Spartakas \u2013 garsiausias vis\u0173 laik\u0173 gladiatorius, gyven\u0119s I a. pr. Kr. Gim\u0117 Trakijoje, rom\u0117n\u0173 buvo paimtas \u012f nelaisv\u0119, parduotas \u012f vergij\u0105 ir atiduotas \u012f Kapujos gladiatori\u0173 mokykl\u0105.  I\u0161 jos su grupe gladiatori\u0173 pab\u0117go ir prad\u0117jo vadovauti verg\u0173 sukilimui. Jo vadovaujama sukilusi\u0173 verg\u0173 armija, kurioje, kai kuri\u0173 \u0161altini\u0173 teigimu, buvo apie 120000 \u017emoni\u0173, pasiek\u0117 net Mesinos s\u0105siaur\u012f, tik\u0117damasi su pirat\u0173 pagalba nusigauti iki Sicilijos. Ta\u010diau piratai nepasirod\u0117... Apie legendin\u012f kovotoj\u0105 sukurtas ne vienas filmas, keli mini serialai, romanai, baletas.","og_url":"https:\/\/skaitytaknyga.lt\/en\/produktas\/rafaelis-dzovanjolis-spartakas-nr-143\/","og_site_name":"Skaitytaknyga","article_publisher":"https:\/\/www.facebook.com\/skaitytaknyga\/","article_modified_time":"2025-05-03T07:24:31+00:00","og_image":[{"width":259,"height":430,"url":"https:\/\/skaitytaknyga.lt\/wp-content\/uploads\/2024\/05\/1462878609_img0018.jpg","type":"image\/jpeg"}],"twitter_card":"summary_large_image","twitter_misc":{"Estimated reading time":"1 minute"},"schema":{"@context":"https:\/\/schema.org","@graph":[{"@type":"WebPage","@id":"https:\/\/skaitytaknyga.lt\/produktas\/rafaelis-dzovanjolis-spartakas-nr-143\/","url":"https:\/\/skaitytaknyga.lt\/produktas\/rafaelis-dzovanjolis-spartakas-nr-143\/","name":"Rafaelis D\u017eovanjolis \u201eSpartakas\u201c (Nr. 143) - Skaitytaknyga","isPartOf":{"@id":"https:\/\/skaitytaknyga.lt\/#website"},"primaryImageOfPage":{"@id":"https:\/\/skaitytaknyga.lt\/produktas\/rafaelis-dzovanjolis-spartakas-nr-143\/#primaryimage"},"image":{"@id":"https:\/\/skaitytaknyga.lt\/produktas\/rafaelis-dzovanjolis-spartakas-nr-143\/#primaryimage"},"thumbnailUrl":"https:\/\/skaitytaknyga.lt\/wp-content\/uploads\/2024\/05\/1462878609_img0018.jpg","datePublished":"2024-05-04T18:11:23+00:00","dateModified":"2025-05-03T07:24:31+00:00","description":"Rafaelis D\u017eovanjolis\u00a0(Raffaello Giovagnoli, 1838\u20131915) \u2013 populiarus ital\u0173 ra\u0161ytojas, istorikas, roman\u0173 ciklo apie Romos imperij\u0105 autorius. \u201eSpartakas\u201c \u2013 vertingiausias ir skaitomiausias \u0161io ciklo romanas. Spartakas \u2013 garsiausias vis\u0173 laik\u0173 gladiatorius, gyven\u0119s I a. pr. Kr. Gim\u0117 Trakijoje, rom\u0117n\u0173 buvo paimtas \u012f nelaisv\u0119, parduotas \u012f vergij\u0105 ir atiduotas \u012f Kapujos gladiatori\u0173 mokykl\u0105. I\u0161 jos su grupe gladiatori\u0173 pab\u0117go ir prad\u0117jo vadovauti verg\u0173 sukilimui. Jo vadovaujama sukilusi\u0173 verg\u0173 armija, kurioje, kai kuri\u0173 \u0161altini\u0173 teigimu, buvo apie 120000 \u017emoni\u0173, pasiek\u0117 net Mesinos s\u0105siaur\u012f, tik\u0117damasi su pirat\u0173 pagalba nusigauti iki Sicilijos. Ta\u010diau piratai nepasirod\u0117... Apie legendin\u012f kovotoj\u0105 sukurtas ne vienas filmas, keli mini serialai, romanai, baletas.","breadcrumb":{"@id":"https:\/\/skaitytaknyga.lt\/produktas\/rafaelis-dzovanjolis-spartakas-nr-143\/#breadcrumb"},"inLanguage":"en-GB","potentialAction":[{"@type":"ReadAction","target":["https:\/\/skaitytaknyga.lt\/produktas\/rafaelis-dzovanjolis-spartakas-nr-143\/"]}]},{"@type":"ImageObject","inLanguage":"en-GB","@id":"https:\/\/skaitytaknyga.lt\/produktas\/rafaelis-dzovanjolis-spartakas-nr-143\/#primaryimage","url":"https:\/\/skaitytaknyga.lt\/wp-content\/uploads\/2024\/05\/1462878609_img0018.jpg","contentUrl":"https:\/\/skaitytaknyga.lt\/wp-content\/uploads\/2024\/05\/1462878609_img0018.jpg","width":259,"height":430},{"@type":"BreadcrumbList","@id":"https:\/\/skaitytaknyga.lt\/produktas\/rafaelis-dzovanjolis-spartakas-nr-143\/#breadcrumb","itemListElement":[{"@type":"ListItem","position":1,"name":"Home","item":"https:\/\/skaitytaknyga.lt\/"},{"@type":"ListItem","position":2,"name":"Parduotuv\u0117","item":"https:\/\/skaitytaknyga.lt\/knygu-parduotuve\/"},{"@type":"ListItem","position":3,"name":"Rafaelis D\u017eovanjolis \u201eSpartakas\u201c (Nr. 143)"}]},{"@type":"WebSite","@id":"https:\/\/skaitytaknyga.lt\/#website","url":"https:\/\/skaitytaknyga.lt\/","name":"skaitytaknyga.lt","description":"Skaitytaknyga.lt \u2013 tai ma\u017eas \u0161eimos verslas, kuris prasid\u0117jo nuo meil\u0117s knygoms ir siekio i\u0161gelb\u0117ti knygas nuo likimo prie konteinerio. Kas vienam nereikalingas daiktas \u2013 kitam lobis, o mes esame tarpininkai, kurie padeda abiems tapti laimingesniems ???? \u017dinome kaip nelengva i\u0161gyventi ma\u017eiems verslams, tad nuo \u0161iol, \u010dia rasite ir kit\u0173, ma\u017e\u0173 \u0161eim\u0173 versl\u0173, rank\u0173 darbo, dovan\u0173 sau ir artimiesiems.","publisher":{"@id":"https:\/\/skaitytaknyga.lt\/#organization"},"potentialAction":[{"@type":"SearchAction","target":{"@type":"EntryPoint","urlTemplate":"https:\/\/skaitytaknyga.lt\/?s={search_term_string}"},"query-input":{"@type":"PropertyValueSpecification","valueRequired":true,"valueName":"search_term_string"}}],"inLanguage":"en-GB"},{"@type":"Organization","@id":"https:\/\/skaitytaknyga.lt\/#organization","name":"skaitytaknyga.lt","url":"https:\/\/skaitytaknyga.lt\/","logo":{"@type":"ImageObject","inLanguage":"en-GB","@id":"https:\/\/skaitytaknyga.lt\/#\/schema\/logo\/image\/","url":"https:\/\/skaitytaknyga.lt\/wp-content\/uploads\/2024\/05\/cropped-cropped-cropped-02_00843_jt3bggkj1j3HLc7SyY6rEUpg.jpeg","contentUrl":"https:\/\/skaitytaknyga.lt\/wp-content\/uploads\/2024\/05\/cropped-cropped-cropped-02_00843_jt3bggkj1j3HLc7SyY6rEUpg.jpeg","width":1600,"height":1600,"caption":"skaitytaknyga.lt"},"image":{"@id":"https:\/\/skaitytaknyga.lt\/#\/schema\/logo\/image\/"},"sameAs":["https:\/\/www.facebook.com\/skaitytaknyga\/"]}]}},"_links":{"self":[{"href":"https:\/\/skaitytaknyga.lt\/en\/wp-json\/wp\/v2\/product\/10289","targetHints":{"allow":["GET"]}}],"collection":[{"href":"https:\/\/skaitytaknyga.lt\/en\/wp-json\/wp\/v2\/product"}],"about":[{"href":"https:\/\/skaitytaknyga.lt\/en\/wp-json\/wp\/v2\/types\/product"}],"replies":[{"embeddable":true,"href":"https:\/\/skaitytaknyga.lt\/en\/wp-json\/wp\/v2\/comments?post=10289"}],"wp:featuredmedia":[{"embeddable":true,"href":"https:\/\/skaitytaknyga.lt\/en\/wp-json\/wp\/v2\/media\/10334"}],"wp:attachment":[{"href":"https:\/\/skaitytaknyga.lt\/en\/wp-json\/wp\/v2\/media?parent=10289"}],"wp:term":[{"taxonomy":"product_brand","embeddable":true,"href":"https:\/\/skaitytaknyga.lt\/en\/wp-json\/wp\/v2\/product_brand?post=10289"},{"taxonomy":"product_cat","embeddable":true,"href":"https:\/\/skaitytaknyga.lt\/en\/wp-json\/wp\/v2\/product_cat?post=10289"},{"taxonomy":"product_tag","embeddable":true,"href":"https:\/\/skaitytaknyga.lt\/en\/wp-json\/wp\/v2\/product_tag?post=10289"}],"curies":[{"name":"wp","href":"https:\/\/api.w.org\/{rel}","templated":true}]}}