{"id":10288,"date":"2024-05-04T18:11:23","date_gmt":"2024-05-04T18:11:23","guid":{"rendered":"https:\/\/skaitytaknyga.lt\/?post_type=product&#038;p=10288"},"modified":"2025-06-12T10:54:57","modified_gmt":"2025-06-12T07:54:57","slug":"valteris-skotas-aivenhas-nr-119","status":"publish","type":"product","link":"https:\/\/skaitytaknyga.lt\/en\/produktas\/valteris-skotas-aivenhas-nr-119\/","title":{"rendered":"Valteris Skotas \u201eAivenhas\u201c (Nr. 119)"},"content":{"rendered":"<p><strong>\u201eAivenhas\u201c<\/strong>\u00a0\u2013 vienas reik\u0161mingiausi\u0173 Valterio Skoto roman\u0173. \u010cia jis pavaizdavo Ri\u010dardo I laik\u0173 Anglij\u0105, stebinusi\u0105 dideliu kontrastu tarp dviej\u0173 taut\u0173, gyvenusi\u0173 vienu metu ir viename kra\u0161te, \u2013 saks\u0173 ir norman\u0173, suk\u016br\u0117 \u012fsimintin\u0173 likim\u0173 persona\u017e\u0173.<\/p>\n","protected":false},"excerpt":{"rendered":"<p><strong>\u201eAivenhas\u201c<\/strong>\u00a0\u2013 vienas reik\u0161mingiausi\u0173 Valterio Skoto roman\u0173. \u010cia jis pavaizdavo Ri\u010dardo I laik\u0173 Anglij\u0105, stebinusi\u0105 dideliu kontrastu tarp dviej\u0173 taut\u0173, gyvenusi\u0173 vienu metu ir viename kra\u0161te, \u2013 saks\u0173 ir norman\u0173, suk\u016br\u0117 \u012fsimintin\u0173 likim\u0173 persona\u017e\u0173.<\/p>\n","protected":false},"featured_media":10333,"comment_status":"closed","ping_status":"closed","template":"","meta":{"_acf_changed":false,"site-sidebar-layout":"default","site-content-layout":"","ast-site-content-layout":"default","site-content-style":"default","site-sidebar-style":"default","ast-global-header-display":"","ast-banner-title-visibility":"","ast-main-header-display":"","ast-hfb-above-header-display":"","ast-hfb-below-header-display":"","ast-hfb-mobile-header-display":"","site-post-title":"","ast-breadcrumbs-content":"","ast-featured-img":"","footer-sml-layout":"","ast-disable-related-posts":"","theme-transparent-header-meta":"","adv-header-id-meta":"","stick-header-meta":"","header-above-stick-meta":"","header-main-stick-meta":"","header-below-stick-meta":"","astra-migrate-meta-layouts":"default","ast-page-background-enabled":"default","ast-page-background-meta":{"desktop":{"background-color":"","background-image":"","background-repeat":"repeat","background-position":"center center","background-size":"auto","background-attachment":"scroll","background-type":"","background-media":"","overlay-type":"","overlay-color":"","overlay-opacity":"","overlay-gradient":""},"tablet":{"background-color":"","background-image":"","background-repeat":"repeat","background-position":"center center","background-size":"auto","background-attachment":"scroll","background-type":"","background-media":"","overlay-type":"","overlay-color":"","overlay-opacity":"","overlay-gradient":""},"mobile":{"background-color":"","background-image":"","background-repeat":"repeat","background-position":"center center","background-size":"auto","background-attachment":"scroll","background-type":"","background-media":"","overlay-type":"","overlay-color":"","overlay-opacity":"","overlay-gradient":""}},"ast-content-background-meta":{"desktop":{"background-color":"var(--ast-global-color-4)","background-image":"","background-repeat":"repeat","background-position":"center center","background-size":"auto","background-attachment":"scroll","background-type":"","background-media":"","overlay-type":"","overlay-color":"","overlay-opacity":"","overlay-gradient":""},"tablet":{"background-color":"var(--ast-global-color-4)","background-image":"","background-repeat":"repeat","background-position":"center center","background-size":"auto","background-attachment":"scroll","background-type":"","background-media":"","overlay-type":"","overlay-color":"","overlay-opacity":"","overlay-gradient":""},"mobile":{"background-color":"var(--ast-global-color-4)","background-image":"","background-repeat":"repeat","background-position":"center center","background-size":"auto","background-attachment":"scroll","background-type":"","background-media":"","overlay-type":"","overlay-color":"","overlay-opacity":"","overlay-gradient":""}}},"product_brand":[],"product_cat":[484],"product_tag":[],"class_list":{"0":"post-10288","1":"product","2":"type-product","3":"status-publish","4":"has-post-thumbnail","6":"product_cat-drasiuju-keliai","7":"desktop-align-left","8":"tablet-align-left","9":"mobile-align-left","11":"first","12":"instock","13":"shipping-taxable","14":"purchasable","15":"product-type-simple"},"acf":[],"yoast_head":"<!-- This site is optimized with the Yoast SEO plugin v27.4 - https:\/\/yoast.com\/product\/yoast-seo-wordpress\/ -->\n<title>Valteris Skotas \u201eAivenhas\u201c (Nr. 119)<\/title>\n<meta name=\"description\" content=\"\u201eAivenhas\u201c\u00a0\u2013 vienas reik\u0161mingiausi\u0173 Valterio Skoto roman\u0173. \u010cia jis pavaizdavo Ri\u010dardo I laik\u0173 Anglij\u0105, stebinusi\u0105 dideliu kontrastu tarp dviej\u0173 taut\u0173, gyvenusi\u0173 vienu metu ir viename kra\u0161te, \u2013 saks\u0173 ir norman\u0173, suk\u016br\u0117 \u012fsimintin\u0173 likim\u0173 persona\u017e\u0173.\" \/>\n<meta name=\"robots\" content=\"index, follow, max-snippet:-1, max-image-preview:large, max-video-preview:-1\" \/>\n<link rel=\"canonical\" href=\"https:\/\/skaitytaknyga.lt\/en\/produktas\/valteris-skotas-aivenhas-nr-119\/\" \/>\n<meta property=\"og:locale\" content=\"en_GB\" \/>\n<meta property=\"og:locale:alternate\" content=\"lt_LT\" \/>\n<meta property=\"og:type\" content=\"article\" \/>\n<meta property=\"og:title\" content=\"Valteris Skotas \u201eAivenhas\u201c (Nr. 119)\" \/>\n<meta property=\"og:description\" content=\"\u201eAivenhas\u201c\u00a0\u2013 vienas reik\u0161mingiausi\u0173 Valterio Skoto roman\u0173. \u010cia jis pavaizdavo Ri\u010dardo I laik\u0173 Anglij\u0105, stebinusi\u0105 dideliu kontrastu tarp dviej\u0173 taut\u0173, gyvenusi\u0173 vienu metu ir viename kra\u0161te, \u2013 saks\u0173 ir norman\u0173, suk\u016br\u0117 \u012fsimintin\u0173 likim\u0173 persona\u017e\u0173.\" \/>\n<meta property=\"og:url\" content=\"https:\/\/skaitytaknyga.lt\/en\/produktas\/valteris-skotas-aivenhas-nr-119\/\" \/>\n<meta property=\"og:site_name\" content=\"Skaitytaknyga\" \/>\n<meta property=\"article:publisher\" content=\"https:\/\/www.facebook.com\/skaitytaknyga\/\" \/>\n<meta property=\"article:modified_time\" content=\"2025-06-12T07:54:57+00:00\" \/>\n<meta property=\"og:image\" content=\"https:\/\/skaitytaknyga.lt\/wp-content\/uploads\/2024\/05\/1496906656_jpg_0002.jpg\" \/>\n\t<meta property=\"og:image:width\" content=\"280\" \/>\n\t<meta property=\"og:image:height\" content=\"430\" \/>\n\t<meta property=\"og:image:type\" content=\"image\/jpeg\" \/>\n<meta name=\"twitter:card\" content=\"summary_large_image\" \/>\n<script type=\"application\/ld+json\" class=\"yoast-schema-graph\">{\"@context\":\"https:\\\/\\\/schema.org\",\"@graph\":[{\"@type\":\"WebPage\",\"@id\":\"https:\\\/\\\/skaitytaknyga.lt\\\/produktas\\\/valteris-skotas-aivenhas-nr-119\\\/\",\"url\":\"https:\\\/\\\/skaitytaknyga.lt\\\/produktas\\\/valteris-skotas-aivenhas-nr-119\\\/\",\"name\":\"Valteris Skotas \u201eAivenhas\u201c (Nr. 119)\",\"isPartOf\":{\"@id\":\"https:\\\/\\\/skaitytaknyga.lt\\\/#website\"},\"primaryImageOfPage\":{\"@id\":\"https:\\\/\\\/skaitytaknyga.lt\\\/produktas\\\/valteris-skotas-aivenhas-nr-119\\\/#primaryimage\"},\"image\":{\"@id\":\"https:\\\/\\\/skaitytaknyga.lt\\\/produktas\\\/valteris-skotas-aivenhas-nr-119\\\/#primaryimage\"},\"thumbnailUrl\":\"https:\\\/\\\/skaitytaknyga.lt\\\/wp-content\\\/uploads\\\/2024\\\/05\\\/1496906656_jpg_0002.jpg\",\"datePublished\":\"2024-05-04T18:11:23+00:00\",\"dateModified\":\"2025-06-12T07:54:57+00:00\",\"description\":\"\u201eAivenhas\u201c\u00a0\u2013 vienas reik\u0161mingiausi\u0173 Valterio Skoto roman\u0173. \u010cia jis pavaizdavo Ri\u010dardo I laik\u0173 Anglij\u0105, stebinusi\u0105 dideliu kontrastu tarp dviej\u0173 taut\u0173, gyvenusi\u0173 vienu metu ir viename kra\u0161te, \u2013 saks\u0173 ir norman\u0173, suk\u016br\u0117 \u012fsimintin\u0173 likim\u0173 persona\u017e\u0173.\",\"breadcrumb\":{\"@id\":\"https:\\\/\\\/skaitytaknyga.lt\\\/produktas\\\/valteris-skotas-aivenhas-nr-119\\\/#breadcrumb\"},\"inLanguage\":\"en-GB\",\"potentialAction\":[{\"@type\":\"ReadAction\",\"target\":[\"https:\\\/\\\/skaitytaknyga.lt\\\/produktas\\\/valteris-skotas-aivenhas-nr-119\\\/\"]}]},{\"@type\":\"ImageObject\",\"inLanguage\":\"en-GB\",\"@id\":\"https:\\\/\\\/skaitytaknyga.lt\\\/produktas\\\/valteris-skotas-aivenhas-nr-119\\\/#primaryimage\",\"url\":\"https:\\\/\\\/skaitytaknyga.lt\\\/wp-content\\\/uploads\\\/2024\\\/05\\\/1496906656_jpg_0002.jpg\",\"contentUrl\":\"https:\\\/\\\/skaitytaknyga.lt\\\/wp-content\\\/uploads\\\/2024\\\/05\\\/1496906656_jpg_0002.jpg\",\"width\":280,\"height\":430},{\"@type\":\"BreadcrumbList\",\"@id\":\"https:\\\/\\\/skaitytaknyga.lt\\\/produktas\\\/valteris-skotas-aivenhas-nr-119\\\/#breadcrumb\",\"itemListElement\":[{\"@type\":\"ListItem\",\"position\":1,\"name\":\"Home\",\"item\":\"https:\\\/\\\/skaitytaknyga.lt\\\/\"},{\"@type\":\"ListItem\",\"position\":2,\"name\":\"Parduotuv\u0117\",\"item\":\"https:\\\/\\\/skaitytaknyga.lt\\\/knygu-parduotuve\\\/\"},{\"@type\":\"ListItem\",\"position\":3,\"name\":\"Valteris Skotas \u201eAivenhas\u201c (Nr. 119)\"}]},{\"@type\":\"WebSite\",\"@id\":\"https:\\\/\\\/skaitytaknyga.lt\\\/#website\",\"url\":\"https:\\\/\\\/skaitytaknyga.lt\\\/\",\"name\":\"skaitytaknyga.lt\",\"description\":\"Skaitytaknyga.lt \u2013 tai ma\u017eas \u0161eimos verslas, kuris prasid\u0117jo nuo meil\u0117s knygoms ir siekio i\u0161gelb\u0117ti knygas nuo likimo prie konteinerio. Kas vienam nereikalingas daiktas \u2013 kitam lobis, o mes esame tarpininkai, kurie padeda abiems tapti laimingesniems ???? \u017dinome kaip nelengva i\u0161gyventi ma\u017eiems verslams, tad nuo \u0161iol, \u010dia rasite ir kit\u0173, ma\u017e\u0173 \u0161eim\u0173 versl\u0173, rank\u0173 darbo, dovan\u0173 sau ir artimiesiems.\",\"publisher\":{\"@id\":\"https:\\\/\\\/skaitytaknyga.lt\\\/#organization\"},\"potentialAction\":[{\"@type\":\"SearchAction\",\"target\":{\"@type\":\"EntryPoint\",\"urlTemplate\":\"https:\\\/\\\/skaitytaknyga.lt\\\/?s={search_term_string}\"},\"query-input\":{\"@type\":\"PropertyValueSpecification\",\"valueRequired\":true,\"valueName\":\"search_term_string\"}}],\"inLanguage\":\"en-GB\"},{\"@type\":\"Organization\",\"@id\":\"https:\\\/\\\/skaitytaknyga.lt\\\/#organization\",\"name\":\"skaitytaknyga.lt\",\"url\":\"https:\\\/\\\/skaitytaknyga.lt\\\/\",\"logo\":{\"@type\":\"ImageObject\",\"inLanguage\":\"en-GB\",\"@id\":\"https:\\\/\\\/skaitytaknyga.lt\\\/#\\\/schema\\\/logo\\\/image\\\/\",\"url\":\"https:\\\/\\\/skaitytaknyga.lt\\\/wp-content\\\/uploads\\\/2024\\\/05\\\/cropped-cropped-cropped-02_00843_jt3bggkj1j3HLc7SyY6rEUpg.jpeg\",\"contentUrl\":\"https:\\\/\\\/skaitytaknyga.lt\\\/wp-content\\\/uploads\\\/2024\\\/05\\\/cropped-cropped-cropped-02_00843_jt3bggkj1j3HLc7SyY6rEUpg.jpeg\",\"width\":1600,\"height\":1600,\"caption\":\"skaitytaknyga.lt\"},\"image\":{\"@id\":\"https:\\\/\\\/skaitytaknyga.lt\\\/#\\\/schema\\\/logo\\\/image\\\/\"},\"sameAs\":[\"https:\\\/\\\/www.facebook.com\\\/skaitytaknyga\\\/\"]}]}<\/script>\n<!-- \/ Yoast SEO plugin. -->","yoast_head_json":{"title":"Valteris Skotas \u201eAivenhas\u201c (Nr. 119)","description":"\u201eAivenhas\u201c\u00a0\u2013 vienas reik\u0161mingiausi\u0173 Valterio Skoto roman\u0173. \u010cia jis pavaizdavo Ri\u010dardo I laik\u0173 Anglij\u0105, stebinusi\u0105 dideliu kontrastu tarp dviej\u0173 taut\u0173, gyvenusi\u0173 vienu metu ir viename kra\u0161te, \u2013 saks\u0173 ir norman\u0173, suk\u016br\u0117 \u012fsimintin\u0173 likim\u0173 persona\u017e\u0173.","robots":{"index":"index","follow":"follow","max-snippet":"max-snippet:-1","max-image-preview":"max-image-preview:large","max-video-preview":"max-video-preview:-1"},"canonical":"https:\/\/skaitytaknyga.lt\/en\/produktas\/valteris-skotas-aivenhas-nr-119\/","og_locale":"en_GB","og_type":"article","og_title":"[:lt]Valteris Skotas \u201eAivenhas\u201c (Nr. 119)[:] - Skaitytaknyga","og_description":"\u201eAivenhas\u201c\u00a0\u2013 vienas reik\u0161mingiausi\u0173 Valterio Skoto roman\u0173. \u010cia jis pavaizdavo Ri\u010dardo I laik\u0173 Anglij\u0105, stebinusi\u0105 dideliu kontrastu tarp dviej\u0173 taut\u0173, gyvenusi\u0173 vienu metu ir viename kra\u0161te, \u2013 saks\u0173 ir norman\u0173, suk\u016br\u0117 \u012fsimintin\u0173 likim\u0173 persona\u017e\u0173.","og_url":"https:\/\/skaitytaknyga.lt\/en\/produktas\/valteris-skotas-aivenhas-nr-119\/","og_site_name":"Skaitytaknyga","article_publisher":"https:\/\/www.facebook.com\/skaitytaknyga\/","article_modified_time":"2025-06-12T07:54:57+00:00","og_image":[{"width":280,"height":430,"url":"https:\/\/skaitytaknyga.lt\/wp-content\/uploads\/2024\/05\/1496906656_jpg_0002.jpg","type":"image\/jpeg"}],"twitter_card":"summary_large_image","schema":{"@context":"https:\/\/schema.org","@graph":[{"@type":"WebPage","@id":"https:\/\/skaitytaknyga.lt\/produktas\/valteris-skotas-aivenhas-nr-119\/","url":"https:\/\/skaitytaknyga.lt\/produktas\/valteris-skotas-aivenhas-nr-119\/","name":"Valteris Skotas \u201eAivenhas\u201c (Nr. 119)","isPartOf":{"@id":"https:\/\/skaitytaknyga.lt\/#website"},"primaryImageOfPage":{"@id":"https:\/\/skaitytaknyga.lt\/produktas\/valteris-skotas-aivenhas-nr-119\/#primaryimage"},"image":{"@id":"https:\/\/skaitytaknyga.lt\/produktas\/valteris-skotas-aivenhas-nr-119\/#primaryimage"},"thumbnailUrl":"https:\/\/skaitytaknyga.lt\/wp-content\/uploads\/2024\/05\/1496906656_jpg_0002.jpg","datePublished":"2024-05-04T18:11:23+00:00","dateModified":"2025-06-12T07:54:57+00:00","description":"\u201eAivenhas\u201c\u00a0\u2013 vienas reik\u0161mingiausi\u0173 Valterio Skoto roman\u0173. \u010cia jis pavaizdavo Ri\u010dardo I laik\u0173 Anglij\u0105, stebinusi\u0105 dideliu kontrastu tarp dviej\u0173 taut\u0173, gyvenusi\u0173 vienu metu ir viename kra\u0161te, \u2013 saks\u0173 ir norman\u0173, suk\u016br\u0117 \u012fsimintin\u0173 likim\u0173 persona\u017e\u0173.","breadcrumb":{"@id":"https:\/\/skaitytaknyga.lt\/produktas\/valteris-skotas-aivenhas-nr-119\/#breadcrumb"},"inLanguage":"en-GB","potentialAction":[{"@type":"ReadAction","target":["https:\/\/skaitytaknyga.lt\/produktas\/valteris-skotas-aivenhas-nr-119\/"]}]},{"@type":"ImageObject","inLanguage":"en-GB","@id":"https:\/\/skaitytaknyga.lt\/produktas\/valteris-skotas-aivenhas-nr-119\/#primaryimage","url":"https:\/\/skaitytaknyga.lt\/wp-content\/uploads\/2024\/05\/1496906656_jpg_0002.jpg","contentUrl":"https:\/\/skaitytaknyga.lt\/wp-content\/uploads\/2024\/05\/1496906656_jpg_0002.jpg","width":280,"height":430},{"@type":"BreadcrumbList","@id":"https:\/\/skaitytaknyga.lt\/produktas\/valteris-skotas-aivenhas-nr-119\/#breadcrumb","itemListElement":[{"@type":"ListItem","position":1,"name":"Home","item":"https:\/\/skaitytaknyga.lt\/"},{"@type":"ListItem","position":2,"name":"Parduotuv\u0117","item":"https:\/\/skaitytaknyga.lt\/knygu-parduotuve\/"},{"@type":"ListItem","position":3,"name":"Valteris Skotas \u201eAivenhas\u201c (Nr. 119)"}]},{"@type":"WebSite","@id":"https:\/\/skaitytaknyga.lt\/#website","url":"https:\/\/skaitytaknyga.lt\/","name":"skaitytaknyga.lt","description":"Skaitytaknyga.lt \u2013 tai ma\u017eas \u0161eimos verslas, kuris prasid\u0117jo nuo meil\u0117s knygoms ir siekio i\u0161gelb\u0117ti knygas nuo likimo prie konteinerio. Kas vienam nereikalingas daiktas \u2013 kitam lobis, o mes esame tarpininkai, kurie padeda abiems tapti laimingesniems ???? \u017dinome kaip nelengva i\u0161gyventi ma\u017eiems verslams, tad nuo \u0161iol, \u010dia rasite ir kit\u0173, ma\u017e\u0173 \u0161eim\u0173 versl\u0173, rank\u0173 darbo, dovan\u0173 sau ir artimiesiems.","publisher":{"@id":"https:\/\/skaitytaknyga.lt\/#organization"},"potentialAction":[{"@type":"SearchAction","target":{"@type":"EntryPoint","urlTemplate":"https:\/\/skaitytaknyga.lt\/?s={search_term_string}"},"query-input":{"@type":"PropertyValueSpecification","valueRequired":true,"valueName":"search_term_string"}}],"inLanguage":"en-GB"},{"@type":"Organization","@id":"https:\/\/skaitytaknyga.lt\/#organization","name":"skaitytaknyga.lt","url":"https:\/\/skaitytaknyga.lt\/","logo":{"@type":"ImageObject","inLanguage":"en-GB","@id":"https:\/\/skaitytaknyga.lt\/#\/schema\/logo\/image\/","url":"https:\/\/skaitytaknyga.lt\/wp-content\/uploads\/2024\/05\/cropped-cropped-cropped-02_00843_jt3bggkj1j3HLc7SyY6rEUpg.jpeg","contentUrl":"https:\/\/skaitytaknyga.lt\/wp-content\/uploads\/2024\/05\/cropped-cropped-cropped-02_00843_jt3bggkj1j3HLc7SyY6rEUpg.jpeg","width":1600,"height":1600,"caption":"skaitytaknyga.lt"},"image":{"@id":"https:\/\/skaitytaknyga.lt\/#\/schema\/logo\/image\/"},"sameAs":["https:\/\/www.facebook.com\/skaitytaknyga\/"]}]}},"_links":{"self":[{"href":"https:\/\/skaitytaknyga.lt\/en\/wp-json\/wp\/v2\/product\/10288","targetHints":{"allow":["GET"]}}],"collection":[{"href":"https:\/\/skaitytaknyga.lt\/en\/wp-json\/wp\/v2\/product"}],"about":[{"href":"https:\/\/skaitytaknyga.lt\/en\/wp-json\/wp\/v2\/types\/product"}],"replies":[{"embeddable":true,"href":"https:\/\/skaitytaknyga.lt\/en\/wp-json\/wp\/v2\/comments?post=10288"}],"wp:featuredmedia":[{"embeddable":true,"href":"https:\/\/skaitytaknyga.lt\/en\/wp-json\/wp\/v2\/media\/10333"}],"wp:attachment":[{"href":"https:\/\/skaitytaknyga.lt\/en\/wp-json\/wp\/v2\/media?parent=10288"}],"wp:term":[{"taxonomy":"product_brand","embeddable":true,"href":"https:\/\/skaitytaknyga.lt\/en\/wp-json\/wp\/v2\/product_brand?post=10288"},{"taxonomy":"product_cat","embeddable":true,"href":"https:\/\/skaitytaknyga.lt\/en\/wp-json\/wp\/v2\/product_cat?post=10288"},{"taxonomy":"product_tag","embeddable":true,"href":"https:\/\/skaitytaknyga.lt\/en\/wp-json\/wp\/v2\/product_tag?post=10288"}],"curies":[{"name":"wp","href":"https:\/\/api.w.org\/{rel}","templated":true}]}}