{"id":10275,"date":"2024-05-04T18:10:59","date_gmt":"2024-05-04T18:10:59","guid":{"rendered":"https:\/\/skaitytaknyga.lt\/?post_type=product&#038;p=10275"},"modified":"2025-12-20T20:00:40","modified_gmt":"2025-12-20T18:00:40","slug":"julianas-semionovas-tass-as-igaliotas-pareiksti-nr-134","status":"publish","type":"product","link":"https:\/\/skaitytaknyga.lt\/en\/produktas\/julianas-semionovas-tass-as-igaliotas-pareiksti-nr-134\/","title":{"rendered":"TASS-as \u012fgaliotas pareik\u0161ti"},"content":{"rendered":"<p>J. Semionovas &#8211; RTFSR Valstybin\u0117s premijos laureatas, politini\u0173 roman\u0173 autorius.<\/p>\n<p>\u0160ioje jo knygoje pasakojama apie tarybini\u0173 \u017evalg\u0173 veikl\u0105 prie\u0161 JAV imperialistini\u0173 sluoksni\u0173 remiamas C\u017dV intrigas pa\u017eangos keliu pasukusioje Nagonijoje.<\/p>\n","protected":false},"excerpt":{"rendered":"<p>J. Semionovas &#8211; RTFSR Valstybin\u0117s premijos laureatas, politini\u0173 roman\u0173 autorius.<\/p>\n<p>\u0160ioje jo knygoje pasakojama apie tarybini\u0173 \u017evalg\u0173 veikl\u0105 prie\u0161 JAV imperialistini\u0173 sluoksni\u0173 remiamas C\u017dV intrigas pa\u017eangos keliu pasukusioje Nagonijoje.<\/p>\n","protected":false},"featured_media":10320,"comment_status":"closed","ping_status":"closed","template":"","meta":{"_acf_changed":false,"site-sidebar-layout":"default","site-content-layout":"","ast-site-content-layout":"default","site-content-style":"default","site-sidebar-style":"default","ast-global-header-display":"","ast-banner-title-visibility":"","ast-main-header-display":"","ast-hfb-above-header-display":"","ast-hfb-below-header-display":"","ast-hfb-mobile-header-display":"","site-post-title":"","ast-breadcrumbs-content":"","ast-featured-img":"","footer-sml-layout":"","ast-disable-related-posts":"","theme-transparent-header-meta":"","adv-header-id-meta":"","stick-header-meta":"","header-above-stick-meta":"","header-main-stick-meta":"","header-below-stick-meta":"","astra-migrate-meta-layouts":"default","ast-page-background-enabled":"default","ast-page-background-meta":{"desktop":{"background-color":"","background-image":"","background-repeat":"repeat","background-position":"center center","background-size":"auto","background-attachment":"scroll","background-type":"","background-media":"","overlay-type":"","overlay-color":"","overlay-opacity":"","overlay-gradient":""},"tablet":{"background-color":"","background-image":"","background-repeat":"repeat","background-position":"center center","background-size":"auto","background-attachment":"scroll","background-type":"","background-media":"","overlay-type":"","overlay-color":"","overlay-opacity":"","overlay-gradient":""},"mobile":{"background-color":"","background-image":"","background-repeat":"repeat","background-position":"center center","background-size":"auto","background-attachment":"scroll","background-type":"","background-media":"","overlay-type":"","overlay-color":"","overlay-opacity":"","overlay-gradient":""}},"ast-content-background-meta":{"desktop":{"background-color":"var(--ast-global-color-4)","background-image":"","background-repeat":"repeat","background-position":"center center","background-size":"auto","background-attachment":"scroll","background-type":"","background-media":"","overlay-type":"","overlay-color":"","overlay-opacity":"","overlay-gradient":""},"tablet":{"background-color":"var(--ast-global-color-4)","background-image":"","background-repeat":"repeat","background-position":"center center","background-size":"auto","background-attachment":"scroll","background-type":"","background-media":"","overlay-type":"","overlay-color":"","overlay-opacity":"","overlay-gradient":""},"mobile":{"background-color":"var(--ast-global-color-4)","background-image":"","background-repeat":"repeat","background-position":"center center","background-size":"auto","background-attachment":"scroll","background-type":"","background-media":"","overlay-type":"","overlay-color":"","overlay-opacity":"","overlay-gradient":""}}},"product_brand":[],"product_cat":[484],"product_tag":[5910,5911,5912,3795,5742],"class_list":{"0":"post-10275","1":"product","2":"type-product","3":"status-publish","4":"has-post-thumbnail","6":"product_cat-drasiuju-keliai","7":"product_tag-julianas-semionovas","8":"product_tag-politinis-romanas","9":"product_tag-rtfsr-premija","10":"product_tag-snipinejimas","11":"product_tag-tarybine-literatura","12":"desktop-align-left","13":"tablet-align-left","14":"mobile-align-left","16":"first","17":"instock","18":"shipping-taxable","19":"purchasable","20":"product-type-simple"},"acf":[],"yoast_head":"<!-- This site is optimized with the Yoast SEO plugin v27.0 - https:\/\/yoast.com\/product\/yoast-seo-wordpress\/ -->\n<title>TASS-as \u012fgaliotas pareik\u0161ti<\/title>\n<meta name=\"description\" content=\"J. Semionovas - RTFSR Valstybin\u0117s premijos laureatas, politini\u0173 roman\u0173 autorius.  \u0160ioje jo knygoje pasakojama apie tarybini\u0173 \u017evalg\u0173 veikl\u0105 prie\u0161 JAV imperialistini\u0173 sluoksni\u0173 remiamas C\u017dV intrigas pa\u017eangos keliu pasukusioje Nagonijoje.\" \/>\n<meta name=\"robots\" content=\"index, follow, max-snippet:-1, max-image-preview:large, max-video-preview:-1\" \/>\n<link rel=\"canonical\" href=\"https:\/\/skaitytaknyga.lt\/en\/produktas\/julianas-semionovas-tass-as-igaliotas-pareiksti-nr-134\/\" \/>\n<meta property=\"og:locale\" content=\"en_GB\" \/>\n<meta property=\"og:locale:alternate\" content=\"lt_LT\" \/>\n<meta property=\"og:type\" content=\"article\" \/>\n<meta property=\"og:title\" content=\"TASS-as \u012fgaliotas pareik\u0161ti\" \/>\n<meta property=\"og:description\" content=\"J. Semionovas - RTFSR Valstybin\u0117s premijos laureatas, politini\u0173 roman\u0173 autorius.  \u0160ioje jo knygoje pasakojama apie tarybini\u0173 \u017evalg\u0173 veikl\u0105 prie\u0161 JAV imperialistini\u0173 sluoksni\u0173 remiamas C\u017dV intrigas pa\u017eangos keliu pasukusioje Nagonijoje.\" \/>\n<meta property=\"og:url\" content=\"https:\/\/skaitytaknyga.lt\/en\/produktas\/julianas-semionovas-tass-as-igaliotas-pareiksti-nr-134\/\" \/>\n<meta property=\"og:site_name\" content=\"Skaitytaknyga\" \/>\n<meta property=\"article:publisher\" content=\"https:\/\/www.facebook.com\/skaitytaknyga\/\" \/>\n<meta property=\"article:modified_time\" content=\"2025-12-20T18:00:40+00:00\" \/>\n<meta property=\"og:image\" content=\"https:\/\/skaitytaknyga.lt\/wp-content\/uploads\/2024\/05\/1462883240_img0011-001.jpg\" \/>\n\t<meta property=\"og:image:width\" content=\"269\" \/>\n\t<meta property=\"og:image:height\" content=\"430\" \/>\n\t<meta property=\"og:image:type\" content=\"image\/jpeg\" \/>\n<meta name=\"twitter:card\" content=\"summary_large_image\" \/>\n<script type=\"application\/ld+json\" class=\"yoast-schema-graph\">{\"@context\":\"https:\/\/schema.org\",\"@graph\":[{\"@type\":\"WebPage\",\"@id\":\"https:\/\/skaitytaknyga.lt\/produktas\/julianas-semionovas-tass-as-igaliotas-pareiksti-nr-134\/\",\"url\":\"https:\/\/skaitytaknyga.lt\/produktas\/julianas-semionovas-tass-as-igaliotas-pareiksti-nr-134\/\",\"name\":\"TASS-as \u012fgaliotas pareik\u0161ti\",\"isPartOf\":{\"@id\":\"https:\/\/skaitytaknyga.lt\/#website\"},\"primaryImageOfPage\":{\"@id\":\"https:\/\/skaitytaknyga.lt\/produktas\/julianas-semionovas-tass-as-igaliotas-pareiksti-nr-134\/#primaryimage\"},\"image\":{\"@id\":\"https:\/\/skaitytaknyga.lt\/produktas\/julianas-semionovas-tass-as-igaliotas-pareiksti-nr-134\/#primaryimage\"},\"thumbnailUrl\":\"https:\/\/skaitytaknyga.lt\/wp-content\/uploads\/2024\/05\/1462883240_img0011-001.jpg\",\"datePublished\":\"2024-05-04T18:10:59+00:00\",\"dateModified\":\"2025-12-20T18:00:40+00:00\",\"description\":\"J. Semionovas - RTFSR Valstybin\u0117s premijos laureatas, politini\u0173 roman\u0173 autorius. \u0160ioje jo knygoje pasakojama apie tarybini\u0173 \u017evalg\u0173 veikl\u0105 prie\u0161 JAV imperialistini\u0173 sluoksni\u0173 remiamas C\u017dV intrigas pa\u017eangos keliu pasukusioje Nagonijoje.\",\"breadcrumb\":{\"@id\":\"https:\/\/skaitytaknyga.lt\/produktas\/julianas-semionovas-tass-as-igaliotas-pareiksti-nr-134\/#breadcrumb\"},\"inLanguage\":\"en-GB\",\"potentialAction\":[{\"@type\":\"ReadAction\",\"target\":[\"https:\/\/skaitytaknyga.lt\/produktas\/julianas-semionovas-tass-as-igaliotas-pareiksti-nr-134\/\"]}]},{\"@type\":\"ImageObject\",\"inLanguage\":\"en-GB\",\"@id\":\"https:\/\/skaitytaknyga.lt\/produktas\/julianas-semionovas-tass-as-igaliotas-pareiksti-nr-134\/#primaryimage\",\"url\":\"https:\/\/skaitytaknyga.lt\/wp-content\/uploads\/2024\/05\/1462883240_img0011-001.jpg\",\"contentUrl\":\"https:\/\/skaitytaknyga.lt\/wp-content\/uploads\/2024\/05\/1462883240_img0011-001.jpg\",\"width\":269,\"height\":430},{\"@type\":\"BreadcrumbList\",\"@id\":\"https:\/\/skaitytaknyga.lt\/produktas\/julianas-semionovas-tass-as-igaliotas-pareiksti-nr-134\/#breadcrumb\",\"itemListElement\":[{\"@type\":\"ListItem\",\"position\":1,\"name\":\"Home\",\"item\":\"https:\/\/skaitytaknyga.lt\/\"},{\"@type\":\"ListItem\",\"position\":2,\"name\":\"Parduotuv\u0117\",\"item\":\"https:\/\/skaitytaknyga.lt\/knygu-parduotuve\/\"},{\"@type\":\"ListItem\",\"position\":3,\"name\":\"TASS-as \u012fgaliotas pareik\u0161ti\"}]},{\"@type\":\"WebSite\",\"@id\":\"https:\/\/skaitytaknyga.lt\/#website\",\"url\":\"https:\/\/skaitytaknyga.lt\/\",\"name\":\"skaitytaknyga.lt\",\"description\":\"Skaitytaknyga.lt \u2013 tai ma\u017eas \u0161eimos verslas, kuris prasid\u0117jo nuo meil\u0117s knygoms ir siekio i\u0161gelb\u0117ti knygas nuo likimo prie konteinerio. Kas vienam nereikalingas daiktas \u2013 kitam lobis, o mes esame tarpininkai, kurie padeda abiems tapti laimingesniems ???? \u017dinome kaip nelengva i\u0161gyventi ma\u017eiems verslams, tad nuo \u0161iol, \u010dia rasite ir kit\u0173, ma\u017e\u0173 \u0161eim\u0173 versl\u0173, rank\u0173 darbo, dovan\u0173 sau ir artimiesiems.\",\"publisher\":{\"@id\":\"https:\/\/skaitytaknyga.lt\/#organization\"},\"potentialAction\":[{\"@type\":\"SearchAction\",\"target\":{\"@type\":\"EntryPoint\",\"urlTemplate\":\"https:\/\/skaitytaknyga.lt\/?s={search_term_string}\"},\"query-input\":{\"@type\":\"PropertyValueSpecification\",\"valueRequired\":true,\"valueName\":\"search_term_string\"}}],\"inLanguage\":\"en-GB\"},{\"@type\":\"Organization\",\"@id\":\"https:\/\/skaitytaknyga.lt\/#organization\",\"name\":\"skaitytaknyga.lt\",\"url\":\"https:\/\/skaitytaknyga.lt\/\",\"logo\":{\"@type\":\"ImageObject\",\"inLanguage\":\"en-GB\",\"@id\":\"https:\/\/skaitytaknyga.lt\/#\/schema\/logo\/image\/\",\"url\":\"https:\/\/skaitytaknyga.lt\/wp-content\/uploads\/2024\/05\/cropped-cropped-cropped-02_00843_jt3bggkj1j3HLc7SyY6rEUpg.jpeg\",\"contentUrl\":\"https:\/\/skaitytaknyga.lt\/wp-content\/uploads\/2024\/05\/cropped-cropped-cropped-02_00843_jt3bggkj1j3HLc7SyY6rEUpg.jpeg\",\"width\":1600,\"height\":1600,\"caption\":\"skaitytaknyga.lt\"},\"image\":{\"@id\":\"https:\/\/skaitytaknyga.lt\/#\/schema\/logo\/image\/\"},\"sameAs\":[\"https:\/\/www.facebook.com\/skaitytaknyga\/\"]}]}<\/script>\n<!-- \/ Yoast SEO plugin. -->","yoast_head_json":{"title":"TASS-as \u012fgaliotas pareik\u0161ti","description":"J. Semionovas - RTFSR Valstybin\u0117s premijos laureatas, politini\u0173 roman\u0173 autorius.  \u0160ioje jo knygoje pasakojama apie tarybini\u0173 \u017evalg\u0173 veikl\u0105 prie\u0161 JAV imperialistini\u0173 sluoksni\u0173 remiamas C\u017dV intrigas pa\u017eangos keliu pasukusioje Nagonijoje.","robots":{"index":"index","follow":"follow","max-snippet":"max-snippet:-1","max-image-preview":"max-image-preview:large","max-video-preview":"max-video-preview:-1"},"canonical":"https:\/\/skaitytaknyga.lt\/en\/produktas\/julianas-semionovas-tass-as-igaliotas-pareiksti-nr-134\/","og_locale":"en_GB","og_type":"article","og_title":"[:lt]TASS-as \u012fgaliotas pareik\u0161ti[:] - Skaitytaknyga","og_description":"J. Semionovas - RTFSR Valstybin\u0117s premijos laureatas, politini\u0173 roman\u0173 autorius.  \u0160ioje jo knygoje pasakojama apie tarybini\u0173 \u017evalg\u0173 veikl\u0105 prie\u0161 JAV imperialistini\u0173 sluoksni\u0173 remiamas C\u017dV intrigas pa\u017eangos keliu pasukusioje Nagonijoje.","og_url":"https:\/\/skaitytaknyga.lt\/en\/produktas\/julianas-semionovas-tass-as-igaliotas-pareiksti-nr-134\/","og_site_name":"Skaitytaknyga","article_publisher":"https:\/\/www.facebook.com\/skaitytaknyga\/","article_modified_time":"2025-12-20T18:00:40+00:00","og_image":[{"width":269,"height":430,"url":"https:\/\/skaitytaknyga.lt\/wp-content\/uploads\/2024\/05\/1462883240_img0011-001.jpg","type":"image\/jpeg"}],"twitter_card":"summary_large_image","schema":{"@context":"https:\/\/schema.org","@graph":[{"@type":"WebPage","@id":"https:\/\/skaitytaknyga.lt\/produktas\/julianas-semionovas-tass-as-igaliotas-pareiksti-nr-134\/","url":"https:\/\/skaitytaknyga.lt\/produktas\/julianas-semionovas-tass-as-igaliotas-pareiksti-nr-134\/","name":"TASS-as \u012fgaliotas pareik\u0161ti","isPartOf":{"@id":"https:\/\/skaitytaknyga.lt\/#website"},"primaryImageOfPage":{"@id":"https:\/\/skaitytaknyga.lt\/produktas\/julianas-semionovas-tass-as-igaliotas-pareiksti-nr-134\/#primaryimage"},"image":{"@id":"https:\/\/skaitytaknyga.lt\/produktas\/julianas-semionovas-tass-as-igaliotas-pareiksti-nr-134\/#primaryimage"},"thumbnailUrl":"https:\/\/skaitytaknyga.lt\/wp-content\/uploads\/2024\/05\/1462883240_img0011-001.jpg","datePublished":"2024-05-04T18:10:59+00:00","dateModified":"2025-12-20T18:00:40+00:00","description":"J. Semionovas - RTFSR Valstybin\u0117s premijos laureatas, politini\u0173 roman\u0173 autorius. \u0160ioje jo knygoje pasakojama apie tarybini\u0173 \u017evalg\u0173 veikl\u0105 prie\u0161 JAV imperialistini\u0173 sluoksni\u0173 remiamas C\u017dV intrigas pa\u017eangos keliu pasukusioje Nagonijoje.","breadcrumb":{"@id":"https:\/\/skaitytaknyga.lt\/produktas\/julianas-semionovas-tass-as-igaliotas-pareiksti-nr-134\/#breadcrumb"},"inLanguage":"en-GB","potentialAction":[{"@type":"ReadAction","target":["https:\/\/skaitytaknyga.lt\/produktas\/julianas-semionovas-tass-as-igaliotas-pareiksti-nr-134\/"]}]},{"@type":"ImageObject","inLanguage":"en-GB","@id":"https:\/\/skaitytaknyga.lt\/produktas\/julianas-semionovas-tass-as-igaliotas-pareiksti-nr-134\/#primaryimage","url":"https:\/\/skaitytaknyga.lt\/wp-content\/uploads\/2024\/05\/1462883240_img0011-001.jpg","contentUrl":"https:\/\/skaitytaknyga.lt\/wp-content\/uploads\/2024\/05\/1462883240_img0011-001.jpg","width":269,"height":430},{"@type":"BreadcrumbList","@id":"https:\/\/skaitytaknyga.lt\/produktas\/julianas-semionovas-tass-as-igaliotas-pareiksti-nr-134\/#breadcrumb","itemListElement":[{"@type":"ListItem","position":1,"name":"Home","item":"https:\/\/skaitytaknyga.lt\/"},{"@type":"ListItem","position":2,"name":"Parduotuv\u0117","item":"https:\/\/skaitytaknyga.lt\/knygu-parduotuve\/"},{"@type":"ListItem","position":3,"name":"TASS-as \u012fgaliotas pareik\u0161ti"}]},{"@type":"WebSite","@id":"https:\/\/skaitytaknyga.lt\/#website","url":"https:\/\/skaitytaknyga.lt\/","name":"skaitytaknyga.lt","description":"Skaitytaknyga.lt \u2013 tai ma\u017eas \u0161eimos verslas, kuris prasid\u0117jo nuo meil\u0117s knygoms ir siekio i\u0161gelb\u0117ti knygas nuo likimo prie konteinerio. Kas vienam nereikalingas daiktas \u2013 kitam lobis, o mes esame tarpininkai, kurie padeda abiems tapti laimingesniems ???? \u017dinome kaip nelengva i\u0161gyventi ma\u017eiems verslams, tad nuo \u0161iol, \u010dia rasite ir kit\u0173, ma\u017e\u0173 \u0161eim\u0173 versl\u0173, rank\u0173 darbo, dovan\u0173 sau ir artimiesiems.","publisher":{"@id":"https:\/\/skaitytaknyga.lt\/#organization"},"potentialAction":[{"@type":"SearchAction","target":{"@type":"EntryPoint","urlTemplate":"https:\/\/skaitytaknyga.lt\/?s={search_term_string}"},"query-input":{"@type":"PropertyValueSpecification","valueRequired":true,"valueName":"search_term_string"}}],"inLanguage":"en-GB"},{"@type":"Organization","@id":"https:\/\/skaitytaknyga.lt\/#organization","name":"skaitytaknyga.lt","url":"https:\/\/skaitytaknyga.lt\/","logo":{"@type":"ImageObject","inLanguage":"en-GB","@id":"https:\/\/skaitytaknyga.lt\/#\/schema\/logo\/image\/","url":"https:\/\/skaitytaknyga.lt\/wp-content\/uploads\/2024\/05\/cropped-cropped-cropped-02_00843_jt3bggkj1j3HLc7SyY6rEUpg.jpeg","contentUrl":"https:\/\/skaitytaknyga.lt\/wp-content\/uploads\/2024\/05\/cropped-cropped-cropped-02_00843_jt3bggkj1j3HLc7SyY6rEUpg.jpeg","width":1600,"height":1600,"caption":"skaitytaknyga.lt"},"image":{"@id":"https:\/\/skaitytaknyga.lt\/#\/schema\/logo\/image\/"},"sameAs":["https:\/\/www.facebook.com\/skaitytaknyga\/"]}]}},"_links":{"self":[{"href":"https:\/\/skaitytaknyga.lt\/en\/wp-json\/wp\/v2\/product\/10275","targetHints":{"allow":["GET"]}}],"collection":[{"href":"https:\/\/skaitytaknyga.lt\/en\/wp-json\/wp\/v2\/product"}],"about":[{"href":"https:\/\/skaitytaknyga.lt\/en\/wp-json\/wp\/v2\/types\/product"}],"replies":[{"embeddable":true,"href":"https:\/\/skaitytaknyga.lt\/en\/wp-json\/wp\/v2\/comments?post=10275"}],"wp:featuredmedia":[{"embeddable":true,"href":"https:\/\/skaitytaknyga.lt\/en\/wp-json\/wp\/v2\/media\/10320"}],"wp:attachment":[{"href":"https:\/\/skaitytaknyga.lt\/en\/wp-json\/wp\/v2\/media?parent=10275"}],"wp:term":[{"taxonomy":"product_brand","embeddable":true,"href":"https:\/\/skaitytaknyga.lt\/en\/wp-json\/wp\/v2\/product_brand?post=10275"},{"taxonomy":"product_cat","embeddable":true,"href":"https:\/\/skaitytaknyga.lt\/en\/wp-json\/wp\/v2\/product_cat?post=10275"},{"taxonomy":"product_tag","embeddable":true,"href":"https:\/\/skaitytaknyga.lt\/en\/wp-json\/wp\/v2\/product_tag?post=10275"}],"curies":[{"name":"wp","href":"https:\/\/api.w.org\/{rel}","templated":true}]}}