{"id":10260,"date":"2024-05-04T18:10:36","date_gmt":"2024-05-04T18:10:36","guid":{"rendered":"https:\/\/skaitytaknyga.lt\/?post_type=product&#038;p=10260"},"modified":"2024-05-04T18:12:08","modified_gmt":"2024-05-04T18:12:08","slug":"j-harris-melynakis-berniukas","status":"publish","type":"product","link":"https:\/\/skaitytaknyga.lt\/en\/produktas\/j-harris-melynakis-berniukas\/","title":{"rendered":"J. Harris \u201eM\u0117lynakis berniukas\u201c"},"content":{"rendered":"<p>M. B. \u2212 keturiasde\u0161imt dvej\u0173 ligonin\u0117s darbininkas \u2013 vis dar gyvena po vienu stogu su mamyte Jork\u0161yro kaime. Visuomeninis jo gyvenimas virte verda internete, svetain\u0117je, kuri\u0105 pats suk\u016br\u0117, vaikinai blogie\u010diai j\u0117ga. \u010cia jis tyko Albertinos, \u010dia rezga tamsias \u017eudym\u0173, ypa\u010d savo motinos, d\u0117liones ir \u010dia skleid\u017eiasi kankinam\u0173 herojaus santyki\u0173 istorija, i\u0161sikeroja broli\u0173 kraujo ker\u0161tas. La\u0161as po la\u0161o kapsi nuodinga tiesa, slypinti yran\u010dios pakrikusios \u0161eimos \u0161erdyje. M\u0117lynakis berniukas \u2212 sud\u0117tingai supintas (psichologinis) trileris, kuriame i\u0161skleid\u017eiamos gausios apsimetimo, suskilusios asmenyb\u0117s ir interneto si\u016blom\u0173 proto \u017eaidim\u0173 galimyb\u0117s. Kvap\u0105 gniau\u017eian\u010di\u0173 siu\u017eeto pos\u016bki\u0173 kaskada rodo ne tik neapr\u0117piam\u0105 autor\u0117s i\u0161mon\u0119, bet ir fantazij\u0173 gyvenimo, galin\u010dio \u012fsiver\u017eti \u012f real\u0173 pasaul\u012f, \u017eaism\u0119 bei siaub\u0105, keliant\u012f nei\u0161prana\u0161aujam\u0173, visa griaunan\u010di\u0173 pasekmi\u0173.<\/p>\n","protected":false},"excerpt":{"rendered":"<p>M. B. \u2212 keturiasde\u0161imt dvej\u0173 ligonin\u0117s darbininkas \u2013 vis dar gyvena po vienu stogu su mamyte Jork\u0161yro kaime. Visuomeninis jo gyvenimas virte verda internete, svetain\u0117je, kuri\u0105 pats suk\u016br\u0117, vaikinai blogie\u010diai j\u0117ga. \u010cia jis tyko Albertinos, \u010dia rezga tamsias \u017eudym\u0173, ypa\u010d savo motinos, d\u0117liones ir \u010dia skleid\u017eiasi kankinam\u0173 herojaus santyki\u0173 istorija, i\u0161sikeroja broli\u0173 kraujo ker\u0161tas. La\u0161as po la\u0161o kapsi nuodinga tiesa, slypinti yran\u010dios pakrikusios \u0161eimos \u0161erdyje. M\u0117lynakis berniukas \u2212 sud\u0117tingai supintas (psichologinis) trileris, kuriame i\u0161skleid\u017eiamos gausios apsimetimo, suskilusios asmenyb\u0117s ir interneto si\u016blom\u0173 proto \u017eaidim\u0173 galimyb\u0117s. Kvap\u0105 gniau\u017eian\u010di\u0173 siu\u017eeto pos\u016bki\u0173 kaskada rodo ne tik neapr\u0117piam\u0105 autor\u0117s i\u0161mon\u0119, bet ir fantazij\u0173 gyvenimo, galin\u010dio \u012fsiver\u017eti \u012f real\u0173 pasaul\u012f, \u017eaism\u0119 bei siaub\u0105, keliant\u012f nei\u0161prana\u0161aujam\u0173, visa griaunan\u010di\u0173 pasekmi\u0173.<\/p>\n","protected":false},"featured_media":10309,"comment_status":"closed","ping_status":"closed","template":"","meta":{"_acf_changed":false,"site-sidebar-layout":"default","site-content-layout":"","ast-site-content-layout":"default","site-content-style":"default","site-sidebar-style":"default","ast-global-header-display":"","ast-banner-title-visibility":"","ast-main-header-display":"","ast-hfb-above-header-display":"","ast-hfb-below-header-display":"","ast-hfb-mobile-header-display":"","site-post-title":"","ast-breadcrumbs-content":"","ast-featured-img":"","footer-sml-layout":"","ast-disable-related-posts":"","theme-transparent-header-meta":"","adv-header-id-meta":"","stick-header-meta":"","header-above-stick-meta":"","header-main-stick-meta":"","header-below-stick-meta":"","astra-migrate-meta-layouts":"default","ast-page-background-enabled":"default","ast-page-background-meta":{"desktop":{"background-color":"","background-image":"","background-repeat":"repeat","background-position":"center center","background-size":"auto","background-attachment":"scroll","background-type":"","background-media":"","overlay-type":"","overlay-color":"","overlay-opacity":"","overlay-gradient":""},"tablet":{"background-color":"","background-image":"","background-repeat":"repeat","background-position":"center center","background-size":"auto","background-attachment":"scroll","background-type":"","background-media":"","overlay-type":"","overlay-color":"","overlay-opacity":"","overlay-gradient":""},"mobile":{"background-color":"","background-image":"","background-repeat":"repeat","background-position":"center center","background-size":"auto","background-attachment":"scroll","background-type":"","background-media":"","overlay-type":"","overlay-color":"","overlay-opacity":"","overlay-gradient":""}},"ast-content-background-meta":{"desktop":{"background-color":"var(--ast-global-color-4)","background-image":"","background-repeat":"repeat","background-position":"center center","background-size":"auto","background-attachment":"scroll","background-type":"","background-media":"","overlay-type":"","overlay-color":"","overlay-opacity":"","overlay-gradient":""},"tablet":{"background-color":"var(--ast-global-color-4)","background-image":"","background-repeat":"repeat","background-position":"center center","background-size":"auto","background-attachment":"scroll","background-type":"","background-media":"","overlay-type":"","overlay-color":"","overlay-opacity":"","overlay-gradient":""},"mobile":{"background-color":"var(--ast-global-color-4)","background-image":"","background-repeat":"repeat","background-position":"center center","background-size":"auto","background-attachment":"scroll","background-type":"","background-media":"","overlay-type":"","overlay-color":"","overlay-opacity":"","overlay-gradient":""}}},"product_brand":[],"product_cat":[31],"product_tag":[],"class_list":{"0":"post-10260","1":"product","2":"type-product","3":"status-publish","4":"has-post-thumbnail","6":"product_cat-grozine-literatura","7":"desktop-align-left","8":"tablet-align-left","9":"mobile-align-left","11":"first","12":"instock","13":"shipping-taxable","14":"purchasable","15":"product-type-simple"},"acf":[],"yoast_head":"<!-- This site is optimized with the Yoast SEO plugin v27.4 - https:\/\/yoast.com\/product\/yoast-seo-wordpress\/ -->\n<title>J. Harris \u201eM\u0117lynakis berniukas\u201c - Skaitytaknyga<\/title>\n<meta name=\"description\" content=\"M. B. \u2212 keturiasde\u0161imt dvej\u0173 ligonin\u0117s darbininkas \u2013 vis dar gyvena po vienu stogu su mamyte Jork\u0161yro kaime. Visuomeninis jo gyvenimas virte verda internete, svetain\u0117je, kuri\u0105 pats suk\u016br\u0117, vaikinai blogie\u010diai j\u0117ga. \u010cia jis tyko Albertinos, \u010dia rezga tamsias \u017eudym\u0173, ypa\u010d savo motinos, d\u0117liones ir \u010dia skleid\u017eiasi kankinam\u0173 herojaus santyki\u0173 istorija, i\u0161sikeroja broli\u0173 kraujo ker\u0161tas. La\u0161as po la\u0161o kapsi nuodinga tiesa, slypinti yran\u010dios pakrikusios \u0161eimos \u0161erdyje. M\u0117lynakis berniukas \u2212 sud\u0117tingai supintas (psichologinis) trileris, kuriame i\u0161skleid\u017eiamos gausios apsimetimo, suskilusios asmenyb\u0117s ir interneto si\u016blom\u0173 proto \u017eaidim\u0173 galimyb\u0117s. Kvap\u0105 gniau\u017eian\u010di\u0173 siu\u017eeto pos\u016bki\u0173 kaskada rodo ne tik neapr\u0117piam\u0105 autor\u0117s i\u0161mon\u0119, bet ir fantazij\u0173 gyvenimo, galin\u010dio \u012fsiver\u017eti \u012f real\u0173 pasaul\u012f, \u017eaism\u0119 bei siaub\u0105, keliant\u012f nei\u0161prana\u0161aujam\u0173, visa griaunan\u010di\u0173 pasekmi\u0173.\" \/>\n<meta name=\"robots\" content=\"index, follow, max-snippet:-1, max-image-preview:large, max-video-preview:-1\" \/>\n<link rel=\"canonical\" href=\"https:\/\/skaitytaknyga.lt\/en\/produktas\/j-harris-melynakis-berniukas\/\" \/>\n<meta property=\"og:locale\" content=\"en_GB\" \/>\n<meta property=\"og:locale:alternate\" content=\"lt_LT\" \/>\n<meta property=\"og:type\" content=\"article\" \/>\n<meta property=\"og:title\" content=\"J. Harris \u201eM\u0117lynakis berniukas\u201c - Skaitytaknyga\" \/>\n<meta property=\"og:description\" content=\"M. B. \u2212 keturiasde\u0161imt dvej\u0173 ligonin\u0117s darbininkas \u2013 vis dar gyvena po vienu stogu su mamyte Jork\u0161yro kaime. Visuomeninis jo gyvenimas virte verda internete, svetain\u0117je, kuri\u0105 pats suk\u016br\u0117, vaikinai blogie\u010diai j\u0117ga. \u010cia jis tyko Albertinos, \u010dia rezga tamsias \u017eudym\u0173, ypa\u010d savo motinos, d\u0117liones ir \u010dia skleid\u017eiasi kankinam\u0173 herojaus santyki\u0173 istorija, i\u0161sikeroja broli\u0173 kraujo ker\u0161tas. La\u0161as po la\u0161o kapsi nuodinga tiesa, slypinti yran\u010dios pakrikusios \u0161eimos \u0161erdyje. M\u0117lynakis berniukas \u2212 sud\u0117tingai supintas (psichologinis) trileris, kuriame i\u0161skleid\u017eiamos gausios apsimetimo, suskilusios asmenyb\u0117s ir interneto si\u016blom\u0173 proto \u017eaidim\u0173 galimyb\u0117s. Kvap\u0105 gniau\u017eian\u010di\u0173 siu\u017eeto pos\u016bki\u0173 kaskada rodo ne tik neapr\u0117piam\u0105 autor\u0117s i\u0161mon\u0119, bet ir fantazij\u0173 gyvenimo, galin\u010dio \u012fsiver\u017eti \u012f real\u0173 pasaul\u012f, \u017eaism\u0119 bei siaub\u0105, keliant\u012f nei\u0161prana\u0161aujam\u0173, visa griaunan\u010di\u0173 pasekmi\u0173.\" \/>\n<meta property=\"og:url\" content=\"https:\/\/skaitytaknyga.lt\/en\/produktas\/j-harris-melynakis-berniukas\/\" \/>\n<meta property=\"og:site_name\" content=\"Skaitytaknyga\" \/>\n<meta property=\"article:publisher\" content=\"https:\/\/www.facebook.com\/skaitytaknyga\/\" \/>\n<meta property=\"article:modified_time\" content=\"2024-05-04T18:12:08+00:00\" \/>\n<meta property=\"og:image\" content=\"https:\/\/skaitytaknyga.lt\/wp-content\/uploads\/2024\/05\/3931381852-joanne-harris-melynakis-berniukas.jpg\" \/>\n\t<meta property=\"og:image:width\" content=\"598\" \/>\n\t<meta property=\"og:image:height\" content=\"900\" \/>\n\t<meta property=\"og:image:type\" content=\"image\/jpeg\" \/>\n<meta name=\"twitter:card\" content=\"summary_large_image\" \/>\n<meta name=\"twitter:label1\" content=\"Estimated reading time\" \/>\n\t<meta name=\"twitter:data1\" content=\"1 minute\" \/>\n<script type=\"application\/ld+json\" class=\"yoast-schema-graph\">{\"@context\":\"https:\\\/\\\/schema.org\",\"@graph\":[{\"@type\":\"WebPage\",\"@id\":\"https:\\\/\\\/skaitytaknyga.lt\\\/produktas\\\/j-harris-melynakis-berniukas\\\/\",\"url\":\"https:\\\/\\\/skaitytaknyga.lt\\\/produktas\\\/j-harris-melynakis-berniukas\\\/\",\"name\":\"J. Harris \u201eM\u0117lynakis berniukas\u201c - Skaitytaknyga\",\"isPartOf\":{\"@id\":\"https:\\\/\\\/skaitytaknyga.lt\\\/#website\"},\"primaryImageOfPage\":{\"@id\":\"https:\\\/\\\/skaitytaknyga.lt\\\/produktas\\\/j-harris-melynakis-berniukas\\\/#primaryimage\"},\"image\":{\"@id\":\"https:\\\/\\\/skaitytaknyga.lt\\\/produktas\\\/j-harris-melynakis-berniukas\\\/#primaryimage\"},\"thumbnailUrl\":\"https:\\\/\\\/skaitytaknyga.lt\\\/wp-content\\\/uploads\\\/2024\\\/05\\\/3931381852-joanne-harris-melynakis-berniukas.jpg\",\"datePublished\":\"2024-05-04T18:10:36+00:00\",\"dateModified\":\"2024-05-04T18:12:08+00:00\",\"description\":\"M. B. \u2212 keturiasde\u0161imt dvej\u0173 ligonin\u0117s darbininkas \u2013 vis dar gyvena po vienu stogu su mamyte Jork\u0161yro kaime. Visuomeninis jo gyvenimas virte verda internete, svetain\u0117je, kuri\u0105 pats suk\u016br\u0117, vaikinai blogie\u010diai j\u0117ga. \u010cia jis tyko Albertinos, \u010dia rezga tamsias \u017eudym\u0173, ypa\u010d savo motinos, d\u0117liones ir \u010dia skleid\u017eiasi kankinam\u0173 herojaus santyki\u0173 istorija, i\u0161sikeroja broli\u0173 kraujo ker\u0161tas. La\u0161as po la\u0161o kapsi nuodinga tiesa, slypinti yran\u010dios pakrikusios \u0161eimos \u0161erdyje. M\u0117lynakis berniukas \u2212 sud\u0117tingai supintas (psichologinis) trileris, kuriame i\u0161skleid\u017eiamos gausios apsimetimo, suskilusios asmenyb\u0117s ir interneto si\u016blom\u0173 proto \u017eaidim\u0173 galimyb\u0117s. Kvap\u0105 gniau\u017eian\u010di\u0173 siu\u017eeto pos\u016bki\u0173 kaskada rodo ne tik neapr\u0117piam\u0105 autor\u0117s i\u0161mon\u0119, bet ir fantazij\u0173 gyvenimo, galin\u010dio \u012fsiver\u017eti \u012f real\u0173 pasaul\u012f, \u017eaism\u0119 bei siaub\u0105, keliant\u012f nei\u0161prana\u0161aujam\u0173, visa griaunan\u010di\u0173 pasekmi\u0173.\",\"breadcrumb\":{\"@id\":\"https:\\\/\\\/skaitytaknyga.lt\\\/produktas\\\/j-harris-melynakis-berniukas\\\/#breadcrumb\"},\"inLanguage\":\"en-GB\",\"potentialAction\":[{\"@type\":\"ReadAction\",\"target\":[\"https:\\\/\\\/skaitytaknyga.lt\\\/produktas\\\/j-harris-melynakis-berniukas\\\/\"]}]},{\"@type\":\"ImageObject\",\"inLanguage\":\"en-GB\",\"@id\":\"https:\\\/\\\/skaitytaknyga.lt\\\/produktas\\\/j-harris-melynakis-berniukas\\\/#primaryimage\",\"url\":\"https:\\\/\\\/skaitytaknyga.lt\\\/wp-content\\\/uploads\\\/2024\\\/05\\\/3931381852-joanne-harris-melynakis-berniukas.jpg\",\"contentUrl\":\"https:\\\/\\\/skaitytaknyga.lt\\\/wp-content\\\/uploads\\\/2024\\\/05\\\/3931381852-joanne-harris-melynakis-berniukas.jpg\",\"width\":598,\"height\":900},{\"@type\":\"BreadcrumbList\",\"@id\":\"https:\\\/\\\/skaitytaknyga.lt\\\/produktas\\\/j-harris-melynakis-berniukas\\\/#breadcrumb\",\"itemListElement\":[{\"@type\":\"ListItem\",\"position\":1,\"name\":\"Home\",\"item\":\"https:\\\/\\\/skaitytaknyga.lt\\\/\"},{\"@type\":\"ListItem\",\"position\":2,\"name\":\"Parduotuv\u0117\",\"item\":\"https:\\\/\\\/skaitytaknyga.lt\\\/knygu-parduotuve\\\/\"},{\"@type\":\"ListItem\",\"position\":3,\"name\":\"J. Harris \u201eM\u0117lynakis berniukas\u201c\"}]},{\"@type\":\"WebSite\",\"@id\":\"https:\\\/\\\/skaitytaknyga.lt\\\/#website\",\"url\":\"https:\\\/\\\/skaitytaknyga.lt\\\/\",\"name\":\"skaitytaknyga.lt\",\"description\":\"Skaitytaknyga.lt \u2013 tai ma\u017eas \u0161eimos verslas, kuris prasid\u0117jo nuo meil\u0117s knygoms ir siekio i\u0161gelb\u0117ti knygas nuo likimo prie konteinerio. Kas vienam nereikalingas daiktas \u2013 kitam lobis, o mes esame tarpininkai, kurie padeda abiems tapti laimingesniems ???? \u017dinome kaip nelengva i\u0161gyventi ma\u017eiems verslams, tad nuo \u0161iol, \u010dia rasite ir kit\u0173, ma\u017e\u0173 \u0161eim\u0173 versl\u0173, rank\u0173 darbo, dovan\u0173 sau ir artimiesiems.\",\"publisher\":{\"@id\":\"https:\\\/\\\/skaitytaknyga.lt\\\/#organization\"},\"potentialAction\":[{\"@type\":\"SearchAction\",\"target\":{\"@type\":\"EntryPoint\",\"urlTemplate\":\"https:\\\/\\\/skaitytaknyga.lt\\\/?s={search_term_string}\"},\"query-input\":{\"@type\":\"PropertyValueSpecification\",\"valueRequired\":true,\"valueName\":\"search_term_string\"}}],\"inLanguage\":\"en-GB\"},{\"@type\":\"Organization\",\"@id\":\"https:\\\/\\\/skaitytaknyga.lt\\\/#organization\",\"name\":\"skaitytaknyga.lt\",\"url\":\"https:\\\/\\\/skaitytaknyga.lt\\\/\",\"logo\":{\"@type\":\"ImageObject\",\"inLanguage\":\"en-GB\",\"@id\":\"https:\\\/\\\/skaitytaknyga.lt\\\/#\\\/schema\\\/logo\\\/image\\\/\",\"url\":\"https:\\\/\\\/skaitytaknyga.lt\\\/wp-content\\\/uploads\\\/2024\\\/05\\\/cropped-cropped-cropped-02_00843_jt3bggkj1j3HLc7SyY6rEUpg.jpeg\",\"contentUrl\":\"https:\\\/\\\/skaitytaknyga.lt\\\/wp-content\\\/uploads\\\/2024\\\/05\\\/cropped-cropped-cropped-02_00843_jt3bggkj1j3HLc7SyY6rEUpg.jpeg\",\"width\":1600,\"height\":1600,\"caption\":\"skaitytaknyga.lt\"},\"image\":{\"@id\":\"https:\\\/\\\/skaitytaknyga.lt\\\/#\\\/schema\\\/logo\\\/image\\\/\"},\"sameAs\":[\"https:\\\/\\\/www.facebook.com\\\/skaitytaknyga\\\/\"]}]}<\/script>\n<!-- \/ Yoast SEO plugin. -->","yoast_head_json":{"title":"J. Harris \u201eM\u0117lynakis berniukas\u201c - Skaitytaknyga","description":"M. B. \u2212 keturiasde\u0161imt dvej\u0173 ligonin\u0117s darbininkas \u2013 vis dar gyvena po vienu stogu su mamyte Jork\u0161yro kaime. Visuomeninis jo gyvenimas virte verda internete, svetain\u0117je, kuri\u0105 pats suk\u016br\u0117, vaikinai blogie\u010diai j\u0117ga. \u010cia jis tyko Albertinos, \u010dia rezga tamsias \u017eudym\u0173, ypa\u010d savo motinos, d\u0117liones ir \u010dia skleid\u017eiasi kankinam\u0173 herojaus santyki\u0173 istorija, i\u0161sikeroja broli\u0173 kraujo ker\u0161tas. La\u0161as po la\u0161o kapsi nuodinga tiesa, slypinti yran\u010dios pakrikusios \u0161eimos \u0161erdyje. M\u0117lynakis berniukas \u2212 sud\u0117tingai supintas (psichologinis) trileris, kuriame i\u0161skleid\u017eiamos gausios apsimetimo, suskilusios asmenyb\u0117s ir interneto si\u016blom\u0173 proto \u017eaidim\u0173 galimyb\u0117s. Kvap\u0105 gniau\u017eian\u010di\u0173 siu\u017eeto pos\u016bki\u0173 kaskada rodo ne tik neapr\u0117piam\u0105 autor\u0117s i\u0161mon\u0119, bet ir fantazij\u0173 gyvenimo, galin\u010dio \u012fsiver\u017eti \u012f real\u0173 pasaul\u012f, \u017eaism\u0119 bei siaub\u0105, keliant\u012f nei\u0161prana\u0161aujam\u0173, visa griaunan\u010di\u0173 pasekmi\u0173.","robots":{"index":"index","follow":"follow","max-snippet":"max-snippet:-1","max-image-preview":"max-image-preview:large","max-video-preview":"max-video-preview:-1"},"canonical":"https:\/\/skaitytaknyga.lt\/en\/produktas\/j-harris-melynakis-berniukas\/","og_locale":"en_GB","og_type":"article","og_title":"J. Harris \u201eM\u0117lynakis berniukas\u201c - Skaitytaknyga","og_description":"M. B. \u2212 keturiasde\u0161imt dvej\u0173 ligonin\u0117s darbininkas \u2013 vis dar gyvena po vienu stogu su mamyte Jork\u0161yro kaime. Visuomeninis jo gyvenimas virte verda internete, svetain\u0117je, kuri\u0105 pats suk\u016br\u0117, vaikinai blogie\u010diai j\u0117ga. \u010cia jis tyko Albertinos, \u010dia rezga tamsias \u017eudym\u0173, ypa\u010d savo motinos, d\u0117liones ir \u010dia skleid\u017eiasi kankinam\u0173 herojaus santyki\u0173 istorija, i\u0161sikeroja broli\u0173 kraujo ker\u0161tas. La\u0161as po la\u0161o kapsi nuodinga tiesa, slypinti yran\u010dios pakrikusios \u0161eimos \u0161erdyje. M\u0117lynakis berniukas \u2212 sud\u0117tingai supintas (psichologinis) trileris, kuriame i\u0161skleid\u017eiamos gausios apsimetimo, suskilusios asmenyb\u0117s ir interneto si\u016blom\u0173 proto \u017eaidim\u0173 galimyb\u0117s. Kvap\u0105 gniau\u017eian\u010di\u0173 siu\u017eeto pos\u016bki\u0173 kaskada rodo ne tik neapr\u0117piam\u0105 autor\u0117s i\u0161mon\u0119, bet ir fantazij\u0173 gyvenimo, galin\u010dio \u012fsiver\u017eti \u012f real\u0173 pasaul\u012f, \u017eaism\u0119 bei siaub\u0105, keliant\u012f nei\u0161prana\u0161aujam\u0173, visa griaunan\u010di\u0173 pasekmi\u0173.","og_url":"https:\/\/skaitytaknyga.lt\/en\/produktas\/j-harris-melynakis-berniukas\/","og_site_name":"Skaitytaknyga","article_publisher":"https:\/\/www.facebook.com\/skaitytaknyga\/","article_modified_time":"2024-05-04T18:12:08+00:00","og_image":[{"width":598,"height":900,"url":"https:\/\/skaitytaknyga.lt\/wp-content\/uploads\/2024\/05\/3931381852-joanne-harris-melynakis-berniukas.jpg","type":"image\/jpeg"}],"twitter_card":"summary_large_image","twitter_misc":{"Estimated reading time":"1 minute"},"schema":{"@context":"https:\/\/schema.org","@graph":[{"@type":"WebPage","@id":"https:\/\/skaitytaknyga.lt\/produktas\/j-harris-melynakis-berniukas\/","url":"https:\/\/skaitytaknyga.lt\/produktas\/j-harris-melynakis-berniukas\/","name":"J. Harris \u201eM\u0117lynakis berniukas\u201c - Skaitytaknyga","isPartOf":{"@id":"https:\/\/skaitytaknyga.lt\/#website"},"primaryImageOfPage":{"@id":"https:\/\/skaitytaknyga.lt\/produktas\/j-harris-melynakis-berniukas\/#primaryimage"},"image":{"@id":"https:\/\/skaitytaknyga.lt\/produktas\/j-harris-melynakis-berniukas\/#primaryimage"},"thumbnailUrl":"https:\/\/skaitytaknyga.lt\/wp-content\/uploads\/2024\/05\/3931381852-joanne-harris-melynakis-berniukas.jpg","datePublished":"2024-05-04T18:10:36+00:00","dateModified":"2024-05-04T18:12:08+00:00","description":"M. B. \u2212 keturiasde\u0161imt dvej\u0173 ligonin\u0117s darbininkas \u2013 vis dar gyvena po vienu stogu su mamyte Jork\u0161yro kaime. Visuomeninis jo gyvenimas virte verda internete, svetain\u0117je, kuri\u0105 pats suk\u016br\u0117, vaikinai blogie\u010diai j\u0117ga. \u010cia jis tyko Albertinos, \u010dia rezga tamsias \u017eudym\u0173, ypa\u010d savo motinos, d\u0117liones ir \u010dia skleid\u017eiasi kankinam\u0173 herojaus santyki\u0173 istorija, i\u0161sikeroja broli\u0173 kraujo ker\u0161tas. La\u0161as po la\u0161o kapsi nuodinga tiesa, slypinti yran\u010dios pakrikusios \u0161eimos \u0161erdyje. M\u0117lynakis berniukas \u2212 sud\u0117tingai supintas (psichologinis) trileris, kuriame i\u0161skleid\u017eiamos gausios apsimetimo, suskilusios asmenyb\u0117s ir interneto si\u016blom\u0173 proto \u017eaidim\u0173 galimyb\u0117s. Kvap\u0105 gniau\u017eian\u010di\u0173 siu\u017eeto pos\u016bki\u0173 kaskada rodo ne tik neapr\u0117piam\u0105 autor\u0117s i\u0161mon\u0119, bet ir fantazij\u0173 gyvenimo, galin\u010dio \u012fsiver\u017eti \u012f real\u0173 pasaul\u012f, \u017eaism\u0119 bei siaub\u0105, keliant\u012f nei\u0161prana\u0161aujam\u0173, visa griaunan\u010di\u0173 pasekmi\u0173.","breadcrumb":{"@id":"https:\/\/skaitytaknyga.lt\/produktas\/j-harris-melynakis-berniukas\/#breadcrumb"},"inLanguage":"en-GB","potentialAction":[{"@type":"ReadAction","target":["https:\/\/skaitytaknyga.lt\/produktas\/j-harris-melynakis-berniukas\/"]}]},{"@type":"ImageObject","inLanguage":"en-GB","@id":"https:\/\/skaitytaknyga.lt\/produktas\/j-harris-melynakis-berniukas\/#primaryimage","url":"https:\/\/skaitytaknyga.lt\/wp-content\/uploads\/2024\/05\/3931381852-joanne-harris-melynakis-berniukas.jpg","contentUrl":"https:\/\/skaitytaknyga.lt\/wp-content\/uploads\/2024\/05\/3931381852-joanne-harris-melynakis-berniukas.jpg","width":598,"height":900},{"@type":"BreadcrumbList","@id":"https:\/\/skaitytaknyga.lt\/produktas\/j-harris-melynakis-berniukas\/#breadcrumb","itemListElement":[{"@type":"ListItem","position":1,"name":"Home","item":"https:\/\/skaitytaknyga.lt\/"},{"@type":"ListItem","position":2,"name":"Parduotuv\u0117","item":"https:\/\/skaitytaknyga.lt\/knygu-parduotuve\/"},{"@type":"ListItem","position":3,"name":"J. Harris \u201eM\u0117lynakis berniukas\u201c"}]},{"@type":"WebSite","@id":"https:\/\/skaitytaknyga.lt\/#website","url":"https:\/\/skaitytaknyga.lt\/","name":"skaitytaknyga.lt","description":"Skaitytaknyga.lt \u2013 tai ma\u017eas \u0161eimos verslas, kuris prasid\u0117jo nuo meil\u0117s knygoms ir siekio i\u0161gelb\u0117ti knygas nuo likimo prie konteinerio. Kas vienam nereikalingas daiktas \u2013 kitam lobis, o mes esame tarpininkai, kurie padeda abiems tapti laimingesniems ???? \u017dinome kaip nelengva i\u0161gyventi ma\u017eiems verslams, tad nuo \u0161iol, \u010dia rasite ir kit\u0173, ma\u017e\u0173 \u0161eim\u0173 versl\u0173, rank\u0173 darbo, dovan\u0173 sau ir artimiesiems.","publisher":{"@id":"https:\/\/skaitytaknyga.lt\/#organization"},"potentialAction":[{"@type":"SearchAction","target":{"@type":"EntryPoint","urlTemplate":"https:\/\/skaitytaknyga.lt\/?s={search_term_string}"},"query-input":{"@type":"PropertyValueSpecification","valueRequired":true,"valueName":"search_term_string"}}],"inLanguage":"en-GB"},{"@type":"Organization","@id":"https:\/\/skaitytaknyga.lt\/#organization","name":"skaitytaknyga.lt","url":"https:\/\/skaitytaknyga.lt\/","logo":{"@type":"ImageObject","inLanguage":"en-GB","@id":"https:\/\/skaitytaknyga.lt\/#\/schema\/logo\/image\/","url":"https:\/\/skaitytaknyga.lt\/wp-content\/uploads\/2024\/05\/cropped-cropped-cropped-02_00843_jt3bggkj1j3HLc7SyY6rEUpg.jpeg","contentUrl":"https:\/\/skaitytaknyga.lt\/wp-content\/uploads\/2024\/05\/cropped-cropped-cropped-02_00843_jt3bggkj1j3HLc7SyY6rEUpg.jpeg","width":1600,"height":1600,"caption":"skaitytaknyga.lt"},"image":{"@id":"https:\/\/skaitytaknyga.lt\/#\/schema\/logo\/image\/"},"sameAs":["https:\/\/www.facebook.com\/skaitytaknyga\/"]}]}},"_links":{"self":[{"href":"https:\/\/skaitytaknyga.lt\/en\/wp-json\/wp\/v2\/product\/10260","targetHints":{"allow":["GET"]}}],"collection":[{"href":"https:\/\/skaitytaknyga.lt\/en\/wp-json\/wp\/v2\/product"}],"about":[{"href":"https:\/\/skaitytaknyga.lt\/en\/wp-json\/wp\/v2\/types\/product"}],"replies":[{"embeddable":true,"href":"https:\/\/skaitytaknyga.lt\/en\/wp-json\/wp\/v2\/comments?post=10260"}],"wp:featuredmedia":[{"embeddable":true,"href":"https:\/\/skaitytaknyga.lt\/en\/wp-json\/wp\/v2\/media\/10309"}],"wp:attachment":[{"href":"https:\/\/skaitytaknyga.lt\/en\/wp-json\/wp\/v2\/media?parent=10260"}],"wp:term":[{"taxonomy":"product_brand","embeddable":true,"href":"https:\/\/skaitytaknyga.lt\/en\/wp-json\/wp\/v2\/product_brand?post=10260"},{"taxonomy":"product_cat","embeddable":true,"href":"https:\/\/skaitytaknyga.lt\/en\/wp-json\/wp\/v2\/product_cat?post=10260"},{"taxonomy":"product_tag","embeddable":true,"href":"https:\/\/skaitytaknyga.lt\/en\/wp-json\/wp\/v2\/product_tag?post=10260"}],"curies":[{"name":"wp","href":"https:\/\/api.w.org\/{rel}","templated":true}]}}