{"id":10256,"date":"2024-05-04T18:10:36","date_gmt":"2024-05-04T18:10:36","guid":{"rendered":"https:\/\/skaitytaknyga.lt\/?post_type=product&#038;p=10256"},"modified":"2024-05-04T18:11:31","modified_gmt":"2024-05-04T18:11:31","slug":"vilniaus-meno-paminklai-patamsejimas-knygos-sone","status":"publish","type":"product","link":"https:\/\/skaitytaknyga.lt\/en\/produktas\/vilniaus-meno-paminklai-patamsejimas-knygos-sone\/","title":{"rendered":"Vilniaus meno paminklai (patams\u0117jimas knygos \u0161one)"},"content":{"rendered":"<p>Turinys: Pratartis; Termin\u0173 paai\u0161kinimas; Bibliografija. GOTIKA: I. Bendrasis \u017evilgsnis; II. Gotikiniai paminklai; RENESANSAS: I. Bendrasis&#8230;; II. Renesanso&#8230;. BAROKAS: I. Bendrasis&#8230;. II. Baroko&#8230;. V\u0116LYVASIS BAROKAS IR ROKOKAS: I. Bendrasis&#8230; II. V\u0117lyvojo&#8230; NEOKLASICIZMAS; I. Bendrasis&#8230;. II. Neoklasicizmo&#8230;. Paminkl\u0173 adresai ir paveikslai. Su 70 paveiksl\u0173 pagal J. Bulhako ir kit\u0173 fotografijas (nespalvotos).<\/p>\n","protected":false},"excerpt":{"rendered":"<p>Turinys: Pratartis; Termin\u0173 paai\u0161kinimas; Bibliografija. GOTIKA: I. Bendrasis \u017evilgsnis; II. Gotikiniai paminklai; RENESANSAS: I. Bendrasis&#8230;; II. Renesanso&#8230;. BAROKAS: I. Bendrasis&#8230;. II. Baroko&#8230;. V\u0116LYVASIS BAROKAS IR ROKOKAS: I. Bendrasis&#8230; II. V\u0117lyvojo&#8230; NEOKLASICIZMAS; I. Bendrasis&#8230;. II. Neoklasicizmo&#8230;. Paminkl\u0173 adresai ir paveikslai. Su 70 paveiksl\u0173 pagal J. Bulhako ir kit\u0173 fotografijas (nespalvotos).<\/p>\n","protected":false},"featured_media":10299,"comment_status":"closed","ping_status":"closed","template":"","meta":{"_acf_changed":false,"site-sidebar-layout":"default","site-content-layout":"","ast-site-content-layout":"default","site-content-style":"default","site-sidebar-style":"default","ast-global-header-display":"","ast-banner-title-visibility":"","ast-main-header-display":"","ast-hfb-above-header-display":"","ast-hfb-below-header-display":"","ast-hfb-mobile-header-display":"","site-post-title":"","ast-breadcrumbs-content":"","ast-featured-img":"","footer-sml-layout":"","ast-disable-related-posts":"","theme-transparent-header-meta":"","adv-header-id-meta":"","stick-header-meta":"","header-above-stick-meta":"","header-main-stick-meta":"","header-below-stick-meta":"","astra-migrate-meta-layouts":"default","ast-page-background-enabled":"default","ast-page-background-meta":{"desktop":{"background-color":"","background-image":"","background-repeat":"repeat","background-position":"center center","background-size":"auto","background-attachment":"scroll","background-type":"","background-media":"","overlay-type":"","overlay-color":"","overlay-opacity":"","overlay-gradient":""},"tablet":{"background-color":"","background-image":"","background-repeat":"repeat","background-position":"center center","background-size":"auto","background-attachment":"scroll","background-type":"","background-media":"","overlay-type":"","overlay-color":"","overlay-opacity":"","overlay-gradient":""},"mobile":{"background-color":"","background-image":"","background-repeat":"repeat","background-position":"center center","background-size":"auto","background-attachment":"scroll","background-type":"","background-media":"","overlay-type":"","overlay-color":"","overlay-opacity":"","overlay-gradient":""}},"ast-content-background-meta":{"desktop":{"background-color":"var(--ast-global-color-4)","background-image":"","background-repeat":"repeat","background-position":"center center","background-size":"auto","background-attachment":"scroll","background-type":"","background-media":"","overlay-type":"","overlay-color":"","overlay-opacity":"","overlay-gradient":""},"tablet":{"background-color":"var(--ast-global-color-4)","background-image":"","background-repeat":"repeat","background-position":"center center","background-size":"auto","background-attachment":"scroll","background-type":"","background-media":"","overlay-type":"","overlay-color":"","overlay-opacity":"","overlay-gradient":""},"mobile":{"background-color":"var(--ast-global-color-4)","background-image":"","background-repeat":"repeat","background-position":"center center","background-size":"auto","background-attachment":"scroll","background-type":"","background-media":"","overlay-type":"","overlay-color":"","overlay-opacity":"","overlay-gradient":""}}},"product_brand":[],"product_cat":[174],"product_tag":[],"class_list":{"0":"post-10256","1":"product","2":"type-product","3":"status-publish","4":"has-post-thumbnail","6":"product_cat-istorija-ir-politologija","7":"desktop-align-left","8":"tablet-align-left","9":"mobile-align-left","11":"first","12":"instock","13":"shipping-taxable","14":"purchasable","15":"product-type-simple"},"acf":[],"yoast_head":"<!-- This site is optimized with the Yoast SEO plugin v27.4 - https:\/\/yoast.com\/product\/yoast-seo-wordpress\/ -->\n<title>Vilniaus meno paminklai (patams\u0117jimas knygos \u0161one) - Skaitytaknyga<\/title>\n<meta name=\"description\" content=\"Turinys: Pratartis; Termin\u0173 paai\u0161kinimas; Bibliografija. GOTIKA: I. Bendrasis \u017evilgsnis; II. Gotikiniai paminklai; RENESANSAS: I. Bendrasis...; II. Renesanso.... BAROKAS: I. Bendrasis.... II. Baroko.... V\u0116LYVASIS BAROKAS IR ROKOKAS: I. Bendrasis... II. V\u0117lyvojo... NEOKLASICIZMAS; I. Bendrasis.... II. Neoklasicizmo.... Paminkl\u0173 adresai ir paveikslai. Su 70 paveiksl\u0173 pagal J. Bulhako ir kit\u0173 fotografijas (nespalvotos).\" \/>\n<meta name=\"robots\" content=\"index, follow, max-snippet:-1, max-image-preview:large, max-video-preview:-1\" \/>\n<link rel=\"canonical\" href=\"https:\/\/skaitytaknyga.lt\/en\/produktas\/vilniaus-meno-paminklai-patamsejimas-knygos-sone\/\" \/>\n<meta property=\"og:locale\" content=\"en_GB\" \/>\n<meta property=\"og:locale:alternate\" content=\"lt_LT\" \/>\n<meta property=\"og:type\" content=\"article\" \/>\n<meta property=\"og:title\" content=\"Vilniaus meno paminklai (patams\u0117jimas knygos \u0161one) - Skaitytaknyga\" \/>\n<meta property=\"og:description\" content=\"Turinys: Pratartis; Termin\u0173 paai\u0161kinimas; Bibliografija. GOTIKA: I. Bendrasis \u017evilgsnis; II. Gotikiniai paminklai; RENESANSAS: I. Bendrasis...; II. Renesanso.... BAROKAS: I. Bendrasis.... II. Baroko.... V\u0116LYVASIS BAROKAS IR ROKOKAS: I. Bendrasis... II. V\u0117lyvojo... NEOKLASICIZMAS; I. Bendrasis.... II. Neoklasicizmo.... Paminkl\u0173 adresai ir paveikslai. Su 70 paveiksl\u0173 pagal J. Bulhako ir kit\u0173 fotografijas (nespalvotos).\" \/>\n<meta property=\"og:url\" content=\"https:\/\/skaitytaknyga.lt\/en\/produktas\/vilniaus-meno-paminklai-patamsejimas-knygos-sone\/\" \/>\n<meta property=\"og:site_name\" content=\"Skaitytaknyga\" \/>\n<meta property=\"article:publisher\" content=\"https:\/\/www.facebook.com\/skaitytaknyga\/\" \/>\n<meta property=\"article:modified_time\" content=\"2024-05-04T18:11:31+00:00\" \/>\n<meta property=\"og:image\" content=\"https:\/\/skaitytaknyga.lt\/wp-content\/uploads\/2024\/05\/atsisiusti-3.jpg\" \/>\n\t<meta property=\"og:image:width\" content=\"181\" \/>\n\t<meta property=\"og:image:height\" content=\"279\" \/>\n\t<meta property=\"og:image:type\" content=\"image\/jpeg\" \/>\n<meta name=\"twitter:card\" content=\"summary_large_image\" \/>\n<script type=\"application\/ld+json\" class=\"yoast-schema-graph\">{\"@context\":\"https:\\\/\\\/schema.org\",\"@graph\":[{\"@type\":\"WebPage\",\"@id\":\"https:\\\/\\\/skaitytaknyga.lt\\\/produktas\\\/vilniaus-meno-paminklai-patamsejimas-knygos-sone\\\/\",\"url\":\"https:\\\/\\\/skaitytaknyga.lt\\\/produktas\\\/vilniaus-meno-paminklai-patamsejimas-knygos-sone\\\/\",\"name\":\"Vilniaus meno paminklai (patams\u0117jimas knygos \u0161one) - Skaitytaknyga\",\"isPartOf\":{\"@id\":\"https:\\\/\\\/skaitytaknyga.lt\\\/#website\"},\"primaryImageOfPage\":{\"@id\":\"https:\\\/\\\/skaitytaknyga.lt\\\/produktas\\\/vilniaus-meno-paminklai-patamsejimas-knygos-sone\\\/#primaryimage\"},\"image\":{\"@id\":\"https:\\\/\\\/skaitytaknyga.lt\\\/produktas\\\/vilniaus-meno-paminklai-patamsejimas-knygos-sone\\\/#primaryimage\"},\"thumbnailUrl\":\"https:\\\/\\\/skaitytaknyga.lt\\\/wp-content\\\/uploads\\\/2024\\\/05\\\/atsisiusti-3.jpg\",\"datePublished\":\"2024-05-04T18:10:36+00:00\",\"dateModified\":\"2024-05-04T18:11:31+00:00\",\"description\":\"Turinys: Pratartis; Termin\u0173 paai\u0161kinimas; Bibliografija. GOTIKA: I. Bendrasis \u017evilgsnis; II. Gotikiniai paminklai; RENESANSAS: I. Bendrasis...; II. Renesanso.... BAROKAS: I. Bendrasis.... II. Baroko.... V\u0116LYVASIS BAROKAS IR ROKOKAS: I. Bendrasis... II. V\u0117lyvojo... NEOKLASICIZMAS; I. Bendrasis.... II. Neoklasicizmo.... Paminkl\u0173 adresai ir paveikslai. Su 70 paveiksl\u0173 pagal J. Bulhako ir kit\u0173 fotografijas (nespalvotos).\",\"breadcrumb\":{\"@id\":\"https:\\\/\\\/skaitytaknyga.lt\\\/produktas\\\/vilniaus-meno-paminklai-patamsejimas-knygos-sone\\\/#breadcrumb\"},\"inLanguage\":\"en-GB\",\"potentialAction\":[{\"@type\":\"ReadAction\",\"target\":[\"https:\\\/\\\/skaitytaknyga.lt\\\/produktas\\\/vilniaus-meno-paminklai-patamsejimas-knygos-sone\\\/\"]}]},{\"@type\":\"ImageObject\",\"inLanguage\":\"en-GB\",\"@id\":\"https:\\\/\\\/skaitytaknyga.lt\\\/produktas\\\/vilniaus-meno-paminklai-patamsejimas-knygos-sone\\\/#primaryimage\",\"url\":\"https:\\\/\\\/skaitytaknyga.lt\\\/wp-content\\\/uploads\\\/2024\\\/05\\\/atsisiusti-3.jpg\",\"contentUrl\":\"https:\\\/\\\/skaitytaknyga.lt\\\/wp-content\\\/uploads\\\/2024\\\/05\\\/atsisiusti-3.jpg\",\"width\":181,\"height\":279},{\"@type\":\"BreadcrumbList\",\"@id\":\"https:\\\/\\\/skaitytaknyga.lt\\\/produktas\\\/vilniaus-meno-paminklai-patamsejimas-knygos-sone\\\/#breadcrumb\",\"itemListElement\":[{\"@type\":\"ListItem\",\"position\":1,\"name\":\"Home\",\"item\":\"https:\\\/\\\/skaitytaknyga.lt\\\/\"},{\"@type\":\"ListItem\",\"position\":2,\"name\":\"Parduotuv\u0117\",\"item\":\"https:\\\/\\\/skaitytaknyga.lt\\\/knygu-parduotuve\\\/\"},{\"@type\":\"ListItem\",\"position\":3,\"name\":\"Vilniaus meno paminklai (patams\u0117jimas knygos \u0161one)\"}]},{\"@type\":\"WebSite\",\"@id\":\"https:\\\/\\\/skaitytaknyga.lt\\\/#website\",\"url\":\"https:\\\/\\\/skaitytaknyga.lt\\\/\",\"name\":\"skaitytaknyga.lt\",\"description\":\"Skaitytaknyga.lt \u2013 tai ma\u017eas \u0161eimos verslas, kuris prasid\u0117jo nuo meil\u0117s knygoms ir siekio i\u0161gelb\u0117ti knygas nuo likimo prie konteinerio. Kas vienam nereikalingas daiktas \u2013 kitam lobis, o mes esame tarpininkai, kurie padeda abiems tapti laimingesniems ???? \u017dinome kaip nelengva i\u0161gyventi ma\u017eiems verslams, tad nuo \u0161iol, \u010dia rasite ir kit\u0173, ma\u017e\u0173 \u0161eim\u0173 versl\u0173, rank\u0173 darbo, dovan\u0173 sau ir artimiesiems.\",\"publisher\":{\"@id\":\"https:\\\/\\\/skaitytaknyga.lt\\\/#organization\"},\"potentialAction\":[{\"@type\":\"SearchAction\",\"target\":{\"@type\":\"EntryPoint\",\"urlTemplate\":\"https:\\\/\\\/skaitytaknyga.lt\\\/?s={search_term_string}\"},\"query-input\":{\"@type\":\"PropertyValueSpecification\",\"valueRequired\":true,\"valueName\":\"search_term_string\"}}],\"inLanguage\":\"en-GB\"},{\"@type\":\"Organization\",\"@id\":\"https:\\\/\\\/skaitytaknyga.lt\\\/#organization\",\"name\":\"skaitytaknyga.lt\",\"url\":\"https:\\\/\\\/skaitytaknyga.lt\\\/\",\"logo\":{\"@type\":\"ImageObject\",\"inLanguage\":\"en-GB\",\"@id\":\"https:\\\/\\\/skaitytaknyga.lt\\\/#\\\/schema\\\/logo\\\/image\\\/\",\"url\":\"https:\\\/\\\/skaitytaknyga.lt\\\/wp-content\\\/uploads\\\/2024\\\/05\\\/cropped-cropped-cropped-02_00843_jt3bggkj1j3HLc7SyY6rEUpg.jpeg\",\"contentUrl\":\"https:\\\/\\\/skaitytaknyga.lt\\\/wp-content\\\/uploads\\\/2024\\\/05\\\/cropped-cropped-cropped-02_00843_jt3bggkj1j3HLc7SyY6rEUpg.jpeg\",\"width\":1600,\"height\":1600,\"caption\":\"skaitytaknyga.lt\"},\"image\":{\"@id\":\"https:\\\/\\\/skaitytaknyga.lt\\\/#\\\/schema\\\/logo\\\/image\\\/\"},\"sameAs\":[\"https:\\\/\\\/www.facebook.com\\\/skaitytaknyga\\\/\"]}]}<\/script>\n<!-- \/ Yoast SEO plugin. -->","yoast_head_json":{"title":"Vilniaus meno paminklai (patams\u0117jimas knygos \u0161one) - Skaitytaknyga","description":"Turinys: Pratartis; Termin\u0173 paai\u0161kinimas; Bibliografija. GOTIKA: I. Bendrasis \u017evilgsnis; II. Gotikiniai paminklai; RENESANSAS: I. Bendrasis...; II. Renesanso.... BAROKAS: I. Bendrasis.... II. Baroko.... V\u0116LYVASIS BAROKAS IR ROKOKAS: I. Bendrasis... II. V\u0117lyvojo... NEOKLASICIZMAS; I. Bendrasis.... II. Neoklasicizmo.... Paminkl\u0173 adresai ir paveikslai. Su 70 paveiksl\u0173 pagal J. Bulhako ir kit\u0173 fotografijas (nespalvotos).","robots":{"index":"index","follow":"follow","max-snippet":"max-snippet:-1","max-image-preview":"max-image-preview:large","max-video-preview":"max-video-preview:-1"},"canonical":"https:\/\/skaitytaknyga.lt\/en\/produktas\/vilniaus-meno-paminklai-patamsejimas-knygos-sone\/","og_locale":"en_GB","og_type":"article","og_title":"Vilniaus meno paminklai (patams\u0117jimas knygos \u0161one) - Skaitytaknyga","og_description":"Turinys: Pratartis; Termin\u0173 paai\u0161kinimas; Bibliografija. GOTIKA: I. Bendrasis \u017evilgsnis; II. Gotikiniai paminklai; RENESANSAS: I. Bendrasis...; II. Renesanso.... BAROKAS: I. Bendrasis.... II. Baroko.... V\u0116LYVASIS BAROKAS IR ROKOKAS: I. Bendrasis... II. V\u0117lyvojo... NEOKLASICIZMAS; I. Bendrasis.... II. Neoklasicizmo.... Paminkl\u0173 adresai ir paveikslai. Su 70 paveiksl\u0173 pagal J. Bulhako ir kit\u0173 fotografijas (nespalvotos).","og_url":"https:\/\/skaitytaknyga.lt\/en\/produktas\/vilniaus-meno-paminklai-patamsejimas-knygos-sone\/","og_site_name":"Skaitytaknyga","article_publisher":"https:\/\/www.facebook.com\/skaitytaknyga\/","article_modified_time":"2024-05-04T18:11:31+00:00","og_image":[{"width":181,"height":279,"url":"https:\/\/skaitytaknyga.lt\/wp-content\/uploads\/2024\/05\/atsisiusti-3.jpg","type":"image\/jpeg"}],"twitter_card":"summary_large_image","schema":{"@context":"https:\/\/schema.org","@graph":[{"@type":"WebPage","@id":"https:\/\/skaitytaknyga.lt\/produktas\/vilniaus-meno-paminklai-patamsejimas-knygos-sone\/","url":"https:\/\/skaitytaknyga.lt\/produktas\/vilniaus-meno-paminklai-patamsejimas-knygos-sone\/","name":"Vilniaus meno paminklai (patams\u0117jimas knygos \u0161one) - Skaitytaknyga","isPartOf":{"@id":"https:\/\/skaitytaknyga.lt\/#website"},"primaryImageOfPage":{"@id":"https:\/\/skaitytaknyga.lt\/produktas\/vilniaus-meno-paminklai-patamsejimas-knygos-sone\/#primaryimage"},"image":{"@id":"https:\/\/skaitytaknyga.lt\/produktas\/vilniaus-meno-paminklai-patamsejimas-knygos-sone\/#primaryimage"},"thumbnailUrl":"https:\/\/skaitytaknyga.lt\/wp-content\/uploads\/2024\/05\/atsisiusti-3.jpg","datePublished":"2024-05-04T18:10:36+00:00","dateModified":"2024-05-04T18:11:31+00:00","description":"Turinys: Pratartis; Termin\u0173 paai\u0161kinimas; Bibliografija. GOTIKA: I. Bendrasis \u017evilgsnis; II. Gotikiniai paminklai; RENESANSAS: I. Bendrasis...; II. Renesanso.... BAROKAS: I. Bendrasis.... II. Baroko.... V\u0116LYVASIS BAROKAS IR ROKOKAS: I. Bendrasis... II. V\u0117lyvojo... NEOKLASICIZMAS; I. Bendrasis.... II. Neoklasicizmo.... Paminkl\u0173 adresai ir paveikslai. Su 70 paveiksl\u0173 pagal J. Bulhako ir kit\u0173 fotografijas (nespalvotos).","breadcrumb":{"@id":"https:\/\/skaitytaknyga.lt\/produktas\/vilniaus-meno-paminklai-patamsejimas-knygos-sone\/#breadcrumb"},"inLanguage":"en-GB","potentialAction":[{"@type":"ReadAction","target":["https:\/\/skaitytaknyga.lt\/produktas\/vilniaus-meno-paminklai-patamsejimas-knygos-sone\/"]}]},{"@type":"ImageObject","inLanguage":"en-GB","@id":"https:\/\/skaitytaknyga.lt\/produktas\/vilniaus-meno-paminklai-patamsejimas-knygos-sone\/#primaryimage","url":"https:\/\/skaitytaknyga.lt\/wp-content\/uploads\/2024\/05\/atsisiusti-3.jpg","contentUrl":"https:\/\/skaitytaknyga.lt\/wp-content\/uploads\/2024\/05\/atsisiusti-3.jpg","width":181,"height":279},{"@type":"BreadcrumbList","@id":"https:\/\/skaitytaknyga.lt\/produktas\/vilniaus-meno-paminklai-patamsejimas-knygos-sone\/#breadcrumb","itemListElement":[{"@type":"ListItem","position":1,"name":"Home","item":"https:\/\/skaitytaknyga.lt\/"},{"@type":"ListItem","position":2,"name":"Parduotuv\u0117","item":"https:\/\/skaitytaknyga.lt\/knygu-parduotuve\/"},{"@type":"ListItem","position":3,"name":"Vilniaus meno paminklai (patams\u0117jimas knygos \u0161one)"}]},{"@type":"WebSite","@id":"https:\/\/skaitytaknyga.lt\/#website","url":"https:\/\/skaitytaknyga.lt\/","name":"skaitytaknyga.lt","description":"Skaitytaknyga.lt \u2013 tai ma\u017eas \u0161eimos verslas, kuris prasid\u0117jo nuo meil\u0117s knygoms ir siekio i\u0161gelb\u0117ti knygas nuo likimo prie konteinerio. Kas vienam nereikalingas daiktas \u2013 kitam lobis, o mes esame tarpininkai, kurie padeda abiems tapti laimingesniems ???? \u017dinome kaip nelengva i\u0161gyventi ma\u017eiems verslams, tad nuo \u0161iol, \u010dia rasite ir kit\u0173, ma\u017e\u0173 \u0161eim\u0173 versl\u0173, rank\u0173 darbo, dovan\u0173 sau ir artimiesiems.","publisher":{"@id":"https:\/\/skaitytaknyga.lt\/#organization"},"potentialAction":[{"@type":"SearchAction","target":{"@type":"EntryPoint","urlTemplate":"https:\/\/skaitytaknyga.lt\/?s={search_term_string}"},"query-input":{"@type":"PropertyValueSpecification","valueRequired":true,"valueName":"search_term_string"}}],"inLanguage":"en-GB"},{"@type":"Organization","@id":"https:\/\/skaitytaknyga.lt\/#organization","name":"skaitytaknyga.lt","url":"https:\/\/skaitytaknyga.lt\/","logo":{"@type":"ImageObject","inLanguage":"en-GB","@id":"https:\/\/skaitytaknyga.lt\/#\/schema\/logo\/image\/","url":"https:\/\/skaitytaknyga.lt\/wp-content\/uploads\/2024\/05\/cropped-cropped-cropped-02_00843_jt3bggkj1j3HLc7SyY6rEUpg.jpeg","contentUrl":"https:\/\/skaitytaknyga.lt\/wp-content\/uploads\/2024\/05\/cropped-cropped-cropped-02_00843_jt3bggkj1j3HLc7SyY6rEUpg.jpeg","width":1600,"height":1600,"caption":"skaitytaknyga.lt"},"image":{"@id":"https:\/\/skaitytaknyga.lt\/#\/schema\/logo\/image\/"},"sameAs":["https:\/\/www.facebook.com\/skaitytaknyga\/"]}]}},"_links":{"self":[{"href":"https:\/\/skaitytaknyga.lt\/en\/wp-json\/wp\/v2\/product\/10256","targetHints":{"allow":["GET"]}}],"collection":[{"href":"https:\/\/skaitytaknyga.lt\/en\/wp-json\/wp\/v2\/product"}],"about":[{"href":"https:\/\/skaitytaknyga.lt\/en\/wp-json\/wp\/v2\/types\/product"}],"replies":[{"embeddable":true,"href":"https:\/\/skaitytaknyga.lt\/en\/wp-json\/wp\/v2\/comments?post=10256"}],"wp:featuredmedia":[{"embeddable":true,"href":"https:\/\/skaitytaknyga.lt\/en\/wp-json\/wp\/v2\/media\/10299"}],"wp:attachment":[{"href":"https:\/\/skaitytaknyga.lt\/en\/wp-json\/wp\/v2\/media?parent=10256"}],"wp:term":[{"taxonomy":"product_brand","embeddable":true,"href":"https:\/\/skaitytaknyga.lt\/en\/wp-json\/wp\/v2\/product_brand?post=10256"},{"taxonomy":"product_cat","embeddable":true,"href":"https:\/\/skaitytaknyga.lt\/en\/wp-json\/wp\/v2\/product_cat?post=10256"},{"taxonomy":"product_tag","embeddable":true,"href":"https:\/\/skaitytaknyga.lt\/en\/wp-json\/wp\/v2\/product_tag?post=10256"}],"curies":[{"name":"wp","href":"https:\/\/api.w.org\/{rel}","templated":true}]}}